{"id":1392,"date":"2024-06-06T11:49:21","date_gmt":"2024-06-06T03:49:21","guid":{"rendered":"https:\/\/topfoodmachine.com\/?post_type=product&#038;p=1392"},"modified":"2024-06-06T13:58:00","modified_gmt":"2024-06-06T05:58:00","slug":"frying-machine-deep-fryer","status":"publish","type":"product","link":"https:\/\/topfoodmachine.com\/fr\/product\/frying-machine-deep-fryer\/","title":{"rendered":"Machine \u00e0 frire | Friteuse"},"content":{"rendered":"<div class=\"kk-star-ratings kksr-auto kksr-align-left kksr-valign-top\"     data-payload='{&quot;align&quot;:&quot;left&quot;,&quot;id&quot;:&quot;1392&quot;,&quot;slug&quot;:&quot;default&quot;,&quot;valign&quot;:&quot;top&quot;,&quot;ignore&quot;:&quot;&quot;,&quot;reference&quot;:&quot;auto&quot;,&quot;class&quot;:&quot;&quot;,&quot;count&quot;:&quot;26&quot;,&quot;legendonly&quot;:&quot;&quot;,&quot;readonly&quot;:&quot;&quot;,&quot;score&quot;:&quot;4.6&quot;,&quot;starsonly&quot;:&quot;&quot;,&quot;best&quot;:&quot;5&quot;,&quot;gap&quot;:&quot;5&quot;,&quot;greet&quot;:&quot;Rate this product&quot;,&quot;legend&quot;:&quot;4.6\\\/5 - (26 votes)&quot;,&quot;size&quot;:&quot;24&quot;,&quot;title&quot;:&quot;Frying machine | Deep fryer&quot;,&quot;width&quot;:&quot;130.9&quot;,&quot;_legend&quot;:&quot;{score}\\\/{best} - ({count} {votes})&quot;,&quot;font_factor&quot;:&quot;1.25&quot;}'>              <div class=\"kksr-stars\">      <div class=\"kksr-stars-inactive\">             <div class=\"kksr-star\" data-star=\"1\" style=\"padding-right: 5px\">               <div class=\"kksr-icon\" style=\"width: 24px; height: 24px;\"><\/div>         <\/div>             <div class=\"kksr-star\" data-star=\"2\" style=\"padding-right: 5px\">               <div class=\"kksr-icon\" style=\"width: 24px; height: 24px;\"><\/div>         <\/div>             <div class=\"kksr-star\" data-star=\"3\" style=\"padding-right: 5px\">               <div class=\"kksr-icon\" style=\"width: 24px; height: 24px;\"><\/div>         <\/div>             <div class=\"kksr-star\" data-star=\"4\" style=\"padding-right: 5px\">               <div class=\"kksr-icon\" style=\"width: 24px; height: 24px;\"><\/div>         <\/div>             <div class=\"kksr-star\" data-star=\"5\" style=\"padding-right: 5px\">               <div class=\"kksr-icon\" style=\"width: 24px; height: 24px;\"><\/div>         <\/div>     <\/div>      <div class=\"kksr-stars-active\" style=\"width: 130.9px;\">             <div class=\"kksr-star\" style=\"padding-right: 5px\">               <div class=\"kksr-icon\" style=\"width: 24px; height: 24px;\"><\/div>         <\/div>             <div class=\"kksr-star\" style=\"padding-right: 5px\">               <div class=\"kksr-icon\" style=\"width: 24px; height: 24px;\"><\/div>         <\/div>             <div class=\"kksr-star\" style=\"padding-right: 5px\">               <div class=\"kksr-icon\" style=\"width: 24px; height: 24px;\"><\/div>         <\/div>             <div class=\"kksr-star\" style=\"padding-right: 5px\">               <div class=\"kksr-icon\" style=\"width: 24px; height: 24px;\"><\/div>         <\/div>             <div class=\"kksr-star\" style=\"padding-right: 5px\">               <div class=\"kksr-icon\" style=\"width: 24px; height: 24px;\"><\/div>         <\/div>     <\/div> <\/div>                   <div class=\"kksr-legend\" style=\"font-size: 19.2px;\">             4,6\/5 - (26 votes)    <\/div>     <\/div>  <p>La machine \u00e0 frire est un \u00e9quipement de pr\u00e9paration de fast-food largement utilis\u00e9 dans l'industrie de la restauration et les usines de transformation alimentaire. Notre s\u00e9rie comprend trois mod\u00e8les : le type carr\u00e9 semi-automatique, le type pot rond et le type enti\u00e8rement automatique continu. Chaque mod\u00e8le peut \u00eatre personnalis\u00e9 avec des options de chauffage \u00e9lectrique ou \u00e0 gaz.<\/p>    <p>Avec une temp\u00e9rature maximale de 180 degr\u00e9s Celsius, nos friteuses garantissent un chauffage rapide et uniforme des ingr\u00e9dients, pr\u00e9servant leur go\u00fbt et leurs nutriments. Pour r\u00e9duire davantage le travail manuel, nous proposons l'option d'ajouter des tr\u00e9mies d'alimentation suppl\u00e9mentaires, prolongeant les cycles de production et diminuant le besoin d'intervention humaine, am\u00e9liorant ainsi l'efficacit\u00e9 de la production.<\/p>    <figure class=\"wp-block-image size-full\"><img loading=\"lazy\" decoding=\"async\" width=\"720\" height=\"540\" src=\"https:\/\/topfoodmachine.com\/wp-content\/uploads\/2024\/06\/automatic-deep-fryer.webp\" alt=\"friteuse automatique\" class=\"wp-image-1394\" srcset=\"https:\/\/topfoodmachine.com\/wp-content\/uploads\/2024\/06\/automatic-deep-fryer.webp 720w, https:\/\/topfoodmachine.com\/wp-content\/uploads\/2024\/06\/automatic-deep-fryer-300x225.webp 300w, https:\/\/topfoodmachine.com\/wp-content\/uploads\/2024\/06\/automatic-deep-fryer-16x12.webp 16w\" sizes=\"auto, (max-width: 720px) 100vw, 720px\" \/><figcaption class=\"wp-element-caption\">friteuse automatique<\/figcaption><\/figure>    <h2 class=\"wp-block-heading\"><strong>Machine \u00e0 frire diversifi\u00e9e pour vos besoins<\/strong><strong><\/strong><\/h2>    <p>Notre s\u00e9rie de friteuses se compose de trois types principaux : le type carr\u00e9 semi-automatique, le type pot rond et le type enti\u00e8rement automatique continu. Chaque type offre des caract\u00e9ristiques et des fonctionnalit\u00e9s uniques pour r\u00e9pondre aux diverses exigences des clients.<\/p>    <h3 class=\"wp-block-heading\"><strong>Type carr\u00e9 semi-automatique<\/strong><\/h3>    <div class=\"wp-block-media-text is-stacked-on-mobile\"><figure class=\"wp-block-media-text__media\"><img loading=\"lazy\" decoding=\"async\" width=\"720\" height=\"540\" src=\"https:\/\/topfoodmachine.com\/wp-content\/uploads\/2024\/06\/Semi-automatic-Square-Type-deep-frying-machine.webp\" alt=\"Machine \u00e0 friteuse semi-automatique de type carr\u00e9\" class=\"wp-image-1395 size-full\" srcset=\"https:\/\/topfoodmachine.com\/wp-content\/uploads\/2024\/06\/Semi-automatic-Square-Type-deep-frying-machine.webp 720w, https:\/\/topfoodmachine.com\/wp-content\/uploads\/2024\/06\/Semi-automatic-Square-Type-deep-frying-machine-300x225.webp 300w, https:\/\/topfoodmachine.com\/wp-content\/uploads\/2024\/06\/Semi-automatic-Square-Type-deep-frying-machine-16x12.webp 16w\" sizes=\"auto, (max-width: 720px) 100vw, 720px\" \/><\/figure><div class=\"wp-block-media-text__content\"> <p>Cette friteuse n\u00e9cessite une op\u00e9ration manuelle, offrant une interface conviviale pour g\u00e9rer le chargement et le retrait des ingr\u00e9dients, garantissant des processus de friture pr\u00e9cis et s\u00fbrs. <\/p>    <p>De plus, les paniers de friture sont facilement amovibles pour un nettoyage et un entretien pratiques.<\/p> <\/div><\/div>    <h3 class=\"wp-block-heading\"><strong>Type pot rond<\/strong><\/h3>    <div class=\"wp-block-media-text has-media-on-the-right is-stacked-on-mobile\"><div class=\"wp-block-media-text__content\"> <p>S'appuyant sur le type carr\u00e9 semi-automatique, la friteuse \u00e0 pot rond int\u00e8gre une fonction de m\u00e9lange pour un chauffage plus uniforme des ingr\u00e9dients. <\/p>    <p>De plus, elle dispose de capacit\u00e9s de distribution automatiques, am\u00e9liorant encore l'efficacit\u00e9 de la production.<\/p> <\/div><figure class=\"wp-block-media-text__media\"><img loading=\"lazy\" decoding=\"async\" width=\"720\" height=\"540\" src=\"https:\/\/topfoodmachine.com\/wp-content\/uploads\/2024\/06\/Round-Pot-Type-frying-machine.webp\" alt=\"Machine \u00e0 friteuse de type pot rond\" class=\"wp-image-1396 size-full\" srcset=\"https:\/\/topfoodmachine.com\/wp-content\/uploads\/2024\/06\/Round-Pot-Type-frying-machine.webp 720w, https:\/\/topfoodmachine.com\/wp-content\/uploads\/2024\/06\/Round-Pot-Type-frying-machine-300x225.webp 300w, https:\/\/topfoodmachine.com\/wp-content\/uploads\/2024\/06\/Round-Pot-Type-frying-machine-16x12.webp 16w\" sizes=\"auto, (max-width: 720px) 100vw, 720px\" \/><\/figure><\/div>    <h3 class=\"wp-block-heading\"><strong>Type enti\u00e8rement automatique continu<\/strong><\/h3>    <div class=\"wp-block-media-text is-stacked-on-mobile\"><figure class=\"wp-block-media-text__media\"><img loading=\"lazy\" decoding=\"async\" width=\"720\" height=\"540\" src=\"https:\/\/topfoodmachine.com\/wp-content\/uploads\/2024\/06\/Continuous-Fully-Automatic-Type-frying-machine.webp\" alt=\"Machine \u00e0 friteuse enti\u00e8rement automatique continue\" class=\"wp-image-1397 size-full\" srcset=\"https:\/\/topfoodmachine.com\/wp-content\/uploads\/2024\/06\/Continuous-Fully-Automatic-Type-frying-machine.webp 720w, https:\/\/topfoodmachine.com\/wp-content\/uploads\/2024\/06\/Continuous-Fully-Automatic-Type-frying-machine-300x225.webp 300w, https:\/\/topfoodmachine.com\/wp-content\/uploads\/2024\/06\/Continuous-Fully-Automatic-Type-frying-machine-16x12.webp 16w\" sizes=\"auto, (max-width: 720px) 100vw, 720px\" \/><\/figure><div class=\"wp-block-media-text__content\"> <p>\u00c9quip\u00e9e d'une structure de bande transporteuse, cette friteuse facilite le transport continu des ingr\u00e9dients, augmentant consid\u00e9rablement l'efficacit\u00e9 de la production. Le design de la bande transporteuse simplifie \u00e9galement les t\u00e2ches de nettoyage et d'entretien. <\/p>    <p>Ce mod\u00e8le offre des options de personnalisation pour la taille, le diam\u00e8tre des trous et la largeur afin de r\u00e9pondre \u00e0 des exigences de production sp\u00e9cifiques.<\/p> <\/div><\/div>    <h2 class=\"wp-block-heading\"><strong>Applications de la machine \u00e0 frire<\/strong><strong><\/strong><\/h2>    <p>La machine \u00e0 frire trouve des applications r\u00e9pandues dans divers environnements, en particulier dans l'industrie de la restauration et les secteurs de transformation alimentaire. <\/p>    <p>Dans les restaurants et les points de vente de restauration rapide, la machine \u00e0 frire est un \u00e9quipement vital pour pr\u00e9parer une vari\u00e9t\u00e9 de plats frits tels que des frites, des nuggets de poulet, des filets de poisson, et plus encore. Son chauffage rapide et sa capacit\u00e9 de production efficace permettent aux \u00e9tablissements de r\u00e9pondre rapidement aux demandes des clients, offrant des d\u00e9lices croustillants et dor\u00e9s.<\/p>    <p>Dans les usines de transformation alimentaire, la machine \u00e0 frire joue \u00e9galement un r\u00f4le crucial. Elle est utilis\u00e9e pour la production \u00e0 grande \u00e9chelle d'articles alimentaires frits, y compris des aliments congel\u00e9s et des collations. Ses caract\u00e9ristiques personnalisables permettent aux fabricants d'ajuster la production en fonction des demandes du march\u00e9 et des sp\u00e9cifications des produits, r\u00e9pondant ainsi \u00e0 diverses exigences des clients.<\/p>    <figure class=\"wp-block-image size-full\"><img loading=\"lazy\" decoding=\"async\" width=\"720\" height=\"540\" src=\"https:\/\/topfoodmachine.com\/wp-content\/uploads\/2024\/06\/commercial-deep-fryer.webp\" alt=\"friteuse commerciale\" class=\"wp-image-1398\" srcset=\"https:\/\/topfoodmachine.com\/wp-content\/uploads\/2024\/06\/commercial-deep-fryer.webp 720w, https:\/\/topfoodmachine.com\/wp-content\/uploads\/2024\/06\/commercial-deep-fryer-300x225.webp 300w, https:\/\/topfoodmachine.com\/wp-content\/uploads\/2024\/06\/commercial-deep-fryer-16x12.webp 16w\" sizes=\"auto, (max-width: 720px) 100vw, 720px\" \/><figcaption class=\"wp-element-caption\">friteuse commerciale<\/figcaption><\/figure>    <p>De plus, les machines \u00e0 frire sont couramment vues lors d'\u00e9v\u00e9nements \u00e0 grande \u00e9chelle et de banquets. Elles facilitent la pr\u00e9paration rapide de grandes quantit\u00e9s d'aliments frits, offrant aux participants de d\u00e9licieuses options de collations et am\u00e9liorant la vitalit\u00e9 et le plaisir de l'occasion.<\/p>    <p>Dans l'ensemble, les machines \u00e0 frire sont polyvalentes dans divers environnements, que ce soit dans des \u00e9tablissements de petite taille ou dans de grandes usines, tirant parti de leur efficacit\u00e9 et de leur rapidit\u00e9 pour fournir des aliments frits de haute qualit\u00e9 aux consommateurs.<\/p>    <h2 class=\"wp-block-heading\"><strong>Avantages d'acheter la friteuse<\/strong>machine \u00e0 frire<\/h2>    <figure class=\"wp-block-image size-full\"><img loading=\"lazy\" decoding=\"async\" width=\"720\" height=\"540\" src=\"https:\/\/topfoodmachine.com\/wp-content\/uploads\/2024\/06\/details-of-frying-machine.webp\" alt=\"d\u00e9tails de la machine \u00e0 frire\" class=\"wp-image-1399\" srcset=\"https:\/\/topfoodmachine.com\/wp-content\/uploads\/2024\/06\/details-of-frying-machine.webp 720w, https:\/\/topfoodmachine.com\/wp-content\/uploads\/2024\/06\/details-of-frying-machine-300x225.webp 300w, https:\/\/topfoodmachine.com\/wp-content\/uploads\/2024\/06\/details-of-frying-machine-16x12.webp 16w\" sizes=\"auto, (max-width: 720px) 100vw, 720px\" \/><figcaption class=\"wp-element-caption\">d\u00e9tails de la machine \u00e0 frire<\/figcaption><\/figure>    <ul class=\"wp-block-list\"> <li>Efficacit\u00e9 de production am\u00e9lior\u00e9e : Les friteuses peuvent chauffer et traiter rapidement et continuellement les ingr\u00e9dients, am\u00e9liorant consid\u00e9rablement l'efficacit\u00e9 de la production alimentaire. Par rapport \u00e0 la friture manuelle, les friteuses peuvent produire efficacement de grandes quantit\u00e9s de nourriture en peu de temps, \u00e9conomisant ainsi sur les co\u00fbts de main-d'\u0153uvre et de temps.<\/li>    <li>Qualit\u00e9 des aliments maintenue : Les friteuses permettent un contr\u00f4le pr\u00e9cis de la temp\u00e9rature de l'huile et du temps de friture, garantissant que les aliments sont chauff\u00e9s uniform\u00e9ment et pr\u00e9servant leur go\u00fbt, leur couleur et leurs nutriments. Cela contribue \u00e0 fournir des aliments frits de haute qualit\u00e9 qui r\u00e9pondent aux pr\u00e9f\u00e9rences gustatives des consommateurs.<\/li>    <li>Options de menu \u00e9largies : Les friteuses peuvent pr\u00e9parer une large vari\u00e9t\u00e9 d'aliments frits, y compris des frites, des nuggets de poulet, des filets de poisson, des rouleaux de printemps, et plus encore. L'achat d'une friteuse peut \u00e9largir les options de menu pour les restaurants ou les installations de transformation alimentaire, attirant ainsi plus de clients et augmentant les ventes.<\/li>    <li>Normes de s\u00e9curit\u00e9 et d'hygi\u00e8ne am\u00e9lior\u00e9es : Les friteuses disposent d'un contr\u00f4le pr\u00e9cis de la temp\u00e9rature et de fonctions de protection de s\u00e9curit\u00e9, r\u00e9duisant le risque d'accidents pendant la friture. De plus, le design des friteuses facilite le nettoyage et l'entretien, am\u00e9liorant les normes d'hygi\u00e8ne et garantissant la s\u00e9curit\u00e9 alimentaire.<\/li> <\/ul>    <figure class=\"wp-block-image size-large\"><img loading=\"lazy\" decoding=\"async\" width=\"720\" height=\"540\" src=\"https:\/\/topfoodmachine.com\/wp-content\/uploads\/2024\/06\/Frying-machine-with-good-price.webp\" alt=\"machine \u00e0 frire \u00e0 bon prix\" class=\"wp-image-1402\" srcset=\"https:\/\/topfoodmachine.com\/wp-content\/uploads\/2024\/06\/Frying-machine-with-good-price.webp 720w, https:\/\/topfoodmachine.com\/wp-content\/uploads\/2024\/06\/Frying-machine-with-good-price-300x225.webp 300w, https:\/\/topfoodmachine.com\/wp-content\/uploads\/2024\/06\/Frying-machine-with-good-price-16x12.webp 16w\" sizes=\"auto, (max-width: 720px) 100vw, 720px\" \/><figcaption class=\"wp-element-caption\">machine \u00e0 frire \u00e0 bon prix<\/figcaption><\/figure>    <h2 class=\"wp-block-heading\">Param\u00e8tres de <a href=\"https:\/\/en.wikipedia.org\/wiki\/Frying\" data-type=\"link\" data-id=\"https:\/\/en.wikipedia.org\/wiki\/Frying\" target=\"_blank\" rel=\"noopener\">friture<\/a> machine \u00e0 vendre<\/h2>    <figure class=\"wp-block-table\"><table><tbody><tr><td>MOD\u00c8LE<\/td><td>PUISSANCE<br>\uff08kW\uff09<\/td><td>DIMENSION<br>\uff08longueur\u00d7largeur\u00d7hauteur\uff09 \uff08mm\uff09<\/td><td>DIMENSION DU R\u00c9SERVOIR DE FRITURE<br>\uff08longueur\u00d7largeur\u00d7hauteur\uff09 \uff08mm\uff09<\/td><td>CAPACIT\u00c9 D'HUILE<br>\uff08Kg\uff09<\/td><\/tr><tr><td>KS-400<\/td><td>6<\/td><td>480\u00d7640\u00d7900<\/td><td>400\u00d7440\u00d7280<\/td><td>28<\/td><\/tr><tr><td>KS-500<\/td><td>6\/9<\/td><td>580\u00d7640\u00d7900<\/td><td>500\u00d7440\u00d7280<\/td><td>35<\/td><\/tr><tr><td>KS-600<\/td><td>12<\/td><td>680\u00d7640\u00d7900<\/td><td>600\u00d7440\u00d7280<\/td><td>40<\/td><\/tr><tr><td>KS-650<\/td><td>12<\/td><td>730\u00d7640\u00d7840<\/td><td>650\u00d7440\u00d7280<\/td><td>45<\/td><\/tr><tr><td>KS-750S\uff08dual-tank\uff09<\/td><td>4.5\/6.0<\/td><td>840\u00d7640\u00d7900<\/td><td>300\/450\u00d7440\u00d7260<\/td><td>20\/32<\/td><\/tr><tr><td>KS-800<\/td><td>15<\/td><td>880\u00d7640\u00d7900<\/td><td>800\u00d7440\u00d7280<\/td><td>55<\/td><\/tr><tr><td>KS-850<\/td><td>15\/18<\/td><td>930\u00d7640\u00d7900<\/td><td>850\u00d7440\u00d7280<\/td><td>58<\/td><\/tr><tr><td>KS-1000<\/td><td>18\/24<\/td><td>1080\u00d7650\u00d7950<\/td><td>1000\u00d7450\u00d7300<\/td><td>70<\/td><\/tr><tr><td>KS-1200<\/td><td>24\/36<\/td><td>1280\u00d7750\u00d71200<\/td><td>1200\u00d7550\u00d7260<\/td><td>88<\/td><\/tr><tr><td>KS-1500<\/td><td>36<\/td><td>1580\u00d7650\u00d7950<\/td><td>1500\u00d7450\u00d7300<\/td><td>100<\/td><\/tr><tr><td>KS-2000<\/td><td>48<\/td><td>2080\u00d7600\u00d7950<\/td><td>2000\u00d7500\u00d7300<\/td><td>166<\/td><\/tr><tr><td>KS-3000<\/td><td>72<\/td><td>3160\u00d7760\u00d71050<\/td><td>3000\u00d7600\u00d7400<\/td><td>400<\/td><\/tr><\/tbody><\/table><figcaption class=\"wp-element-caption\">param\u00e8tres de la machine \u00e0 friteuse profonde<\/figcaption><\/figure>    <figure class=\"wp-block-gallery has-nested-images columns-default is-cropped wp-block-gallery-2 is-layout-flex wp-block-gallery-is-layout-flex\"> <figure class=\"wp-block-image size-large\"><img loading=\"lazy\" decoding=\"async\" width=\"720\" height=\"540\" data-id=\"1400\" src=\"https:\/\/topfoodmachine.com\/wp-content\/uploads\/2024\/06\/fryer-machine-for-business.webp\" alt=\"machine \u00e0 friteuse pour les affaires\" class=\"wp-image-1400\" srcset=\"https:\/\/topfoodmachine.com\/wp-content\/uploads\/2024\/06\/fryer-machine-for-business.webp 720w, https:\/\/topfoodmachine.com\/wp-content\/uploads\/2024\/06\/fryer-machine-for-business-300x225.webp 300w, https:\/\/topfoodmachine.com\/wp-content\/uploads\/2024\/06\/fryer-machine-for-business-16x12.webp 16w\" sizes=\"auto, (max-width: 720px) 100vw, 720px\" \/><figcaption class=\"wp-element-caption\">machine \u00e0 friteuse pour les affaires<\/figcaption><\/figure>    <figure class=\"wp-block-image size-large\"><img loading=\"lazy\" decoding=\"async\" width=\"720\" height=\"540\" data-id=\"1401\" src=\"https:\/\/topfoodmachine.com\/wp-content\/uploads\/2024\/06\/Frying-machine-for-sale.webp\" alt=\"Machine \u00e0 friteuse \u00e0 vendre\" class=\"wp-image-1401\" srcset=\"https:\/\/topfoodmachine.com\/wp-content\/uploads\/2024\/06\/Frying-machine-for-sale.webp 720w, https:\/\/topfoodmachine.com\/wp-content\/uploads\/2024\/06\/Frying-machine-for-sale-300x225.webp 300w, https:\/\/topfoodmachine.com\/wp-content\/uploads\/2024\/06\/Frying-machine-for-sale-16x12.webp 16w\" sizes=\"auto, (max-width: 720px) 100vw, 720px\" \/><figcaption class=\"wp-element-caption\">Machine \u00e0 friteuse \u00e0 vendre<\/figcaption><\/figure> <\/figure>    <h2 class=\"wp-block-heading\"><strong>Contactez-nous !<\/strong><\/h2>    <p>Alors que vous envisagez vos projets culinaires, notre machine \u00e0 friteuse profonde est pr\u00eate \u00e0 \u00e9lever votre exp\u00e9rience de friture \u00e0 de nouveaux sommets. <\/p>    <p>Avec son efficacit\u00e9 in\u00e9gal\u00e9e, son contr\u00f4le pr\u00e9cis et son engagement envers la qualit\u00e9, notre friteuse profonde garantit que chaque cr\u00e9ation croustillante ravit le palais et laisse une impression durable.<\/p>    <p>Contactez-nous maintenant pour vous renseigner sur notre machine \u00e0 friteuse profonde et d\u00e9couvrez comment elle peut r\u00e9volutionner vos op\u00e9rations en cuisine.<\/p>","protected":false},"excerpt":{"rendered":"<p>La machine \u00e0 frire est un \u00e9quipement de pr\u00e9paration de fast-food largement utilis\u00e9 dans l'industrie de la restauration et les usines de transformation alimentaire.<\/p>","protected":false},"author":1,"featured_media":1393,"parent":0,"template":"","tags":[44,43],"product-type":[4],"class_list":["post-1392","product","type-product","status-publish","has-post-thumbnail","hentry","tag-fryer","tag-frying-machine","product-type-frying-equipment"],"_links":{"self":[{"href":"https:\/\/topfoodmachine.com\/fr\/wp-json\/wp\/v2\/product\/1392","targetHints":{"allow":["GET"]}}],"collection":[{"href":"https:\/\/topfoodmachine.com\/fr\/wp-json\/wp\/v2\/product"}],"about":[{"href":"https:\/\/topfoodmachine.com\/fr\/wp-json\/wp\/v2\/types\/product"}],"author":[{"embeddable":true,"href":"https:\/\/topfoodmachine.com\/fr\/wp-json\/wp\/v2\/users\/1"}],"wp:featuredmedia":[{"embeddable":true,"href":"https:\/\/topfoodmachine.com\/fr\/wp-json\/wp\/v2\/media\/1393"}],"wp:attachment":[{"href":"https:\/\/topfoodmachine.com\/fr\/wp-json\/wp\/v2\/media?parent=1392"}],"wp:term":[{"taxonomy":"post_tag","embeddable":true,"href":"https:\/\/topfoodmachine.com\/fr\/wp-json\/wp\/v2\/tags?post=1392"},{"taxonomy":"product-type","embeddable":true,"href":"https:\/\/topfoodmachine.com\/fr\/wp-json\/wp\/v2\/product-type?post=1392"}],"curies":[{"name":"wp","href":"https:\/\/api.w.org\/{rel}","templated":true}]}}