{"id":1373,"date":"2024-05-24T15:08:47","date_gmt":"2024-05-24T07:08:47","guid":{"rendered":"https:\/\/topfoodmachine.com\/?post_type=product&#038;p=1373"},"modified":"2024-05-24T15:08:48","modified_gmt":"2024-05-24T07:08:48","slug":"onion-root-cutting-machine","status":"publish","type":"product","link":"https:\/\/topfoodmachine.com\/fr\/product\/onion-root-cutting-machine\/","title":{"rendered":"machine \u00e0 couper les racines d'oignon"},"content":{"rendered":"<div class=\"kk-star-ratings kksr-auto kksr-align-left kksr-valign-top\"     data-payload='{&quot;align&quot;:&quot;left&quot;,&quot;id&quot;:&quot;1373&quot;,&quot;slug&quot;:&quot;default&quot;,&quot;valign&quot;:&quot;top&quot;,&quot;ignore&quot;:&quot;&quot;,&quot;reference&quot;:&quot;auto&quot;,&quot;class&quot;:&quot;&quot;,&quot;count&quot;:&quot;12&quot;,&quot;legendonly&quot;:&quot;&quot;,&quot;readonly&quot;:&quot;&quot;,&quot;score&quot;:&quot;4.7&quot;,&quot;starsonly&quot;:&quot;&quot;,&quot;best&quot;:&quot;5&quot;,&quot;gap&quot;:&quot;5&quot;,&quot;greet&quot;:&quot;Rate this product&quot;,&quot;legend&quot;:&quot;4.7\\\/5 - (12 votes)&quot;,&quot;size&quot;:&quot;24&quot;,&quot;title&quot;:&quot;Onion root cutting machine&quot;,&quot;width&quot;:&quot;133.8&quot;,&quot;_legend&quot;:&quot;{score}\\\/{best} - ({count} {votes})&quot;,&quot;font_factor&quot;:&quot;1.25&quot;}'>              <div class=\"kksr-stars\">      <div class=\"kksr-stars-inactive\">             <div class=\"kksr-star\" data-star=\"1\" style=\"padding-right: 5px\">               <div class=\"kksr-icon\" style=\"width: 24px; height: 24px;\"><\/div>         <\/div>             <div class=\"kksr-star\" data-star=\"2\" style=\"padding-right: 5px\">               <div class=\"kksr-icon\" style=\"width: 24px; height: 24px;\"><\/div>         <\/div>             <div class=\"kksr-star\" data-star=\"3\" style=\"padding-right: 5px\">               <div class=\"kksr-icon\" style=\"width: 24px; height: 24px;\"><\/div>         <\/div>             <div class=\"kksr-star\" data-star=\"4\" style=\"padding-right: 5px\">               <div class=\"kksr-icon\" style=\"width: 24px; height: 24px;\"><\/div>         <\/div>             <div class=\"kksr-star\" data-star=\"5\" style=\"padding-right: 5px\">               <div class=\"kksr-icon\" style=\"width: 24px; height: 24px;\"><\/div>         <\/div>     <\/div>      <div class=\"kksr-stars-active\" style=\"width: 133.8px;\">             <div class=\"kksr-star\" style=\"padding-right: 5px\">               <div class=\"kksr-icon\" style=\"width: 24px; height: 24px;\"><\/div>         <\/div>             <div class=\"kksr-star\" style=\"padding-right: 5px\">               <div class=\"kksr-icon\" style=\"width: 24px; height: 24px;\"><\/div>         <\/div>             <div class=\"kksr-star\" style=\"padding-right: 5px\">               <div class=\"kksr-icon\" style=\"width: 24px; height: 24px;\"><\/div>         <\/div>             <div class=\"kksr-star\" style=\"padding-right: 5px\">               <div class=\"kksr-icon\" style=\"width: 24px; height: 24px;\"><\/div>         <\/div>             <div class=\"kksr-star\" style=\"padding-right: 5px\">               <div class=\"kksr-icon\" style=\"width: 24px; height: 24px;\"><\/div>         <\/div>     <\/div> <\/div>                   <div class=\"kksr-legend\" style=\"font-size: 19.2px;\">             4,7\/5 - (12 votes)    <\/div>     <\/div>  <p>Notre machine \u00e0 couper les racines d'oignon est con\u00e7ue pour r\u00e9pondre aux pr\u00e9occupations d'efficacit\u00e9 et de co\u00fbt dans l'industrie de transformation des oignons. <\/p>    <p>En utilisant une technologie de coupe avanc\u00e9e, cette machine peut couper simultan\u00e9ment les racines et les tiges des oignons, permettant un traitement complet.<\/p>    <figure class=\"wp-block-image size-full\"><img loading=\"lazy\" decoding=\"async\" width=\"720\" height=\"540\" src=\"https:\/\/topfoodmachine.com\/wp-content\/uploads\/2024\/05\/Onion-root-cutting-machine.webp\" alt=\"machine \u00e0 couper les racines d&#039;oignon\" class=\"wp-image-1380\" srcset=\"https:\/\/topfoodmachine.com\/wp-content\/uploads\/2024\/05\/Onion-root-cutting-machine.webp 720w, https:\/\/topfoodmachine.com\/wp-content\/uploads\/2024\/05\/Onion-root-cutting-machine-300x225.webp 300w, https:\/\/topfoodmachine.com\/wp-content\/uploads\/2024\/05\/Onion-root-cutting-machine-16x12.webp 16w\" sizes=\"auto, (max-width: 720px) 100vw, 720px\" \/><figcaption class=\"wp-element-caption\">machine \u00e0 couper les racines d'oignon<\/figcaption><\/figure>    <h2 class=\"wp-block-heading\">Quels mat\u00e9riaux sont adapt\u00e9s \u00e0 la machine de s\u00e9paration des racines d'oignon ?<\/h2>    <p>Notre machine \u00e0 couper les racines d'oignon est principalement con\u00e7ue pour le traitement des oignons mais peut \u00e9galement traiter d'autres l\u00e9gumes racines ayant des caract\u00e9ristiques similaires, tels que l'ail, les \u00e9chalotes, les radis et les navets. Son design adaptable garantit une coupe efficace et pr\u00e9cise de diverses tailles et formes d'oignons, r\u00e9pondant aux besoins divers de l'industrie de transformation alimentaire. <\/p>    <p>De plus, la machine peut \u00eatre personnalis\u00e9e pour s'adapter \u00e0 des exigences de traitement sp\u00e9cifiques, offrant des solutions sur mesure pour nos clients.<\/p>    <figure class=\"wp-block-gallery has-nested-images columns-default is-cropped wp-block-gallery-2 is-layout-flex wp-block-gallery-is-layout-flex\"> <figure class=\"wp-block-image size-large\"><img loading=\"lazy\" decoding=\"async\" width=\"720\" height=\"540\" data-id=\"1374\" src=\"https:\/\/topfoodmachine.com\/wp-content\/uploads\/2024\/05\/finished-products-of-onion-cutter-machine.webp\" alt=\"produits finis de la machine \u00e0 couper les oignons\" class=\"wp-image-1374\" srcset=\"https:\/\/topfoodmachine.com\/wp-content\/uploads\/2024\/05\/finished-products-of-onion-cutter-machine.webp 720w, https:\/\/topfoodmachine.com\/wp-content\/uploads\/2024\/05\/finished-products-of-onion-cutter-machine-300x225.webp 300w, https:\/\/topfoodmachine.com\/wp-content\/uploads\/2024\/05\/finished-products-of-onion-cutter-machine-16x12.webp 16w\" sizes=\"auto, (max-width: 720px) 100vw, 720px\" \/><figcaption class=\"wp-element-caption\">produits finis de la machine \u00e0 couper les oignons<\/figcaption><\/figure>    <figure class=\"wp-block-image size-large\"><img loading=\"lazy\" decoding=\"async\" width=\"720\" height=\"540\" data-id=\"1375\" src=\"https:\/\/topfoodmachine.com\/wp-content\/uploads\/2024\/05\/onion.webp\" alt=\"oignon\" class=\"wp-image-1375\" srcset=\"https:\/\/topfoodmachine.com\/wp-content\/uploads\/2024\/05\/onion.webp 720w, https:\/\/topfoodmachine.com\/wp-content\/uploads\/2024\/05\/onion-300x225.webp 300w, https:\/\/topfoodmachine.com\/wp-content\/uploads\/2024\/05\/onion-16x12.webp 16w\" sizes=\"auto, (max-width: 720px) 100vw, 720px\" \/><figcaption class=\"wp-element-caption\">oignon<\/figcaption><\/figure> <\/figure>    <h2 class=\"wp-block-heading\">Principaux avantages de la machine \u00e0 couper les racines d'oignon<\/h2>    <p>Notre machine \u00e0 couper les racines d'oignon offre une polyvalence in\u00e9gal\u00e9e, traitant des oignons d'une taille minimale de 5 centim\u00e8tres \u00e0 des plus grands sans limitation. <\/p>    <p>Cela simplifie l'op\u00e9ration en exigeant que les oignons soient plac\u00e9s sur le c\u00f4t\u00e9, r\u00e9duisant ainsi le temps de formation des op\u00e9rateurs. Construit avec des mat\u00e9riaux de haute qualit\u00e9, y compris un m\u00e9canisme de coupe sp\u00e9cialement trait\u00e9, il garantit durabilit\u00e9 et entretien minimal. <\/p>    <p>De plus, ses moteurs \u00e9co\u00e9nerg\u00e9tiques contribuent aux \u00e9conomies de co\u00fbts et aux efforts de durabilit\u00e9. En r\u00e9sum\u00e9, notre machine combine polyvalence, facilit\u00e9 d'utilisation, durabilit\u00e9 et efficacit\u00e9 \u00e9nerg\u00e9tique pour r\u00e9pondre aux divers besoins de l'industrie de transformation des oignons.<\/p>    <figure class=\"wp-block-image size-full\"><img loading=\"lazy\" decoding=\"async\" width=\"720\" height=\"540\" src=\"https:\/\/topfoodmachine.com\/wp-content\/uploads\/2024\/05\/garlic-root-cutter.webp\" alt=\"coupeur de racines d&#039;ail\" class=\"wp-image-1376\" srcset=\"https:\/\/topfoodmachine.com\/wp-content\/uploads\/2024\/05\/garlic-root-cutter.webp 720w, https:\/\/topfoodmachine.com\/wp-content\/uploads\/2024\/05\/garlic-root-cutter-300x225.webp 300w, https:\/\/topfoodmachine.com\/wp-content\/uploads\/2024\/05\/garlic-root-cutter-16x12.webp 16w\" sizes=\"auto, (max-width: 720px) 100vw, 720px\" \/><figcaption class=\"wp-element-caption\">coupeur de racines d'ail<\/figcaption><\/figure>    <h2 class=\"wp-block-heading\">Param\u00e8tres de la machine \u00e0 couper les racines d'oignon<\/h2>    <figure class=\"wp-block-table\"><table><tbody><tr><td>Capacit\u00e9<\/td><td>500kg\/heure<\/td><\/tr><tr><td>Tension<\/td><td>380v<\/td><\/tr><tr><td>Pouvoir<\/td><td>1,5 kW<\/td><\/tr><tr><td>Taille<\/td><td>280*81*150cm<\/td><\/tr><tr><td>Poids<\/td><td>60 kg<\/td><\/tr><\/tbody><\/table><figcaption class=\"wp-element-caption\">param\u00e8tres de la machine \u00e0 couper les racines d'oignon<\/figcaption><\/figure>    <h2 class=\"wp-block-heading\">\u00c9quipements de soutien de la machine \u00e0 couper les racines d'ail<\/h2>    <figure class=\"wp-block-image size-full\"><img loading=\"lazy\" decoding=\"async\" width=\"720\" height=\"540\" src=\"https:\/\/topfoodmachine.com\/wp-content\/uploads\/2024\/05\/garlic-root-cutting-machine-1.webp\" alt=\"machine \u00e0 couper les racines d&#039;ail\" class=\"wp-image-1377\" srcset=\"https:\/\/topfoodmachine.com\/wp-content\/uploads\/2024\/05\/garlic-root-cutting-machine-1.webp 720w, https:\/\/topfoodmachine.com\/wp-content\/uploads\/2024\/05\/garlic-root-cutting-machine-1-300x225.webp 300w, https:\/\/topfoodmachine.com\/wp-content\/uploads\/2024\/05\/garlic-root-cutting-machine-1-16x12.webp 16w\" sizes=\"auto, (max-width: 720px) 100vw, 720px\" \/><figcaption class=\"wp-element-caption\">machine \u00e0 couper les racines d'ail<\/figcaption><\/figure>    <p class=\"translation-block\">Notre machine \u00e0 couper les racines d'ail traite non seulement efficacement de grandes quantit\u00e9s d'ail, mais s'int\u00e8gre \u00e9galement parfaitement avec notre <a href=\"https:\/\/topfoodmachine.com\/fr\/product\/garlic-bulb-separating-machine\/\" data-type=\"link\" data-id=\"https:\/\/topfoodmachine.com\/product\/garlic-bulb-separating-machine\/\">Machine de s\u00e9paration des bulbes d'ail<\/a> pour un traitement ult\u00e9rieur apr\u00e8s utilisation. Cette combinaison compl\u00e8te efficacement les t\u00e2ches de s\u00e9paration et de traitement, offrant une solution compl\u00e8te pour votre ligne de production.<\/p>    <p class=\"translation-block\">De plus, si votre mati\u00e8re premi\u00e8re est des oignons, notre machine \u00e0 couper les racines d'oignon offre une polyvalence similaire. Apr\u00e8s avoir utilis\u00e9 la machine \u00e0 couper les racines d'oignon, vous pouvez la compl\u00e9ter avec notre <a href=\"https:\/\/topfoodmachine.com\/fr\/product\/onion-peeling-machine\/\" data-type=\"link\" data-id=\"https:\/\/topfoodmachine.com\/product\/onion-peeling-machine\/\">Machine \u00e0 \u00e9plucher les oignons<\/a> ou <a href=\"https:\/\/topfoodmachine.com\/fr\/product\/automatic-vegetable-dicing-machine\/\" data-type=\"link\" data-id=\"https:\/\/topfoodmachine.com\/product\/automatic-vegetable-dicing-machine\/\">Machine \u00e0 couper les l\u00e9gumes en d\u00e9s<\/a> pour un traitement ult\u00e9rieur. <\/p>    <p>Ces dispositifs compl\u00e9mentaires am\u00e9liorent consid\u00e9rablement l'efficacit\u00e9 de production, garantissent le bon fonctionnement de la ligne de production et livrent des produits finis de haute qualit\u00e9.<\/p>    <h2 class=\"wp-block-heading\">Contactez-nous<\/h2>    <figure class=\"wp-block-image size-full\"><img loading=\"lazy\" decoding=\"async\" width=\"720\" height=\"540\" src=\"https:\/\/topfoodmachine.com\/wp-content\/uploads\/2024\/05\/onion-root-cutter.webp\" alt=\"coupeur de racines d&#039;oignon\" class=\"wp-image-1378\" srcset=\"https:\/\/topfoodmachine.com\/wp-content\/uploads\/2024\/05\/onion-root-cutter.webp 720w, https:\/\/topfoodmachine.com\/wp-content\/uploads\/2024\/05\/onion-root-cutter-300x225.webp 300w, https:\/\/topfoodmachine.com\/wp-content\/uploads\/2024\/05\/onion-root-cutter-16x12.webp 16w\" sizes=\"auto, (max-width: 720px) 100vw, 720px\" \/><figcaption class=\"wp-element-caption\">coupeur de racines d'oignon<\/figcaption><\/figure>    <p class=\"translation-block\">Faites de notre <a href=\"https:\/\/en.wikipedia.org\/wiki\/Onion\" data-type=\"link\" data-id=\"https:\/\/en.wikipedia.org\/wiki\/Onion\" target=\"_blank\" rel=\"noopener\">coupe-racines d'oignon<\/a> votre alli\u00e9 de confiance pour rationaliser vos op\u00e9rations de transformation, am\u00e9liorer la productivit\u00e9, r\u00e9duire les co\u00fbts et garantir une qualit\u00e9 de produit de premier ordre. <\/p>    <p>Que vous soyez engag\u00e9 dans une production \u00e0 grande \u00e9chelle ou un traitement personnalis\u00e9, notre machine est con\u00e7ue pour r\u00e9pondre \u00e0 vos besoins. Contactez-nous maintenant pour en savoir plus et commencez \u00e0 optimiser votre ligne de production d\u00e8s aujourd'hui !<\/p>    <p><\/p>","protected":false},"excerpt":{"rendered":"<p>Notre machine \u00e0 couper les racines d'oignon est con\u00e7ue pour r\u00e9pondre aux pr\u00e9occupations d'efficacit\u00e9 et de co\u00fbt dans l'industrie de transformation des oignons. <\/p>","protected":false},"author":1,"featured_media":1382,"parent":0,"template":"","tags":[39,40,38,41],"product-type":[3],"class_list":["post-1373","product","type-product","status-publish","has-post-thumbnail","hentry","tag-cutting","tag-foodmachine","tag-onion","tag-root","product-type-fruit-vegetable-processing-machine"],"_links":{"self":[{"href":"https:\/\/topfoodmachine.com\/fr\/wp-json\/wp\/v2\/product\/1373","targetHints":{"allow":["GET"]}}],"collection":[{"href":"https:\/\/topfoodmachine.com\/fr\/wp-json\/wp\/v2\/product"}],"about":[{"href":"https:\/\/topfoodmachine.com\/fr\/wp-json\/wp\/v2\/types\/product"}],"author":[{"embeddable":true,"href":"https:\/\/topfoodmachine.com\/fr\/wp-json\/wp\/v2\/users\/1"}],"wp:featuredmedia":[{"embeddable":true,"href":"https:\/\/topfoodmachine.com\/fr\/wp-json\/wp\/v2\/media\/1382"}],"wp:attachment":[{"href":"https:\/\/topfoodmachine.com\/fr\/wp-json\/wp\/v2\/media?parent=1373"}],"wp:term":[{"taxonomy":"post_tag","embeddable":true,"href":"https:\/\/topfoodmachine.com\/fr\/wp-json\/wp\/v2\/tags?post=1373"},{"taxonomy":"product-type","embeddable":true,"href":"https:\/\/topfoodmachine.com\/fr\/wp-json\/wp\/v2\/product-type?post=1373"}],"curies":[{"name":"wp","href":"https:\/\/api.w.org\/{rel}","templated":true}]}}