{"id":1329,"date":"2024-05-16T17:01:06","date_gmt":"2024-05-16T09:01:06","guid":{"rendered":"https:\/\/topfoodmachine.com\/?post_type=product&#038;p=1329"},"modified":"2024-05-23T10:26:58","modified_gmt":"2024-05-23T02:26:58","slug":"bread-fermentation-machine","status":"publish","type":"product","link":"https:\/\/topfoodmachine.com\/fr\/product\/bread-fermentation-machine\/","title":{"rendered":"machine de fermentation du pain"},"content":{"rendered":"<div class=\"kk-star-ratings kksr-auto kksr-align-left kksr-valign-top\"     data-payload='{&quot;align&quot;:&quot;left&quot;,&quot;id&quot;:&quot;1329&quot;,&quot;slug&quot;:&quot;default&quot;,&quot;valign&quot;:&quot;top&quot;,&quot;ignore&quot;:&quot;&quot;,&quot;reference&quot;:&quot;auto&quot;,&quot;class&quot;:&quot;&quot;,&quot;count&quot;:&quot;28&quot;,&quot;legendonly&quot;:&quot;&quot;,&quot;readonly&quot;:&quot;&quot;,&quot;score&quot;:&quot;4.9&quot;,&quot;starsonly&quot;:&quot;&quot;,&quot;best&quot;:&quot;5&quot;,&quot;gap&quot;:&quot;5&quot;,&quot;greet&quot;:&quot;Rate this product&quot;,&quot;legend&quot;:&quot;4.9\\\/5 - (28 votes)&quot;,&quot;size&quot;:&quot;24&quot;,&quot;title&quot;:&quot;Bread fermentation machine&quot;,&quot;width&quot;:&quot;139.6&quot;,&quot;_legend&quot;:&quot;{score}\\\/{best} - ({count} {votes})&quot;,&quot;font_factor&quot;:&quot;1.25&quot;}'>              <div class=\"kksr-stars\">      <div class=\"kksr-stars-inactive\">             <div class=\"kksr-star\" data-star=\"1\" style=\"padding-right: 5px\">               <div class=\"kksr-icon\" style=\"width: 24px; height: 24px;\"><\/div>         <\/div>             <div class=\"kksr-star\" data-star=\"2\" style=\"padding-right: 5px\">               <div class=\"kksr-icon\" style=\"width: 24px; height: 24px;\"><\/div>         <\/div>             <div class=\"kksr-star\" data-star=\"3\" style=\"padding-right: 5px\">               <div class=\"kksr-icon\" style=\"width: 24px; height: 24px;\"><\/div>         <\/div>             <div class=\"kksr-star\" data-star=\"4\" style=\"padding-right: 5px\">               <div class=\"kksr-icon\" style=\"width: 24px; height: 24px;\"><\/div>         <\/div>             <div class=\"kksr-star\" data-star=\"5\" style=\"padding-right: 5px\">               <div class=\"kksr-icon\" style=\"width: 24px; height: 24px;\"><\/div>         <\/div>     <\/div>      <div class=\"kksr-stars-active\" style=\"width: 139.6px;\">             <div class=\"kksr-star\" style=\"padding-right: 5px\">               <div class=\"kksr-icon\" style=\"width: 24px; height: 24px;\"><\/div>         <\/div>             <div class=\"kksr-star\" style=\"padding-right: 5px\">               <div class=\"kksr-icon\" style=\"width: 24px; height: 24px;\"><\/div>         <\/div>             <div class=\"kksr-star\" style=\"padding-right: 5px\">               <div class=\"kksr-icon\" style=\"width: 24px; height: 24px;\"><\/div>         <\/div>             <div class=\"kksr-star\" style=\"padding-right: 5px\">               <div class=\"kksr-icon\" style=\"width: 24px; height: 24px;\"><\/div>         <\/div>             <div class=\"kksr-star\" style=\"padding-right: 5px\">               <div class=\"kksr-icon\" style=\"width: 24px; height: 24px;\"><\/div>         <\/div>     <\/div> <\/div>                   <div class=\"kksr-legend\" style=\"font-size: 19.2px;\">             4,9\/5 - (28 votes)    <\/div>     <\/div>  <p>Les machines \u00e0 fermentation de pain offrent une solution aux processus de fabrication de pain traditionnels, longs et exigeants en expertise, en contr\u00f4lant pr\u00e9cis\u00e9ment la fermentation pour une qualit\u00e9 et un go\u00fbt constants. \u00c9conomisant du temps et augmentant l'efficacit\u00e9, elles s'adaptent \u00e0 diverses \u00e9chelles de production et r\u00e9pondent aux demandes des consommateurs modernes dans les boulangeries, h\u00f4tels, supermarch\u00e9s et foyers. <\/p>    <p>En tant qu'entreprise leader, nous fournissons des machines \u00e0 fermentation de pain fiables et performantes adapt\u00e9es aux besoins de nos clients, soutenues par notre \u00e9quipe exp\u00e9riment\u00e9e pour un support et un service complets.<\/p>    <figure class=\"wp-block-image size-full\"><img loading=\"lazy\" decoding=\"async\" width=\"720\" height=\"540\" src=\"https:\/\/topfoodmachine.com\/wp-content\/uploads\/2024\/05\/automatic-fermentation-machine.webp\" alt=\"machine \u00e0 fermentation automatique\" class=\"wp-image-1331\" srcset=\"https:\/\/topfoodmachine.com\/wp-content\/uploads\/2024\/05\/automatic-fermentation-machine.webp 720w, https:\/\/topfoodmachine.com\/wp-content\/uploads\/2024\/05\/automatic-fermentation-machine-300x225.webp 300w, https:\/\/topfoodmachine.com\/wp-content\/uploads\/2024\/05\/automatic-fermentation-machine-16x12.webp 16w\" sizes=\"auto, (max-width: 720px) 100vw, 720px\" \/><figcaption class=\"wp-element-caption\">machine \u00e0 fermentation automatique<\/figcaption><\/figure>    <h2 class=\"wp-block-heading\">machine de fermentation du pain \u00e0 vendre<\/h2>    <p>Bienvenue pour explorer notre machine \u00e0 fermentation de pain \u00e0 vendre ! Notre chambre de fermentation de pain dispose d'un design avanc\u00e9 \u00e0 eau bouillante, \u00e9liminant le besoin de remplissage manuel d'eau. Il suffit de connecter le tuyau d'eau, et la machine se remplira automatiquement. <\/p>    <p>Avec un contr\u00f4le pr\u00e9cis de la temp\u00e9rature, notre machine \u00e0 fermentation maintient une temp\u00e9rature stable entre 35 et 40 degr\u00e9s Celsius, fournissant l'environnement de fermentation id\u00e9al pour votre p\u00e2te. \u00c9quip\u00e9e d'un panneau de contr\u00f4le intelligent, vous pouvez facilement ajuster la temp\u00e9rature et l'humidit\u00e9 pour r\u00e9pondre aux exigences de diff\u00e9rents types de pain. <\/p>    <figure class=\"wp-block-image size-full\"><img loading=\"lazy\" decoding=\"async\" width=\"720\" height=\"540\" src=\"https:\/\/topfoodmachine.com\/wp-content\/uploads\/2024\/05\/Bread-fermentation-machine-for-sale.webp\" alt=\"machine de fermentation du pain \u00e0 vendre\" class=\"wp-image-1332\" srcset=\"https:\/\/topfoodmachine.com\/wp-content\/uploads\/2024\/05\/Bread-fermentation-machine-for-sale.webp 720w, https:\/\/topfoodmachine.com\/wp-content\/uploads\/2024\/05\/Bread-fermentation-machine-for-sale-300x225.webp 300w, https:\/\/topfoodmachine.com\/wp-content\/uploads\/2024\/05\/Bread-fermentation-machine-for-sale-16x12.webp 16w\" sizes=\"auto, (max-width: 720px) 100vw, 720px\" \/><figcaption class=\"wp-element-caption\">machine de fermentation du pain \u00e0 vendre<\/figcaption><\/figure>    <p>Que vous g\u00e9riez une boulangerie, une p\u00e2tisserie, un h\u00f4tel, un supermarch\u00e9 ou m\u00eame que vous l'utilisiez \u00e0 domicile, notre machine \u00e0 fermentation de pain offre une solution efficace et pratique pour vos besoins de fabrication de pain. Achetez notre bo\u00eete de fermentation de pain maintenant pour rationaliser et am\u00e9liorer votre processus de fabrication de pain !<\/p>    <h2 class=\"wp-block-heading\">Avantages de la chambre de fermentation<\/h2>    <figure class=\"wp-block-gallery has-nested-images columns-default is-cropped wp-block-gallery-2 is-layout-flex wp-block-gallery-is-layout-flex\"> <figure class=\"wp-block-image size-large\"><img loading=\"lazy\" decoding=\"async\" width=\"720\" height=\"540\" data-id=\"1337\" src=\"https:\/\/topfoodmachine.com\/wp-content\/uploads\/2024\/05\/bread-fermentation.webp\" alt=\"fermentation de pain\" class=\"wp-image-1337\" srcset=\"https:\/\/topfoodmachine.com\/wp-content\/uploads\/2024\/05\/bread-fermentation.webp 720w, https:\/\/topfoodmachine.com\/wp-content\/uploads\/2024\/05\/bread-fermentation-300x225.webp 300w, https:\/\/topfoodmachine.com\/wp-content\/uploads\/2024\/05\/bread-fermentation-16x12.webp 16w\" sizes=\"auto, (max-width: 720px) 100vw, 720px\" \/><figcaption class=\"wp-element-caption\">fermentation de pain<\/figcaption><\/figure>    <figure class=\"wp-block-image size-large\"><img loading=\"lazy\" decoding=\"async\" width=\"720\" height=\"540\" data-id=\"1338\" src=\"https:\/\/topfoodmachine.com\/wp-content\/uploads\/2024\/05\/fermentation-bread.webp\" alt=\"pain de fermentation\" class=\"wp-image-1338\" srcset=\"https:\/\/topfoodmachine.com\/wp-content\/uploads\/2024\/05\/fermentation-bread.webp 720w, https:\/\/topfoodmachine.com\/wp-content\/uploads\/2024\/05\/fermentation-bread-300x225.webp 300w, https:\/\/topfoodmachine.com\/wp-content\/uploads\/2024\/05\/fermentation-bread-16x12.webp 16w\" sizes=\"auto, (max-width: 720px) 100vw, 720px\" \/><figcaption class=\"wp-element-caption\">pain de fermentation<\/figcaption><\/figure> <\/figure>    <ol class=\"wp-block-list\"> <li><strong>Conditions Optimales de Fermentation<\/strong>: Les chambres de fermentation fournissent un environnement contr\u00f4l\u00e9 avec des r\u00e9glages pr\u00e9cis de temp\u00e9rature et d'humidit\u00e9, garantissant des conditions optimales pour la fermentation de la p\u00e2te.<\/li>    <li><strong>Qualit\u00e9 de Produit Coh\u00e9rente<\/strong>: En maintenant des conditions de fermentation stables, les chambres de fermentation garantissent une qualit\u00e9 et une texture coh\u00e9rentes des produits de boulangerie finaux, r\u00e9sultant en un go\u00fbt et une apparence uniformes.<\/li>    <li><strong>Efficacit\u00e9 Accrue<\/strong>: Les chambres de fermentation rationalisent le processus de fermentation, permettant des volumes de production plus \u00e9lev\u00e9s avec des besoins en main-d'\u0153uvre r\u00e9duits.<\/li>    <li><strong>Param\u00e8tres personnalisables<\/strong>: Les chambres de fermentation modernes sont \u00e9quip\u00e9es de panneaux de contr\u00f4le avanc\u00e9s qui permettent aux op\u00e9rateurs d'ajuster la temp\u00e9rature, l'humidit\u00e9 et le temps de fermentation selon des recettes sp\u00e9cifiques et des besoins de production.<\/li>    <li><strong>Optimisation de l'Espace<\/strong>: Les chambres de fermentation sont con\u00e7ues pour maximiser l'efficacit\u00e9 de l'espace dans les boulangeries et les installations de production alimentaire, permettant un stockage \u00e0 haute densit\u00e9 des plateaux ou des \u00e9tag\u00e8res de p\u00e2te.<\/li>    <li><strong>Environnement Hygi\u00e9nique<\/strong>: Avec des surfaces faciles \u00e0 nettoyer et des caract\u00e9ristiques d'hygi\u00e8ne int\u00e9gr\u00e9es, les chambres de fermentation aident \u00e0 maintenir un environnement propre et sanitaire, r\u00e9duisant le risque de contamination.<\/li>    <li><strong>Efficacit\u00e9 \u00e9nerg\u00e9tique<\/strong>: De nombreuses chambres de fermentation sont \u00e9quip\u00e9es de caract\u00e9ristiques \u00e9co\u00e9nerg\u00e9tiques, telles que l'isolation et des syst\u00e8mes de contr\u00f4le de la temp\u00e9rature, aidant \u00e0 r\u00e9duire la consommation d'\u00e9nergie et les co\u00fbts op\u00e9rationnels.<\/li> <\/ol>    <h2 class=\"wp-block-heading\">Param\u00e8tres de la machine \u00e0 fermentation de pain<\/h2>    <figure class=\"wp-block-image size-full\"><img loading=\"lazy\" decoding=\"async\" width=\"720\" height=\"540\" src=\"https:\/\/topfoodmachine.com\/wp-content\/uploads\/2024\/05\/commercial-fermentation-machine.webp\" alt=\"machine de fermentation commerciale\" class=\"wp-image-1333\" srcset=\"https:\/\/topfoodmachine.com\/wp-content\/uploads\/2024\/05\/commercial-fermentation-machine.webp 720w, https:\/\/topfoodmachine.com\/wp-content\/uploads\/2024\/05\/commercial-fermentation-machine-300x225.webp 300w, https:\/\/topfoodmachine.com\/wp-content\/uploads\/2024\/05\/commercial-fermentation-machine-16x12.webp 16w\" sizes=\"auto, (max-width: 720px) 100vw, 720px\" \/><figcaption class=\"wp-element-caption\">machine de fermentation commerciale<\/figcaption><\/figure>    <figure class=\"wp-block-table\"><table><tbody><tr><td>Mod\u00e8le<\/td><td>Bo\u00eetier de fermentation<\/td><\/tr><tr><td>tension<\/td><td>220V\/50HZ<\/td><\/tr><tr><td>puissance sp\u00e9cifi\u00e9e<\/td><td>2,6kw<\/td><\/tr><tr><td>contr\u00f4ler la temp\u00e9rature<\/td><td>35~40\u00b0C<\/td><\/tr><tr><td>dimensions globales<\/td><td>490*690*1880mm<\/td><\/tr><tr><td>dimensions d'emballage<\/td><td>540*750*1980mm<\/td><\/tr><tr><td>poids brut<\/td><td>80 kg<\/td><\/tr><\/tbody><\/table><figcaption class=\"wp-element-caption\">param\u00e8tres de la machine \u00e0 fermentation<\/figcaption><\/figure>    <h2 class=\"wp-block-heading\">FAQ sur la chambre de fermentation de p\u00e2tisserie<\/h2>    <figure class=\"wp-block-image size-full\"><img loading=\"lazy\" decoding=\"async\" width=\"720\" height=\"540\" src=\"https:\/\/topfoodmachine.com\/wp-content\/uploads\/2024\/05\/fermentation-machine-in-stock.webp\" alt=\"machine \u00e0 fermentation en stock\" class=\"wp-image-1334\" srcset=\"https:\/\/topfoodmachine.com\/wp-content\/uploads\/2024\/05\/fermentation-machine-in-stock.webp 720w, https:\/\/topfoodmachine.com\/wp-content\/uploads\/2024\/05\/fermentation-machine-in-stock-300x225.webp 300w, https:\/\/topfoodmachine.com\/wp-content\/uploads\/2024\/05\/fermentation-machine-in-stock-16x12.webp 16w\" sizes=\"auto, (max-width: 720px) 100vw, 720px\" \/><figcaption class=\"wp-element-caption\">machine \u00e0 fermentation en stock<\/figcaption><\/figure>   <div id=\"rank-math-faq\" class=\"rank-math-block\"> <div class=\"rank-math-list\"> <div id=\"faq-question-1715847366913\" class=\"rank-math-list-item\"> <h3 class=\"rank-math-question\">1. <strong>Comment fonctionne une machine de fermentation pour p\u00e2tisseries ?<\/strong><\/h3> <div class=\"rank-math-answer\">  <p>Les machines \u00e0 fermentation de pain utilisent la technologie de contr\u00f4le de la temp\u00e9rature et de l'humidit\u00e9 pour fournir l'environnement de fermentation optimal pour la p\u00e2te. En g\u00e9n\u00e9ral, la p\u00e2te est plac\u00e9e \u00e0 l'int\u00e9rieur de la chambre de fermentation et laiss\u00e9e \u00e0 fermenter \u00e0 une temp\u00e9rature et une humidit\u00e9 constantes pendant une p\u00e9riode d\u00e9termin\u00e9e jusqu'\u00e0 ce qu'elle atteigne le niveau de fermentation souhait\u00e9.<\/p>  <\/div> <\/div> <div id=\"faq-question-1715847404888\" class=\"rank-math-list-item\"> <h3 class=\"rank-math-question\">2. <strong>O\u00f9 les machines de fermentation du pain sont-elles adapt\u00e9es \u00e0 l'utilisation ?<\/strong><\/h3> <div class=\"rank-math-answer\">  <p>Les machines \u00e0 fermentation de pain conviennent \u00e0 divers environnements, y compris les boulangeries, les p\u00e2tisseries, les h\u00f4tels et les supermarch\u00e9s. Que ce soit pour une production \u00e0 petite ou grande \u00e9chelle, les machines \u00e0 fermentation de p\u00e2tisserie peuvent r\u00e9pondre \u00e0 vos besoins.<\/p>  <\/div> <\/div> <div id=\"faq-question-1715847426278\" class=\"rank-math-list-item\"> <h3 class=\"rank-math-question\">3. <strong>Comment ajustez-vous la temp\u00e9rature et l'humidit\u00e9 d'une machine de fermentation pour p\u00e2tisseries ?<\/strong><\/h3> <div class=\"rank-math-answer\">  <p>Les machines \u00e0 fermentation de p\u00e2tisserie sont g\u00e9n\u00e9ralement \u00e9quip\u00e9es de panneaux de contr\u00f4le intelligents pour une utilisation facile. En utilisant le panneau de contr\u00f4le, vous pouvez facilement ajuster la temp\u00e9rature et l'humidit\u00e9 pour r\u00e9pondre aux exigences de diff\u00e9rents types de pain.<\/p>  <\/div> <\/div> <div id=\"faq-question-1715847449183\" class=\"rank-math-list-item\"> <h3 class=\"rank-math-question\">4. <strong>Quelles proc\u00e9dures d'entretien et de nettoyage sont n\u00e9cessaires pour une machine de fermentation du pain ?<\/strong><\/h3> <div class=\"rank-math-answer\">  <p>Un entretien et un nettoyage r\u00e9guliers des machines \u00e0 fermentation de pain sont essentiels pour prolonger la dur\u00e9e de vie de l'\u00e9quipement et garantir la qualit\u00e9 du produit. Il est important de nettoyer r\u00e9guli\u00e8rement les surfaces et l'int\u00e9rieur de la chambre de fermentation, ainsi que de nettoyer et d'entretenir le r\u00e9servoir d'eau et les tuyaux pour garder l'\u00e9quipement sec et propre.<\/p>  <\/div> <\/div> <div id=\"faq-question-1715847469039\" class=\"rank-math-list-item\"> <h3 class=\"rank-math-question\">5. <strong>Les machines de fermentation du pain sont-elles s\u00fbres \u00e0 utiliser ?<\/strong><\/h3> <div class=\"rank-math-answer\">  <p>Oui, les machines \u00e0 fermentation de pain subissent des tests de s\u00e9curit\u00e9 rigoureux et des certifications pour se conformer aux normes de s\u00e9curit\u00e9 internationales. Cependant, il est important de suivre les directives de s\u00e9curit\u00e9 d'utilisation d\u00e9crites dans le manuel de l'utilisateur pour garantir une utilisation s\u00fbre.<\/p>  <\/div> <\/div> <div id=\"faq-question-1715847503256\" class=\"rank-math-list-item\"> <h3 class=\"rank-math-question\">6. <strong>Quels services d'entretien et de support sont disponibles pour les machines de fermentation du pain ?<\/strong><\/h3> <div class=\"rank-math-answer\">  <p>Nous fournissons des services d'entretien et de support pour les machines \u00e0 fermentation de pain, y compris des v\u00e9rifications d'entretien r\u00e9guli\u00e8res et des services de r\u00e9paration d'urgence. Si vous avez des probl\u00e8mes, n'h\u00e9sitez pas \u00e0 contacter notre \u00e9quipe de service client, et nous serons heureux de vous aider.<\/p>  <\/div> <\/div> <\/div> <\/div>   <figure class=\"wp-block-gallery has-nested-images columns-default is-cropped wp-block-gallery-3 is-layout-flex wp-block-gallery-is-layout-flex\"> <figure class=\"wp-block-image size-large\"><img loading=\"lazy\" decoding=\"async\" width=\"720\" height=\"540\" data-id=\"1335\" src=\"https:\/\/topfoodmachine.com\/wp-content\/uploads\/2024\/05\/fermentation-machine-with-good-price.webp\" alt=\"machine de fermentation \u00e0 bon prix\" class=\"wp-image-1335\" srcset=\"https:\/\/topfoodmachine.com\/wp-content\/uploads\/2024\/05\/fermentation-machine-with-good-price.webp 720w, https:\/\/topfoodmachine.com\/wp-content\/uploads\/2024\/05\/fermentation-machine-with-good-price-300x225.webp 300w, https:\/\/topfoodmachine.com\/wp-content\/uploads\/2024\/05\/fermentation-machine-with-good-price-16x12.webp 16w\" sizes=\"auto, (max-width: 720px) 100vw, 720px\" \/><figcaption class=\"wp-element-caption\">machine de fermentation \u00e0 bon prix<\/figcaption><\/figure>    <figure class=\"wp-block-image size-large\"><img loading=\"lazy\" decoding=\"async\" width=\"720\" height=\"540\" data-id=\"1336\" src=\"https:\/\/topfoodmachine.com\/wp-content\/uploads\/2024\/05\/fermentation-machine.webp\" alt=\"machine de fermentation\" class=\"wp-image-1336\" srcset=\"https:\/\/topfoodmachine.com\/wp-content\/uploads\/2024\/05\/fermentation-machine.webp 720w, https:\/\/topfoodmachine.com\/wp-content\/uploads\/2024\/05\/fermentation-machine-300x225.webp 300w, https:\/\/topfoodmachine.com\/wp-content\/uploads\/2024\/05\/fermentation-machine-16x12.webp 16w\" sizes=\"auto, (max-width: 720px) 100vw, 720px\" \/><figcaption class=\"wp-element-caption\">machine de fermentation<\/figcaption><\/figure> <\/figure>    <h2 class=\"wp-block-heading\">Contactez-nous !<\/h2>    <p class=\"translation-block\">\u00c9levez l'efficacit\u00e9 de votre boulangerie tout en garantissant une qualit\u00e9 et un go\u00fbt de produit constants ! Choisissez notre chambre de <a href=\"https:\/\/en.wikipedia.org\/wiki\/Fermentation\" data-type=\"link\" data-id=\"https:\/\/en.wikipedia.org\/wiki\/Fermentation\" target=\"_blank\" rel=\"noopener\">fermentation<\/a> pour fournir l'environnement de fermentation optimal pour votre pain et vos p\u00e2tisseries. <\/p>    <p class=\"translation-block\">De plus, nous vous recommandons de la compl\u00e9ter avec notre <a href=\"https:\/\/topfoodmachine.com\/fr\/product\/automatic-dough-divider-rounder\/\" data-type=\"link\" data-id=\"https:\/\/topfoodmachine.com\/product\/automatic-dough-divider-rounder\/\">diviseur de p\u00e2te<\/a>, am\u00e9liorant encore l'efficacit\u00e9 de production et r\u00e9duisant les co\u00fbts de main-d'\u0153uvre. Contactez-nous maintenant pour en savoir plus et embarquer ensemble sur le chemin du succ\u00e8s en p\u00e2tisserie !<\/p>    <p><\/p>","protected":false},"excerpt":{"rendered":"<p>Les machines de fermentation du pain offrent une solution, contr\u00f4lant pr\u00e9cis\u00e9ment la fermentation pour une qualit\u00e9 et un go\u00fbt constants. Elles font gagner du temps, augmentent l'efficacit\u00e9 et s'adaptent \u00e0 diverses \u00e9chelles de production.<\/p>","protected":false},"author":1,"featured_media":1330,"parent":0,"template":"","tags":[32,31,25],"product-type":[6],"class_list":["post-1329","product","type-product","status-publish","has-post-thumbnail","hentry","tag-bread","tag-fermentation","tag-pastry","product-type-pastry-production-machine"],"_links":{"self":[{"href":"https:\/\/topfoodmachine.com\/fr\/wp-json\/wp\/v2\/product\/1329","targetHints":{"allow":["GET"]}}],"collection":[{"href":"https:\/\/topfoodmachine.com\/fr\/wp-json\/wp\/v2\/product"}],"about":[{"href":"https:\/\/topfoodmachine.com\/fr\/wp-json\/wp\/v2\/types\/product"}],"author":[{"embeddable":true,"href":"https:\/\/topfoodmachine.com\/fr\/wp-json\/wp\/v2\/users\/1"}],"wp:featuredmedia":[{"embeddable":true,"href":"https:\/\/topfoodmachine.com\/fr\/wp-json\/wp\/v2\/media\/1330"}],"wp:attachment":[{"href":"https:\/\/topfoodmachine.com\/fr\/wp-json\/wp\/v2\/media?parent=1329"}],"wp:term":[{"taxonomy":"post_tag","embeddable":true,"href":"https:\/\/topfoodmachine.com\/fr\/wp-json\/wp\/v2\/tags?post=1329"},{"taxonomy":"product-type","embeddable":true,"href":"https:\/\/topfoodmachine.com\/fr\/wp-json\/wp\/v2\/product-type?post=1329"}],"curies":[{"name":"wp","href":"https:\/\/api.w.org\/{rel}","templated":true}]}}