{"id":1302,"date":"2024-05-10T17:42:34","date_gmt":"2024-05-10T09:42:34","guid":{"rendered":"https:\/\/topfoodmachine.com\/?post_type=product&#038;p=1302"},"modified":"2025-10-17T17:35:04","modified_gmt":"2025-10-17T09:35:04","slug":"noodle-maker-machine","status":"publish","type":"product","link":"https:\/\/topfoodmachine.com\/fr\/product\/noodle-maker-machine\/","title":{"rendered":"Machine \u00e0 nouilles"},"content":{"rendered":"<div class=\"kk-star-ratings kksr-auto kksr-align-left kksr-valign-top\"     data-payload='{&quot;align&quot;:&quot;left&quot;,&quot;id&quot;:&quot;1302&quot;,&quot;slug&quot;:&quot;default&quot;,&quot;valign&quot;:&quot;top&quot;,&quot;ignore&quot;:&quot;&quot;,&quot;reference&quot;:&quot;auto&quot;,&quot;class&quot;:&quot;&quot;,&quot;count&quot;:&quot;16&quot;,&quot;legendonly&quot;:&quot;&quot;,&quot;readonly&quot;:&quot;&quot;,&quot;score&quot;:&quot;4.6&quot;,&quot;starsonly&quot;:&quot;&quot;,&quot;best&quot;:&quot;5&quot;,&quot;gap&quot;:&quot;5&quot;,&quot;greet&quot;:&quot;Rate this product&quot;,&quot;legend&quot;:&quot;4.6\\\/5 - (16 votes)&quot;,&quot;size&quot;:&quot;24&quot;,&quot;title&quot;:&quot;Noodle maker machine&quot;,&quot;width&quot;:&quot;130.9&quot;,&quot;_legend&quot;:&quot;{score}\\\/{best} - ({count} {votes})&quot;,&quot;font_factor&quot;:&quot;1.25&quot;}'>              <div class=\"kksr-stars\">      <div class=\"kksr-stars-inactive\">             <div class=\"kksr-star\" data-star=\"1\" style=\"padding-right: 5px\">               <div class=\"kksr-icon\" style=\"width: 24px; height: 24px;\"><\/div>         <\/div>             <div class=\"kksr-star\" data-star=\"2\" style=\"padding-right: 5px\">               <div class=\"kksr-icon\" style=\"width: 24px; height: 24px;\"><\/div>         <\/div>             <div class=\"kksr-star\" data-star=\"3\" style=\"padding-right: 5px\">               <div class=\"kksr-icon\" style=\"width: 24px; height: 24px;\"><\/div>         <\/div>             <div class=\"kksr-star\" data-star=\"4\" style=\"padding-right: 5px\">               <div class=\"kksr-icon\" style=\"width: 24px; height: 24px;\"><\/div>         <\/div>             <div class=\"kksr-star\" data-star=\"5\" style=\"padding-right: 5px\">               <div class=\"kksr-icon\" style=\"width: 24px; height: 24px;\"><\/div>         <\/div>     <\/div>      <div class=\"kksr-stars-active\" style=\"width: 130.9px;\">             <div class=\"kksr-star\" style=\"padding-right: 5px\">               <div class=\"kksr-icon\" style=\"width: 24px; height: 24px;\"><\/div>         <\/div>             <div class=\"kksr-star\" style=\"padding-right: 5px\">               <div class=\"kksr-icon\" style=\"width: 24px; height: 24px;\"><\/div>         <\/div>             <div class=\"kksr-star\" style=\"padding-right: 5px\">               <div class=\"kksr-icon\" style=\"width: 24px; height: 24px;\"><\/div>         <\/div>             <div class=\"kksr-star\" style=\"padding-right: 5px\">               <div class=\"kksr-icon\" style=\"width: 24px; height: 24px;\"><\/div>         <\/div>             <div class=\"kksr-star\" style=\"padding-right: 5px\">               <div class=\"kksr-icon\" style=\"width: 24px; height: 24px;\"><\/div>         <\/div>     <\/div> <\/div>                   <div class=\"kksr-legend\" style=\"font-size: 19.2px;\">             4,6\/5 - (16 votes)    <\/div>     <\/div>  <p>La machine \u00e0 nouilles multifonctionnelle traite efficacement la farine, l'eau et d'autres mati\u00e8res premi\u00e8res en diff\u00e9rents types de nouilles, y compris des nouilles de ma\u00efs, des nouilles de sarrasin et des nouilles de riz, avec diff\u00e9rentes \u00e9paisseurs. <\/p>    <p>Utilisant une extrusion continue, cette machine polyvalente \u00e0 nouilles de ma\u00efs transforme les ingr\u00e9dients sans effort en d\u00e9licieuses nouilles. <\/p>    <p>Avec une capacit\u00e9 de 30 \u00e0 130 kg\/h, elle est bien adapt\u00e9e aux applications de restauration et de transformation alimentaire, offrant des performances fiables et une flexibilit\u00e9 pour les environnements \u00e0 forte demande.<\/p>    <figure class=\"wp-block-embed is-type-video is-provider-youtube wp-block-embed-youtube wp-embed-aspect-16-9 wp-has-aspect-ratio\"><div class=\"wp-block-embed__wrapper\"> <iframe loading=\"lazy\" title=\"Machine \u00e0 nouilles : Recettes de nouilles rapides, faciles et amusantes #nouilles #machine\u00e0nouilles #traitementalimentaire\" width=\"500\" height=\"281\" src=\"https:\/\/www.youtube.com\/embed\/g81J27r6n8s?feature=oembed\" frameborder=\"0\" allow=\"accelerometer; autoplay; clipboard-write; encrypted-media; gyroscope; picture-in-picture; web-share\" referrerpolicy=\"strict-origin-when-cross-origin\" allowfullscreen><\/iframe> <\/div><figcaption class=\"wp-element-caption\">vid\u00e9o de fonctionnement de la machine \u00e0 nouilles<\/figcaption><\/figure>    <h2 class=\"wp-block-heading\">Vari\u00e9t\u00e9s de nouilles avec notre machine \u00e0 nouilles multifonctionnelle<\/h2>    <p>Notre machine \u00e0 nouilles multifonctionnelle peut produire une vari\u00e9t\u00e9 de nouilles, y compris :<\/p>    <ul class=\"wp-block-list\"> <li><strong>P\u00e2tes italiennes classiques<\/strong>. Cr\u00e9ez des types de p\u00e2tes traditionnels tels que spaghetti, fettuccine et tagliatelle.<\/li>    <li><strong>Nouilles de ma\u00efs<\/strong>. Pr\u00e9parez facilement de d\u00e9licieuses nouilles de ma\u00efs pour divers plats.<\/li>    <li><strong>Nouilles de sarrasin<\/strong>. Produisez des nouilles de sarrasin uniques et savoureuses qui sont \u00e0 la fois saines et d\u00e9licieuses.<\/li>    <li><strong>Nouilles de riz<\/strong>. Pr\u00e9parez des nouilles de riz d\u00e9licates, parfaites pour les plats d'inspiration asiatique.<\/li>    <li><strong>Nouilles de konjac<\/strong>. Pr\u00e9parez des nouilles de konjac faibles en calories et riches en fibres, id\u00e9ales pour ceux qui recherchent une alternative saine.<\/li> <\/ul>    <figure class=\"wp-block-gallery has-nested-images columns-default is-cropped wp-block-gallery-2 is-layout-flex wp-block-gallery-is-layout-flex\"> <figure class=\"wp-block-image size-large\"><img loading=\"lazy\" decoding=\"async\" width=\"720\" height=\"540\" data-id=\"1307\" src=\"https:\/\/topfoodmachine.com\/wp-content\/uploads\/2024\/05\/corn-noodles.webp\" alt=\"nouilles de ma\u00efs\" class=\"wp-image-1307\" srcset=\"https:\/\/topfoodmachine.com\/wp-content\/uploads\/2024\/05\/corn-noodles.webp 720w, https:\/\/topfoodmachine.com\/wp-content\/uploads\/2024\/05\/corn-noodles-300x225.webp 300w, https:\/\/topfoodmachine.com\/wp-content\/uploads\/2024\/05\/corn-noodles-16x12.webp 16w\" sizes=\"auto, (max-width: 720px) 100vw, 720px\" \/><figcaption class=\"wp-element-caption\">nouilles de ma\u00efs<\/figcaption><\/figure>    <figure class=\"wp-block-image size-full\"><img loading=\"lazy\" decoding=\"async\" width=\"720\" height=\"540\" data-id=\"1309\" src=\"https:\/\/topfoodmachine.com\/wp-content\/uploads\/2024\/05\/konjac-noodle.webp\" alt=\"nouilles konjac\" class=\"wp-image-1309\" srcset=\"https:\/\/topfoodmachine.com\/wp-content\/uploads\/2024\/05\/konjac-noodle.webp 720w, https:\/\/topfoodmachine.com\/wp-content\/uploads\/2024\/05\/konjac-noodle-300x225.webp 300w, https:\/\/topfoodmachine.com\/wp-content\/uploads\/2024\/05\/konjac-noodle-16x12.webp 16w\" sizes=\"auto, (max-width: 720px) 100vw, 720px\" \/><figcaption class=\"wp-element-caption\">nouilles konjac<\/figcaption><\/figure> <\/figure>    <p>Apr\u00e8s avoir explor\u00e9 les diff\u00e9rents types de nouilles que notre machine \u00e0 nouilles multifonctionnelle peut produire, nous allons maintenant examiner comment fonctionne la machine \u00e0 nouilles konjac, offrant une compr\u00e9hension plus approfondie de sa fonctionnalit\u00e9 et de son fonctionnement.<\/p>    <h2 class=\"wp-block-heading\">Comment fonctionne la machine \u00e0 fabriquer des nouilles de konjac ?<\/h2>    <div class=\"wp-block-media-text is-stacked-on-mobile\"><figure class=\"wp-block-media-text__media\"><img loading=\"lazy\" decoding=\"async\" width=\"720\" height=\"540\" src=\"https:\/\/topfoodmachine.com\/wp-content\/uploads\/2024\/05\/exported-Noodle-maker-machine.webp\" alt=\"machine \u00e0 nouilles export\u00e9e\" class=\"wp-image-1310 size-full\" srcset=\"https:\/\/topfoodmachine.com\/wp-content\/uploads\/2024\/05\/exported-Noodle-maker-machine.webp 720w, https:\/\/topfoodmachine.com\/wp-content\/uploads\/2024\/05\/exported-Noodle-maker-machine-300x225.webp 300w, https:\/\/topfoodmachine.com\/wp-content\/uploads\/2024\/05\/exported-Noodle-maker-machine-16x12.webp 16w\" sizes=\"auto, (max-width: 720px) 100vw, 720px\" \/><\/figure><div class=\"wp-block-media-text__content\"> <ul class=\"wp-block-list\"> <li><strong>\u00c9tape 1 : Pr\u00e9paration de la p\u00e2te<\/strong> <ul class=\"wp-block-list\"> <li>M\u00e9langez la farine et l'eau dans le rapport appropri\u00e9.<\/li>    <li>Assurez-vous que la p\u00e2te poss\u00e8de la bonne adh\u00e9rence et \u00e9lasticit\u00e9 pour l'extrusion.<\/li> <\/ul> <\/li>    <li><strong>\u00c9tape 2 : Alimentation de la p\u00e2te<\/strong> <ul class=\"wp-block-list\"> <li>Placez la p\u00e2te pr\u00e9par\u00e9e dans la tr\u00e9mie d'alimentation de la machine.<\/li> <\/ul> <\/li>    <li><strong>\u00c9tape 3 : Processus d'extrusion<\/strong> <ul class=\"wp-block-list\"> <li>\u00c0 l'int\u00e9rieur de la machine, un syst\u00e8me d'extrusion \u00e0 vis pousse la p\u00e2te vers l'avant.<\/li>    <li>La p\u00e2te est press\u00e9e \u00e0 travers les trous de la fili\u00e8re, formant des nouilles de la forme et de la taille souhait\u00e9es.<\/li> <\/ul> <\/li> <\/ul> <\/div><\/div>    <p>Apr\u00e8s avoir compris le processus de fonctionnement, nous allons passer \u00e0 discuter des param\u00e8tres sp\u00e9cifiques de la machine \u00e0 nouilles, vous aidant \u00e0 comprendre ses sp\u00e9cifications techniques et ses caract\u00e9ristiques de performance pour des d\u00e9cisions d'investissement \u00e9clair\u00e9es.<\/p>    <h2 class=\"wp-block-heading\">Param\u00e8tres de la machine \u00e0 nouilles<\/h2>    <div class=\"wp-block-media-text has-media-on-the-right is-stacked-on-mobile\"><div class=\"wp-block-media-text__content\"> <ul class=\"wp-block-list\"> <li>Taille : 800*720*1650mm<\/li>    <li>Tension : 380v<\/li>    <li>Poids : 400kg<\/li>    <li>Puissance : 11kw<\/li>    <li>Capacit\u00e9 : 30-130kg\/h<\/li> <\/ul> <\/div><figure class=\"wp-block-media-text__media\"><img loading=\"lazy\" decoding=\"async\" width=\"720\" height=\"540\" src=\"https:\/\/topfoodmachine.com\/wp-content\/uploads\/2024\/05\/Noodle-maker-machine-for-sale.webp\" alt=\"machine \u00e0 nouilles \u00e0 vendre\" class=\"wp-image-1311 size-full\" srcset=\"https:\/\/topfoodmachine.com\/wp-content\/uploads\/2024\/05\/Noodle-maker-machine-for-sale.webp 720w, https:\/\/topfoodmachine.com\/wp-content\/uploads\/2024\/05\/Noodle-maker-machine-for-sale-300x225.webp 300w, https:\/\/topfoodmachine.com\/wp-content\/uploads\/2024\/05\/Noodle-maker-machine-for-sale-16x12.webp 16w\" sizes=\"auto, (max-width: 720px) 100vw, 720px\" \/><\/figure><\/div>    <p>Une fois que vous avez une compr\u00e9hension d\u00e9taill\u00e9e des param\u00e8tres de la machine, nous explorerons comment l'\u00e9quipement compl\u00e9mentaire peut am\u00e9liorer l'efficacit\u00e9 de la production de nouilles, vous fournissant une solution compl\u00e8te.<\/p>    <h2 class=\"wp-block-heading\">\u00c9quipement compl\u00e9mentaire de la machine \u00e0 nouilles<\/h2>    <p>En plus de la machine \u00e0 nouilles elle-m\u00eame, nous proposons \u00e9galement un \u00e9quipement compl\u00e9mentaire, y compris la machine \u00e0 m\u00e9langer la farine, la machine \u00e0 couper et la machine \u00e0 s\u00e9cher, pour faciliter le processus de fabrication des nouilles.<\/p>    <h3 class=\"wp-block-heading\"><strong>Machine \u00e0 m\u00e9langer la farine<\/strong><\/h3>    <p>La machine \u00e0 m\u00e9langer la farine vous aide \u00e0 m\u00e9langer soigneusement la farine et l'eau, garantissant une texture et une douceur uniformes de la p\u00e2te. Elle m\u00e9lange rapidement la farine, \u00e9liminant le processus fastidieux de m\u00e9lange \u00e0 la main et facilitant la pr\u00e9paration de la p\u00e2te.<\/p>    <figure class=\"wp-block-gallery has-nested-images columns-default is-cropped wp-block-gallery-3 is-layout-flex wp-block-gallery-is-layout-flex\"> <figure class=\"wp-block-image size-large\"><img loading=\"lazy\" decoding=\"async\" width=\"720\" height=\"540\" data-id=\"1312\" src=\"https:\/\/topfoodmachine.com\/wp-content\/uploads\/2024\/05\/effective-Flour-Mixing-Machine.webp\" alt=\"Machine \u00e0 m\u00e9langer la farine efficace\" class=\"wp-image-1312\" srcset=\"https:\/\/topfoodmachine.com\/wp-content\/uploads\/2024\/05\/effective-Flour-Mixing-Machine.webp 720w, https:\/\/topfoodmachine.com\/wp-content\/uploads\/2024\/05\/effective-Flour-Mixing-Machine-300x225.webp 300w, https:\/\/topfoodmachine.com\/wp-content\/uploads\/2024\/05\/effective-Flour-Mixing-Machine-16x12.webp 16w\" sizes=\"auto, (max-width: 720px) 100vw, 720px\" \/><figcaption class=\"wp-element-caption\">Machine \u00e0 m\u00e9langer la farine efficace<\/figcaption><\/figure>    <figure class=\"wp-block-image size-large\"><img loading=\"lazy\" decoding=\"async\" width=\"720\" height=\"540\" data-id=\"1313\" src=\"https:\/\/topfoodmachine.com\/wp-content\/uploads\/2024\/05\/Flour-Mixing-Machine.webp\" alt=\"Machine \u00e0 m\u00e9langer la farine\" class=\"wp-image-1313\" srcset=\"https:\/\/topfoodmachine.com\/wp-content\/uploads\/2024\/05\/Flour-Mixing-Machine.webp 720w, https:\/\/topfoodmachine.com\/wp-content\/uploads\/2024\/05\/Flour-Mixing-Machine-300x225.webp 300w, https:\/\/topfoodmachine.com\/wp-content\/uploads\/2024\/05\/Flour-Mixing-Machine-16x12.webp 16w\" sizes=\"auto, (max-width: 720px) 100vw, 720px\" \/><figcaption class=\"wp-element-caption\">Machine \u00e0 m\u00e9langer la farine<\/figcaption><\/figure> <\/figure>    <h3 class=\"wp-block-heading\"><strong>Machine de d\u00e9coupe<\/strong><\/h3>    <p>La machine \u00e0 couper vous permet de couper la p\u00e2te extrud\u00e9e \u00e0 la longueur et \u00e0 la forme d\u00e9sir\u00e9es, comme des spaghetti ou des nouilles larges. Elle est facile \u00e0 utiliser et peut couper rapidement et avec pr\u00e9cision les nouilles, garantissant une forme et une taille coh\u00e9rentes.<\/p>    <h3 class=\"wp-block-heading\"><strong><a href=\"https:\/\/topfoodmachine.com\/fr\/product\/food-drying-machine-vegetable-dryer\/\" data-type=\"link\" data-id=\"https:\/\/topfoodmachine.com\/product\/food-drying-machine-vegetable-dryer\/\">machine \u00e0 s\u00e9cher<\/a><\/strong><\/h3>    <p>La machine \u00e0 s\u00e9cher vous aide \u00e0 s\u00e9cher rapidement les nouilles fra\u00eechement pr\u00e9par\u00e9es, prolongeant leur dur\u00e9e de conservation. Elle utilise une technologie de contr\u00f4le de la temp\u00e9rature et de l'humidit\u00e9 pour s\u00e9cher rapidement et uniform\u00e9ment les nouilles, maintenant leur texture et leur go\u00fbt.<\/p>    <figure class=\"wp-block-gallery has-nested-images columns-default is-cropped wp-block-gallery-4 is-layout-flex wp-block-gallery-is-layout-flex\"> <figure class=\"wp-block-image size-large\"><img loading=\"lazy\" decoding=\"async\" width=\"720\" height=\"540\" data-id=\"1411\" src=\"https:\/\/topfoodmachine.com\/wp-content\/uploads\/2024\/06\/food-dryer.webp\" alt=\"d\u00e9shydrateur alimentaire\" class=\"wp-image-1411\" srcset=\"https:\/\/topfoodmachine.com\/wp-content\/uploads\/2024\/06\/food-dryer.webp 720w, https:\/\/topfoodmachine.com\/wp-content\/uploads\/2024\/06\/food-dryer-300x225.webp 300w, https:\/\/topfoodmachine.com\/wp-content\/uploads\/2024\/06\/food-dryer-16x12.webp 16w\" sizes=\"auto, (max-width: 720px) 100vw, 720px\" \/><figcaption class=\"wp-element-caption\">d\u00e9shydrateur alimentaire<\/figcaption><\/figure>    <figure class=\"wp-block-image size-large\"><img loading=\"lazy\" decoding=\"async\" width=\"720\" height=\"540\" data-id=\"1414\" src=\"https:\/\/topfoodmachine.com\/wp-content\/uploads\/2024\/06\/vegetable-dryer.webp\" alt=\"d\u00e9shydrateur de l\u00e9gumes\" class=\"wp-image-1414\" srcset=\"https:\/\/topfoodmachine.com\/wp-content\/uploads\/2024\/06\/vegetable-dryer.webp 720w, https:\/\/topfoodmachine.com\/wp-content\/uploads\/2024\/06\/vegetable-dryer-300x225.webp 300w, https:\/\/topfoodmachine.com\/wp-content\/uploads\/2024\/06\/vegetable-dryer-16x12.webp 16w\" sizes=\"auto, (max-width: 720px) 100vw, 720px\" \/><figcaption class=\"wp-element-caption\">d\u00e9shydrateur de l\u00e9gumes<\/figcaption><\/figure> <\/figure>    <p>Avec une compr\u00e9hension des fonctions de l'\u00e9quipement compl\u00e9mentaire, nous allons discuter des avantages d'investir dans une machine \u00e0 nouilles, vous aidant \u00e0 \u00e9valuer sa valeur et ses avantages.<\/p>    <h2 class=\"wp-block-heading\">Avantages de la machine \u00e0 fabriquer des nouilles<\/h2>    <div class=\"wp-block-media-text is-stacked-on-mobile\"><figure class=\"wp-block-media-text__media\"><img loading=\"lazy\" decoding=\"async\" width=\"720\" height=\"540\" src=\"https:\/\/topfoodmachine.com\/wp-content\/uploads\/2024\/05\/noodle-making-machine-for-sale.webp\" alt=\"machine \u00e0 nouilles \u00e0 vendre\" class=\"wp-image-1525 size-full\" srcset=\"https:\/\/topfoodmachine.com\/wp-content\/uploads\/2024\/05\/noodle-making-machine-for-sale.webp 720w, https:\/\/topfoodmachine.com\/wp-content\/uploads\/2024\/05\/noodle-making-machine-for-sale-300x225.webp 300w, https:\/\/topfoodmachine.com\/wp-content\/uploads\/2024\/05\/noodle-making-machine-for-sale-16x12.webp 16w\" sizes=\"auto, (max-width: 720px) 100vw, 720px\" \/><\/figure><div class=\"wp-block-media-text__content\"> <ul class=\"wp-block-list\"> <li><strong>Vari\u00e9t\u00e9 de types de nouilles :<\/strong> Plusieurs moules produisent des nouilles fines, larges, des p\u00e2tes et des nouilles creuses.<\/li>    <li><strong>Durable et s\u00fbr :<\/strong> Fabriqu\u00e9 en acier inoxydable ou en plastique de qualit\u00e9 alimentaire pour une utilisation durable et s\u00fbre pour l'alimentation.<\/li> <\/ul> <\/div><\/div>    <div class=\"wp-block-media-text has-media-on-the-right is-stacked-on-mobile\"><div class=\"wp-block-media-text__content\"> <ul class=\"wp-block-list\"> <li><strong>Production de nouilles instantan\u00e9es :<\/strong> Pr\u00e9pare rapidement des nouilles instantan\u00e9es pour un mode de vie actif.<\/li>    <li><strong>Conception efficace :<\/strong> Corps en acier inoxydable et moules antiadh\u00e9sifs garantissent un fonctionnement fluide.<\/li>    <li><strong>Fonctionnalit\u00e9 am\u00e9lior\u00e9e :<\/strong> Le syst\u00e8me \u00e0 double ventilateur emp\u00eache les nouilles de coller.<\/li> <\/ul> <\/div><figure class=\"wp-block-media-text__media\"><img loading=\"lazy\" decoding=\"async\" width=\"720\" height=\"540\" src=\"https:\/\/topfoodmachine.com\/wp-content\/uploads\/2024\/05\/noodle-making-machine-molds.webp\" alt=\"moules de machine \u00e0 nouilles\" class=\"wp-image-1314 size-full\" srcset=\"https:\/\/topfoodmachine.com\/wp-content\/uploads\/2024\/05\/noodle-making-machine-molds.webp 720w, https:\/\/topfoodmachine.com\/wp-content\/uploads\/2024\/05\/noodle-making-machine-molds-300x225.webp 300w, https:\/\/topfoodmachine.com\/wp-content\/uploads\/2024\/05\/noodle-making-machine-molds-16x12.webp 16w\" sizes=\"auto, (max-width: 720px) 100vw, 720px\" \/><\/figure><\/div>    <p>Apr\u00e8s avoir discut\u00e9 des nombreux avantages d'investir dans une machine \u00e0 nouilles, nous allons maintenant explorer pourquoi les nouilles sont devenues si populaires dans le monde entier, offrant un contexte de march\u00e9 suppl\u00e9mentaire.<\/p>    <h2 class=\"wp-block-heading\">Pourquoi manger des nouilles devient-il si populaire ?<\/h2>    <div class=\"wp-block-media-text is-stacked-on-mobile\"><figure class=\"wp-block-media-text__media\"><img loading=\"lazy\" decoding=\"async\" width=\"720\" height=\"540\" src=\"https:\/\/topfoodmachine.com\/wp-content\/uploads\/2024\/05\/noodle-1.webp\" alt=\"nouille\" class=\"wp-image-1526 size-full\" srcset=\"https:\/\/topfoodmachine.com\/wp-content\/uploads\/2024\/05\/noodle-1.webp 720w, https:\/\/topfoodmachine.com\/wp-content\/uploads\/2024\/05\/noodle-1-300x225.webp 300w, https:\/\/topfoodmachine.com\/wp-content\/uploads\/2024\/05\/noodle-1-16x12.webp 16w\" sizes=\"auto, (max-width: 720px) 100vw, 720px\" \/><\/figure><div class=\"wp-block-media-text__content\"> <ul class=\"wp-block-list\"> <li><strong>Recharge d'\u00e9nergie rapide :<\/strong> Riche en glucides pour une \u00e9nergie rapide avant ou apr\u00e8s l'exercice.<\/li>    <li><strong>Vari\u00e9t\u00e9 nutritionnelle :<\/strong> Les nouilles de bl\u00e9 complet apportent des fibres ; les nouilles aux haricots ou riches en prot\u00e9ines augmentent l'apport en prot\u00e9ines.<\/li> <\/ul> <\/div><\/div>    <div class=\"wp-block-media-text has-media-on-the-right is-stacked-on-mobile\"><div class=\"wp-block-media-text__content\"> <ul class=\"wp-block-list\"> <li><strong>Choix vari\u00e9s :<\/strong> Comprend des p\u00e2tes italiennes, des nouilles de sarrasin et des nouilles de konjac pour diff\u00e9rents go\u00fbts et r\u00e9gimes alimentaires.<\/li>    <li><strong>Cuisson flexible :<\/strong> Peut \u00eatre bouilli, frit ou cuit \u00e0 la vapeur et associ\u00e9 \u00e0 divers ingr\u00e9dients.<\/li>    <li><strong>Pr\u00e9paration pratique :<\/strong> Rapide et facile \u00e0 pr\u00e9parer, id\u00e9al pour un mode de vie actif.<\/li> <\/ul> <\/div><figure class=\"wp-block-media-text__media\"><img loading=\"lazy\" decoding=\"async\" width=\"720\" height=\"540\" src=\"https:\/\/topfoodmachine.com\/wp-content\/uploads\/2024\/05\/noodles.webp\" alt=\"nouilles\" class=\"wp-image-1527 size-full\" srcset=\"https:\/\/topfoodmachine.com\/wp-content\/uploads\/2024\/05\/noodles.webp 720w, https:\/\/topfoodmachine.com\/wp-content\/uploads\/2024\/05\/noodles-300x225.webp 300w, https:\/\/topfoodmachine.com\/wp-content\/uploads\/2024\/05\/noodles-16x12.webp 16w\" sizes=\"auto, (max-width: 720px) 100vw, 720px\" \/><\/figure><\/div>    <h2 class=\"wp-block-heading\">Conclusion<\/h2>    <p class=\"translation-block\"><strong>La machine \u00e0 fabriquer des nouilles<\/strong>prend en charge la production de plusieurs vari\u00e9t\u00e9s de nouilles \u2014 des nouilles de ma\u00efs et de riz aux<a href=\"https:\/\/en.wikipedia.org\/wiki\/Amorphophallus_konjac\" data-type=\"link\" data-id=\"https:\/\/en.wikipedia.org\/wiki\/Amorphophallus_konjac\" target=\"_blank\" rel=\"noopener\">konjac<\/a>et sarrasin.<\/p>    <p>Gr\u00e2ce \u00e0 la conception d'extrusion continue et aux \u00e9quipements de support optionnels (m\u00e9langeurs, coupeurs, s\u00e9choirs), cette machine convient aussi bien aux petits commerces qu'aux usines de transformation alimentaire recherchant une qualit\u00e9 constante, une facilit\u00e9 d'utilisation et une diversit\u00e9 de produits.<\/p>","protected":false},"excerpt":{"rendered":"<p>La machine \u00e0 nouilles multifonctionnelle traite efficacement la farine, l'eau et d'autres mati\u00e8res premi\u00e8res en diff\u00e9rents types de nouilles, y compris des nouilles de ma\u00efs, des nouilles de sarrasin et des nouilles de riz, avec diff\u00e9rentes \u00e9paisseurs.<\/p>","protected":false},"author":1,"featured_media":1305,"parent":0,"template":"","tags":[28,25],"product-type":[6],"class_list":["post-1302","product","type-product","status-publish","has-post-thumbnail","hentry","tag-noodle","tag-pastry","product-type-pastry-production-machine"],"_links":{"self":[{"href":"https:\/\/topfoodmachine.com\/fr\/wp-json\/wp\/v2\/product\/1302","targetHints":{"allow":["GET"]}}],"collection":[{"href":"https:\/\/topfoodmachine.com\/fr\/wp-json\/wp\/v2\/product"}],"about":[{"href":"https:\/\/topfoodmachine.com\/fr\/wp-json\/wp\/v2\/types\/product"}],"author":[{"embeddable":true,"href":"https:\/\/topfoodmachine.com\/fr\/wp-json\/wp\/v2\/users\/1"}],"wp:featuredmedia":[{"embeddable":true,"href":"https:\/\/topfoodmachine.com\/fr\/wp-json\/wp\/v2\/media\/1305"}],"wp:attachment":[{"href":"https:\/\/topfoodmachine.com\/fr\/wp-json\/wp\/v2\/media?parent=1302"}],"wp:term":[{"taxonomy":"post_tag","embeddable":true,"href":"https:\/\/topfoodmachine.com\/fr\/wp-json\/wp\/v2\/tags?post=1302"},{"taxonomy":"product-type","embeddable":true,"href":"https:\/\/topfoodmachine.com\/fr\/wp-json\/wp\/v2\/product-type?post=1302"}],"curies":[{"name":"wp","href":"https:\/\/api.w.org\/{rel}","templated":true}]}}