{"id":1290,"date":"2024-05-10T14:54:23","date_gmt":"2024-05-10T06:54:23","guid":{"rendered":"https:\/\/topfoodmachine.com\/?post_type=product&#038;p=1290"},"modified":"2025-08-20T18:22:19","modified_gmt":"2025-08-20T10:22:19","slug":"ice-cream-cone-making-machine","status":"publish","type":"product","link":"https:\/\/topfoodmachine.com\/fr\/product\/ice-cream-cone-making-machine\/","title":{"rendered":"machine \u00e0 fabriquer des c\u00f4nes de glace"},"content":{"rendered":"<div class=\"kk-star-ratings kksr-auto kksr-align-left kksr-valign-top\"     data-payload='{&quot;align&quot;:&quot;left&quot;,&quot;id&quot;:&quot;1290&quot;,&quot;slug&quot;:&quot;default&quot;,&quot;valign&quot;:&quot;top&quot;,&quot;ignore&quot;:&quot;&quot;,&quot;reference&quot;:&quot;auto&quot;,&quot;class&quot;:&quot;&quot;,&quot;count&quot;:&quot;23&quot;,&quot;legendonly&quot;:&quot;&quot;,&quot;readonly&quot;:&quot;&quot;,&quot;score&quot;:&quot;4.7&quot;,&quot;starsonly&quot;:&quot;&quot;,&quot;best&quot;:&quot;5&quot;,&quot;gap&quot;:&quot;5&quot;,&quot;greet&quot;:&quot;Rate this product&quot;,&quot;legend&quot;:&quot;4.7\\\/5 - (23 votes)&quot;,&quot;size&quot;:&quot;24&quot;,&quot;title&quot;:&quot;Ice cream cone making machine&quot;,&quot;width&quot;:&quot;133.8&quot;,&quot;_legend&quot;:&quot;{score}\\\/{best} - ({count} {votes})&quot;,&quot;font_factor&quot;:&quot;1.25&quot;}'>              <div class=\"kksr-stars\">      <div class=\"kksr-stars-inactive\">             <div class=\"kksr-star\" data-star=\"1\" style=\"padding-right: 5px\">               <div class=\"kksr-icon\" style=\"width: 24px; height: 24px;\"><\/div>         <\/div>             <div class=\"kksr-star\" data-star=\"2\" style=\"padding-right: 5px\">               <div class=\"kksr-icon\" style=\"width: 24px; height: 24px;\"><\/div>         <\/div>             <div class=\"kksr-star\" data-star=\"3\" style=\"padding-right: 5px\">               <div class=\"kksr-icon\" style=\"width: 24px; height: 24px;\"><\/div>         <\/div>             <div class=\"kksr-star\" data-star=\"4\" style=\"padding-right: 5px\">               <div class=\"kksr-icon\" style=\"width: 24px; height: 24px;\"><\/div>         <\/div>             <div class=\"kksr-star\" data-star=\"5\" style=\"padding-right: 5px\">               <div class=\"kksr-icon\" style=\"width: 24px; height: 24px;\"><\/div>         <\/div>     <\/div>      <div class=\"kksr-stars-active\" style=\"width: 133.8px;\">             <div class=\"kksr-star\" style=\"padding-right: 5px\">               <div class=\"kksr-icon\" style=\"width: 24px; height: 24px;\"><\/div>         <\/div>             <div class=\"kksr-star\" style=\"padding-right: 5px\">               <div class=\"kksr-icon\" style=\"width: 24px; height: 24px;\"><\/div>         <\/div>             <div class=\"kksr-star\" style=\"padding-right: 5px\">               <div class=\"kksr-icon\" style=\"width: 24px; height: 24px;\"><\/div>         <\/div>             <div class=\"kksr-star\" style=\"padding-right: 5px\">               <div class=\"kksr-icon\" style=\"width: 24px; height: 24px;\"><\/div>         <\/div>             <div class=\"kksr-star\" style=\"padding-right: 5px\">               <div class=\"kksr-icon\" style=\"width: 24px; height: 24px;\"><\/div>         <\/div>     <\/div> <\/div>                   <div class=\"kksr-legend\" style=\"font-size: 19.2px;\">             4,7\/5 - (23 votes)    <\/div>     <\/div>  <p class=\"translation-block\">La <strong>machine \u00e0 fabriquer des cornets de glace<\/strong> est en acier inoxydable de haute qualit\u00e9, cette <strong>machine automatique \u00e0 cornets de glace<\/strong> garantit l'hygi\u00e8ne, la durabilit\u00e9 et un entretien facile. Avec une <strong>capacit\u00e9 de production allant de 250 \u00e0 3 000 pi\u00e8ces par heure<\/strong>, elle r\u00e9pond aux besoins des petites entreprises et des grandes usines. <\/p>    <p>La machine dispose d'un contr\u00f4le de temp\u00e9rature pr\u00e9cis, d'un chauffage rapide et d'une performance de cuisson constante, garantissant des cornets croustillants et uniformes \u00e0 chaque fois.<\/p>    <p class=\"translation-block\">Largement utilis\u00e9e dans les <strong>glaceries, les usines de transformation alimentaire et les cuisines commerciales<\/strong>, cette <strong>machine \u00e0 cornets commerciale<\/strong> am\u00e9liore la productivit\u00e9 tout en r\u00e9duisant les co\u00fbts de main-d'\u0153uvre. Ses moules personnalisables permettent diff\u00e9rentes formes et tailles de cornets, aidant les entreprises \u00e0 s'adapter \u00e0 la demande du march\u00e9. <\/p>    <figure class=\"wp-block-embed is-type-video is-provider-youtube wp-block-embed-youtube wp-embed-aspect-16-9 wp-has-aspect-ratio\"><div class=\"wp-block-embed__wrapper\"> <iframe loading=\"lazy\" title=\"Fabrication de c\u00f4nes de glace simplifi\u00e9e : Meilleures options de machines commerciales #glace #transformationalimentaire\" width=\"500\" height=\"281\" src=\"https:\/\/www.youtube.com\/embed\/UWmyxUEXWuc?feature=oembed\" frameborder=\"0\" allow=\"accelerometer; autoplay; clipboard-write; encrypted-media; gyroscope; picture-in-picture; web-share\" referrerpolicy=\"strict-origin-when-cross-origin\" allowfullscreen><\/iframe> <\/div><figcaption class=\"wp-element-caption\">Vid\u00e9o de fonctionnement de la machine \u00e0 fabriquer des c\u00f4nes de glace<\/figcaption><\/figure>    <h2 class=\"wp-block-heading\">machine \u00e0 fabriquer des c\u00f4nes de glace \u00e0 vendre<\/h2>    <div class=\"wp-block-media-text is-stacked-on-mobile\"><figure class=\"wp-block-media-text__media\"><img loading=\"lazy\" decoding=\"async\" width=\"720\" height=\"540\" src=\"https:\/\/topfoodmachine.com\/wp-content\/uploads\/2024\/05\/Ice-cream-cone-making-machine-molds.webp\" alt=\"Moules de machine \u00e0 fabriquer des c\u00f4nes de glace\" class=\"wp-image-1293 size-full\" srcset=\"https:\/\/topfoodmachine.com\/wp-content\/uploads\/2024\/05\/Ice-cream-cone-making-machine-molds.webp 720w, https:\/\/topfoodmachine.com\/wp-content\/uploads\/2024\/05\/Ice-cream-cone-making-machine-molds-300x225.webp 300w, https:\/\/topfoodmachine.com\/wp-content\/uploads\/2024\/05\/Ice-cream-cone-making-machine-molds-16x12.webp 16w\" sizes=\"auto, (max-width: 720px) 100vw, 720px\" \/><\/figure><div class=\"wp-block-media-text__content\"> <p><strong>Aper\u00e7u du produit<\/strong><\/p>    <ul class=\"wp-block-list\"> <li>\u200b<strong>Des produits<\/strong>. C\u00f4nes en gaufre personnalisables, tasses \u00e0 caf\u00e9 comestibles et formes cr\u00e9atives.<\/li>    <li>\u200b<strong>Taper<\/strong>. Machine \u00e0 c\u00f4nes de glace enti\u00e8rement automatis\u00e9e pour un usage commercial.<\/li>    <li>\u200b<strong>Capacit\u00e9<\/strong>. Production r\u00e9glable de<strong>250 \u00e0 3 000 pi\u00e8ces\/heure<\/strong>&nbsp;pour convenir aux petits caf\u00e9s ou aux grandes usines.<\/li> <\/ul>    <p><strong>Mod\u00e8les les plus recommand\u00e9s<\/strong><\/p>    <ul class=\"wp-block-list\"> <li>\u200b<strong>mod\u00e8le 24 c\u00f4nes<\/strong>. Id\u00e9al pour les boulangeries de taille moyenne ou les glaciers.<\/li>    <li>\u200b<strong>mod\u00e8le 32 c\u00f4nes<\/strong>. Parfait pour les lignes de production \u00e0 fort volume.<\/li> <\/ul> <\/div><\/div>    <div class=\"wp-block-media-text has-media-on-the-right is-stacked-on-mobile\"><div class=\"wp-block-media-text__content\"> <p><strong>Caract\u00e9ristiques principales<\/strong><\/p>    <ul class=\"wp-block-list\"> <li>\u200b<strong>Mat\u00e9riel<\/strong>: <ul class=\"wp-block-list\"> <li>\u200b<strong>Coque en acier inoxydable<\/strong>&nbsp;+<strong>moules en alliage d'aluminium<\/strong>&nbsp;\u2013 \u00c9l\u00e9gant, hygi\u00e9nique et r\u00e9sistant \u00e0 la corrosion.<\/li>    <li>\u200b<strong>Moules en fonte<\/strong>&nbsp;\u2013 Assure une distribution uniforme de la chaleur pour une texture constante.<\/li> <\/ul> <\/li>    <li>\u200b<strong>Conception<\/strong>: <ul class=\"wp-block-list\"> <li>\u200b<strong>Isolation antiadh\u00e9sive<\/strong>&nbsp;\u2013 Les rev\u00eatements de qualit\u00e9 alimentaire emp\u00eachent l'adh\u00e9rence des moules, garantissant la s\u00e9curit\u00e9 alimentaire.<\/li>    <li>\u200b<strong>Contr\u00f4le de temp\u00e9rature pr\u00e9cis<\/strong>&nbsp;\u2013 Maintient des conditions de cuisson optimales pour des c\u00f4nes croustillants et dor\u00e9s.<\/li> <\/ul> <\/li>    <li>\u200b<strong>Flexibilit\u00e9<\/strong>. Changez de moules en quelques minutes pour produire des formes et des tailles diverses.<\/li> <\/ul> <\/div><figure class=\"wp-block-media-text__media\"><img loading=\"lazy\" decoding=\"async\" width=\"720\" height=\"540\" src=\"https:\/\/topfoodmachine.com\/wp-content\/uploads\/2024\/05\/best-cone-maker.webp\" alt=\"meilleure machine \u00e0 c\u00f4nes\" class=\"wp-image-1291 size-full\" srcset=\"https:\/\/topfoodmachine.com\/wp-content\/uploads\/2024\/05\/best-cone-maker.webp 720w, https:\/\/topfoodmachine.com\/wp-content\/uploads\/2024\/05\/best-cone-maker-300x225.webp 300w, https:\/\/topfoodmachine.com\/wp-content\/uploads\/2024\/05\/best-cone-maker-16x12.webp 16w\" sizes=\"auto, (max-width: 720px) 100vw, 720px\" \/><\/figure><\/div>    <div class=\"wp-block-media-text is-stacked-on-mobile\"><figure class=\"wp-block-media-text__media\"><img loading=\"lazy\" decoding=\"async\" width=\"720\" height=\"540\" src=\"https:\/\/topfoodmachine.com\/wp-content\/uploads\/2024\/05\/commercial-Ice-cream-cone-making-machine.webp\" alt=\"machine commerciale \u00e0 fabriquer des c\u00f4nes de glace\" class=\"wp-image-1292 size-full\" srcset=\"https:\/\/topfoodmachine.com\/wp-content\/uploads\/2024\/05\/commercial-Ice-cream-cone-making-machine.webp 720w, https:\/\/topfoodmachine.com\/wp-content\/uploads\/2024\/05\/commercial-Ice-cream-cone-making-machine-300x225.webp 300w, https:\/\/topfoodmachine.com\/wp-content\/uploads\/2024\/05\/commercial-Ice-cream-cone-making-machine-16x12.webp 16w\" sizes=\"auto, (max-width: 720px) 100vw, 720px\" \/><\/figure><div class=\"wp-block-media-text__content\"> <p><strong>Construction durable<\/strong><\/p>    <ul class=\"wp-block-list\"> <li>\u200b<strong>Cadre<\/strong>. Profils et plaques en acier soud\u00e9s pour la stabilit\u00e9.<\/li>    <li>\u200b<strong>Composants critiques<\/strong>. Les pi\u00e8ces en acier inoxydable am\u00e9liorent la long\u00e9vit\u00e9 et la facilit\u00e9 de nettoyage.<\/li> <\/ul>    <p class=\"translation-block\"><strong>Id\u00e9al pour<\/strong>:<\/p>    <ul class=\"wp-block-list\"> <li>Glaceries, cha\u00eenes de caf\u00e9, usines de desserts et startups alimentaires.<\/li>    <li>Les entreprises priorisant<strong>l'hygi\u00e8ne<\/strong>,<strong>la vitesse<\/strong>, et<strong>la vari\u00e9t\u00e9 de produits<\/strong>.<\/li> <\/ul>    <p class=\"translation-block\"><strong>Avantages suppl\u00e9mentaires<\/strong>:<\/p>    <ul class=\"wp-block-list\"> <li>Entretien faible avec des pi\u00e8ces rempla\u00e7ables.<\/li>    <li>Conforme aux normes de s\u00e9curit\u00e9 alimentaire mondiales (par exemple, FDA, CE).<\/li> <\/ul> <\/div><\/div>    <h2 class=\"wp-block-heading\">Quels sont les mati\u00e8res premi\u00e8res du fabricant de c\u00f4nes ?<\/h2>    <div class=\"wp-block-media-text has-media-on-the-right is-stacked-on-mobile\"><div class=\"wp-block-media-text__content\"> <ul class=\"wp-block-list\"> <li><strong>Farine<\/strong>. Fournit structure et texture aux c\u00f4nes.<\/li>    <li><strong>Sucre<\/strong>. Ajoute de la douceur et aide \u00e0 obtenir une couleur dor\u00e9e lors de la cuisson.<\/li>    <li><strong class=\"\">\u0152ufs<\/strong>. Agir comme un agent liant, aidant \u00e0 lier les ingr\u00e9dients ensemble et \u00e0 fournir une structure au c\u00f4ne.<\/li>    <li><strong class=\"\">Lait<\/strong>. Ajoute de l'humidit\u00e9 et am\u00e9liore la texture et la saveur du c\u00f4ne.<\/li>    <li><strong class=\"\">Ar\u00f4mes<\/strong>. Comme l'extrait de vanille ou d'autres saveurs peuvent \u00eatre ajout\u00e9s pour am\u00e9liorer le go\u00fbt du c\u00f4ne&#8217;s.<\/li>    <li><strong>Sel<\/strong>. Est souvent ajout\u00e9 pour \u00e9quilibrer la douceur et am\u00e9liorer la texture.<\/li> <\/ul> <\/div><figure class=\"wp-block-media-text__media\"><img loading=\"lazy\" decoding=\"async\" width=\"720\" height=\"540\" src=\"https:\/\/topfoodmachine.com\/wp-content\/uploads\/2024\/05\/ice-cream-cone.webp\" alt=\"c\u00f4ne de glace\" class=\"wp-image-1294 size-full\" srcset=\"https:\/\/topfoodmachine.com\/wp-content\/uploads\/2024\/05\/ice-cream-cone.webp 720w, https:\/\/topfoodmachine.com\/wp-content\/uploads\/2024\/05\/ice-cream-cone-300x225.webp 300w, https:\/\/topfoodmachine.com\/wp-content\/uploads\/2024\/05\/ice-cream-cone-16x12.webp 16w\" sizes=\"auto, (max-width: 720px) 100vw, 720px\" \/><\/figure><\/div>    <h2 class=\"wp-block-heading\">Caract\u00e9ristiques cl\u00e9s de la glace \u00e0 la cr\u00e8me <a href=\"https:\/\/en.wikipedia.org\/wiki\/Wafer\" data-type=\"link\" data-id=\"https:\/\/en.wikipedia.org\/wiki\/Wafer\" target=\"_blank\" rel=\"noopener\">gaufre<\/a> machine<\/h2>    <div class=\"wp-block-media-text is-stacked-on-mobile\"><figure class=\"wp-block-media-text__media\"><img loading=\"lazy\" decoding=\"async\" width=\"720\" height=\"540\" src=\"https:\/\/topfoodmachine.com\/wp-content\/uploads\/2024\/05\/cone-maker.webp\" alt=\"machine \u00e0 c\u00f4nes\" class=\"wp-image-1296 size-full\" srcset=\"https:\/\/topfoodmachine.com\/wp-content\/uploads\/2024\/05\/cone-maker.webp 720w, https:\/\/topfoodmachine.com\/wp-content\/uploads\/2024\/05\/cone-maker-300x225.webp 300w, https:\/\/topfoodmachine.com\/wp-content\/uploads\/2024\/05\/cone-maker-16x12.webp 16w\" sizes=\"auto, (max-width: 720px) 100vw, 720px\" \/><\/figure><div class=\"wp-block-media-text__content\"> <ul class=\"wp-block-list\"> <li><strong>Qualit\u00e9 commerciale<\/strong> \u2013 Con\u00e7u pour une utilisation intensive dans <strong>des salons de cr\u00e8me glac\u00e9e, des caf\u00e9s, des boulangeries et des restaurants<\/strong>, garantissant une haute efficacit\u00e9 et fiabilit\u00e9. <\/li>    <li><strong>Production polyvalente<\/strong> \u2013 Peut produire <strong>des c\u00f4nes de gaufre personnalis\u00e9s, des tasses \u00e0 caf\u00e9 comestibles, des c\u00f4nes en sucre et des bols en gaufre<\/strong>, r\u00e9pondant \u00e0 des demandes clients diverses. <\/li>    <li><strong>Construction de haute qualit\u00e9<\/strong> \u2013 Construit avec une <strong>carapace en acier inoxydable et des moules en alliage d'aluminium<\/strong>, garantissant durabilit\u00e9, r\u00e9sistance \u00e0 la corrosion et une apparence \u00e9l\u00e9gante. <\/li> <\/ul> <\/div><\/div>    <div class=\"wp-block-media-text has-media-on-the-right is-stacked-on-mobile\"><div class=\"wp-block-media-text__content\"> <ul class=\"wp-block-list\"> <li><strong>Mod\u00e8les multiples disponibles<\/strong> \u2013 Offre une gamme de mod\u00e8les, avec les <strong>mod\u00e8les de 24 et 32 c\u00f4nes<\/strong> \u00e9tant fortement recommand\u00e9s pour <strong>une efficacit\u00e9 de production \u00e9lev\u00e9e et flexibilit\u00e9<\/strong>.<\/li>    <li><strong>Performance constante<\/strong> \u2013 Assure <strong>un chauffage uniforme et un contr\u00f4le pr\u00e9cis de la temp\u00e9rature<\/strong>, menant \u00e0 des c\u00f4nes cuits uniform\u00e9ment avec une texture parfaite.<\/li> <\/ul> <\/div><figure class=\"wp-block-media-text__media\"><img loading=\"lazy\" decoding=\"async\" width=\"720\" height=\"540\" src=\"https:\/\/topfoodmachine.com\/wp-content\/uploads\/2024\/05\/wafer-cone.webp\" alt=\"c\u00f4ne de gaufre\" class=\"wp-image-1295 size-full\" srcset=\"https:\/\/topfoodmachine.com\/wp-content\/uploads\/2024\/05\/wafer-cone.webp 720w, https:\/\/topfoodmachine.com\/wp-content\/uploads\/2024\/05\/wafer-cone-300x225.webp 300w, https:\/\/topfoodmachine.com\/wp-content\/uploads\/2024\/05\/wafer-cone-16x12.webp 16w\" sizes=\"auto, (max-width: 720px) 100vw, 720px\" \/><\/figure><\/div>    <div class=\"wp-block-media-text is-stacked-on-mobile\"><figure class=\"wp-block-media-text__media\"><img loading=\"lazy\" decoding=\"async\" width=\"720\" height=\"540\" src=\"https:\/\/topfoodmachine.com\/wp-content\/uploads\/2024\/05\/details-of-Ice-cream-cone-making-machine.webp\" alt=\"d\u00e9tails de la machine \u00e0 fabriquer des c\u00f4nes de glace\" class=\"wp-image-1297 size-full\" srcset=\"https:\/\/topfoodmachine.com\/wp-content\/uploads\/2024\/05\/details-of-Ice-cream-cone-making-machine.webp 720w, https:\/\/topfoodmachine.com\/wp-content\/uploads\/2024\/05\/details-of-Ice-cream-cone-making-machine-300x225.webp 300w, https:\/\/topfoodmachine.com\/wp-content\/uploads\/2024\/05\/details-of-Ice-cream-cone-making-machine-16x12.webp 16w\" sizes=\"auto, (max-width: 720px) 100vw, 720px\" \/><\/figure><div class=\"wp-block-media-text__content\"> <ul class=\"wp-block-list\"> <li><strong>Conception \u00e9conome en \u00e9nergie<\/strong> \u2013 Les \u00e9l\u00e9ments chauffants optimis\u00e9s aident <strong>\u00e0 r\u00e9duire la consommation d'\u00e9nergie tout en maintenant une haute efficacit\u00e9<\/strong>, en faisant une solution rentable.<\/li>    <li><strong>Mat\u00e9riaux de qualit\u00e9 alimentaire<\/strong> \u2013 \u00c9quip\u00e9 de <strong>moules \u00e0 c\u00f4nes en gaufre antiadh\u00e9sifs et de qualit\u00e9 alimentaire<\/strong> pour \u00e9viter le collage et garantir l'hygi\u00e8ne, la s\u00e9curit\u00e9 et une haute qualit\u00e9 de produit.<\/li> <\/ul> <\/div><\/div>    <h2 class=\"wp-block-heading\">Param\u00e8tres du fabricant de c\u00f4nes de glace<\/h2>    <figure class=\"wp-block-table\"><table><tbody><tr><td>Mod\u00e8le<\/td><td>DST-10<\/td><td>DST-12<\/td><td>DST-24<\/td><td>DST-24C<\/td><td>DST-32C<\/td><td>DST-40C<\/td><td>DST-60C<\/td><\/tr><tr><td>Capacit\u00e9 (pi\u00e8ces\/h)<\/td><td>250-300<\/td><td>300-350<\/td><td>600-800<\/td><td>600-800<\/td><td>800-1000<\/td><td>1200-1400<\/td><td>2400-3000<\/td><\/tr><tr><td>Pouvoir<\/td><td>4,5 kW<\/td><td>6.5kw<\/td><td>17kw<\/td><td>12kw<\/td><td>15kw<\/td><td>18 kW<\/td><td>21kw<\/td><\/tr><tr><td>Tension<\/td><td>220v<\/td><td>220v<\/td><td>220 V\/380 V<\/td><td>220 V\/380 V<\/td><td>220 V\/380 V<\/td><td>220 V\/380 V<\/td><td>220 V\/380 V<\/td><\/tr><tr><td>Taille de la machine (mm)<\/td><td>760\u00d7600\u00d71050<\/td><td>800\u00d7700\u00d7880<\/td><td>1050\u00d7800\u00d7900<\/td><td>730\u00d7800\u00d71370<\/td><td>880\u00d7880\u00d71380<\/td><td>1080\u00d7800\u00d71440<\/td><td>1260x1140x1640<\/td><\/tr><tr><td>Taille de l'emballage (mm)<\/td><td>970\u00d7680\u00d71200<\/td><td>940\u00d7760\u00d71070<\/td><td>1160\u00d7880\u00d71140<\/td><td>890\u00d7820\u00d71500<\/td><td>900\u00d71000\u00d71540<\/td><td>1180\u00d7920\u00d71650<\/td><td>1350x1250x1780<\/td><\/tr><tr><td>Poids (kg)<\/td><td>200<\/td><td>180<\/td><td>280<\/td><td>350<\/td><td>320<\/td><td>600<\/td><td>850<\/td><\/tr><\/tbody><\/table><figcaption class=\"wp-element-caption\">Param\u00e8tres de la machine \u00e0 fabriquer des c\u00f4nes de glace<\/figcaption><\/figure>    <h2 class=\"wp-block-heading\">FAQs sur la machine \u00e0 fabriquer des c\u00f4nes de glace<\/h2>   <div id=\"rank-math-faq\" class=\"rank-math-block\"> <div class=\"rank-math-list\"> <div id=\"faq-question-1715312540153\" class=\"rank-math-list-item\"> <h3 class=\"rank-math-question\">1. Quelle est la m\u00e9thode de chauffage ?<\/h3> <div class=\"rank-math-answer\">  <p>Chauffage \u00e9lectrique.<\/p>  <\/div> <\/div> <div id=\"faq-question-1715312611292\" class=\"rank-math-list-item\"> <h3 class=\"rank-math-question\">2. Quelle est la temp\u00e9rature de chauffage ?<\/h3> <div class=\"rank-math-answer\">  <p>Pr\u00e9r\u00e9glez la temp\u00e9rature de cuisson sur le contr\u00f4leur de temp\u00e9rature. Pour les nouvelles machines, le moule sup\u00e9rieur est g\u00e9n\u00e9ralement r\u00e9gl\u00e9 \u00e0 220\u00b0C et le moule inf\u00e9rieur \u00e0 200\u00b0C, puis l'alimentation est activ\u00e9e pour augmenter la temp\u00e9rature jusqu'\u00e0 atteindre la temp\u00e9rature r\u00e9gl\u00e9e (cela prend environ 30 \u00e0 40 minutes).<\/p>  <\/div> <\/div> <div id=\"faq-question-1715312717180\" class=\"rank-math-list-item\"> <h3 class=\"rank-math-question\">3. Cette machine a-t-elle besoin d'un compresseur d'air ?<\/h3> <div class=\"rank-math-answer\">  <p>Non.<\/p>  <\/div> <\/div> <div id=\"faq-question-1715312917589\" class=\"rank-math-list-item\"> <h3 class=\"rank-math-question\">4. Quels accessoires sont des pi\u00e8ces d'usure ?<\/h3> <div class=\"rank-math-answer\">  <p>1. Grattoir <br \/>2. Alimentateur <br \/>3. Chauffage \u00e9lectrique long <br \/>4. Tube de chauffage \u00e9lectrique court<\/p>  <\/div> <\/div> <div id=\"faq-question-1715320297564\" class=\"rank-math-list-item\"> <h3 class=\"rank-math-question\">5. Est-ce un c\u00f4ne en gaufre ou croustillant ?<\/h3> <div class=\"rank-math-answer\">  <p>Gaufre.<\/p>  <\/div> <\/div> <\/div> <\/div>   <figure class=\"wp-block-gallery has-nested-images columns-default is-cropped wp-block-gallery-2 is-layout-flex wp-block-gallery-is-layout-flex\"> <figure class=\"wp-block-image size-large\"><img loading=\"lazy\" decoding=\"async\" width=\"720\" height=\"540\" data-id=\"1298\" src=\"https:\/\/topfoodmachine.com\/wp-content\/uploads\/2024\/05\/Ice-cream-cone-making-machine-for-sale.webp\" alt=\"machine \u00e0 fabriquer des c\u00f4nes de glace \u00e0 vendre\" class=\"wp-image-1298\" srcset=\"https:\/\/topfoodmachine.com\/wp-content\/uploads\/2024\/05\/Ice-cream-cone-making-machine-for-sale.webp 720w, https:\/\/topfoodmachine.com\/wp-content\/uploads\/2024\/05\/Ice-cream-cone-making-machine-for-sale-300x225.webp 300w, https:\/\/topfoodmachine.com\/wp-content\/uploads\/2024\/05\/Ice-cream-cone-making-machine-for-sale-16x12.webp 16w\" sizes=\"auto, (max-width: 720px) 100vw, 720px\" \/><figcaption class=\"wp-element-caption\">machine \u00e0 fabriquer des c\u00f4nes de glace \u00e0 vendre<\/figcaption><\/figure>    <figure class=\"wp-block-image size-large\"><img loading=\"lazy\" decoding=\"async\" width=\"720\" height=\"540\" data-id=\"1299\" src=\"https:\/\/topfoodmachine.com\/wp-content\/uploads\/2024\/05\/ice-cream-wafer-machine.webp\" alt=\"machine \u00e0 gaufres\" class=\"wp-image-1299\" srcset=\"https:\/\/topfoodmachine.com\/wp-content\/uploads\/2024\/05\/ice-cream-wafer-machine.webp 720w, https:\/\/topfoodmachine.com\/wp-content\/uploads\/2024\/05\/ice-cream-wafer-machine-300x225.webp 300w, https:\/\/topfoodmachine.com\/wp-content\/uploads\/2024\/05\/ice-cream-wafer-machine-16x12.webp 16w\" sizes=\"auto, (max-width: 720px) 100vw, 720px\" \/><figcaption class=\"wp-element-caption\">machine \u00e0 gaufres<\/figcaption><\/figure> <\/figure>    <h2 class=\"wp-block-heading\">Conclusion<\/h2>    <p>En conclusion, notre machine \u00e0 fabriquer des cornets de glace offre un moyen facile et efficace de produire des cornets parfaitement form\u00e9s et croustillants pour votre glacerie, caf\u00e9 ou restaurant. <\/p>    <p class=\"translation-block\">En plus de la machine \u00e0 fabriquer des c\u00f4nes de glace, nous proposons \u00e9galement une <a href=\"https:\/\/topfoodmachine.com\/fr\/product\/egg-roll-machine\/\" data-type=\"link\" data-id=\"https:\/\/topfoodmachine.com\/product\/egg-roll-machine\/\">machine \u00e0 rouleaux d'\u0153ufs<\/a> pour r\u00e9pondre \u00e0 vos divers besoins. N'h\u00e9sitez pas \u00e0 nous contacter si vous avez des questions ou si vous avez besoin de plus d'informations. Nous sommes l\u00e0 pour vous servir.<\/p>    <figure class=\"wp-block-image size-full\"><img loading=\"lazy\" decoding=\"async\" width=\"720\" height=\"540\" src=\"https:\/\/topfoodmachine.com\/wp-content\/uploads\/2024\/05\/wafer-making-machine.webp\" alt=\"machine \u00e0 fabriquer des gaufres\" class=\"wp-image-1300\" srcset=\"https:\/\/topfoodmachine.com\/wp-content\/uploads\/2024\/05\/wafer-making-machine.webp 720w, https:\/\/topfoodmachine.com\/wp-content\/uploads\/2024\/05\/wafer-making-machine-300x225.webp 300w, https:\/\/topfoodmachine.com\/wp-content\/uploads\/2024\/05\/wafer-making-machine-16x12.webp 16w\" sizes=\"auto, (max-width: 720px) 100vw, 720px\" \/><figcaption class=\"wp-element-caption\">machine \u00e0 fabriquer des gaufres<\/figcaption><\/figure>","protected":false},"excerpt":{"rendered":"<p>La machine \u00e0 fabriquer des cornets de glace est en acier inoxydable de haute qualit\u00e9, cette machine automatique \u00e0 cornets de glace garantit l'hygi\u00e8ne, la durabilit\u00e9 et un entretien facile.<\/p>","protected":false},"author":1,"featured_media":1303,"parent":0,"template":"","tags":[30,29,114],"product-type":[6],"class_list":["post-1290","product","type-product","status-publish","has-post-thumbnail","hentry","tag-food-machine","tag-ice-cream","tag-ice-cream-cone-making-machine","product-type-pastry-production-machine"],"_links":{"self":[{"href":"https:\/\/topfoodmachine.com\/fr\/wp-json\/wp\/v2\/product\/1290","targetHints":{"allow":["GET"]}}],"collection":[{"href":"https:\/\/topfoodmachine.com\/fr\/wp-json\/wp\/v2\/product"}],"about":[{"href":"https:\/\/topfoodmachine.com\/fr\/wp-json\/wp\/v2\/types\/product"}],"author":[{"embeddable":true,"href":"https:\/\/topfoodmachine.com\/fr\/wp-json\/wp\/v2\/users\/1"}],"wp:featuredmedia":[{"embeddable":true,"href":"https:\/\/topfoodmachine.com\/fr\/wp-json\/wp\/v2\/media\/1303"}],"wp:attachment":[{"href":"https:\/\/topfoodmachine.com\/fr\/wp-json\/wp\/v2\/media?parent=1290"}],"wp:term":[{"taxonomy":"post_tag","embeddable":true,"href":"https:\/\/topfoodmachine.com\/fr\/wp-json\/wp\/v2\/tags?post=1290"},{"taxonomy":"product-type","embeddable":true,"href":"https:\/\/topfoodmachine.com\/fr\/wp-json\/wp\/v2\/product-type?post=1290"}],"curies":[{"name":"wp","href":"https:\/\/api.w.org\/{rel}","templated":true}]}}