{"id":1253,"date":"2024-05-08T15:23:14","date_gmt":"2024-05-08T07:23:14","guid":{"rendered":"https:\/\/topfoodmachine.com\/?post_type=product&#038;p=1253"},"modified":"2024-09-18T15:40:09","modified_gmt":"2024-09-18T07:40:09","slug":"automatic-dough-divider-rounder","status":"publish","type":"product","link":"https:\/\/topfoodmachine.com\/fr\/product\/automatic-dough-divider-rounder\/","title":{"rendered":"Machine automatique de division et de fa\u00e7onnage de p\u00e2te"},"content":{"rendered":"<div class=\"kk-star-ratings kksr-auto kksr-align-left kksr-valign-top\"     data-payload='{&quot;align&quot;:&quot;left&quot;,&quot;id&quot;:&quot;1253&quot;,&quot;slug&quot;:&quot;default&quot;,&quot;valign&quot;:&quot;top&quot;,&quot;ignore&quot;:&quot;&quot;,&quot;reference&quot;:&quot;auto&quot;,&quot;class&quot;:&quot;&quot;,&quot;count&quot;:&quot;13&quot;,&quot;legendonly&quot;:&quot;&quot;,&quot;readonly&quot;:&quot;&quot;,&quot;score&quot;:&quot;4.8&quot;,&quot;starsonly&quot;:&quot;&quot;,&quot;best&quot;:&quot;5&quot;,&quot;gap&quot;:&quot;5&quot;,&quot;greet&quot;:&quot;Rate this product&quot;,&quot;legend&quot;:&quot;4.8\\\/5 - (13 votes)&quot;,&quot;size&quot;:&quot;24&quot;,&quot;title&quot;:&quot;Automatic Dough Divider Rounder Machine&quot;,&quot;width&quot;:&quot;136.7&quot;,&quot;_legend&quot;:&quot;{score}\\\/{best} - ({count} {votes})&quot;,&quot;font_factor&quot;:&quot;1.25&quot;}'>              <div class=\"kksr-stars\">      <div class=\"kksr-stars-inactive\">             <div class=\"kksr-star\" data-star=\"1\" style=\"padding-right: 5px\">               <div class=\"kksr-icon\" style=\"width: 24px; height: 24px;\"><\/div>         <\/div>             <div class=\"kksr-star\" data-star=\"2\" style=\"padding-right: 5px\">               <div class=\"kksr-icon\" style=\"width: 24px; height: 24px;\"><\/div>         <\/div>             <div class=\"kksr-star\" data-star=\"3\" style=\"padding-right: 5px\">               <div class=\"kksr-icon\" style=\"width: 24px; height: 24px;\"><\/div>         <\/div>             <div class=\"kksr-star\" data-star=\"4\" style=\"padding-right: 5px\">               <div class=\"kksr-icon\" style=\"width: 24px; height: 24px;\"><\/div>         <\/div>             <div class=\"kksr-star\" data-star=\"5\" style=\"padding-right: 5px\">               <div class=\"kksr-icon\" style=\"width: 24px; height: 24px;\"><\/div>         <\/div>     <\/div>      <div class=\"kksr-stars-active\" style=\"width: 136.7px;\">             <div class=\"kksr-star\" style=\"padding-right: 5px\">               <div class=\"kksr-icon\" style=\"width: 24px; height: 24px;\"><\/div>         <\/div>             <div class=\"kksr-star\" style=\"padding-right: 5px\">               <div class=\"kksr-icon\" style=\"width: 24px; height: 24px;\"><\/div>         <\/div>             <div class=\"kksr-star\" style=\"padding-right: 5px\">               <div class=\"kksr-icon\" style=\"width: 24px; height: 24px;\"><\/div>         <\/div>             <div class=\"kksr-star\" style=\"padding-right: 5px\">               <div class=\"kksr-icon\" style=\"width: 24px; height: 24px;\"><\/div>         <\/div>             <div class=\"kksr-star\" style=\"padding-right: 5px\">               <div class=\"kksr-icon\" style=\"width: 24px; height: 24px;\"><\/div>         <\/div>     <\/div> <\/div>                   <div class=\"kksr-legend\" style=\"font-size: 19.2px;\">             4,8\/5 - (13 votes)    <\/div>     <\/div>  <p>La machine automatique de division et de fa\u00e7onnage de p\u00e2te peut couper et fa\u00e7onner efficacement divers produits de p\u00e2tisserie tels que le pain, le g\u00e2teau et les petits pains cuits \u00e0 la vapeur. Con\u00e7ue pour la polyvalence et la pr\u00e9cision, cette machine est disponible en deux mod\u00e8les : \u00e9lectrique et pneumatique. <\/p>    <p>Elle offre une capacit\u00e9 de 150-200 kg\/h, ce qui la rend id\u00e9ale pour des environnements allant des usines de transformation alimentaire de p\u00e2tisserie anim\u00e9es aux charmantes boulangeries. <\/p>    <p>En automatisant les t\u00e2ches de division et de fa\u00e7onnage de la p\u00e2te, notre machine r\u00e9duit non seulement consid\u00e9rablement les co\u00fbts de main-d'\u0153uvre et de temps, mais garantit \u00e9galement que chaque boule de p\u00e2te est form\u00e9e de mani\u00e8re coh\u00e9rente \u00e0 la perfection.<\/p>    <figure class=\"wp-block-embed is-type-video is-provider-youtube wp-block-embed-youtube wp-embed-aspect-16-9 wp-has-aspect-ratio\"><div class=\"wp-block-embed__wrapper\"> <iframe loading=\"lazy\" title=\"Diviseur et fa\u00e7onneur de p\u00e2te automatique commercial en action #traitementalimentaire #machinealimentaire #p\u00e2te\" width=\"500\" height=\"281\" src=\"https:\/\/www.youtube.com\/embed\/Cj6xAoSfAPg?feature=oembed\" frameborder=\"0\" allow=\"accelerometer; autoplay; clipboard-write; encrypted-media; gyroscope; picture-in-picture; web-share\" referrerpolicy=\"strict-origin-when-cross-origin\" allowfullscreen><\/iframe> <\/div><figcaption class=\"wp-element-caption\">Vid\u00e9o de travail de la machine automatique de division et de fa\u00e7onnage de p\u00e2te<\/figcaption><\/figure>    <h2 class=\"wp-block-heading\">Machine commerciale de d\u00e9coupe de boules de p\u00e2te \u00e0 pizza <\/h2>    <p>Notre machine commerciale de d\u00e9coupe de boules de p\u00e2te \u00e0 pizza est con\u00e7ue pour un portionnement pr\u00e9cis de la p\u00e2te, garantissant un poids constant pour chaque portion. Nous proposons deux mod\u00e8les pour r\u00e9pondre \u00e0 diff\u00e9rents besoins :<\/p>    <ul class=\"wp-block-list\"> <li>Mod\u00e8le \u00e9lectrique. Offre une pr\u00e9cision am\u00e9lior\u00e9e, garantissant un portionnement de p\u00e2te tr\u00e8s pr\u00e9cis et coh\u00e9rent.<\/li>    <li>Mod\u00e8le pneumatique. Une alternative fiable qui fournit un portionnement fiable pour des exigences standard.<\/li> <\/ul>    <p>\u00c9quip\u00e9e d'un convoyeur \u00e0 vis, cette machine peut \u00eatre personnalis\u00e9e avec trois types diff\u00e9rents de moules pour s'adapter \u00e0 diverses tailles et formes de p\u00e2te. <\/p>    <figure class=\"wp-block-gallery has-nested-images columns-default is-cropped wp-block-gallery-2 is-layout-flex wp-block-gallery-is-layout-flex\"> <figure class=\"wp-block-image size-large\"><img loading=\"lazy\" decoding=\"async\" width=\"720\" height=\"540\" data-id=\"1254\" src=\"https:\/\/topfoodmachine.com\/wp-content\/uploads\/2024\/05\/electric-Dough-Divider-Rounder.webp\" alt=\"Diviseur rond \u00e9lectrique\" class=\"wp-image-1254\" srcset=\"https:\/\/topfoodmachine.com\/wp-content\/uploads\/2024\/05\/electric-Dough-Divider-Rounder.webp 720w, https:\/\/topfoodmachine.com\/wp-content\/uploads\/2024\/05\/electric-Dough-Divider-Rounder-300x225.webp 300w, https:\/\/topfoodmachine.com\/wp-content\/uploads\/2024\/05\/electric-Dough-Divider-Rounder-16x12.webp 16w\" sizes=\"auto, (max-width: 720px) 100vw, 720px\" \/><figcaption class=\"wp-element-caption\">Diviseur rond \u00e9lectrique<\/figcaption><\/figure>    <figure class=\"wp-block-image size-large\"><img loading=\"lazy\" decoding=\"async\" width=\"720\" height=\"540\" data-id=\"1255\" src=\"https:\/\/topfoodmachine.com\/wp-content\/uploads\/2024\/05\/pneumatic-pizza-dough-cutting-machine.webp\" alt=\"machine de d\u00e9coupe de p\u00e2te \u00e0 pizza pneumatique\" class=\"wp-image-1255\" srcset=\"https:\/\/topfoodmachine.com\/wp-content\/uploads\/2024\/05\/pneumatic-pizza-dough-cutting-machine.webp 720w, https:\/\/topfoodmachine.com\/wp-content\/uploads\/2024\/05\/pneumatic-pizza-dough-cutting-machine-300x225.webp 300w, https:\/\/topfoodmachine.com\/wp-content\/uploads\/2024\/05\/pneumatic-pizza-dough-cutting-machine-16x12.webp 16w\" sizes=\"auto, (max-width: 720px) 100vw, 720px\" \/><figcaption class=\"wp-element-caption\">machine de d\u00e9coupe de p\u00e2te \u00e0 pizza pneumatique<\/figcaption><\/figure> <\/figure>    <h2 class=\"wp-block-heading\">Large application du diviseur et fa\u00e7onneur de p\u00e2te<\/h2>    <p>Le diviseur et le fa\u00e7onneur de p\u00e2te trouvent une large application dans divers environnements de production alimentaire, en particulier dans les boulangeries, les p\u00e2tisseries et les cuisines commerciales. Voici pourquoi il est si largement utilis\u00e9 :<\/p>    <div class=\"wp-block-media-text is-stacked-on-mobile\"><figure class=\"wp-block-media-text__media\"><img loading=\"lazy\" decoding=\"async\" width=\"720\" height=\"540\" src=\"https:\/\/topfoodmachine.com\/wp-content\/uploads\/2024\/05\/breads.webp\" alt=\"pains\" class=\"wp-image-1617 size-full\" srcset=\"https:\/\/topfoodmachine.com\/wp-content\/uploads\/2024\/05\/breads.webp 720w, https:\/\/topfoodmachine.com\/wp-content\/uploads\/2024\/05\/breads-300x225.webp 300w, https:\/\/topfoodmachine.com\/wp-content\/uploads\/2024\/05\/breads-16x12.webp 16w\" sizes=\"auto, (max-width: 720px) 100vw, 720px\" \/><\/figure><div class=\"wp-block-media-text__content\"> <h3 class=\"wp-block-heading\">Boulangeries<\/h3>    <p class=\"translation-block\"><strong>Petits pains et petits pains<\/strong>. Id\u00e9al pour diviser et fa\u00e7onner la p\u00e2te pour divers types de petits pains et petits pains, tels que les petits pains \u00e0 hamburger, les petits pains \u00e0 hot-dog et les petits pains du d\u00eener.<\/p>    <p class=\"translation-block\"><strong>Production de pain<\/strong>. Utilis\u00e9 de mani\u00e8re extensive dans la production de pain, garantissant une taille et un poids uniformes des portions de p\u00e2te pour des r\u00e9sultats de cuisson coh\u00e9rents.<\/p> <\/div><\/div>    <div class=\"wp-block-media-text has-media-on-the-right is-stacked-on-mobile\"><div class=\"wp-block-media-text__content\"> <h3 class=\"wp-block-heading\">Boulangeries<\/h3>    <p class=\"translation-block\"><strong>Petits pains sucr\u00e9s et petits pains \u00e0 la cannelle<\/strong>. Parfait pour cr\u00e9er des portions uniformes de p\u00e2te pour des petits pains sucr\u00e9s, des petits pains \u00e0 la cannelle et d'autres p\u00e2tisseries.<\/p>    <p class=\"translation-block\"><strong>Croissants et p\u00e2tisseries danoises<\/strong>. Aide \u00e0 diviser et fa\u00e7onner la p\u00e2te pour des p\u00e2tisseries feuillet\u00e9es comme les croissants et les p\u00e2tisseries danoises.<\/p> <\/div><figure class=\"wp-block-media-text__media\"><img loading=\"lazy\" decoding=\"async\" width=\"720\" height=\"540\" src=\"https:\/\/topfoodmachine.com\/wp-content\/uploads\/2024\/05\/croissant.webp\" alt=\"croissant\" class=\"wp-image-1614 size-full\" srcset=\"https:\/\/topfoodmachine.com\/wp-content\/uploads\/2024\/05\/croissant.webp 720w, https:\/\/topfoodmachine.com\/wp-content\/uploads\/2024\/05\/croissant-300x225.webp 300w, https:\/\/topfoodmachine.com\/wp-content\/uploads\/2024\/05\/croissant-16x12.webp 16w\" sizes=\"auto, (max-width: 720px) 100vw, 720px\" \/><\/figure><\/div>    <div class=\"wp-block-media-text is-stacked-on-mobile\"><figure class=\"wp-block-media-text__media\"><img loading=\"lazy\" decoding=\"async\" width=\"720\" height=\"540\" src=\"https:\/\/topfoodmachine.com\/wp-content\/uploads\/2024\/05\/pizza.webp\" alt=\"pizza\" class=\"wp-image-1615 size-full\" srcset=\"https:\/\/topfoodmachine.com\/wp-content\/uploads\/2024\/05\/pizza.webp 720w, https:\/\/topfoodmachine.com\/wp-content\/uploads\/2024\/05\/pizza-300x225.webp 300w, https:\/\/topfoodmachine.com\/wp-content\/uploads\/2024\/05\/pizza-16x12.webp 16w\" sizes=\"auto, (max-width: 720px) 100vw, 720px\" \/><\/figure><div class=\"wp-block-media-text__content\"> <h3 class=\"wp-block-heading\">Cuisines commerciales<\/h3>    <p class=\"translation-block\"><strong>Production de tortillas et de pains plats<\/strong>. Utile pour diviser et fa\u00e7onner la p\u00e2te pour des tortillas, des pains plats et d'autres produits similaires.<\/p>    <p class=\"translation-block\"><strong>Production de pizza<\/strong>. Utilis\u00e9 dans les pizzerias pour diviser et fa\u00e7onner la p\u00e2te pour les bases de pizza, garantissant la coh\u00e9rence de la taille et de l'\u00e9paisseur.<\/p> <\/div><\/div>    <h2 class=\"wp-block-heading\">Machine de soutien du diviseur et fa\u00e7onneur de p\u00e2te \u00e0 pizza<\/h2>    <p>Notre diviseur et fa\u00e7onneur de p\u00e2te \u00e0 pizza s'associe parfaitement \u00e0 une machine de fa\u00e7onnage pour am\u00e9liorer la qualit\u00e9 et l'apparence de vos portions de p\u00e2te. Cette combinaison garantit non seulement une division pr\u00e9cise, mais perfectionne \u00e9galement le processus de fa\u00e7onnage, r\u00e9sultant en boules de p\u00e2te uniformes et esth\u00e9tiquement plaisantes.<\/p>    <figure class=\"wp-block-image size-full\"><img loading=\"lazy\" decoding=\"async\" width=\"720\" height=\"540\" src=\"https:\/\/topfoodmachine.com\/wp-content\/uploads\/2024\/05\/commercial-dough-dividing-machine.webp\" alt=\"machine commerciale de division de p\u00e2te\" class=\"wp-image-1257\" srcset=\"https:\/\/topfoodmachine.com\/wp-content\/uploads\/2024\/05\/commercial-dough-dividing-machine.webp 720w, https:\/\/topfoodmachine.com\/wp-content\/uploads\/2024\/05\/commercial-dough-dividing-machine-300x225.webp 300w, https:\/\/topfoodmachine.com\/wp-content\/uploads\/2024\/05\/commercial-dough-dividing-machine-16x12.webp 16w\" sizes=\"auto, (max-width: 720px) 100vw, 720px\" \/><figcaption class=\"wp-element-caption\">machine commerciale de division de p\u00e2te<\/figcaption><\/figure>    <h3 class=\"wp-block-heading\"><strong>Avantages cl\u00e9s<\/strong><\/h3>    <ul class=\"wp-block-list\"> <li><strong>Division pr\u00e9cise de la p\u00e2te<\/strong>. Permet un portionnement pr\u00e9cis de la p\u00e2te pour des r\u00e9sultats coh\u00e9rents.<\/li>    <li><strong>Rounding parfait<\/strong>. Am\u00e9liore l'apparence de chaque boule de p\u00e2te, les rendant plus rondes et plus attrayantes visuellement.<\/li>    <li><strong>Qualit\u00e9 constante<\/strong>. R\u00e9pond aux normes \u00e9lev\u00e9es d'apparence et de qualit\u00e9 requises par les boulangeries, les pizzerias et les cuisines commerciales.<\/li> <\/ul>    <p>En int\u00e9grant notre machine de fa\u00e7onnage, notre diviseur de p\u00e2te \u00e0 pizza fournit une solution efficace et fiable pour la pr\u00e9paration de la p\u00e2te. Cette configuration rationalise votre processus de production tout en garantissant une excellente coh\u00e9rence et pr\u00e9sentation du produit.<\/p>    <figure class=\"wp-block-gallery has-nested-images columns-default is-cropped wp-block-gallery-3 is-layout-flex wp-block-gallery-is-layout-flex\"> <figure class=\"wp-block-image size-large\"><img loading=\"lazy\" decoding=\"async\" width=\"720\" height=\"540\" data-id=\"1262\" src=\"https:\/\/topfoodmachine.com\/wp-content\/uploads\/2024\/05\/dough.webp\" alt=\"p\u00e2te\" class=\"wp-image-1262\" srcset=\"https:\/\/topfoodmachine.com\/wp-content\/uploads\/2024\/05\/dough.webp 720w, https:\/\/topfoodmachine.com\/wp-content\/uploads\/2024\/05\/dough-300x225.webp 300w, https:\/\/topfoodmachine.com\/wp-content\/uploads\/2024\/05\/dough-16x12.webp 16w\" sizes=\"auto, (max-width: 720px) 100vw, 720px\" \/><figcaption class=\"wp-element-caption\">p\u00e2te<\/figcaption><\/figure>    <figure class=\"wp-block-image size-full\"><img loading=\"lazy\" decoding=\"async\" width=\"720\" height=\"540\" data-id=\"1264\" src=\"https:\/\/topfoodmachine.com\/wp-content\/uploads\/2024\/05\/pizza-dough-3.webp\" alt=\"p\u00e2te \u00e0 pizza\" class=\"wp-image-1264\" srcset=\"https:\/\/topfoodmachine.com\/wp-content\/uploads\/2024\/05\/pizza-dough-3.webp 720w, https:\/\/topfoodmachine.com\/wp-content\/uploads\/2024\/05\/pizza-dough-3-300x225.webp 300w, https:\/\/topfoodmachine.com\/wp-content\/uploads\/2024\/05\/pizza-dough-3-16x12.webp 16w\" sizes=\"auto, (max-width: 720px) 100vw, 720px\" \/><figcaption class=\"wp-element-caption\">p\u00e2te \u00e0 pizza<\/figcaption><\/figure> <\/figure>    <h2 class=\"wp-block-heading\">Param\u00e8tres de la machine de division de p\u00e2te<\/h2>    <figure class=\"wp-block-table\"><table><tbody><tr><td>Tension<\/td><td>220v<\/td><\/tr><tr><td>Pouvoir<\/td><td>400w<\/td><\/tr><tr><td>Taille<\/td><td>59*42*64cm<\/td><\/tr><tr><td>Capacit\u00e9<\/td><td>150-200kg\/h<\/td><\/tr><\/tbody><\/table><figcaption class=\"wp-element-caption\">param\u00e8tres du diviseur et fa\u00e7onneur de p\u00e2te<\/figcaption><\/figure>    <figure class=\"wp-block-image size-full\"><img loading=\"lazy\" decoding=\"async\" width=\"720\" height=\"540\" src=\"https:\/\/topfoodmachine.com\/wp-content\/uploads\/2024\/05\/automatic-dough-dividing-machine.webp\" alt=\"machine automatique de division de p\u00e2te\" class=\"wp-image-1256\" srcset=\"https:\/\/topfoodmachine.com\/wp-content\/uploads\/2024\/05\/automatic-dough-dividing-machine.webp 720w, https:\/\/topfoodmachine.com\/wp-content\/uploads\/2024\/05\/automatic-dough-dividing-machine-300x225.webp 300w, https:\/\/topfoodmachine.com\/wp-content\/uploads\/2024\/05\/automatic-dough-dividing-machine-16x12.webp 16w\" sizes=\"auto, (max-width: 720px) 100vw, 720px\" \/><figcaption class=\"wp-element-caption\">machine automatique de division de p\u00e2te<\/figcaption><\/figure>    <h2 class=\"wp-block-heading\">Principaux avantages de la machine de division de p\u00e2te<\/h2>    <ul class=\"wp-block-list\"> <li><strong>Traitement efficace de la p\u00e2te.<\/strong> Cette machine est con\u00e7ue pour un traitement optimal de la p\u00e2te, capable de traiter 500 kg de farine avec 350 g d'eau ajout\u00e9e, offrant des r\u00e9sultats constamment excellents.<\/li>    <li><strong>Taille et poids de p\u00e2te ajustables.<\/strong> Elle permet un ajustement facile de la taille et du poids des boules de p\u00e2te \u00e0 l'aide de diff\u00e9rents moules. La plage d'ajustement de la p\u00e2te va de 0 \u00e0 500 g, permettant une op\u00e9ration polyvalente et une personnalisation.<\/li>    <li><strong>Haute efficacit\u00e9 de transmission et s\u00e9curit\u00e9.<\/strong> Dot\u00e9e d'une structure compacte et d'une haute efficacit\u00e9 de transmission, la machine int\u00e8gre un m\u00e9canisme d'embrayage m\u00e9canique dans la partie quantitative. Ce design am\u00e9liore la s\u00e9curit\u00e9, la fiabilit\u00e9 et simplifie l'entretien.<\/li> <\/ul>    <figure class=\"wp-block-gallery has-nested-images columns-default is-cropped wp-block-gallery-4 is-layout-flex wp-block-gallery-is-layout-flex\"> <figure class=\"wp-block-image size-large\"><img loading=\"lazy\" decoding=\"async\" width=\"720\" height=\"540\" data-id=\"1258\" src=\"https:\/\/topfoodmachine.com\/wp-content\/uploads\/2024\/05\/details-of-dough-dividing-machine.webp\" alt=\"d\u00e9tails de la machine de division de p\u00e2te\" class=\"wp-image-1258\" srcset=\"https:\/\/topfoodmachine.com\/wp-content\/uploads\/2024\/05\/details-of-dough-dividing-machine.webp 720w, https:\/\/topfoodmachine.com\/wp-content\/uploads\/2024\/05\/details-of-dough-dividing-machine-300x225.webp 300w, https:\/\/topfoodmachine.com\/wp-content\/uploads\/2024\/05\/details-of-dough-dividing-machine-16x12.webp 16w\" sizes=\"auto, (max-width: 720px) 100vw, 720px\" \/><figcaption class=\"wp-element-caption\">d\u00e9tails de la machine de division de p\u00e2te<\/figcaption><\/figure>    <figure class=\"wp-block-image size-large\"><img loading=\"lazy\" decoding=\"async\" width=\"720\" height=\"540\" data-id=\"1259\" src=\"https:\/\/topfoodmachine.com\/wp-content\/uploads\/2024\/05\/dough-divider-rounder-moulds.webp\" alt=\"moules de diviseur et fa\u00e7onneur de p\u00e2te\" class=\"wp-image-1259\" srcset=\"https:\/\/topfoodmachine.com\/wp-content\/uploads\/2024\/05\/dough-divider-rounder-moulds.webp 720w, https:\/\/topfoodmachine.com\/wp-content\/uploads\/2024\/05\/dough-divider-rounder-moulds-300x225.webp 300w, https:\/\/topfoodmachine.com\/wp-content\/uploads\/2024\/05\/dough-divider-rounder-moulds-16x12.webp 16w\" sizes=\"auto, (max-width: 720px) 100vw, 720px\" \/><figcaption class=\"wp-element-caption\">moules de diviseur et fa\u00e7onneur de p\u00e2te<\/figcaption><\/figure> <\/figure>    <h2 class=\"wp-block-heading\">Questions fr\u00e9quentes sur la machine de division et de fa\u00e7onnage de p\u00e2te<\/h2>   <div id=\"rank-math-faq\" class=\"rank-math-block\"> <div class=\"rank-math-list\"> <div id=\"faq-question-1726638992206\" class=\"rank-math-list-item\"> <h3 class=\"rank-math-question\"><strong>Quelle est la diff\u00e9rence entre les mod\u00e8les \u00e9lectriques et pneumatiques ?<\/strong><\/h3> <div class=\"rank-math-answer\">  <p>Le mod\u00e8le \u00e9lectrique offre une pr\u00e9cision sup\u00e9rieure dans le portionnement de la p\u00e2te par rapport au mod\u00e8le pneumatique. Les deux mod\u00e8les sont con\u00e7us pour s'adapter \u00e0 diff\u00e9rents besoins op\u00e9rationnels et environnements.<\/p>  <\/div> <\/div> <div id=\"faq-question-1726639029577\" class=\"rank-math-list-item\"> <h3 class=\"rank-math-question\">La machine peut-elle \u00eatre ajust\u00e9e pour diff\u00e9rentes tailles et poids de p\u00e2te ?<\/h3> <div class=\"rank-math-answer\">  <p>Oui, la machine peut \u00eatre \u00e9quip\u00e9e de diff\u00e9rents moules pour s'adapter \u00e0 diverses tailles et formes de p\u00e2te, garantissant ainsi une flexibilit\u00e9 dans la production.<\/p>  <\/div> <\/div> <div id=\"faq-question-1726639056590\" class=\"rank-math-list-item\"> <h3 class=\"rank-math-question\">Y a-t-il des options de personnalisation disponibles ?<\/h3> <div class=\"rank-math-answer\">  <p>Oui, nous proposons diverses options de personnalisation, y compris diff\u00e9rents types et tailles de moules, pour r\u00e9pondre \u00e0 des exigences et pr\u00e9f\u00e9rences de production sp\u00e9cifiques.<\/p>  <\/div> <\/div> <div id=\"faq-question-1726639122900\" class=\"rank-math-list-item\"> <h3 class=\"rank-math-question\">Quel est le prix de la machine automatique de division et de fa\u00e7onnage de p\u00e2te ?<\/h3> <div class=\"rank-math-answer\">  <p>Le prix de la machine automatique \u00e0 diviser et arrondir la p\u00e2te varie en fonction du mod\u00e8le (\u00e9lectrique ou pneumatique), de la capacit\u00e9 et des options de personnalisation. <br \/>Pour un devis d\u00e9taill\u00e9, veuillez nous contacter directement avec vos exigences sp\u00e9cifiques. Nous offrons des prix comp\u00e9titifs et pouvons proposer des r\u00e9ductions pour les commandes en gros ou les partenariats \u00e0 long terme.<\/p>  <\/div> <\/div> <\/div> <\/div>   <h2 class=\"wp-block-heading\">Pourquoi nous choisir?<\/h2>    <p>Choisir notre machine automatique de division et de fa\u00e7onnage de p\u00e2te s'accompagne de l'avantage suppl\u00e9mentaire de s'associer \u00e0 une entreprise reconnue pour ses forces et son service exceptionnel.<\/p>    <div class=\"wp-block-media-text is-stacked-on-mobile\"><figure class=\"wp-block-media-text__media\"><img loading=\"lazy\" decoding=\"async\" width=\"720\" height=\"540\" src=\"https:\/\/topfoodmachine.com\/wp-content\/uploads\/2024\/05\/dough-divider-rounder-supplier.webp\" alt=\"fournisseur de diviseur et fa\u00e7onneur de p\u00e2te\" class=\"wp-image-1260 size-full\" srcset=\"https:\/\/topfoodmachine.com\/wp-content\/uploads\/2024\/05\/dough-divider-rounder-supplier.webp 720w, https:\/\/topfoodmachine.com\/wp-content\/uploads\/2024\/05\/dough-divider-rounder-supplier-300x225.webp 300w, https:\/\/topfoodmachine.com\/wp-content\/uploads\/2024\/05\/dough-divider-rounder-supplier-16x12.webp 16w\" sizes=\"auto, (max-width: 720px) 100vw, 720px\" \/><\/figure><div class=\"wp-block-media-text__content\"> <ul class=\"wp-block-list\"> <li><strong>Logistique rapide.<\/strong> Nous garantissons une livraison rapide de votre machine, minimisant les temps d'arr\u00eat et maintenant votre production dans les d\u00e9lais.<\/li>    <li><strong>Excellent service client.<\/strong> Notre \u00e9quipe de support d\u00e9di\u00e9e s'engage \u00e0 fournir une assistance amicale et comp\u00e9tente, de l'installation \u00e0 l'entretien continu.<\/li>    <li><strong>Forte exp\u00e9rience de l'entreprise.<\/strong> Avec des ann\u00e9es d'exp\u00e9rience dans l'industrie et une solide r\u00e9putation, nous offrons un \u00e9quipement fiable et de haute qualit\u00e9 qui r\u00e9pond aux normes les plus \u00e9lev\u00e9es.<\/li> <\/ul> <\/div><\/div>    <p>En nous choisissant, vous b\u00e9n\u00e9ficiez non seulement d'un \u00e9quipement de premier ordre, mais \u00e9galement d'un partenaire fiable d\u00e9di\u00e9 \u00e0 soutenir votre succ\u00e8s.<\/p>    <h2 class=\"wp-block-heading\">Conclusion<\/h2>    <p class=\"translation-block\">En conclusion, la machine automatique de <a href=\"https:\/\/en.wikipedia.org\/wiki\/Dough\" data-type=\"link\" data-id=\"https:\/\/en.wikipedia.org\/wiki\/Dough\" target=\"_blank\" rel=\"noopener\">p\u00e2te<\/a> de division et de fa\u00e7onnage offre une efficacit\u00e9 et une pr\u00e9cision exceptionnelles pour vos besoins de traitement de p\u00e2te, livrant des boules de p\u00e2te coh\u00e9rentes et parfaitement form\u00e9es \u00e0 chaque fois. <\/p>    <figure class=\"wp-block-image size-full\"><img loading=\"lazy\" decoding=\"async\" width=\"720\" height=\"540\" src=\"https:\/\/topfoodmachine.com\/wp-content\/uploads\/2024\/05\/Noodle-maker-machine.webp\" alt=\"Machine \u00e0 nouilles\" class=\"wp-image-1305\" srcset=\"https:\/\/topfoodmachine.com\/wp-content\/uploads\/2024\/05\/Noodle-maker-machine.webp 720w, https:\/\/topfoodmachine.com\/wp-content\/uploads\/2024\/05\/Noodle-maker-machine-300x225.webp 300w, https:\/\/topfoodmachine.com\/wp-content\/uploads\/2024\/05\/Noodle-maker-machine-16x12.webp 16w\" sizes=\"auto, (max-width: 720px) 100vw, 720px\" \/><figcaption class=\"wp-element-caption\">Machine \u00e0 nouilles<\/figcaption><\/figure>    <p class=\"translation-block\">Pour ceux qui cherchent \u00e0 \u00e9largir leurs capacit\u00e9s de production, notre entreprise propose \u00e9galement une gamme d'autres machines \u00e0 p\u00e2tes, y compris <a href=\"https:\/\/topfoodmachine.com\/fr\/product\/noodle-maker-machine\/\" data-type=\"link\" data-id=\"https:\/\/topfoodmachine.com\/product\/noodle-maker-machine\/\">des machines \u00e0 nouilles<\/a> pour r\u00e9pondre \u00e0 diverses exigences culinaires. Explorez notre gamme compl\u00e8te pour trouver l'\u00e9quipement parfait pour am\u00e9liorer votre processus de production.<\/p>","protected":false},"excerpt":{"rendered":"<p>La machine automatique de division et de fa\u00e7onnage de p\u00e2te peut couper et mouler efficacement divers produits de p\u00e2tisserie tels que le pain, le g\u00e2teau et les petits pains cuits \u00e0 la vapeur.<\/p>","protected":false},"author":1,"featured_media":1266,"parent":0,"template":"","tags":[82,24,83],"product-type":[6],"class_list":["post-1253","product","type-product","status-publish","has-post-thumbnail","hentry","tag-dough","tag-dough-divider-rounder","tag-dough-divider-rounder-machine","product-type-pastry-production-machine"],"_links":{"self":[{"href":"https:\/\/topfoodmachine.com\/fr\/wp-json\/wp\/v2\/product\/1253","targetHints":{"allow":["GET"]}}],"collection":[{"href":"https:\/\/topfoodmachine.com\/fr\/wp-json\/wp\/v2\/product"}],"about":[{"href":"https:\/\/topfoodmachine.com\/fr\/wp-json\/wp\/v2\/types\/product"}],"author":[{"embeddable":true,"href":"https:\/\/topfoodmachine.com\/fr\/wp-json\/wp\/v2\/users\/1"}],"wp:featuredmedia":[{"embeddable":true,"href":"https:\/\/topfoodmachine.com\/fr\/wp-json\/wp\/v2\/media\/1266"}],"wp:attachment":[{"href":"https:\/\/topfoodmachine.com\/fr\/wp-json\/wp\/v2\/media?parent=1253"}],"wp:term":[{"taxonomy":"post_tag","embeddable":true,"href":"https:\/\/topfoodmachine.com\/fr\/wp-json\/wp\/v2\/tags?post=1253"},{"taxonomy":"product-type","embeddable":true,"href":"https:\/\/topfoodmachine.com\/fr\/wp-json\/wp\/v2\/product-type?post=1253"}],"curies":[{"name":"wp","href":"https:\/\/api.w.org\/{rel}","templated":true}]}}