{"id":1235,"date":"2024-04-29T14:29:18","date_gmt":"2024-04-29T06:29:18","guid":{"rendered":"https:\/\/topfoodmachine.com\/?post_type=product&#038;p=1235"},"modified":"2024-04-29T14:29:19","modified_gmt":"2024-04-29T06:29:19","slug":"cookie-making-machine","status":"publish","type":"product","link":"https:\/\/topfoodmachine.com\/fr\/product\/cookie-making-machine\/","title":{"rendered":"Machine \u00e0 cookies\uff5cD\u00e9positaire de biscuits"},"content":{"rendered":"<div class=\"kk-star-ratings kksr-auto kksr-align-left kksr-valign-top\"     data-payload='{&quot;align&quot;:&quot;left&quot;,&quot;id&quot;:&quot;1235&quot;,&quot;slug&quot;:&quot;default&quot;,&quot;valign&quot;:&quot;top&quot;,&quot;ignore&quot;:&quot;&quot;,&quot;reference&quot;:&quot;auto&quot;,&quot;class&quot;:&quot;&quot;,&quot;count&quot;:&quot;25&quot;,&quot;legendonly&quot;:&quot;&quot;,&quot;readonly&quot;:&quot;&quot;,&quot;score&quot;:&quot;4.5&quot;,&quot;starsonly&quot;:&quot;&quot;,&quot;best&quot;:&quot;5&quot;,&quot;gap&quot;:&quot;5&quot;,&quot;greet&quot;:&quot;Rate this product&quot;,&quot;legend&quot;:&quot;4.5\\\/5 - (25 votes)&quot;,&quot;size&quot;:&quot;24&quot;,&quot;title&quot;:&quot;Cookie making machine\uff5cBiscuit depositor&quot;,&quot;width&quot;:&quot;128&quot;,&quot;_legend&quot;:&quot;{score}\\\/{best} - ({count} {votes})&quot;,&quot;font_factor&quot;:&quot;1.25&quot;}'>              <div class=\"kksr-stars\">      <div class=\"kksr-stars-inactive\">             <div class=\"kksr-star\" data-star=\"1\" style=\"padding-right: 5px\">               <div class=\"kksr-icon\" style=\"width: 24px; height: 24px;\"><\/div>         <\/div>             <div class=\"kksr-star\" data-star=\"2\" style=\"padding-right: 5px\">               <div class=\"kksr-icon\" style=\"width: 24px; height: 24px;\"><\/div>         <\/div>             <div class=\"kksr-star\" data-star=\"3\" style=\"padding-right: 5px\">               <div class=\"kksr-icon\" style=\"width: 24px; height: 24px;\"><\/div>         <\/div>             <div class=\"kksr-star\" data-star=\"4\" style=\"padding-right: 5px\">               <div class=\"kksr-icon\" style=\"width: 24px; height: 24px;\"><\/div>         <\/div>             <div class=\"kksr-star\" data-star=\"5\" style=\"padding-right: 5px\">               <div class=\"kksr-icon\" style=\"width: 24px; height: 24px;\"><\/div>         <\/div>     <\/div>      <div class=\"kksr-stars-active\" style=\"width: 128px;\">             <div class=\"kksr-star\" style=\"padding-right: 5px\">               <div class=\"kksr-icon\" style=\"width: 24px; height: 24px;\"><\/div>         <\/div>             <div class=\"kksr-star\" style=\"padding-right: 5px\">               <div class=\"kksr-icon\" style=\"width: 24px; height: 24px;\"><\/div>         <\/div>             <div class=\"kksr-star\" style=\"padding-right: 5px\">               <div class=\"kksr-icon\" style=\"width: 24px; height: 24px;\"><\/div>         <\/div>             <div class=\"kksr-star\" style=\"padding-right: 5px\">               <div class=\"kksr-icon\" style=\"width: 24px; height: 24px;\"><\/div>         <\/div>             <div class=\"kksr-star\" style=\"padding-right: 5px\">               <div class=\"kksr-icon\" style=\"width: 24px; height: 24px;\"><\/div>         <\/div>     <\/div> <\/div>                   <div class=\"kksr-legend\" style=\"font-size: 19.2px;\">             4,5\/5 - (25 votes)    <\/div>     <\/div>  <p>La machine \u00e0 cookies est un appareil unique qui extrude la p\u00e2te en diverses formes pour produire des cookies. En changeant simplement de moules, cette machine peut cr\u00e9er des biscuits de diff\u00e9rentes formes, leur donnant des apparences uniques et attrayantes. Les cookies fabriqu\u00e9s par la machine \u00e0 cookies ont des formes sp\u00e9ciales, des motifs nets et de beaux designs.<\/p>    <p>De plus, la machine \u00e0 cookies peut \u00eatre associ\u00e9e \u00e0 un four pour cuire les cookies apr\u00e8s qu'ils aient \u00e9t\u00e9 fa\u00e7onn\u00e9s. Cette ligne de production compl\u00e8te augmente consid\u00e9rablement l'efficacit\u00e9 de la production de cookies.<\/p>    <p>Compacte et automatis\u00e9e, la machine \u00e0 cookies convient aux petites et grandes usines de biscuits. Elle offre polyvalence et efficacit\u00e9, ce qui en fait le choix parfait pour produire une grande vari\u00e9t\u00e9 de d\u00e9licieux cookies.<\/p>    <figure class=\"wp-block-gallery has-nested-images columns-default is-cropped wp-block-gallery-2 is-layout-flex wp-block-gallery-is-layout-flex\"> <figure class=\"wp-block-image size-full\"><img loading=\"lazy\" decoding=\"async\" width=\"720\" height=\"540\" data-id=\"1237\" src=\"https:\/\/topfoodmachine.com\/wp-content\/uploads\/2024\/04\/automatic-Cookie-making-machine.webp\" alt=\"machine automatique de fabrication de cookies\" class=\"wp-image-1237\" srcset=\"https:\/\/topfoodmachine.com\/wp-content\/uploads\/2024\/04\/automatic-Cookie-making-machine.webp 720w, https:\/\/topfoodmachine.com\/wp-content\/uploads\/2024\/04\/automatic-Cookie-making-machine-300x225.webp 300w, https:\/\/topfoodmachine.com\/wp-content\/uploads\/2024\/04\/automatic-Cookie-making-machine-16x12.webp 16w\" sizes=\"auto, (max-width: 720px) 100vw, 720px\" \/><figcaption class=\"wp-element-caption\">machine automatique de fabrication de cookies<\/figcaption><\/figure>    <figure class=\"wp-block-image size-full\"><img loading=\"lazy\" decoding=\"async\" width=\"720\" height=\"540\" data-id=\"1246\" src=\"https:\/\/topfoodmachine.com\/wp-content\/uploads\/2024\/04\/effective-Cookie-making-machine.webp\" alt=\"machine efficace de fabrication de cookies\" class=\"wp-image-1246\" srcset=\"https:\/\/topfoodmachine.com\/wp-content\/uploads\/2024\/04\/effective-Cookie-making-machine.webp 720w, https:\/\/topfoodmachine.com\/wp-content\/uploads\/2024\/04\/effective-Cookie-making-machine-300x225.webp 300w, https:\/\/topfoodmachine.com\/wp-content\/uploads\/2024\/04\/effective-Cookie-making-machine-16x12.webp 16w\" sizes=\"auto, (max-width: 720px) 100vw, 720px\" \/><figcaption class=\"wp-element-caption\">machine efficace de fabrication de cookies<\/figcaption><\/figure> <\/figure>    <h2 class=\"wp-block-heading\">Diff\u00e9rents types de machines \u00e0 cookies<\/h2>    <p>Dans le domaine de la production de cookies, nous proposons trois types diff\u00e9rents de machines \u00e0 cookies : mod\u00e8le PLC, mod\u00e8le m\u00e9canique et mod\u00e8le manuel. Ces machines peuvent vous aider \u00e0 produire des cookies de diff\u00e9rentes formes, d'apparence magnifique et de go\u00fbt riche pour r\u00e9pondre aux besoins de diff\u00e9rents clients. Jetons un coup d'\u0153il aux caract\u00e9ristiques et avantages de chaque type de machine \u00e0 cookies.<\/p>    <h3 class=\"wp-block-heading\">1. <strong>Mod\u00e8le PLC<\/strong> Machine \u00e0 biscuits : <\/h3>    <figure class=\"wp-block-image size-full\"><img loading=\"lazy\" decoding=\"async\" width=\"720\" height=\"540\" src=\"https:\/\/topfoodmachine.com\/wp-content\/uploads\/2024\/04\/PLC-Model-Cookie-Machine.webp\" alt=\"Machine \u00e0 cookies mod\u00e8le PLC\" class=\"wp-image-1238\" srcset=\"https:\/\/topfoodmachine.com\/wp-content\/uploads\/2024\/04\/PLC-Model-Cookie-Machine.webp 720w, https:\/\/topfoodmachine.com\/wp-content\/uploads\/2024\/04\/PLC-Model-Cookie-Machine-300x225.webp 300w, https:\/\/topfoodmachine.com\/wp-content\/uploads\/2024\/04\/PLC-Model-Cookie-Machine-16x12.webp 16w\" sizes=\"auto, (max-width: 720px) 100vw, 720px\" \/><figcaption class=\"wp-element-caption\">Machine \u00e0 cookies mod\u00e8le PLC<\/figcaption><\/figure>    <p>Parmi notre gamme de machines \u00e0 cookies, le mod\u00e8le PLC se distingue comme l'une des options les plus avanc\u00e9es disponibles. Ce mod\u00e8le est capable de produire \u00e0 la fois des cookies moelleux et durs. Les cookies moelleux sont fabriqu\u00e9s en extrudant la p\u00e2te \u00e0 travers des rouleaux, tandis que les cookies durs sont d\u00e9coup\u00e9s \u00e0 l'aide d'un coupe-fil. <\/p>    <p>\u00c9quip\u00e9e d'un \u00e9cran PLC avanc\u00e9, cette machine permet un contr\u00f4le pr\u00e9cis du volume d'extrusion, de la m\u00e9thode de torsion, de la vitesse, et plus encore, garantissant des formes et une qualit\u00e9 de cookies constantes.<\/p>    <h3 class=\"wp-block-heading\">2. <strong>Mod\u00e8le m\u00e9canique<\/strong> Fabricant de biscuits : <\/h3>    <figure class=\"wp-block-image size-full\"><img loading=\"lazy\" decoding=\"async\" width=\"720\" height=\"540\" src=\"https:\/\/topfoodmachine.com\/wp-content\/uploads\/2024\/04\/Mechanical-Model-Biscuit-Maker.webp\" alt=\"Fabricant de biscuits mod\u00e8le m\u00e9canique\" class=\"wp-image-1239\" srcset=\"https:\/\/topfoodmachine.com\/wp-content\/uploads\/2024\/04\/Mechanical-Model-Biscuit-Maker.webp 720w, https:\/\/topfoodmachine.com\/wp-content\/uploads\/2024\/04\/Mechanical-Model-Biscuit-Maker-300x225.webp 300w, https:\/\/topfoodmachine.com\/wp-content\/uploads\/2024\/04\/Mechanical-Model-Biscuit-Maker-16x12.webp 16w\" sizes=\"auto, (max-width: 720px) 100vw, 720px\" \/><figcaption class=\"wp-element-caption\">Fabricant de biscuits mod\u00e8le m\u00e9canique<\/figcaption><\/figure>    <p>En plus du mod\u00e8le PLC, nous proposons \u00e9galement un mod\u00e8le m\u00e9canique de machine \u00e0 cookies. La principale diff\u00e9rence r\u00e9side dans le syst\u00e8me de contr\u00f4le. Contrairement au mod\u00e8le PLC, le mod\u00e8le m\u00e9canique n'a pas d'\u00e9cran de contr\u00f4le. <\/p>    <p>Les ajustements doivent \u00eatre effectu\u00e9s manuellement, ce qui peut \u00eatre l\u00e9g\u00e8rement moins pratique et pr\u00e9cis par rapport au mod\u00e8le PLC. Cependant, il offre toujours des performances fiables et est adapt\u00e9 \u00e0 une production \u00e0 plus petite \u00e9chelle.<\/p>    <h3 class=\"wp-block-heading\">3. <strong>Mod\u00e8le manuel<\/strong> Machine \u00e0 biscuits : <\/h3>    <figure class=\"wp-block-image size-full\"><img loading=\"lazy\" decoding=\"async\" width=\"720\" height=\"540\" src=\"https:\/\/topfoodmachine.com\/wp-content\/uploads\/2024\/04\/Manual-Model-Cookie-Making-Machine.webp\" alt=\"Machine \u00e0 cookies mod\u00e8le manuel\" class=\"wp-image-1240\" srcset=\"https:\/\/topfoodmachine.com\/wp-content\/uploads\/2024\/04\/Manual-Model-Cookie-Making-Machine.webp 720w, https:\/\/topfoodmachine.com\/wp-content\/uploads\/2024\/04\/Manual-Model-Cookie-Making-Machine-300x225.webp 300w, https:\/\/topfoodmachine.com\/wp-content\/uploads\/2024\/04\/Manual-Model-Cookie-Making-Machine-16x12.webp 16w\" sizes=\"auto, (max-width: 720px) 100vw, 720px\" \/><figcaption class=\"wp-element-caption\">Machine \u00e0 cookies mod\u00e8le manuel<\/figcaption><\/figure>    <p>En plus des mod\u00e8les automatis\u00e9s PLC et m\u00e9canique, nous proposons \u00e9galement un mod\u00e8le manuel de machine \u00e0 cookies. Cette machine semi-automatique est \u00e9quip\u00e9e d'une p\u00e9dale pour l'extrusion et n\u00e9cessite une op\u00e9ration manuelle pour l'avancement et la r\u00e9cup\u00e9ration des plateaux. <\/p>    <p>\u00c9quip\u00e9e d'une buse d'extrusion en cuivre et d'autres composants en acier inoxydable 201, cette machine offre des fonctionnalit\u00e9s de base pour la fabrication de cookies. De plus, elle est livr\u00e9e avec 27 ensembles de buses interchangeables, permettant aux clients de choisir selon leurs besoins sp\u00e9cifiques.<\/p>    <p>Que vous ayez besoin du contr\u00f4le pr\u00e9cis offert par le mod\u00e8le PLC, de la fiabilit\u00e9 m\u00e9canique du mod\u00e8le m\u00e9canique, ou des fonctionnalit\u00e9s de base fournies par le mod\u00e8le manuel, notre gamme de machines \u00e0 cookies r\u00e9pond \u00e0 divers besoins et pr\u00e9f\u00e9rences de production.<\/p>    <h2 class=\"wp-block-heading\">Caract\u00e9ristiques principales de la machine \u00e0 cookies<\/h2>    <figure class=\"wp-block-image size-full\"><img loading=\"lazy\" decoding=\"async\" width=\"720\" height=\"540\" src=\"https:\/\/topfoodmachine.com\/wp-content\/uploads\/2024\/04\/Biscuit-depositor-for-sale.webp\" alt=\"D\u00e9positaire de biscuits \u00e0 vendre\" class=\"wp-image-1241\" srcset=\"https:\/\/topfoodmachine.com\/wp-content\/uploads\/2024\/04\/Biscuit-depositor-for-sale.webp 720w, https:\/\/topfoodmachine.com\/wp-content\/uploads\/2024\/04\/Biscuit-depositor-for-sale-300x225.webp 300w, https:\/\/topfoodmachine.com\/wp-content\/uploads\/2024\/04\/Biscuit-depositor-for-sale-16x12.webp 16w\" sizes=\"auto, (max-width: 720px) 100vw, 720px\" \/><figcaption class=\"wp-element-caption\">D\u00e9positaire de biscuits \u00e0 vendre<\/figcaption><\/figure>    <p>La machine \u00e0 former des cookies est con\u00e7ue pour \u00eatre facile \u00e0 utiliser, n\u00e9cessitant seulement une personne pour contr\u00f4ler l'ensemble du processus. Sa large gamme d'applications la rend incroyablement polyvalente. Elle peut produire efficacement divers types de cookies, y compris des cookies Jenny, des cookies traditionnels, des g\u00e2teaux entiers, des macarons, des choux, des b\u00e2tonnets de s\u00e9same, des g\u00e2teaux de nori, des g\u00e2teaux au s\u00e9same, des g\u00e2teaux au jaune d'\u0153uf, et plus encore.<\/p>    <p>\u00c9quip\u00e9 d'un syst\u00e8me de contr\u00f4le PLC \u00e0 moteur servo, le d\u00e9positoire de cookies garantit une sortie de produit pr\u00e9cise et coh\u00e9rente. Chaque extrudeuse de p\u00e2te produit des cookies de la m\u00eame taille et forme, garantissant uniformit\u00e9 et qualit\u00e9 \u00e0 travers les lots.<\/p>    <p>Cette machine b\u00e9n\u00e9ficie d'une technologie avanc\u00e9e, offrant un contr\u00f4le de poids pr\u00e9cis, une op\u00e9ration simplifi\u00e9e et un prix comp\u00e9titif. De plus, elle peut \u00eatre int\u00e9gr\u00e9e de mani\u00e8re transparente dans une ligne de production de cookies, travaillant en conjonction avec un m\u00e9langeur de p\u00e2te, une machine \u00e0 cuire et d'autres \u00e9quipements pour rationaliser le processus de production.<\/p>    <h2 class=\"wp-block-heading\">Un cas r\u00e9ussi de machine \u00e0 former des cookies<\/h2>    <figure class=\"wp-block-gallery has-nested-images columns-default is-cropped wp-block-gallery-3 is-layout-flex wp-block-gallery-is-layout-flex\"> <figure class=\"wp-block-image size-large\"><img loading=\"lazy\" decoding=\"async\" width=\"720\" height=\"540\" data-id=\"1242\" src=\"https:\/\/topfoodmachine.com\/wp-content\/uploads\/2024\/04\/Biscuit-depositor-with-good-price.webp\" alt=\"D\u00e9positaire de biscuits \u00e0 bon prix\" class=\"wp-image-1242\" srcset=\"https:\/\/topfoodmachine.com\/wp-content\/uploads\/2024\/04\/Biscuit-depositor-with-good-price.webp 720w, https:\/\/topfoodmachine.com\/wp-content\/uploads\/2024\/04\/Biscuit-depositor-with-good-price-300x225.webp 300w, https:\/\/topfoodmachine.com\/wp-content\/uploads\/2024\/04\/Biscuit-depositor-with-good-price-16x12.webp 16w\" sizes=\"auto, (max-width: 720px) 100vw, 720px\" \/><figcaption class=\"wp-element-caption\">D\u00e9positaire de biscuits \u00e0 bon prix<\/figcaption><\/figure>    <figure class=\"wp-block-image size-large\"><img loading=\"lazy\" decoding=\"async\" width=\"720\" height=\"540\" data-id=\"1243\" src=\"https:\/\/topfoodmachine.com\/wp-content\/uploads\/2024\/04\/Cookie-making-machine-for-business.webp\" alt=\"Machine \u00e0 cookies pour les affaires\" class=\"wp-image-1243\" srcset=\"https:\/\/topfoodmachine.com\/wp-content\/uploads\/2024\/04\/Cookie-making-machine-for-business.webp 720w, https:\/\/topfoodmachine.com\/wp-content\/uploads\/2024\/04\/Cookie-making-machine-for-business-300x225.webp 300w, https:\/\/topfoodmachine.com\/wp-content\/uploads\/2024\/04\/Cookie-making-machine-for-business-16x12.webp 16w\" sizes=\"auto, (max-width: 720px) 100vw, 720px\" \/><figcaption class=\"wp-element-caption\">Machine \u00e0 cookies pour les affaires<\/figcaption><\/figure> <\/figure>    <p class=\"translation-block\">Nous avons r\u00e9cemment compl\u00e9t\u00e9 un cas r\u00e9ussi de notre <a href=\"https:\/\/en.wikipedia.org\/wiki\/Cookie\" data-type=\"link\" data-id=\"https:\/\/en.wikipedia.org\/wiki\/Cookie\" target=\"_blank\" rel=\"noopener\">machine \u00e0 former des biscuits<\/a> aux \u00c9tats-Unis. Notre client, une nouvelle entreprise de fabrication de biscuits, avait besoin d'une machine efficace capable de produire divers types de biscuits. Nous avons recommand\u00e9 notre machine \u00e0 former des biscuits, connue pour sa facilit\u00e9 d'utilisation et sa polyvalence. <\/p>    <p>\u00c9quip\u00e9e d'un syst\u00e8me de contr\u00f4le PLC \u00e0 moteur servo avanc\u00e9, notre machine garantit un contr\u00f4le de poids pr\u00e9cis et une qualit\u00e9 de produit constante. Le client \u00e9tait tr\u00e8s satisfait des performances de la machine, qui a consid\u00e9rablement am\u00e9lior\u00e9 son efficacit\u00e9 de production et la qualit\u00e9 de ses produits. <\/p>    <p>Ce cas de succ\u00e8s d\u00e9montre encore l'expertise de notre entreprise dans les \u00e9quipements de production de cookies et renforce notre position sur le march\u00e9 am\u00e9ricain.<\/p>    <figure class=\"wp-block-image size-full\"><img loading=\"lazy\" decoding=\"async\" width=\"720\" height=\"540\" src=\"https:\/\/topfoodmachine.com\/wp-content\/uploads\/2024\/04\/cookies.webp\" alt=\"cookies\" class=\"wp-image-1245\" srcset=\"https:\/\/topfoodmachine.com\/wp-content\/uploads\/2024\/04\/cookies.webp 720w, https:\/\/topfoodmachine.com\/wp-content\/uploads\/2024\/04\/cookies-300x225.webp 300w, https:\/\/topfoodmachine.com\/wp-content\/uploads\/2024\/04\/cookies-16x12.webp 16w\" sizes=\"auto, (max-width: 720px) 100vw, 720px\" \/><figcaption class=\"wp-element-caption\">cookies<\/figcaption><\/figure>    <h2 class=\"wp-block-heading\">Param\u00e8tres du d\u00e9positaire de biscuits<\/h2>    <figure class=\"wp-block-table\"><table><tbody><tr><td>Mod\u00e8le<\/td><td>TZ-400<\/td><\/tr><tr><td>Pouvoir<\/td><td>1,5KW<\/td><\/tr><tr><td>Pression d'air<\/td><td>5-6kg\/m\u00b3<\/td><\/tr><tr><td>Tension<\/td><td>220V\/50HZ<\/td><\/tr><tr><td>Capacit\u00e9<\/td><td>100-180kg\/h<\/td><\/tr><tr><td>Taille de la plaque de cuisson<\/td><td>600*400mm<\/td><\/tr><tr><td>Taille de l'\u00e9quipement<\/td><td>1460*960*1240mm<\/td><\/tr><tr><td>Poids<\/td><td>500KG<\/td><\/tr><\/tbody><\/table><figcaption class=\"wp-element-caption\">param\u00e8tres de la machine \u00e0 cookies<\/figcaption><\/figure>    <h2 class=\"wp-block-heading\">Investissez dans notre machine \u00e0 biscuits<\/h2>    <figure class=\"wp-block-image size-full\"><img loading=\"lazy\" decoding=\"async\" width=\"720\" height=\"540\" src=\"https:\/\/topfoodmachine.com\/wp-content\/uploads\/2024\/04\/high-quality-Cookie-making-machine.webp\" alt=\"machine \u00e0 cookies de haute qualit\u00e9\" class=\"wp-image-1244\" srcset=\"https:\/\/topfoodmachine.com\/wp-content\/uploads\/2024\/04\/high-quality-Cookie-making-machine.webp 720w, https:\/\/topfoodmachine.com\/wp-content\/uploads\/2024\/04\/high-quality-Cookie-making-machine-300x225.webp 300w, https:\/\/topfoodmachine.com\/wp-content\/uploads\/2024\/04\/high-quality-Cookie-making-machine-16x12.webp 16w\" sizes=\"auto, (max-width: 720px) 100vw, 720px\" \/><figcaption class=\"wp-element-caption\">machine \u00e0 cookies de haute qualit\u00e9<\/figcaption><\/figure>    <p>En introduisant notre machine \u00e0 biscuits, vous augmentez non seulement l'efficacit\u00e9 de production mais r\u00e9duisez \u00e9galement les co\u00fbts de production tout en am\u00e9liorant la qualit\u00e9 des produits. Nous nous engageons \u00e0 vous fournir la technologie et l'\u00e9quipement les plus avanc\u00e9s pour r\u00e9pondre aux demandes du march\u00e9 en constante \u00e9volution. <\/p>    <p>Choisissez notre machine \u00e0 biscuits pour rendre votre processus de production de biscuits plus intelligent, efficace et durable, maintenant ainsi une position de leader sur le march\u00e9 concurrentiel. Contactez-nous maintenant pour en savoir plus sur la fa\u00e7on dont notre machine \u00e0 biscuits peut vous aider \u00e0 \u00e9lever votre niveau de production !<\/p>","protected":false},"excerpt":{"rendered":"<p>La machine \u00e0 cookies est un appareil unique qui extrude la p\u00e2te en diverses formes pour produire des cookies.<\/p>","protected":false},"author":1,"featured_media":1236,"parent":0,"template":"","tags":[],"product-type":[6],"class_list":["post-1235","product","type-product","status-publish","has-post-thumbnail","hentry","product-type-pastry-production-machine"],"_links":{"self":[{"href":"https:\/\/topfoodmachine.com\/fr\/wp-json\/wp\/v2\/product\/1235","targetHints":{"allow":["GET"]}}],"collection":[{"href":"https:\/\/topfoodmachine.com\/fr\/wp-json\/wp\/v2\/product"}],"about":[{"href":"https:\/\/topfoodmachine.com\/fr\/wp-json\/wp\/v2\/types\/product"}],"author":[{"embeddable":true,"href":"https:\/\/topfoodmachine.com\/fr\/wp-json\/wp\/v2\/users\/1"}],"wp:featuredmedia":[{"embeddable":true,"href":"https:\/\/topfoodmachine.com\/fr\/wp-json\/wp\/v2\/media\/1236"}],"wp:attachment":[{"href":"https:\/\/topfoodmachine.com\/fr\/wp-json\/wp\/v2\/media?parent=1235"}],"wp:term":[{"taxonomy":"post_tag","embeddable":true,"href":"https:\/\/topfoodmachine.com\/fr\/wp-json\/wp\/v2\/tags?post=1235"},{"taxonomy":"product-type","embeddable":true,"href":"https:\/\/topfoodmachine.com\/fr\/wp-json\/wp\/v2\/product-type?post=1235"}],"curies":[{"name":"wp","href":"https:\/\/api.w.org\/{rel}","templated":true}]}}