{"id":1223,"date":"2024-04-29T09:19:31","date_gmt":"2024-04-29T01:19:31","guid":{"rendered":"https:\/\/topfoodmachine.com\/?post_type=product&#038;p=1223"},"modified":"2024-04-29T09:21:18","modified_gmt":"2024-04-29T01:21:18","slug":"cupcake-filling-machine","status":"publish","type":"product","link":"https:\/\/topfoodmachine.com\/fr\/product\/cupcake-filling-machine\/","title":{"rendered":"Machine de remplissage de cupcake\uff5cD\u00e9positaire de p\u00e2te \u00e0 cupcake"},"content":{"rendered":"<div class=\"kk-star-ratings kksr-auto kksr-align-left kksr-valign-top\"     data-payload='{&quot;align&quot;:&quot;left&quot;,&quot;id&quot;:&quot;1223&quot;,&quot;slug&quot;:&quot;default&quot;,&quot;valign&quot;:&quot;top&quot;,&quot;ignore&quot;:&quot;&quot;,&quot;reference&quot;:&quot;auto&quot;,&quot;class&quot;:&quot;&quot;,&quot;count&quot;:&quot;27&quot;,&quot;legendonly&quot;:&quot;&quot;,&quot;readonly&quot;:&quot;&quot;,&quot;score&quot;:&quot;4.6&quot;,&quot;starsonly&quot;:&quot;&quot;,&quot;best&quot;:&quot;5&quot;,&quot;gap&quot;:&quot;5&quot;,&quot;greet&quot;:&quot;Rate this product&quot;,&quot;legend&quot;:&quot;4.6\\\/5 - (27 votes)&quot;,&quot;size&quot;:&quot;24&quot;,&quot;title&quot;:&quot;Cupcake filling machine\uff5cCupcake batter depositor&quot;,&quot;width&quot;:&quot;130.9&quot;,&quot;_legend&quot;:&quot;{score}\\\/{best} - ({count} {votes})&quot;,&quot;font_factor&quot;:&quot;1.25&quot;}'>              <div class=\"kksr-stars\">      <div class=\"kksr-stars-inactive\">             <div class=\"kksr-star\" data-star=\"1\" style=\"padding-right: 5px\">               <div class=\"kksr-icon\" style=\"width: 24px; height: 24px;\"><\/div>         <\/div>             <div class=\"kksr-star\" data-star=\"2\" style=\"padding-right: 5px\">               <div class=\"kksr-icon\" style=\"width: 24px; height: 24px;\"><\/div>         <\/div>             <div class=\"kksr-star\" data-star=\"3\" style=\"padding-right: 5px\">               <div class=\"kksr-icon\" style=\"width: 24px; height: 24px;\"><\/div>         <\/div>             <div class=\"kksr-star\" data-star=\"4\" style=\"padding-right: 5px\">               <div class=\"kksr-icon\" style=\"width: 24px; height: 24px;\"><\/div>         <\/div>             <div class=\"kksr-star\" data-star=\"5\" style=\"padding-right: 5px\">               <div class=\"kksr-icon\" style=\"width: 24px; height: 24px;\"><\/div>         <\/div>     <\/div>      <div class=\"kksr-stars-active\" style=\"width: 130.9px;\">             <div class=\"kksr-star\" style=\"padding-right: 5px\">               <div class=\"kksr-icon\" style=\"width: 24px; height: 24px;\"><\/div>         <\/div>             <div class=\"kksr-star\" style=\"padding-right: 5px\">               <div class=\"kksr-icon\" style=\"width: 24px; height: 24px;\"><\/div>         <\/div>             <div class=\"kksr-star\" style=\"padding-right: 5px\">               <div class=\"kksr-icon\" style=\"width: 24px; height: 24px;\"><\/div>         <\/div>             <div class=\"kksr-star\" style=\"padding-right: 5px\">               <div class=\"kksr-icon\" style=\"width: 24px; height: 24px;\"><\/div>         <\/div>             <div class=\"kksr-star\" style=\"padding-right: 5px\">               <div class=\"kksr-icon\" style=\"width: 24px; height: 24px;\"><\/div>         <\/div>     <\/div> <\/div>                   <div class=\"kksr-legend\" style=\"font-size: 19.2px;\">             4,6\/5 - (27 votes)    <\/div>     <\/div>  <p>Notre machine automatique de remplissage de cupcakes est un \u00e9l\u00e9ment crucial de l'\u00e9quipement moderne de production de g\u00e2teaux, capable de compl\u00e9ter le processus de remplissage des cupcakes en une seule fois. Gr\u00e2ce \u00e0 plusieurs cycles de d\u00e9veloppement et d'am\u00e9lioration, notre machine de remplissage de cupcakes a atteint un fonctionnement de contr\u00f4le PLC intelligent, rendant votre processus de production plus efficace et automatis\u00e9.<\/p>    <p>Cette machine de remplissage de cupcakes peut produire divers types de cupcakes fourr\u00e9s, y compris des g\u00e2teaux \u00e9ponge, des g\u00e2teaux en papier, des g\u00e2teaux sandwich, et plus encore. Quel que soit le type de g\u00e2teau dont vous avez besoin, notre machine peut le g\u00e9rer parfaitement.<\/p>    <p>Que vous soyez un grand fabricant de g\u00e2teaux ou une boulangerie \u00e0 petite \u00e9chelle, notre machine de remplissage de cupcakes est votre meilleur choix, rendant votre processus de production plus facile et plus efficace !<\/p>    <figure class=\"wp-block-gallery has-nested-images columns-default is-cropped wp-block-gallery-2 is-layout-flex wp-block-gallery-is-layout-flex\"> <figure class=\"wp-block-image size-full\"><img loading=\"lazy\" decoding=\"async\" width=\"720\" height=\"540\" data-id=\"1225\" src=\"https:\/\/topfoodmachine.com\/wp-content\/uploads\/2024\/04\/automatic-Cupcake-batter-depositor.webp\" alt=\"d\u00e9poseur automatique de p\u00e2te \u00e0 cupcake\" class=\"wp-image-1225\" srcset=\"https:\/\/topfoodmachine.com\/wp-content\/uploads\/2024\/04\/automatic-Cupcake-batter-depositor.webp 720w, https:\/\/topfoodmachine.com\/wp-content\/uploads\/2024\/04\/automatic-Cupcake-batter-depositor-300x225.webp 300w, https:\/\/topfoodmachine.com\/wp-content\/uploads\/2024\/04\/automatic-Cupcake-batter-depositor-16x12.webp 16w\" sizes=\"auto, (max-width: 720px) 100vw, 720px\" \/><figcaption class=\"wp-element-caption\">d\u00e9poseur automatique de p\u00e2te \u00e0 cupcake<\/figcaption><\/figure>    <figure class=\"wp-block-image size-full\"><img loading=\"lazy\" decoding=\"async\" width=\"720\" height=\"540\" data-id=\"1233\" src=\"https:\/\/topfoodmachine.com\/wp-content\/uploads\/2024\/04\/Cupcake-filling-machine-for-sale.webp\" alt=\"Machine de remplissage de cupcakes \u00e0 vendre\" class=\"wp-image-1233\" srcset=\"https:\/\/topfoodmachine.com\/wp-content\/uploads\/2024\/04\/Cupcake-filling-machine-for-sale.webp 720w, https:\/\/topfoodmachine.com\/wp-content\/uploads\/2024\/04\/Cupcake-filling-machine-for-sale-300x225.webp 300w, https:\/\/topfoodmachine.com\/wp-content\/uploads\/2024\/04\/Cupcake-filling-machine-for-sale-16x12.webp 16w\" sizes=\"auto, (max-width: 720px) 100vw, 720px\" \/><figcaption class=\"wp-element-caption\">Machine de remplissage de cupcakes \u00e0 vendre<\/figcaption><\/figure> <\/figure>    <h2 class=\"wp-block-heading\">Machine de remplissage de cupcakes \u00e0 vendre<\/h2>    <p>Avec une capacit\u00e9 de production de 200 kg\/heure et une capacit\u00e9 de tr\u00e9mie de 60 litres, cette machine garantit une production efficace et continue.<\/p>    <p>Construit en acier inoxydable 201 de haute qualit\u00e9, le corps principal de la machine garantit durabilit\u00e9 et hygi\u00e8ne. La bande transporteuse, fabriqu\u00e9e en mat\u00e9riau PU, est r\u00e9sistante \u00e0 l'usure et convient \u00e0 un fonctionnement continu \u00e0 long terme.<\/p>    <p>\u00c9quip\u00e9 d'un \u00e9cran PLC, vous pouvez facilement contr\u00f4ler le poids et la vitesse, vous permettant d'ajuster les param\u00e8tres de production de mani\u00e8re pratique pour r\u00e9pondre \u00e0 diff\u00e9rentes exigences.<\/p>    <p>Contactez-nous maintenant pour faire de notre machine de remplissage de cupcakes un atout pr\u00e9cieux pour votre entreprise de boulangerie !<\/p>    <figure class=\"wp-block-image size-full\"><img loading=\"lazy\" decoding=\"async\" width=\"720\" height=\"540\" src=\"https:\/\/topfoodmachine.com\/wp-content\/uploads\/2024\/04\/batter-filling-machine-wih-good-price.webp\" alt=\"machine de remplissage de p\u00e2te \u00e0 bon prix\" class=\"wp-image-1226\" srcset=\"https:\/\/topfoodmachine.com\/wp-content\/uploads\/2024\/04\/batter-filling-machine-wih-good-price.webp 720w, https:\/\/topfoodmachine.com\/wp-content\/uploads\/2024\/04\/batter-filling-machine-wih-good-price-300x225.webp 300w, https:\/\/topfoodmachine.com\/wp-content\/uploads\/2024\/04\/batter-filling-machine-wih-good-price-16x12.webp 16w\" sizes=\"auto, (max-width: 720px) 100vw, 720px\" \/><figcaption class=\"wp-element-caption\">machine de remplissage de p\u00e2te \u00e0 bon prix<\/figcaption><\/figure>    <h2 class=\"wp-block-heading\">D\u00e9positaire de p\u00e2te \u00e0 cupcake personnalis\u00e9<\/h2>    <p>Notre d\u00e9poseur de p\u00e2te \u00e0 cupcake est con\u00e7u pour r\u00e9pondre aux besoins de production sp\u00e9cifiques de nos clients. Le nombre de buses sur notre d\u00e9poseur peut \u00eatre personnalis\u00e9 selon vos besoins de production.<\/p>    <p>Nous proposons deux tailles de plateaux standard : 400*600mm et 460*660mm, mais nous offrons \u00e9galement des options de personnalisation pour r\u00e9pondre \u00e0 vos exigences sp\u00e9cifiques en mati\u00e8re de taille de plateau. De plus, nous proposons une vari\u00e9t\u00e9 de formes de moules pour les plateaux. Si vous avez besoin de plusieurs formes, vous pouvez acheter des plateaux suppl\u00e9mentaires avec diff\u00e9rents moules.<\/p>    <p>Avec notre d\u00e9poseur de p\u00e2te \u00e0 cupcake personnalis\u00e9, vous pouvez adapter votre processus de production de cupcakes \u00e0 vos sp\u00e9cifications exactes, garantissant efficacit\u00e9 et coh\u00e9rence \u00e0 chaque lot de cupcakes.<\/p>    <figure class=\"wp-block-image size-full\"><img loading=\"lazy\" decoding=\"async\" width=\"720\" height=\"540\" src=\"https:\/\/topfoodmachine.com\/wp-content\/uploads\/2024\/04\/customized-Cupcake-batter-depositor.webp\" alt=\"d\u00e9poseur de p\u00e2te \u00e0 cupcake personnalis\u00e9\" class=\"wp-image-1227\" srcset=\"https:\/\/topfoodmachine.com\/wp-content\/uploads\/2024\/04\/customized-Cupcake-batter-depositor.webp 720w, https:\/\/topfoodmachine.com\/wp-content\/uploads\/2024\/04\/customized-Cupcake-batter-depositor-300x225.webp 300w, https:\/\/topfoodmachine.com\/wp-content\/uploads\/2024\/04\/customized-Cupcake-batter-depositor-16x12.webp 16w\" sizes=\"auto, (max-width: 720px) 100vw, 720px\" \/><figcaption class=\"wp-element-caption\">d\u00e9poseur de p\u00e2te \u00e0 cupcake personnalis\u00e9<\/figcaption><\/figure>    <h2 class=\"wp-block-heading\">Avantages de l'utilisation de la machine de remplissage de p\u00e2te<\/h2>    <ol class=\"wp-block-list\"> <li><strong>Production flexible<\/strong>: La machine est \u00e9quip\u00e9e d'un \u00e9cran tactile LCD import\u00e9 et d'un contr\u00f4le PLC Mitsubishi, permettant un ajustement facile des param\u00e8tres. Elle peut enregistrer automatiquement les param\u00e8tres d\u00e9finis et ajuster les param\u00e8tres de fonctionnement si n\u00e9cessaire, garantissant une production efficace et personnalis\u00e9e.<\/li>    <li><strong>T\u00eate d'injection polyvalente<\/strong>: La t\u00eate d'injection pour remplir le g\u00e2teau est rempla\u00e7able et peut \u00eatre personnalis\u00e9e selon les besoins du client, offrant une flexibilit\u00e9 dans la production.<\/li>    <li><strong>Qualit\u00e9 de g\u00e2teau am\u00e9lior\u00e9e<\/strong>: Le rouleau de remplissage, entra\u00een\u00e9 par un moteur servo de pr\u00e9cision, adopte un engrenage rond en silicone pour r\u00e9duire le ph\u00e9nom\u00e8ne de d\u00e9folement de la texture du g\u00e2teau. Cela am\u00e9liore consid\u00e9rablement la pr\u00e9cision du poids du g\u00e2teau, garantissant une qualit\u00e9 constante.<\/li>    <li><strong>Options de produits diverses<\/strong>: La machine d\u00e9poseuse de g\u00e2teaux permet de produire des cupcakes, des g\u00e2teaux fourr\u00e9s et des g\u00e2teaux entiers. Cette flexibilit\u00e9 permet de produire une grande vari\u00e9t\u00e9 de produits de g\u00e2teaux, r\u00e9pondant \u00e0 des demandes clients diverses.<\/li>    <li><strong>Remplissage coh\u00e9rent<\/strong>: La d\u00e9poseuse de g\u00e2teaux garantit que le poids de remplissage du g\u00e2teau produit est coh\u00e9rent, \u00e9liminant les d\u00e9bordements excessifs et le d\u00e9folement. Cela se traduit par des g\u00e2teaux de haute qualit\u00e9 et uniformes \u00e0 chaque lot.<\/li> <\/ol>    <figure class=\"wp-block-gallery has-nested-images columns-default is-cropped wp-block-gallery-3 is-layout-flex wp-block-gallery-is-layout-flex\"> <figure class=\"wp-block-image size-full\"><img loading=\"lazy\" decoding=\"async\" width=\"720\" height=\"540\" data-id=\"1228\" src=\"https:\/\/topfoodmachine.com\/wp-content\/uploads\/2024\/04\/commercial-Cupcake-filling-machine.webp\" alt=\"machine de remplissage de cupcakes commerciale\" class=\"wp-image-1228\" srcset=\"https:\/\/topfoodmachine.com\/wp-content\/uploads\/2024\/04\/commercial-Cupcake-filling-machine.webp 720w, https:\/\/topfoodmachine.com\/wp-content\/uploads\/2024\/04\/commercial-Cupcake-filling-machine-300x225.webp 300w, https:\/\/topfoodmachine.com\/wp-content\/uploads\/2024\/04\/commercial-Cupcake-filling-machine-16x12.webp 16w\" sizes=\"auto, (max-width: 720px) 100vw, 720px\" \/><figcaption class=\"wp-element-caption\">machine de remplissage de cupcakes commerciale<\/figcaption><\/figure>    <figure class=\"wp-block-image size-full\"><img loading=\"lazy\" decoding=\"async\" width=\"720\" height=\"540\" data-id=\"1234\" src=\"https:\/\/topfoodmachine.com\/wp-content\/uploads\/2024\/04\/industrial-batter-filling-machine.webp\" alt=\"machine de remplissage de p\u00e2te industrielle\" class=\"wp-image-1234\" srcset=\"https:\/\/topfoodmachine.com\/wp-content\/uploads\/2024\/04\/industrial-batter-filling-machine.webp 720w, https:\/\/topfoodmachine.com\/wp-content\/uploads\/2024\/04\/industrial-batter-filling-machine-300x225.webp 300w, https:\/\/topfoodmachine.com\/wp-content\/uploads\/2024\/04\/industrial-batter-filling-machine-16x12.webp 16w\" sizes=\"auto, (max-width: 720px) 100vw, 720px\" \/><figcaption class=\"wp-element-caption\">machine de remplissage de p\u00e2te industrielle<\/figcaption><\/figure> <\/figure>    <h2 class=\"wp-block-heading\">Applications de la machine \u00e0 remplir la p\u00e2te \u00e0 cupcake<\/h2>    <ol class=\"wp-block-list\"> <li><strong>Production de boulangerie<\/strong>: Id\u00e9ale pour les op\u00e9rations de boulangerie \u00e0 grande \u00e9chelle, la machine \u00e0 remplir de p\u00e2te \u00e0 cupcake peut remplir efficacement la p\u00e2te \u00e0 cupcake dans des plateaux, garantissant des portions uniformes et r\u00e9duisant le temps de production.<\/li>    <li><strong>Cuisines commerciales<\/strong>: Les restaurants, caf\u00e9s et services de traiteur peuvent utiliser la machine \u00e0 remplir de p\u00e2te \u00e0 cupcake pour rationaliser leur processus de production de desserts, garantissant uniformit\u00e9 et qualit\u00e9 dans chaque cupcake.<\/li>    <li><strong>Personnalisation<\/strong>: La machine permet un ajustement facile des quantit\u00e9s de remplissage, ce qui la rend adapt\u00e9e au remplissage de cupcakes avec diff\u00e9rents types de p\u00e2te, y compris vanille, chocolat, red velvet, et plus encore.<\/li>    <li><strong>Cupcakes sp\u00e9ciaux<\/strong>: Parfait pour cr\u00e9er des cupcakes fourr\u00e9s avec diverses garnitures telles que des confitures de fruits, des cr\u00e8mes, du ganache au chocolat, ou m\u00eame des garnitures sal\u00e9es pour des combinaisons de saveurs uniques.<\/li> <\/ol>    <figure class=\"wp-block-gallery has-nested-images columns-default is-cropped wp-block-gallery-4 is-layout-flex wp-block-gallery-is-layout-flex\"> <figure class=\"wp-block-image size-large\"><img loading=\"lazy\" decoding=\"async\" width=\"720\" height=\"540\" data-id=\"1229\" src=\"https:\/\/topfoodmachine.com\/wp-content\/uploads\/2024\/04\/cake.webp\" alt=\"g\u00e2teau\" class=\"wp-image-1229\" srcset=\"https:\/\/topfoodmachine.com\/wp-content\/uploads\/2024\/04\/cake.webp 720w, https:\/\/topfoodmachine.com\/wp-content\/uploads\/2024\/04\/cake-300x225.webp 300w, https:\/\/topfoodmachine.com\/wp-content\/uploads\/2024\/04\/cake-16x12.webp 16w\" sizes=\"auto, (max-width: 720px) 100vw, 720px\" \/><figcaption class=\"wp-element-caption\">g\u00e2teau<\/figcaption><\/figure>    <figure class=\"wp-block-image size-large\"><img loading=\"lazy\" decoding=\"async\" width=\"720\" height=\"540\" data-id=\"1230\" src=\"https:\/\/topfoodmachine.com\/wp-content\/uploads\/2024\/04\/cupcake.webp\" alt=\"cupcake\" class=\"wp-image-1230\" srcset=\"https:\/\/topfoodmachine.com\/wp-content\/uploads\/2024\/04\/cupcake.webp 720w, https:\/\/topfoodmachine.com\/wp-content\/uploads\/2024\/04\/cupcake-300x225.webp 300w, https:\/\/topfoodmachine.com\/wp-content\/uploads\/2024\/04\/cupcake-16x12.webp 16w\" sizes=\"auto, (max-width: 720px) 100vw, 720px\" \/><figcaption class=\"wp-element-caption\">cupcake<\/figcaption><\/figure> <\/figure>    <h2 class=\"wp-block-heading\">\u00c9quipements de soutien du remplisseur de cupcakes<\/h2>    <p>Notre machine de remplissage de cupcakes est parfaitement compl\u00e9t\u00e9e par notre four rotatif. Ensemble, ils forment une solution sans faille pour vos besoins de boulangerie. <\/p>    <p>Le four rotatif garantit une cuisson uniforme, tandis que la machine \u00e0 remplir les cupcakes remplit pr\u00e9cis\u00e9ment chaque cupcake avec la garniture de votre choix. Cette combinaison rationalise votre processus de production, garantissant efficacit\u00e9 et coh\u00e9rence dans chaque lot de cupcakes.<\/p>    <figure class=\"wp-block-image size-full\"><img loading=\"lazy\" decoding=\"async\" width=\"720\" height=\"540\" src=\"https:\/\/topfoodmachine.com\/wp-content\/uploads\/2024\/04\/rotary-oven.webp\" alt=\"four rotatif\" class=\"wp-image-1232\" srcset=\"https:\/\/topfoodmachine.com\/wp-content\/uploads\/2024\/04\/rotary-oven.webp 720w, https:\/\/topfoodmachine.com\/wp-content\/uploads\/2024\/04\/rotary-oven-300x225.webp 300w, https:\/\/topfoodmachine.com\/wp-content\/uploads\/2024\/04\/rotary-oven-16x12.webp 16w\" sizes=\"auto, (max-width: 720px) 100vw, 720px\" \/><figcaption class=\"wp-element-caption\">four rotatif<\/figcaption><\/figure>    <h2 class=\"wp-block-heading\">Param\u00e8tres de la machine \u00e0 remplir les cupcakes<\/h2>    <figure class=\"wp-block-table\"><table><tbody><tr><td>Mod\u00e8le<\/td><td>TZ-600<\/td><\/tr><tr><td>Taille<\/td><td>1,7*1,1*1,4m<\/td><\/tr><tr><td>Capacit\u00e9<\/td><td>120-240kg\/h<\/td><\/tr><tr><td>Pouvoir<\/td><td>1,2 kW<\/td><\/tr><tr><td>Poids<\/td><td>380kg<\/td><\/tr><\/tbody><\/table><figcaption class=\"wp-element-caption\">param\u00e8tres de la machine \u00e0 remplir les cupcakes<\/figcaption><\/figure>    <h2 class=\"wp-block-heading\">Contactez-nous<\/h2>    <figure class=\"wp-block-image size-full\"><img loading=\"lazy\" decoding=\"async\" width=\"720\" height=\"540\" src=\"https:\/\/topfoodmachine.com\/wp-content\/uploads\/2024\/04\/Cupcake-batter-depositor.webp\" alt=\"d\u00e9positaire de p\u00e2te \u00e0 cupcake\" class=\"wp-image-1231\" srcset=\"https:\/\/topfoodmachine.com\/wp-content\/uploads\/2024\/04\/Cupcake-batter-depositor.webp 720w, https:\/\/topfoodmachine.com\/wp-content\/uploads\/2024\/04\/Cupcake-batter-depositor-300x225.webp 300w, https:\/\/topfoodmachine.com\/wp-content\/uploads\/2024\/04\/Cupcake-batter-depositor-16x12.webp 16w\" sizes=\"auto, (max-width: 720px) 100vw, 720px\" \/><figcaption class=\"wp-element-caption\">d\u00e9positaire de p\u00e2te \u00e0 cupcake<\/figcaption><\/figure>    <p class=\"translation-block\">En utilisant notre <a href=\"https:\/\/en.wikipedia.org\/wiki\/Cupcake\" data-type=\"link\" data-id=\"https:\/\/en.wikipedia.org\/wiki\/Cupcake\" target=\"_blank\" rel=\"noopener\">d\u00e9posant de p\u00e2te \u00e0 cupcakes<\/a>, vous pouvez r\u00e9aliser sans effort une production de cupcakes efficace, coh\u00e9rente et diversifi\u00e9e. Que vous dirigiez une grande boulangerie ou une petite p\u00e2tisserie, notre d\u00e9posant peut vous aider \u00e0 augmenter l'efficacit\u00e9 de la production et \u00e0 garantir une qualit\u00e9 et un go\u00fbt constants \u00e0 chaque lot de cupcakes.<\/p>    <p>Choisissez notre d\u00e9positaire de p\u00e2te \u00e0 cupcake pour rendre votre processus de production de g\u00e2teaux plus facile, plus efficace et plus r\u00e9ussi !<\/p>","protected":false},"excerpt":{"rendered":"<p>Notre machine automatique de remplissage de cupcakes est un \u00e9l\u00e9ment crucial de l'\u00e9quipement moderne de production de g\u00e2teaux, capable de compl\u00e9ter le processus de remplissage des cupcakes en une seule fois.<\/p>","protected":false},"author":1,"featured_media":1224,"parent":0,"template":"","tags":[],"product-type":[6],"class_list":["post-1223","product","type-product","status-publish","has-post-thumbnail","hentry","product-type-pastry-production-machine"],"_links":{"self":[{"href":"https:\/\/topfoodmachine.com\/fr\/wp-json\/wp\/v2\/product\/1223","targetHints":{"allow":["GET"]}}],"collection":[{"href":"https:\/\/topfoodmachine.com\/fr\/wp-json\/wp\/v2\/product"}],"about":[{"href":"https:\/\/topfoodmachine.com\/fr\/wp-json\/wp\/v2\/types\/product"}],"author":[{"embeddable":true,"href":"https:\/\/topfoodmachine.com\/fr\/wp-json\/wp\/v2\/users\/1"}],"wp:featuredmedia":[{"embeddable":true,"href":"https:\/\/topfoodmachine.com\/fr\/wp-json\/wp\/v2\/media\/1224"}],"wp:attachment":[{"href":"https:\/\/topfoodmachine.com\/fr\/wp-json\/wp\/v2\/media?parent=1223"}],"wp:term":[{"taxonomy":"post_tag","embeddable":true,"href":"https:\/\/topfoodmachine.com\/fr\/wp-json\/wp\/v2\/tags?post=1223"},{"taxonomy":"product-type","embeddable":true,"href":"https:\/\/topfoodmachine.com\/fr\/wp-json\/wp\/v2\/product-type?post=1223"}],"curies":[{"name":"wp","href":"https:\/\/api.w.org\/{rel}","templated":true}]}}