{"id":12,"date":"2022-07-12T02:20:40","date_gmt":"2022-07-12T02:20:40","guid":{"rendered":"https:\/\/topfoodmachine.com\/?post_type=product&#038;p=12"},"modified":"2026-04-27T17:54:12","modified_gmt":"2026-04-27T09:54:12","slug":"egg-grading-machine","status":"publish","type":"product","link":"https:\/\/topfoodmachine.com\/fr\/product\/egg-grading-machine\/","title":{"rendered":"Machine de classement des \u0153ufs"},"content":{"rendered":"<div class=\"kk-star-ratings kksr-auto kksr-align-left kksr-valign-top\"     data-payload='{&quot;align&quot;:&quot;left&quot;,&quot;id&quot;:&quot;12&quot;,&quot;slug&quot;:&quot;default&quot;,&quot;valign&quot;:&quot;top&quot;,&quot;ignore&quot;:&quot;&quot;,&quot;reference&quot;:&quot;auto&quot;,&quot;class&quot;:&quot;&quot;,&quot;count&quot;:&quot;14&quot;,&quot;legendonly&quot;:&quot;&quot;,&quot;readonly&quot;:&quot;&quot;,&quot;score&quot;:&quot;4.9&quot;,&quot;starsonly&quot;:&quot;&quot;,&quot;best&quot;:&quot;5&quot;,&quot;gap&quot;:&quot;5&quot;,&quot;greet&quot;:&quot;Rate this product&quot;,&quot;legend&quot;:&quot;4.9\\\/5 - (14 votes)&quot;,&quot;size&quot;:&quot;24&quot;,&quot;title&quot;:&quot;Egg Grading Machine&quot;,&quot;width&quot;:&quot;139.6&quot;,&quot;_legend&quot;:&quot;{score}\\\/{best} - ({count} {votes})&quot;,&quot;font_factor&quot;:&quot;1.25&quot;}'>              <div class=\"kksr-stars\">      <div class=\"kksr-stars-inactive\">             <div class=\"kksr-star\" data-star=\"1\" style=\"padding-right: 5px\">               <div class=\"kksr-icon\" style=\"width: 24px; height: 24px;\"><\/div>         <\/div>             <div class=\"kksr-star\" data-star=\"2\" style=\"padding-right: 5px\">               <div class=\"kksr-icon\" style=\"width: 24px; height: 24px;\"><\/div>         <\/div>             <div class=\"kksr-star\" data-star=\"3\" style=\"padding-right: 5px\">               <div class=\"kksr-icon\" style=\"width: 24px; height: 24px;\"><\/div>         <\/div>             <div class=\"kksr-star\" data-star=\"4\" style=\"padding-right: 5px\">               <div class=\"kksr-icon\" style=\"width: 24px; height: 24px;\"><\/div>         <\/div>             <div class=\"kksr-star\" data-star=\"5\" style=\"padding-right: 5px\">               <div class=\"kksr-icon\" style=\"width: 24px; height: 24px;\"><\/div>         <\/div>     <\/div>      <div class=\"kksr-stars-active\" style=\"width: 139.6px;\">             <div class=\"kksr-star\" style=\"padding-right: 5px\">               <div class=\"kksr-icon\" style=\"width: 24px; height: 24px;\"><\/div>         <\/div>             <div class=\"kksr-star\" style=\"padding-right: 5px\">               <div class=\"kksr-icon\" style=\"width: 24px; height: 24px;\"><\/div>         <\/div>             <div class=\"kksr-star\" style=\"padding-right: 5px\">               <div class=\"kksr-icon\" style=\"width: 24px; height: 24px;\"><\/div>         <\/div>             <div class=\"kksr-star\" style=\"padding-right: 5px\">               <div class=\"kksr-icon\" style=\"width: 24px; height: 24px;\"><\/div>         <\/div>             <div class=\"kksr-star\" style=\"padding-right: 5px\">               <div class=\"kksr-icon\" style=\"width: 24px; height: 24px;\"><\/div>         <\/div>     <\/div> <\/div>                   <div class=\"kksr-legend\" style=\"font-size: 19.2px;\">             4,9\/5 - (14 votes)    <\/div>     <\/div>  <p class=\"translation-block\">La <strong>Machine de tri des \u0153ufs<\/strong> automatise l'ensemble du processus de traitement des \u0153ufs, y compris la livraison, la candling et le tri, permettant un tri pr\u00e9cis et efficace des \u0153ufs par poids en 5 ou 7 cat\u00e9gories. Avec une capacit\u00e9 de <strong>3 700 \u00e0 5 400 \u0153ufs par heure<\/strong>, cette machine est id\u00e9ale pour les exploitations agricoles commerciales, les usines d'emballage d'\u0153ufs, les restaurants et les grandes usines alimentaires n\u00e9cessitant une manipulation rapide, fiable et douce des \u0153ufs.<\/p>    <p class=\"translation-block\">Con\u00e7u pour la durabilit\u00e9 et l'hygi\u00e8ne, <strong>Machine de tri des \u0153ufs<\/strong> est disponible en versions en acier inoxydable et en acier au carbone, ce qui la rend adapt\u00e9e \u00e0 divers environnements de production. Des fonctionnalit\u00e9s optionnelles telles qu'une imprimante int\u00e9gr\u00e9e et une machine d'emballage des \u0153ufs am\u00e9liorent l'efficacit\u00e9 et rationalisent les op\u00e9rations. <\/p>    <p>Notre \u00e9quipement de tri des \u0153ufs garantit une casse minimale des \u0153ufs lors du traitement, pr\u00e9servant la qualit\u00e9 et maximisant le rendement. Avec un tri pr\u00e9cis, une production constante et une r\u00e9duction du travail manuel, cette machine constitue un investissement essentiel pour la production moderne d'\u0153ufs. Pour plus de d\u00e9tails, de sp\u00e9cifications et une liste de prix gratuite, veuillez nous contacter d\u00e8s aujourd'hui.<\/p>    <figure class=\"wp-block-embed is-type-video is-provider-youtube wp-block-embed-youtube wp-embed-aspect-16-9 wp-has-aspect-ratio\"><div class=\"wp-block-embed__wrapper\"> <iframe loading=\"lazy\" title=\"Augmentez votre vitesse de tri des \u0153ufs avec notre machine de tri de pointe #\u0153uf #tri #machinealimentaire\" width=\"500\" height=\"281\" src=\"https:\/\/www.youtube.com\/embed\/TC5W5L2YfeM?feature=oembed\" frameborder=\"0\" allow=\"accelerometer; autoplay; clipboard-write; encrypted-media; gyroscope; picture-in-picture; web-share\" referrerpolicy=\"strict-origin-when-cross-origin\" allowfullscreen><\/iframe> <\/div><figcaption class=\"wp-element-caption\">vid\u00e9o de fonctionnement de la machine de tri des \u0153ufs<\/figcaption><\/figure>    <h2 class=\"wp-block-heading\">Pourquoi faut-il acheter une machine de tri des \u0153ufs ?<\/h2>    <div class=\"wp-block-media-text is-stacked-on-mobile\"><figure class=\"wp-block-media-text__media\"><img loading=\"lazy\" decoding=\"async\" width=\"720\" height=\"540\" src=\"https:\/\/topfoodmachine.com\/wp-content\/uploads\/2022\/07\/automatic-egg-grading-machine.webp\" alt=\"machine de classement automatique des \u0153ufs\" class=\"wp-image-1605 size-full\" srcset=\"https:\/\/topfoodmachine.com\/wp-content\/uploads\/2022\/07\/automatic-egg-grading-machine.webp 720w, https:\/\/topfoodmachine.com\/wp-content\/uploads\/2022\/07\/automatic-egg-grading-machine-300x225.webp 300w, https:\/\/topfoodmachine.com\/wp-content\/uploads\/2022\/07\/automatic-egg-grading-machine-16x12.webp 16w\" sizes=\"auto, (max-width: 720px) 100vw, 720px\" \/><\/figure><div class=\"wp-block-media-text__content\"> <p>Les \u0153ufs varient en poids, donc un tri pr\u00e9cis est essentiel pour une qualit\u00e9 constante et des ventes sur le march\u00e9. <\/p>    <p>Une machine automatique de tri des \u0153ufs rationalise ce processus en triant les \u0153ufs par poids avec une grande efficacit\u00e9 et capacit\u00e9, surpassant de loin les m\u00e9thodes manuelles. <\/p>    <p>C'est un investissement intelligent pour augmenter la productivit\u00e9 et r\u00e9pondre aux normes du march\u00e9.<\/p> <\/div><\/div>    <h2 class=\"wp-block-heading\">Comment fonctionne la machine de classement des \u0153ufs ?<\/h2>    <div class=\"wp-block-media-text has-media-on-the-right is-stacked-on-mobile\"><div class=\"wp-block-media-text__content\"> <ul class=\"wp-block-list\"> <li><strong>Chargement manuel des \u0153ufs<\/strong>. Les \u0153ufs sont plac\u00e9s manuellement sur le tapis roulant, un par un ou \u00e0 l'aide d'un ramasseur d'\u0153ufs pour un chargement plus rapide.<\/li>    <li><strong>Inspection par cand\u00e9lisation<\/strong>. Un appareil de cand\u00e9lisation positionn\u00e9 au milieu du tapis roulant \u00e9claire les \u0153ufs pour d\u00e9tecter et retirer les \u0153ufs non conformes, tels que ceux fissur\u00e9s, jaunis ou d\u00e9form\u00e9s.<\/li> <\/ul> <\/div><figure class=\"wp-block-media-text__media\"><img loading=\"lazy\" decoding=\"async\" width=\"720\" height=\"540\" src=\"https:\/\/topfoodmachine.com\/wp-content\/uploads\/2022\/07\/commercial-egg-sorting-machine.jpg\" alt=\"machine de tri des \u0153ufs commerciale\" class=\"wp-image-155 size-full\" srcset=\"https:\/\/topfoodmachine.com\/wp-content\/uploads\/2022\/07\/commercial-egg-sorting-machine.jpg 720w, https:\/\/topfoodmachine.com\/wp-content\/uploads\/2022\/07\/commercial-egg-sorting-machine-300x225.jpg 300w\" sizes=\"auto, (max-width: 720px) 100vw, 720px\" \/><\/figure><\/div>    <div class=\"wp-block-media-text is-stacked-on-mobile\"><figure class=\"wp-block-media-text__media\"><img loading=\"lazy\" decoding=\"async\" width=\"720\" height=\"540\" src=\"https:\/\/topfoodmachine.com\/wp-content\/uploads\/2022\/07\/TZ-5400-large-scale-egg-sorting-machine.jpg\" alt=\"Trieuse d&#039;\u0153ufs \u00e0 grande \u00e9chelle TZ-5400\" class=\"wp-image-158 size-full\" srcset=\"https:\/\/topfoodmachine.com\/wp-content\/uploads\/2022\/07\/TZ-5400-large-scale-egg-sorting-machine.jpg 720w, https:\/\/topfoodmachine.com\/wp-content\/uploads\/2022\/07\/TZ-5400-large-scale-egg-sorting-machine-300x225.jpg 300w\" sizes=\"auto, (max-width: 720px) 100vw, 720px\" \/><\/figure><div class=\"wp-block-media-text__content\"> <ul class=\"wp-block-list\"> <li><strong class=\"\">Tri m\u00e9canique<\/strong>. Les \u0153ufs se d\u00e9placent vers la zone de classement o\u00f9 un syst\u00e8me de pes\u00e9e m\u00e9canique les cat\u00e9gorise en fonction de leur poids.<\/li>    <li><strong>Collecte des \u0153ufs<\/strong>. Les \u0153ufs class\u00e9s sont d\u00e9pos\u00e9s sur une planche de classement et ensuite collect\u00e9s manuellement selon leurs grades respectifs.<\/li> <\/ul> <\/div><\/div>    <h2 class=\"wp-block-heading\">Petite machine de classement d'\u0153ufs TZ-4000 \u00e0 vendre<\/h2>    <p>La machine de tri des \u0153ufs TZ-4000 est con\u00e7ue pour g\u00e9rer efficacement jusqu'\u00e0 4 000 \u0153ufs par heure, ce qui en fait un choix fiable pour les entreprises ayant des besoins de traitement des \u0153ufs mod\u00e9r\u00e9s. Cette machine peut trier avec pr\u00e9cision les \u0153ufs en 7 cat\u00e9gories de poids diff\u00e9rentes avec une pr\u00e9cision de \u00b11 gramme.<\/p>    <div class=\"wp-block-media-text has-media-on-the-right is-stacked-on-mobile\"><div class=\"wp-block-media-text__content\"> <ul class=\"wp-block-list\"> <li><strong>Capacit\u00e9 :<\/strong> 4 000 \u0153ufs par heure.<\/li>    <li><strong>Pr\u00e9cision :<\/strong> p\u00e8se les \u0153ufs avec une pr\u00e9cision de \u00b11 gramme.<\/li>    <li><strong>Niveaux de tri :<\/strong> jusqu'\u00e0 7 cat\u00e9gories de poids diff\u00e9rentes.<\/li>    <li><strong>Dimensions :<\/strong> 1700*1450*1000mm.<\/li>    <li><strong>Mat\u00e9riel:<\/strong> disponible en acier inoxydable 304 ou en acier au carbone, selon vos besoins sp\u00e9cifiques et votre budget.<\/li>    <li><strong>Alimentation \u00e9lectrique :<\/strong> fonctionnement standard 220V, 50HZ, monophas\u00e9.<\/li> <\/ul> <\/div><figure class=\"wp-block-media-text__media\"><img loading=\"lazy\" decoding=\"async\" width=\"720\" height=\"540\" src=\"https:\/\/topfoodmachine.com\/wp-content\/uploads\/2022\/07\/egg-grader-machine.webp\" alt=\"machine de tri des \u0153ufs\" class=\"wp-image-1606 size-full\" srcset=\"https:\/\/topfoodmachine.com\/wp-content\/uploads\/2022\/07\/egg-grader-machine.webp 720w, https:\/\/topfoodmachine.com\/wp-content\/uploads\/2022\/07\/egg-grader-machine-300x225.webp 300w, https:\/\/topfoodmachine.com\/wp-content\/uploads\/2022\/07\/egg-grader-machine-16x12.webp 16w\" sizes=\"auto, (max-width: 720px) 100vw, 720px\" \/><\/figure><\/div>    <p>En plus de ses caract\u00e9ristiques robustes, le TZ-4000 offre de puissantes options de personnalisation pour r\u00e9pondre \u00e0 vos exigences sp\u00e9cifiques. Cette machine combine des mat\u00e9riaux durables, un pesage pr\u00e9cis, des prix comp\u00e9titifs et une utilisation conviviale, ce qui en fait un excellent investissement pour le traitement des \u0153ufs.<\/p>    <h2 class=\"wp-block-heading\">Machine de tri \u00e0 grande \u00e9chelle TZ-5400 \u00e0 vendre<\/h2>    <p>Le TZ-5400 est une machine de tri des \u0153ufs \u00e0 haute capacit\u00e9, capable de traiter jusqu'\u00e0 5 400 \u0153ufs par heure. Ce mod\u00e8le offre une am\u00e9lioration significative de la capacit\u00e9 par rapport au TZ-4000, ce qui le rend id\u00e9al pour les entreprises ayant des besoins de production plus importants.<\/p>    <div class=\"wp-block-media-text is-stacked-on-mobile\"><figure class=\"wp-block-media-text__media\"><img loading=\"lazy\" decoding=\"async\" width=\"720\" height=\"540\" src=\"https:\/\/topfoodmachine.com\/wp-content\/uploads\/2022\/07\/egg-grading-machine-for-sale.webp\" alt=\"machine de tri des \u0153ufs \u00e0 vendre\" class=\"wp-image-1607 size-full\" srcset=\"https:\/\/topfoodmachine.com\/wp-content\/uploads\/2022\/07\/egg-grading-machine-for-sale.webp 720w, https:\/\/topfoodmachine.com\/wp-content\/uploads\/2022\/07\/egg-grading-machine-for-sale-300x225.webp 300w, https:\/\/topfoodmachine.com\/wp-content\/uploads\/2022\/07\/egg-grading-machine-for-sale-16x12.webp 16w\" sizes=\"auto, (max-width: 720px) 100vw, 720px\" \/><\/figure><div class=\"wp-block-media-text__content\"> <ul class=\"wp-block-list\"> <li><strong>Capacit\u00e9 :<\/strong> 5 400 \u0153ufs par heure.<\/li>    <li><strong>Pr\u00e9cision :<\/strong> trie les \u0153ufs avec une pr\u00e9cision de \u00b11 gramme.<\/li>    <li><strong>Niveaux de tri :<\/strong> capable de classer les \u0153ufs en jusqu'\u00e0 5 cat\u00e9gories de poids diff\u00e9rentes.<\/li>    <li><strong>Mat\u00e9riel:<\/strong> disponible en acier inoxydable 304 ou en acier au carbone, selon vos pr\u00e9f\u00e9rences et votre budget.<\/li>    <li><strong>Alimentation \u00e9lectrique :<\/strong> fonctionne sur 220V, 50HZ, alimentation monophas\u00e9e.<\/li> <\/ul> <\/div><\/div>    <p>Le TZ-5400 ne se contente pas de trier les \u0153ufs, mais termine \u00e9galement le processus de candling automatiquement, garantissant efficacit\u00e9 et pr\u00e9cision. Convient pour le tri des \u0153ufs de poule et de canard, cette machine est con\u00e7ue pour r\u00e9pondre aux exigences des environnements de haute production. <\/p>    <p>De plus, nous offrons des services personnalis\u00e9s pour adapter la machine \u00e0 vos exigences sp\u00e9cifiques, y compris l'adaptation aux normes de diff\u00e9rents pays. Pour plus d'informations d\u00e9taill\u00e9es, n'h\u00e9sitez pas \u00e0 nous contacter.<\/p>    <h2 class=\"wp-block-heading\">Donn\u00e9es techniques de notre machine \u00e0 trier les \u0153ufs<\/h2>    <figure class=\"wp-block-table\"><table><tbody><tr><td>Mod\u00e8le<\/td><td>TZ-4000A<\/td><td>TZ-4000B<\/td><td>TZ-5400A<\/td><td>TZ-5400B<\/td><\/tr><tr><td>Taille<\/td><td>1700*1450*1000mm<\/td><td>1700*1450*1000mm<\/td><td>1850*1600*1000mm<\/td><td>1850*1600*1000mm<\/td><\/tr><tr><td>Capacit\u00e9<\/td><td>4000 pi\u00e8ces\/heure<\/td><td>4000 pi\u00e8ces\/heure<\/td><td>5400 pi\u00e8ces\/heure<\/td><td>5400 pi\u00e8ces\/heure<\/td><\/tr><tr><td>Tension<\/td><td>220 V, 50 Hz, phrase unique<\/td><td>220 V, 50 Hz, phrase unique<\/td><td>220v, 50hz, phase unique<\/td><td>220 V, 50 Hz, phrase unique<\/td><\/tr><tr><td>Poids net<\/td><td>160 kg<\/td><td>150 kg &nbsp;<\/td><td>200 kg<\/td><td>180 kg<\/td><\/tr><tr><td>Pouvoir<\/td><td>218w<\/td><td>320w<\/td><td>227w<\/td><td>380w<\/td><\/tr><tr><td>Pr\u00e9cision<\/td><td>\u00b11g<\/td><td>\u00b11g<\/td><td>\u00b11g<\/td><td>\u00b11g<\/td><\/tr><tr><td>Mat\u00e9riel<\/td><td>Acier inoxydable 304<\/td><td>Acier Carbone<\/td><td>Acier inoxydable 304<\/td><td>Acier Carbone<\/td><\/tr><tr><td>Grade<\/td><td>7 niveaux<\/td><td>7 niveaux<\/td><td>5 niveaux<\/td><td>5 niveaux<\/td><\/tr><tr><td>Fonction<\/td><td>tri &amp; candling<\/td><td>tri &amp; candling<\/td><td>tri &amp; candling<\/td><td>tri &amp; candling<\/td><\/tr><\/tbody><\/table><figcaption class=\"wp-element-caption\">param\u00e8tres de la machine de tri des \u0153ufs<\/figcaption><\/figure>    <h2 class=\"wp-block-heading\">Caract\u00e9ristiques de performance de la machine de tri des \u0153ufs<\/h2>    <div class=\"wp-block-media-text has-media-on-the-right is-stacked-on-mobile\"><div class=\"wp-block-media-text__content\"> <ul class=\"wp-block-list\"> <li><strong>Options de mat\u00e9riaux<\/strong>. Disponible en acier inoxydable ou en acier au carbone pour r\u00e9pondre \u00e0 diff\u00e9rentes demandes et budgets.<\/li>    <li><strong>Tri de pr\u00e9cision.<\/strong> Trie avec pr\u00e9cision les \u0153ufs en jusqu'\u00e0 7 grades avec une pr\u00e9cision de \u00b11g.<\/li>    <li><strong>Haute efficacit\u00e9<\/strong>. Dispose d'un dispositif d'aspiration des \u0153ufs pour un chargement rapide, am\u00e9liorant l'efficacit\u00e9 du tri.<\/li> <\/ul> <\/div><figure class=\"wp-block-media-text__media\"><img loading=\"lazy\" decoding=\"async\" width=\"720\" height=\"540\" src=\"https:\/\/topfoodmachine.com\/wp-content\/uploads\/2022\/07\/egg-sorting-machine.webp\" alt=\"machine de tri d&#039;oeufs\" class=\"wp-image-1609 size-full\" srcset=\"https:\/\/topfoodmachine.com\/wp-content\/uploads\/2022\/07\/egg-sorting-machine.webp 720w, https:\/\/topfoodmachine.com\/wp-content\/uploads\/2022\/07\/egg-sorting-machine-300x225.webp 300w, https:\/\/topfoodmachine.com\/wp-content\/uploads\/2022\/07\/egg-sorting-machine-16x12.webp 16w\" sizes=\"auto, (max-width: 720px) 100vw, 720px\" \/><\/figure><\/div>    <div class=\"wp-block-media-text is-stacked-on-mobile\"><figure class=\"wp-block-media-text__media\"><img loading=\"lazy\" decoding=\"async\" width=\"720\" height=\"540\" src=\"https:\/\/topfoodmachine.com\/wp-content\/uploads\/2022\/07\/egg-grading-machine-price.webp\" alt=\"prix de la machine de tri des \u0153ufs\" class=\"wp-image-1608 size-full\" srcset=\"https:\/\/topfoodmachine.com\/wp-content\/uploads\/2022\/07\/egg-grading-machine-price.webp 720w, https:\/\/topfoodmachine.com\/wp-content\/uploads\/2022\/07\/egg-grading-machine-price-300x225.webp 300w, https:\/\/topfoodmachine.com\/wp-content\/uploads\/2022\/07\/egg-grading-machine-price-16x12.webp 16w\" sizes=\"auto, (max-width: 720px) 100vw, 720px\" \/><\/figure><div class=\"wp-block-media-text__content\"> <ul class=\"wp-block-list\"> <li><strong>Automatisation.<\/strong> Automatise le pesage, le tri et la classification des \u0153ufs, avec d\u00e9tection optique pour les embryons et les fissures.<\/li>    <li><strong>Personnalisable.<\/strong> Mod\u00e8les r\u00e9glables avec options pour les niveaux de tri, la pr\u00e9cision et d'autres param\u00e8tres.<\/li>    <li><strong>Polyvalent.<\/strong> Convient \u00e0 divers types d'\u0153ufs, y compris les \u0153ufs de canard, d'oie et de caille.<\/li>    <li><strong>Int\u00e9gration.<\/strong> Peut \u00eatre combin\u00e9 avec des machines \u00e0 laver et \u00e0 coder les \u0153ufs pour une ligne de traitement compl\u00e8te.<\/li> <\/ul> <\/div><\/div>    <h2 class=\"wp-block-heading\">Questions fr\u00e9quentes sur la machine de tri des \u0153ufs<\/h2>   <div id=\"rank-math-faq\" class=\"rank-math-block\"> <div class=\"rank-math-list\"> <div id=\"faq-question-1724309816375\" class=\"rank-math-list-item\"> <h3 class=\"rank-math-question\"><strong>Quelles sont la tension et la puissance de la machine de tri des \u0153ufs\u00a0?<\/strong><\/h3> <div class=\"rank-math-answer\">  <p>Les options de tension et de puissance standard de la machine sont 220V, 50Hz, monophas\u00e9, ou 380V, 50Hz, triphas\u00e9. Si vous avez des exigences sp\u00e9cifiques, nous pouvons personnaliser la tension et la puissance pour r\u00e9pondre \u00e0 vos besoins.<\/p>  <\/div> <\/div> <div id=\"faq-question-1724309872692\" class=\"rank-math-list-item\"> <h3 class=\"rank-math-question\"><strong>Quelle est la garantie apr\u00e8s-vente de la machine ?<\/strong><\/h3> <div class=\"rank-math-answer\">  <p>Nous fournissons une garantie d'un an pour la machine et continuons \u00e0 rester en contact avec nos clients m\u00eame apr\u00e8s la p\u00e9riode de garantie.<\/p>  <\/div> <\/div> <div id=\"faq-question-1724309926940\" class=\"rank-math-list-item\"> <h3 class=\"rank-math-question\"><strong>Comment installer la machine de tri des \u0153ufs pour nous\u00a0?<\/strong><\/h3> <div class=\"rank-math-answer\">  <p>Nous offrons un support pour l'installation de la machine par e-mail, appels vocaux et appels vid\u00e9o. Si n\u00e9cessaire, nous pouvons \u00e9galement organiser nos ing\u00e9nieurs qualifi\u00e9s pour fournir des instructions techniques sur site.<\/p>  <\/div> <\/div> <\/div> <\/div>   <figure class=\"wp-block-gallery has-nested-images columns-default is-cropped wp-block-gallery-2 is-layout-flex wp-block-gallery-is-layout-flex\"> <figure class=\"wp-block-image size-full\"><img loading=\"lazy\" decoding=\"async\" width=\"720\" height=\"540\" data-id=\"1610\" src=\"https:\/\/topfoodmachine.com\/wp-content\/uploads\/2022\/07\/industrial-egg-grading-machine.webp\" alt=\"machine industrielle de tri des \u0153ufs\" class=\"wp-image-1610\" srcset=\"https:\/\/topfoodmachine.com\/wp-content\/uploads\/2022\/07\/industrial-egg-grading-machine.webp 720w, https:\/\/topfoodmachine.com\/wp-content\/uploads\/2022\/07\/industrial-egg-grading-machine-300x225.webp 300w, https:\/\/topfoodmachine.com\/wp-content\/uploads\/2022\/07\/industrial-egg-grading-machine-16x12.webp 16w\" sizes=\"auto, (max-width: 720px) 100vw, 720px\" \/><figcaption class=\"wp-element-caption\">machine industrielle de tri des \u0153ufs<\/figcaption><\/figure>    <figure class=\"wp-block-image size-full\"><img loading=\"lazy\" decoding=\"async\" width=\"720\" height=\"540\" data-id=\"2205\" src=\"https:\/\/topfoodmachine.com\/wp-content\/uploads\/2022\/07\/egg-grader.webp\" alt=\"tri des \u0153ufs\" class=\"wp-image-2205\" srcset=\"https:\/\/topfoodmachine.com\/wp-content\/uploads\/2022\/07\/egg-grader.webp 720w, https:\/\/topfoodmachine.com\/wp-content\/uploads\/2022\/07\/egg-grader-300x225.webp 300w, https:\/\/topfoodmachine.com\/wp-content\/uploads\/2022\/07\/egg-grader-16x12.webp 16w\" sizes=\"auto, (max-width: 720px) 100vw, 720px\" \/><figcaption class=\"wp-element-caption\">tri des \u0153ufs<\/figcaption><\/figure> <\/figure>    <h2 class=\"wp-block-heading\">Contactez-nous pour obtenir un devis !<\/h2>    <p class=\"translation-block\">Nos <a href=\"https:\/\/en.wikipedia.org\/wiki\/Egg\" data-type=\"link\" data-id=\"https:\/\/en.wikipedia.org\/wiki\/Egg\" target=\"_blank\" rel=\"noopener\">machines de tri des \u0153ufs<\/a> sont enti\u00e8rement automatiques et multifonctionnelles, con\u00e7ues pour trier diff\u00e9rents types d'\u0153ufs, y compris les \u0153ufs de poule, de canard, de dinde et d'oie. Nous proposons deux mod\u00e8les : le TZ-4000 et le TZ-5400, tous deux disponibles en acier inoxydable ou en acier au carbone pour s'adapter \u00e0 diff\u00e9rents budgets et besoins. <\/p>    <p class=\"translation-block\">Ces machines peuvent \u00e9galement \u00eatre int\u00e9gr\u00e9es avec des <a href=\"https:\/\/topfoodmachine.com\/fr\/product\/egg-washing-machine\/\" data-type=\"link\" data-id=\"https:\/\/topfoodmachine.com\/product\/egg-washing-machine\/\">machines \u00e0 laver les \u0153ufs<\/a> et des machines \u00e0 imprimer les \u0153ufs pour cr\u00e9er une ligne de traitement des \u0153ufs compl\u00e8te. Tout l'\u00e9quipement est disponible chez Taizy Machinery. Contactez-nous d\u00e8s aujourd'hui pour plus de d\u00e9tails.<\/p>","protected":false},"excerpt":{"rendered":"<p>La  Machine de tri des \u0153ufs  automatise l'ensemble du processus de traitement des \u0153ufs, y compris la livraison, la candling et le tri, permettant un tri pr\u00e9cis et efficace des \u0153ufs par poids en 5 ou 7 cat\u00e9gories.<\/p>","protected":false},"author":1,"featured_media":154,"parent":0,"template":"","tags":[79],"product-type":[7],"class_list":["post-12","product","type-product","status-publish","has-post-thumbnail","hentry","tag-egg-grading-machine","product-type-egg-meat-processing-machine"],"_links":{"self":[{"href":"https:\/\/topfoodmachine.com\/fr\/wp-json\/wp\/v2\/product\/12","targetHints":{"allow":["GET"]}}],"collection":[{"href":"https:\/\/topfoodmachine.com\/fr\/wp-json\/wp\/v2\/product"}],"about":[{"href":"https:\/\/topfoodmachine.com\/fr\/wp-json\/wp\/v2\/types\/product"}],"author":[{"embeddable":true,"href":"https:\/\/topfoodmachine.com\/fr\/wp-json\/wp\/v2\/users\/1"}],"wp:featuredmedia":[{"embeddable":true,"href":"https:\/\/topfoodmachine.com\/fr\/wp-json\/wp\/v2\/media\/154"}],"wp:attachment":[{"href":"https:\/\/topfoodmachine.com\/fr\/wp-json\/wp\/v2\/media?parent=12"}],"wp:term":[{"taxonomy":"post_tag","embeddable":true,"href":"https:\/\/topfoodmachine.com\/fr\/wp-json\/wp\/v2\/tags?post=12"},{"taxonomy":"product-type","embeddable":true,"href":"https:\/\/topfoodmachine.com\/fr\/wp-json\/wp\/v2\/product-type?post=12"}],"curies":[{"name":"wp","href":"https:\/\/api.w.org\/{rel}","templated":true}]}}