{"id":1198,"date":"2024-03-22T16:32:36","date_gmt":"2024-03-22T08:32:36","guid":{"rendered":"https:\/\/topfoodmachine.com\/?post_type=product&#038;p=1198"},"modified":"2024-03-22T16:32:36","modified_gmt":"2024-03-22T08:32:36","slug":"tortilla-maker-machine","status":"publish","type":"product","link":"https:\/\/topfoodmachine.com\/fr\/product\/tortilla-maker-machine\/","title":{"rendered":"Machine \u00e0 tortillas\uff5cMachine \u00e0 tacos"},"content":{"rendered":"<div class=\"kk-star-ratings kksr-auto kksr-align-left kksr-valign-top\"     data-payload='{&quot;align&quot;:&quot;left&quot;,&quot;id&quot;:&quot;1198&quot;,&quot;slug&quot;:&quot;default&quot;,&quot;valign&quot;:&quot;top&quot;,&quot;ignore&quot;:&quot;&quot;,&quot;reference&quot;:&quot;auto&quot;,&quot;class&quot;:&quot;&quot;,&quot;count&quot;:&quot;13&quot;,&quot;legendonly&quot;:&quot;&quot;,&quot;readonly&quot;:&quot;&quot;,&quot;score&quot;:&quot;4.7&quot;,&quot;starsonly&quot;:&quot;&quot;,&quot;best&quot;:&quot;5&quot;,&quot;gap&quot;:&quot;5&quot;,&quot;greet&quot;:&quot;Rate this product&quot;,&quot;legend&quot;:&quot;4.7\\\/5 - (13 votes)&quot;,&quot;size&quot;:&quot;24&quot;,&quot;title&quot;:&quot;Tortilla Maker Machine\uff5cTaco Making Machine&quot;,&quot;width&quot;:&quot;133.8&quot;,&quot;_legend&quot;:&quot;{score}\\\/{best} - ({count} {votes})&quot;,&quot;font_factor&quot;:&quot;1.25&quot;}'>              <div class=\"kksr-stars\">      <div class=\"kksr-stars-inactive\">             <div class=\"kksr-star\" data-star=\"1\" style=\"padding-right: 5px\">               <div class=\"kksr-icon\" style=\"width: 24px; height: 24px;\"><\/div>         <\/div>             <div class=\"kksr-star\" data-star=\"2\" style=\"padding-right: 5px\">               <div class=\"kksr-icon\" style=\"width: 24px; height: 24px;\"><\/div>         <\/div>             <div class=\"kksr-star\" data-star=\"3\" style=\"padding-right: 5px\">               <div class=\"kksr-icon\" style=\"width: 24px; height: 24px;\"><\/div>         <\/div>             <div class=\"kksr-star\" data-star=\"4\" style=\"padding-right: 5px\">               <div class=\"kksr-icon\" style=\"width: 24px; height: 24px;\"><\/div>         <\/div>             <div class=\"kksr-star\" data-star=\"5\" style=\"padding-right: 5px\">               <div class=\"kksr-icon\" style=\"width: 24px; height: 24px;\"><\/div>         <\/div>     <\/div>      <div class=\"kksr-stars-active\" style=\"width: 133.8px;\">             <div class=\"kksr-star\" style=\"padding-right: 5px\">               <div class=\"kksr-icon\" style=\"width: 24px; height: 24px;\"><\/div>         <\/div>             <div class=\"kksr-star\" style=\"padding-right: 5px\">               <div class=\"kksr-icon\" style=\"width: 24px; height: 24px;\"><\/div>         <\/div>             <div class=\"kksr-star\" style=\"padding-right: 5px\">               <div class=\"kksr-icon\" style=\"width: 24px; height: 24px;\"><\/div>         <\/div>             <div class=\"kksr-star\" style=\"padding-right: 5px\">               <div class=\"kksr-icon\" style=\"width: 24px; height: 24px;\"><\/div>         <\/div>             <div class=\"kksr-star\" style=\"padding-right: 5px\">               <div class=\"kksr-icon\" style=\"width: 24px; height: 24px;\"><\/div>         <\/div>     <\/div> <\/div>                   <div class=\"kksr-legend\" style=\"font-size: 19.2px;\">             4,7\/5 - (13 votes)    <\/div>     <\/div>  <p>Dans le monde anim\u00e9 de l'innovation culinaire, un appareil \u00e9lectrom\u00e9nager se distingue par sa fusion de la cuisine traditionnelle et de la commodit\u00e9 moderne : la machine \u00e0 tortillas, \u00e9galement connue sous le nom de machine \u00e0 tortillas de ma\u00efs. <\/p>    <p>Ancr\u00e9e dans des traditions culinaires s\u00e9culaires, cet appareil ing\u00e9nieux a compl\u00e8tement transform\u00e9 la fa\u00e7on dont les tortillas de ma\u00efs sont fabriqu\u00e9es, transformant ce qui \u00e9tait autrefois un processus laborieux et chronophage en un processus efficace et coh\u00e9rent. <\/p>    <p>La machine \u00e0 tortillas utilise une ing\u00e9nierie de pr\u00e9cision et un design ergonomique pour transformer sans effort la p\u00e2te de masa crue en tortillas parfaitement rondes et fines. Que vous pr\u00e9f\u00e9riez la chaleur des tortillas de ma\u00efs fra\u00eechement pr\u00e9par\u00e9es ou la polyvalence des tortillas de bl\u00e9, cette machine r\u00e9pond sans effort \u00e0 divers go\u00fbts et pr\u00e9f\u00e9rences.<\/p>    <figure class=\"wp-block-gallery has-nested-images columns-default is-cropped wp-block-gallery-2 is-layout-flex wp-block-gallery-is-layout-flex\"> <figure class=\"wp-block-image size-large\"><img loading=\"lazy\" decoding=\"async\" width=\"720\" height=\"540\" data-id=\"1201\" src=\"https:\/\/topfoodmachine.com\/wp-content\/uploads\/2024\/03\/automatic-Tortilla-Maker-Machine.webp\" alt=\"machine \u00e0 tortillas automatique\" class=\"wp-image-1201\" srcset=\"https:\/\/topfoodmachine.com\/wp-content\/uploads\/2024\/03\/automatic-Tortilla-Maker-Machine.webp 720w, https:\/\/topfoodmachine.com\/wp-content\/uploads\/2024\/03\/automatic-Tortilla-Maker-Machine-300x225.webp 300w, https:\/\/topfoodmachine.com\/wp-content\/uploads\/2024\/03\/automatic-Tortilla-Maker-Machine-16x12.webp 16w\" sizes=\"auto, (max-width: 720px) 100vw, 720px\" \/><figcaption class=\"wp-element-caption\">machine \u00e0 tortillas automatique<\/figcaption><\/figure>    <figure class=\"wp-block-image size-large\"><img loading=\"lazy\" decoding=\"async\" width=\"720\" height=\"540\" data-id=\"1202\" src=\"https:\/\/topfoodmachine.com\/wp-content\/uploads\/2024\/03\/commercial-taco-maker.webp\" alt=\"machine \u00e0 tacos commerciale\" class=\"wp-image-1202\" srcset=\"https:\/\/topfoodmachine.com\/wp-content\/uploads\/2024\/03\/commercial-taco-maker.webp 720w, https:\/\/topfoodmachine.com\/wp-content\/uploads\/2024\/03\/commercial-taco-maker-300x225.webp 300w, https:\/\/topfoodmachine.com\/wp-content\/uploads\/2024\/03\/commercial-taco-maker-16x12.webp 16w\" sizes=\"auto, (max-width: 720px) 100vw, 720px\" \/><figcaption class=\"wp-element-caption\">machine \u00e0 tacos commerciale<\/figcaption><\/figure> <\/figure>    <h2 class=\"wp-block-heading\">Caract\u00e9ristiques cl\u00e9s de la machine \u00e0 tacos<\/h2>    <p>La machine \u00e0 tortillas poss\u00e8de plusieurs caract\u00e9ristiques cl\u00e9s qui la distinguent en tant qu'appareil polyvalent et efficace pour produire de d\u00e9licieuses tortillas.<\/p>    <p>Tout d'abord, sa m\u00e9thode de chauffage utilise le chauffage \u00e9lectrique, garantissant un contr\u00f4le de temp\u00e9rature constant et pr\u00e9cis tout au long du processus de fabrication des tortillas. Cela permet une cuisson et un brunissement uniformes, r\u00e9sultant en des tortillas parfaitement cuites \u00e0 chaque fois.<\/p>    <p>De plus, la machine offre des r\u00e9glages d'\u00e9paisseur ajustables, permettant la production de tortillas avec une \u00e9paisseur allant de 0,5 mm \u00e0 3 mm. Cette polyvalence permet aux utilisateurs de personnaliser l'\u00e9paisseur de leurs tortillas selon leurs pr\u00e9f\u00e9rences ou exigences culinaires sp\u00e9cifiques.<\/p>    <p>En outre, la machine \u00e0 tortillas est \u00e9quip\u00e9e d'un syst\u00e8me pneumatique, am\u00e9liorant son efficacit\u00e9 op\u00e9rationnelle et ses performances. Ce syst\u00e8me pneumatique facilite un fonctionnement fluide et fiable, garantissant une production constante tout en minimisant les temps d'arr\u00eat.<\/p>    <figure class=\"wp-block-image size-full\"><img loading=\"lazy\" decoding=\"async\" width=\"720\" height=\"540\" src=\"https:\/\/topfoodmachine.com\/wp-content\/uploads\/2024\/03\/details-of-the-Taco-Making-Machine.webp\" alt=\"d\u00e9tails de la machine \u00e0 tacos\" class=\"wp-image-1203\" srcset=\"https:\/\/topfoodmachine.com\/wp-content\/uploads\/2024\/03\/details-of-the-Taco-Making-Machine.webp 720w, https:\/\/topfoodmachine.com\/wp-content\/uploads\/2024\/03\/details-of-the-Taco-Making-Machine-300x225.webp 300w, https:\/\/topfoodmachine.com\/wp-content\/uploads\/2024\/03\/details-of-the-Taco-Making-Machine-16x12.webp 16w\" sizes=\"auto, (max-width: 720px) 100vw, 720px\" \/><figcaption class=\"wp-element-caption\">d\u00e9tails de la machine \u00e0 tacos<\/figcaption><\/figure>    <h2 class=\"wp-block-heading\">Comment fonctionne la machine \u00e0 tortillas ?<\/h2>    <p>La machine \u00e0 tortillas fonctionne en utilisant un moteur pour entra\u00eener divers types de p\u00e2te \u00e0 travers un dispositif d'extrusion \u00e0 une vitesse constante, r\u00e9sultant en une sortie uniforme. Par la suite, la p\u00e2te cylindrique est coup\u00e9e et fa\u00e7onn\u00e9e par un m\u00e9canisme de coupe. <\/p>    <p>Ensuite, la p\u00e2te subit un pr\u00e9-pressage et un fa\u00e7onnage avec des plaques de pression sup\u00e9rieures et inf\u00e9rieures avant d'entrer dans des plateaux de cuisson sup\u00e9rieurs et inf\u00e9rieurs pour la cuisson. Apr\u00e8s la cuisson, les tortillas passent ensuite par un processus de refroidissement avec l'aide d'un flux d'air et sont saupoudr\u00e9es de farine.<\/p>    <p>De plus, la machine est \u00e9quip\u00e9e d'un m\u00e9canisme de farinage sup\u00e9rieur, o\u00f9 un moteur et une brosse travaillent ensemble pour r\u00e9partir uniform\u00e9ment la farine sur les tortillas. Cette fonctionnalit\u00e9 garantit non seulement une couverture uniforme de farine sur la surface du produit, mais emp\u00eache \u00e9galement efficacement le collage, en particulier pour les p\u00e2tes \u00e0 haute viscosit\u00e9. <\/p>    <p>De plus, l'orifice de d\u00e9charge inf\u00e9rieur peut \u00eatre ajust\u00e9 pour contr\u00f4ler la quantit\u00e9 de farine distribu\u00e9e, r\u00e9pondant aux exigences sp\u00e9cifiques du produit. Le fonctionnement pr\u00e9cis et la coordination de ces processus garantissent une production efficace et une qualit\u00e9 et une texture constantes des tortillas produites par la machine \u00e0 tortillas.<\/p>    <figure class=\"wp-block-image size-full\"><img loading=\"lazy\" decoding=\"async\" width=\"720\" height=\"540\" src=\"https:\/\/topfoodmachine.com\/wp-content\/uploads\/2024\/03\/structure-of-Taco-Making-Machine.webp\" alt=\"structure de la machine \u00e0 tacos\" class=\"wp-image-1204\" srcset=\"https:\/\/topfoodmachine.com\/wp-content\/uploads\/2024\/03\/structure-of-Taco-Making-Machine.webp 720w, https:\/\/topfoodmachine.com\/wp-content\/uploads\/2024\/03\/structure-of-Taco-Making-Machine-300x225.webp 300w, https:\/\/topfoodmachine.com\/wp-content\/uploads\/2024\/03\/structure-of-Taco-Making-Machine-16x12.webp 16w\" sizes=\"auto, (max-width: 720px) 100vw, 720px\" \/><figcaption class=\"wp-element-caption\">structure de la machine \u00e0 tacos<\/figcaption><\/figure>    <h2 class=\"wp-block-heading\">Quels aliments peuvent \u00eatre pr\u00e9par\u00e9s avec la machine \u00e0 tortillas ?<\/h2>    <p>La polyvalence de la machine \u00e0 tortillas va bien au-del\u00e0 de son nom, car elle est capable de cr\u00e9er une gamme de plats d\u00e9licieux. Principalement con\u00e7ue pour fabriquer des cr\u00eapes chapati, des tortillas, des roti et des cr\u00eapes de canard p\u00e9kinois, cette merveille industrielle s'av\u00e8re \u00eatre une puissance culinaire capable de bien plus. <\/p>    <p>Son design adaptable et son ing\u00e9nierie de pr\u00e9cision permettent la cr\u00e9ation de divers pains plats et cr\u00eapes, chacun avec sa propre texture et son propre profil de saveur.<\/p>    <p>De la texture douce et moelleuse des cr\u00eapes chapati \u00e0 la nature fine et flexible des tortillas, la machine \u00e0 tortillas garantit la coh\u00e9rence et la qualit\u00e9 de chaque lot. Que ce soit des pains plats sans levain ou des cr\u00eapes savoureuses, cette machine r\u00e9pond sans effort \u00e0 une large gamme de pr\u00e9f\u00e9rences culinaires et de traditions culturelles.<\/p>    <p>De plus, sa capacit\u00e9 \u00e0 g\u00e9rer une vari\u00e9t\u00e9 de types de p\u00e2te et d'\u00e9paisseurs permet une cr\u00e9ativit\u00e9 sans fin dans la cuisine. Des recettes traditionnelles aux cr\u00e9ations culinaires innovantes, la machine \u00e0 tortillas permet aux chefs et aux passionn\u00e9s de cuisine d'explorer de nouveaux horizons en gastronomie. <\/p>    <p>Avec sa fiabilit\u00e9 et sa pr\u00e9cision, cette machine devient un atout indispensable dans toute cuisine commerciale ou installation de production alimentaire, \u00e9levant l'art de la fabrication de pains plats et de cr\u00eapes \u00e0 de nouveaux sommets.<\/p>    <figure class=\"wp-block-gallery has-nested-images columns-default is-cropped wp-block-gallery-3 is-layout-flex wp-block-gallery-is-layout-flex\"> <figure class=\"wp-block-image size-large\"><img loading=\"lazy\" decoding=\"async\" width=\"720\" height=\"540\" data-id=\"1205\" src=\"https:\/\/topfoodmachine.com\/wp-content\/uploads\/2024\/03\/final-product-of-Taco-Making-Machine.webp\" alt=\"produit final de la machine \u00e0 tacos\" class=\"wp-image-1205\" srcset=\"https:\/\/topfoodmachine.com\/wp-content\/uploads\/2024\/03\/final-product-of-Taco-Making-Machine.webp 720w, https:\/\/topfoodmachine.com\/wp-content\/uploads\/2024\/03\/final-product-of-Taco-Making-Machine-300x225.webp 300w, https:\/\/topfoodmachine.com\/wp-content\/uploads\/2024\/03\/final-product-of-Taco-Making-Machine-16x12.webp 16w\" sizes=\"auto, (max-width: 720px) 100vw, 720px\" \/><figcaption class=\"wp-element-caption\">produit final de la machine \u00e0 tacos<\/figcaption><\/figure>    <figure class=\"wp-block-image size-large\"><img loading=\"lazy\" decoding=\"async\" width=\"720\" height=\"540\" data-id=\"1206\" src=\"https:\/\/topfoodmachine.com\/wp-content\/uploads\/2024\/03\/Tortilla.webp\" alt=\"Tortilla\" class=\"wp-image-1206\" srcset=\"https:\/\/topfoodmachine.com\/wp-content\/uploads\/2024\/03\/Tortilla.webp 720w, https:\/\/topfoodmachine.com\/wp-content\/uploads\/2024\/03\/Tortilla-300x225.webp 300w, https:\/\/topfoodmachine.com\/wp-content\/uploads\/2024\/03\/Tortilla-16x12.webp 16w\" sizes=\"auto, (max-width: 720px) 100vw, 720px\" \/><figcaption class=\"wp-element-caption\">Tortilla<\/figcaption><\/figure> <\/figure>    <h2 class=\"wp-block-heading\">\u00c9quipements de soutien de la machine \u00e0 tacos<\/h2>    <p>Notre machine \u00e0 tacos est con\u00e7ue pour s'int\u00e9grer parfaitement avec les \u00e9quipements de soutien essentiels, y compris les m\u00e9langeurs de p\u00e2te et les machines d'emballage.<\/p>    <p class=\"translation-block\"><a href=\"https:\/\/topfoodmachine.com\/fr\/product\/commercial-dough-mixer\/\" data-type=\"link\" data-id=\"https:\/\/topfoodmachine.com\/product\/commercial-dough-mixer\/\">Les m\u00e9langeurs de p\u00e2te<\/a> jouent un r\u00f4le essentiel dans les premi\u00e8res \u00e9tapes de la production de tacos, garantissant le m\u00e9lange uniforme des ingr\u00e9dients pour cr\u00e9er la p\u00e2te de masa parfaite. Cette coh\u00e9rence garantit la base de haute qualit\u00e9 n\u00e9cessaire pour fabriquer des tacos d\u00e9licieux de mani\u00e8re efficace.<\/p>    <p>Pendant ce temps, les machines d'emballage compl\u00e8tent la machine \u00e0 tacos en enveloppant efficacement chaque taco avec pr\u00e9cision et rapidit\u00e9. Cela garantit la pr\u00e9servation de la fra\u00eecheur et de l'hygi\u00e8ne, rendant les tacos pr\u00eats pour la distribution ou l'exposition avec facilit\u00e9. <\/p>    <p>Ensemble, ces composants d'\u00e9quipement de soutien rationalisent le processus de fabrication de tacos, permettant aux professionnels de la cuisine de livrer des tacos exceptionnellement constants \u00e0 des clients impatients.<\/p>    <figure class=\"wp-block-image size-full\"><img loading=\"lazy\" decoding=\"async\" width=\"720\" height=\"540\" src=\"https:\/\/topfoodmachine.com\/wp-content\/uploads\/2023\/03\/industrial-dough-mixer-machine.jpg\" alt=\"machine m\u00e9langeuse de p\u00e2te industrielle\" class=\"wp-image-409\" srcset=\"https:\/\/topfoodmachine.com\/wp-content\/uploads\/2023\/03\/industrial-dough-mixer-machine.jpg 720w, https:\/\/topfoodmachine.com\/wp-content\/uploads\/2023\/03\/industrial-dough-mixer-machine-300x225.jpg 300w\" sizes=\"auto, (max-width: 720px) 100vw, 720px\" \/><figcaption class=\"wp-element-caption\">machine m\u00e9langeuse de p\u00e2te industrielle<\/figcaption><\/figure>    <h2 class=\"wp-block-heading\">Param\u00e8tres techniques de la machine \u00e0 tortillas<\/h2>    <figure class=\"wp-block-table\"><table><tbody><tr><td>Mod\u00e8le<\/td><td>TZ-350<\/td><td>TZ-450<\/td><td>TZ-650<\/td><\/tr><tr><td>Taille<\/td><td>2050*600mm<\/td><td>5200*800*1400<\/td><td>5200*1000*1400<\/td><\/tr><tr><td>Tension<\/td><td>380v<\/td><td>380v<\/td><td>380v<\/td><\/tr><tr><td>Poids<\/td><td>100 kg<\/td><td>440kg<\/td><td>500 kg<\/td><\/tr><tr><td>Pouvoir<\/td><td>5kw<\/td><td>15kw<\/td><td>18 kW<\/td><\/tr><tr><td>Capacit\u00e9<\/td><td>400 feuilles\/heure<\/td><td>700 feuilles\/heure<\/td><td>1400 feuilles\/heure<\/td><\/tr><\/tbody><\/table><figcaption class=\"wp-element-caption\">param\u00e8tres de la machine \u00e0 tacos<\/figcaption><\/figure>    <h2 class=\"wp-block-heading\">Entretien de la machine \u00e0 tacos<\/h2>    <figure class=\"wp-block-image size-full\"><img loading=\"lazy\" decoding=\"async\" width=\"720\" height=\"540\" src=\"https:\/\/topfoodmachine.com\/wp-content\/uploads\/2024\/03\/Taco-Making-Machine-for-business.webp\" alt=\"Machine \u00e0 tacos pour les affaires\" class=\"wp-image-1208\" srcset=\"https:\/\/topfoodmachine.com\/wp-content\/uploads\/2024\/03\/Taco-Making-Machine-for-business.webp 720w, https:\/\/topfoodmachine.com\/wp-content\/uploads\/2024\/03\/Taco-Making-Machine-for-business-300x225.webp 300w, https:\/\/topfoodmachine.com\/wp-content\/uploads\/2024\/03\/Taco-Making-Machine-for-business-16x12.webp 16w\" sizes=\"auto, (max-width: 720px) 100vw, 720px\" \/><figcaption class=\"wp-element-caption\">Machine \u00e0 tacos pour les affaires<\/figcaption><\/figure>    <p>Pour que la machine \u00e0 tacos fonctionne sans probl\u00e8me, suivez ces directives d'entretien :<\/p>    <ol class=\"wp-block-list\"> <li>Nettoyez les pi\u00e8ces d\u00e9mont\u00e9es avec de l'eau ti\u00e8de ou un d\u00e9tergent neutre apr\u00e8s la production quotidienne.<\/li>    <li>\u00c9vitez de laver le corps de la machine avec de l'eau courante.<\/li>    <li>Faites preuve de prudence lors de la manipulation des pi\u00e8ces pour \u00e9viter les dommages.<\/li>    <li>\u00c9teignez toujours l'alimentation avant de d\u00e9monter la machine.<\/li>    <li>Nettoyez soigneusement les r\u00e9sidus sur les courroies \u00e0 haute temp\u00e9rature et essuyez-les avec un chiffon propre.<\/li>    <li>Lubrifiez les composants d'entra\u00eenement une fois par quart de travail en utilisant de l'huile lubrifiante apr\u00e8s vous \u00eatre assur\u00e9 que l'alimentation principale est coup\u00e9e.<\/li> <\/ol>    <p>En respectant ces simples pratiques d'entretien, vous pouvez garantir le bon fonctionnement et la long\u00e9vit\u00e9 de votre machine \u00e0 tacos.<\/p>    <h2 class=\"wp-block-heading\">Conclusion<\/h2>    <figure class=\"wp-block-gallery has-nested-images columns-default is-cropped wp-block-gallery-4 is-layout-flex wp-block-gallery-is-layout-flex\"> <figure class=\"wp-block-image size-large\"><img loading=\"lazy\" decoding=\"async\" width=\"720\" height=\"540\" data-id=\"1210\" src=\"https:\/\/topfoodmachine.com\/wp-content\/uploads\/2024\/03\/working-process-of-taco-maker.webp\" alt=\"processus de travail du fabricant de tacos\" class=\"wp-image-1210\" srcset=\"https:\/\/topfoodmachine.com\/wp-content\/uploads\/2024\/03\/working-process-of-taco-maker.webp 720w, https:\/\/topfoodmachine.com\/wp-content\/uploads\/2024\/03\/working-process-of-taco-maker-300x225.webp 300w, https:\/\/topfoodmachine.com\/wp-content\/uploads\/2024\/03\/working-process-of-taco-maker-16x12.webp 16w\" sizes=\"auto, (max-width: 720px) 100vw, 720px\" \/><figcaption class=\"wp-element-caption\">processus de travail du fabricant de tacos<\/figcaption><\/figure>    <figure class=\"wp-block-image size-large\"><img loading=\"lazy\" decoding=\"async\" width=\"720\" height=\"540\" data-id=\"1209\" src=\"https:\/\/topfoodmachine.com\/wp-content\/uploads\/2024\/03\/Tortilla-Maker-Machine-with-a-good-price.webp\" alt=\"Machine \u00e0 tortillas \u00e0 bon prix\" class=\"wp-image-1209\" srcset=\"https:\/\/topfoodmachine.com\/wp-content\/uploads\/2024\/03\/Tortilla-Maker-Machine-with-a-good-price.webp 720w, https:\/\/topfoodmachine.com\/wp-content\/uploads\/2024\/03\/Tortilla-Maker-Machine-with-a-good-price-300x225.webp 300w, https:\/\/topfoodmachine.com\/wp-content\/uploads\/2024\/03\/Tortilla-Maker-Machine-with-a-good-price-16x12.webp 16w\" sizes=\"auto, (max-width: 720px) 100vw, 720px\" \/><figcaption class=\"wp-element-caption\">Machine \u00e0 tortillas \u00e0 bon prix<\/figcaption><\/figure> <\/figure>    <p class=\"translation-block\">Chez Taizy Machinery, nous offrons non seulement des machines \u00e0 tortillas puissantes et efficaces, mais nous nous effor\u00e7ons \u00e9galement de fournir des exp\u00e9riences produits exceptionnelles et des services apr\u00e8s-vente complets \u00e0 nos clients. <\/p>    <p>Nos machines sont fabriqu\u00e9es en utilisant une technologie avanc\u00e9e et un savoir-faire pr\u00e9cis, garantissant des performances stables et fiables pour chaque unit\u00e9. <\/p>    <p>De plus, nous avons une \u00e9quipe hautement exp\u00e9riment\u00e9e et professionnellement qualifi\u00e9e capable de fournir des services de personnalisation personnalis\u00e9e et un support technique rapide \u00e0 nos clients.<\/p>    <p>Que vous cherchiez des solutions pour am\u00e9liorer l'efficacit\u00e9 de la production ou que vous souhaitiez d\u00e9velopper davantage votre entreprise de transformation alimentaire, nous pouvons vous fournir les solutions les mieux adapt\u00e9es. Si vous \u00eates int\u00e9ress\u00e9 par notre machine \u00e0 tortillas ou si vous avez des questions, n'h\u00e9sitez pas \u00e0 nous contacter. <\/p>    <p>Nous nous engageons \u00e0 vous servir de tout c\u0153ur et \u00e0 vous fournir des informations d\u00e9taill\u00e9es sur les produits et des devis. Nous sommes impatients de collaborer avec vous et d'ouvrir ensemble une nouvelle \u00e8re de transformation alimentaire d\u00e9licieuse !<\/p>    <figure class=\"wp-block-image size-full\"><img loading=\"lazy\" decoding=\"async\" width=\"720\" height=\"540\" src=\"https:\/\/topfoodmachine.com\/wp-content\/uploads\/2024\/03\/Tortilla-Maker-Machine-for-sale.webp\" alt=\"Machine \u00e0 tortillas \u00e0 vendre\" class=\"wp-image-1211\" srcset=\"https:\/\/topfoodmachine.com\/wp-content\/uploads\/2024\/03\/Tortilla-Maker-Machine-for-sale.webp 720w, https:\/\/topfoodmachine.com\/wp-content\/uploads\/2024\/03\/Tortilla-Maker-Machine-for-sale-300x225.webp 300w, https:\/\/topfoodmachine.com\/wp-content\/uploads\/2024\/03\/Tortilla-Maker-Machine-for-sale-16x12.webp 16w\" sizes=\"auto, (max-width: 720px) 100vw, 720px\" \/><figcaption class=\"wp-element-caption\">Machine \u00e0 tortillas \u00e0 vendre<\/figcaption><\/figure>","protected":false},"excerpt":{"rendered":"<p>Dans le monde anim\u00e9 de l'innovation culinaire, un appareil \u00e9lectrom\u00e9nager se distingue par sa fusion de la cuisine traditionnelle et de la commodit\u00e9 moderne : la machine \u00e0 tortillas, \u00e9galement connue sous le nom de machine \u00e0 tortillas de ma\u00efs.<\/p>","protected":false},"author":1,"featured_media":1199,"parent":0,"template":"","tags":[],"product-type":[6],"class_list":["post-1198","product","type-product","status-publish","has-post-thumbnail","hentry","product-type-pastry-production-machine"],"_links":{"self":[{"href":"https:\/\/topfoodmachine.com\/fr\/wp-json\/wp\/v2\/product\/1198","targetHints":{"allow":["GET"]}}],"collection":[{"href":"https:\/\/topfoodmachine.com\/fr\/wp-json\/wp\/v2\/product"}],"about":[{"href":"https:\/\/topfoodmachine.com\/fr\/wp-json\/wp\/v2\/types\/product"}],"author":[{"embeddable":true,"href":"https:\/\/topfoodmachine.com\/fr\/wp-json\/wp\/v2\/users\/1"}],"wp:featuredmedia":[{"embeddable":true,"href":"https:\/\/topfoodmachine.com\/fr\/wp-json\/wp\/v2\/media\/1199"}],"wp:attachment":[{"href":"https:\/\/topfoodmachine.com\/fr\/wp-json\/wp\/v2\/media?parent=1198"}],"wp:term":[{"taxonomy":"post_tag","embeddable":true,"href":"https:\/\/topfoodmachine.com\/fr\/wp-json\/wp\/v2\/tags?post=1198"},{"taxonomy":"product-type","embeddable":true,"href":"https:\/\/topfoodmachine.com\/fr\/wp-json\/wp\/v2\/product-type?post=1198"}],"curies":[{"name":"wp","href":"https:\/\/api.w.org\/{rel}","templated":true}]}}