{"id":1149,"date":"2024-02-23T15:32:41","date_gmt":"2024-02-23T07:32:41","guid":{"rendered":"https:\/\/topfoodmachine.com\/?post_type=product&#038;p=1149"},"modified":"2024-09-26T16:07:12","modified_gmt":"2024-09-26T08:07:12","slug":"meatball-making-machine","status":"publish","type":"product","link":"https:\/\/topfoodmachine.com\/fr\/product\/meatball-making-machine\/","title":{"rendered":"Machine \u00e0 fabriquer des boulettes de viande"},"content":{"rendered":"<div class=\"kk-star-ratings kksr-auto kksr-align-left kksr-valign-top\"     data-payload='{&quot;align&quot;:&quot;left&quot;,&quot;id&quot;:&quot;1149&quot;,&quot;slug&quot;:&quot;default&quot;,&quot;valign&quot;:&quot;top&quot;,&quot;ignore&quot;:&quot;&quot;,&quot;reference&quot;:&quot;auto&quot;,&quot;class&quot;:&quot;&quot;,&quot;count&quot;:&quot;15&quot;,&quot;legendonly&quot;:&quot;&quot;,&quot;readonly&quot;:&quot;&quot;,&quot;score&quot;:&quot;4.8&quot;,&quot;starsonly&quot;:&quot;&quot;,&quot;best&quot;:&quot;5&quot;,&quot;gap&quot;:&quot;5&quot;,&quot;greet&quot;:&quot;Rate this product&quot;,&quot;legend&quot;:&quot;4.8\\\/5 - (15 votes)&quot;,&quot;size&quot;:&quot;24&quot;,&quot;title&quot;:&quot;Meatball making machine&quot;,&quot;width&quot;:&quot;136.7&quot;,&quot;_legend&quot;:&quot;{score}\\\/{best} - ({count} {votes})&quot;,&quot;font_factor&quot;:&quot;1.25&quot;}'>              <div class=\"kksr-stars\">      <div class=\"kksr-stars-inactive\">             <div class=\"kksr-star\" data-star=\"1\" style=\"padding-right: 5px\">               <div class=\"kksr-icon\" style=\"width: 24px; height: 24px;\"><\/div>         <\/div>             <div class=\"kksr-star\" data-star=\"2\" style=\"padding-right: 5px\">               <div class=\"kksr-icon\" style=\"width: 24px; height: 24px;\"><\/div>         <\/div>             <div class=\"kksr-star\" data-star=\"3\" style=\"padding-right: 5px\">               <div class=\"kksr-icon\" style=\"width: 24px; height: 24px;\"><\/div>         <\/div>             <div class=\"kksr-star\" data-star=\"4\" style=\"padding-right: 5px\">               <div class=\"kksr-icon\" style=\"width: 24px; height: 24px;\"><\/div>         <\/div>             <div class=\"kksr-star\" data-star=\"5\" style=\"padding-right: 5px\">               <div class=\"kksr-icon\" style=\"width: 24px; height: 24px;\"><\/div>         <\/div>     <\/div>      <div class=\"kksr-stars-active\" style=\"width: 136.7px;\">             <div class=\"kksr-star\" style=\"padding-right: 5px\">               <div class=\"kksr-icon\" style=\"width: 24px; height: 24px;\"><\/div>         <\/div>             <div class=\"kksr-star\" style=\"padding-right: 5px\">               <div class=\"kksr-icon\" style=\"width: 24px; height: 24px;\"><\/div>         <\/div>             <div class=\"kksr-star\" style=\"padding-right: 5px\">               <div class=\"kksr-icon\" style=\"width: 24px; height: 24px;\"><\/div>         <\/div>             <div class=\"kksr-star\" style=\"padding-right: 5px\">               <div class=\"kksr-icon\" style=\"width: 24px; height: 24px;\"><\/div>         <\/div>             <div class=\"kksr-star\" style=\"padding-right: 5px\">               <div class=\"kksr-icon\" style=\"width: 24px; height: 24px;\"><\/div>         <\/div>     <\/div> <\/div>                   <div class=\"kksr-legend\" style=\"font-size: 19.2px;\">             4,8\/5 - (15 votes)    <\/div>     <\/div>  <p>La machine \u00e0 boulettes de viande est construite en acier inoxydable de qualit\u00e9 alimentaire 304, garantissant \u00e0 la fois durabilit\u00e9 et hygi\u00e8ne, ce qui la rend id\u00e9ale pour un usage commercial. Capable de produire jusqu'\u00e0 280 boulettes de viande par minute, elle augmente consid\u00e9rablement la productivit\u00e9 par rapport aux m\u00e9thodes manuelles. <\/p>    <p>La machine comprend trois moules standard qui produisent des boulettes de viande de tailles 20 mm, 25 mm et 30 mm, avec la possibilit\u00e9 de personnaliser les moules pour diff\u00e9rentes tailles en fonction des exigences des clients. <\/p>    <p>Cette machine polyvalente peut former divers types de boulettes de viande, telles que poisson, b\u0153uf, porc et poulet, offrant un contr\u00f4le pr\u00e9cis sur la taille et la vitesse de production. <\/p>    <figure class=\"wp-block-embed is-type-video is-provider-youtube wp-block-embed-youtube wp-embed-aspect-16-9 wp-has-aspect-ratio\"><div class=\"wp-block-embed__wrapper\"> <iframe loading=\"lazy\" title=\"De la viande au merveilleux\u00a0: regardez notre machine \u00e0 fabriquer des boulettes de viande en action\u00a0! #transformation alimentaire #viande\" width=\"500\" height=\"281\" src=\"https:\/\/www.youtube.com\/embed\/IAoD-nwgU70?feature=oembed\" frameborder=\"0\" allow=\"accelerometer; autoplay; clipboard-write; encrypted-media; gyroscope; picture-in-picture; web-share\" referrerpolicy=\"strict-origin-when-cross-origin\" allowfullscreen><\/iframe> <\/div><figcaption class=\"wp-element-caption\">Processus de travail de la machine \u00e0 fabriquer des boulettes de viande<\/figcaption><\/figure>    <h2 class=\"wp-block-heading\">Principales caract\u00e9ristiques de la machine \u00e0 fabriquer des boulettes de viande<\/h2>    <ul class=\"wp-block-list\"> <li><strong>Applications polyvalentes<\/strong>: cette machine peut produire une grande vari\u00e9t\u00e9 de boulettes de viande, y compris des boulettes de viande de b\u0153uf, de porc, de poulet et de poisson. Elle offre \u00e9galement diff\u00e9rentes configurations pour fabriquer \u00e0 la fois des boulettes solides et farcies pour r\u00e9pondre \u00e0 divers besoins culinaires.<\/li>    <li><strong>Haute capacit\u00e9<\/strong>: la machine fonctionne \u00e0 grande vitesse, formant jusqu'\u00e0 280 pi\u00e8ces par minute, ce qui la rend parfaite pour une production \u00e0 grande \u00e9chelle sans compromettre la qualit\u00e9.<\/li>    <li><strong>Mat\u00e9riau de qualit\u00e9 sup\u00e9rieure<\/strong>: fabriqu\u00e9e en acier inoxydable 304 \u00e9paissi et \u00e9quip\u00e9e d'un moteur en fil de cuivre durable, la machine garantit une longue dur\u00e9e de vie, assurant des performances fiables et efficaces avec un minimum d'entretien.<\/li> <\/ul>    <figure class=\"wp-block-gallery has-nested-images columns-default is-cropped wp-block-gallery-2 is-layout-flex wp-block-gallery-is-layout-flex\"> <figure class=\"wp-block-image size-full\"><img loading=\"lazy\" decoding=\"async\" width=\"720\" height=\"540\" data-id=\"1151\" src=\"https:\/\/topfoodmachine.com\/wp-content\/uploads\/2024\/02\/exported-Meatball-making-machine.webp\" alt=\"machine de fabrication de boulettes de viande export\u00e9e\" class=\"wp-image-1151\" srcset=\"https:\/\/topfoodmachine.com\/wp-content\/uploads\/2024\/02\/exported-Meatball-making-machine.webp 720w, https:\/\/topfoodmachine.com\/wp-content\/uploads\/2024\/02\/exported-Meatball-making-machine-300x225.webp 300w\" sizes=\"auto, (max-width: 720px) 100vw, 720px\" \/><figcaption class=\"wp-element-caption\">machine de fabrication de boulettes de viande export\u00e9e<\/figcaption><\/figure>    <figure class=\"wp-block-image\"><img loading=\"lazy\" decoding=\"async\" width=\"720\" height=\"540\" data-id=\"1641\" src=\"https:\/\/topfoodmachine.com\/wp-content\/uploads\/2024\/02\/meatball.webp\" alt=\"boulette de viande\" class=\"wp-image-1641\" srcset=\"https:\/\/topfoodmachine.com\/wp-content\/uploads\/2024\/02\/meatball.webp 720w, https:\/\/topfoodmachine.com\/wp-content\/uploads\/2024\/02\/meatball-300x225.webp 300w, https:\/\/topfoodmachine.com\/wp-content\/uploads\/2024\/02\/meatball-16x12.webp 16w\" sizes=\"auto, (max-width: 720px) 100vw, 720px\" \/><figcaption class=\"wp-element-caption\">boulette de viande<\/figcaption><\/figure> <\/figure>    <h2 class=\"wp-block-heading\">Comment fonctionne la machine \u00e0 boulettes de viande ?<\/h2>    <p class=\"translation-block\">La <strong>machine \u00e0 boulettes de viande<\/strong> fonctionne \u00e0 travers un processus rationalis\u00e9 con\u00e7u pour maximiser l'efficacit\u00e9 et la coh\u00e9rence de la production. Voici un aper\u00e7u de son fonctionnement.<\/p>    <div class=\"wp-block-media-text has-media-on-the-right is-stacked-on-mobile\"><div class=\"wp-block-media-text__content\"> <ul class=\"wp-block-list\"> <li><strong>Hachage de viande<\/strong>. Le processus commence par le broyage de la viande pour obtenir la texture d\u00e9sir\u00e9e, facilitant ainsi la formation ult\u00e9rieure en boulettes de viande.<\/li>    <li><strong>Pulpage de la viande<\/strong>. La viande hach\u00e9e est raffin\u00e9e \u00e0 l'aide d'une machine \u00e0 pulper la viande, la transformant en une p\u00e2te plus lisse et plus fine pour une meilleure consistance.<\/li>    <li><strong>Formation de boulettes de viande<\/strong>. La p\u00e2te de viande est transf\u00e9r\u00e9e \u00e0 la machine \u00e0 faire des boulettes de viande, qui la fa\u00e7onne en boules uniformes de diff\u00e9rentes tailles, garantissant une production \u00e9lev\u00e9e et des formes coh\u00e9rentes \u00e0 un rythme rapide.<\/li> <\/ul> <\/div><figure class=\"wp-block-media-text__media\"><img loading=\"lazy\" decoding=\"async\" width=\"720\" height=\"540\" src=\"https:\/\/topfoodmachine.com\/wp-content\/uploads\/2024\/02\/Meatball-making-machine-for-business.webp\" alt=\"Machine de fabrication de boulettes de viande pour les entreprises\" class=\"wp-image-1152 size-full\" srcset=\"https:\/\/topfoodmachine.com\/wp-content\/uploads\/2024\/02\/Meatball-making-machine-for-business.webp 720w, https:\/\/topfoodmachine.com\/wp-content\/uploads\/2024\/02\/Meatball-making-machine-for-business-300x225.webp 300w\" sizes=\"auto, (max-width: 720px) 100vw, 720px\" \/><\/figure><\/div>    <p>Avec ce processus, la machine offre \u00e0 la fois rapidit\u00e9 et pr\u00e9cision, en faisant un outil indispensable pour les environnements de production alimentaire \u00e0 fort volume.<\/p>    <h2 class=\"wp-block-heading\">Machines de support de machine de fabrication de boulettes de viande<\/h2>    <p class=\"translation-block\">Pour am\u00e9liorer la fonctionnalit\u00e9 de la <strong>machine \u00e0 boulettes de viande<\/strong>, une vari\u00e9t\u00e9 d'\u00e9quipements de soutien peut \u00eatre int\u00e9gr\u00e9e dans la ligne de production, rendant l'ensemble du processus plus efficace et polyvalent. Voici un aper\u00e7u des principales machines de soutien.<\/p>    <div class=\"wp-block-media-text is-stacked-on-mobile\"><figure class=\"wp-block-media-text__media\"><img loading=\"lazy\" decoding=\"async\" width=\"720\" height=\"540\" src=\"https:\/\/topfoodmachine.com\/wp-content\/uploads\/2023\/10\/meat-grinder.webp\" alt=\"hachoir \u00e0 viande\" class=\"wp-image-806 size-full\" srcset=\"https:\/\/topfoodmachine.com\/wp-content\/uploads\/2023\/10\/meat-grinder.webp 720w, https:\/\/topfoodmachine.com\/wp-content\/uploads\/2023\/10\/meat-grinder-300x225.webp 300w\" sizes=\"auto, (max-width: 720px) 100vw, 720px\" \/><\/figure><div class=\"wp-block-media-text__content\"> <h3 class=\"wp-block-heading\"><strong><a href=\"https:\/\/topfoodmachine.com\/fr\/product\/automatic-meat-grinder\/\" data-type=\"link\" data-id=\"https:\/\/topfoodmachine.com\/product\/automatic-meat-grinder\/\">Hachoir \u00e0 viande<\/a><\/strong><\/h3>    <p>Cette machine est essentielle pour transformer la viande crue en p\u00e2te de viande finement hach\u00e9e, qui sert de mat\u00e9riau de base pour la fabrication de boulettes de viande. <\/p>    <p>En utilisant un hachoir \u00e0 viande avant le fabricant de boulettes de viande, vous garantissez la consistance et la texture de la viande, ce qui conduit \u00e0 des boulettes de viande uniformes et de haute qualit\u00e9.<\/p> <\/div><\/div>    <div class=\"wp-block-media-text has-media-on-the-right is-stacked-on-mobile\"><div class=\"wp-block-media-text__content\"> <h3 class=\"wp-block-heading\"><strong><a href=\"https:\/\/topfoodmachine.com\/fr\/product\/fish-meat-bone-separating-machine\/\" data-type=\"link\" data-id=\"https:\/\/topfoodmachine.com\/product\/fish-meat-bone-separating-machine\/\">Machine de s\u00e9paration de la viande et des ar\u00eates de poisson<\/a><\/strong><\/h3>    <p>Si vous produisez des boulettes de viande \u00e0 base de poisson, cette machine s\u00e9pare la chair de poisson des ar\u00eates, simplifiant le processus de pr\u00e9paration. <\/p>    <p>Une fois que le poisson est d\u00e9sar\u00eat\u00e9, la p\u00e2te de poisson peut \u00eatre directement utilis\u00e9e dans la machine \u00e0 boulettes de viande pour cr\u00e9er des boulettes de poisson lisses et bien form\u00e9es.<\/p> <\/div><figure class=\"wp-block-media-text__media\"><img loading=\"lazy\" decoding=\"async\" width=\"720\" height=\"540\" src=\"https:\/\/topfoodmachine.com\/wp-content\/uploads\/2023\/10\/fish-meat-separating-machine.webp\" alt=\"machine de s\u00e9paration de viande de poisson\" class=\"wp-image-828 size-full\" srcset=\"https:\/\/topfoodmachine.com\/wp-content\/uploads\/2023\/10\/fish-meat-separating-machine.webp 720w, https:\/\/topfoodmachine.com\/wp-content\/uploads\/2023\/10\/fish-meat-separating-machine-300x225.webp 300w\" sizes=\"auto, (max-width: 720px) 100vw, 720px\" \/><\/figure><\/div>    <p>Ces machines compl\u00e9mentaires am\u00e9liorent \u00e0 la fois la vitesse de production et la qualit\u00e9 de sortie, les rendant indispensables dans les environnements de transformation alimentaire \u00e0 grande \u00e9chelle. <\/p>    <h2 class=\"wp-block-heading\">Param\u00e8tres techniques du fabricant de boulettes de viande<\/h2>    <figure class=\"wp-block-table\"><table><tbody><tr><td>Mod\u00e8le<\/td><td>TZ-100<\/td><\/tr><tr><td>Taille<\/td><td>400*700*1230mm<\/td><\/tr><tr><td>Poids<\/td><td>80 kg<\/td><\/tr><tr><td>Tension<\/td><td>220 V, 50 Hz<\/td><\/tr><tr><td>Mat\u00e9riel<\/td><td>304ss<\/td><\/tr><tr><td>Pouvoir<\/td><td>1,1 kW<\/td><\/tr><tr><td>Capacit\u00e9<\/td><td>280 pi\u00e8ces\/minute<\/td><\/tr><\/tbody><\/table><figcaption class=\"wp-element-caption\">Sp\u00e9cification de la machine \u00e0 boulettes de viande<\/figcaption><\/figure>    <h2 class=\"wp-block-heading\">Un cas r\u00e9ussi de fabricant de boulettes de viande<\/h2>    <p>Une usine de transformation de viande de taille moyenne a consid\u00e9rablement am\u00e9lior\u00e9 son efficacit\u00e9 de production et la qualit\u00e9 de ses produits en mettant en \u0153uvre notre \u00e9quipement. <\/p>    <figure class=\"wp-block-image size-full\"><img loading=\"lazy\" decoding=\"async\" width=\"720\" height=\"540\" src=\"https:\/\/topfoodmachine.com\/wp-content\/uploads\/2024\/02\/Meatball-making-machine-for-sale.webp\" alt=\"Machine de fabrication de boulettes de viande \u00e0 vendre\" class=\"wp-image-1153\" srcset=\"https:\/\/topfoodmachine.com\/wp-content\/uploads\/2024\/02\/Meatball-making-machine-for-sale.webp 720w, https:\/\/topfoodmachine.com\/wp-content\/uploads\/2024\/02\/Meatball-making-machine-for-sale-300x225.webp 300w\" sizes=\"auto, (max-width: 720px) 100vw, 720px\" \/><figcaption class=\"wp-element-caption\">Machine de fabrication de boulettes de viande \u00e0 vendre<\/figcaption><\/figure>    <p>Auparavant, l'usine s'appuyait sur des m\u00e9thodes manuelles traditionnelles pour la production de boulettes de viande, ce qui entra\u00eenait une faible production et des co\u00fbts de main-d'\u0153uvre \u00e9lev\u00e9s. Depuis l'adoption de notre fabricant de boulettes de viande enti\u00e8rement automatique, leur production a augment\u00e9 de 50 %, leur permettant de cr\u00e9er de mani\u00e8re coh\u00e9rente des boulettes de viande uniform\u00e9ment form\u00e9es et de haute qualit\u00e9. <\/p>    <p>De plus, la facilit\u00e9 d'utilisation de la machine et ses caract\u00e9ristiques de nettoyage pratiques ont r\u00e9duit \u00e0 la fois le temps de travail et les co\u00fbts de nettoyage. Le client a exprim\u00e9 une grande satisfaction \u00e0 l'\u00e9gard de notre \u00e9quipement et pr\u00e9voit d'investir dans d'autres machines \u00e0 l'avenir pour r\u00e9pondre \u00e0 la demande croissante du march\u00e9.<\/p>    <h2 class=\"wp-block-heading\">Conclusion<\/h2>    <figure class=\"wp-block-image size-full\"><img loading=\"lazy\" decoding=\"async\" width=\"720\" height=\"540\" src=\"https:\/\/topfoodmachine.com\/wp-content\/uploads\/2024\/02\/Meatball-making-machine-with-a-good-price.webp\" alt=\"Machine \u00e0 fabriquer des boulettes de viande \u00e0 bon prix\" class=\"wp-image-1154\" srcset=\"https:\/\/topfoodmachine.com\/wp-content\/uploads\/2024\/02\/Meatball-making-machine-with-a-good-price.webp 720w, https:\/\/topfoodmachine.com\/wp-content\/uploads\/2024\/02\/Meatball-making-machine-with-a-good-price-300x225.webp 300w\" sizes=\"auto, (max-width: 720px) 100vw, 720px\" \/><figcaption class=\"wp-element-caption\">Machine \u00e0 fabriquer des boulettes de viande \u00e0 bon prix<\/figcaption><\/figure>    <p>Id\u00e9al pour les restaurants, les services de restauration et les entreprises de transformation alimentaire \u00e0 grande \u00e9chelle, cette machine est un investissement pr\u00e9cieux qui simplifie les op\u00e9rations et r\u00e9pond aux demandes croissantes du march\u00e9. <\/p>    <p class=\"translation-block\">\u00c9levez votre <a href=\"https:\/\/en.wikipedia.org\/wiki\/Meatball\" target=\"_blank\" rel=\"noopener\">production de boulettes de viande<\/a> et obtenez des r\u00e9sultats exceptionnels avec notre \u00e9quipement fiable et facile \u00e0 utiliser.<\/p>    <p><\/p>","protected":false},"excerpt":{"rendered":"<p>La machine \u00e0 boulettes de viande est construite en acier inoxydable de qualit\u00e9 alimentaire 304, garantissant \u00e0 la fois durabilit\u00e9 et hygi\u00e8ne, ce qui la rend id\u00e9ale pour un usage commercial.<\/p>","protected":false},"author":1,"featured_media":1150,"parent":0,"template":"","tags":[88,87],"product-type":[7],"class_list":["post-1149","product","type-product","status-publish","has-post-thumbnail","hentry","tag-meatball-maker","tag-meatball-making-machine","product-type-egg-meat-processing-machine"],"_links":{"self":[{"href":"https:\/\/topfoodmachine.com\/fr\/wp-json\/wp\/v2\/product\/1149","targetHints":{"allow":["GET"]}}],"collection":[{"href":"https:\/\/topfoodmachine.com\/fr\/wp-json\/wp\/v2\/product"}],"about":[{"href":"https:\/\/topfoodmachine.com\/fr\/wp-json\/wp\/v2\/types\/product"}],"author":[{"embeddable":true,"href":"https:\/\/topfoodmachine.com\/fr\/wp-json\/wp\/v2\/users\/1"}],"wp:featuredmedia":[{"embeddable":true,"href":"https:\/\/topfoodmachine.com\/fr\/wp-json\/wp\/v2\/media\/1150"}],"wp:attachment":[{"href":"https:\/\/topfoodmachine.com\/fr\/wp-json\/wp\/v2\/media?parent=1149"}],"wp:term":[{"taxonomy":"post_tag","embeddable":true,"href":"https:\/\/topfoodmachine.com\/fr\/wp-json\/wp\/v2\/tags?post=1149"},{"taxonomy":"product-type","embeddable":true,"href":"https:\/\/topfoodmachine.com\/fr\/wp-json\/wp\/v2\/product-type?post=1149"}],"curies":[{"name":"wp","href":"https:\/\/api.w.org\/{rel}","templated":true}]}}