{"id":1122,"date":"2024-01-24T16:53:08","date_gmt":"2024-01-24T08:53:08","guid":{"rendered":"https:\/\/topfoodmachine.com\/?post_type=product&#038;p=1122"},"modified":"2024-08-16T18:29:05","modified_gmt":"2024-08-16T10:29:05","slug":"uv-sterilizer-machine","status":"publish","type":"product","link":"https:\/\/topfoodmachine.com\/fr\/product\/uv-sterilizer-machine\/","title":{"rendered":"Machine de st\u00e9rilisation UV | Machine de st\u00e9rilisation ultraviolette"},"content":{"rendered":"<div class=\"kk-star-ratings kksr-auto kksr-align-left kksr-valign-top\"     data-payload='{&quot;align&quot;:&quot;left&quot;,&quot;id&quot;:&quot;1122&quot;,&quot;slug&quot;:&quot;default&quot;,&quot;valign&quot;:&quot;top&quot;,&quot;ignore&quot;:&quot;&quot;,&quot;reference&quot;:&quot;auto&quot;,&quot;class&quot;:&quot;&quot;,&quot;count&quot;:&quot;20&quot;,&quot;legendonly&quot;:&quot;&quot;,&quot;readonly&quot;:&quot;&quot;,&quot;score&quot;:&quot;4.5&quot;,&quot;starsonly&quot;:&quot;&quot;,&quot;best&quot;:&quot;5&quot;,&quot;gap&quot;:&quot;5&quot;,&quot;greet&quot;:&quot;Rate this product&quot;,&quot;legend&quot;:&quot;4.5\\\/5 - (20 votes)&quot;,&quot;size&quot;:&quot;24&quot;,&quot;title&quot;:&quot;UV Sterilizer Machine | Ultraviolet Sterilization Machine&quot;,&quot;width&quot;:&quot;128&quot;,&quot;_legend&quot;:&quot;{score}\\\/{best} - ({count} {votes})&quot;,&quot;font_factor&quot;:&quot;1.25&quot;}'>              <div class=\"kksr-stars\">      <div class=\"kksr-stars-inactive\">             <div class=\"kksr-star\" data-star=\"1\" style=\"padding-right: 5px\">               <div class=\"kksr-icon\" style=\"width: 24px; height: 24px;\"><\/div>         <\/div>             <div class=\"kksr-star\" data-star=\"2\" style=\"padding-right: 5px\">               <div class=\"kksr-icon\" style=\"width: 24px; height: 24px;\"><\/div>         <\/div>             <div class=\"kksr-star\" data-star=\"3\" style=\"padding-right: 5px\">               <div class=\"kksr-icon\" style=\"width: 24px; height: 24px;\"><\/div>         <\/div>             <div class=\"kksr-star\" data-star=\"4\" style=\"padding-right: 5px\">               <div class=\"kksr-icon\" style=\"width: 24px; height: 24px;\"><\/div>         <\/div>             <div class=\"kksr-star\" data-star=\"5\" style=\"padding-right: 5px\">               <div class=\"kksr-icon\" style=\"width: 24px; height: 24px;\"><\/div>         <\/div>     <\/div>      <div class=\"kksr-stars-active\" style=\"width: 128px;\">             <div class=\"kksr-star\" style=\"padding-right: 5px\">               <div class=\"kksr-icon\" style=\"width: 24px; height: 24px;\"><\/div>         <\/div>             <div class=\"kksr-star\" style=\"padding-right: 5px\">               <div class=\"kksr-icon\" style=\"width: 24px; height: 24px;\"><\/div>         <\/div>             <div class=\"kksr-star\" style=\"padding-right: 5px\">               <div class=\"kksr-icon\" style=\"width: 24px; height: 24px;\"><\/div>         <\/div>             <div class=\"kksr-star\" style=\"padding-right: 5px\">               <div class=\"kksr-icon\" style=\"width: 24px; height: 24px;\"><\/div>         <\/div>             <div class=\"kksr-star\" style=\"padding-right: 5px\">               <div class=\"kksr-icon\" style=\"width: 24px; height: 24px;\"><\/div>         <\/div>     <\/div> <\/div>                   <div class=\"kksr-legend\" style=\"font-size: 19.2px;\">             4,5\/5 - (20 votes)    <\/div>     <\/div>  <p class=\"translation-block\">La <strong>machine de st\u00e9rilisation UV<\/strong> peut combattre et \u00e9liminer efficacement une large gamme de micro-organismes, y compris les bact\u00e9ries, les virus et les moisissures. Cette machine de st\u00e9rilisation alimentaire est de haute performance, offrant un taux de st\u00e9rilisation allant jusqu'\u00e0 100 %, garantissant une d\u00e9sinfection compl\u00e8te et fiable.<\/p>    <p>Nous proposons des mod\u00e8les populaires dans diverses tailles, y compris 2 m, 3 m et 6 m. Avec sa capacit\u00e9 polyvalente allant de 200 \u00e0 600 kg\/h, les machines de st\u00e9rilisation par ultraviolet r\u00e9pondent \u00e0 diff\u00e9rents besoins de production. <\/p>    <p>Ces mod\u00e8les soutiennent efficacement les op\u00e9rations \u00e0 grande \u00e9chelle et prolongent la dur\u00e9e de conservation des produits gr\u00e2ce \u00e0 une st\u00e9rilisation UV efficace, contribuant \u00e0 am\u00e9liorer la qualit\u00e9 et la s\u00e9curit\u00e9 dans diverses applications.<\/p>    <figure class=\"wp-block-embed is-type-video is-provider-youtube wp-block-embed-youtube wp-embed-aspect-16-9 wp-has-aspect-ratio\"><div class=\"wp-block-embed__wrapper\"> <iframe loading=\"lazy\" title=\"St\u00e9rilisation UV en action\u00a0: soyez t\u00e9moin du processus d&#039;\u00e9limination microbienne\u00a0! #uv #sterilization #sterilizer\" width=\"500\" height=\"281\" src=\"https:\/\/www.youtube.com\/embed\/8joYIY3-BYs?feature=oembed\" frameborder=\"0\" allow=\"accelerometer; autoplay; clipboard-write; encrypted-media; gyroscope; picture-in-picture; web-share\" referrerpolicy=\"strict-origin-when-cross-origin\" allowfullscreen><\/iframe> <\/div><figcaption class=\"wp-element-caption\">vid\u00e9o de travail de la machine de st\u00e9rilisation aux ultraviolets<\/figcaption><\/figure>    <h2 class=\"wp-block-heading\">Qu'est-ce qui rend les machines de st\u00e9rilisation UV si populaires ?<\/h2>    <p>Les machines de st\u00e9rilisation UV sont tr\u00e8s appr\u00e9ci\u00e9es pour leur efficacit\u00e9 exceptionnelle et leur polyvalence en mati\u00e8re de st\u00e9rilisation. Plusieurs facteurs contribuent \u00e0 leur popularit\u00e9 :<\/p>    <ul class=\"wp-block-list\"> <li><strong>Haute stabilit\u00e9 et long\u00e9vit\u00e9<\/strong><br>Ces machines de st\u00e9rilisation alimentaire se vantent d'une haute stabilit\u00e9 en intensit\u00e9 d'irradiation et d'une longue dur\u00e9e de st\u00e9rilisation allant jusqu'\u00e0 9000 heures. Avec un tube en verre quartz ayant plus de 87 % de transmittance, elles d\u00e9livrent efficacement les rayons UV.<\/li>    <li><strong>St\u00e9rilisation efficace<\/strong><br>Les st\u00e9rilisateurs UV utilisent des radiations ultraviolettes de bande C \u00e0 haute fr\u00e9quence pour perturber l'ADN de divers micro-organismes en 20 secondes \u00e0 1 minute. Cela inclut des agents pathog\u00e8nes nocifs comme la grippe, le virus de l'h\u00e9patite et E. coli, atteignant un taux de bact\u00e9ricidie allant jusqu'\u00e0 98,99 %.<\/li>    <li><strong>Construction durable<\/strong><br>Construites en acier inoxydable 304 ou 316 durable avec un corps poli en interne, ces machines maximisent l'irradiance UV pour une d\u00e9sinfection approfondie.<\/li> <\/ul>    <figure class=\"wp-block-gallery has-nested-images columns-default is-cropped wp-block-gallery-2 is-layout-flex wp-block-gallery-is-layout-flex\"> <figure class=\"wp-block-image size-full\"><img loading=\"lazy\" decoding=\"async\" width=\"720\" height=\"540\" data-id=\"1124\" src=\"https:\/\/topfoodmachine.com\/wp-content\/uploads\/2024\/01\/commercial-Ultraviolet-Sterilization-Machine.webp\" alt=\"machine commerciale de st\u00e9rilisation ultraviolette\" class=\"wp-image-1124\" srcset=\"https:\/\/topfoodmachine.com\/wp-content\/uploads\/2024\/01\/commercial-Ultraviolet-Sterilization-Machine.webp 720w, https:\/\/topfoodmachine.com\/wp-content\/uploads\/2024\/01\/commercial-Ultraviolet-Sterilization-Machine-300x225.webp 300w\" sizes=\"auto, (max-width: 720px) 100vw, 720px\" \/><figcaption class=\"wp-element-caption\">machine commerciale de st\u00e9rilisation ultraviolette<\/figcaption><\/figure>    <figure class=\"wp-block-image size-full\"><img loading=\"lazy\" decoding=\"async\" width=\"720\" height=\"540\" data-id=\"1585\" src=\"https:\/\/topfoodmachine.com\/wp-content\/uploads\/2024\/01\/UV-Sterilizer-Machine-for-business.webp\" alt=\"Machine de st\u00e9rilisation UV pour les entreprises\" class=\"wp-image-1585\" srcset=\"https:\/\/topfoodmachine.com\/wp-content\/uploads\/2024\/01\/UV-Sterilizer-Machine-for-business.webp 720w, https:\/\/topfoodmachine.com\/wp-content\/uploads\/2024\/01\/UV-Sterilizer-Machine-for-business-300x225.webp 300w, https:\/\/topfoodmachine.com\/wp-content\/uploads\/2024\/01\/UV-Sterilizer-Machine-for-business-16x12.webp 16w\" sizes=\"auto, (max-width: 720px) 100vw, 720px\" \/><figcaption class=\"wp-element-caption\">Machine de st\u00e9rilisation UV pour les entreprises<\/figcaption><\/figure> <\/figure>    <ul class=\"wp-block-list\"> <li><strong>Performance am\u00e9lior\u00e9e<\/strong><br>Le tunnel int\u00e9rieur de la machine dispose d'une chambre de r\u00e9action de st\u00e9rilisation \u00e0 miroir haute luminosit\u00e9, qui augmente la force bact\u00e9ricide de 18 % \u00e0 27 % par rapport \u00e0 des produits similaires.<\/li>    <li><strong>Fonctionnalit\u00e9s conviviales<\/strong><br>La machine st\u00e9rilisatrice UV comprend une alarme sonore et lumineuse pour la rupture de lampe, garantissant une fiabilit\u00e9 op\u00e9rationnelle. De plus, son prix unitaire mod\u00e9r\u00e9 par rapport \u00e0 des produits similaires en fait un choix attrayant tant pour un usage commercial que r\u00e9sidentiel.<\/li> <\/ul>    <p>Ces attributs font des machines de st\u00e9rilisation UV id\u00e9ales pour une d\u00e9sinfection rapide et efficace des aliments, des m\u00e9dicaments, des cosm\u00e9tiques et de divers articles personnels et publics, contribuant \u00e0 un environnement de vie plus s\u00fbr.<\/p>    <figure class=\"wp-block-image size-full\"><img loading=\"lazy\" decoding=\"async\" width=\"720\" height=\"540\" src=\"https:\/\/topfoodmachine.com\/wp-content\/uploads\/2024\/01\/Food-Sterilizer-Price.webp\" alt=\"Prix du st\u00e9rilisateur alimentaire\" class=\"wp-image-1582\" srcset=\"https:\/\/topfoodmachine.com\/wp-content\/uploads\/2024\/01\/Food-Sterilizer-Price.webp 720w, https:\/\/topfoodmachine.com\/wp-content\/uploads\/2024\/01\/Food-Sterilizer-Price-300x225.webp 300w, https:\/\/topfoodmachine.com\/wp-content\/uploads\/2024\/01\/Food-Sterilizer-Price-16x12.webp 16w\" sizes=\"auto, (max-width: 720px) 100vw, 720px\" \/><figcaption class=\"wp-element-caption\">Prix du st\u00e9rilisateur alimentaire<\/figcaption><\/figure>    <h2 class=\"wp-block-heading\">Applications de la machine de st\u00e9rilisation par ultraviolet<\/h2>    <ul class=\"wp-block-list\"> <li><strong>Industrie alimentaire<\/strong><br>La puissante radiation UV de la machine d\u00e9sinfecte efficacement les produits alimentaires, prolongeant leur dur\u00e9e de conservation et garantissant leur s\u00e9curit\u00e9 en \u00e9liminant les agents pathog\u00e8nes nocifs tels que les bact\u00e9ries, les virus et les moisissures.<\/li>    <li><strong>Applications m\u00e9dicales et pharmaceutiques<\/strong><br>Dans les environnements de sant\u00e9 et pharmaceutiques, le st\u00e9rilisateur UV fournit une d\u00e9sinfection fiable pour les \u00e9quipements, les surfaces et l'air, crucial pour maintenir des environnements st\u00e9riles et pr\u00e9venir la contamination.<\/li> <\/ul>    <figure class=\"wp-block-image size-full\"><img loading=\"lazy\" decoding=\"async\" width=\"720\" height=\"540\" src=\"https:\/\/topfoodmachine.com\/wp-content\/uploads\/2024\/01\/automatic-Ultraviolet-Sterilization-Machine.webp\" alt=\"Machine automatique de st\u00e9rilisation ultraviolette\" class=\"wp-image-1125\" srcset=\"https:\/\/topfoodmachine.com\/wp-content\/uploads\/2024\/01\/automatic-Ultraviolet-Sterilization-Machine.webp 720w, https:\/\/topfoodmachine.com\/wp-content\/uploads\/2024\/01\/automatic-Ultraviolet-Sterilization-Machine-300x225.webp 300w\" sizes=\"auto, (max-width: 720px) 100vw, 720px\" \/><figcaption class=\"wp-element-caption\">Machine automatique de st\u00e9rilisation ultraviolette<\/figcaption><\/figure>    <ul class=\"wp-block-list\"> <li><strong>Cosm\u00e9tiques et soins personnels<\/strong><br>La machine est id\u00e9ale pour st\u00e9riliser les produits cosm\u00e9tiques et les articles de soins personnels, garantissant qu'ils sont exempts de micro-organismes et s\u00fbrs \u00e0 utiliser.<\/li>    <li><strong>Applications industrielles<\/strong><br>Elle g\u00e8re efficacement les besoins de st\u00e9rilisation \u00e0 grande \u00e9chelle dans les environnements industriels, tels que les installations d'emballage et de transformation, am\u00e9liorant la s\u00e9curit\u00e9 et la qualit\u00e9 des produits.<\/li> <\/ul>    <p>Ces applications mettent en \u00e9vidence la capacit\u00e9 de la machine \u00e0 fournir une st\u00e9rilisation compl\u00e8te et fiable dans divers environnements, contribuant \u00e0 am\u00e9liorer la s\u00e9curit\u00e9 et l'hygi\u00e8ne.<\/p>    <figure class=\"wp-block-gallery has-nested-images columns-default is-cropped wp-block-gallery-3 is-layout-flex wp-block-gallery-is-layout-flex\"> <figure class=\"wp-block-image size-full\"><img loading=\"lazy\" decoding=\"async\" width=\"720\" height=\"540\" data-id=\"1130\" src=\"https:\/\/topfoodmachine.com\/wp-content\/uploads\/2024\/01\/UV-Sterilizer-Machine-for-sale.webp\" alt=\"Machine de st\u00e9rilisation UV \u00e0 vendre\" class=\"wp-image-1130\" srcset=\"https:\/\/topfoodmachine.com\/wp-content\/uploads\/2024\/01\/UV-Sterilizer-Machine-for-sale.webp 720w, https:\/\/topfoodmachine.com\/wp-content\/uploads\/2024\/01\/UV-Sterilizer-Machine-for-sale-300x225.webp 300w\" sizes=\"auto, (max-width: 720px) 100vw, 720px\" \/><figcaption class=\"wp-element-caption\">Machine de st\u00e9rilisation UV \u00e0 vendre<\/figcaption><\/figure>    <figure class=\"wp-block-image size-full\"><img loading=\"lazy\" decoding=\"async\" width=\"720\" height=\"540\" data-id=\"1586\" src=\"https:\/\/topfoodmachine.com\/wp-content\/uploads\/2024\/01\/UV-Sterilizer-Machine-for-sale-1.webp\" alt=\"Machine de st\u00e9rilisation UV \u00e0 vendre\" class=\"wp-image-1586\" srcset=\"https:\/\/topfoodmachine.com\/wp-content\/uploads\/2024\/01\/UV-Sterilizer-Machine-for-sale-1.webp 720w, https:\/\/topfoodmachine.com\/wp-content\/uploads\/2024\/01\/UV-Sterilizer-Machine-for-sale-1-300x225.webp 300w, https:\/\/topfoodmachine.com\/wp-content\/uploads\/2024\/01\/UV-Sterilizer-Machine-for-sale-1-16x12.webp 16w\" sizes=\"auto, (max-width: 720px) 100vw, 720px\" \/><figcaption class=\"wp-element-caption\">Machine de st\u00e9rilisation UV \u00e0 vendre<\/figcaption><\/figure> <\/figure>    <h2 class=\"wp-block-heading\">Construction et composants de la machine de st\u00e9rilisation par ultraviolet<\/h2>    <p>La machine de st\u00e9rilisation UV pr\u00e9sente un design robuste avec un corps ext\u00e9rieur en acier inoxydable de haute qualit\u00e9 de 1,2 mm et une cavit\u00e9 int\u00e9rieure en acier inoxydable miroir de 1,2 mm pour la zone de travail. <\/p>    <p>Le corps est soutenu par un cadre en acier Fangtong, et le syst\u00e8me de transport d'air comprend un ventilateur d'extraction d'air forc\u00e9 pour \u00e9liminer les gaz nocifs. <\/p>    <p>Pour l'isolation thermique, la machine utilise une double couche de silicate d'aluminium sous vide et de coton de soie. Le tapis roulant est en maille de T\u00e9flon, et le dispositif d'\u00e9quilibre est une tasse \u00e0 pied horizontale. <\/p>    <p>La hauteur de la lampe est r\u00e9gl\u00e9e \u00e0 200 mm, garantissant une exposition UV efficace et constante.<\/p>    <figure class=\"wp-block-image size-full\"><img loading=\"lazy\" decoding=\"async\" width=\"720\" height=\"540\" src=\"https:\/\/topfoodmachine.com\/wp-content\/uploads\/2024\/01\/Food-Sterilizer.webp\" alt=\"St\u00e9rilisateur alimentaire\" class=\"wp-image-1583\" srcset=\"https:\/\/topfoodmachine.com\/wp-content\/uploads\/2024\/01\/Food-Sterilizer.webp 720w, https:\/\/topfoodmachine.com\/wp-content\/uploads\/2024\/01\/Food-Sterilizer-300x225.webp 300w, https:\/\/topfoodmachine.com\/wp-content\/uploads\/2024\/01\/Food-Sterilizer-16x12.webp 16w\" sizes=\"auto, (max-width: 720px) 100vw, 720px\" \/><figcaption class=\"wp-element-caption\">St\u00e9rilisateur alimentaire<\/figcaption><\/figure>    <h2 class=\"wp-block-heading\">Comment fonctionne la machine de st\u00e9rilisation UV ?<\/h2>    <p>La machine de st\u00e9rilisation UV utilise des radiations ultraviolettes (UV) dans la plage de 290 \u00e0 400 nm. Cette radiation \u00e9limine efficacement les micro-organismes. <\/p>    <p>Contrairement \u00e0 la lumi\u00e8re UV naturelle, qui est partiellement filtr\u00e9e par l'atmosph\u00e8re terrestre, cette machine \u00e9met des rayons UV cibl\u00e9s. <\/p>    <p>Ces rayons perturbent l'ADN des bact\u00e9ries et des virus, emp\u00eachant leur reproduction et conduisant \u00e0 leur destruction.<\/p>    <p><strong>Points cl\u00e9s :<\/strong><\/p>    <ul class=\"wp-block-list\"> <li><strong>Radiation UV cibl\u00e9e<\/strong>. \u00c9met des rayons UV dans la plage de 290 \u00e0 400 nm pour une st\u00e9rilisation efficace.<\/li>    <li><strong>Perturbation de l'ADN<\/strong>. Perturbe sp\u00e9cifiquement l'ADN des micro-organismes, emp\u00eachant leur reproduction.<\/li>    <li><strong>Sans produits chimiques<\/strong>. Fournit une m\u00e9thode de st\u00e9rilisation compl\u00e8te et durable sans produits chimiques.<\/li> <\/ul>    <figure class=\"wp-block-image size-full\"><img loading=\"lazy\" decoding=\"async\" width=\"720\" height=\"540\" src=\"https:\/\/topfoodmachine.com\/wp-content\/uploads\/2024\/01\/UV-Sterilizer-Machine-1.webp\" alt=\"Machine de st\u00e9rilisation UV\" class=\"wp-image-1131\" srcset=\"https:\/\/topfoodmachine.com\/wp-content\/uploads\/2024\/01\/UV-Sterilizer-Machine-1.webp 720w, https:\/\/topfoodmachine.com\/wp-content\/uploads\/2024\/01\/UV-Sterilizer-Machine-1-300x225.webp 300w\" sizes=\"auto, (max-width: 720px) 100vw, 720px\" \/><figcaption class=\"wp-element-caption\">Machine de st\u00e9rilisation UV<\/figcaption><\/figure>    <h2 class=\"wp-block-heading\">Zone de st\u00e9rilisation du st\u00e9rilisateur alimentaire<\/h2>    <p>La zone de st\u00e9rilisation du st\u00e9rilisateur alimentaire est con\u00e7ue pour une d\u00e9sinfection optimale \u00e0 360 degr\u00e9s \u00e0 l'aide d'une source de lumi\u00e8re ultraviolette tr\u00e8s efficace. Les caract\u00e9ristiques cl\u00e9s incluent<\/p>    <ul class=\"wp-block-list\"> <li><strong>Couverture compl\u00e8te<\/strong>. \u00c9quip\u00e9e de 16 lampes UV, chacune de 900 mm de long et avec une distance d'irradiation effective de 950 mm, la machine assure une couverture UV compl\u00e8te sous tous les angles.<\/li>    <li><strong>Op\u00e9ration flexible<\/strong>. Des interrupteurs de contr\u00f4le ind\u00e9pendants pour chaque lampe permettent une op\u00e9ration sur mesure, am\u00e9liorant l'efficacit\u00e9 et la conservation de l'\u00e9nergie.<\/li>    <li><strong>S\u00e9curit\u00e9 et commodit\u00e9<\/strong>. Des couvercles anti-lumi\u00e8re et des d\u00e9flecteurs r\u00e9glables emp\u00eachent les fuites de lumi\u00e8re UV, garantissant une st\u00e9rilisation s\u00fbre et efficace.<\/li> <\/ul>    <figure class=\"wp-block-gallery has-nested-images columns-default is-cropped wp-block-gallery-4 is-layout-flex wp-block-gallery-is-layout-flex\"> <figure class=\"wp-block-image size-full\"><img loading=\"lazy\" decoding=\"async\" width=\"720\" height=\"540\" data-id=\"1127\" src=\"https:\/\/topfoodmachine.com\/wp-content\/uploads\/2024\/01\/UV-Sterilizing-Machine-for-sale.webp\" alt=\"Machine de st\u00e9rilisation UV \u00e0 vendre\" class=\"wp-image-1127\" srcset=\"https:\/\/topfoodmachine.com\/wp-content\/uploads\/2024\/01\/UV-Sterilizing-Machine-for-sale.webp 720w, https:\/\/topfoodmachine.com\/wp-content\/uploads\/2024\/01\/UV-Sterilizing-Machine-for-sale-300x225.webp 300w\" sizes=\"auto, (max-width: 720px) 100vw, 720px\" \/><figcaption class=\"wp-element-caption\">Machine de st\u00e9rilisation UV \u00e0 vendre<\/figcaption><\/figure>    <figure class=\"wp-block-image size-large\"><img loading=\"lazy\" decoding=\"async\" width=\"720\" height=\"540\" data-id=\"1126\" src=\"https:\/\/topfoodmachine.com\/wp-content\/uploads\/2024\/01\/structure-of-UV-Sterilizer-Machine.webp\" alt=\"structure de la machine de st\u00e9rilisation UV\" class=\"wp-image-1126\" srcset=\"https:\/\/topfoodmachine.com\/wp-content\/uploads\/2024\/01\/structure-of-UV-Sterilizer-Machine.webp 720w, https:\/\/topfoodmachine.com\/wp-content\/uploads\/2024\/01\/structure-of-UV-Sterilizer-Machine-300x225.webp 300w\" sizes=\"auto, (max-width: 720px) 100vw, 720px\" \/><figcaption class=\"wp-element-caption\">structure de la machine de st\u00e9rilisation UV<\/figcaption><\/figure> <\/figure>    <h2 class=\"wp-block-heading\">Param\u00e8tres de la machine de st\u00e9rilisation UV<\/h2>    <figure class=\"wp-block-table\"><table><tbody><tr><td>Mod\u00e8le<\/td><td>TZ-2<\/td><td>TZ-3<\/td><td>TZ-6<\/td><\/tr><tr><td>Capacit\u00e9<\/td><td>200 KG\/H<\/td><td>300KG\/H<\/td><td>600KG\/H<\/td><\/tr><tr><td>Pouvoir<\/td><td>600W<\/td><td>800W<\/td><td>600W<\/td><\/tr><tr><td>Taille<\/td><td>2060*770*1310mm<\/td><td>3000*770*1280mm<\/td><td>6000*770*1280mm<\/td><\/tr><tr><td>Poids<\/td><td>130KG<\/td><td>210KG<\/td><td>380KG<\/td><\/tr><tr><td>Tension<\/td><td>220V<\/td><td>220V<\/td><td>220V<\/td><\/tr><tr><td>Longueur totale (peut \u00eatre personnalis\u00e9e)<\/td><td>2000mm<\/td><td>3000mm<\/td><td>6000mm<\/td><\/tr><tr><td>Zone de travail UV<\/td><td>1200mm<\/td><td>2200mm<\/td><td>5200mm<\/td><\/tr><tr><td>Zone d'entr\u00e9e<\/td><td>400 mm<\/td><td>400 mm<\/td><td>400 mm<\/td><\/tr><tr><td>Zone de sortie<\/td><td>400 mm<\/td><td>400 mm<\/td><td>400 mm<\/td><\/tr><\/tbody><\/table><figcaption class=\"wp-element-caption\">param\u00e8tres techniques de la machine de st\u00e9rilisation ultraviolette<\/figcaption><\/figure>    <figure class=\"wp-block-image size-full\"><img loading=\"lazy\" decoding=\"async\" width=\"720\" height=\"540\" src=\"https:\/\/topfoodmachine.com\/wp-content\/uploads\/2024\/01\/exported-UV-Sterilizing-Machine.webp\" alt=\"Machine de st\u00e9rilisation UV export\u00e9e\" class=\"wp-image-1128\" srcset=\"https:\/\/topfoodmachine.com\/wp-content\/uploads\/2024\/01\/exported-UV-Sterilizing-Machine.webp 720w, https:\/\/topfoodmachine.com\/wp-content\/uploads\/2024\/01\/exported-UV-Sterilizing-Machine-300x225.webp 300w\" sizes=\"auto, (max-width: 720px) 100vw, 720px\" \/><figcaption class=\"wp-element-caption\">Machine de st\u00e9rilisation UV export\u00e9e<\/figcaption><\/figure>    <h2 class=\"wp-block-heading\">Conclusion<\/h2>    <p class=\"translation-block\">En conclusion, la <a href=\"https:\/\/en.wikipedia.org\/wiki\/Ultraviolet\" data-type=\"link\" data-id=\"https:\/\/en.wikipedia.org\/wiki\/Ultraviolet\" target=\"_blank\" rel=\"noopener\">machine de st\u00e9rilisation UV<\/a> offre une efficacit\u00e9 et une polyvalence in\u00e9gal\u00e9es en mati\u00e8re de d\u00e9sinfection, ce qui en fait un excellent choix pour diverses applications, de la transformation alimentaire aux soins de sant\u00e9 et au-del\u00e0. <\/p>    <p class=\"translation-block\">Pour ceux qui cherchent \u00e0 am\u00e9liorer leurs op\u00e9rations, envisagez d'associer notre machine de st\u00e9rilisation UV avec les <a href=\"https:\/\/topfoodmachine.com\/fr\/products\/fruit-vegetable-processing-machine\/\" data-type=\"link\" data-id=\"https:\/\/topfoodmachine.com\/products\/fruit-vegetable-processing-machine\/\">\u00e9quipements de traitement des l\u00e9gumes<\/a> ou <a href=\"https:\/\/topfoodmachine.com\/fr\/products\/egg-meat-processing-machine\/\">de la viande<\/a> de notre entreprise pour une solution compl\u00e8te qui maximise \u00e0 la fois la propret\u00e9 et l'efficacit\u00e9. <\/p>    <p>Contactez-nous d\u00e8s aujourd'hui pour vous renseigner sur les prix et d\u00e9couvrir comment notre technologie innovante peut r\u00e9pondre \u00e0 vos besoins sp\u00e9cifiques.<\/p>    <figure class=\"wp-block-gallery has-nested-images columns-default is-cropped wp-block-gallery-5 is-layout-flex wp-block-gallery-is-layout-flex\"> <figure class=\"wp-block-image size-large\"><img loading=\"lazy\" decoding=\"async\" width=\"720\" height=\"540\" data-id=\"1384\" src=\"https:\/\/topfoodmachine.com\/wp-content\/uploads\/2024\/05\/Double-head-vegetable-cutter-machine.webp\" alt=\"Machine \u00e0 couper les l\u00e9gumes \u00e0 double t\u00eate\" class=\"wp-image-1384\" srcset=\"https:\/\/topfoodmachine.com\/wp-content\/uploads\/2024\/05\/Double-head-vegetable-cutter-machine.webp 720w, https:\/\/topfoodmachine.com\/wp-content\/uploads\/2024\/05\/Double-head-vegetable-cutter-machine-300x225.webp 300w, https:\/\/topfoodmachine.com\/wp-content\/uploads\/2024\/05\/Double-head-vegetable-cutter-machine-16x12.webp 16w\" sizes=\"auto, (max-width: 720px) 100vw, 720px\" \/><figcaption class=\"wp-element-caption\">Machine \u00e0 couper les l\u00e9gumes \u00e0 double t\u00eate<\/figcaption><\/figure>    <figure class=\"wp-block-image size-large\"><img loading=\"lazy\" decoding=\"async\" width=\"720\" height=\"540\" data-id=\"1150\" src=\"https:\/\/topfoodmachine.com\/wp-content\/uploads\/2024\/02\/meatball-making-machine.webp\" alt=\"machine \u00e0 fabriquer des boulettes de viande\" class=\"wp-image-1150\" srcset=\"https:\/\/topfoodmachine.com\/wp-content\/uploads\/2024\/02\/meatball-making-machine.webp 720w, https:\/\/topfoodmachine.com\/wp-content\/uploads\/2024\/02\/meatball-making-machine-300x225.webp 300w\" sizes=\"auto, (max-width: 720px) 100vw, 720px\" \/><figcaption class=\"wp-element-caption\">machine \u00e0 fabriquer des boulettes de viande<\/figcaption><\/figure> <\/figure>","protected":false},"excerpt":{"rendered":"<p>La machine de st\u00e9rilisation UV utilise la technologie de lumi\u00e8re ultraviolette (UV), sp\u00e9cifiquement dans le spectre UV-C, pour combattre et \u00e9liminer efficacement les micro-organismes tels que les bact\u00e9ries, les virus et les moisissures. <\/p>","protected":false},"author":1,"featured_media":1123,"parent":0,"template":"","tags":[78,77,76],"product-type":[6],"class_list":["post-1122","product","type-product","status-publish","has-post-thumbnail","hentry","tag-sterilization-machine","tag-ultraviolet","tag-uv","product-type-pastry-production-machine"],"_links":{"self":[{"href":"https:\/\/topfoodmachine.com\/fr\/wp-json\/wp\/v2\/product\/1122","targetHints":{"allow":["GET"]}}],"collection":[{"href":"https:\/\/topfoodmachine.com\/fr\/wp-json\/wp\/v2\/product"}],"about":[{"href":"https:\/\/topfoodmachine.com\/fr\/wp-json\/wp\/v2\/types\/product"}],"author":[{"embeddable":true,"href":"https:\/\/topfoodmachine.com\/fr\/wp-json\/wp\/v2\/users\/1"}],"wp:featuredmedia":[{"embeddable":true,"href":"https:\/\/topfoodmachine.com\/fr\/wp-json\/wp\/v2\/media\/1123"}],"wp:attachment":[{"href":"https:\/\/topfoodmachine.com\/fr\/wp-json\/wp\/v2\/media?parent=1122"}],"wp:term":[{"taxonomy":"post_tag","embeddable":true,"href":"https:\/\/topfoodmachine.com\/fr\/wp-json\/wp\/v2\/tags?post=1122"},{"taxonomy":"product-type","embeddable":true,"href":"https:\/\/topfoodmachine.com\/fr\/wp-json\/wp\/v2\/product-type?post=1122"}],"curies":[{"name":"wp","href":"https:\/\/api.w.org\/{rel}","templated":true}]}}