{"id":110,"date":"2022-07-14T08:58:02","date_gmt":"2022-07-14T08:58:02","guid":{"rendered":"https:\/\/topfoodmachine.com\/?post_type=product&#038;p=110"},"modified":"2022-09-20T06:27:56","modified_gmt":"2022-09-20T06:27:56","slug":"spice-powder-packing-machine","status":"publish","type":"product","link":"https:\/\/topfoodmachine.com\/fr\/product\/spice-powder-packing-machine\/","title":{"rendered":"Machine d'emballage de poudre d'\u00e9pices"},"content":{"rendered":"<div class=\"kk-star-ratings kksr-auto kksr-align-left kksr-valign-top\"     data-payload='{&quot;align&quot;:&quot;left&quot;,&quot;id&quot;:&quot;110&quot;,&quot;slug&quot;:&quot;default&quot;,&quot;valign&quot;:&quot;top&quot;,&quot;ignore&quot;:&quot;&quot;,&quot;reference&quot;:&quot;auto&quot;,&quot;class&quot;:&quot;&quot;,&quot;count&quot;:&quot;23&quot;,&quot;legendonly&quot;:&quot;&quot;,&quot;readonly&quot;:&quot;&quot;,&quot;score&quot;:&quot;4.5&quot;,&quot;starsonly&quot;:&quot;&quot;,&quot;best&quot;:&quot;5&quot;,&quot;gap&quot;:&quot;5&quot;,&quot;greet&quot;:&quot;Rate this product&quot;,&quot;legend&quot;:&quot;4.5\\\/5 - (23 votes)&quot;,&quot;size&quot;:&quot;24&quot;,&quot;title&quot;:&quot;Spice Powder Packing Machine&quot;,&quot;width&quot;:&quot;128&quot;,&quot;_legend&quot;:&quot;{score}\\\/{best} - ({count} {votes})&quot;,&quot;font_factor&quot;:&quot;1.25&quot;}'>              <div class=\"kksr-stars\">      <div class=\"kksr-stars-inactive\">             <div class=\"kksr-star\" data-star=\"1\" style=\"padding-right: 5px\">               <div class=\"kksr-icon\" style=\"width: 24px; height: 24px;\"><\/div>         <\/div>             <div class=\"kksr-star\" data-star=\"2\" style=\"padding-right: 5px\">               <div class=\"kksr-icon\" style=\"width: 24px; height: 24px;\"><\/div>         <\/div>             <div class=\"kksr-star\" data-star=\"3\" style=\"padding-right: 5px\">               <div class=\"kksr-icon\" style=\"width: 24px; height: 24px;\"><\/div>         <\/div>             <div class=\"kksr-star\" data-star=\"4\" style=\"padding-right: 5px\">               <div class=\"kksr-icon\" style=\"width: 24px; height: 24px;\"><\/div>         <\/div>             <div class=\"kksr-star\" data-star=\"5\" style=\"padding-right: 5px\">               <div class=\"kksr-icon\" style=\"width: 24px; height: 24px;\"><\/div>         <\/div>     <\/div>      <div class=\"kksr-stars-active\" style=\"width: 128px;\">             <div class=\"kksr-star\" style=\"padding-right: 5px\">               <div class=\"kksr-icon\" style=\"width: 24px; height: 24px;\"><\/div>         <\/div>             <div class=\"kksr-star\" style=\"padding-right: 5px\">               <div class=\"kksr-icon\" style=\"width: 24px; height: 24px;\"><\/div>         <\/div>             <div class=\"kksr-star\" style=\"padding-right: 5px\">               <div class=\"kksr-icon\" style=\"width: 24px; height: 24px;\"><\/div>         <\/div>             <div class=\"kksr-star\" style=\"padding-right: 5px\">               <div class=\"kksr-icon\" style=\"width: 24px; height: 24px;\"><\/div>         <\/div>             <div class=\"kksr-star\" style=\"padding-right: 5px\">               <div class=\"kksr-icon\" style=\"width: 24px; height: 24px;\"><\/div>         <\/div>     <\/div> <\/div>                   <div class=\"kksr-legend\" style=\"font-size: 19.2px;\">             4,5\/5 - (23 votes)    <\/div>     <\/div>  <p class=\"translation-block\"><strong>Machine d'emballage de poudre d'\u00e9pices<\/strong> est largement utilis\u00e9e pour l'emballage de tous types de produits en poudre d'\u00e9pices. Elle peut terminer automatiquement l'ensemble du processus de pes\u00e9e, de remplissage, de formation de sacs, de scellage et de codage. Les mat\u00e9riaux d'emballage peuvent \u00eatre du papier, PE, PP, etc. La machine d'emballage de poudre d'\u00e9pices \u00e0 vendre chez Taizy a trois types diff\u00e9rents, <strong>machine d'emballage de poudre d'\u00e9pices TH-320<\/strong>, <strong>machine d'emballage de sachets d'\u00e9pices TH-450<\/strong>, et <strong>machine d'emballage automatique super-efficace d'\u00e9pices<\/strong>. Elles ont diff\u00e9rentes caract\u00e9ristiques et param\u00e8tres. Et la vitesse d'emballage peut atteindre jusqu'\u00e0 80 sacs par minute. Toutes nos machines b\u00e9n\u00e9ficient d'une haute qualit\u00e9 et d'un bon prix. De plus, nous fournissons une garantie d'un an. En outre, nous offrons des services complets d'installation, d'exploitation et de maintenance de machines. Si n\u00e9cessaire, nous pouvons \u00e9galement envoyer nos ing\u00e9nieurs chez vous. Veuillez nous contacter si besoin.<\/p>    <h2 class=\"wp-block-heading\">Qu'est-ce qu'une machine d'emballage de poudre d'\u00e9pices ?<\/h2>    <p class=\"translation-block\">La machine d'emballage de poudre d'\u00e9pices est sp\u00e9cialement con\u00e7ue pour l'emballage de diverses poudres d'\u00e9pices, telles que la poudre de piment, la poudre de curry, la poudre de curcuma, la poudre de masala, la poudre de cannelle, la poudre de cumin, la poudre de muscade, la poudre de gingembre, la poudre de vanille, etc. Une <a href=\"https:\/\/tianhuipackingmachine.com\/spice-packaging-machine\/\" target=\"_blank\" rel=\"noreferrer noopener\">machine d'emballage d'\u00e9pices<\/a> peut automatiquement compl\u00e9ter la fonction de pes\u00e9e, de remplissage, de fabrication de sacs, de scellage, d'impression de date et de comptage. Cette machine d'emballage peut grandement am\u00e9liorer votre productivit\u00e9 et b\u00e9n\u00e9ficier \u00e0 votre entreprise d'\u00e9pices. Il existe diff\u00e9rents types de machines d'emballage d'\u00e9pices sur le march\u00e9. Il est donc important de choisir la bonne pour votre projet.<\/p>    <h2 class=\"wp-block-heading\">TH-320 petite machine d'emballage de poudre d'\u00e9pices \u00e0 vendre<\/h2>    <p>Il s'agit d'une petite machine de remplissage et de scellement de type vertical pour la poudre d'\u00e9pices. Il a une petite taille et un prix abordable. Et il peut contenir de la poudre de 0 gramme \u00e0 80 grammes. La petite machine d'emballage d'\u00e9pices TH-320 peut terminer automatiquement l'ensemble du processus d'emballage des \u00e9pices sans aucune assistance humaine. Si vous poss\u00e9dez une petite entreprise d'\u00e9pices, cette machine convient \u00e0 votre projet. &nbsp;<\/p>    <figure class=\"wp-block-image size-full\"><img loading=\"lazy\" decoding=\"async\" width=\"720\" height=\"540\" src=\"https:\/\/topfoodmachine.com\/wp-content\/uploads\/2022\/07\/spice-powder-packing-machine.jpg\" alt=\"machine d&#039;emballage de poudre d&#039;\u00e9pices\" class=\"wp-image-114\" srcset=\"https:\/\/topfoodmachine.com\/wp-content\/uploads\/2022\/07\/spice-powder-packing-machine.jpg 720w, https:\/\/topfoodmachine.com\/wp-content\/uploads\/2022\/07\/spice-powder-packing-machine-300x225.jpg 300w\" sizes=\"auto, (max-width: 720px) 100vw, 720px\" \/><figcaption>machine d'emballage de poudre d'\u00e9pices<\/figcaption><\/figure>    <h2 class=\"wp-block-heading\">Machine d'emballage automatique de sachets d'\u00e9pices TH-450, \u00e0 vendre<\/h2>    <p>Il s'agit \u00e9galement d'une machine de remplissage et de scellage de type vertical pour la poudre d'\u00e9pices. Il a une taille plus grande que le mod\u00e8le TH-320. Et la machine emballe de la poudre d'\u00e9pices de 0 gramme \u00e0 200 grammes. La machine d'emballage automatique de sachets d'\u00e9pices TH-450 a un rendement assez \u00e9lev\u00e9 et de bonnes performances. C'est \u00e9galement un excellent choix pour une petite entreprise d'\u00e9pices.<\/p>    <figure class=\"wp-block-image size-full\"><img loading=\"lazy\" decoding=\"async\" width=\"720\" height=\"540\" src=\"https:\/\/topfoodmachine.com\/wp-content\/uploads\/2022\/07\/TH-450-spice-packaging-machine.jpg\" alt=\"Machine d&#039;emballage d&#039;\u00e9pices TH-450\" class=\"wp-image-116\" srcset=\"https:\/\/topfoodmachine.com\/wp-content\/uploads\/2022\/07\/TH-450-spice-packaging-machine.jpg 720w, https:\/\/topfoodmachine.com\/wp-content\/uploads\/2022\/07\/TH-450-spice-packaging-machine-300x225.jpg 300w\" sizes=\"auto, (max-width: 720px) 100vw, 720px\" \/><figcaption>Machine d'emballage d'\u00e9pices TH-450<\/figcaption><\/figure>    <h2 class=\"wp-block-heading\">Machine d'emballage de poudre d'\u00e9pices super efficace \u00e0 vendre<\/h2>    <p>Il s'agit d'une machine d'emballage de sachets d'\u00e9pices de type collier. Il est \u00e9quip\u00e9 d'un convoyeur d'alimentation \u00e0 vis, d'une tr\u00e9mie et d'une machine de conditionnement en sachets. Cette machine d'emballage de poudre d'\u00e9pices pr\u00e9sente les caract\u00e9ristiques d'une super efficacit\u00e9 et de performances stables. Cette machine convient au conditionnement de produits en poudre de 1 kg \u00e0 3 kg. Il est id\u00e9al pour les demandes de production moyennes et grandes. &nbsp;<\/p>    <figure class=\"wp-block-image size-full\"><img loading=\"lazy\" decoding=\"async\" width=\"720\" height=\"540\" src=\"https:\/\/topfoodmachine.com\/wp-content\/uploads\/2022\/07\/super-efficiency-powder-packaging-machine.jpg\" alt=\"Machine d&#039;emballage de poudre \u00e0 super efficacit\u00e9\" class=\"wp-image-117\" srcset=\"https:\/\/topfoodmachine.com\/wp-content\/uploads\/2022\/07\/super-efficiency-powder-packaging-machine.jpg 720w, https:\/\/topfoodmachine.com\/wp-content\/uploads\/2022\/07\/super-efficiency-powder-packaging-machine-300x225.jpg 300w\" sizes=\"auto, (max-width: 720px) 100vw, 720px\" \/><figcaption>Machine d'emballage de poudre \u00e0 super efficacit\u00e9<\/figcaption><\/figure>    <h2 class=\"wp-block-heading\">Donn\u00e9es techniques de la machine de conditionnement de poudre Taizy pour \u00e9pices<\/h2>    <figure class=\"wp-block-table\"><table><tbody><tr><td>Mod\u00e8le<\/td><td>TH-320<\/td><td>TH-450<\/td><td>TH-420<\/td><td>TH-520<\/td><td>TH-720<\/td><\/tr><tr><td> Types de sacs<\/td><td>Joint arri\u00e8re\/3 c\u00f4t\u00e9s\/4 c\u00f4t\u00e9s<\/td><td>Joint arri\u00e8re\/3 c\u00f4t\u00e9s\/4 c\u00f4t\u00e9s<\/td><td>Joint arri\u00e8re<\/td><td>Joint arri\u00e8re<\/td><td>Joint arri\u00e8re<\/td><\/tr><tr><td>Vitesse d'emballage<\/td><td>20-80 sacs\/min<\/td><td>20-80 sacs\/min<\/td><td>5-30 sacs\/min<\/td><td>5-50 sacs\/min<\/td><td>5-50 sacs\/min<\/td><\/tr><tr><td>Consommation d'\u00e9nergie<\/td><td>1,8 kW<\/td><td>2,2 kW<\/td><td>220 V, 2,2 kW<\/td><td>220 VCA\/50 Hz<\/td><td>220 VCA\/50 Hz, 5 kW<\/td><\/tr><tr><td>Dimension<\/td><td>(L)650*(L)1050*(H)1950mm<\/td><td>(L)650*(L)1050*(H)2150mm<\/td><td>(L)1320*(L)950*(H)1760mm<\/td><td>(L)1150*(L)1795*(H)2050mm<\/td><td>(L)1780*(L)1350*(H)2350mm<\/td><\/tr><tr><td>Longueur de sac<\/td><td>30-180mm<\/td><td>30-300mm<\/td><td>80-300mm<\/td><td>80-400mm<\/td><td>100-400mm<\/td><\/tr><tr><td>Largeur du sac<\/td><td>20-150mm<\/td><td>20-210mm<\/td><td>80-200mm<\/td><td>80-250mm<\/td><td>180-350mm<\/td><\/tr><tr><td>Consommation d'air<\/td><td>\/<\/td><td>\/<\/td><td>0,65 MPa<\/td><td>0,65 MPa<\/td><td>0,65 MPa<\/td><\/tr><tr><td>Consommation de gaz<\/td><td>\/<\/td><td>\/<\/td><td>0,4 m3\/min<\/td><td>0,4 m3\/min<\/td><td>0,4 m3\/min<\/td><\/tr><\/tbody><\/table><\/figure>    <h2 class=\"wp-block-heading\">Caract\u00e9ristiques de performance de la machine de conditionnement d'\u00e9pices Taizy<\/h2>    <ol class=\"wp-block-list\" type=\"1\"><li>Structure simple, conception raisonnable, installation, fonctionnement et maintenance faciles<\/li><li>Adoptez un mat\u00e9riau de machine enti\u00e8rement en acier inoxydable 304, durable et de qualit\u00e9 alimentaire<\/li><li>Utilisez un syst\u00e8me de contr\u00f4le PLC intelligent, des param\u00e8tres faciles \u00e0 d\u00e9finir, une haute pr\u00e9cision<\/li><li>Roues \u00e9quip\u00e9es, faciles \u00e0 d\u00e9placer et \u00e0 transporter<\/li><li>Le bouton d'arr\u00eat d'urgence est disponible<\/li><li>Capot de protection des couteaux pour assurer la s\u00e9curit\u00e9 des op\u00e9rateurs<\/li><li>Dispositif de suivi oculaire photo\u00e9lectrique pour garantir l'efficacit\u00e9 et la pr\u00e9cision<\/li><li>Service ODM\/OEM disponible<\/li><\/ol>    <h2 class=\"wp-block-heading\">Applications de la machine d'emballage de sachets d'\u00e9pices <\/h2>    <p class=\"translation-block\">La machine d'emballage de poudre d'\u00e9pices est un type d'\u00e9quipement d'emballage en poudre. Elle est adapt\u00e9e \u00e0 l'emballage de tous types de produits en poudre d'\u00e9pices, tels que la poudre de gingembre, <a href=\"https:\/\/tianhuipackingmachine.com\/chilli-powder-packing-machine\/\" target=\"_blank\" rel=\"noreferrer noopener\">poudre de piment<\/a>, poudre de vanille, poudre de masala, poudre de muscade, cannelle, clous de girofle, cumin, etc. En plus des poudres d'\u00e9pices, cette machine d'emballage automatique d'\u00e9pices est \u00e9galement id\u00e9ale pour de nombreux autres produits en poudre, comme la poudre de lait, <a href=\"https:\/\/tianhuipackingmachine.com\/detergent-powder-packing-machine\/\" target=\"_blank\" rel=\"noreferrer noopener\">poudre de d\u00e9tergent<\/a>, poudre nutritionnelle, poudre de caf\u00e9, poudre de th\u00e9, poudre d'herbes, poudre chimique, farine, poudre de cacao, etc. Notre machine d'emballage d'\u00e9pices peut fournir des solutions de 0 \u00e0 3000 g par sac. De plus, nous soutenons diff\u00e9rents types de sacs personnalis\u00e9s, largeurs et longueurs. Par exemple, il existe des sacs \u00e0 fermeture arri\u00e8re, \u00e0 3 c\u00f4t\u00e9s et \u00e0 4 c\u00f4t\u00e9s. Plus de choix, meilleures solutions d'emballage d'\u00e9pices.<\/p>    <h2 class=\"wp-block-heading\">Machine d'emballage d'\u00e9pices semi-automatique vs machine d'emballage d'\u00e9pices enti\u00e8rement automatique<\/h2>    <p>Tout d\u2019abord, nous devons admettre qu\u2019une machine d\u2019emballage d\u2019\u00e9pices semi-automatique et une machine d\u2019emballage d\u2019\u00e9pices enti\u00e8rement automatique peuvent grandement am\u00e9liorer votre productivit\u00e9. Bien que l\u2019efficacit\u00e9 de l\u2019emballage varie selon la machine. C'est leur trait commun. Et ils sont diff\u00e9rents dans ces \u00e9l\u00e9ments.<\/p>    <ol class=\"wp-block-list\" type=\"1\"><li><strong>Fonction<\/strong>. Une machine de conditionnement d'\u00e9pices enti\u00e8rement automatique peut compl\u00e9ter le processus de pes\u00e9e, de remplissage, de fabrication de sacs, de scellage et d'impression de la date. Alors qu'une machine d'emballage manuelle de poudre d'\u00e9pices peut terminer la fonction partielle d'une machine enti\u00e8rement automatique, il suffit de remplir et de sceller la fonction.<\/li><li><strong>Co\u00fbt<\/strong>. Ils ont des co\u00fbts diff\u00e9rents. Parmi les diff\u00e9rentes structures et configurations de machines, les prix des machines d'emballage de poudre d'\u00e9pices sont diff\u00e9rents. En outre, le prix d'une m\u00eame machine d'emballage d'\u00e9pices peut diff\u00e9rer selon les configurations et les frais d'exp\u00e9dition. Si vous souhaitez conna\u00eetre une liste compl\u00e8te des prix des machines, n'h\u00e9sitez pas \u00e0 nous contacter. &nbsp;<\/li><\/ol>    <h2 class=\"wp-block-heading\">Contactez-nous aujourd'hui pour d\u00e9marrer votre entreprise<\/h2>    <p class=\"translation-block\">La machine d'emballage de poudre d'\u00e9pices est significative pour le secteur des \u00e9pices. Elle peut am\u00e9liorer consid\u00e9rablement votre productivit\u00e9 et b\u00e9n\u00e9ficier \u00e0 votre projet. La machine d'emballage d'\u00e9pices \u00e0 vendre chez nous a trois types pour diff\u00e9rents besoins d'emballage. Quels que soient vos besoins en mati\u00e8re d'emballage d'\u00e9pices, nous avons ce qu'il vous faut. Au fait, toutes nos machines b\u00e9n\u00e9ficient d'un bon prix et d'une haute qualit\u00e9. De plus, nous avons du personnel qualifi\u00e9 pour garantir le bon fonctionnement et la livraison rapide de nos machines. Bienvenue pour <a href=\"https:\/\/topfoodmachine.com\/fr\/contact-us\/\">nous contacter<\/a> pour plus d'informations.<\/p>","protected":false},"excerpt":{"rendered":"<p>Spice powder packing machine is widely used for packaging all kinds of spices powder products. It can totally automatically finish the whole process of product weighing, filling, bag forming, sealing, and coding. Packaging materials can be paper, PE, PP, etc. The spice powder packing machine for sale from Taizy has three different types, TH-320 small [&hellip;]<\/p>\n","protected":false},"author":1,"featured_media":114,"parent":0,"template":"","tags":[14],"product-type":[8],"class_list":["post-110","product","type-product","status-publish","has-post-thumbnail","hentry","tag-food-packaging-machine","product-type-food-packaging-machine"],"_links":{"self":[{"href":"https:\/\/topfoodmachine.com\/fr\/wp-json\/wp\/v2\/product\/110","targetHints":{"allow":["GET"]}}],"collection":[{"href":"https:\/\/topfoodmachine.com\/fr\/wp-json\/wp\/v2\/product"}],"about":[{"href":"https:\/\/topfoodmachine.com\/fr\/wp-json\/wp\/v2\/types\/product"}],"author":[{"embeddable":true,"href":"https:\/\/topfoodmachine.com\/fr\/wp-json\/wp\/v2\/users\/1"}],"wp:featuredmedia":[{"embeddable":true,"href":"https:\/\/topfoodmachine.com\/fr\/wp-json\/wp\/v2\/media\/114"}],"wp:attachment":[{"href":"https:\/\/topfoodmachine.com\/fr\/wp-json\/wp\/v2\/media?parent=110"}],"wp:term":[{"taxonomy":"post_tag","embeddable":true,"href":"https:\/\/topfoodmachine.com\/fr\/wp-json\/wp\/v2\/tags?post=110"},{"taxonomy":"product-type","embeddable":true,"href":"https:\/\/topfoodmachine.com\/fr\/wp-json\/wp\/v2\/product-type?post=110"}],"curies":[{"name":"wp","href":"https:\/\/api.w.org\/{rel}","templated":true}]}}