{"id":11,"date":"2022-07-12T02:17:03","date_gmt":"2022-07-12T02:17:03","guid":{"rendered":"https:\/\/topfoodmachine.com\/?post_type=product&#038;p=11"},"modified":"2025-12-18T16:27:56","modified_gmt":"2025-12-18T08:27:56","slug":"spring-roll-machine","status":"publish","type":"product","link":"https:\/\/topfoodmachine.com\/fr\/product\/spring-roll-machine\/","title":{"rendered":"Machine \u00e0 rouleaux de printemps | Machine \u00e0 faire des rouleaux de printemps"},"content":{"rendered":"<div class=\"kk-star-ratings kksr-auto kksr-align-left kksr-valign-top\"     data-payload='{&quot;align&quot;:&quot;left&quot;,&quot;id&quot;:&quot;11&quot;,&quot;slug&quot;:&quot;default&quot;,&quot;valign&quot;:&quot;top&quot;,&quot;ignore&quot;:&quot;&quot;,&quot;reference&quot;:&quot;auto&quot;,&quot;class&quot;:&quot;&quot;,&quot;count&quot;:&quot;7&quot;,&quot;legendonly&quot;:&quot;&quot;,&quot;readonly&quot;:&quot;&quot;,&quot;score&quot;:&quot;4.9&quot;,&quot;starsonly&quot;:&quot;&quot;,&quot;best&quot;:&quot;5&quot;,&quot;gap&quot;:&quot;5&quot;,&quot;greet&quot;:&quot;Rate this product&quot;,&quot;legend&quot;:&quot;4.9\\\/5 - (7 votes)&quot;,&quot;size&quot;:&quot;24&quot;,&quot;title&quot;:&quot;Spring Roll Machine | Spring Roll Making Machine&quot;,&quot;width&quot;:&quot;139.6&quot;,&quot;_legend&quot;:&quot;{score}\\\/{best} - ({count} {votes})&quot;,&quot;font_factor&quot;:&quot;1.25&quot;}'>              <div class=\"kksr-stars\">      <div class=\"kksr-stars-inactive\">             <div class=\"kksr-star\" data-star=\"1\" style=\"padding-right: 5px\">               <div class=\"kksr-icon\" style=\"width: 24px; height: 24px;\"><\/div>         <\/div>             <div class=\"kksr-star\" data-star=\"2\" style=\"padding-right: 5px\">               <div class=\"kksr-icon\" style=\"width: 24px; height: 24px;\"><\/div>         <\/div>             <div class=\"kksr-star\" data-star=\"3\" style=\"padding-right: 5px\">               <div class=\"kksr-icon\" style=\"width: 24px; height: 24px;\"><\/div>         <\/div>             <div class=\"kksr-star\" data-star=\"4\" style=\"padding-right: 5px\">               <div class=\"kksr-icon\" style=\"width: 24px; height: 24px;\"><\/div>         <\/div>             <div class=\"kksr-star\" data-star=\"5\" style=\"padding-right: 5px\">               <div class=\"kksr-icon\" style=\"width: 24px; height: 24px;\"><\/div>         <\/div>     <\/div>      <div class=\"kksr-stars-active\" style=\"width: 139.6px;\">             <div class=\"kksr-star\" style=\"padding-right: 5px\">               <div class=\"kksr-icon\" style=\"width: 24px; height: 24px;\"><\/div>         <\/div>             <div class=\"kksr-star\" style=\"padding-right: 5px\">               <div class=\"kksr-icon\" style=\"width: 24px; height: 24px;\"><\/div>         <\/div>             <div class=\"kksr-star\" style=\"padding-right: 5px\">               <div class=\"kksr-icon\" style=\"width: 24px; height: 24px;\"><\/div>         <\/div>             <div class=\"kksr-star\" style=\"padding-right: 5px\">               <div class=\"kksr-icon\" style=\"width: 24px; height: 24px;\"><\/div>         <\/div>             <div class=\"kksr-star\" style=\"padding-right: 5px\">               <div class=\"kksr-icon\" style=\"width: 24px; height: 24px;\"><\/div>         <\/div>     <\/div> <\/div>                   <div class=\"kksr-legend\" style=\"font-size: 19.2px;\">             4,9\/5 - (7 votes)    <\/div>     <\/div>  <p class=\"translation-block\">La <strong>machine \u00e0 rouleaux de printemps<\/strong> peut produire divers types de p\u00e2tes en feuille, y compris des enveloppes de rouleaux de printemps, des cr\u00eapes fran\u00e7aises, des g\u00e2teaux aux \u0153ufs et des cr\u00eapes de canard p\u00e9kinois. Elle est largement utilis\u00e9e dans les usines alimentaires, les cantines, les vendeurs de nourriture de rue et les restaurants, garantissant coh\u00e9rence et qualit\u00e9 dans la production \u00e0 grande \u00e9chelle. <\/p>    <p class=\"translation-block\">Avec des options d'\u00e9paisseur r\u00e9glables allant de 0,3 mm \u00e0 1,2 mm, la <strong>machine \u00e0 rouleaux de printemps<\/strong> est personnalisable pour r\u00e9pondre \u00e0 des besoins de production sp\u00e9cifiques, ce qui en fait un choix id\u00e9al pour les entreprises cherchant \u00e0 \u00e9tendre leurs op\u00e9rations et leur rentabilit\u00e9. <\/p>    <p>Que vous soyez en Europe, en Am\u00e9rique ou en Asie, cette machine vous aidera \u00e0 r\u00e9pondre \u00e0 la demande croissante de rouleaux de printemps et d'autres produits de p\u00e2tes en feuilles populaires.<\/p>    <figure class=\"wp-block-embed is-type-video is-provider-youtube wp-block-embed-youtube wp-embed-aspect-16-9 wp-has-aspect-ratio\"><div class=\"wp-block-embed__wrapper\"> <iframe loading=\"lazy\" title=\"Automatic Spring Roll Making Machine in Action \u2013 Fast &amp; Efficient! #springrolls #foodprocessing\" width=\"500\" height=\"281\" src=\"https:\/\/www.youtube.com\/embed\/fwWfkWzMGKM?feature=oembed\" frameborder=\"0\" allow=\"accelerometer; autoplay; clipboard-write; encrypted-media; gyroscope; picture-in-picture; web-share\" referrerpolicy=\"strict-origin-when-cross-origin\" allowfullscreen><\/iframe> <\/div><figcaption class=\"wp-element-caption\">Vid\u00e9o de fonctionnement de la machine \u00e0 rouleaux de printemps<\/figcaption><\/figure>    <h2 class=\"wp-block-heading\">Qu'est-ce qu'un rouleau de printemps ?<\/h2>    <p class=\"translation-block\">Un <a href=\"https:\/\/en.wikipedia.org\/wiki\/Spring_roll\" data-type=\"link\" data-id=\"https:\/\/en.wikipedia.org\/wiki\/Spring_roll\" target=\"_blank\" rel=\"noopener\">rouleau de printemps<\/a> est un plat bien-aim\u00e9 dont les racines remontent \u00e0 la Chine, connu pour sa polyvalence et son large appeal. Bien qu\u2019il se compose traditionnellement d\u2019une fine enveloppe croustillante remplie d\u2019une vari\u00e9t\u00e9 d\u2019ingr\u00e9dients sal\u00e9s, le concept de \u00ab spring roll \u00bb a \u00e9volu\u00e9 \u00e0 travers diff\u00e9rents pays et cultures, prenant de nombreuses formes uniques.<\/p>    <p>En plus de l'enveloppe classique de rouleaux de printemps, vous rencontrerez des variations comme des g\u00e2teaux aux \u0153ufs, des g\u00e2teaux de canard r\u00f4ti, des bretzels, des petits pains retourn\u00e9s, des g\u00e2teaux de m\u00e9laleuca, de l'injera et m\u00eame des tortillas de ma\u00efs dans diff\u00e9rentes r\u00e9gions. Ces variations montrent l'adaptabilit\u00e9 du concept de rouleau de printemps, incorporant souvent des saveurs et des ingr\u00e9dients locaux.<\/p>    <div class=\"wp-block-group is-layout-flow wp-block-group-is-layout-flow\"> <div class=\"wp-block-columns is-layout-flex wp-container-core-columns-is-layout-28f84493 wp-block-columns-is-layout-flex\"> <div class=\"wp-block-column is-layout-flow wp-block-column-is-layout-flow\" style=\"flex-basis:100%\"> <figure class=\"wp-block-image size-full\"><img loading=\"lazy\" decoding=\"async\" width=\"720\" height=\"540\" src=\"https:\/\/topfoodmachine.com\/wp-content\/uploads\/2022\/07\/vegetable-spring-rolls.jpg\" alt=\"rouleaux de printemps aux l\u00e9gumes\" class=\"wp-image-165\" srcset=\"https:\/\/topfoodmachine.com\/wp-content\/uploads\/2022\/07\/vegetable-spring-rolls.jpg 720w, https:\/\/topfoodmachine.com\/wp-content\/uploads\/2022\/07\/vegetable-spring-rolls-300x225.jpg 300w\" sizes=\"auto, (max-width: 720px) 100vw, 720px\" \/><figcaption class=\"wp-element-caption\">rouleaux de printemps aux l\u00e9gumes<\/figcaption><\/figure> <\/div> <\/div> <\/div>    <h2 class=\"wp-block-heading\">machine \u00e0 rouleaux de printemps \u00e0 vendre<\/h2>    <p>La machine \u00e0 rouleaux de printemps est un appareil \u00e0 haute efficacit\u00e9 con\u00e7u pour produire diverses p\u00e2tisseries en feuilles comme des rouleaux de printemps, des g\u00e2teaux aux \u0153ufs, des cr\u00eapes, des enveloppes de lumpia et des cr\u00eapes. Elle peut cr\u00e9er des feuilles rondes et rectangulaires, r\u00e9pondant \u00e0 des besoins de produits divers.<\/p>    <p>En tant que fournisseur de confiance, nous proposons des machines \u00e0 p\u00e2te de rouleaux de printemps, des machines d'emballage et des machines de pliage de qualit\u00e9 \u00e0 des prix comp\u00e9titifs. Contactez-nous d\u00e8s aujourd'hui pour en savoir plus !<\/p>    <figure class=\"wp-block-image size-full\"><img loading=\"lazy\" decoding=\"async\" width=\"720\" height=\"540\" src=\"https:\/\/topfoodmachine.com\/wp-content\/uploads\/2022\/07\/spring-roll-making-machine.jpg\" alt=\"machine \u00e0 rouleaux de printemps\" class=\"wp-image-164\" srcset=\"https:\/\/topfoodmachine.com\/wp-content\/uploads\/2022\/07\/spring-roll-making-machine.jpg 720w, https:\/\/topfoodmachine.com\/wp-content\/uploads\/2022\/07\/spring-roll-making-machine-300x225.jpg 300w\" sizes=\"auto, (max-width: 720px) 100vw, 720px\" \/><figcaption class=\"wp-element-caption\">machine \u00e0 rouleaux de printemps<\/figcaption><\/figure>    <h2 class=\"wp-block-heading\">structure de la machine \u00e0 faire des rouleaux de printemps<\/h2>    <div class=\"wp-block-media-text is-stacked-on-mobile\"><figure class=\"wp-block-media-text__media\"><img loading=\"lazy\" decoding=\"async\" width=\"720\" height=\"540\" src=\"https:\/\/topfoodmachine.com\/wp-content\/uploads\/2022\/07\/structure-of-Spring-Roll-Machine.webp\" alt=\"structure de la machine \u00e0 rouleaux de printemps\" class=\"wp-image-1196 size-full\" srcset=\"https:\/\/topfoodmachine.com\/wp-content\/uploads\/2022\/07\/structure-of-Spring-Roll-Machine.webp 720w, https:\/\/topfoodmachine.com\/wp-content\/uploads\/2022\/07\/structure-of-Spring-Roll-Machine-300x225.webp 300w, https:\/\/topfoodmachine.com\/wp-content\/uploads\/2022\/07\/structure-of-Spring-Roll-Machine-16x12.webp 16w\" sizes=\"auto, (max-width: 720px) 100vw, 720px\" \/><\/figure><div class=\"wp-block-media-text__content\"> <p>La machine dispose d\u2019un cadre robuste pour une op\u00e9ration stable, d\u2019une pression assist\u00e9e pneumatiquement pour une formation uniforme, et d\u2019un syst\u00e8me \u00e9lectrique pour un contr\u00f4le automatis\u00e9. <\/p>    <p>Une unit\u00e9 de chauffage pr\u00e9cise garantit des r\u00e9sultats de cuisson constants, tandis que des r\u00e9glages de temp\u00e9rature et de temps ajustables r\u00e9pondent \u00e0 diff\u00e9rents besoins de production. <\/p>    <p>Avec des moules personnalisables, la machine peut produire des produits de diff\u00e9rentes \u00e9paisseurs et formes, y compris des enveloppes de rouleaux de printemps, des pancakes au canard et des cakes aux \u0153ufs.<\/p> <\/div><\/div>    <h2 class=\"wp-block-heading\">Comment fonctionne la machine \u00e0 rouleaux de printemps ?<\/h2>    <div class=\"wp-block-media-text has-media-on-the-right is-stacked-on-mobile\"><div class=\"wp-block-media-text__content\"> <ul class=\"wp-block-list\"> <li><strong>\u00c9tape 1 : Pr\u00e9paration du m\u00e9lange<\/strong> <ul class=\"wp-block-list\"> <li>Versez le m\u00e9lange de farine et d\u2019eau pr\u00e9-mesur\u00e9 dans le r\u00e9cipient de la machine.<\/li> <\/ul> <\/li>    <li><strong>\u00c9tape 2 : Aplatissement de la p\u00e2te<\/strong> <ul class=\"wp-block-list\"> <li>D\u00e9marrez la machine ; le syst\u00e8me hydraulique entra\u00eene le moule sup\u00e9rieur pour presser la p\u00e2te en feuilles fines et uniformes.<\/li> <\/ul> <\/li>    <li><strong>\u00c9tape 3 : Arr\u00eat automatique<\/strong> <ul class=\"wp-block-list\"> <li>La machine s\u2019arr\u00eate automatiquement une fois le processus d\u2019aplatissement termin\u00e9.<\/li> <\/ul> <\/li>    <li><strong>\u00c9tape 4 : Processus de refroidissement<\/strong> <ul class=\"wp-block-list\"> <li>Les feuilles finies sont transf\u00e9r\u00e9es vers la zone de refroidissement, o\u00f9 un ventilateur les refroidit rapidement pour obtenir une texture croustillante mais tendre.<\/li> <\/ul> <\/li> <\/ul> <\/div><figure class=\"wp-block-media-text__media\"><img loading=\"lazy\" decoding=\"async\" width=\"720\" height=\"540\" src=\"https:\/\/topfoodmachine.com\/wp-content\/uploads\/2022\/07\/spring-roll-maker-machine.jpg\" alt=\"machine \u00e0 fabriquer des rouleaux de printemps\" class=\"wp-image-166 size-full\" srcset=\"https:\/\/topfoodmachine.com\/wp-content\/uploads\/2022\/07\/spring-roll-maker-machine.jpg 720w, https:\/\/topfoodmachine.com\/wp-content\/uploads\/2022\/07\/spring-roll-maker-machine-300x225.jpg 300w\" sizes=\"auto, (max-width: 720px) 100vw, 720px\" \/><\/figure><\/div>    <h2 class=\"wp-block-heading\">Avantages de performance du fabricant de rouleaux de printemps<\/h2>    <div class=\"wp-block-media-text is-stacked-on-mobile\"><figure class=\"wp-block-media-text__media\"><img loading=\"lazy\" decoding=\"async\" width=\"720\" height=\"540\" src=\"https:\/\/topfoodmachine.com\/wp-content\/uploads\/2022\/07\/commercial-Spring-Roll-Machine.webp\" alt=\"Machine \u00e0 rouleaux de printemps commerciale\" class=\"wp-image-1194 size-full\" srcset=\"https:\/\/topfoodmachine.com\/wp-content\/uploads\/2022\/07\/commercial-Spring-Roll-Machine.webp 720w, https:\/\/topfoodmachine.com\/wp-content\/uploads\/2022\/07\/commercial-Spring-Roll-Machine-300x225.webp 300w, https:\/\/topfoodmachine.com\/wp-content\/uploads\/2022\/07\/commercial-Spring-Roll-Machine-16x12.webp 16w\" sizes=\"auto, (max-width: 720px) 100vw, 720px\" \/><\/figure><div class=\"wp-block-media-text__content\"> <ul class=\"wp-block-list\"> <li><strong>\u00c9paisseur r\u00e9glable :<\/strong> \u00c9paisseur de rouleau de printemps personnalisable \u00e0 partir de <strong>0,3\u20131,2 mm<\/strong> pour r\u00e9pondre aux besoins de diff\u00e9rents produits.<\/li>    <li><strong>Corps en acier inoxydable :<\/strong> Construction enti\u00e8rement en acier inoxydable pour <strong>durabilit\u00e9, facilit\u00e9 d\u2019utilisation et faible maintenance<\/strong>.<\/li>    <li><strong>Moteur \u00e0 \u00e9conomie d\u2019\u00e9nergie :<\/strong> \u00c9quip\u00e9 d'un <strong>moteur en cuivre pur<\/strong> pour une performance stable et une longue dur\u00e9e de vie.<\/li>    <li><strong>Contr\u00f4le pr\u00e9cis de la temp\u00e9rature :<\/strong> <strong>Syst\u00e8me de chauffage contr\u00f4l\u00e9 par micro-ordinateur<\/strong> assure une r\u00e9gulation de temp\u00e9rature coh\u00e9rente et pr\u00e9cise.<\/li>    <li><strong>Personnalisation flexible :<\/strong> <strong>Options de personnalisation robustes<\/strong> pour s\u2019adapter \u00e0 diff\u00e9rentes capacit\u00e9s de production et exigences commerciales.<\/li> <\/ul> <\/div><\/div>    <h2 class=\"wp-block-heading\">Param\u00e8tres de la machine \u00e0 rouleaux de printemps<\/h2>    <figure class=\"wp-block-table\"><table><tbody><tr><td>Mod\u00e8le<\/td><td>TZ-3620<\/td><td>TZ-5029<\/td><td>TZ-8045<\/td><td>TZ-12060<\/td><\/tr><tr><td>Taille (mm)<\/td><td>1800*660*890<\/td><td>2400*800*1350<\/td><td>2800*1100*1600<\/td><td>3100*1300*1800<\/td><\/tr><tr><td>Poids<\/td><td>260 kg<\/td><td>520 kg<\/td><td>750 kg<\/td><td>850 kg<\/td><\/tr><tr><td>Dia.du rouleau chauffant<\/td><td>400*280mm<\/td><td>500*330mm<\/td><td>800*600mm<\/td><td>1200*600mm<\/td><\/tr><tr><td>Pouvoir \u00e9lectrique<\/td><td>6kw<\/td><td>13kw<\/td><td>32kw<\/td><td>48kw<\/td><\/tr><tr><td>Pouvoir de coupe<\/td><td>1kw<\/td><td>1kw<\/td><td>1kw<\/td><td>1kw<\/td><\/tr><tr><td>Capacit\u00e9<\/td><td>800-1000 pi\u00e8ces\/heure<\/td><td>1500-2000 pi\u00e8ces\/heure<\/td><td>3000-4000 pi\u00e8ces\/heure<\/td><td>5000-6000 pi\u00e8ces\/heure<\/td><\/tr><tr><td>Taille maximale de la feuille (mm)<\/td><td>Seulement lancer\u00a0: 250<\/td><td>Rouleau\u00a0:\u00a0350\u00a0carr\u00e9\u00a0:\u00a0300<\/td><td>Rouleau\u00a0:\u00a0430\u00a0carr\u00e9\u00a0:\u00a0450<\/td><td>600<\/td><\/tr><tr><td>\u00c9paisseur de feuillle<\/td><td>0,3-1,2 mm<\/td><td>0,3-1,2 mm<\/td><td>0,3-1,2 mm<\/td><td>0,3-1,2 mm<\/td><\/tr><\/tbody><\/table><figcaption class=\"wp-element-caption\">param\u00e8tres de la machine \u00e0 rouleaux de printemps<\/figcaption><\/figure>    <h2 class=\"wp-block-heading\">Pannes courantes des machines \u00e0 rouleaux imp\u00e9riaux et solutions<\/h2>    <p>Aucune machine ne sera jamais sans erreur. Alors si cela arrive, que devons-nous faire ? Voici quelques pannes et solutions courantes des machines \u00e0 fabriquer des rouleaux de printemps.<\/p>    <div class=\"wp-block-media-text has-media-on-the-right is-stacked-on-mobile\"><div class=\"wp-block-media-text__content\"> <ul class=\"wp-block-list\"> <li>S'il ne fonctionne pas normalement. <ul class=\"wp-block-list\"> <li>Solution : Veuillez \u00e9teindre le voyant d'alimentation. Ensuite, allumez l'alimentation et faites fonctionner l'enveloppe de rouleaux de printemps. Si elle ne fonctionne toujours pas, veuillez remplacer l'onduleur.<\/li> <\/ul> <\/li>    <li>Le tube chauffant n'est pas chauff\u00e9 ou chauff\u00e9 par intermittence <ul class=\"wp-block-list\"> <li>Solution : V\u00e9rifiez si le tableau de contr\u00f4le de fuite, la plaque de chauffage et le point chaud sont endommag\u00e9s. Si c'est le cas, veuillez les remplacer \u00e0 temps.<\/li> <\/ul> <\/li> <\/ul> <\/div><figure class=\"wp-block-media-text__media\"><img loading=\"lazy\" decoding=\"async\" width=\"720\" height=\"540\" src=\"https:\/\/topfoodmachine.com\/wp-content\/uploads\/2023\/10\/Injera-making-machine-in-stock.webp\" alt=\"Machine \u00e0 rouleaux de printemps \u00e0 bon prix\" class=\"wp-image-847 size-full\" srcset=\"https:\/\/topfoodmachine.com\/wp-content\/uploads\/2023\/10\/Injera-making-machine-in-stock.webp 720w, https:\/\/topfoodmachine.com\/wp-content\/uploads\/2023\/10\/Injera-making-machine-in-stock-300x225.webp 300w\" sizes=\"auto, (max-width: 720px) 100vw, 720px\" \/><\/figure><\/div>    <div class=\"wp-block-media-text is-stacked-on-mobile\"><figure class=\"wp-block-media-text__media\"><img loading=\"lazy\" decoding=\"async\" width=\"720\" height=\"540\" src=\"https:\/\/topfoodmachine.com\/wp-content\/uploads\/2022\/07\/Spring-Roll-Machine-for-business.webp\" alt=\"Machine \u00e0 rouleaux de printemps pour les affaires\" class=\"wp-image-1195 size-full\" srcset=\"https:\/\/topfoodmachine.com\/wp-content\/uploads\/2022\/07\/Spring-Roll-Machine-for-business.webp 720w, https:\/\/topfoodmachine.com\/wp-content\/uploads\/2022\/07\/Spring-Roll-Machine-for-business-300x225.webp 300w, https:\/\/topfoodmachine.com\/wp-content\/uploads\/2022\/07\/Spring-Roll-Machine-for-business-16x12.webp 16w\" sizes=\"auto, (max-width: 720px) 100vw, 720px\" \/><\/figure><div class=\"wp-block-media-text__content\"> <ul class=\"wp-block-list\"> <li>Le moteur principal ne peut pas \u00eatre r\u00e9gl\u00e9 <ul class=\"wp-block-list\"> <li>Solution\u00a0: V\u00e9rifiez si le bouton de r\u00e9glage de la vitesse est endommag\u00e9, renforcez le haut du bouton de r\u00e9glage de la vitesse ou remplacez le bouton de r\u00e9glage de la vitesse.<\/li> <\/ul> <\/li>    <li>Invite de disjoncteur de fuite <ul class=\"wp-block-list\"> <li>Solution\u00a0: V\u00e9rifiez si la plaque chauffante fuit et si le fil de connexion et la bague collectrice en cuivre fuient. S'il fuit, nous vous sugg\u00e9rons de le remplacer.\u00a0<\/li> <\/ul> <\/li> <\/ul> <\/div><\/div>    <h2 class=\"wp-block-heading\">Foire aux questions (FAQ)<\/h2>   <div id=\"rank-math-faq\" class=\"rank-math-block\"> <div class=\"rank-math-list\"> <div id=\"faq-question-1686724475488\" class=\"rank-math-list-item\"> <h3 class=\"rank-math-question\"><strong>Quelle est la forme du produit fini ? \u00a0<\/strong><\/h3> <div class=\"rank-math-answer\">  <p>La forme peut \u00eatre carr\u00e9e ou ronde, poreuse ou imporeuse.<\/p>  <\/div> <\/div> <div id=\"faq-question-1686724500800\" class=\"rank-math-list-item\"> <h3 class=\"rank-math-question\"><strong>Quelle est la mati\u00e8re premi\u00e8re mise dans la machine ?<\/strong><\/h3> <div class=\"rank-math-answer\">  <p>La mati\u00e8re premi\u00e8re est de la p\u00e2te de farine et non de la p\u00e2te.<\/p>  <\/div> <\/div> <div id=\"faq-question-1686724517152\" class=\"rank-math-list-item\"> <h3 class=\"rank-math-question\"><strong>Quelle est la taille du produit fini ?<\/strong><\/h3> <div class=\"rank-math-answer\">  <p>La longueur maximale du c\u00f4t\u00e9 du carr\u00e9 est de 30 cm, le diam\u00e8tre maximum du cercle est de 35 cm et l'\u00e9paisseur de la cr\u00eape est g\u00e9n\u00e9ralement de 0,3 \u00e0 1,2 mm.<\/p>  <\/div> <\/div> <div id=\"faq-question-1686724534032\" class=\"rank-math-list-item\"> <h3 class=\"rank-math-question\"><strong>Quelle est la m\u00e9thode de chauffage ? \u00a0<\/strong><\/h3> <div class=\"rank-math-answer\">  <p>Chauffage \u00e9lectrique et chauffage au gaz.<\/p>  <\/div> <\/div> <div id=\"faq-question-1686724547968\" class=\"rank-math-list-item\"> <h3 class=\"rank-math-question\"><strong>Quelle est la temp\u00e9rature de chauffage ? \u00a0<\/strong><\/h3> <div class=\"rank-math-answer\">  <p>120 degr\u00e9s Celsius.<\/p>  <\/div> <\/div> <div id=\"faq-question-1686724563504\" class=\"rank-math-list-item\"> <h3 class=\"rank-math-question\"><strong>Comment r\u00e9gler l'\u00e9paisseur ?<\/strong><\/h3> <div class=\"rank-math-answer\">  <p>Il peut \u00eatre ajust\u00e9 en ajustant le rapport p\u00e2te de nouilles, p\u00e2te : eau = 1:2.<\/p>  <\/div> <\/div> <div id=\"faq-question-1686724579648\" class=\"rank-math-list-item\"> <h3 class=\"rank-math-question\"><strong>Quels produits peuvent \u00eatre fabriqu\u00e9s ?<\/strong><\/h3> <div class=\"rank-math-answer\">  <p>En plus de l'emballage de rouleaux de printemps, il peut \u00e9galement faire des wraps wonton, des injera, des tortillas et des cr\u00eapes color\u00e9es.<\/p>  <\/div> <\/div> <div id=\"faq-question-1686724592048\" class=\"rank-math-list-item\"> <h3 class=\"rank-math-question\"><strong>Proposez-vous d'autres machines ?<\/strong><\/h3> <div class=\"rank-math-answer\">  <p>Nous proposons \u00e9galement d'autres machines pour fabriquer des rouleaux de printemps. La machine \u00e0 fabriquer des rouleaux de printemps carr\u00e9s est \u00e9quip\u00e9e d'un cutter. De plus, la machine peut avoir pour fonction de plier et de compter.<\/p>  <\/div> <\/div> <\/div> <\/div>   <figure class=\"wp-block-image size-full\"><img loading=\"lazy\" decoding=\"async\" width=\"720\" height=\"540\" src=\"https:\/\/topfoodmachine.com\/wp-content\/uploads\/2023\/10\/Injera-maker.webp\" alt=\"fabricant de rouleaux de printemps\" class=\"wp-image-845\" srcset=\"https:\/\/topfoodmachine.com\/wp-content\/uploads\/2023\/10\/Injera-maker.webp 720w, https:\/\/topfoodmachine.com\/wp-content\/uploads\/2023\/10\/Injera-maker-300x225.webp 300w\" sizes=\"auto, (max-width: 720px) 100vw, 720px\" \/><figcaption class=\"wp-element-caption\">fabricant de rouleaux de printemps<\/figcaption><\/figure>    <h2 class=\"wp-block-heading\">Conclusion<\/h2>    <p class=\"translation-block\">La machine \u00e0 rouleaux de printemps est un \u00e9quipement de production alimentaire id\u00e9al pour b\u00e9n\u00e9ficier \u00e0 votre entreprise. Taizy Machinery Co., Ltd. est un fabricant puissant et fiable de machines \u00e0 rouleaux de printemps. Toutes <a href=\"https:\/\/topfoodmachine.com\/fr\/product\/\" data-type=\"link\" data-id=\"https:\/\/topfoodmachine.com\/product\/\">nos machines<\/a> offrent de hautes performances, des prix comp\u00e9titifs et une longue dur\u00e9e de vie.<\/p>    <p>De plus, nous offrons un service de garantie d'un an. Chaque fois que vous avez des probl\u00e8mes avec le fonctionnement ou l'entretien des machines alimentaires Taizy, nous ferons appel \u00e0 nos ing\u00e9nieurs hautement qualifi\u00e9s pour les r\u00e9soudre.<\/p>    <p>Si vous souhaitez acheter la machine \u00e0 rouleaux de printemps en ligne, n'h\u00e9sitez pas \u00e0 nous contacter pour des conseils d'achat professionnels et une liste de prix d\u00e9taill\u00e9e. <\/p>    <figure class=\"wp-block-image size-full\"><img loading=\"lazy\" decoding=\"async\" width=\"813\" height=\"609\" src=\"https:\/\/topfoodmachine.com\/wp-content\/uploads\/2022\/07\/spring-roll-machine-shipping.jpg\" alt=\"exp\u00e9dition de la machine \u00e0 rouleaux de printemps\" class=\"wp-image-170\" srcset=\"https:\/\/topfoodmachine.com\/wp-content\/uploads\/2022\/07\/spring-roll-machine-shipping.jpg 813w, https:\/\/topfoodmachine.com\/wp-content\/uploads\/2022\/07\/spring-roll-machine-shipping-300x225.jpg 300w, https:\/\/topfoodmachine.com\/wp-content\/uploads\/2022\/07\/spring-roll-machine-shipping-768x575.jpg 768w\" sizes=\"auto, (max-width: 813px) 100vw, 813px\" \/><figcaption class=\"wp-element-caption\">exp\u00e9dition de la machine \u00e0 rouleaux de printemps<\/figcaption><\/figure>","protected":false},"excerpt":{"rendered":"<p>La machine \u00e0 rouleaux de printemps peut produire divers types de p\u00e2tes en feuille, y compris des enveloppes de rouleaux de printemps, des cr\u00eapes fran\u00e7aises, des g\u00e2teaux aux \u0153ufs et des cr\u00eapes de canard p\u00e9kinois. <\/p>","protected":false},"author":1,"featured_media":162,"parent":0,"template":"","tags":[17],"product-type":[6],"class_list":["post-11","product","type-product","status-publish","has-post-thumbnail","hentry","tag-pastry-production-machine","product-type-pastry-production-machine"],"_links":{"self":[{"href":"https:\/\/topfoodmachine.com\/fr\/wp-json\/wp\/v2\/product\/11","targetHints":{"allow":["GET"]}}],"collection":[{"href":"https:\/\/topfoodmachine.com\/fr\/wp-json\/wp\/v2\/product"}],"about":[{"href":"https:\/\/topfoodmachine.com\/fr\/wp-json\/wp\/v2\/types\/product"}],"author":[{"embeddable":true,"href":"https:\/\/topfoodmachine.com\/fr\/wp-json\/wp\/v2\/users\/1"}],"wp:featuredmedia":[{"embeddable":true,"href":"https:\/\/topfoodmachine.com\/fr\/wp-json\/wp\/v2\/media\/162"}],"wp:attachment":[{"href":"https:\/\/topfoodmachine.com\/fr\/wp-json\/wp\/v2\/media?parent=11"}],"wp:term":[{"taxonomy":"post_tag","embeddable":true,"href":"https:\/\/topfoodmachine.com\/fr\/wp-json\/wp\/v2\/tags?post=11"},{"taxonomy":"product-type","embeddable":true,"href":"https:\/\/topfoodmachine.com\/fr\/wp-json\/wp\/v2\/product-type?post=11"}],"curies":[{"name":"wp","href":"https:\/\/api.w.org\/{rel}","templated":true}]}}