{"id":1097,"date":"2023-12-21T15:08:25","date_gmt":"2023-12-21T07:08:25","guid":{"rendered":"https:\/\/topfoodmachine.com\/?post_type=product&#038;p=1097"},"modified":"2025-08-12T18:02:29","modified_gmt":"2025-08-12T10:02:29","slug":"chicken-feet-processing-line","status":"publish","type":"product","link":"https:\/\/topfoodmachine.com\/fr\/product\/chicken-feet-processing-line\/","title":{"rendered":"Ligne de traitement des pattes de poulet"},"content":{"rendered":"<div class=\"kk-star-ratings kksr-auto kksr-align-left kksr-valign-top\"     data-payload='{&quot;align&quot;:&quot;left&quot;,&quot;id&quot;:&quot;1097&quot;,&quot;slug&quot;:&quot;default&quot;,&quot;valign&quot;:&quot;top&quot;,&quot;ignore&quot;:&quot;&quot;,&quot;reference&quot;:&quot;auto&quot;,&quot;class&quot;:&quot;&quot;,&quot;count&quot;:&quot;5&quot;,&quot;legendonly&quot;:&quot;&quot;,&quot;readonly&quot;:&quot;&quot;,&quot;score&quot;:&quot;4.8&quot;,&quot;starsonly&quot;:&quot;&quot;,&quot;best&quot;:&quot;5&quot;,&quot;gap&quot;:&quot;5&quot;,&quot;greet&quot;:&quot;Rate this product&quot;,&quot;legend&quot;:&quot;4.8\\\/5 - (5 votes)&quot;,&quot;size&quot;:&quot;24&quot;,&quot;title&quot;:&quot;Chicken feet processing line&quot;,&quot;width&quot;:&quot;136.7&quot;,&quot;_legend&quot;:&quot;{score}\\\/{best} - ({count} {votes})&quot;,&quot;font_factor&quot;:&quot;1.25&quot;}'>              <div class=\"kksr-stars\">      <div class=\"kksr-stars-inactive\">             <div class=\"kksr-star\" data-star=\"1\" style=\"padding-right: 5px\">               <div class=\"kksr-icon\" style=\"width: 24px; height: 24px;\"><\/div>         <\/div>             <div class=\"kksr-star\" data-star=\"2\" style=\"padding-right: 5px\">               <div class=\"kksr-icon\" style=\"width: 24px; height: 24px;\"><\/div>         <\/div>             <div class=\"kksr-star\" data-star=\"3\" style=\"padding-right: 5px\">               <div class=\"kksr-icon\" style=\"width: 24px; height: 24px;\"><\/div>         <\/div>             <div class=\"kksr-star\" data-star=\"4\" style=\"padding-right: 5px\">               <div class=\"kksr-icon\" style=\"width: 24px; height: 24px;\"><\/div>         <\/div>             <div class=\"kksr-star\" data-star=\"5\" style=\"padding-right: 5px\">               <div class=\"kksr-icon\" style=\"width: 24px; height: 24px;\"><\/div>         <\/div>     <\/div>      <div class=\"kksr-stars-active\" style=\"width: 136.7px;\">             <div class=\"kksr-star\" style=\"padding-right: 5px\">               <div class=\"kksr-icon\" style=\"width: 24px; height: 24px;\"><\/div>         <\/div>             <div class=\"kksr-star\" style=\"padding-right: 5px\">               <div class=\"kksr-icon\" style=\"width: 24px; height: 24px;\"><\/div>         <\/div>             <div class=\"kksr-star\" style=\"padding-right: 5px\">               <div class=\"kksr-icon\" style=\"width: 24px; height: 24px;\"><\/div>         <\/div>             <div class=\"kksr-star\" style=\"padding-right: 5px\">               <div class=\"kksr-icon\" style=\"width: 24px; height: 24px;\"><\/div>         <\/div>             <div class=\"kksr-star\" style=\"padding-right: 5px\">               <div class=\"kksr-icon\" style=\"width: 24px; height: 24px;\"><\/div>         <\/div>     <\/div> <\/div>                   <div class=\"kksr-legend\" style=\"font-size: 19.2px;\">             4,8\/5 - (5 votes)    <\/div>     <\/div>  <p class=\"translation-block\"><strong>Ligne de traitement des pattes de poulet<\/strong> avec une capacit\u00e9 de 2t\/h offre une solution efficace et de haute qualit\u00e9 pour transformer les pattes de poulet crues en ingr\u00e9dients culinaires de premier choix. <\/p>    <p>Le processus comprend des \u00e9tapes cl\u00e9s telles que le blanchiment, l'\u00e9pluchage, le nettoyage et la d\u00e9coupe, chacune optimis\u00e9e pour maintenir l'hygi\u00e8ne, la texture et la qualit\u00e9 globale du produit.<\/p>    <p>Cette int\u00e9gration transparente aide \u00e0 r\u00e9pondre \u00e0 des normes strictes, permettant aux clients de livrer des produits de pattes de poulet fiables, s\u00fbrs et d\u00e9licieux \u00e0 chaque fois.<\/p>    <figure class=\"wp-block-embed is-type-video is-provider-youtube wp-block-embed-youtube wp-embed-aspect-16-9 wp-has-aspect-ratio\"><div class=\"wp-block-embed__wrapper\"> <iframe loading=\"lazy\" title=\"Hygi\u00e8ne d&#039;abord : comment notre ligne de transformation des pattes de poulet garantit des produits de haute qualit\u00e9 #machinealimentaire\" width=\"500\" height=\"281\" src=\"https:\/\/www.youtube.com\/embed\/W9vggItIpS4?start=4&#038;feature=oembed\" frameborder=\"0\" allow=\"accelerometer; autoplay; clipboard-write; encrypted-media; gyroscope; picture-in-picture; web-share\" referrerpolicy=\"strict-origin-when-cross-origin\" allowfullscreen><\/iframe> <\/div><figcaption class=\"wp-element-caption\">Vid\u00e9o de travail de la ligne de transformation des pattes de poulet<\/figcaption><\/figure>    <h2 class=\"wp-block-heading\">Application de la ligne de traitement des pattes de poulet<\/h2>    <p class=\"translation-block\">La <strong>ligne de traitement des pattes de poulet<\/strong> est largement applicable dans divers secteurs de transformation de la volaille et de fabrication alimentaire. Elle est con\u00e7ue pour traiter non seulement les pattes de poulet, mais aussi d'autres sous-produits de volaille tels que les pattes de canard et articles similaires, ce qui en fait une solution polyvalente pour divers besoins de production. <\/p>    <p>Cette ligne de production est id\u00e9ale pour les usines de surgel\u00e9s, les producteurs de plats pr\u00e9par\u00e9s, les abattoirs de viande et les entreprises orient\u00e9es vers l'exportation \u00e0 la recherche d'une qualit\u00e9 constante et d'une haute efficacit\u00e9. Que ce soit pour les march\u00e9s int\u00e9rieurs ou le commerce international, la ligne de traitement des pattes de poulet assure une production hygi\u00e9nique, standardis\u00e9e et \u00e9volutive pour r\u00e9pondre aux diff\u00e9rentes demandes du march\u00e9.<\/p>    <figure class=\"wp-block-image size-full\"><img loading=\"lazy\" decoding=\"async\" width=\"720\" height=\"540\" src=\"https:\/\/topfoodmachine.com\/wp-content\/uploads\/2023\/12\/chicken-feet-processing.webp\" alt=\"transformation des pattes de poulet\" class=\"wp-image-1725\" srcset=\"https:\/\/topfoodmachine.com\/wp-content\/uploads\/2023\/12\/chicken-feet-processing.webp 720w, https:\/\/topfoodmachine.com\/wp-content\/uploads\/2023\/12\/chicken-feet-processing-300x225.webp 300w, https:\/\/topfoodmachine.com\/wp-content\/uploads\/2023\/12\/chicken-feet-processing-16x12.webp 16w\" sizes=\"auto, (max-width: 720px) 100vw, 720px\" \/><figcaption class=\"wp-element-caption\">transformation des pattes de poulet<\/figcaption><\/figure>    <h2 class=\"wp-block-heading\">Principaux composants de la ligne de traitement des pattes de poulet<\/h2>    <h3 class=\"wp-block-heading\">1. Machine \u00e0 \u00e9bouillanter les pieds de poulet<\/h3>    <div class=\"wp-block-media-text is-stacked-on-mobile\"><figure class=\"wp-block-media-text__media\"><img loading=\"lazy\" decoding=\"async\" width=\"720\" height=\"540\" src=\"https:\/\/topfoodmachine.com\/wp-content\/uploads\/2023\/12\/Chicken-feet-scalding-machine.webp\" alt=\"Machine \u00e0 \u00e9bouillanter les pattes de poulet\" class=\"wp-image-1099 size-full\" srcset=\"https:\/\/topfoodmachine.com\/wp-content\/uploads\/2023\/12\/Chicken-feet-scalding-machine.webp 720w, https:\/\/topfoodmachine.com\/wp-content\/uploads\/2023\/12\/Chicken-feet-scalding-machine-300x225.webp 300w\" sizes=\"auto, (max-width: 720px) 100vw, 720px\" \/><\/figure><div class=\"wp-block-media-text__content\"> <ul class=\"wp-block-list\"> <li>Fonctionne avec un chauffage par tuyau \u00e0 vapeur et comprend un contr\u00f4le automatique de la temp\u00e9rature<\/li>    <li>Pr\u00e9pare les pattes de poulet en les cuisant l\u00e9g\u00e8rement pour des r\u00e9sultats d'\u00e9pluchage plus propres<\/li>    <li>Maintient la temp\u00e9rature de blanchiment entre 65-70\u00b0C pour des performances optimales<\/li>    <li>Chauffage indirect de l'eau par un syst\u00e8me de chaudi\u00e8re \u00e0 vapeur, \u00e9vitant la consommation directe d'eau chaude<\/li>    <li>Construit en acier inoxydable pour une durabilit\u00e9 \u00e0 long terme et une r\u00e9sistance \u00e0 la rouille et \u00e0 l'exposition \u00e0 l'eau<\/li> <\/ul> <\/div><\/div>    <figure class=\"wp-block-table\"><table><tbody><tr><td>Taille<\/td><td>Poids<\/td><td>Capacit\u00e9<\/td><td>Tension<\/td><td>Pouvoir<\/td><\/tr><tr><td>4000*1250*1300mm<\/td><td>850 kg<\/td><td>1000kg\/heure<\/td><td>380 V, 50 Hz<\/td><td>90kw<\/td><\/tr><\/tbody><\/table><figcaption class=\"wp-element-caption\">Param\u00e8tres de la machine d'\u00e9chaudage des pattes de poulet<\/figcaption><\/figure>    <h3 class=\"wp-block-heading\">2. Machine \u00e0 \u00e9plucher les pattes de poulet<\/h3>    <div class=\"wp-block-media-text has-media-on-the-right is-stacked-on-mobile\"><div class=\"wp-block-media-text__content\"> <ul class=\"wp-block-list\"> <li><strong>Action de broche<\/strong>. La rotation rapide de la broche entra\u00eene les b\u00e2tons de colle \u00e0 se d\u00e9placer et \u00e0 pousser les pattes de poulet vers l'avant.<\/li>    <li><strong>Force inverse<\/strong>. Le mouvement spiral de la broche interagit avec les rainures du baril pour cr\u00e9er une force d'\u00e9pluchage.<\/li>    <li><strong>\u00c9pluchage s\u00fbr<\/strong>. \u00c9limine efficacement la peau sans endommager les pattes de poulet.<\/li>    <li><strong>D\u00e9charge automatique<\/strong>. La peau pel\u00e9e sort par le bas de la machine.<\/li> <\/ul> <\/div><figure class=\"wp-block-media-text__media\"><img loading=\"lazy\" decoding=\"async\" width=\"720\" height=\"540\" src=\"https:\/\/topfoodmachine.com\/wp-content\/uploads\/2023\/12\/Chicken-feet-peeling-machine.webp\" alt=\"Machine \u00e0 \u00e9plucher les pattes de poulet\" class=\"wp-image-1100 size-full\" srcset=\"https:\/\/topfoodmachine.com\/wp-content\/uploads\/2023\/12\/Chicken-feet-peeling-machine.webp 720w, https:\/\/topfoodmachine.com\/wp-content\/uploads\/2023\/12\/Chicken-feet-peeling-machine-300x225.webp 300w\" sizes=\"auto, (max-width: 720px) 100vw, 720px\" \/><\/figure><\/div>    <p>La machine \u00e0 \u00e9plucher est un \u00e9l\u00e9ment essentiel con\u00e7u pour \u00e9liminer automatiquement la peau jaune des pattes de poulet. La fonction de contr\u00f4le de conversion de fr\u00e9quence ajoute de la pr\u00e9cision au processus de pelage, permettant des op\u00e9rations adaptables et efficaces.<\/p>    <figure class=\"wp-block-table\"><table><tbody><tr><td>Taille<\/td><td>Poids<\/td><td>Tension<\/td><td>Pouvoir<\/td><\/tr><tr><td>3000*900*1300mm<\/td><td>400 kg<\/td><td>380 V, 50 Hz<\/td><td>7,5 kW<\/td><\/tr><\/tbody><\/table><figcaption class=\"wp-element-caption\">Param\u00e8tres de la machine \u00e0 plumer les pattes de poulet<\/figcaption><\/figure>    <h3 class=\"wp-block-heading\">3. Pr\u00e9-laveuse<\/h3>    <div class=\"wp-block-media-text is-stacked-on-mobile\"><figure class=\"wp-block-media-text__media\"><img loading=\"lazy\" decoding=\"async\" width=\"720\" height=\"540\" src=\"https:\/\/topfoodmachine.com\/wp-content\/uploads\/2023\/12\/Pre-washing-machine.webp\" alt=\"Machine \u00e0 pr\u00e9-laver\" class=\"wp-image-1101 size-full\" srcset=\"https:\/\/topfoodmachine.com\/wp-content\/uploads\/2023\/12\/Pre-washing-machine.webp 720w, https:\/\/topfoodmachine.com\/wp-content\/uploads\/2023\/12\/Pre-washing-machine-300x225.webp 300w\" sizes=\"auto, (max-width: 720px) 100vw, 720px\" \/><\/figure><div class=\"wp-block-media-text__content\"> <ul class=\"wp-block-list\"> <li><strong>\u00c9limination des impuret\u00e9s<\/strong>. \u00c9limine efficacement la salet\u00e9, les d\u00e9bris et autres impuret\u00e9s, garantissant un produit plus propre.<\/li>    <li><strong>Am\u00e9lioration de l'hygi\u00e8ne<\/strong>. Am\u00e9liore la qualit\u00e9 hygi\u00e9nique globale, pr\u00e9parant les pattes de poulet pour un traitement ult\u00e9rieur.<\/li>    <li><strong>S\u00e9curit\u00e9 du produit final<\/strong>. Garantit que les pattes de poulet sont exemptes de contaminants, contribuant \u00e0 un produit final s\u00fbr et fiable.<\/li> <\/ul> <\/div><\/div>    <figure class=\"wp-block-table\"><table><tbody><tr><td>Taille<\/td><td>Poids<\/td><td>Tension<\/td><td>Pouvoir<\/td><\/tr><tr><td>4000*1280*1300mm<\/td><td>860kg<\/td><td>380 V, 50 Hz<\/td><td>3,7 kW<\/td><\/tr><\/tbody><\/table><figcaption class=\"wp-element-caption\">Param\u00e8tres de la machine de pr\u00e9lavage<\/figcaption><\/figure>    <h3 class=\"wp-block-heading\">4. <strong>Machine \u00e0 d\u00e9couper les pattes de poulet<\/strong><\/h3>    <div class=\"wp-block-media-text has-media-on-the-right is-stacked-on-mobile\"><div class=\"wp-block-media-text__content\"> <ul class=\"wp-block-list\"> <li><strong>Moulage du produit<\/strong>. Fa\u00e7onne les pattes de poulet selon les sp\u00e9cifications du march\u00e9.<\/li>    <li><strong>Cha\u00eene de convoyeur<\/strong>. Une cha\u00eene de convoyeur sp\u00e9ciale assure un mouvement fluide \u00e0 travers le processus de d\u00e9coupe.<\/li>    <li><strong>Lames s\u00e9par\u00e9es<\/strong>. Deux lames s\u00e9par\u00e9es am\u00e9liorent la pr\u00e9cision et l'efficacit\u00e9 de la d\u00e9coupe.<\/li>    <li><strong>D\u00e9coupes pr\u00e9cises<\/strong>. Garantit des d\u00e9coupes propres et pr\u00e9cises pour une qualit\u00e9 de produit coh\u00e9rente.<\/li>    <li><strong>Conception durable<\/strong>. Con\u00e7u pour un traitement de haute capacit\u00e9 et durable.<\/li> <\/ul> <\/div><figure class=\"wp-block-media-text__media\"><img loading=\"lazy\" decoding=\"async\" width=\"720\" height=\"540\" src=\"https:\/\/topfoodmachine.com\/wp-content\/uploads\/2023\/12\/Chicken-feet-cutting-machine.webp\" alt=\"Machine \u00e0 d\u00e9couper les pattes de poulet\" class=\"wp-image-1102 size-full\" srcset=\"https:\/\/topfoodmachine.com\/wp-content\/uploads\/2023\/12\/Chicken-feet-cutting-machine.webp 720w, https:\/\/topfoodmachine.com\/wp-content\/uploads\/2023\/12\/Chicken-feet-cutting-machine-300x225.webp 300w\" sizes=\"auto, (max-width: 720px) 100vw, 720px\" \/><\/figure><\/div>    <figure class=\"wp-block-table\"><table><tbody><tr><td>Taille<\/td><td>Poids<\/td><td>Tension<\/td><td>Pouvoir<\/td><\/tr><tr><td>2500*1300*950mm<\/td><td>560 kg<\/td><td>380 V, 50 Hz<\/td><td>3kw<\/td><\/tr><\/tbody><\/table><figcaption class=\"wp-element-caption\">Param\u00e8tres de la machine de d\u00e9coupe des pattes de poulet<\/figcaption><\/figure>    <h2 class=\"wp-block-heading\">Principaux avantages de la ligne de traitement des pattes de poulet<\/h2>    <ul class=\"wp-block-list\"> <li>Le fonctionnement enti\u00e8rement automatis\u00e9 r\u00e9duit la main-d'\u0153uvre manuelle et augmente l'efficacit\u00e9 de la production.<\/li>    <li>Fabriqu\u00e9 en acier inoxydable de qualit\u00e9 alimentaire, garantissant l'hygi\u00e8ne et la durabilit\u00e9.<\/li>    <li>Conception facile \u00e0 nettoyer, conforme aux normes strictes de s\u00e9curit\u00e9 alimentaire.<\/li>    <li>Les syst\u00e8mes de contr\u00f4le avanc\u00e9s garantissent une qualit\u00e9 de produit constante.<\/li>    <li>Capacit\u00e9 et configuration personnalisables pour s'adapter aux diff\u00e9rents besoins de production.<\/li>    <li>Capacit\u00e9 de traitement polyvalente pour les pattes de poulet et autres sous-produits de volaille.<\/li> <\/ul>    <figure class=\"wp-block-image size-full\"><img loading=\"lazy\" decoding=\"async\" width=\"720\" height=\"540\" src=\"https:\/\/topfoodmachine.com\/wp-content\/uploads\/2023\/12\/Chicken-feet-processing-line-1.webp\" alt=\"Ligne de traitement des pattes de poulet\" class=\"wp-image-1106\" srcset=\"https:\/\/topfoodmachine.com\/wp-content\/uploads\/2023\/12\/Chicken-feet-processing-line-1.webp 720w, https:\/\/topfoodmachine.com\/wp-content\/uploads\/2023\/12\/Chicken-feet-processing-line-1-300x225.webp 300w\" sizes=\"auto, (max-width: 720px) 100vw, 720px\" \/><figcaption class=\"wp-element-caption\">Ligne de traitement des pattes de poulet<\/figcaption><\/figure>    <h2 class=\"wp-block-heading\">\u00c9quipement de support de la ligne de traitement des pattes de poulet<\/h2>    <h3 class=\"wp-block-heading\">1. <strong>Machine \u00e0 ouvrir les griffes de poulet<\/strong><\/h3>    <div class=\"wp-block-media-text is-stacked-on-mobile\"><figure class=\"wp-block-media-text__media\"><img loading=\"lazy\" decoding=\"async\" width=\"720\" height=\"540\" src=\"https:\/\/topfoodmachine.com\/wp-content\/uploads\/2023\/12\/Chicken-Claw-Opening-Machine.webp\" alt=\"Machine d&#039;ouverture de griffe de poulet\" class=\"wp-image-1103 size-full\" srcset=\"https:\/\/topfoodmachine.com\/wp-content\/uploads\/2023\/12\/Chicken-Claw-Opening-Machine.webp 720w, https:\/\/topfoodmachine.com\/wp-content\/uploads\/2023\/12\/Chicken-Claw-Opening-Machine-300x225.webp 300w\" sizes=\"auto, (max-width: 720px) 100vw, 720px\" \/><\/figure><div class=\"wp-block-media-text__content\"> <ul class=\"wp-block-list\"> <li><strong>Ouverture des griffes<\/strong>. Con\u00e7u pour ouvrir les griffes de poulet pour un traitement ult\u00e9rieur.<\/li>    <li><strong>Am\u00e9lioration de la texture<\/strong>. Am\u00e9liore la texture des griffes, les rendant plus r\u00e9ceptives \u00e0 l'assaisonnement.<\/li>    <li><strong>Assaisonnement am\u00e9lior\u00e9<\/strong>. Permet une meilleure absorption des assaisonnements, garantissant un produit final plus savoureux.<\/li> <\/ul> <\/div><\/div>    <h3 class=\"wp-block-heading\">2. <strong>Machine \u00e0 d\u00e9sosser les griffes de poulet<\/strong><\/h3>    <div class=\"wp-block-media-text has-media-on-the-right is-stacked-on-mobile\"><div class=\"wp-block-media-text__content\"> <ul class=\"wp-block-list\"> <li><strong>D\u00e9sossage automatique<\/strong>. \u00c9limine efficacement les os des griffes de poulet pendant le traitement.<\/li>    <li><strong>Produit polyvalent<\/strong>. Pr\u00e9pare les griffes de poulet pour diverses m\u00e9thodes de cuisson comme le rago\u00fbt ou le grillage.<\/li>    <li><strong>Am\u00e9lioration de l'utilisabilit\u00e9<\/strong>. Rend le produit plus adapt\u00e9 \u00e0 une large gamme d'applications culinaires.<\/li> <\/ul> <\/div><figure class=\"wp-block-media-text__media\"><img loading=\"lazy\" decoding=\"async\" width=\"720\" height=\"540\" src=\"https:\/\/topfoodmachine.com\/wp-content\/uploads\/2023\/12\/Chicken-Claw-Deboning-Machine.webp\" alt=\"Machine \u00e0 d\u00e9sosser les griffes de poulet\" class=\"wp-image-1104 size-full\" srcset=\"https:\/\/topfoodmachine.com\/wp-content\/uploads\/2023\/12\/Chicken-Claw-Deboning-Machine.webp 720w, https:\/\/topfoodmachine.com\/wp-content\/uploads\/2023\/12\/Chicken-Claw-Deboning-Machine-300x225.webp 300w\" sizes=\"auto, (max-width: 720px) 100vw, 720px\" \/><\/figure><\/div>    <h3 class=\"wp-block-heading\">3. <strong>Machine de cong\u00e9lation<\/strong><\/h3>    <div class=\"wp-block-media-text is-stacked-on-mobile\"><figure class=\"wp-block-media-text__media\"><img loading=\"lazy\" decoding=\"async\" width=\"720\" height=\"540\" src=\"https:\/\/topfoodmachine.com\/wp-content\/uploads\/2023\/12\/Freezer.webp\" alt=\"Cong\u00e9lateur\" class=\"wp-image-1105 size-full\" srcset=\"https:\/\/topfoodmachine.com\/wp-content\/uploads\/2023\/12\/Freezer.webp 720w, https:\/\/topfoodmachine.com\/wp-content\/uploads\/2023\/12\/Freezer-300x225.webp 300w\" sizes=\"auto, (max-width: 720px) 100vw, 720px\" \/><\/figure><div class=\"wp-block-media-text__content\"> <ul class=\"wp-block-list\"> <li><strong>Cong\u00e9lation rapide<\/strong>. Cong\u00e8le rapidement les griffes de poulet trait\u00e9es pour pr\u00e9server la fra\u00eecheur.<\/li>    <li><strong>Dur\u00e9e de conservation prolong\u00e9e<\/strong>. Aide \u00e0 maintenir la qualit\u00e9 du produit pour un stockage et un transport plus longs.<\/li>    <li><strong>Pr\u00e9servation de la qualit\u00e9<\/strong>. Crucial pour pr\u00e9server la texture, la saveur et la qualit\u00e9 globale pendant le stockage \u00e0 long terme.<\/li> <\/ul> <\/div><\/div>    <p>L'int\u00e9gration de ces trois machines dans la ligne de transformation des pattes de poulet augmente l'efficacit\u00e9 globale et garantit que les produits finaux de griffes de poulet r\u00e9pondent aux normes du march\u00e9. Cette combinaison de composants cl\u00e9s am\u00e9liore la polyvalence, r\u00e9pondant aux besoins de cuisson sp\u00e9cifiques de diverses cuisines et \u00e9tablissements de restauration.<\/p>    <p>Avec ces machines essentielles, la ligne de production r\u00e9pond efficacement \u00e0 la diversit\u00e9 des demandes du march\u00e9, livrant des produits de griffes de poulet de haute qualit\u00e9 pour satisfaire les besoins des clients.<\/p>    <h2 class=\"wp-block-heading\">Conclusion<\/h2>    <p class=\"translation-block\">Notre ligne de traitement des <a href=\"https:\/\/en.wikipedia.org\/wiki\/Chicken_feet\" data-type=\"link\" data-id=\"https:\/\/en.wikipedia.org\/wiki\/Chicken_feet\" target=\"_blank\" rel=\"noopener\">pattes de poulet<\/a> garantit une haute efficacit\u00e9, des produits de qualit\u00e9 sup\u00e9rieure et une polyvalence pour r\u00e9pondre aux diverses demandes du march\u00e9.<\/p>    <p>Ne manquez pas l'occasion d'am\u00e9liorer votre production avec nos machines fiables et durables. Pour plus de d\u00e9tails ou pour demander un devis, n'h\u00e9sitez pas \u00e0 nous contacter d\u00e8s aujourd'hui.<\/p>    <p class=\"translation-block\">De plus, nous proposons une large gamme d' <a href=\"https:\/\/topfoodmachine.com\/fr\/products\/egg-meat-processing-machine\/\" data-type=\"link\" data-id=\"https:\/\/topfoodmachine.com\/products\/egg-meat-processing-machine\/\">\u00e9quipements de transformation de la viande<\/a> adapt\u00e9s \u00e0 vos besoins. Explorez notre gamme compl\u00e8te et choisissez les solutions parfaites pour votre entreprise !<\/p>","protected":false},"excerpt":{"rendered":"<p>La ligne de traitement des pattes de poulet avec une capacit\u00e9 de 2t\/h offre une solution efficace et de haute qualit\u00e9 pour transformer les pattes de poulet crues en ingr\u00e9dients culinaires de premier choix.<\/p>","protected":false},"author":1,"featured_media":1098,"parent":0,"template":"","tags":[100,99],"product-type":[7],"class_list":["post-1097","product","type-product","status-publish","has-post-thumbnail","hentry","tag-chicken","tag-chicken-feet-processing-line","product-type-egg-meat-processing-machine"],"_links":{"self":[{"href":"https:\/\/topfoodmachine.com\/fr\/wp-json\/wp\/v2\/product\/1097","targetHints":{"allow":["GET"]}}],"collection":[{"href":"https:\/\/topfoodmachine.com\/fr\/wp-json\/wp\/v2\/product"}],"about":[{"href":"https:\/\/topfoodmachine.com\/fr\/wp-json\/wp\/v2\/types\/product"}],"author":[{"embeddable":true,"href":"https:\/\/topfoodmachine.com\/fr\/wp-json\/wp\/v2\/users\/1"}],"wp:featuredmedia":[{"embeddable":true,"href":"https:\/\/topfoodmachine.com\/fr\/wp-json\/wp\/v2\/media\/1098"}],"wp:attachment":[{"href":"https:\/\/topfoodmachine.com\/fr\/wp-json\/wp\/v2\/media?parent=1097"}],"wp:term":[{"taxonomy":"post_tag","embeddable":true,"href":"https:\/\/topfoodmachine.com\/fr\/wp-json\/wp\/v2\/tags?post=1097"},{"taxonomy":"product-type","embeddable":true,"href":"https:\/\/topfoodmachine.com\/fr\/wp-json\/wp\/v2\/product-type?post=1097"}],"curies":[{"name":"wp","href":"https:\/\/api.w.org\/{rel}","templated":true}]}}