{"id":1068,"date":"2023-12-13T09:02:21","date_gmt":"2023-12-13T01:02:21","guid":{"rendered":"https:\/\/topfoodmachine.com\/?post_type=product&#038;p=1068"},"modified":"2023-12-13T09:03:34","modified_gmt":"2023-12-13T01:03:34","slug":"garlic-bulb-separating-machine","status":"publish","type":"product","link":"https:\/\/topfoodmachine.com\/fr\/product\/garlic-bulb-separating-machine\/","title":{"rendered":"Machine \u00e0 s\u00e9parer les bulbes d'ail"},"content":{"rendered":"<div class=\"kk-star-ratings kksr-auto kksr-align-left kksr-valign-top\"     data-payload='{&quot;align&quot;:&quot;left&quot;,&quot;id&quot;:&quot;1068&quot;,&quot;slug&quot;:&quot;default&quot;,&quot;valign&quot;:&quot;top&quot;,&quot;ignore&quot;:&quot;&quot;,&quot;reference&quot;:&quot;auto&quot;,&quot;class&quot;:&quot;&quot;,&quot;count&quot;:&quot;11&quot;,&quot;legendonly&quot;:&quot;&quot;,&quot;readonly&quot;:&quot;&quot;,&quot;score&quot;:&quot;4.5&quot;,&quot;starsonly&quot;:&quot;&quot;,&quot;best&quot;:&quot;5&quot;,&quot;gap&quot;:&quot;5&quot;,&quot;greet&quot;:&quot;Rate this product&quot;,&quot;legend&quot;:&quot;4.5\\\/5 - (11 votes)&quot;,&quot;size&quot;:&quot;24&quot;,&quot;title&quot;:&quot;Garlic bulb separating machine&quot;,&quot;width&quot;:&quot;128&quot;,&quot;_legend&quot;:&quot;{score}\\\/{best} - ({count} {votes})&quot;,&quot;font_factor&quot;:&quot;1.25&quot;}'>              <div class=\"kksr-stars\">      <div class=\"kksr-stars-inactive\">             <div class=\"kksr-star\" data-star=\"1\" style=\"padding-right: 5px\">               <div class=\"kksr-icon\" style=\"width: 24px; height: 24px;\"><\/div>         <\/div>             <div class=\"kksr-star\" data-star=\"2\" style=\"padding-right: 5px\">               <div class=\"kksr-icon\" style=\"width: 24px; height: 24px;\"><\/div>         <\/div>             <div class=\"kksr-star\" data-star=\"3\" style=\"padding-right: 5px\">               <div class=\"kksr-icon\" style=\"width: 24px; height: 24px;\"><\/div>         <\/div>             <div class=\"kksr-star\" data-star=\"4\" style=\"padding-right: 5px\">               <div class=\"kksr-icon\" style=\"width: 24px; height: 24px;\"><\/div>         <\/div>             <div class=\"kksr-star\" data-star=\"5\" style=\"padding-right: 5px\">               <div class=\"kksr-icon\" style=\"width: 24px; height: 24px;\"><\/div>         <\/div>     <\/div>      <div class=\"kksr-stars-active\" style=\"width: 128px;\">             <div class=\"kksr-star\" style=\"padding-right: 5px\">               <div class=\"kksr-icon\" style=\"width: 24px; height: 24px;\"><\/div>         <\/div>             <div class=\"kksr-star\" style=\"padding-right: 5px\">               <div class=\"kksr-icon\" style=\"width: 24px; height: 24px;\"><\/div>         <\/div>             <div class=\"kksr-star\" style=\"padding-right: 5px\">               <div class=\"kksr-icon\" style=\"width: 24px; height: 24px;\"><\/div>         <\/div>             <div class=\"kksr-star\" style=\"padding-right: 5px\">               <div class=\"kksr-icon\" style=\"width: 24px; height: 24px;\"><\/div>         <\/div>             <div class=\"kksr-star\" style=\"padding-right: 5px\">               <div class=\"kksr-icon\" style=\"width: 24px; height: 24px;\"><\/div>         <\/div>     <\/div> <\/div>                   <div class=\"kksr-legend\" style=\"font-size: 19.2px;\">             4,5\/5 - (11 votes)    <\/div>     <\/div>  <p>Dans le domaine dynamique des industries agricoles et agroalimentaires, l\u2019efficacit\u00e9 et la pr\u00e9cision sont primordiales. La machine de s\u00e9paration des bulbes d'ail t\u00e9moigne de l'innovation technologique dans la rationalisation du processus \u00e0 forte intensit\u00e9 de main-d'\u0153uvre de s\u00e9paration des bulbes d'ail. Cette machine ing\u00e9nieuse est con\u00e7ue pour r\u00e9pondre aux besoins sp\u00e9cifiques des agriculteurs, des transformateurs alimentaires et des passionn\u00e9s de cuisine, r\u00e9volutionnant la fa\u00e7on dont l'ail est r\u00e9colt\u00e9 et pr\u00e9par\u00e9.<\/p>    <p>La machine de s\u00e9paration des bulbes d'ail fonctionne sur le principe de l'automatisation, offrant une solution syst\u00e9matique et rapide \u00e0 la t\u00e2che traditionnellement longue de s\u00e9paration manuelle des bulbes d'ail. Sa conception complexe int\u00e8gre des technologies de pointe et une ing\u00e9nierie de pr\u00e9cision pour garantir une s\u00e9paration douce mais efficace des gousses individuelles du bulbe, minimisant ainsi les dommages et pr\u00e9servant la qualit\u00e9 de l'ail.<\/p>    <figure class=\"wp-block-image size-full\"><img loading=\"lazy\" decoding=\"async\" width=\"720\" height=\"540\" src=\"https:\/\/topfoodmachine.com\/wp-content\/uploads\/2023\/12\/Garlic-bulb-separating-machine-for-sale.webp\" alt=\"Machine de s\u00e9paration des bulbes d&#039;ail \u00e0 vendre\" class=\"wp-image-1070\" srcset=\"https:\/\/topfoodmachine.com\/wp-content\/uploads\/2023\/12\/Garlic-bulb-separating-machine-for-sale.webp 720w, https:\/\/topfoodmachine.com\/wp-content\/uploads\/2023\/12\/Garlic-bulb-separating-machine-for-sale-300x225.webp 300w\" sizes=\"auto, (max-width: 720px) 100vw, 720px\" \/><figcaption class=\"wp-element-caption\">Machine de s\u00e9paration des bulbes d'ail \u00e0 vendre<\/figcaption><\/figure>    <h2 class=\"wp-block-heading\">Principales caract\u00e9ristiques de la machine de s\u00e9paration des bulbes d'ail<\/h2>    <ol class=\"wp-block-list\"> <li><strong>Simulation de fractionnement manuel\u00a0:<\/strong> <ul class=\"wp-block-list\"> <li>La machine reproduit la m\u00e9thode de fendage manuelle, garantissant que les gousses d'ail restent intactes tout au long du processus. Cette approche innovante la distingue des m\u00e9thodes traditionnelles qui pourraient entra\u00eener des cassures ou des meurtrissures.<\/li> <\/ul> <\/li>    <li><strong>Distance des rouleaux r\u00e9glable\u00a0:<\/strong> <ul class=\"wp-block-list\"> <li>Les utilisateurs peuvent personnaliser la s\u00e9paration de l'ail en ajustant la distance entre les rouleaux. Cette fonctionnalit\u00e9 permet une pr\u00e9cision et une flexibilit\u00e9, s'adaptant \u00e0 diff\u00e9rentes tailles d'ail et garantissant une efficacit\u00e9 d'\u00e9pluchage optimale.<\/li> <\/ul> <\/li>    <li><strong>Extrusion rotative par rouleaux\u00a0:<\/strong> <ul class=\"wp-block-list\"> <li>L'\u00e9pluchage est r\u00e9alis\u00e9 gr\u00e2ce \u00e0 l'extrusion rotative des gousses d'ail par les rouleaux. Cette m\u00e9thode est \u00e0 la fois efficace et douce, contribuant \u00e0 un taux de casse remarquablement faible.<\/li> <\/ul> <\/li>    <li><strong>\u00c9limination efficace de la peau\u00a0:<\/strong> <ul class=\"wp-block-list\"> <li>Le ventilateur int\u00e9gr\u00e9 souffle efficacement la peau d'ail, laissant derri\u00e8re lui des gousses parfaitement pel\u00e9es. Cette fonctionnalit\u00e9 am\u00e9liore non seulement l'efficacit\u00e9 de la machine, mais simplifie \u00e9galement les processus de pelage ult\u00e9rieurs.<\/li> <\/ul> <\/li>    <li><strong>Performances stables et structure compacte\u00a0:<\/strong> <ul class=\"wp-block-list\"> <li>Avec des performances stables et une structure compacte, la machine \u00e0 s\u00e9parer les gousses d'ail est con\u00e7ue pour plus de commodit\u00e9. Cela permet d'\u00e9conomiser du temps et de l'\u00e9lectricit\u00e9 tout en maintenant une efficacit\u00e9 de production \u00e9lev\u00e9e.<\/li> <\/ul> <\/li> <\/ol>    <figure class=\"wp-block-image size-full\"><img loading=\"lazy\" decoding=\"async\" width=\"720\" height=\"540\" src=\"https:\/\/topfoodmachine.com\/wp-content\/uploads\/2023\/12\/Garlic-clove-splitting-machine.webp\" alt=\"Machine \u00e0 fendre les gousses d&#039;ail\" class=\"wp-image-1075\" srcset=\"https:\/\/topfoodmachine.com\/wp-content\/uploads\/2023\/12\/Garlic-clove-splitting-machine.webp 720w, https:\/\/topfoodmachine.com\/wp-content\/uploads\/2023\/12\/Garlic-clove-splitting-machine-300x225.webp 300w\" sizes=\"auto, (max-width: 720px) 100vw, 720px\" \/><figcaption class=\"wp-element-caption\">Machine \u00e0 fendre les gousses d'ail<\/figcaption><\/figure>    <h2 class=\"wp-block-heading\">Mode d'emploi du s\u00e9parateur de bulbes d'ail<\/h2>    <ol class=\"wp-block-list\"> <li><strong>Inspection avant utilisation\u00a0:<\/strong> <ul class=\"wp-block-list\"> <li>Effectuez une inspection approfondie pour vous assurer que toutes les pi\u00e8ces de fixation sont s\u00e9curis\u00e9es. V\u00e9rifiez que le cordon d'alimentation n'est pas endommag\u00e9, inspectez l'entr\u00e9e pour d\u00e9tecter la pr\u00e9sence de corps \u00e9trangers et v\u00e9rifiez que les exigences de tension sont respect\u00e9es.<\/li> <\/ul> <\/li>    <li><strong>Placement et configuration\u00a0:<\/strong> <ul class=\"wp-block-list\"> <li>Placez la machine sur une surface plane. Allumez-le et introduisez l'ail dans l'entr\u00e9e, lan\u00e7ant ainsi le processus de s\u00e9paration.<\/li> <\/ul> <\/li>    <li><strong>Ajustement pour des r\u00e9sultats optimaux\u00a0:<\/strong> <ul class=\"wp-block-list\"> <li>Si l'effet de division n'est pas satisfaisant, les utilisateurs peuvent facilement ajuster les rouleaux pour obtenir le r\u00e9sultat souhait\u00e9.<\/li> <\/ul> <\/li>    <li><strong>Construction durable en acier inoxydable\u00a0:<\/strong> <ul class=\"wp-block-list\"> <li>La machine est construite en acier inoxydable durable, garantissant long\u00e9vit\u00e9 et r\u00e9silience. Il s'adapte \u00e0 l'ail de toutes tailles sans causer de dommages.<\/li> <\/ul> <\/li>    <li><strong>Taux de pelage et \u00e9limination de la peau\u00a0:<\/strong> <ul class=\"wp-block-list\"> <li>La machine offre un taux de pelage \u00e9lev\u00e9 et le ventilateur \u00e9limine efficacement l'exc\u00e8s de peau d'ail apr\u00e8s le pelage, simplifiant ainsi les \u00e9tapes de traitement ult\u00e9rieures.<\/li> <\/ul> <\/li> <\/ol>    <figure class=\"wp-block-image size-full\"><img loading=\"lazy\" decoding=\"async\" width=\"720\" height=\"540\" src=\"https:\/\/topfoodmachine.com\/wp-content\/uploads\/2023\/12\/Garlic-bulb-separating-machine-with-good-price.webp\" alt=\"Machine de s\u00e9paration des bulbes d&#039;ail \u00e0 bon prix\" class=\"wp-image-1071\" srcset=\"https:\/\/topfoodmachine.com\/wp-content\/uploads\/2023\/12\/Garlic-bulb-separating-machine-with-good-price.webp 720w, https:\/\/topfoodmachine.com\/wp-content\/uploads\/2023\/12\/Garlic-bulb-separating-machine-with-good-price-300x225.webp 300w\" sizes=\"auto, (max-width: 720px) 100vw, 720px\" \/><figcaption class=\"wp-element-caption\">Machine de s\u00e9paration des bulbes d'ail \u00e0 bon prix<\/figcaption><\/figure>    <h2 class=\"wp-block-heading\">Param\u00e8tres de la machine de s\u00e9paration des bulbes d'ail<\/h2>    <figure class=\"wp-block-table\"><table><tbody><tr><td>Mod\u00e8le<\/td><td>Capacit\u00e9<\/td><td>Poids<\/td><td>Tension<\/td><td>Taille<\/td><td>Pouvoir<\/td><\/tr><tr><td>TZ-400<\/td><td>400kg\/heure<\/td><td>130 kg<\/td><td>110-220-380v<\/td><td>72*73*115cm<\/td><td>750w<\/td><\/tr><tr><td>TZ-500<\/td><td>500kg\/heure<\/td><td>120 kg<\/td><td>110-220-380v<\/td><td>76*73*103cm<\/td><td>1500w<\/td><\/tr><tr><td>TZ-1000<\/td><td>1000kg\/heure<\/td><td>150 kg<\/td><td>110-220-380v<\/td><td>150*70*124cm<\/td><td>2200w<\/td><\/tr><\/tbody><\/table><\/figure>    <h2 class=\"wp-block-heading\">Pourquoi choisir d'acheter notre machine de s\u00e9paration des bulbes d'ail ?<\/h2>    <p>La machine de s\u00e9paration des gousses d'ail pr\u00e9sente une solution compl\u00e8te aux d\u00e9fis rencontr\u00e9s dans le traitement traditionnel de l'ail. Sa conception innovante, ses fonctionnalit\u00e9s r\u00e9glables et son efficacit\u00e9 r\u00e9duisent non seulement les co\u00fbts de main-d'\u0153uvre, mais contribuent \u00e9galement \u00e0 la durabilit\u00e9 environnementale en \u00e9liminant la pollution de l'eau et en minimisant le gaspillage de mat\u00e9riaux. En int\u00e9grant cette machine dans les op\u00e9rations de transformation de l'ail, les entreprises peuvent maximiser la productivit\u00e9 tout en maintenant la qualit\u00e9 de leurs produits \u00e0 base d'ail.<\/p>    <p>En tant que fournisseur de machines de s\u00e9paration des bulbes d'ail, nous sommes fiers de proposer des solutions innovantes, efficaces et fiables pour r\u00e9pondre \u00e0 vos besoins en mati\u00e8re de transformation de l'ail. Notre gamme de produits comprend plusieurs mod\u00e8les adapt\u00e9s \u00e0 la production \u00e0 petite, moyenne et grande \u00e9chelle, r\u00e9pondant aux diverses exigences de nos clients. <\/p>    <p>Gr\u00e2ce \u00e0 une technologie de pointe et une conception exceptionnelle, nous nous engageons \u00e0 fournir des performances exceptionnelles et une qualit\u00e9 de premier ordre, vous permettant ainsi d\u2019obtenir un plus grand succ\u00e8s dans l\u2019industrie de transformation de l\u2019ail. Choisissez-nous pour le m\u00e9lange parfait de fiabilit\u00e9, d\u2019efficacit\u00e9 et de qualit\u00e9. Nous sommes impatients d\u2019\u00e9tablir un partenariat \u00e0 long terme avec vous et de contribuer ensemble \u00e0 un avenir meilleur.<\/p>    <figure class=\"wp-block-image size-full\"><img loading=\"lazy\" decoding=\"async\" width=\"720\" height=\"540\" src=\"https:\/\/topfoodmachine.com\/wp-content\/uploads\/2023\/12\/Garlic-bulb-separating-machine.webp\" alt=\"Machine \u00e0 s\u00e9parer les bulbes d&#039;ail\" class=\"wp-image-1072\" srcset=\"https:\/\/topfoodmachine.com\/wp-content\/uploads\/2023\/12\/Garlic-bulb-separating-machine.webp 720w, https:\/\/topfoodmachine.com\/wp-content\/uploads\/2023\/12\/Garlic-bulb-separating-machine-300x225.webp 300w\" sizes=\"auto, (max-width: 720px) 100vw, 720px\" \/><figcaption class=\"wp-element-caption\">Machine \u00e0 s\u00e9parer les bulbes d'ail<\/figcaption><\/figure>","protected":false},"excerpt":{"rendered":"<p>Dans le domaine dynamique des industries agricoles et agroalimentaires, l\u2019efficacit\u00e9 et la pr\u00e9cision sont primordiales. La machine de s\u00e9paration des bulbes d'ail t\u00e9moigne de l'innovation technologique dans la rationalisation du processus \u00e0 forte intensit\u00e9 de main-d'\u0153uvre de s\u00e9paration des bulbes d'ail.<\/p>","protected":false},"author":1,"featured_media":1079,"parent":0,"template":"","tags":[],"product-type":[3],"class_list":["post-1068","product","type-product","status-publish","has-post-thumbnail","hentry","product-type-fruit-vegetable-processing-machine"],"_links":{"self":[{"href":"https:\/\/topfoodmachine.com\/fr\/wp-json\/wp\/v2\/product\/1068","targetHints":{"allow":["GET"]}}],"collection":[{"href":"https:\/\/topfoodmachine.com\/fr\/wp-json\/wp\/v2\/product"}],"about":[{"href":"https:\/\/topfoodmachine.com\/fr\/wp-json\/wp\/v2\/types\/product"}],"author":[{"embeddable":true,"href":"https:\/\/topfoodmachine.com\/fr\/wp-json\/wp\/v2\/users\/1"}],"wp:featuredmedia":[{"embeddable":true,"href":"https:\/\/topfoodmachine.com\/fr\/wp-json\/wp\/v2\/media\/1079"}],"wp:attachment":[{"href":"https:\/\/topfoodmachine.com\/fr\/wp-json\/wp\/v2\/media?parent=1068"}],"wp:term":[{"taxonomy":"post_tag","embeddable":true,"href":"https:\/\/topfoodmachine.com\/fr\/wp-json\/wp\/v2\/tags?post=1068"},{"taxonomy":"product-type","embeddable":true,"href":"https:\/\/topfoodmachine.com\/fr\/wp-json\/wp\/v2\/product-type?post=1068"}],"curies":[{"name":"wp","href":"https:\/\/api.w.org\/{rel}","templated":true}]}}