{"id":1041,"date":"2023-11-28T10:58:18","date_gmt":"2023-11-28T02:58:18","guid":{"rendered":"https:\/\/topfoodmachine.com\/?post_type=product&#038;p=1041"},"modified":"2025-07-16T18:09:14","modified_gmt":"2025-07-16T10:09:14","slug":"peanut-coating-machine","status":"publish","type":"product","link":"https:\/\/topfoodmachine.com\/fr\/product\/peanut-coating-machine\/","title":{"rendered":"Machine d'enrobage d'arachide"},"content":{"rendered":"<div class=\"kk-star-ratings kksr-auto kksr-align-left kksr-valign-top\"     data-payload='{&quot;align&quot;:&quot;left&quot;,&quot;id&quot;:&quot;1041&quot;,&quot;slug&quot;:&quot;default&quot;,&quot;valign&quot;:&quot;top&quot;,&quot;ignore&quot;:&quot;&quot;,&quot;reference&quot;:&quot;auto&quot;,&quot;class&quot;:&quot;&quot;,&quot;count&quot;:&quot;17&quot;,&quot;legendonly&quot;:&quot;&quot;,&quot;readonly&quot;:&quot;&quot;,&quot;score&quot;:&quot;4.7&quot;,&quot;starsonly&quot;:&quot;&quot;,&quot;best&quot;:&quot;5&quot;,&quot;gap&quot;:&quot;5&quot;,&quot;greet&quot;:&quot;Rate this product&quot;,&quot;legend&quot;:&quot;4.7\\\/5 - (17 votes)&quot;,&quot;size&quot;:&quot;24&quot;,&quot;title&quot;:&quot;Peanut coating machine&quot;,&quot;width&quot;:&quot;133.8&quot;,&quot;_legend&quot;:&quot;{score}\\\/{best} - ({count} {votes})&quot;,&quot;font_factor&quot;:&quot;1.25&quot;}'>              <div class=\"kksr-stars\">      <div class=\"kksr-stars-inactive\">             <div class=\"kksr-star\" data-star=\"1\" style=\"padding-right: 5px\">               <div class=\"kksr-icon\" style=\"width: 24px; height: 24px;\"><\/div>         <\/div>             <div class=\"kksr-star\" data-star=\"2\" style=\"padding-right: 5px\">               <div class=\"kksr-icon\" style=\"width: 24px; height: 24px;\"><\/div>         <\/div>             <div class=\"kksr-star\" data-star=\"3\" style=\"padding-right: 5px\">               <div class=\"kksr-icon\" style=\"width: 24px; height: 24px;\"><\/div>         <\/div>             <div class=\"kksr-star\" data-star=\"4\" style=\"padding-right: 5px\">               <div class=\"kksr-icon\" style=\"width: 24px; height: 24px;\"><\/div>         <\/div>             <div class=\"kksr-star\" data-star=\"5\" style=\"padding-right: 5px\">               <div class=\"kksr-icon\" style=\"width: 24px; height: 24px;\"><\/div>         <\/div>     <\/div>      <div class=\"kksr-stars-active\" style=\"width: 133.8px;\">             <div class=\"kksr-star\" style=\"padding-right: 5px\">               <div class=\"kksr-icon\" style=\"width: 24px; height: 24px;\"><\/div>         <\/div>             <div class=\"kksr-star\" style=\"padding-right: 5px\">               <div class=\"kksr-icon\" style=\"width: 24px; height: 24px;\"><\/div>         <\/div>             <div class=\"kksr-star\" style=\"padding-right: 5px\">               <div class=\"kksr-icon\" style=\"width: 24px; height: 24px;\"><\/div>         <\/div>             <div class=\"kksr-star\" style=\"padding-right: 5px\">               <div class=\"kksr-icon\" style=\"width: 24px; height: 24px;\"><\/div>         <\/div>             <div class=\"kksr-star\" style=\"padding-right: 5px\">               <div class=\"kksr-icon\" style=\"width: 24px; height: 24px;\"><\/div>         <\/div>     <\/div> <\/div>                   <div class=\"kksr-legend\" style=\"font-size: 19.2px;\">             4,7\/5 - (17 votes)    <\/div>     <\/div>  <p class=\"translation-block\">La <strong>machine \u00e0 enrober les cacahu\u00e8tes<\/strong> peut enrober et polir une large gamme de produits, y compris des cacahu\u00e8tes, des noix de cajou, des haricots, des comprim\u00e9s, des bonbons, et plus encore. Elle trouve une application \u00e9tendue dans les secteurs de l<strong>alimentation<\/strong>, de la <strong>pharmaceutique<\/strong> et de la <strong>chimie<\/strong>, garantissant un enrobage uniforme et une finition lisse et brillante sur chaque article.<\/p>    <p class=\"translation-block\">Avec une capacit\u00e9 de production de <strong>30 \u00e0 300 kg\/h<\/strong>, cette machine offre \u00e0 la fois <strong>efficacit\u00e9 et qualit\u00e9 constante<\/strong>. Connue pour sa <strong>performance fiable<\/strong> et son <strong>op\u00e9ration automatique<\/strong>, la machine \u00e0 enrober les cacahu\u00e8tes est particuli\u00e8rement populaire dans le <strong>secteur de la fabrication de snacks<\/strong>, fournissant un enrobage pr\u00e9cis et uniforme pour les <strong>noix enrob\u00e9es de sucre<\/strong>, les <strong>fruits secs croustillants<\/strong> et les <strong>comprim\u00e9s pharmaceutiques<\/strong>.<\/p>    <figure class=\"wp-block-embed is-type-video is-provider-youtube wp-block-embed-youtube wp-embed-aspect-16-9 wp-has-aspect-ratio\"><div class=\"wp-block-embed__wrapper\"> <iframe loading=\"lazy\" title=\"Croustillant et irr\u00e9sistible : cr\u00e9er des cacahu\u00e8tes parfaitement enrob\u00e9es \u00e0 l&#039;aide de notre machine #machineenrobage #noix\" width=\"500\" height=\"281\" src=\"https:\/\/www.youtube.com\/embed\/bUvV7FmAzHU?feature=oembed\" frameborder=\"0\" allow=\"accelerometer; autoplay; clipboard-write; encrypted-media; gyroscope; picture-in-picture; web-share\" referrerpolicy=\"strict-origin-when-cross-origin\" allowfullscreen><\/iframe> <\/div><figcaption class=\"wp-element-caption\">Vid\u00e9o de fonctionnement de la machine \u00e0 enrober les cacahu\u00e8tes<\/figcaption><\/figure>    <h2 class=\"wp-block-heading\">avantages de la machine \u00e0 enrober les cacahu\u00e8tes<\/h2>    <div class=\"wp-block-media-text is-stacked-on-mobile\"><figure class=\"wp-block-media-text__media\"><img loading=\"lazy\" decoding=\"async\" width=\"720\" height=\"540\" src=\"https:\/\/topfoodmachine.com\/wp-content\/uploads\/2023\/11\/peanut-coating-production-line.webp\" alt=\"ligne de production d&#039;enrobage d&#039;arachide\" class=\"wp-image-1044 size-full\" srcset=\"https:\/\/topfoodmachine.com\/wp-content\/uploads\/2023\/11\/peanut-coating-production-line.webp 720w, https:\/\/topfoodmachine.com\/wp-content\/uploads\/2023\/11\/peanut-coating-production-line-300x225.webp 300w\" sizes=\"auto, (max-width: 720px) 100vw, 720px\" \/><\/figure><div class=\"wp-block-media-text__content\"> <ul class=\"wp-block-list\"> <li><strong>vitesse r\u00e9glable<\/strong>: contr\u00f4le pr\u00e9cis\u00e9ment la rotation pour un enrobage uniforme sur diff\u00e9rents mat\u00e9riaux et tailles de lots.<\/li>    <li><strong>Conception inclin\u00e9e<\/strong>: simplifie le chargement\/d\u00e9chargement tout en am\u00e9liorant la coh\u00e9rence de l'enrobage.<\/li>    <li><strong>Pulv\u00e9risation chronom\u00e9tr\u00e9e<\/strong>: garantit une application pr\u00e9cise et uniforme des saveurs gr\u00e2ce \u00e0 un minutage automatis\u00e9.<\/li>    <li><strong>Taille de tambour personnalisable<\/strong>: s'adapte aux besoins de production sp\u00e9cifiques, soutenant une production plus \u00e9lev\u00e9e si n\u00e9cessaire.<\/li> <\/ul> <\/div><\/div>    <h2 class=\"wp-block-heading\">Comment fonctionne la machine \u00e0 enrober les noix ?<\/h2>    <div class=\"wp-block-media-text has-media-on-the-right is-stacked-on-mobile\"><div class=\"wp-block-media-text__content\"> <ul class=\"wp-block-list\"> <li>La machine se compose d'un cadre, d'une bo\u00eete de vitesses, d'un pot \u00e0 enrober de sucre, d'un dispositif de chauffage et de composants \u00e9lectriques.<\/li>    <li>Le moteur entra\u00eene le pot \u00e0 sucre \u00e0 tourner gr\u00e2ce \u00e0 un m\u00e9canisme de vis et de roue \u00e0 vis.<\/li>    <li>\u00c0 mesure que le pot tourne, la force centrifuge fait tumbler les mat\u00e9riaux \u00e0 l'int\u00e9rieur du pot.<\/li>    <li>L'action de tumbling garantit un m\u00e9lange complet du sucre et des noix, r\u00e9sultant en un enrobage uniforme.<\/li>    <li>Le dispositif de chauffage soutient le processus d'enrobage en maintenant des conditions de temp\u00e9rature optimales.<\/li> <\/ul> <\/div><figure class=\"wp-block-media-text__media\"><img loading=\"lazy\" decoding=\"async\" width=\"720\" height=\"540\" src=\"https:\/\/topfoodmachine.com\/wp-content\/uploads\/2023\/11\/automatic-coating-machine.webp\" alt=\"machine de rev\u00eatement automatique\" class=\"wp-image-1043 size-full\" srcset=\"https:\/\/topfoodmachine.com\/wp-content\/uploads\/2023\/11\/automatic-coating-machine.webp 720w, https:\/\/topfoodmachine.com\/wp-content\/uploads\/2023\/11\/automatic-coating-machine-300x225.webp 300w\" sizes=\"auto, (max-width: 720px) 100vw, 720px\" \/><\/figure><\/div>    <h2 class=\"wp-block-heading\">Comment utiliser correctement la machine \u00e0 enrober les cacahu\u00e8tes ?<\/h2>    <div class=\"wp-block-media-text is-stacked-on-mobile\"><figure class=\"wp-block-media-text__media\"><img loading=\"lazy\" decoding=\"async\" width=\"720\" height=\"540\" src=\"https:\/\/topfoodmachine.com\/wp-content\/uploads\/2023\/11\/coating-machine-in-stock.webp\" alt=\"machine d&#039;enrobage en stock\" class=\"wp-image-1052 size-full\" srcset=\"https:\/\/topfoodmachine.com\/wp-content\/uploads\/2023\/11\/coating-machine-in-stock.webp 720w, https:\/\/topfoodmachine.com\/wp-content\/uploads\/2023\/11\/coating-machine-in-stock-300x225.webp 300w\" sizes=\"auto, (max-width: 720px) 100vw, 720px\" \/><\/figure><div class=\"wp-block-media-text__content\"> <ul class=\"wp-block-list\"> <li>Allumez l'alimentation \u00e9lectrique.<\/li>    <li>Connectez l'alimentation en air via le connecteur de tuyau d'air.<\/li>    <li>Ajoutez le liquide d'enrobage dans le cylindre liquide.<\/li>    <li>Ajustez la vitesse de fonctionnement du moteur principal.<\/li>    <li>Allumez l'interrupteur d'admission d'air pour activer le ventilateur d'admission d'air.<\/li>    <li>R\u00e9glez la temp\u00e9rature souhait\u00e9e sur le contr\u00f4leur de temp\u00e9rature ; le chauffage s'ajustera automatiquement en cons\u00e9quence.<\/li>    <li>Allumez l'interrupteur du pistolet \u00e0 pulv\u00e9riser pour commencer la pulv\u00e9risation.<\/li>    <li>D\u00e9marrez la machine et assurez-vous que le mat\u00e9riau est uniform\u00e9ment enrob\u00e9.<\/li> <\/ul> <\/div><\/div>    <h2 class=\"wp-block-heading\">Application de la machine d'enrobage d'arachide<\/h2>    <p class=\"translation-block\">La machine \u00e0 enrober les cacahu\u00e8tes peut produire une grande vari\u00e9t\u00e9 de cacahu\u00e8tes aromatis\u00e9es pour r\u00e9pondre aux demandes vari\u00e9es du march\u00e9. Des <strong>cacahu\u00e8tes enrob\u00e9es de chocolat<\/strong> classiques avec une couche ext\u00e9rieure lisse aux <strong>cacahu\u00e8tes sucr\u00e9es<\/strong> offrant un go\u00fbt sucr\u00e9, la machine garantit des r\u00e9sultats coh\u00e9rents. Elle permet \u00e9galement la production de <strong>cacahu\u00e8tes \u00e9pic\u00e9es<\/strong> et <strong>assaisonn\u00e9es<\/strong>, offrant des profils de saveurs audacieux ou complexes gr\u00e2ce \u00e0 des m\u00e9langes d'assaisonnement. <\/p>    <p class=\"translation-block\">Pour un enrobage plus riche, des options comme des <strong>cacahu\u00e8tes enrob\u00e9es de miel<\/strong> ou des <strong>cacahu\u00e8tes glac\u00e9es au sirop<\/strong> offrent une douceur naturelle, tandis que les <strong>cacahu\u00e8tes croustillantes<\/strong> ajoutent une texture croquante. De plus, la machine prend en charge les <strong>cacahu\u00e8tes fruit\u00e9es<\/strong>, utilisant du jus ou du sirop pour cr\u00e9er des collations vibrantes et aromatis\u00e9es.<\/p>    <figure class=\"wp-block-gallery has-nested-images columns-default is-cropped wp-block-gallery-2 is-layout-flex wp-block-gallery-is-layout-flex\"> <figure class=\"wp-block-image size-large\"><img loading=\"lazy\" decoding=\"async\" width=\"720\" height=\"540\" data-id=\"1046\" src=\"https:\/\/topfoodmachine.com\/wp-content\/uploads\/2023\/11\/peanuts-coated-chocolate.webp\" alt=\"chocolat enrob\u00e9 de cacahu\u00e8tes\" class=\"wp-image-1046\" srcset=\"https:\/\/topfoodmachine.com\/wp-content\/uploads\/2023\/11\/peanuts-coated-chocolate.webp 720w, https:\/\/topfoodmachine.com\/wp-content\/uploads\/2023\/11\/peanuts-coated-chocolate-300x225.webp 300w\" sizes=\"auto, (max-width: 720px) 100vw, 720px\" \/><figcaption class=\"wp-element-caption\">chocolat enrob\u00e9 de cacahu\u00e8tes<\/figcaption><\/figure>    <figure class=\"wp-block-image size-large\"><img loading=\"lazy\" decoding=\"async\" width=\"720\" height=\"540\" data-id=\"1045\" src=\"https:\/\/topfoodmachine.com\/wp-content\/uploads\/2023\/11\/coated-peanuts.webp\" alt=\"cacahu\u00e8tes enrob\u00e9es\" class=\"wp-image-1045\" srcset=\"https:\/\/topfoodmachine.com\/wp-content\/uploads\/2023\/11\/coated-peanuts.webp 720w, https:\/\/topfoodmachine.com\/wp-content\/uploads\/2023\/11\/coated-peanuts-300x225.webp 300w\" sizes=\"auto, (max-width: 720px) 100vw, 720px\" \/><figcaption class=\"wp-element-caption\">cacahu\u00e8tes enrob\u00e9es<\/figcaption><\/figure> <\/figure>    <h2 class=\"wp-block-heading\">Param\u00e8tres de la machine d'enrobage d'arachide<\/h2>    <figure class=\"wp-block-table\"><table><tbody><tr><td>Mod\u00e8le<\/td><td>TZ-400<\/td><td>TZ-600<\/td><td>TZ-800<\/td><td>TZ-1000<\/td><\/tr><tr><td>Diam\u00e8tre<\/td><td>400 mm<\/td><td>600mm<\/td><td>800mm<\/td><td>1000mm<\/td><\/tr><tr><td>Vitesse de rotation (r\/min)<\/td><td>41<\/td><td>41<\/td><td>32<\/td><td>28<\/td><\/tr><tr><td>Puissance du moteur principal (kw)<\/td><td>0.37<\/td><td>0.55<\/td><td>1.1<\/td><td>1.5<\/td><\/tr><tr><td>Puissance du souffleur (kw)<\/td><td>0.04<\/td><td>0.04<\/td><td>0.15<\/td><td>0.15<\/td><\/tr><tr><td>Puissance de chauffage \u00e9lectrique (kw)<\/td><td>1<\/td><td>1<\/td><td>1.5<\/td><td>1.5<\/td><\/tr><tr><td>Capacit\u00e9 (kg\/h)<\/td><td>30<\/td><td>50-80<\/td><td>100-200<\/td><td>200-300<\/td><\/tr><tr><td>Poids (kg)<\/td><td>90<\/td><td>95<\/td><td>230<\/td><td>250<\/td><\/tr><tr><td>Dimension(mm)<\/td><td>535*630*850<\/td><td>630*630*860<\/td><td>925*900*1500<\/td><td>1180*1000*1600<\/td><\/tr><\/tbody><\/table><figcaption class=\"wp-element-caption\">Param\u00e8tres de la machine \u00e0 enrober les cacahu\u00e8tes<\/figcaption><\/figure>    <h2 class=\"wp-block-heading\">Pourquoi nous choisir?<\/h2>    <div class=\"wp-block-media-text has-media-on-the-right is-stacked-on-mobile\"><div class=\"wp-block-media-text__content\"> <ul class=\"wp-block-list\"> <li><strong>Innovation et excellence<\/strong>: Leader en technologie et d\u00e9veloppement de saveurs pour vous garder en avance.<\/li>    <li><strong>\u00c9quipement fiable<\/strong>: Des machines haute performance garantissent une qualit\u00e9 constante.<\/li>    <li><strong>Soutien complet<\/strong>: Service apr\u00e8s-vente d\u00e9di\u00e9 pour une assistance continue.<\/li>    <li><strong>Engagement envers la qualit\u00e9<\/strong>: Con\u00e7u pour r\u00e9pondre \u00e0 des normes \u00e9lev\u00e9es et am\u00e9liorer l'attrait du produit.<\/li>    <li><strong>Partenariat durable<\/strong>Ax\u00e9 sur le succ\u00e8s \u00e0 long terme avec chaque client.<\/li> <\/ul> <\/div><figure class=\"wp-block-media-text__media\"><img loading=\"lazy\" decoding=\"async\" width=\"720\" height=\"540\" src=\"https:\/\/topfoodmachine.com\/wp-content\/uploads\/2023\/11\/coating-machine-for-sale.webp\" alt=\"machine de rev\u00eatement \u00e0 vendre\" class=\"wp-image-1047 size-full\" srcset=\"https:\/\/topfoodmachine.com\/wp-content\/uploads\/2023\/11\/coating-machine-for-sale.webp 720w, https:\/\/topfoodmachine.com\/wp-content\/uploads\/2023\/11\/coating-machine-for-sale-300x225.webp 300w\" sizes=\"auto, (max-width: 720px) 100vw, 720px\" \/><\/figure><\/div>    <h2 class=\"wp-block-heading\">Conclusion<\/h2>    <p class=\"translation-block\">En conclusion, notre <a href=\"https:\/\/en.wikipedia.org\/wiki\/Peanut\" data-type=\"link\" data-id=\"https:\/\/en.wikipedia.org\/wiki\/Peanut\" target=\"_blank\" rel=\"noopener\">machine de rev\u00eatement de cacahu\u00e8tes<\/a> offre des performances exceptionnelles, garantissant un rev\u00eatement uniforme et des r\u00e9sultats de haute qualit\u00e9 pour une vari\u00e9t\u00e9 de produits \u00e0 base de cacahu\u00e8tes. Que vous produisiez des cacahu\u00e8tes enrob\u00e9es de chocolat, \u00e9pic\u00e9es ou croustillantes, notre machine fournit des solutions fiables et efficaces pour r\u00e9pondre \u00e0 vos besoins de production. <\/p>    <p class=\"translation-block\">De plus, nous proposons une gamme d'autres machines de traitement des cacahu\u00e8tes, y compris des <a href=\"https:\/\/topfoodmachine.com\/fr\/product\/peanut-peeling-machine\/\" data-type=\"link\" data-id=\"https:\/\/topfoodmachine.com\/product\/peanut-peeling-machine\/\">Machines \u00e0 peler les cacahu\u00e8tes<\/a> et des <a href=\"https:\/\/topfoodmachine.com\/fr\/product\/peanut-roasting-machine\/\" data-type=\"link\" data-id=\"https:\/\/topfoodmachine.com\/product\/peanut-roasting-machine\/\">Machines \u00e0 r\u00f4tir les cacahu\u00e8tes<\/a>, pour soutenir chaque \u00e9tape de votre processus de production. N'h\u00e9sitez pas \u00e0 nous contacter pour plus d'informations ou pour demander des prix. Nous sommes impatients d'\u00eatre votre partenaire de confiance dans l'industrie du traitement des cacahu\u00e8tes.<\/p>    <figure class=\"wp-block-gallery has-nested-images columns-default is-cropped wp-block-gallery-3 is-layout-flex wp-block-gallery-is-layout-flex\"> <figure class=\"wp-block-image size-large\"><img loading=\"lazy\" decoding=\"async\" width=\"720\" height=\"540\" data-id=\"1027\" src=\"https:\/\/topfoodmachine.com\/wp-content\/uploads\/2023\/11\/peanut-wet-peeling-machine.webp\" alt=\"machine \u00e0 \u00e9plucher humide d&#039;arachide\" class=\"wp-image-1027\" srcset=\"https:\/\/topfoodmachine.com\/wp-content\/uploads\/2023\/11\/peanut-wet-peeling-machine.webp 720w, https:\/\/topfoodmachine.com\/wp-content\/uploads\/2023\/11\/peanut-wet-peeling-machine-300x225.webp 300w\" sizes=\"auto, (max-width: 720px) 100vw, 720px\" \/><figcaption class=\"wp-element-caption\">machine \u00e0 \u00e9plucher humide d'arachide<\/figcaption><\/figure>    <figure class=\"wp-block-image size-large\"><img loading=\"lazy\" decoding=\"async\" width=\"720\" height=\"540\" data-id=\"916\" src=\"https:\/\/topfoodmachine.com\/wp-content\/uploads\/2023\/11\/Peanut-roasting-machine.webp\" alt=\"Machine \u00e0 r\u00f4tir les cacahu\u00e8tes\" class=\"wp-image-916\" srcset=\"https:\/\/topfoodmachine.com\/wp-content\/uploads\/2023\/11\/Peanut-roasting-machine.webp 720w, https:\/\/topfoodmachine.com\/wp-content\/uploads\/2023\/11\/Peanut-roasting-machine-300x225.webp 300w\" sizes=\"auto, (max-width: 720px) 100vw, 720px\" \/><figcaption class=\"wp-element-caption\">Machine \u00e0 r\u00f4tir les cacahu\u00e8tes<\/figcaption><\/figure> <\/figure>","protected":false},"excerpt":{"rendered":"<p>La machine \u00e0 enrober les cacahu\u00e8tes peut enrober et polir une large gamme de produits, y compris des cacahu\u00e8tes, des noix de cajou, des haricots, des comprim\u00e9s, des bonbons, et plus encore.<\/p>","protected":false},"author":1,"featured_media":1042,"parent":0,"template":"","tags":[68,67,98],"product-type":[5],"class_list":["post-1041","product","type-product","status-publish","has-post-thumbnail","hentry","tag-groundnut","tag-peanut","tag-peanut-coating-machine","product-type-nuts-processing-machine"],"_links":{"self":[{"href":"https:\/\/topfoodmachine.com\/fr\/wp-json\/wp\/v2\/product\/1041","targetHints":{"allow":["GET"]}}],"collection":[{"href":"https:\/\/topfoodmachine.com\/fr\/wp-json\/wp\/v2\/product"}],"about":[{"href":"https:\/\/topfoodmachine.com\/fr\/wp-json\/wp\/v2\/types\/product"}],"author":[{"embeddable":true,"href":"https:\/\/topfoodmachine.com\/fr\/wp-json\/wp\/v2\/users\/1"}],"wp:featuredmedia":[{"embeddable":true,"href":"https:\/\/topfoodmachine.com\/fr\/wp-json\/wp\/v2\/media\/1042"}],"wp:attachment":[{"href":"https:\/\/topfoodmachine.com\/fr\/wp-json\/wp\/v2\/media?parent=1041"}],"wp:term":[{"taxonomy":"post_tag","embeddable":true,"href":"https:\/\/topfoodmachine.com\/fr\/wp-json\/wp\/v2\/tags?post=1041"},{"taxonomy":"product-type","embeddable":true,"href":"https:\/\/topfoodmachine.com\/fr\/wp-json\/wp\/v2\/product-type?post=1041"}],"curies":[{"name":"wp","href":"https:\/\/api.w.org\/{rel}","templated":true}]}}