{"id":1026,"date":"2023-11-27T10:25:37","date_gmt":"2023-11-27T02:25:37","guid":{"rendered":"https:\/\/topfoodmachine.com\/?post_type=product&#038;p=1026"},"modified":"2024-09-20T16:58:09","modified_gmt":"2024-09-20T08:58:09","slug":"peanut-peeling-machine","status":"publish","type":"product","link":"https:\/\/topfoodmachine.com\/fr\/product\/peanut-peeling-machine\/","title":{"rendered":"Machine \u00e0 \u00e9plucher les cacahu\u00e8tes"},"content":{"rendered":"<div class=\"kk-star-ratings kksr-auto kksr-align-left kksr-valign-top\"     data-payload='{&quot;align&quot;:&quot;left&quot;,&quot;id&quot;:&quot;1026&quot;,&quot;slug&quot;:&quot;default&quot;,&quot;valign&quot;:&quot;top&quot;,&quot;ignore&quot;:&quot;&quot;,&quot;reference&quot;:&quot;auto&quot;,&quot;class&quot;:&quot;&quot;,&quot;count&quot;:&quot;17&quot;,&quot;legendonly&quot;:&quot;&quot;,&quot;readonly&quot;:&quot;&quot;,&quot;score&quot;:&quot;4.5&quot;,&quot;starsonly&quot;:&quot;&quot;,&quot;best&quot;:&quot;5&quot;,&quot;gap&quot;:&quot;5&quot;,&quot;greet&quot;:&quot;Rate this product&quot;,&quot;legend&quot;:&quot;4.5\\\/5 - (17 votes)&quot;,&quot;size&quot;:&quot;24&quot;,&quot;title&quot;:&quot;Peanut peeling machine&quot;,&quot;width&quot;:&quot;128&quot;,&quot;_legend&quot;:&quot;{score}\\\/{best} - ({count} {votes})&quot;,&quot;font_factor&quot;:&quot;1.25&quot;}'>              <div class=\"kksr-stars\">      <div class=\"kksr-stars-inactive\">             <div class=\"kksr-star\" data-star=\"1\" style=\"padding-right: 5px\">               <div class=\"kksr-icon\" style=\"width: 24px; height: 24px;\"><\/div>         <\/div>             <div class=\"kksr-star\" data-star=\"2\" style=\"padding-right: 5px\">               <div class=\"kksr-icon\" style=\"width: 24px; height: 24px;\"><\/div>         <\/div>             <div class=\"kksr-star\" data-star=\"3\" style=\"padding-right: 5px\">               <div class=\"kksr-icon\" style=\"width: 24px; height: 24px;\"><\/div>         <\/div>             <div class=\"kksr-star\" data-star=\"4\" style=\"padding-right: 5px\">               <div class=\"kksr-icon\" style=\"width: 24px; height: 24px;\"><\/div>         <\/div>             <div class=\"kksr-star\" data-star=\"5\" style=\"padding-right: 5px\">               <div class=\"kksr-icon\" style=\"width: 24px; height: 24px;\"><\/div>         <\/div>     <\/div>      <div class=\"kksr-stars-active\" style=\"width: 128px;\">             <div class=\"kksr-star\" style=\"padding-right: 5px\">               <div class=\"kksr-icon\" style=\"width: 24px; height: 24px;\"><\/div>         <\/div>             <div class=\"kksr-star\" style=\"padding-right: 5px\">               <div class=\"kksr-icon\" style=\"width: 24px; height: 24px;\"><\/div>         <\/div>             <div class=\"kksr-star\" style=\"padding-right: 5px\">               <div class=\"kksr-icon\" style=\"width: 24px; height: 24px;\"><\/div>         <\/div>             <div class=\"kksr-star\" style=\"padding-right: 5px\">               <div class=\"kksr-icon\" style=\"width: 24px; height: 24px;\"><\/div>         <\/div>             <div class=\"kksr-star\" style=\"padding-right: 5px\">               <div class=\"kksr-icon\" style=\"width: 24px; height: 24px;\"><\/div>         <\/div>     <\/div> <\/div>                   <div class=\"kksr-legend\" style=\"font-size: 19.2px;\">             4,5\/5 - (17 votes)    <\/div>     <\/div>  <p>La machine \u00e0 \u00e9plucher les cacahu\u00e8tes de Taizy est disponible en deux types : \u00e9pluchage \u00e0 sec et \u00e9pluchage humide, con\u00e7ue pour r\u00e9pondre \u00e0 divers besoins de transformation. La machine \u00e0 \u00e9plucher humide utilise un rouleau souple en caoutchouc pur de haute qualit\u00e9, \u00e9liminant efficacement la peau rouge des cacahu\u00e8tes et convient \u00e0 divers mat\u00e9riaux, tels que les cacahu\u00e8tes et les f\u00e8ves larges.<\/p>    <p>La machine \u00e0 \u00e9plucher \u00e0 sec est id\u00e9ale pour enlever le manteau rouge des cacahu\u00e8tes, atteignant un taux d'\u00e9pluchage de plus de 97 %. Elle offre des temps de traitement courts et une haute efficacit\u00e9 de travail, ce qui en fait une machine indispensable dans le traitement approfondi des cacahu\u00e8tes.<\/p>    <figure class=\"wp-block-embed is-type-video is-provider-youtube wp-block-embed-youtube wp-embed-aspect-16-9 wp-has-aspect-ratio\"><div class=\"wp-block-embed__wrapper\"> <iframe loading=\"lazy\" title=\"Perfection des cacahu\u00e8tes : obtenir des r\u00e9sultats coh\u00e9rents avec notre machine \u00e0 \u00e9plucher de pointe #cacahu\u00e8tes\" width=\"500\" height=\"281\" src=\"https:\/\/www.youtube.com\/embed\/SPfiZD0FZFY?start=11&#038;feature=oembed\" frameborder=\"0\" allow=\"accelerometer; autoplay; clipboard-write; encrypted-media; gyroscope; picture-in-picture; web-share\" referrerpolicy=\"strict-origin-when-cross-origin\" allowfullscreen><\/iframe> <\/div><figcaption class=\"wp-element-caption\">vid\u00e9o de travail de l'\u00e9plucheuse de cacahu\u00e8tes<\/figcaption><\/figure>    <h2 class=\"wp-block-heading\">Machine \u00e0 \u00e9plucher les cacahu\u00e8tes \u00e0 sec<\/h2>    <p>La machine \u00e0 \u00e9plucher les cacahu\u00e8tes \u00e0 sec est un appareil tr\u00e8s efficace con\u00e7u pour enlever la peau rouge des cacahu\u00e8tes. Sa construction comprend plusieurs composants cl\u00e9s, tels qu'un dispositif d'alimentation (moteur, poulie, courroie et roulement), un cadre robuste, un entonnoir d'alimentation, un rouleau d'\u00e9pluchage (en acier ou en diamant) et un syst\u00e8me de ventilateur.<\/p>    <figure class=\"wp-block-gallery has-nested-images columns-default is-cropped wp-block-gallery-2 is-layout-flex wp-block-gallery-is-layout-flex\"> <figure class=\"wp-block-image size-large\"><img loading=\"lazy\" decoding=\"async\" width=\"720\" height=\"540\" data-id=\"1633\" src=\"https:\/\/topfoodmachine.com\/wp-content\/uploads\/2023\/11\/groundnut.webp\" alt=\"arachide\" class=\"wp-image-1633\" srcset=\"https:\/\/topfoodmachine.com\/wp-content\/uploads\/2023\/11\/groundnut.webp 720w, https:\/\/topfoodmachine.com\/wp-content\/uploads\/2023\/11\/groundnut-300x225.webp 300w, https:\/\/topfoodmachine.com\/wp-content\/uploads\/2023\/11\/groundnut-16x12.webp 16w\" sizes=\"auto, (max-width: 720px) 100vw, 720px\" \/><figcaption class=\"wp-element-caption\">arachide<\/figcaption><\/figure>    <figure class=\"wp-block-image size-large\"><img loading=\"lazy\" decoding=\"async\" width=\"720\" height=\"540\" data-id=\"1634\" src=\"https:\/\/topfoodmachine.com\/wp-content\/uploads\/2023\/11\/peanuts-1.webp\" alt=\"cacahu\u00e8tes\" class=\"wp-image-1634\" srcset=\"https:\/\/topfoodmachine.com\/wp-content\/uploads\/2023\/11\/peanuts-1.webp 720w, https:\/\/topfoodmachine.com\/wp-content\/uploads\/2023\/11\/peanuts-1-300x225.webp 300w, https:\/\/topfoodmachine.com\/wp-content\/uploads\/2023\/11\/peanuts-1-16x12.webp 16w\" sizes=\"auto, (max-width: 720px) 100vw, 720px\" \/><figcaption class=\"wp-element-caption\">cacahu\u00e8tes<\/figcaption><\/figure> <\/figure>    <h3 class=\"wp-block-heading\">Principe de fonctionnement<\/h3>    <p>La machine fonctionne selon le principe de transmission par friction de roulement diff\u00e9rentiel. Elle est optimis\u00e9e pour une utilisation avec des cacahu\u00e8tes ayant une teneur en humidit\u00e9 inf\u00e9rieure \u00e0 5 %, garantissant que les noix ne deviennent pas p\u00e2teuses pendant le traitement.<\/p>    <h3 class=\"wp-block-heading\">\u00c9tapes d'op\u00e9ration<\/h3>    <div class=\"wp-block-media-text has-media-on-the-right is-stacked-on-mobile\"><div class=\"wp-block-media-text__content\"> <ul class=\"wp-block-list\"> <li><strong>Alimentation<\/strong>. Les arachides sont charg\u00e9es dans la machine via l'entonnoir d'alimentation.<\/li>    <li><strong>Peeling<\/strong>. Au fur et \u00e0 mesure que les arachides avancent, elles sont frott\u00e9es contre le rouleau de pelage, s\u00e9parant efficacement la peau des grains.<\/li>    <li><strong>S\u00e9paration.<\/strong> Un syst\u00e8me de ventilateur \u00e9limine les peaux d'arachides d\u00e9tach\u00e9es, tandis qu'un tamis vibrant trie la sortie en grains d'arachides entiers, demi-grains et morceaux cass\u00e9s.<\/li> <\/ul> <\/div><figure class=\"wp-block-media-text__media\"><img loading=\"lazy\" decoding=\"async\" width=\"720\" height=\"540\" src=\"https:\/\/topfoodmachine.com\/wp-content\/uploads\/2023\/11\/peanut-peeling-machine-in-stock.webp\" alt=\"machine \u00e0 \u00e9plucher les cacahu\u00e8tes en stock\" class=\"wp-image-1028 size-full\" srcset=\"https:\/\/topfoodmachine.com\/wp-content\/uploads\/2023\/11\/peanut-peeling-machine-in-stock.webp 720w, https:\/\/topfoodmachine.com\/wp-content\/uploads\/2023\/11\/peanut-peeling-machine-in-stock-300x225.webp 300w\" sizes=\"auto, (max-width: 720px) 100vw, 720px\" \/><\/figure><\/div>    <h3 class=\"wp-block-heading\">Sec <a href=\"https:\/\/en.wikipedia.org\/wiki\/Groundnut\" data-type=\"link\" data-id=\"https:\/\/en.wikipedia.org\/wiki\/Groundnut\" target=\"_blank\" rel=\"noopener\">arachide<\/a> param\u00e8tres de la machine \u00e0 enlever la peau<\/h3>    <figure class=\"wp-block-table\"><table><tbody><tr><td>Mod\u00e8le<\/td><td>Pouvoir<\/td><td>Taille<\/td><td>Capacit\u00e9<\/td><td>Taux de pelage<\/td><\/tr><tr><td>TZ-GT-4<\/td><td>0,75 kW<\/td><td>1100x400x1100mm<\/td><td>200kg\/h<\/td><td>98%<\/td><\/tr><tr><td>TZ-GT-8<\/td><td>1,5KW<\/td><td>1100x600x1100mm<\/td><td>400kg\/heure<\/td><td>96%<\/td><\/tr><tr><td>TZ-GT-12<\/td><td>2,61 kW<\/td><td>1180x900x1100mm<\/td><td>600kg\/h<\/td><td>96%<\/td><\/tr><\/tbody><\/table><figcaption class=\"wp-element-caption\">param\u00e8tres de la machine \u00e0 \u00e9plucher les cacahu\u00e8tes<\/figcaption><\/figure>    <figure class=\"wp-block-gallery has-nested-images columns-default is-cropped wp-block-gallery-3 is-layout-flex wp-block-gallery-is-layout-flex\"> <figure class=\"wp-block-image size-large\"><img loading=\"lazy\" decoding=\"async\" width=\"720\" height=\"540\" data-id=\"1030\" src=\"https:\/\/topfoodmachine.com\/wp-content\/uploads\/2023\/11\/dry-peanut-peeler.webp\" alt=\"\u00e9plucheur d&#039;arachides s\u00e8ches\" class=\"wp-image-1030\" srcset=\"https:\/\/topfoodmachine.com\/wp-content\/uploads\/2023\/11\/dry-peanut-peeler.webp 720w, https:\/\/topfoodmachine.com\/wp-content\/uploads\/2023\/11\/dry-peanut-peeler-300x225.webp 300w\" sizes=\"auto, (max-width: 720px) 100vw, 720px\" \/><figcaption class=\"wp-element-caption\">\u00e9plucheur d'arachides s\u00e8ches<\/figcaption><\/figure>    <figure class=\"wp-block-image size-large\"><img loading=\"lazy\" decoding=\"async\" width=\"720\" height=\"540\" data-id=\"1029\" src=\"https:\/\/topfoodmachine.com\/wp-content\/uploads\/2023\/11\/details-of-peanut-peeler.webp\" alt=\"d\u00e9tails de l&#039;\u00e9plucheur d&#039;arachides\" class=\"wp-image-1029\" srcset=\"https:\/\/topfoodmachine.com\/wp-content\/uploads\/2023\/11\/details-of-peanut-peeler.webp 720w, https:\/\/topfoodmachine.com\/wp-content\/uploads\/2023\/11\/details-of-peanut-peeler-300x225.webp 300w\" sizes=\"auto, (max-width: 720px) 100vw, 720px\" \/><figcaption class=\"wp-element-caption\">d\u00e9tails de l'\u00e9plucheur d'arachides<\/figcaption><\/figure> <\/figure>    <h2 class=\"wp-block-heading\">Machine \u00e0 \u00e9plucher les cacahu\u00e8tes humides<\/h2>    <p>La machine \u00e0 \u00e9plucher les cacahu\u00e8tes humides est sp\u00e9cifiquement con\u00e7ue pour l'\u00e9limination efficace des peaux de cacahu\u00e8tes et d'amandes, utilisant un processus d'\u00e9pluchage sp\u00e9cialis\u00e9 qui garantit une haute qualit\u00e9 et un minimum de casse. <\/p>    <p>Cet \u00e9quipement fonctionne selon le principe de transmission par friction de roulement diff\u00e9rentiel, offrant une solution fiable pour le traitement des noix.<\/p>    <figure class=\"wp-block-gallery has-nested-images columns-default is-cropped wp-block-gallery-4 is-layout-flex wp-block-gallery-is-layout-flex\"> <figure class=\"wp-block-image size-large\"><img loading=\"lazy\" decoding=\"async\" width=\"720\" height=\"540\" data-id=\"1031\" src=\"https:\/\/topfoodmachine.com\/wp-content\/uploads\/2023\/11\/wet-peanut-peeler-machine.webp\" alt=\"machine \u00e0 \u00e9plucher les arachides humides\" class=\"wp-image-1031\" srcset=\"https:\/\/topfoodmachine.com\/wp-content\/uploads\/2023\/11\/wet-peanut-peeler-machine.webp 720w, https:\/\/topfoodmachine.com\/wp-content\/uploads\/2023\/11\/wet-peanut-peeler-machine-300x225.webp 300w\" sizes=\"auto, (max-width: 720px) 100vw, 720px\" \/><figcaption class=\"wp-element-caption\">machine \u00e0 \u00e9plucher les arachides humides<\/figcaption><\/figure>    <figure class=\"wp-block-image size-large\"><img loading=\"lazy\" decoding=\"async\" width=\"720\" height=\"540\" data-id=\"1032\" src=\"https:\/\/topfoodmachine.com\/wp-content\/uploads\/2023\/11\/wet-peanut-peeling-machine.webp\" alt=\"machine \u00e0 \u00e9plucher les arachides humides\" class=\"wp-image-1032\" srcset=\"https:\/\/topfoodmachine.com\/wp-content\/uploads\/2023\/11\/wet-peanut-peeling-machine.webp 720w, https:\/\/topfoodmachine.com\/wp-content\/uploads\/2023\/11\/wet-peanut-peeling-machine-300x225.webp 300w\" sizes=\"auto, (max-width: 720px) 100vw, 720px\" \/><figcaption class=\"wp-element-caption\">machine \u00e0 \u00e9plucher les arachides humides<\/figcaption><\/figure> <\/figure>    <h3 class=\"wp-block-heading\">Principe de fonctionnement<\/h3>    <ol class=\"wp-block-list\"> <li><strong>Trempage<\/strong>. Avant le pelage, les mati\u00e8res premi\u00e8res doivent \u00eatre tremp\u00e9es dans de l'eau chaude. Le temps et la temp\u00e9rature de trempage requis varient en fonction du type de noix.<\/li>    <li><strong>Alimentation<\/strong>. Apr\u00e8s le trempage, les amandes ou les arachides sont vers\u00e9es dans l'entonnoir, o\u00f9 elles sont vibr\u00e9es dans une roue en caoutchouc rotative, qui est fix\u00e9e avec trois rouleaux robustes.<\/li>    <li><strong>Processus de pelage.<\/strong> L'action de pelage est r\u00e9alis\u00e9e gr\u00e2ce \u00e0 une bande d'induction, une roue d'alimentation et un m\u00e9canisme d'imitation de rotation manuelle, garantissant un retrait efficace de la peau.<\/li>    <li><strong>D\u00e9charge<\/strong>. La roue de d\u00e9charge pousse les amandes pel\u00e9es dans l'entonnoir de d\u00e9charge, tandis que les peaux d'amande sont expuls\u00e9es par la roue en su\u00e8de.<\/li> <\/ol>    <figure class=\"wp-block-gallery has-nested-images columns-default is-cropped wp-block-gallery-5 is-layout-flex wp-block-gallery-is-layout-flex\"> <figure class=\"wp-block-image size-large\"><img loading=\"lazy\" decoding=\"async\" width=\"720\" height=\"540\" data-id=\"1635\" src=\"https:\/\/topfoodmachine.com\/wp-content\/uploads\/2023\/11\/groundnuts-1.webp\" alt=\"arachides\" class=\"wp-image-1635\" srcset=\"https:\/\/topfoodmachine.com\/wp-content\/uploads\/2023\/11\/groundnuts-1.webp 720w, https:\/\/topfoodmachine.com\/wp-content\/uploads\/2023\/11\/groundnuts-1-300x225.webp 300w, https:\/\/topfoodmachine.com\/wp-content\/uploads\/2023\/11\/groundnuts-1-16x12.webp 16w\" sizes=\"auto, (max-width: 720px) 100vw, 720px\" \/><figcaption class=\"wp-element-caption\">arachides<\/figcaption><\/figure>    <figure class=\"wp-block-image size-large\"><img loading=\"lazy\" decoding=\"async\" width=\"720\" height=\"540\" data-id=\"1636\" src=\"https:\/\/topfoodmachine.com\/wp-content\/uploads\/2023\/11\/peanut-1.webp\" alt=\"arachide\" class=\"wp-image-1636\" srcset=\"https:\/\/topfoodmachine.com\/wp-content\/uploads\/2023\/11\/peanut-1.webp 720w, https:\/\/topfoodmachine.com\/wp-content\/uploads\/2023\/11\/peanut-1-300x225.webp 300w, https:\/\/topfoodmachine.com\/wp-content\/uploads\/2023\/11\/peanut-1-16x12.webp 16w\" sizes=\"auto, (max-width: 720px) 100vw, 720px\" \/><figcaption class=\"wp-element-caption\">arachide<\/figcaption><\/figure> <\/figure>    <h3 class=\"wp-block-heading\">Param\u00e8tres de la machine \u00e0 \u00e9plucher les arachides humides<\/h3>    <figure class=\"wp-block-table\"><table><tbody><tr><td>Mod\u00e8le<\/td><td>Pouvoir<\/td><td>Taille<\/td><td>Capacit\u00e9<\/td><td>Taux de pelage<\/td><\/tr><tr><td>TZ-100<\/td><td>0,55 kW<\/td><td>1180*720*1100mm<\/td><td>120-150kg\/heure<\/td><td>98%<\/td><\/tr><tr><td>TZ-180<\/td><td>0,75 kW<\/td><td>1180*850*1100mm<\/td><td>200-250kg\/heure<\/td><td>96%<\/td><\/tr><\/tbody><\/table><figcaption class=\"wp-element-caption\">param\u00e8tres du removeur de peau de cacahu\u00e8te<\/figcaption><\/figure>    <h2 class=\"wp-block-heading\">Caract\u00e9ristiques de la machine \u00e0 \u00e9plucher les arachides<\/h2>    <div class=\"wp-block-media-text is-stacked-on-mobile\"><figure class=\"wp-block-media-text__media\"><img loading=\"lazy\" decoding=\"async\" width=\"720\" height=\"540\" src=\"https:\/\/topfoodmachine.com\/wp-content\/uploads\/2023\/11\/exported-peanut-peeler.webp\" alt=\"\u00e9plucheur d&#039;arachide export\u00e9\" class=\"wp-image-1033 size-full\" srcset=\"https:\/\/topfoodmachine.com\/wp-content\/uploads\/2023\/11\/exported-peanut-peeler.webp 720w, https:\/\/topfoodmachine.com\/wp-content\/uploads\/2023\/11\/exported-peanut-peeler-300x225.webp 300w\" sizes=\"auto, (max-width: 720px) 100vw, 720px\" \/><\/figure><div class=\"wp-block-media-text__content\"> <p class=\"translation-block\"><strong>Taux de casse faible.<\/strong> Le processus d'\u00e9pluchage humide minimise les dommages, ce qui donne des noix de qualit\u00e9 sup\u00e9rieure.<\/p>    <p class=\"translation-block\"><strong>Int\u00e9grit\u00e9 de la couleur et nutritionnelle.<\/strong> La couleur de surface des noix \u00e9pluch\u00e9es reste inchang\u00e9e, et les prot\u00e9ines essentielles sont pr\u00e9serv\u00e9es.<\/p>    <p class=\"translation-block\"><strong>S\u00e9paration automatique<\/strong>. La machine s\u00e9pare et d\u00e9charge efficacement les peaux et les noix automatiquement pendant le processus d'\u00e9pluchage.<\/p>    <p class=\"translation-block\"><strong>Compact et efficace.<\/strong> Sa petite taille, sa faible consommation d'\u00e9nergie et sa haute efficacit\u00e9 facilitent son utilisation.<\/p>    <p class=\"translation-block\"><strong>Performance fiable<\/strong>. La machine offre un fonctionnement stable, une s\u00e9curit\u00e9, une haute productivit\u00e9, d'excellents effets d'\u00e9pluchage et un faible taux de demi-grains.<\/p> <\/div><\/div>    <h2 class=\"wp-block-heading\">Applications de la machine \u00e0 \u00e9plucher les cacahu\u00e8tes<\/h2>    <p>La machine \u00e0 \u00e9plucher les cacahu\u00e8tes est tr\u00e8s polyvalente et trouve des applications dans diverses industries n\u00e9cessitant l'\u00e9pluchage efficace des noix et des l\u00e9gumineuses.<\/p>    <div class=\"wp-block-media-text has-media-on-the-right is-stacked-on-mobile\"><div class=\"wp-block-media-text__content\"> <ul class=\"wp-block-list\"> <li>Production de snacks. Id\u00e9al pour pr\u00e9parer des cacahu\u00e8tes et des amandes \u00e9pluch\u00e9es utilis\u00e9es dans divers snacks et aliments emball\u00e9s.<\/li>    <li>Fabrication de beurre de cacahu\u00e8te. Assure des cacahu\u00e8tes lisses et sans peau pour une production de beurre de cacahu\u00e8te de haute qualit\u00e9.<\/li>    <li>Boulangerie et confiserie. Fournit des noix parfaitement \u00e9pluch\u00e9es \u00e0 utiliser comme ingr\u00e9dients dans les produits de boulangerie et les confiseries.<\/li>    <li>Usines de transformation des noix. Utilis\u00e9es dans des installations \u00e0 grande \u00e9chelle pour g\u00e9rer le pelage en vrac des noix avec une grande efficacit\u00e9.<\/li> <\/ul> <\/div><figure class=\"wp-block-media-text__media\"><img loading=\"lazy\" decoding=\"async\" width=\"720\" height=\"540\" src=\"https:\/\/topfoodmachine.com\/wp-content\/uploads\/2023\/11\/dry-peanut-peeling-machine.webp\" alt=\"machine \u00e0 \u00e9plucher les arachides s\u00e8ches\" class=\"wp-image-1036 size-full\" srcset=\"https:\/\/topfoodmachine.com\/wp-content\/uploads\/2023\/11\/dry-peanut-peeling-machine.webp 720w, https:\/\/topfoodmachine.com\/wp-content\/uploads\/2023\/11\/dry-peanut-peeling-machine-300x225.webp 300w\" sizes=\"auto, (max-width: 720px) 100vw, 720px\" \/><\/figure><\/div>    <h2 class=\"wp-block-heading\">Investissez dans notre machine \u00e0 \u00e9plucher les cacahu\u00e8tes<\/h2>    <p>En conclusion, la machine \u00e0 \u00e9plucher les cacahu\u00e8tes offre une solution polyvalente et efficace pour le traitement des noix gr\u00e2ce \u00e0 son taux d'\u00e9pluchage \u00e9lev\u00e9, sa faible casse et sa capacit\u00e9 \u00e0 traiter divers mat\u00e9riaux comme les cacahu\u00e8tes, les amandes et les f\u00e8ves larges.  <\/p>    <p class=\"translation-block\">En plus de la machine \u00e0 \u00e9plucher les cacahu\u00e8tes, nous proposons \u00e9galement une gamme d'autres <a href=\"https:\/\/topfoodmachine.com\/fr\/products\/nuts-processing-machine\/\" data-type=\"link\" data-id=\"https:\/\/topfoodmachine.com\/products\/nuts-processing-machine\/\">machines de transformation des noix<\/a>, telles que des machines \u00e0 r\u00f4tir, offrant des solutions compl\u00e8tes pour rationaliser votre ligne de production tout en maintenant une haute qualit\u00e9 de produit.<\/p>    <figure class=\"wp-block-image size-full\"><img loading=\"lazy\" decoding=\"async\" width=\"720\" height=\"540\" src=\"https:\/\/topfoodmachine.com\/wp-content\/uploads\/2023\/11\/Peanut-roasting-machine.webp\" alt=\"Machine \u00e0 r\u00f4tir les cacahu\u00e8tes\" class=\"wp-image-916\" srcset=\"https:\/\/topfoodmachine.com\/wp-content\/uploads\/2023\/11\/Peanut-roasting-machine.webp 720w, https:\/\/topfoodmachine.com\/wp-content\/uploads\/2023\/11\/Peanut-roasting-machine-300x225.webp 300w\" sizes=\"auto, (max-width: 720px) 100vw, 720px\" \/><figcaption class=\"wp-element-caption\">Machine \u00e0 r\u00f4tir les cacahu\u00e8tes<\/figcaption><\/figure>    <p><\/p>","protected":false},"excerpt":{"rendered":"<p>La machine \u00e0 \u00e9plucher les cacahu\u00e8tes de Taizy est disponible en deux types : \u00e9pluchage \u00e0 sec et \u00e9pluchage humide, con\u00e7ue pour r\u00e9pondre \u00e0 divers besoins de transformation.<\/p>","protected":false},"author":1,"featured_media":1027,"parent":0,"template":"","tags":[67,86,85],"product-type":[5],"class_list":["post-1026","product","type-product","status-publish","has-post-thumbnail","hentry","tag-peanut","tag-peanut-peeler","tag-peanut-peeling-machine","product-type-nuts-processing-machine"],"_links":{"self":[{"href":"https:\/\/topfoodmachine.com\/fr\/wp-json\/wp\/v2\/product\/1026","targetHints":{"allow":["GET"]}}],"collection":[{"href":"https:\/\/topfoodmachine.com\/fr\/wp-json\/wp\/v2\/product"}],"about":[{"href":"https:\/\/topfoodmachine.com\/fr\/wp-json\/wp\/v2\/types\/product"}],"author":[{"embeddable":true,"href":"https:\/\/topfoodmachine.com\/fr\/wp-json\/wp\/v2\/users\/1"}],"wp:featuredmedia":[{"embeddable":true,"href":"https:\/\/topfoodmachine.com\/fr\/wp-json\/wp\/v2\/media\/1027"}],"wp:attachment":[{"href":"https:\/\/topfoodmachine.com\/fr\/wp-json\/wp\/v2\/media?parent=1026"}],"wp:term":[{"taxonomy":"post_tag","embeddable":true,"href":"https:\/\/topfoodmachine.com\/fr\/wp-json\/wp\/v2\/tags?post=1026"},{"taxonomy":"product-type","embeddable":true,"href":"https:\/\/topfoodmachine.com\/fr\/wp-json\/wp\/v2\/product-type?post=1026"}],"curies":[{"name":"wp","href":"https:\/\/api.w.org\/{rel}","templated":true}]}}