{"id":1009,"date":"2023-11-23T11:08:12","date_gmt":"2023-11-23T03:08:12","guid":{"rendered":"https:\/\/topfoodmachine.com\/?post_type=product&#038;p=1009"},"modified":"2023-11-23T11:08:13","modified_gmt":"2023-11-23T03:08:13","slug":"almond-shelling-machine","status":"publish","type":"product","link":"https:\/\/topfoodmachine.com\/fr\/product\/almond-shelling-machine\/","title":{"rendered":"Machine \u00e0 d\u00e9cortiquer les amandes"},"content":{"rendered":"<div class=\"kk-star-ratings kksr-auto kksr-align-left kksr-valign-top\"     data-payload='{&quot;align&quot;:&quot;left&quot;,&quot;id&quot;:&quot;1009&quot;,&quot;slug&quot;:&quot;default&quot;,&quot;valign&quot;:&quot;top&quot;,&quot;ignore&quot;:&quot;&quot;,&quot;reference&quot;:&quot;auto&quot;,&quot;class&quot;:&quot;&quot;,&quot;count&quot;:&quot;17&quot;,&quot;legendonly&quot;:&quot;&quot;,&quot;readonly&quot;:&quot;&quot;,&quot;score&quot;:&quot;4.7&quot;,&quot;starsonly&quot;:&quot;&quot;,&quot;best&quot;:&quot;5&quot;,&quot;gap&quot;:&quot;5&quot;,&quot;greet&quot;:&quot;Rate this product&quot;,&quot;legend&quot;:&quot;4.7\\\/5 - (17 votes)&quot;,&quot;size&quot;:&quot;24&quot;,&quot;title&quot;:&quot;Almond shelling machine&quot;,&quot;width&quot;:&quot;133.8&quot;,&quot;_legend&quot;:&quot;{score}\\\/{best} - ({count} {votes})&quot;,&quot;font_factor&quot;:&quot;1.25&quot;}'>              <div class=\"kksr-stars\">      <div class=\"kksr-stars-inactive\">             <div class=\"kksr-star\" data-star=\"1\" style=\"padding-right: 5px\">               <div class=\"kksr-icon\" style=\"width: 24px; height: 24px;\"><\/div>         <\/div>             <div class=\"kksr-star\" data-star=\"2\" style=\"padding-right: 5px\">               <div class=\"kksr-icon\" style=\"width: 24px; height: 24px;\"><\/div>         <\/div>             <div class=\"kksr-star\" data-star=\"3\" style=\"padding-right: 5px\">               <div class=\"kksr-icon\" style=\"width: 24px; height: 24px;\"><\/div>         <\/div>             <div class=\"kksr-star\" data-star=\"4\" style=\"padding-right: 5px\">               <div class=\"kksr-icon\" style=\"width: 24px; height: 24px;\"><\/div>         <\/div>             <div class=\"kksr-star\" data-star=\"5\" style=\"padding-right: 5px\">               <div class=\"kksr-icon\" style=\"width: 24px; height: 24px;\"><\/div>         <\/div>     <\/div>      <div class=\"kksr-stars-active\" style=\"width: 133.8px;\">             <div class=\"kksr-star\" style=\"padding-right: 5px\">               <div class=\"kksr-icon\" style=\"width: 24px; height: 24px;\"><\/div>         <\/div>             <div class=\"kksr-star\" style=\"padding-right: 5px\">               <div class=\"kksr-icon\" style=\"width: 24px; height: 24px;\"><\/div>         <\/div>             <div class=\"kksr-star\" style=\"padding-right: 5px\">               <div class=\"kksr-icon\" style=\"width: 24px; height: 24px;\"><\/div>         <\/div>             <div class=\"kksr-star\" style=\"padding-right: 5px\">               <div class=\"kksr-icon\" style=\"width: 24px; height: 24px;\"><\/div>         <\/div>             <div class=\"kksr-star\" style=\"padding-right: 5px\">               <div class=\"kksr-icon\" style=\"width: 24px; height: 24px;\"><\/div>         <\/div>     <\/div> <\/div>                   <div class=\"kksr-legend\" style=\"font-size: 19.2px;\">             4,7\/5 - (17 votes)    <\/div>     <\/div>  <p>Les amandes, r\u00e9put\u00e9es pour leur valeur nutritionnelle et leur polyvalence, sont depuis longtemps un aliment de base dans diverses cuisines et collations. Cependant, la t\u00e2che fastidieuse consistant \u00e0 d\u00e9cortiquer manuellement les amandes a pos\u00e9 des d\u00e9fis aussi bien aux producteurs qu'aux transformateurs.<\/p>    <p>Entrez dans la machine \u00e0 d\u00e9cortiquer les amandes \u2013 un \u00e9quipement sophistiqu\u00e9 con\u00e7u pour ouvrir efficacement les coquilles d'amandes, lib\u00e9rant ainsi les noyaux convoit\u00e9s \u00e0 l'int\u00e9rieur. Cette merveille automatis\u00e9e allie ing\u00e9nierie de pointe et pr\u00e9cision, garantissant un processus de d\u00e9corticage d'amandes fluide et \u00e0 haut rendement.<\/p>    <figure class=\"wp-block-image size-full\"><img loading=\"lazy\" decoding=\"async\" width=\"720\" height=\"540\" src=\"https:\/\/topfoodmachine.com\/wp-content\/uploads\/2023\/11\/Almond-shelling-machine-for-sale.webp\" alt=\"Machine \u00e0 d\u00e9cortiquer les amandes \u00e0 vendre\" class=\"wp-image-1011\" srcset=\"https:\/\/topfoodmachine.com\/wp-content\/uploads\/2023\/11\/Almond-shelling-machine-for-sale.webp 720w, https:\/\/topfoodmachine.com\/wp-content\/uploads\/2023\/11\/Almond-shelling-machine-for-sale-300x225.webp 300w\" sizes=\"auto, (max-width: 720px) 100vw, 720px\" \/><figcaption class=\"wp-element-caption\">Machine \u00e0 d\u00e9cortiquer les amandes \u00e0 vendre<\/figcaption><\/figure>    <h2 class=\"wp-block-heading\">Principaux avantages de la d\u00e9cortiqueuse d'amandes<\/h2>    <ol class=\"wp-block-list\"> <li><strong>Efficacit\u00e9 et rapidit\u00e9\u00a0:<\/strong> <ul class=\"wp-block-list\"> <li>La machine acc\u00e9l\u00e8re consid\u00e9rablement le processus de d\u00e9corticage des amandes, augmentant ainsi l'efficacit\u00e9 et le d\u00e9bit global.<\/li>    <li>Il peut traiter un grand volume d'amandes dans un temps relativement court, r\u00e9duisant ainsi le travail manuel et le temps de fonctionnement.<\/li> <\/ul> <\/li>    <li><strong>Bombardement de pr\u00e9cision\u00a0:<\/strong> <ul class=\"wp-block-list\"> <li>La machine \u00e0 d\u00e9cortiquer les amandes est con\u00e7ue pour la pr\u00e9cision, en cassant les coquilles d'amandes ouvertes sans endommager les noyaux \u00e0 l'int\u00e9rieur. Cela garantit un rendement \u00e9lev\u00e9 d\u2019amandes intactes.<\/li> <\/ul> <\/li>    <li><strong>Adaptabilit\u00e9:<\/strong> <ul class=\"wp-block-list\"> <li>La machine est con\u00e7ue pour s'adapter \u00e0 diff\u00e9rentes tailles et types d'amandes, offrant ainsi la flexibilit\u00e9 n\u00e9cessaire pour r\u00e9pondre aux divers besoins de l'industrie des amandes.<\/li>    <li>Les param\u00e8tres r\u00e9glables permettent aux op\u00e9rateurs de personnaliser la machine en fonction de vari\u00e9t\u00e9s d'amandes sp\u00e9cifiques, garantissant ainsi des r\u00e9sultats coh\u00e9rents et optimaux.<\/li> <\/ul> <\/li>    <li><strong>Optimisation des ressources\u00a0:<\/strong> <ul class=\"wp-block-list\"> <li>En automatisant le processus de d\u00e9corticage, la machine minimise les d\u00e9chets et optimise l'utilisation des ressources en amandes, contribuant ainsi \u00e0 un processus de production plus durable et plus rentable.<\/li> <\/ul> <\/li>    <li><strong>Rentabilit\u00e9\u00a0:<\/strong> <ul class=\"wp-block-list\"> <li>Bien que l'investissement initial puisse \u00eatre important, la rentabilit\u00e9 \u00e0 long terme de la machine \u00e0 d\u00e9cortiquer les amandes est r\u00e9alis\u00e9e gr\u00e2ce \u00e0 une efficacit\u00e9 accrue, une r\u00e9duction des co\u00fbts de main-d'\u0153uvre et une minimisation des d\u00e9chets.<\/li> <\/ul> <\/li>    <li><strong>Contribution \u00e0 la croissance de l'industrie\u00a0:<\/strong> <ul class=\"wp-block-list\"> <li>En rationalisant le processus de d\u00e9corticage des amandes, la machine contribue \u00e0 la croissance et au progr\u00e8s de l'industrie de transformation des amandes, r\u00e9pondant ainsi \u00e0 la demande mondiale croissante d'amandes.<\/li> <\/ul> <\/li> <\/ol>    <figure class=\"wp-block-image size-full\"><img loading=\"lazy\" decoding=\"async\" width=\"720\" height=\"540\" src=\"https:\/\/topfoodmachine.com\/wp-content\/uploads\/2023\/11\/Almond-shelling-machine-with-good-price.webp\" alt=\"Machine \u00e0 d\u00e9cortiquer les amandes \u00e0 bon prix\" class=\"wp-image-1012\" srcset=\"https:\/\/topfoodmachine.com\/wp-content\/uploads\/2023\/11\/Almond-shelling-machine-with-good-price.webp 720w, https:\/\/topfoodmachine.com\/wp-content\/uploads\/2023\/11\/Almond-shelling-machine-with-good-price-300x225.webp 300w\" sizes=\"auto, (max-width: 720px) 100vw, 720px\" \/><figcaption class=\"wp-element-caption\">Machine \u00e0 d\u00e9cortiquer les amandes \u00e0 bon prix<\/figcaption><\/figure>    <h2 class=\"wp-block-heading\">Application de la d\u00e9cortiqueuse d'amandes<\/h2>    <p>La machine \u00e0 d\u00e9cortiquer les amandes se distingue comme une solution polyvalente et compl\u00e8te pour le traitement des noix, capable de g\u00e9rer efficacement une large gamme de noix \u00e0 coque. Son adaptabilit\u00e9 va au-del\u00e0 des amandes, la rendant adapt\u00e9e au d\u00e9corticage de divers types de noix \u00e0 coque dure. La conception et la fonctionnalit\u00e9 de la machine permettent l'\u00e9limination efficace des coques d'une vari\u00e9t\u00e9 diversifi\u00e9e de noix, fournissant une solution polyvalente qui r\u00e9pond aux besoins de l'industrie de transformation des noix. <\/p>    <p>Qu'il s'agisse de noix de p\u00e9can, de noisettes ou d'autres noix \u00e0 coque dure similaires, cette machine \u00e0 d\u00e9cortiquer les amandes s'av\u00e8re \u00eatre un atout pr\u00e9cieux et adaptable, rationalisant le processus de d\u00e9corticage \u00e0 travers diff\u00e9rentes vari\u00e9t\u00e9s de noix. Son large champ d'application en fait un choix fiable pour les producteurs et les transformateurs \u00e0 la recherche d'une solution polyvalente et efficace pour les op\u00e9rations de d\u00e9corticage des noix.<\/p>    <figure class=\"wp-block-gallery has-nested-images columns-default is-cropped wp-block-gallery-2 is-layout-flex wp-block-gallery-is-layout-flex\"> <figure class=\"wp-block-image size-large\"><img loading=\"lazy\" decoding=\"async\" width=\"720\" height=\"540\" data-id=\"1015\" src=\"https:\/\/topfoodmachine.com\/wp-content\/uploads\/2023\/11\/details-of-Almond-shelling-machine.webp\" alt=\"d\u00e9tails de la machine \u00e0 d\u00e9cortiquer les amandes\" class=\"wp-image-1015\" srcset=\"https:\/\/topfoodmachine.com\/wp-content\/uploads\/2023\/11\/details-of-Almond-shelling-machine.webp 720w, https:\/\/topfoodmachine.com\/wp-content\/uploads\/2023\/11\/details-of-Almond-shelling-machine-300x225.webp 300w\" sizes=\"auto, (max-width: 720px) 100vw, 720px\" \/><figcaption class=\"wp-element-caption\">d\u00e9tails de la machine \u00e0 d\u00e9cortiquer les amandes<\/figcaption><\/figure>    <figure class=\"wp-block-image size-large\"><img loading=\"lazy\" decoding=\"async\" width=\"720\" height=\"540\" data-id=\"1016\" src=\"https:\/\/topfoodmachine.com\/wp-content\/uploads\/2023\/11\/structure-of-Almond-shelling-machine.webp\" alt=\"structure de la machine \u00e0 d\u00e9cortiquer les amandes\" class=\"wp-image-1016\" srcset=\"https:\/\/topfoodmachine.com\/wp-content\/uploads\/2023\/11\/structure-of-Almond-shelling-machine.webp 720w, https:\/\/topfoodmachine.com\/wp-content\/uploads\/2023\/11\/structure-of-Almond-shelling-machine-300x225.webp 300w\" sizes=\"auto, (max-width: 720px) 100vw, 720px\" \/><figcaption class=\"wp-element-caption\">structure de la machine \u00e0 d\u00e9cortiquer les amandes<\/figcaption><\/figure> <\/figure>    <h2 class=\"wp-block-heading\">Param\u00e8tres de la d\u00e9cortiqueuse d'amandes<\/h2>    <figure class=\"wp-block-table\"><table><tbody><tr><td>Mod\u00e8le<\/td><td>Capacit\u00e9<\/td><td>Pouvoir<\/td><td>Tension<\/td><td>Taille<\/td><\/tr><tr><td>TZ-AS-300<\/td><td>300-400kg\/heure<\/td><td>2,2 kW<\/td><td>220 V\/380 V<\/td><td>2*1*1,45m<\/td><\/tr><\/tbody><\/table><\/figure>    <h2 class=\"wp-block-heading\">\u00c9quipement de support pour d\u00e9cortiqueuse d'amandes<\/h2>    <p>La machine de s\u00e9paration joue un r\u00f4le crucial dans la cha\u00eene de transformation des amandes, constituant une \u00e9tape essentielle apr\u00e8s le processus de d\u00e9corticage des amandes. <\/p>    <p>Tirant parti de la disparit\u00e9 de densit\u00e9 et de vitesse entre les particules en suspension, coupl\u00e9e \u00e0 l'aide du flux d'air, cette machine s\u00e9pare efficacement les noyaux d'amandes de toutes les particules r\u00e9siduelles de coque. Fonctionnant sur les principes de s\u00e9paration physique, il garantit une distinction approfondie entre les grains et les coques restantes en utilisant une s\u00e9paration par gravit\u00e9 sp\u00e9cifique. <\/p>    <p>Avec des fonctionnalit\u00e9s telles que le fonctionnement automatis\u00e9, l'adaptabilit\u00e9 \u00e0 divers types d'amandes, l'optimisation des ressources et la facilit\u00e9 de maintenance, la machine de s\u00e9paration joue un r\u00f4le essentiel pour am\u00e9liorer l'efficacit\u00e9 de la production et garantir la qualit\u00e9 et la s\u00e9curit\u00e9 alimentaire des produits finaux \u00e0 base d'amandes.<\/p>    <figure class=\"wp-block-image size-full\"><img loading=\"lazy\" decoding=\"async\" width=\"720\" height=\"540\" src=\"https:\/\/topfoodmachine.com\/wp-content\/uploads\/2023\/11\/Separator-Machine.webp\" alt=\"Machine de s\u00e9paration\" class=\"wp-image-1017\" srcset=\"https:\/\/topfoodmachine.com\/wp-content\/uploads\/2023\/11\/Separator-Machine.webp 720w, https:\/\/topfoodmachine.com\/wp-content\/uploads\/2023\/11\/Separator-Machine-300x225.webp 300w\" sizes=\"auto, (max-width: 720px) 100vw, 720px\" \/><figcaption class=\"wp-element-caption\">Machine de s\u00e9paration<\/figcaption><\/figure>    <figure class=\"wp-block-table\"><table><tbody><tr><td>Mod\u00e8le<\/td><td>Capacit\u00e9<\/td><td>Pouvoir<\/td><td>Tension<\/td><td>Taille<\/td><\/tr><tr><td>TZ-SP-400<\/td><td>300-400kg\/heure<\/td><td>2,2 kW<\/td><td>50 Hz\/380 V<\/td><td>2,2*0,8*1,6m<\/td><\/tr><\/tbody><\/table><\/figure>    <h2 class=\"wp-block-heading\">Pourquoi choisir d'acheter notre d\u00e9cortiqueuse d'amandes ?<\/h2>    <p>En tant que fournisseur de machines \u00e0 d\u00e9cortiquer les amandes, notre entreprise occupe une position de leader sur le march\u00e9 gr\u00e2ce \u00e0 une gamme d'avantages notables. Tout d'abord, nous utilisons une technologie avanc\u00e9e et une ing\u00e9nierie de pr\u00e9cision dans la conception de nos machines \u00e0 d\u00e9cortiquer les amandes, garantissant un processus de d\u00e9corticage efficace et pr\u00e9cis qui am\u00e9liore l'efficacit\u00e9 de production de nos clients. <\/p>    <p>Avec des ann\u00e9es d\u2019exp\u00e9rience accumul\u00e9e et une connaissance approfondie du secteur, notre entreprise poss\u00e8de une compr\u00e9hension approfondie des besoins de nos clients, ce qui nous permet de fournir des solutions sur mesure qui r\u00e9pondent \u00e0 leurs exigences sp\u00e9cifiques. Nous accordons la priorit\u00e9 \u00e0 la personnalisation des clients, offrant la flexibilit\u00e9 n\u00e9cessaire pour personnaliser les machines \u00e0 d\u00e9cortiquer les amandes en fonction des demandes de production uniques de nos clients.<\/p>    <p>En r\u00e9sum\u00e9, en tirant parti d'une technologie de pointe, de l'exp\u00e9rience, de la personnalisation du client, d'un contr\u00f4le de qualit\u00e9 rigoureux et d'une innovation continue, notre soci\u00e9t\u00e9 fournit des machines \u00e0 d\u00e9cortiquer les amandes fiables et de haute qualit\u00e9, s'imposant comme un choix de confiance dans l'industrie.<\/p>    <figure class=\"wp-block-gallery has-nested-images columns-default is-cropped wp-block-gallery-3 is-layout-flex wp-block-gallery-is-layout-flex\"> <figure class=\"wp-block-image size-large\"><img loading=\"lazy\" decoding=\"async\" width=\"720\" height=\"540\" data-id=\"1014\" src=\"https:\/\/topfoodmachine.com\/wp-content\/uploads\/2023\/11\/automatic-Almond-shelling-machine.webp\" alt=\"d\u00e9cortiqueuse automatique d&#039;amandes\" class=\"wp-image-1014\" srcset=\"https:\/\/topfoodmachine.com\/wp-content\/uploads\/2023\/11\/automatic-Almond-shelling-machine.webp 720w, https:\/\/topfoodmachine.com\/wp-content\/uploads\/2023\/11\/automatic-Almond-shelling-machine-300x225.webp 300w\" sizes=\"auto, (max-width: 720px) 100vw, 720px\" \/><figcaption class=\"wp-element-caption\">d\u00e9cortiqueuse automatique d'amandes<\/figcaption><\/figure>    <figure class=\"wp-block-image size-large\"><img loading=\"lazy\" decoding=\"async\" width=\"720\" height=\"540\" data-id=\"1013\" src=\"https:\/\/topfoodmachine.com\/wp-content\/uploads\/2023\/11\/Almond-shelling-machine-in-stock.webp\" alt=\"Machine \u00e0 d\u00e9cortiquer les amandes en stock\" class=\"wp-image-1013\" srcset=\"https:\/\/topfoodmachine.com\/wp-content\/uploads\/2023\/11\/Almond-shelling-machine-in-stock.webp 720w, https:\/\/topfoodmachine.com\/wp-content\/uploads\/2023\/11\/Almond-shelling-machine-in-stock-300x225.webp 300w\" sizes=\"auto, (max-width: 720px) 100vw, 720px\" \/><figcaption class=\"wp-element-caption\">Machine \u00e0 d\u00e9cortiquer les amandes en stock<\/figcaption><\/figure> <\/figure>    <p><\/p>","protected":false},"excerpt":{"rendered":"<p>Entrez dans la machine \u00e0 d\u00e9cortiquer les amandes \u2013 un \u00e9quipement sophistiqu\u00e9 con\u00e7u pour casser efficacement et efficacement les coques d'amande, lib\u00e9rant les pr\u00e9cieuses amandes \u00e0 l'int\u00e9rieur. <\/p>","protected":false},"author":1,"featured_media":1010,"parent":0,"template":"","tags":[],"product-type":[5],"class_list":["post-1009","product","type-product","status-publish","has-post-thumbnail","hentry","product-type-nuts-processing-machine"],"_links":{"self":[{"href":"https:\/\/topfoodmachine.com\/fr\/wp-json\/wp\/v2\/product\/1009","targetHints":{"allow":["GET"]}}],"collection":[{"href":"https:\/\/topfoodmachine.com\/fr\/wp-json\/wp\/v2\/product"}],"about":[{"href":"https:\/\/topfoodmachine.com\/fr\/wp-json\/wp\/v2\/types\/product"}],"author":[{"embeddable":true,"href":"https:\/\/topfoodmachine.com\/fr\/wp-json\/wp\/v2\/users\/1"}],"wp:featuredmedia":[{"embeddable":true,"href":"https:\/\/topfoodmachine.com\/fr\/wp-json\/wp\/v2\/media\/1010"}],"wp:attachment":[{"href":"https:\/\/topfoodmachine.com\/fr\/wp-json\/wp\/v2\/media?parent=1009"}],"wp:term":[{"taxonomy":"post_tag","embeddable":true,"href":"https:\/\/topfoodmachine.com\/fr\/wp-json\/wp\/v2\/tags?post=1009"},{"taxonomy":"product-type","embeddable":true,"href":"https:\/\/topfoodmachine.com\/fr\/wp-json\/wp\/v2\/product-type?post=1009"}],"curies":[{"name":"wp","href":"https:\/\/api.w.org\/{rel}","templated":true}]}}