{"id":22,"date":"2022-07-12T03:24:52","date_gmt":"2022-07-12T03:24:52","guid":{"rendered":"https:\/\/topfoodmachine.com\/?page_id=22"},"modified":"2022-07-15T06:23:35","modified_gmt":"2022-07-15T06:23:35","slug":"about-us","status":"publish","type":"page","link":"https:\/\/topfoodmachine.com\/fr\/about-us\/","title":{"rendered":"\u00c0 propos de nous"},"content":{"rendered":"<div class=\"wp-block-columns is-layout-flex wp-container-core-columns-is-layout-28f84493 wp-block-columns-is-layout-flex\"> <div class=\"wp-block-column is-layout-flow wp-block-column-is-layout-flow\"> <figure class=\"wp-block-image size-full\"><img loading=\"lazy\" decoding=\"async\" width=\"1024\" height=\"684\" src=\"https:\/\/topfoodmachine.com\/wp-content\/uploads\/2022\/07\/taizy-factory.jpg\" alt=\"\" class=\"wp-image-63\" srcset=\"https:\/\/topfoodmachine.com\/wp-content\/uploads\/2022\/07\/taizy-factory.jpg 1024w, https:\/\/topfoodmachine.com\/wp-content\/uploads\/2022\/07\/taizy-factory-300x200.jpg 300w, https:\/\/topfoodmachine.com\/wp-content\/uploads\/2022\/07\/taizy-factory-768x513.jpg 768w\" sizes=\"auto, (max-width: 1024px) 100vw, 1024px\" \/><\/figure> <\/div>    <div class=\"wp-block-column is-vertically-aligned-center is-layout-flow wp-block-column-is-layout-flow\"> <p>Taizy Machinery Co., Ltd de Chine est une grande entreprise int\u00e9gr\u00e9e \u00e0 la fabrication et au commerce de mani\u00e8re ind\u00e9pendante, qui poss\u00e8de une \u00e9quipe de techniciens professionnels, un atelier de fabrication moderne et la derni\u00e8re technologie de transformation des aliments. Nous nous consacrons aux pratiques durables et anticipons les besoins de nos clients en termes de produits de qualit\u00e9 et de services fiables avec les meilleures solutions et innovations d'ing\u00e9nierie. Situ\u00e9 \u00e0 l'est de la belle ville de Zhengzhou, nous sommes \u00e0 proximit\u00e9 de la gare ferroviaire \u00e0 grande vitesse et de l'a\u00e9roport, il est tr\u00e8s pratique pour les clients de visiter notre usine. Jusqu'\u00e0 pr\u00e9sent, nos machines de transformation des aliments et toutes sortes de lignes de production alimentaire ont \u00e9t\u00e9 export\u00e9es vers plus de 80 pays et r\u00e9gions du monde, tels que la Russie, l'Arabie Saoudite, Isra\u00ebl, le Ghana, le Soudan, Singapour, la Malaisie, le Nigeria, le N\u00e9pal et le Bangladesh. , Sri Lanka, Pays-Bas, Kazakhstan, Australie, \u00c9tats-Unis, Br\u00e9sil, Cuba, Colombie, Chili, Mexique, Venezuela, P\u00e9rou, Philippines, Afrique du Sud, Turquie, etc.<\/p> <\/div> <\/div>    <div class=\"wp-block-columns is-layout-flex wp-container-core-columns-is-layout-28f84493 wp-block-columns-is-layout-flex\"> <div class=\"wp-block-column is-vertically-aligned-center is-layout-flow wp-block-column-is-layout-flow\"> <p class=\"translation-block\">En adh\u00e9rant au principe de gestion scientifique, d'honn\u00eatet\u00e9 et de cr\u00e9dit, notre usine a pass\u00e9 les certifications SGS, ISO, BV et CE, etc. Taizy food machinery est sp\u00e9cialis\u00e9e dans la fabrication de tous types d'\u00e9quipements de production et de transformation alimentaire de haute qualit\u00e9, avec un bon aspect et \u00e9conomes en \u00e9nergie. Nos principaux produits incluent les machines de transformation des fruits et l\u00e9gumes, les machines de production de p\u00e2tisseries, les machines de transformation des noix, les machines de production de collations, les machines de transformation des \u0153ufs et de la viande, et les machines d'emballage alimentaire. De plus, nous fournissons \u00e9galement une s\u00e9rie de lignes de transformation alimentaire enti\u00e8rement automatiques ou semi-automatiques pour nos clients, et nous pouvons m\u00eame personnaliser les lignes de transformation alimentaire les plus appropri\u00e9es pour les utilisateurs qui souhaitent d\u00e9marrer une nouvelle entreprise dans l'industrie de la fabrication alimentaire. Nous vous accueillons sinc\u00e8rement pour consulter notre <a href=\"https:\/\/topfoodmachine.com\/fr\/\">machine alimentaire<\/a> et pour visiter notre usine d'\u00e9quipements alimentaires.<\/p> <\/div>    <div class=\"wp-block-column is-layout-flow wp-block-column-is-layout-flow\"> <figure class=\"wp-block-image size-full\"><img loading=\"lazy\" decoding=\"async\" width=\"720\" height=\"540\" src=\"https:\/\/topfoodmachine.com\/wp-content\/uploads\/2022\/07\/Taizy-team.jpg\" alt=\"L&#039;\u00e9quipe Taizy\" class=\"wp-image-78\" srcset=\"https:\/\/topfoodmachine.com\/wp-content\/uploads\/2022\/07\/Taizy-team.jpg 720w, https:\/\/topfoodmachine.com\/wp-content\/uploads\/2022\/07\/Taizy-team-300x225.jpg 300w\" sizes=\"auto, (max-width: 720px) 100vw, 720px\" \/><\/figure> <\/div> <\/div>    <h2 class=\"has-text-align-center wp-block-heading\">Nos produits<\/h2>    <p>En tant que fabricant et exportateur leader d\u2019\u00e9quipements de transformation alimentaire, nous proposons une gamme compl\u00e8te de machines de production et de transformation alimentaire. Nos produits couvrent diverses machines de transformation de fruits et l\u00e9gumes de qualit\u00e9, des machines \u00e0 frire, des machines de traitement de noix, des machines de production de p\u00e2tisserie, des machines de traitement de viande et d'\u0153ufs et des machines d'emballage alimentaire. Toutes nos machines b\u00e9n\u00e9ficient d'excellentes performances, d'un bon prix et d'un service intime. En outre, nous disposons d\u2019un personnel extr\u00eamement qualifi\u00e9 pour garantir une qualit\u00e9 \u00e9lev\u00e9e et une livraison rapide. De plus, nos machines alimentaires ont \u00e9t\u00e9 export\u00e9es avec succ\u00e8s dans plus de 80 pays et r\u00e9gions. Et nous entretenons des relations commerciales tr\u00e8s \u00e9troites et \u00e0 long terme avec de nombreux clients \u00e0 travers le monde. <\/p>    <div class=\"wp-block-columns is-layout-flex wp-container-core-columns-is-layout-28f84493 wp-block-columns-is-layout-flex\"> <div class=\"wp-block-column is-layout-flow wp-block-column-is-layout-flow\"> <figure class=\"wp-block-gallery has-nested-images columns-default is-cropped wp-block-gallery-2 is-layout-flex wp-block-gallery-is-layout-flex\"> <figure class=\"wp-block-image size-full\"><a href=\"https:\/\/topfoodmachine.com\/fr\/products\/pastry-production-machine\/\"><img loading=\"lazy\" decoding=\"async\" width=\"720\" height=\"540\" data-id=\"54\" src=\"https:\/\/topfoodmachine.com\/wp-content\/uploads\/2022\/07\/spring-roll-making-machine.png\" alt=\"machine \u00e0 fabriquer des rouleaux de printemps\" class=\"wp-image-54\" srcset=\"https:\/\/topfoodmachine.com\/wp-content\/uploads\/2022\/07\/spring-roll-making-machine.png 720w, https:\/\/topfoodmachine.com\/wp-content\/uploads\/2022\/07\/spring-roll-making-machine-300x225.png 300w\" sizes=\"auto, (max-width: 720px) 100vw, 720px\" \/><\/a><figcaption>Ligne de production de p\u00e2tisseries<\/figcaption><\/figure> <\/figure> <\/div>    <div class=\"wp-block-column is-layout-flow wp-block-column-is-layout-flow\"> <figure class=\"wp-block-gallery has-nested-images columns-default is-cropped wp-block-gallery-3 is-layout-flex wp-block-gallery-is-layout-flex\"> <figure class=\"wp-block-image size-full\"><a href=\"https:\/\/topfoodmachine.com\/fr\/products\/frying-equipment\/\"><img loading=\"lazy\" decoding=\"async\" width=\"720\" height=\"540\" data-id=\"59\" src=\"https:\/\/topfoodmachine.com\/wp-content\/uploads\/2022\/07\/french-fries-production-line.png\" alt=\"ligne de production de frites\" class=\"wp-image-59\" srcset=\"https:\/\/topfoodmachine.com\/wp-content\/uploads\/2022\/07\/french-fries-production-line.png 720w, https:\/\/topfoodmachine.com\/wp-content\/uploads\/2022\/07\/french-fries-production-line-300x225.png 300w\" sizes=\"auto, (max-width: 720px) 100vw, 720px\" \/><\/a><figcaption>\u00c9quipement de friture<\/figcaption><\/figure> <\/figure> <\/div>    <div class=\"wp-block-column is-layout-flow wp-block-column-is-layout-flow\"> <figure class=\"wp-block-gallery has-nested-images columns-default is-cropped wp-block-gallery-4 is-layout-flex wp-block-gallery-is-layout-flex\"> <figure class=\"wp-block-image size-full\"><a href=\"https:\/\/topfoodmachine.com\/fr\/products\/egg-meat-processing-machine\/\"><img loading=\"lazy\" decoding=\"async\" width=\"720\" height=\"540\" data-id=\"88\" src=\"https:\/\/topfoodmachine.com\/wp-content\/uploads\/2022\/07\/egg-grading-machine-1.png\" alt=\"\" class=\"wp-image-88\" srcset=\"https:\/\/topfoodmachine.com\/wp-content\/uploads\/2022\/07\/egg-grading-machine-1.png 720w, https:\/\/topfoodmachine.com\/wp-content\/uploads\/2022\/07\/egg-grading-machine-1-300x225.png 300w\" sizes=\"auto, (max-width: 720px) 100vw, 720px\" \/><\/a><figcaption>Machine de transformation de la viande et des \u0153ufs<\/figcaption><\/figure> <\/figure> <\/div> <\/div>    <div class=\"wp-block-columns is-layout-flex wp-container-core-columns-is-layout-28f84493 wp-block-columns-is-layout-flex\"> <div class=\"wp-block-column is-layout-flow wp-block-column-is-layout-flow\"> <figure class=\"wp-block-gallery has-nested-images columns-default is-cropped wp-block-gallery-5 is-layout-flex wp-block-gallery-is-layout-flex\"> <figure class=\"wp-block-image size-full\"><a href=\"https:\/\/topfoodmachine.com\/fr\/products\/nuts-processing-machine\/\"><img loading=\"lazy\" decoding=\"async\" width=\"720\" height=\"540\" data-id=\"62\" src=\"https:\/\/topfoodmachine.com\/wp-content\/uploads\/2022\/07\/peanut-butter-making-machine.webp\" alt=\"Machine de fabrication de beurre de cacahu\u00e8te\" class=\"wp-image-62\" srcset=\"https:\/\/topfoodmachine.com\/wp-content\/uploads\/2022\/07\/peanut-butter-making-machine.webp 720w, https:\/\/topfoodmachine.com\/wp-content\/uploads\/2022\/07\/peanut-butter-making-machine-300x225.webp 300w\" sizes=\"auto, (max-width: 720px) 100vw, 720px\" \/><\/a><figcaption>Machine de transformation des noix<\/figcaption><\/figure> <\/figure> <\/div>    <div class=\"wp-block-column is-layout-flow wp-block-column-is-layout-flow\"> <figure class=\"wp-block-gallery has-nested-images columns-default is-cropped wp-block-gallery-6 is-layout-flex wp-block-gallery-is-layout-flex\"> <figure class=\"wp-block-image size-full\"><a href=\"https:\/\/topfoodmachine.com\/fr\/products\/food-packaging-machine\/\"><img loading=\"lazy\" decoding=\"async\" width=\"720\" height=\"540\" data-id=\"58\" src=\"https:\/\/topfoodmachine.com\/wp-content\/uploads\/2022\/07\/multihead-weigher-packing-machine.png\" alt=\"machine \u00e0 emballer de peseuse associative\" class=\"wp-image-58\" srcset=\"https:\/\/topfoodmachine.com\/wp-content\/uploads\/2022\/07\/multihead-weigher-packing-machine.png 720w, https:\/\/topfoodmachine.com\/wp-content\/uploads\/2022\/07\/multihead-weigher-packing-machine-300x225.png 300w\" sizes=\"auto, (max-width: 720px) 100vw, 720px\" \/><\/a><figcaption>machine d'emballage alimentaire<\/figcaption><\/figure> <\/figure> <\/div>    <div class=\"wp-block-column is-layout-flow wp-block-column-is-layout-flow\"> <figure class=\"wp-block-gallery has-nested-images columns-default is-cropped wp-block-gallery-7 is-layout-flex wp-block-gallery-is-layout-flex\"> <figure class=\"wp-block-image size-full\"><a href=\"https:\/\/topfoodmachine.com\/fr\/products\/fruit-vegetable-processing-machine\/\"><img loading=\"lazy\" decoding=\"async\" width=\"720\" height=\"540\" data-id=\"60\" src=\"https:\/\/topfoodmachine.com\/wp-content\/uploads\/2022\/07\/vegetable-washing-machine.png\" alt=\"machine \u00e0 laver les l\u00e9gumes\" class=\"wp-image-60\" srcset=\"https:\/\/topfoodmachine.com\/wp-content\/uploads\/2022\/07\/vegetable-washing-machine.png 720w, https:\/\/topfoodmachine.com\/wp-content\/uploads\/2022\/07\/vegetable-washing-machine-300x225.png 300w\" sizes=\"auto, (max-width: 720px) 100vw, 720px\" \/><\/a><figcaption>Machine de transformation des fruits et l\u00e9gumes<\/figcaption><\/figure> <\/figure> <\/div> <\/div>    <div class=\"wp-block-buttons is-layout-flex wp-block-buttons-is-layout-flex\"> <div class=\"wp-block-button aligncenter has-custom-font-size has-small-font-size\"><a class=\"wp-block-button__link has-vivid-red-background-color has-background\" href=\"https:\/\/topfoodmachine.com\/fr\/product\/\" style=\"border-radius:6px\" target=\"_blank\" rel=\"noreferrer noopener\"><strong>Voir tous les produits<\/strong><\/a><\/div> <\/div>","protected":false},"excerpt":{"rendered":"<p>Taizy Machinery Co., Ltd of China is a big enterprise that is integrated with manufacturing and trading independently, which owns professional technicians&#8217; team, a modern manufacturing workshop, and the newest food processing technology. We are devoted to sustainable practices and anticipates the need of our customers in terms of quality products and reliable services with [&hellip;]<\/p>\n","protected":false},"author":1,"featured_media":0,"parent":0,"menu_order":0,"comment_status":"closed","ping_status":"closed","template":"","meta":{"footnotes":""},"class_list":["post-22","page","type-page","status-publish","hentry"],"_links":{"self":[{"href":"https:\/\/topfoodmachine.com\/fr\/wp-json\/wp\/v2\/pages\/22","targetHints":{"allow":["GET"]}}],"collection":[{"href":"https:\/\/topfoodmachine.com\/fr\/wp-json\/wp\/v2\/pages"}],"about":[{"href":"https:\/\/topfoodmachine.com\/fr\/wp-json\/wp\/v2\/types\/page"}],"author":[{"embeddable":true,"href":"https:\/\/topfoodmachine.com\/fr\/wp-json\/wp\/v2\/users\/1"}],"replies":[{"embeddable":true,"href":"https:\/\/topfoodmachine.com\/fr\/wp-json\/wp\/v2\/comments?post=22"}],"version-history":[{"count":0,"href":"https:\/\/topfoodmachine.com\/fr\/wp-json\/wp\/v2\/pages\/22\/revisions"}],"wp:attachment":[{"href":"https:\/\/topfoodmachine.com\/fr\/wp-json\/wp\/v2\/media?parent=22"}],"curies":[{"name":"wp","href":"https:\/\/api.w.org\/{rel}","templated":true}]}}