{"id":971,"date":"2023-11-17T14:37:07","date_gmt":"2023-11-17T06:37:07","guid":{"rendered":"https:\/\/topfoodmachine.com\/?post_type=product&#038;p=971"},"modified":"2023-11-21T17:53:41","modified_gmt":"2023-11-21T09:53:41","slug":"hazelnut-cracking-processing-line","status":"publish","type":"product","link":"https:\/\/topfoodmachine.com\/es\/product\/hazelnut-cracking-processing-line\/","title":{"rendered":"L\u00ednea de procesamiento de craqueo de avellanas"},"content":{"rendered":"<div class=\"kk-star-ratings kksr-auto kksr-align-left kksr-valign-top\"     data-payload='{&quot;align&quot;:&quot;left&quot;,&quot;id&quot;:&quot;971&quot;,&quot;slug&quot;:&quot;default&quot;,&quot;valign&quot;:&quot;top&quot;,&quot;ignore&quot;:&quot;&quot;,&quot;reference&quot;:&quot;auto&quot;,&quot;class&quot;:&quot;&quot;,&quot;count&quot;:&quot;21&quot;,&quot;legendonly&quot;:&quot;&quot;,&quot;readonly&quot;:&quot;&quot;,&quot;score&quot;:&quot;4.6&quot;,&quot;starsonly&quot;:&quot;&quot;,&quot;best&quot;:&quot;5&quot;,&quot;gap&quot;:&quot;5&quot;,&quot;greet&quot;:&quot;Rate this product&quot;,&quot;legend&quot;:&quot;4.6\\\/5 - (21 votos)&quot;,&quot;size&quot;:&quot;24&quot;,&quot;title&quot;:&quot;Hazelnut cracking processing line&quot;,&quot;width&quot;:&quot;130.9&quot;,&quot;_legend&quot;:&quot;{score}\\\/{best} - ({count} {votes})&quot;,&quot;font_factor&quot;:&quot;1.25&quot;}'>              <div class=\"kksr-stars\">      <div class=\"kksr-stars-inactive\">             <div class=\"kksr-star\" data-star=\"1\" style=\"padding-right: 5px\">               <div class=\"kksr-icon\" style=\"width: 24px; height: 24px;\"><\/div>         <\/div>             <div class=\"kksr-star\" data-star=\"2\" style=\"padding-right: 5px\">               <div class=\"kksr-icon\" style=\"width: 24px; height: 24px;\"><\/div>         <\/div>             <div class=\"kksr-star\" data-star=\"3\" style=\"padding-right: 5px\">               <div class=\"kksr-icon\" style=\"width: 24px; height: 24px;\"><\/div>         <\/div>             <div class=\"kksr-star\" data-star=\"4\" style=\"padding-right: 5px\">               <div class=\"kksr-icon\" style=\"width: 24px; height: 24px;\"><\/div>         <\/div>             <div class=\"kksr-star\" data-star=\"5\" style=\"padding-right: 5px\">               <div class=\"kksr-icon\" style=\"width: 24px; height: 24px;\"><\/div>         <\/div>     <\/div>      <div class=\"kksr-stars-active\" style=\"width: 130.9px;\">             <div class=\"kksr-star\" style=\"padding-right: 5px\">               <div class=\"kksr-icon\" style=\"width: 24px; height: 24px;\"><\/div>         <\/div>             <div class=\"kksr-star\" style=\"padding-right: 5px\">               <div class=\"kksr-icon\" style=\"width: 24px; height: 24px;\"><\/div>         <\/div>             <div class=\"kksr-star\" style=\"padding-right: 5px\">               <div class=\"kksr-icon\" style=\"width: 24px; height: 24px;\"><\/div>         <\/div>             <div class=\"kksr-star\" style=\"padding-right: 5px\">               <div class=\"kksr-icon\" style=\"width: 24px; height: 24px;\"><\/div>         <\/div>             <div class=\"kksr-star\" style=\"padding-right: 5px\">               <div class=\"kksr-icon\" style=\"width: 24px; height: 24px;\"><\/div>         <\/div>     <\/div> <\/div>                   <div class=\"kksr-legend\" style=\"font-size: 19.2px;\">             4,6\/5 - (21 votos)    <\/div>     <\/div>  <p>La l\u00ednea de procesamiento de craqueo de avellanas es un sistema de producci\u00f3n avanzado dise\u00f1ado espec\u00edficamente para el craqueo de avellanas. Al integrar a la perfecci\u00f3n componentes clave como la m\u00e1quina elevadora, la m\u00e1quina para abrir avellanas y el transportador de descarga, esta l\u00ednea de producci\u00f3n logra un flujo de trabajo de procesamiento de avellanas eficiente y automatizado. <\/p>    <p>Desde levantar las avellanas crudas hasta la apertura precisa de las c\u00e1scaras y el transporte suave a las etapas de procesamiento posteriores, la l\u00ednea de procesamiento de apertura de avellanas no solo mejora la eficiencia de la producci\u00f3n sino que tambi\u00e9n reduce los costos de mano de obra, brindando productividad excepcional y mejoras de calidad a la industria de procesamiento de avellanas.<\/p>    <figure class=\"wp-block-image size-full\"><img loading=\"lazy\" decoding=\"async\" width=\"720\" height=\"540\" src=\"https:\/\/topfoodmachine.com\/wp-content\/uploads\/2023\/11\/Hazelnut-cracking-processing-line-1.webp\" alt=\"L\u00ednea de procesamiento de craqueo de avellanas\" class=\"wp-image-973\" srcset=\"https:\/\/topfoodmachine.com\/wp-content\/uploads\/2023\/11\/Hazelnut-cracking-processing-line-1.webp 720w, https:\/\/topfoodmachine.com\/wp-content\/uploads\/2023\/11\/Hazelnut-cracking-processing-line-1-300x225.webp 300w\" sizes=\"auto, (max-width: 720px) 100vw, 720px\" \/><figcaption class=\"wp-element-caption\">L\u00ednea de procesamiento de craqueo de avellanas<\/figcaption><\/figure>    <h2 class=\"wp-block-heading\">Ventajas clave de la l\u00ednea de procesamiento de galletas de avellanas<\/h2>    <ol class=\"wp-block-list\"> <li><strong>Precisi\u00f3n en el Cracking:<\/strong> El cascador de avellanas dentro de la l\u00ednea de procesamiento est\u00e1 dise\u00f1ado para brindar precisi\u00f3n, lo que garantiza un cascado limpio y efectivo de las c\u00e1scaras de avellana. Esta precisi\u00f3n minimiza el desperdicio y mejora el rendimiento de granos de avellana intactos.<\/li>    <li><strong>Calidad consistente:<\/strong> La automatizaci\u00f3n y la precisi\u00f3n en la l\u00ednea de procesamiento contribuyen a una calidad constante en todos los lotes. Esto es esencial para cumplir con los est\u00e1ndares de calidad y garantizar que el producto final cumpla con las expectativas del consumidor.<\/li>    <li><strong>Personalizaci\u00f3n y flexibilidad:<\/strong> La l\u00ednea de procesamiento de galletas de avellanas suele estar dise\u00f1ada para ser flexible, lo que permite realizar ajustes para adaptarse a diferentes variedades, tama\u00f1os y requisitos de procesamiento de avellanas. Esta adaptabilidad hace que la l\u00ednea sea adecuada para diversos escenarios de producci\u00f3n.<\/li>    <li><strong>Seguridad alimentaria mejorada:<\/strong> La l\u00ednea de procesamiento est\u00e1 dise\u00f1ada teniendo en cuenta los est\u00e1ndares de seguridad alimentaria. Los procesos automatizados reducen las posibilidades de contaminaci\u00f3n y los materiales del equipo a menudo se eligen por sus propiedades higi\u00e9nicas, lo que garantiza la seguridad de los productos finales de avellana.<\/li>    <li><strong>Flujo de proceso integrado:<\/strong> La l\u00ednea de procesamiento de galletas de avellanas generalmente est\u00e1 integrada con otros equipos, como m\u00e1quinas de clasificaci\u00f3n, lavado, secado y envasado. Este enfoque integrado garantiza un flujo fluido y eficiente de avellanas a lo largo de todo el proceso de producci\u00f3n.<\/li>    <li><strong>Operaci\u00f3n rentable:<\/strong> Si bien puede requerir una inversi\u00f3n inicial para configurar la l\u00ednea de procesamiento, su rentabilidad se vuelve evidente con el tiempo debido a una mayor eficiencia, menores costos laborales y un desperdicio m\u00ednimo.<\/li>    <li><strong>Competitividad del mercado:<\/strong> La calidad constante, la eficiencia y la automatizaci\u00f3n de la l\u00ednea de procesamiento de galletas de avellanas contribuyen a la competitividad de las avellanas procesadas en el mercado, cumpliendo con las expectativas de los consumidores y los est\u00e1ndares de la industria.<\/li> <\/ol>    <figure class=\"wp-block-image size-full\"><img loading=\"lazy\" decoding=\"async\" width=\"720\" height=\"540\" src=\"https:\/\/topfoodmachine.com\/wp-content\/uploads\/2023\/11\/Hazelnut-cracking-processing-line-in-stock.webp\" alt=\"L\u00ednea de procesamiento de craqueo de avellanas en stock\" class=\"wp-image-974\" srcset=\"https:\/\/topfoodmachine.com\/wp-content\/uploads\/2023\/11\/Hazelnut-cracking-processing-line-in-stock.webp 720w, https:\/\/topfoodmachine.com\/wp-content\/uploads\/2023\/11\/Hazelnut-cracking-processing-line-in-stock-300x225.webp 300w\" sizes=\"auto, (max-width: 720px) 100vw, 720px\" \/><figcaption class=\"wp-element-caption\">L\u00ednea de procesamiento de craqueo de avellanas en stock<\/figcaption><\/figure>    <h2 class=\"wp-block-heading\">Principio de funcionamiento de la l\u00ednea de procesamiento de craqueo de avellanas.<\/h2>    <p>Inicialmente, las avellanas se remojan en agua tibia a unos 50 grados durante 30 minutos para ablandar las c\u00e1scaras. Posteriormente, las avellanas se vierten en una m\u00e1quina elevadora, entrando en un contenedor de almacenamiento con un sinf\u00edn que las distribuye uniformemente en diferentes canales. La l\u00ednea de producci\u00f3n est\u00e1 equipada con un generador de vapor que produce vapor dentro de los canales. Al final de los canales, dos placas de presi\u00f3n consiguen el efecto de craqueo mediante compresi\u00f3n. Las avellanas partidas caen autom\u00e1ticamente sobre el transportador de abajo.<\/p>    <p>Las avellanas, tras ser cascadas, pueden pasar opcionalmente a una posterior secadora para eliminar el exceso de humedad. Finalmente, las avellanas abiertas y secas se pueden dirigir a una m\u00e1quina envasadora para su envasado. <\/p>    <p>Toda la l\u00ednea de producci\u00f3n, a trav\u00e9s de una serie coherente de procesos, realiza la apertura autom\u00e1tica y el procesamiento inicial de las avellanas, mejorando la eficiencia de la producci\u00f3n. Adem\u00e1s, la flexibilidad de la l\u00ednea permite la inclusi\u00f3n de pasos como secado y envasado seg\u00fan requisitos espec\u00edficos.<\/p>    <figure class=\"wp-block-gallery has-nested-images columns-default is-cropped wp-block-gallery-2 is-layout-flex wp-block-gallery-is-layout-flex\"> <figure class=\"wp-block-image size-large\"><img loading=\"lazy\" decoding=\"async\" width=\"720\" height=\"540\" data-id=\"975\" src=\"https:\/\/topfoodmachine.com\/wp-content\/uploads\/2023\/11\/commercial-Hazelnut-cracking-processing-line.webp\" alt=\"L\u00ednea comercial de procesamiento de craqueo de avellanas\" class=\"wp-image-975\" srcset=\"https:\/\/topfoodmachine.com\/wp-content\/uploads\/2023\/11\/commercial-Hazelnut-cracking-processing-line.webp 720w, https:\/\/topfoodmachine.com\/wp-content\/uploads\/2023\/11\/commercial-Hazelnut-cracking-processing-line-300x225.webp 300w\" sizes=\"auto, (max-width: 720px) 100vw, 720px\" \/><figcaption class=\"wp-element-caption\">L\u00ednea comercial de procesamiento de craqueo de avellanas<\/figcaption><\/figure>    <figure class=\"wp-block-image size-large\"><img loading=\"lazy\" decoding=\"async\" width=\"720\" height=\"540\" data-id=\"976\" src=\"https:\/\/topfoodmachine.com\/wp-content\/uploads\/2023\/11\/details-of-Hazelnut-cracking-processing-line.webp\" alt=\"Detalles de la l\u00ednea de procesamiento de craqueo de avellanas\" class=\"wp-image-976\" srcset=\"https:\/\/topfoodmachine.com\/wp-content\/uploads\/2023\/11\/details-of-Hazelnut-cracking-processing-line.webp 720w, https:\/\/topfoodmachine.com\/wp-content\/uploads\/2023\/11\/details-of-Hazelnut-cracking-processing-line-300x225.webp 300w\" sizes=\"auto, (max-width: 720px) 100vw, 720px\" \/><figcaption class=\"wp-element-caption\">Detalles de la l\u00ednea de procesamiento de craqueo de avellanas<\/figcaption><\/figure> <\/figure>    <h2 class=\"wp-block-heading\">V\u00eddeo de trabajo de la l\u00ednea de procesamiento de craqueo de avellanas<\/h2>    <figure class=\"wp-block-embed is-type-video is-provider-youtube wp-block-embed-youtube wp-embed-aspect-16-9 wp-has-aspect-ratio\"><div class=\"wp-block-embed__wrapper\"> <iframe loading=\"lazy\" title=\"Resultados ricos en nutrientes: \u00a1C\u00f3mo nuestra l\u00ednea de galletas de avellanas transforma el procesamiento! 1TP5Avellana #Cascanueces\" width=\"500\" height=\"281\" src=\"https:\/\/www.youtube.com\/embed\/lobTgMISQf8?feature=oembed\" frameborder=\"0\" allow=\"accelerometer; autoplay; clipboard-write; encrypted-media; gyroscope; picture-in-picture; web-share\" referrerpolicy=\"strict-origin-when-cross-origin\" allowfullscreen><\/iframe> <\/div><\/figure>    <h2 class=\"wp-block-heading\">Equipos de soporte de la l\u00ednea de procesamiento de craqueo de avellanas<\/h2>    <h3 class=\"wp-block-heading\">1. <strong>Tanque de remojo<\/strong><\/h3>    <p>El tanque de remojo es un componente crucial de la l\u00ednea de procesamiento de craqueo de avellanas y cuenta con una funci\u00f3n de calentamiento. Esta m\u00e1quina est\u00e1 dise\u00f1ada para remojar las avellanas antes de que entren en la l\u00ednea de procesamiento. El proceso de remojo tiene como objetivo ablandar las c\u00e1scaras, facilitando la apertura de las avellanas. <\/p>    <p>El tanque de remojo suele estar equipado con un sistema de control de temperatura, que permite ajustar la temperatura del agua para garantizar un ambiente de remojo ideal. Esto contribuye a mejorar el efecto de craqueo y crea condiciones \u00f3ptimas para los siguientes pasos de procesamiento.<\/p>    <figure class=\"wp-block-gallery has-nested-images columns-default is-cropped wp-block-gallery-3 is-layout-flex wp-block-gallery-is-layout-flex\"> <figure class=\"wp-block-image size-large\"><img loading=\"lazy\" decoding=\"async\" width=\"720\" height=\"540\" data-id=\"978\" src=\"https:\/\/topfoodmachine.com\/wp-content\/uploads\/2023\/11\/structure-of-Soaking-Tank.webp\" alt=\"estructura del tanque de remojo\" class=\"wp-image-978\" srcset=\"https:\/\/topfoodmachine.com\/wp-content\/uploads\/2023\/11\/structure-of-Soaking-Tank.webp 720w, https:\/\/topfoodmachine.com\/wp-content\/uploads\/2023\/11\/structure-of-Soaking-Tank-300x225.webp 300w\" sizes=\"auto, (max-width: 720px) 100vw, 720px\" \/><figcaption class=\"wp-element-caption\">estructura del tanque de remojo<\/figcaption><\/figure>    <figure class=\"wp-block-image size-large\"><img loading=\"lazy\" decoding=\"async\" width=\"720\" height=\"540\" data-id=\"977\" src=\"https:\/\/topfoodmachine.com\/wp-content\/uploads\/2023\/11\/Soaking-Tank.webp\" alt=\"Tanque de remojo\" class=\"wp-image-977\" srcset=\"https:\/\/topfoodmachine.com\/wp-content\/uploads\/2023\/11\/Soaking-Tank.webp 720w, https:\/\/topfoodmachine.com\/wp-content\/uploads\/2023\/11\/Soaking-Tank-300x225.webp 300w\" sizes=\"auto, (max-width: 720px) 100vw, 720px\" \/><figcaption class=\"wp-element-caption\">Tanque de remojo<\/figcaption><\/figure> <\/figure>    <h3 class=\"wp-block-heading\">2. <strong>Secadora<\/strong><\/h3>    <p>La secadora es uno de los dispositivos auxiliares en la l\u00ednea de procesamiento de craqueo de avellanas. Despu\u00e9s de que las avellanas hayan pasado por el proceso de craqueo y los pasos de procesamiento primario, se emplea la m\u00e1quina secadora para eliminar el exceso de humedad de la superficie, mejorando la calidad y textura de las avellanas. <\/p>    <p>Esta m\u00e1quina utiliza aire caliente para garantizar que las avellanas alcancen el contenido de humedad deseado. El uso de una secadora ayuda a prolongar la vida \u00fatil de las avellanas, previene el crecimiento de moho y mejora la calidad general del producto final.<\/p>    <h3 class=\"wp-block-heading\">3. <strong>Maquina de empacado<\/strong><\/h3>    <p>La m\u00e1quina envasadora es el equipo terminal en la l\u00ednea de procesamiento de craqueo de avellanas y es responsable de envasar las avellanas abiertas y secas. Las m\u00e1quinas de embalaje est\u00e1n dise\u00f1adas con altos niveles de automatizaci\u00f3n y flexibilidad para adaptarse a diversas especificaciones y requisitos de embalaje. <\/p>    <p>Un envasado eficaz ayuda a garantizar que las avellanas se mantengan frescas e higi\u00e9nicas durante el almacenamiento y el transporte, lo que en \u00faltima instancia mejora la competitividad del producto en el mercado.<\/p>    <figure class=\"wp-block-gallery has-nested-images columns-default is-cropped wp-block-gallery-4 is-layout-flex wp-block-gallery-is-layout-flex\"> <figure class=\"wp-block-image size-large\"><img loading=\"lazy\" decoding=\"async\" width=\"720\" height=\"540\" data-id=\"979\" src=\"https:\/\/topfoodmachine.com\/wp-content\/uploads\/2023\/11\/Hazelnut-cracking.webp\" alt=\"Avellana agrietada\" class=\"wp-image-979\" srcset=\"https:\/\/topfoodmachine.com\/wp-content\/uploads\/2023\/11\/Hazelnut-cracking.webp 720w, https:\/\/topfoodmachine.com\/wp-content\/uploads\/2023\/11\/Hazelnut-cracking-300x225.webp 300w\" sizes=\"auto, (max-width: 720px) 100vw, 720px\" \/><figcaption class=\"wp-element-caption\">Avellana agrietada<\/figcaption><\/figure>    <figure class=\"wp-block-image size-large\"><img loading=\"lazy\" decoding=\"async\" width=\"720\" height=\"540\" data-id=\"980\" src=\"https:\/\/topfoodmachine.com\/wp-content\/uploads\/2023\/11\/Hazelnut.webp\" alt=\"Avellana\" class=\"wp-image-980\" srcset=\"https:\/\/topfoodmachine.com\/wp-content\/uploads\/2023\/11\/Hazelnut.webp 720w, https:\/\/topfoodmachine.com\/wp-content\/uploads\/2023\/11\/Hazelnut-300x225.webp 300w\" sizes=\"auto, (max-width: 720px) 100vw, 720px\" \/><figcaption class=\"wp-element-caption\">Avellana<\/figcaption><\/figure> <\/figure>    <h2 class=\"wp-block-heading\">Par\u00e1metros t\u00e9cnicos de la l\u00ednea de procesamiento de galletas de avellanas.<\/h2>    <p>Nuestra l\u00ednea de procesamiento de craqueo de avellanas est\u00e1 disponible en varias capacidades, lo que brinda la flexibilidad de elegir seg\u00fan los requisitos de producci\u00f3n espec\u00edficos. Esta adaptabilidad permite la personalizaci\u00f3n seg\u00fan la escala de operaciones y el resultado deseado. <\/p>    <p>Las diferentes opciones de capacidad satisfacen una variedad de necesidades de producci\u00f3n, lo que garantiza que nuestra l\u00ednea de procesamiento pueda satisfacer de manera efectiva las demandas de diversas escalas de procesamiento de avellanas. Ya sea para operaciones a menor escala o para una producci\u00f3n industrial a mayor escala, nuestra l\u00ednea de procesamiento de apertura de avellanas ofrece soluciones vers\u00e1tiles para satisfacer diversas necesidades de fabricaci\u00f3n.<\/p>    <figure class=\"wp-block-table\"><table><tbody><tr><td>Modelo<\/td><td>Capacidad<\/td><td>Fuerza<\/td><td>Evaporaci\u00f3n<\/td><td>Consumo de gas natural<\/td><td>Consumo de gas licuado<\/td><\/tr><tr><td>TZ-10<\/td><td>250-300kg\/hora<\/td><td>13,1 kw<\/td><td>70-90kg\/hora<\/td><td>5m\u00b3\/h<\/td><td>3,5 kg\/hora<\/td><\/tr><tr><td>TZ-15<\/td><td>350-450kg\/hora<\/td><td>16kw<\/td><td>80-110kg\/hora<\/td><td>7m\u00b3\/h<\/td><td>5kg\/hora<\/td><\/tr><tr><td>TZ-20<\/td><td>500-600kg\/hora<\/td><td>18kw<\/td><td>80-110kg\/hora<\/td><td>7m\u00b3\/h<\/td><td>5kg\/hora<\/td><\/tr><\/tbody><\/table><\/figure>    <figure class=\"wp-block-image size-full\"><img loading=\"lazy\" decoding=\"async\" width=\"720\" height=\"540\" src=\"https:\/\/topfoodmachine.com\/wp-content\/uploads\/2023\/11\/Hazelnut-cracking-processing-line-with-good-price.webp\" alt=\"L\u00ednea de procesamiento de craqueo de avellanas a buen precio.\" class=\"wp-image-981\" srcset=\"https:\/\/topfoodmachine.com\/wp-content\/uploads\/2023\/11\/Hazelnut-cracking-processing-line-with-good-price.webp 720w, https:\/\/topfoodmachine.com\/wp-content\/uploads\/2023\/11\/Hazelnut-cracking-processing-line-with-good-price-300x225.webp 300w\" sizes=\"auto, (max-width: 720px) 100vw, 720px\" \/><figcaption class=\"wp-element-caption\">L\u00ednea de procesamiento de craqueo de avellanas a buen precio.<\/figcaption><\/figure>    <p><\/p>","protected":false},"excerpt":{"rendered":"<p>La l\u00ednea de procesamiento de craqueo de avellanas es un sistema de producci\u00f3n avanzado dise\u00f1ado espec\u00edficamente para el craqueo de avellanas.<\/p>","protected":false},"author":1,"featured_media":972,"parent":0,"template":"","tags":[],"product-type":[5],"class_list":["post-971","product","type-product","status-publish","has-post-thumbnail","hentry","product-type-nuts-processing-machine"],"_links":{"self":[{"href":"https:\/\/topfoodmachine.com\/es\/wp-json\/wp\/v2\/product\/971","targetHints":{"allow":["GET"]}}],"collection":[{"href":"https:\/\/topfoodmachine.com\/es\/wp-json\/wp\/v2\/product"}],"about":[{"href":"https:\/\/topfoodmachine.com\/es\/wp-json\/wp\/v2\/types\/product"}],"author":[{"embeddable":true,"href":"https:\/\/topfoodmachine.com\/es\/wp-json\/wp\/v2\/users\/1"}],"wp:featuredmedia":[{"embeddable":true,"href":"https:\/\/topfoodmachine.com\/es\/wp-json\/wp\/v2\/media\/972"}],"wp:attachment":[{"href":"https:\/\/topfoodmachine.com\/es\/wp-json\/wp\/v2\/media?parent=971"}],"wp:term":[{"taxonomy":"post_tag","embeddable":true,"href":"https:\/\/topfoodmachine.com\/es\/wp-json\/wp\/v2\/tags?post=971"},{"taxonomy":"product-type","embeddable":true,"href":"https:\/\/topfoodmachine.com\/es\/wp-json\/wp\/v2\/product-type?post=971"}],"curies":[{"name":"wp","href":"https:\/\/api.w.org\/{rel}","templated":true}]}}