{"id":955,"date":"2023-11-15T15:19:32","date_gmt":"2023-11-15T07:19:32","guid":{"rendered":"https:\/\/topfoodmachine.com\/?post_type=product&#038;p=955"},"modified":"2023-11-15T15:19:37","modified_gmt":"2023-11-15T07:19:37","slug":"cashew-nut-grading-machine","status":"publish","type":"product","link":"https:\/\/topfoodmachine.com\/es\/product\/cashew-nut-grading-machine\/","title":{"rendered":"Clasificadora de anacardos"},"content":{"rendered":"<div class=\"kk-star-ratings kksr-auto kksr-align-left kksr-valign-top\"     data-payload='{&quot;align&quot;:&quot;left&quot;,&quot;id&quot;:&quot;955&quot;,&quot;slug&quot;:&quot;default&quot;,&quot;valign&quot;:&quot;top&quot;,&quot;ignore&quot;:&quot;&quot;,&quot;reference&quot;:&quot;auto&quot;,&quot;class&quot;:&quot;&quot;,&quot;count&quot;:&quot;20&quot;,&quot;legendonly&quot;:&quot;&quot;,&quot;readonly&quot;:&quot;&quot;,&quot;score&quot;:&quot;4.9&quot;,&quot;starsonly&quot;:&quot;&quot;,&quot;best&quot;:&quot;5&quot;,&quot;gap&quot;:&quot;5&quot;,&quot;greet&quot;:&quot;Rate this product&quot;,&quot;legend&quot;:&quot;4.9\\\/5 - (20 votos)&quot;,&quot;size&quot;:&quot;24&quot;,&quot;title&quot;:&quot;Cashew nut grading machine&quot;,&quot;width&quot;:&quot;139.6&quot;,&quot;_legend&quot;:&quot;{score}\\\/{best} - ({count} {votes})&quot;,&quot;font_factor&quot;:&quot;1.25&quot;}'>              <div class=\"kksr-stars\">      <div class=\"kksr-stars-inactive\">             <div class=\"kksr-star\" data-star=\"1\" style=\"padding-right: 5px\">               <div class=\"kksr-icon\" style=\"width: 24px; height: 24px;\"><\/div>         <\/div>             <div class=\"kksr-star\" data-star=\"2\" style=\"padding-right: 5px\">               <div class=\"kksr-icon\" style=\"width: 24px; height: 24px;\"><\/div>         <\/div>             <div class=\"kksr-star\" data-star=\"3\" style=\"padding-right: 5px\">               <div class=\"kksr-icon\" style=\"width: 24px; height: 24px;\"><\/div>         <\/div>             <div class=\"kksr-star\" data-star=\"4\" style=\"padding-right: 5px\">               <div class=\"kksr-icon\" style=\"width: 24px; height: 24px;\"><\/div>         <\/div>             <div class=\"kksr-star\" data-star=\"5\" style=\"padding-right: 5px\">               <div class=\"kksr-icon\" style=\"width: 24px; height: 24px;\"><\/div>         <\/div>     <\/div>      <div class=\"kksr-stars-active\" style=\"width: 139.6px;\">             <div class=\"kksr-star\" style=\"padding-right: 5px\">               <div class=\"kksr-icon\" style=\"width: 24px; height: 24px;\"><\/div>         <\/div>             <div class=\"kksr-star\" style=\"padding-right: 5px\">               <div class=\"kksr-icon\" style=\"width: 24px; height: 24px;\"><\/div>         <\/div>             <div class=\"kksr-star\" style=\"padding-right: 5px\">               <div class=\"kksr-icon\" style=\"width: 24px; height: 24px;\"><\/div>         <\/div>             <div class=\"kksr-star\" style=\"padding-right: 5px\">               <div class=\"kksr-icon\" style=\"width: 24px; height: 24px;\"><\/div>         <\/div>             <div class=\"kksr-star\" style=\"padding-right: 5px\">               <div class=\"kksr-icon\" style=\"width: 24px; height: 24px;\"><\/div>         <\/div>     <\/div> <\/div>                   <div class=\"kksr-legend\" style=\"font-size: 19.2px;\">             4,9\/5 - (20 votos)    <\/div>     <\/div>  <p>En el \u00e1mbito de la agricultura y el procesamiento de alimentos modernos, la eficiencia y la precisi\u00f3n son de suma importancia. La m\u00e1quina clasificadora de anacardos es una maravilla mec\u00e1nica que se especializa en la clasificaci\u00f3n meticulosa de anacardos seg\u00fan su tama\u00f1o. Este ingenioso dispositivo desempe\u00f1a un papel fundamental en la industria de procesamiento de anacardos, ya que emplea un dise\u00f1o mec\u00e1nico preciso y tecnolog\u00eda avanzada para clasificar de forma r\u00e1pida y precisa anacardos de diferentes tama\u00f1os. <\/p>    <p>Ya sea en producci\u00f3n a gran escala o en granjas m\u00e1s peque\u00f1as, esta m\u00e1quina clasificadora mejora significativamente la eficiencia de la producci\u00f3n al tiempo que garantiza consistencia y est\u00e1ndares de calidad. \u00danase a nosotros mientras profundizamos en el funcionamiento de esta herramienta indispensable, explorando su papel fundamental en la industria de procesamiento de anacardos.<\/p>    <figure class=\"wp-block-image size-full\"><img loading=\"lazy\" decoding=\"async\" width=\"720\" height=\"540\" src=\"https:\/\/topfoodmachine.com\/wp-content\/uploads\/2023\/11\/Cashew-nut-grading-machine-1.webp\" alt=\"Clasificadora de anacardos\" class=\"wp-image-957\" srcset=\"https:\/\/topfoodmachine.com\/wp-content\/uploads\/2023\/11\/Cashew-nut-grading-machine-1.webp 720w, https:\/\/topfoodmachine.com\/wp-content\/uploads\/2023\/11\/Cashew-nut-grading-machine-1-300x225.webp 300w\" sizes=\"auto, (max-width: 720px) 100vw, 720px\" \/><figcaption class=\"wp-element-caption\">Clasificadora de anacardos<\/figcaption><\/figure>    <h2 class=\"wp-block-heading\">Ventajas de la clasificadora de anacardos<\/h2>    <ol class=\"wp-block-list\"> <li><strong>Clasificaci\u00f3n de precisi\u00f3n:<\/strong> La m\u00e1quina proporciona una clasificaci\u00f3n precisa y consistente basada en criterios predefinidos, lo que garantiza la uniformidad en el tama\u00f1o, la forma y la calidad de los anacardos.<\/li>    <li><strong>Eficiencia incrementada:<\/strong> Automatiza el proceso de clasificaci\u00f3n, reduciendo significativamente el tiempo y la mano de obra necesarios en comparaci\u00f3n con la clasificaci\u00f3n manual. Esto conduce a un mayor rendimiento y una mayor productividad general.<\/li>    <li><strong>Costos laborales reducidos:<\/strong> Al automatizar el proceso de clasificaci\u00f3n, las empresas pueden reducir su dependencia del trabajo manual, lo que genera ahorros de costos a largo plazo.<\/li>    <li><strong>Control de calidad mejorado:<\/strong> La m\u00e1quina ayuda a mantener un alto est\u00e1ndar de calidad al aplicar constantemente los mismos criterios de clasificaci\u00f3n, lo que reduce la probabilidad de error humano.<\/li>    <li><strong>Reducci\u00f3n de desperdicios:<\/strong> Minimiza la probabilidad de incluir anacardos defectuosos o de mala calidad en el producto final, lo que genera menos desperdicio y un mayor rendimiento general.<\/li>    <li><strong>Flexibilidad y personalizaci\u00f3n:<\/strong> Muchas m\u00e1quinas clasificadoras ofrecen configuraciones ajustables, lo que permite a los operadores adaptar los criterios de clasificaci\u00f3n para cumplir con requisitos espec\u00edficos y adaptarse a las demandas cambiantes del mercado.<\/li>    <li><strong>Higiene y sanidad:<\/strong> Las m\u00e1quinas clasificadoras modernas est\u00e1n dise\u00f1adas con materiales y caracter\u00edsticas f\u00e1ciles de limpiar, lo que ayuda a mantener un alto nivel de higiene y saneamiento en el entorno de procesamiento.<\/li>    <li><strong>Mayor valor del producto:<\/strong> Al garantizar que s\u00f3lo los anacardos de alta calidad lleguen al producto final, las empresas pueden obtener precios m\u00e1s altos en el mercado, lo que en \u00faltima instancia conduce a una mayor rentabilidad.<\/li> <\/ol>    <figure class=\"wp-block-image size-full\"><img loading=\"lazy\" decoding=\"async\" width=\"720\" height=\"540\" src=\"https:\/\/topfoodmachine.com\/wp-content\/uploads\/2023\/11\/Cashew-nut-grading-machine-for-sale.webp\" alt=\"M\u00e1quina clasificadora de anacardos a la venta\" class=\"wp-image-958\" srcset=\"https:\/\/topfoodmachine.com\/wp-content\/uploads\/2023\/11\/Cashew-nut-grading-machine-for-sale.webp 720w, https:\/\/topfoodmachine.com\/wp-content\/uploads\/2023\/11\/Cashew-nut-grading-machine-for-sale-300x225.webp 300w\" sizes=\"auto, (max-width: 720px) 100vw, 720px\" \/><figcaption class=\"wp-element-caption\">M\u00e1quina clasificadora de anacardos a la venta<\/figcaption><\/figure>    <h2 class=\"wp-block-heading\">Diferentes tipos de m\u00e1quinas clasificadoras de anacardos<\/h2>    <h3 class=\"wp-block-heading\">1. M\u00e1quina clasificadora de anacardos con m\u00faltiples rodillos<\/h3>    <p>La m\u00e1quina clasificadora de anacardos con rodillos m\u00faltiples est\u00e1 dise\u00f1ada espec\u00edficamente para clasificar anacardos seg\u00fan su tama\u00f1o. Consta de tres capas: rodillos superior, medio e inferior. El principio principal consiste en ajustar el espacio entre cada conjunto de rodillos para separar los granos por tama\u00f1o. Debido al crecimiento desigual de los anacardos, normalmente se clasifican en tres niveles: granos grandes, granos medianos y granos peque\u00f1os.<\/p>    <p>Esta m\u00e1quina juega un papel crucial en el proceso de procesamiento de anacardos. Sus ventajas incluyen:<\/p>    <ol class=\"wp-block-list\"> <li><strong>Clasificaci\u00f3n de precisi\u00f3n:<\/strong> El dise\u00f1o de m\u00faltiples rodillos permite un proceso de clasificaci\u00f3n m\u00e1s preciso, asegurando consistencia en el tama\u00f1o de los granos dentro de cada categor\u00eda.<\/li>    <li><strong>Flexibilidad:<\/strong> Al ajustar los espacios entre los rodillos, se pueden personalizar los criterios de clasificaci\u00f3n para adaptarse a diferentes lotes de anacardos.<\/li>    <li><strong>Alta eficiencia:<\/strong> La m\u00e1quina tiene una estructura simple y es f\u00e1cil de operar, lo que permite el procesamiento r\u00e1pido de una gran cantidad de anacardos.<\/li> <\/ol>    <figure class=\"wp-block-table\"><table><tbody><tr><td>Capacidad<\/td><td>Fuerza<\/td><td>Voltaje<\/td><td>Tama\u00f1o<\/td><td>Peso<\/td><\/tr><tr><td>300-400kg\/h<\/td><td>1,1 kw<\/td><td>380v<\/td><td>2,3*0,8*1,6 m<\/td><td>180kg<\/td><\/tr><\/tbody><\/table><\/figure>    <figure class=\"wp-block-gallery has-nested-images columns-default is-cropped wp-block-gallery-2 is-layout-flex wp-block-gallery-is-layout-flex\"> <figure class=\"wp-block-image size-large\"><img loading=\"lazy\" decoding=\"async\" width=\"720\" height=\"540\" data-id=\"959\" src=\"https:\/\/topfoodmachine.com\/wp-content\/uploads\/2023\/11\/Cashew-nut-grader-machine.webp\" alt=\"M\u00e1quina clasificadora de anacardos\" class=\"wp-image-959\" srcset=\"https:\/\/topfoodmachine.com\/wp-content\/uploads\/2023\/11\/Cashew-nut-grader-machine.webp 720w, https:\/\/topfoodmachine.com\/wp-content\/uploads\/2023\/11\/Cashew-nut-grader-machine-300x225.webp 300w\" sizes=\"auto, (max-width: 720px) 100vw, 720px\" \/><figcaption class=\"wp-element-caption\">M\u00e1quina clasificadora de anacardos<\/figcaption><\/figure>    <figure class=\"wp-block-image size-large\"><img loading=\"lazy\" decoding=\"async\" width=\"720\" height=\"540\" data-id=\"960\" src=\"https:\/\/topfoodmachine.com\/wp-content\/uploads\/2023\/11\/Cashew-nut-grader.webp\" alt=\"Clasificadora de anacardos\" class=\"wp-image-960\" srcset=\"https:\/\/topfoodmachine.com\/wp-content\/uploads\/2023\/11\/Cashew-nut-grader.webp 720w, https:\/\/topfoodmachine.com\/wp-content\/uploads\/2023\/11\/Cashew-nut-grader-300x225.webp 300w\" sizes=\"auto, (max-width: 720px) 100vw, 720px\" \/><figcaption class=\"wp-element-caption\">Clasificadora de anacardos<\/figcaption><\/figure> <\/figure>    <h3 class=\"wp-block-heading\">2. M\u00e1quina clasificadora de anacardos con tambor giratorio<\/h3>    <p>La m\u00e1quina clasificadora de anacardos con tambor giratorio consta de componentes de transmisi\u00f3n, una estructura de tambor y un marco. Similar al tipo de rodillos m\u00faltiples, esta m\u00e1quina est\u00e1 especializada en clasificar anacardos seg\u00fan su tama\u00f1o. Sin embargo, su principio de funcionamiento y estructura difieren ligeramente.<\/p>    <p>De manera similar, debido al crecimiento desigual de los anacardos, los granos generalmente se clasifican en tres niveles. Esta m\u00e1quina se puede personalizar para cumplir con requisitos de procesamiento espec\u00edficos para diferentes lotes de anacardos.<\/p>    <p>Las ventajas de la m\u00e1quina clasificadora de anacardos con tambor giratorio incluyen:<\/p>    <ol class=\"wp-block-list\"> <li><strong>Calificaci\u00f3n eficiente:<\/strong> La estructura del tambor giratorio permite una clasificaci\u00f3n r\u00e1pida y precisa, lo que mejora la eficiencia general de la producci\u00f3n.<\/li>    <li><strong>Personalizaci\u00f3n:<\/strong> Se puede personalizar seg\u00fan los requisitos del cliente para adaptarse a diferentes lotes y variedades de anacardos.<\/li>    <li><strong>Estabilidad y confiabilidad:<\/strong> Con una estructura de transmisi\u00f3n y un bastidor confiables, la m\u00e1quina garantiza estabilidad y durabilidad.<\/li> <\/ol>    <figure class=\"wp-block-table\"><table><tbody><tr><td>Capacidad<\/td><td>Fuerza<\/td><td>Voltaje<\/td><td>Tama\u00f1o<\/td><td>Peso<\/td><\/tr><tr><td>400-500kg\/h<\/td><td>0,75 kw<\/td><td>380v<\/td><td>2*0,8*1,4 m<\/td><td>300 kilos<\/td><\/tr><\/tbody><\/table><\/figure>    <figure class=\"wp-block-gallery has-nested-images columns-default is-cropped wp-block-gallery-3 is-layout-flex wp-block-gallery-is-layout-flex\"> <figure class=\"wp-block-image size-large\"><img loading=\"lazy\" decoding=\"async\" width=\"720\" height=\"540\" data-id=\"962\" src=\"https:\/\/topfoodmachine.com\/wp-content\/uploads\/2023\/11\/industrial-Cashew-nut-grading-machine.webp\" alt=\"Clasificadora industrial de anacardos\" class=\"wp-image-962\" srcset=\"https:\/\/topfoodmachine.com\/wp-content\/uploads\/2023\/11\/industrial-Cashew-nut-grading-machine.webp 720w, https:\/\/topfoodmachine.com\/wp-content\/uploads\/2023\/11\/industrial-Cashew-nut-grading-machine-300x225.webp 300w\" sizes=\"auto, (max-width: 720px) 100vw, 720px\" \/><figcaption class=\"wp-element-caption\">Clasificadora industrial de anacardos<\/figcaption><\/figure>    <figure class=\"wp-block-image size-large\"><img loading=\"lazy\" decoding=\"async\" width=\"720\" height=\"540\" data-id=\"961\" src=\"https:\/\/topfoodmachine.com\/wp-content\/uploads\/2023\/11\/Cashew-nut-grading-machine-with-good-price.webp\" alt=\"Clasificadora de anacardos a buen precio\" class=\"wp-image-961\" srcset=\"https:\/\/topfoodmachine.com\/wp-content\/uploads\/2023\/11\/Cashew-nut-grading-machine-with-good-price.webp 720w, https:\/\/topfoodmachine.com\/wp-content\/uploads\/2023\/11\/Cashew-nut-grading-machine-with-good-price-300x225.webp 300w\" sizes=\"auto, (max-width: 720px) 100vw, 720px\" \/><figcaption class=\"wp-element-caption\">Clasificadora de anacardos a buen precio<\/figcaption><\/figure> <\/figure>    <p>Ambos modelos de m\u00e1quinas desempe\u00f1an funciones vitales en la industria de procesamiento de anacardos, mejorando la eficiencia de la producci\u00f3n y la calidad del producto y, en \u00faltima instancia, haciendo que el proceso de procesamiento de anacardos sea m\u00e1s eficiente y preciso.<\/p>    <h2 class=\"wp-block-heading\">Proceso de trabajo de la m\u00e1quina clasificadora de anacardos.<\/h2>    <ol class=\"wp-block-list\"> <li><strong>Antes de encender, primero verifique si todos los mecanismos y circuitos de transmisi\u00f3n funcionan correctamente.<\/strong><\/li>    <li><strong>Encienda la alimentaci\u00f3n y gire en la direcci\u00f3n indicada por la flecha.<\/strong><\/li>    <li><strong>Ajuste los rodillos superior, medio e inferior, as\u00ed como el espacio entre los rodillos, seg\u00fan el ancho de los anacardos.<\/strong><\/li>    <li><strong>Vierta los anacardos continuamente en la tolva de alimentaci\u00f3n, ajuste el tama\u00f1o de la puerta de alimentaci\u00f3n para garantizar que los anacardos entren uniformemente en la ranura entre los dos rodillos. Rodar\u00e1n desde el extremo de alimentaci\u00f3n hasta el extremo de descarga. Los granos grandes salen por la salida frontal, mientras que los medianos y peque\u00f1os caen a trav\u00e9s del espacio entre los dos rodillos para su posterior clasificaci\u00f3n. Repita este proceso para lograr el efecto de clasificaci\u00f3n.<\/strong><\/li>    <li><strong>Hay una tolva correspondiente debajo de cada rodillo clasificador para recoger los granos clasificados, evitando la mezcla de diferentes grados.<\/strong><\/li>    <li><strong>Despu\u00e9s de usarlo durante un per\u00edodo de tiempo, verifique peri\u00f3dicamente si todos los mecanismos y circuitos de transmisi\u00f3n funcionan correctamente para evitar interrupciones en el funcionamiento normal.<\/strong><\/li> <\/ol>    <figure class=\"wp-block-image size-full\"><img loading=\"lazy\" decoding=\"async\" width=\"720\" height=\"540\" src=\"https:\/\/topfoodmachine.com\/wp-content\/uploads\/2023\/11\/Cashew-nut-grader-for-business.webp\" alt=\"Clasificadora de anacardos para empresas\" class=\"wp-image-963\" srcset=\"https:\/\/topfoodmachine.com\/wp-content\/uploads\/2023\/11\/Cashew-nut-grader-for-business.webp 720w, https:\/\/topfoodmachine.com\/wp-content\/uploads\/2023\/11\/Cashew-nut-grader-for-business-300x225.webp 300w\" sizes=\"auto, (max-width: 720px) 100vw, 720px\" \/><figcaption class=\"wp-element-caption\">Clasificadora de anacardos para empresas<\/figcaption><\/figure>    <p><\/p>    <p><\/p>    <p><\/p>","protected":false},"excerpt":{"rendered":"<p>La m\u00e1quina clasificadora de anacardos es una maravilla mec\u00e1nica que se especializa en la clasificaci\u00f3n meticulosa de anacardos seg\u00fan su tama\u00f1o.<\/p>","protected":false},"author":1,"featured_media":956,"parent":0,"template":"","tags":[],"product-type":[5],"class_list":["post-955","product","type-product","status-publish","has-post-thumbnail","hentry","product-type-nuts-processing-machine"],"_links":{"self":[{"href":"https:\/\/topfoodmachine.com\/es\/wp-json\/wp\/v2\/product\/955","targetHints":{"allow":["GET"]}}],"collection":[{"href":"https:\/\/topfoodmachine.com\/es\/wp-json\/wp\/v2\/product"}],"about":[{"href":"https:\/\/topfoodmachine.com\/es\/wp-json\/wp\/v2\/types\/product"}],"author":[{"embeddable":true,"href":"https:\/\/topfoodmachine.com\/es\/wp-json\/wp\/v2\/users\/1"}],"wp:featuredmedia":[{"embeddable":true,"href":"https:\/\/topfoodmachine.com\/es\/wp-json\/wp\/v2\/media\/956"}],"wp:attachment":[{"href":"https:\/\/topfoodmachine.com\/es\/wp-json\/wp\/v2\/media?parent=955"}],"wp:term":[{"taxonomy":"post_tag","embeddable":true,"href":"https:\/\/topfoodmachine.com\/es\/wp-json\/wp\/v2\/tags?post=955"},{"taxonomy":"product-type","embeddable":true,"href":"https:\/\/topfoodmachine.com\/es\/wp-json\/wp\/v2\/product-type?post=955"}],"curies":[{"name":"wp","href":"https:\/\/api.w.org\/{rel}","templated":true}]}}