{"id":915,"date":"2023-11-07T14:21:35","date_gmt":"2023-11-07T06:21:35","guid":{"rendered":"https:\/\/topfoodmachine.com\/?post_type=product&#038;p=915"},"modified":"2024-08-16T18:24:38","modified_gmt":"2024-08-16T10:24:38","slug":"peanut-roasting-machine","status":"publish","type":"product","link":"https:\/\/topfoodmachine.com\/es\/product\/peanut-roasting-machine\/","title":{"rendered":"Tostadora de man\u00ed"},"content":{"rendered":"<div class=\"kk-star-ratings kksr-auto kksr-align-left kksr-valign-top\"     data-payload='{&quot;align&quot;:&quot;left&quot;,&quot;id&quot;:&quot;915&quot;,&quot;slug&quot;:&quot;default&quot;,&quot;valign&quot;:&quot;top&quot;,&quot;ignore&quot;:&quot;&quot;,&quot;reference&quot;:&quot;auto&quot;,&quot;class&quot;:&quot;&quot;,&quot;count&quot;:&quot;10&quot;,&quot;legendonly&quot;:&quot;&quot;,&quot;readonly&quot;:&quot;&quot;,&quot;score&quot;:&quot;4.7&quot;,&quot;starsonly&quot;:&quot;&quot;,&quot;best&quot;:&quot;5&quot;,&quot;gap&quot;:&quot;5&quot;,&quot;greet&quot;:&quot;Rate this product&quot;,&quot;legend&quot;:&quot;4.7\\\/5 - (10 votos)&quot;,&quot;size&quot;:&quot;24&quot;,&quot;title&quot;:&quot;Peanut roasting machine&quot;,&quot;width&quot;:&quot;133.8&quot;,&quot;_legend&quot;:&quot;{score}\\\/{best} - ({count} {votes})&quot;,&quot;font_factor&quot;:&quot;1.25&quot;}'>              <div class=\"kksr-stars\">      <div class=\"kksr-stars-inactive\">             <div class=\"kksr-star\" data-star=\"1\" style=\"padding-right: 5px\">               <div class=\"kksr-icon\" style=\"width: 24px; height: 24px;\"><\/div>         <\/div>             <div class=\"kksr-star\" data-star=\"2\" style=\"padding-right: 5px\">               <div class=\"kksr-icon\" style=\"width: 24px; height: 24px;\"><\/div>         <\/div>             <div class=\"kksr-star\" data-star=\"3\" style=\"padding-right: 5px\">               <div class=\"kksr-icon\" style=\"width: 24px; height: 24px;\"><\/div>         <\/div>             <div class=\"kksr-star\" data-star=\"4\" style=\"padding-right: 5px\">               <div class=\"kksr-icon\" style=\"width: 24px; height: 24px;\"><\/div>         <\/div>             <div class=\"kksr-star\" data-star=\"5\" style=\"padding-right: 5px\">               <div class=\"kksr-icon\" style=\"width: 24px; height: 24px;\"><\/div>         <\/div>     <\/div>      <div class=\"kksr-stars-active\" style=\"width: 133.8px;\">             <div class=\"kksr-star\" style=\"padding-right: 5px\">               <div class=\"kksr-icon\" style=\"width: 24px; height: 24px;\"><\/div>         <\/div>             <div class=\"kksr-star\" style=\"padding-right: 5px\">               <div class=\"kksr-icon\" style=\"width: 24px; height: 24px;\"><\/div>         <\/div>             <div class=\"kksr-star\" style=\"padding-right: 5px\">               <div class=\"kksr-icon\" style=\"width: 24px; height: 24px;\"><\/div>         <\/div>             <div class=\"kksr-star\" style=\"padding-right: 5px\">               <div class=\"kksr-icon\" style=\"width: 24px; height: 24px;\"><\/div>         <\/div>             <div class=\"kksr-star\" style=\"padding-right: 5px\">               <div class=\"kksr-icon\" style=\"width: 24px; height: 24px;\"><\/div>         <\/div>     <\/div> <\/div>                   <div class=\"kksr-legend\" style=\"font-size: 19.2px;\">             4,7\/5 - (10 votos)    <\/div>     <\/div>  <p>La m\u00e1quina de tostar cacahuetes no solo es adecuada para cacahuetes, sino tambi\u00e9n para semillas de s\u00e9samo, nueces y otros materiales. El producto terminado no solo tiene un gran sabor, sino que tambi\u00e9n es rentable. En comparaci\u00f3n con otras m\u00e1quinas, este modelo es altamente eficiente en energ\u00eda, ahorrando aproximadamente un 15% de energ\u00eda.<\/p>    <p>Taizy ofrece varios modelos de tostadoras de cacahuetes con capacidades que van desde 120 hasta 650 kg\/h, adapt\u00e1ndose a diferentes necesidades de calefacci\u00f3n, incluyendo opciones el\u00e9ctricas y de gas, asegurando resultados de tostado eficientes y uniformes.<\/p>    <figure class=\"wp-block-embed is-type-video is-provider-youtube wp-block-embed-youtube wp-embed-aspect-16-9 wp-has-aspect-ratio\"><div class=\"wp-block-embed__wrapper\"> <iframe loading=\"lazy\" title=\"Tostar nueces para un estilo de vida saludable: uso de la m\u00e1quina tostadora de man\u00ed #roastingmachinesfornuts\" width=\"500\" height=\"281\" src=\"https:\/\/www.youtube.com\/embed\/Z0xsNg-D3JI?start=5&#038;feature=oembed\" frameborder=\"0\" allow=\"accelerometer; autoplay; clipboard-write; encrypted-media; gyroscope; picture-in-picture; web-share\" referrerpolicy=\"strict-origin-when-cross-origin\" allowfullscreen><\/iframe> <\/div><figcaption class=\"wp-element-caption\">video de trabajo de la m\u00e1quina de tostar cacahuetes<\/figcaption><\/figure>    <h2 class=\"wp-block-heading\">Aplicaciones de la m\u00e1quina tostadora de cacahuetes<\/h2>    <p>La m\u00e1quina de tostar cacahuetes es vers\u00e1til, ideal para tostar no solo cacahuetes, sino tambi\u00e9n semillas de s\u00e9samo, anacardos, semillas de girasol, almendras, nueces, nueces de macadamia, avellanas y pistachos. Tostar realza el sabor, la textura y el aroma de estos frutos secos, haci\u00e9ndolos adecuados para hornear, cocinar y como snacks.<\/p>    <p>Las altas temperaturas liberan aceites naturales, haciendo que los frutos secos sean m\u00e1s crujientes y sabrosos, al mismo tiempo que mejoran la textura y ayudan a la digesti\u00f3n. Tostar elimina la humedad, extendiendo la vida \u00fatil, y act\u00faa como un tratamiento germicida, asegurando seguridad e higiene. El proceso tambi\u00e9n da a los frutos secos un color dorado o marr\u00f3n para una mejor apariencia visual.<\/p>    <figure class=\"wp-block-gallery has-nested-images columns-default is-cropped wp-block-gallery-2 is-layout-flex wp-block-gallery-is-layout-flex\"> <figure class=\"wp-block-image size-large\"><img loading=\"lazy\" decoding=\"async\" width=\"720\" height=\"540\" data-id=\"924\" src=\"https:\/\/topfoodmachine.com\/wp-content\/uploads\/2023\/11\/almond.webp\" alt=\"almendra\" class=\"wp-image-924\" srcset=\"https:\/\/topfoodmachine.com\/wp-content\/uploads\/2023\/11\/almond.webp 720w, https:\/\/topfoodmachine.com\/wp-content\/uploads\/2023\/11\/almond-300x225.webp 300w\" sizes=\"auto, (max-width: 720px) 100vw, 720px\" \/><figcaption class=\"wp-element-caption\">almendra<\/figcaption><\/figure>    <figure class=\"wp-block-image size-large\"><img loading=\"lazy\" decoding=\"async\" width=\"720\" height=\"540\" data-id=\"925\" src=\"https:\/\/topfoodmachine.com\/wp-content\/uploads\/2023\/11\/cashew.webp\" alt=\"anacardo\" class=\"wp-image-925\" srcset=\"https:\/\/topfoodmachine.com\/wp-content\/uploads\/2023\/11\/cashew.webp 720w, https:\/\/topfoodmachine.com\/wp-content\/uploads\/2023\/11\/cashew-300x225.webp 300w\" sizes=\"auto, (max-width: 720px) 100vw, 720px\" \/><figcaption class=\"wp-element-caption\">anacardo<\/figcaption><\/figure>    <figure class=\"wp-block-image size-large\"><img loading=\"lazy\" decoding=\"async\" width=\"720\" height=\"540\" data-id=\"926\" src=\"https:\/\/topfoodmachine.com\/wp-content\/uploads\/2023\/11\/peanut.webp\" alt=\"man\u00ed\" class=\"wp-image-926\" srcset=\"https:\/\/topfoodmachine.com\/wp-content\/uploads\/2023\/11\/peanut.webp 720w, https:\/\/topfoodmachine.com\/wp-content\/uploads\/2023\/11\/peanut-300x225.webp 300w\" sizes=\"auto, (max-width: 720px) 100vw, 720px\" \/><figcaption class=\"wp-element-caption\">man\u00ed<\/figcaption><\/figure> <\/figure>    <h2 class=\"wp-block-heading\">Diferentes tipos de tostadoras de man\u00ed<\/h2>    <p>Con una comprensi\u00f3n de las aplicaciones, exploremos los diferentes tipos de m\u00e1quinas de tostar cacahuetes disponibles para satisfacer diversas necesidades.<\/p>    <h3 class=\"wp-block-heading\">Tipo 1: <strong>m\u00e1quina de horneado de peque\u00f1a producci\u00f3n<\/strong><\/h3>    <p>La m\u00e1quina de hornear de peque\u00f1a producci\u00f3n es perfecta para operaciones a peque\u00f1a escala, ofreciendo un control de temperatura preciso y un calentamiento uniforme. Su dise\u00f1o compacto asegura un f\u00e1cil funcionamiento y mantenimiento, al tiempo que es eficiente en energ\u00eda. Ideal para tostar cacahuetes y otros frutos secos en lotes m\u00e1s peque\u00f1os, proporciona un rendimiento confiable y resultados consistentes.<\/p>    <figure class=\"wp-block-image size-full\"><img loading=\"lazy\" decoding=\"async\" width=\"720\" height=\"540\" src=\"https:\/\/topfoodmachine.com\/wp-content\/uploads\/2023\/11\/industrial-Peanut-roasting-machine.webp\" alt=\"Tostadora de man\u00ed industrial\" class=\"wp-image-927\" srcset=\"https:\/\/topfoodmachine.com\/wp-content\/uploads\/2023\/11\/industrial-Peanut-roasting-machine.webp 720w, https:\/\/topfoodmachine.com\/wp-content\/uploads\/2023\/11\/industrial-Peanut-roasting-machine-300x225.webp 300w\" sizes=\"auto, (max-width: 720px) 100vw, 720px\" \/><figcaption class=\"wp-element-caption\">Tostadora de man\u00ed industrial<\/figcaption><\/figure>    <h3 class=\"wp-block-heading\">Tipo 2: <strong>m\u00e1quina de horneado de gran producci\u00f3n<\/strong><\/h3>    <p>La m\u00e1quina de hornear de gran producci\u00f3n est\u00e1 dise\u00f1ada para una mayor capacidad con sus barriles dobles, permitiendo el tostado simult\u00e1neo de lotes m\u00e1s grandes. Esta m\u00e1quina asegura un tostado uniforme y un sabor \u00f3ptimo, haci\u00e9ndola adecuada para operaciones de escala media a grande. Combina durabilidad con eficiencia energ\u00e9tica, mejorando la productividad y flexibilidad.<\/p>    <figure class=\"wp-block-image size-full\"><img loading=\"lazy\" decoding=\"async\" width=\"720\" height=\"540\" src=\"https:\/\/topfoodmachine.com\/wp-content\/uploads\/2023\/11\/Peanut-roasting-machine-for-food-processing.webp\" alt=\"Tostadora de man\u00ed para procesamiento de alimentos\" class=\"wp-image-919\" srcset=\"https:\/\/topfoodmachine.com\/wp-content\/uploads\/2023\/11\/Peanut-roasting-machine-for-food-processing.webp 720w, https:\/\/topfoodmachine.com\/wp-content\/uploads\/2023\/11\/Peanut-roasting-machine-for-food-processing-300x225.webp 300w\" sizes=\"auto, (max-width: 720px) 100vw, 720px\" \/><figcaption class=\"wp-element-caption\">Tostadora de man\u00ed para procesamiento de alimentos<\/figcaption><\/figure>    <p>Comprender los diferentes tipos de m\u00e1quinas establece el escenario para explorar c\u00f3mo funcionan estas m\u00e1quinas para lograr resultados \u00f3ptimos de tostado.<\/p>    <h2 class=\"wp-block-heading\">\u00bfC\u00f3mo funciona la m\u00e1quina tostadora de cacahuetes?<\/h2>    <p>La m\u00e1quina de tostar cacahuetes opera a trav\u00e9s de una jaula rodante rotativa que se mueve continuamente en ambas direcciones. Este movimiento asegura que los cacahuetes u otros materiales dentro de la jaula se calienten de manera uniforme. <\/p>    <p>La m\u00e1quina emplea m\u00e9todos de calefacci\u00f3n a gas o el\u00e9ctricos, utilizando conducci\u00f3n y radiaci\u00f3n de calor para transferir energ\u00eda a los materiales sin contacto directo con llamas o elementos calefactores. El calor se conduce a trav\u00e9s del aire, calentando efectivamente los frutos secos.<\/p>    <p>Durante el proceso de tostado, un dispositivo de propulsi\u00f3n dentro de la jaula rotativa empuja los materiales hacia adelante en un ciclo constante, promoviendo un calentamiento uniforme y una calidad de horneado consistente. <\/p>    <p>La m\u00e1quina tambi\u00e9n cuenta con un sistema autom\u00e1tico de control de temperatura, manteniendo temperaturas entre 100 y 300 grados Celsius para asegurar un tostado preciso y eficiente.<\/p>    <figure class=\"wp-block-gallery has-nested-images columns-default is-cropped wp-block-gallery-3 is-layout-flex wp-block-gallery-is-layout-flex\"> <figure class=\"wp-block-image size-full\"><img loading=\"lazy\" decoding=\"async\" width=\"720\" height=\"540\" data-id=\"1537\" src=\"https:\/\/topfoodmachine.com\/wp-content\/uploads\/2023\/11\/exported-nut-roaster.webp\" alt=\"tostadora de nueces exportada\" class=\"wp-image-1537\" srcset=\"https:\/\/topfoodmachine.com\/wp-content\/uploads\/2023\/11\/exported-nut-roaster.webp 720w, https:\/\/topfoodmachine.com\/wp-content\/uploads\/2023\/11\/exported-nut-roaster-300x225.webp 300w, https:\/\/topfoodmachine.com\/wp-content\/uploads\/2023\/11\/exported-nut-roaster-16x12.webp 16w\" sizes=\"auto, (max-width: 720px) 100vw, 720px\" \/><figcaption class=\"wp-element-caption\">tostadora de nueces exportada<\/figcaption><\/figure>    <figure class=\"wp-block-image size-full\"><img loading=\"lazy\" decoding=\"async\" width=\"720\" height=\"540\" data-id=\"1539\" src=\"https:\/\/topfoodmachine.com\/wp-content\/uploads\/2023\/11\/peanut-roasting-machine-for-sale-1.webp\" alt=\"m\u00e1quina de tostar cacahuetes en venta\" class=\"wp-image-1539\" srcset=\"https:\/\/topfoodmachine.com\/wp-content\/uploads\/2023\/11\/peanut-roasting-machine-for-sale-1.webp 720w, https:\/\/topfoodmachine.com\/wp-content\/uploads\/2023\/11\/peanut-roasting-machine-for-sale-1-300x225.webp 300w, https:\/\/topfoodmachine.com\/wp-content\/uploads\/2023\/11\/peanut-roasting-machine-for-sale-1-16x12.webp 16w\" sizes=\"auto, (max-width: 720px) 100vw, 720px\" \/><figcaption class=\"wp-element-caption\">m\u00e1quina de tostar cacahuetes en venta<\/figcaption><\/figure> <\/figure>    <h2 class=\"wp-block-heading\">Par\u00e1metros de la m\u00e1quina tostadora de cacahuetes<\/h2>    <p>Para comprender completamente c\u00f3mo opera la m\u00e1quina, revisemos los par\u00e1metros clave que definen su rendimiento y eficiencia.<\/p>    <figure class=\"wp-block-table\"><table class=\"has-fixed-layout\"><tbody><tr><td>Modelo<\/td><td>Tama\u00f1o (mm)<\/td><td>Capacidad\uff08kg\/h\uff09<\/td><td>Potencia(kw\uff09<\/td><td>Potencia de calefacci\u00f3n el\u00e9ctrica\uff08kw\uff09<\/td><td>Consumo de calefacci\u00f3n a gas\uff08kg\uff09<\/td><\/tr><tr><td>MHK-1<\/td><td>3000*1200*1700<\/td><td>80\u2014120<\/td><td>1.1<\/td><td>18<\/td><td>2-3<\/td><\/tr><tr><td>MHK-2<\/td><td>3000*2200*1700<\/td><td>180\u2014250<\/td><td>2.2<\/td><td>35<\/td><td>3-6<\/td><\/tr><tr><td>MHK-3<\/td><td>3000*3300*1700<\/td><td>280\u2014350<\/td><td>3.3<\/td><td>45<\/td><td>6-9<\/td><\/tr><tr><td>MHK-4<\/td><td>3000*4400*1700<\/td><td>380\u2014450<\/td><td>4.4<\/td><td>60<\/td><td>9-12<\/td><\/tr><tr><td>MHK-5<\/td><td>3000*5500*1700<\/td><td>500&#8211;650<\/td><td>5.5<\/td><td>75<\/td><td>12-15<\/td><\/tr><\/tbody><\/table><figcaption class=\"wp-element-caption\">par\u00e1metros de la m\u00e1quina de tostar cacahuetes<\/figcaption><\/figure>    <figure class=\"wp-block-image size-full\"><img loading=\"lazy\" decoding=\"async\" width=\"720\" height=\"540\" src=\"https:\/\/topfoodmachine.com\/wp-content\/uploads\/2023\/11\/hazelnuts-roasting-machine.webp\" alt=\"m\u00e1quina de tostar avellanas\" class=\"wp-image-1538\" srcset=\"https:\/\/topfoodmachine.com\/wp-content\/uploads\/2023\/11\/hazelnuts-roasting-machine.webp 720w, https:\/\/topfoodmachine.com\/wp-content\/uploads\/2023\/11\/hazelnuts-roasting-machine-300x225.webp 300w, https:\/\/topfoodmachine.com\/wp-content\/uploads\/2023\/11\/hazelnuts-roasting-machine-16x12.webp 16w\" sizes=\"auto, (max-width: 720px) 100vw, 720px\" \/><figcaption class=\"wp-element-caption\">m\u00e1quina de tostar avellanas<\/figcaption><\/figure>    <h2 class=\"wp-block-heading\">Ventajas de la m\u00e1quina tostadora de cacahuetes<\/h2>    <p>Con los detalles operativos y par\u00e1metros en mente, examinemos las ventajas espec\u00edficas de usar una m\u00e1quina de tostar cacahuetes.<\/p>    <ul class=\"wp-block-list\"> <li><strong>Control autom\u00e1tico de temperatura.<\/strong> Configuraciones ajustables para varios materiales.<\/li>    <li><strong>Dise\u00f1o avanzado.<\/strong> Calentamiento r\u00e1pido y estable con alto rendimiento de seguridad.<\/li>    <li><strong>Controlador de tiempo.<\/strong> Tiempo de horneado ajustable con una alarma autom\u00e1tica para reducir la mano de obra.<\/li>    <li><strong>Eficiencia energ\u00e9tica.<\/strong> Ahorra un 10-20% m\u00e1s de energ\u00eda en comparaci\u00f3n con otras m\u00e1quinas.<\/li>    <li><strong>Construcci\u00f3n robusta.<\/strong> Base resistente, marco duradero y tambor rotativo interno.<\/li>    <li><strong>Opciones de calentamiento.<\/strong> Disponible con calentamiento el\u00e9ctrico o a gas.<\/li>    <li><strong>Capacidad y personalizaci\u00f3n.<\/strong> Modelos disponibles en 120kg\/h, 250kg\/h, 350kg\/h y 450kg\/h, con tama\u00f1o y apariencia personalizables.<\/li> <\/ul>    <figure class=\"wp-block-image size-full\"><img loading=\"lazy\" decoding=\"async\" width=\"720\" height=\"540\" src=\"https:\/\/topfoodmachine.com\/wp-content\/uploads\/2023\/11\/Peanut-roasting-machine-1.webp\" alt=\"Tostadora de man\u00ed\" class=\"wp-image-918\" srcset=\"https:\/\/topfoodmachine.com\/wp-content\/uploads\/2023\/11\/Peanut-roasting-machine-1.webp 720w, https:\/\/topfoodmachine.com\/wp-content\/uploads\/2023\/11\/Peanut-roasting-machine-1-300x225.webp 300w\" sizes=\"auto, (max-width: 720px) 100vw, 720px\" \/><figcaption class=\"wp-element-caption\">Tostadora de man\u00ed<\/figcaption><\/figure>    <h2 class=\"wp-block-heading\">\u00bfPor qu\u00e9 elegir comprar una m\u00e1quina tostadora de cacahuetes de Taizy?<\/h2>    <p class=\"translation-block\"><strong>Fortaleza de la empresa<\/strong>. Taizy es un fabricante reconocido con amplia experiencia y altos est\u00e1ndares de producci\u00f3n.<\/p>    <p class=\"translation-block\"><strong>Servicio excepcional.<\/strong> Proporcionamos soporte personalizado y servicio al cliente receptivo para ayudarle a encontrar la m\u00e1quina perfecta y resolver cualquier consulta.<\/p>    <p class=\"translation-block\"><strong>Soporte integral postventa<\/strong>. Ofrecemos asistencia para la instalaci\u00f3n, mantenimiento regular y soluci\u00f3n de problemas r\u00e1pida, junto con piezas de repuesto f\u00e1cilmente disponibles para garantizar un funcionamiento fluido.<\/p>    <figure class=\"wp-block-gallery has-nested-images columns-default is-cropped wp-block-gallery-4 is-layout-flex wp-block-gallery-is-layout-flex\"> <figure class=\"wp-block-image size-full\"><img loading=\"lazy\" decoding=\"async\" width=\"720\" height=\"540\" data-id=\"920\" src=\"https:\/\/topfoodmachine.com\/wp-content\/uploads\/2023\/11\/commercial-Peanut-roasting-machine.webp\" alt=\"tostadora de man\u00ed comercial\" class=\"wp-image-920\" srcset=\"https:\/\/topfoodmachine.com\/wp-content\/uploads\/2023\/11\/commercial-Peanut-roasting-machine.webp 720w, https:\/\/topfoodmachine.com\/wp-content\/uploads\/2023\/11\/commercial-Peanut-roasting-machine-300x225.webp 300w\" sizes=\"auto, (max-width: 720px) 100vw, 720px\" \/><figcaption class=\"wp-element-caption\">tostadora de man\u00ed comercial<\/figcaption><\/figure>    <figure class=\"wp-block-image size-full\"><img loading=\"lazy\" decoding=\"async\" width=\"720\" height=\"540\" data-id=\"1540\" src=\"https:\/\/topfoodmachine.com\/wp-content\/uploads\/2023\/11\/walnuts-roaster.webp\" alt=\"tostadora de nueces\" class=\"wp-image-1540\" srcset=\"https:\/\/topfoodmachine.com\/wp-content\/uploads\/2023\/11\/walnuts-roaster.webp 720w, https:\/\/topfoodmachine.com\/wp-content\/uploads\/2023\/11\/walnuts-roaster-300x225.webp 300w, https:\/\/topfoodmachine.com\/wp-content\/uploads\/2023\/11\/walnuts-roaster-16x12.webp 16w\" sizes=\"auto, (max-width: 720px) 100vw, 720px\" \/><figcaption class=\"wp-element-caption\">tostadora de nueces<\/figcaption><\/figure> <\/figure>    <h2 class=\"wp-block-heading\">Preguntas frecuentes sobre la m\u00e1quina tostadora de nueces<\/h2>    <p>Para abordar cualquier pregunta y preocupaci\u00f3n restante, aqu\u00ed hay algunas preguntas frecuentes sobre la m\u00e1quina de tostar cacahuetes.<\/p>   <div id=\"rank-math-faq\" class=\"rank-math-block\"> <div class=\"rank-math-list\"> <div id=\"faq-question-1722496424491\" class=\"rank-math-list-item\"> <h3 class=\"rank-math-question\">\u00bfC\u00f3mo asegura la m\u00e1quina un tostado uniforme?<\/h3> <div class=\"rank-math-answer\">  <p>La m\u00e1quina cuenta con un tambor rotativo y un dispositivo de propulsi\u00f3n que mueve continuamente el material hacia adelante, asegurando un calentamiento uniforme durante el proceso de tostado.<\/p>  <\/div> <\/div> <div id=\"faq-question-1722496451370\" class=\"rank-math-list-item\"> <h3 class=\"rank-math-question\">\u00bfLa m\u00e1quina da\u00f1ar\u00e1 el material durante el tostado?<\/h3> <div class=\"rank-math-answer\">  <p>La m\u00e1quina utiliza conducci\u00f3n y radiaci\u00f3n de calor sin contacto directo con llamas o elementos calefactores, evitando da\u00f1os a los materiales.<\/p>  <\/div> <\/div> <div id=\"faq-question-1722496465671\" class=\"rank-math-list-item\"> <h3 class=\"rank-math-question\">\u00bfEs segura de usar la m\u00e1quina?<\/h3> <div class=\"rank-math-answer\">  <p>S\u00ed, la m\u00e1quina est\u00e1 dise\u00f1ada con altos est\u00e1ndares de seguridad, incluyendo sistemas de calefacci\u00f3n confiables y caracter\u00edsticas de control de temperatura para asegurar un funcionamiento seguro.<\/p>  <\/div> <\/div> <div id=\"faq-question-1722496478838\" class=\"rank-math-list-item\"> <h3 class=\"rank-math-question\">\u00bfSe puede personalizar la m\u00e1quina?<\/h3> <div class=\"rank-math-answer\">  <p>S\u00ed, ofrecemos opciones de personalizaci\u00f3n para el tama\u00f1o, apariencia, m\u00e9todo de calefacci\u00f3n y capacidad de la m\u00e1quina seg\u00fan los requisitos espec\u00edficos del cliente.<\/p>  <\/div> <\/div> <div id=\"faq-question-1722496499004\" class=\"rank-math-list-item\"> <h3 class=\"rank-math-question\">\u00bfEs f\u00e1cil el mantenimiento y la limpieza de la m\u00e1quina?<\/h3> <div class=\"rank-math-answer\">  <p>La m\u00e1quina est\u00e1 dise\u00f1ada con una estructura simple que facilita el mantenimiento y la limpieza diaria.<\/p>  <\/div> <\/div> <div id=\"faq-question-1722497042163\" class=\"rank-math-list-item\"> <h3 class=\"rank-math-question\">\u00bfCu\u00e1l es el precio de la m\u00e1quina tostadora de cacahuetes?<\/h3> <div class=\"rank-math-answer\">  <p>El precio de la m\u00e1quina de tostar cacahuetes var\u00eda seg\u00fan el modelo, la capacidad y las opciones de personalizaci\u00f3n. Para obtener un presupuesto preciso, cont\u00e1ctenos con sus requisitos espec\u00edficos y proporcionaremos un precio detallado basado en sus necesidades.<\/p>  <\/div> <\/div> <\/div> <\/div>   <figure class=\"wp-block-image size-full\"><img loading=\"lazy\" decoding=\"async\" width=\"720\" height=\"540\" src=\"https:\/\/topfoodmachine.com\/wp-content\/uploads\/2023\/11\/Peanut-roasting-machine-for-sale.webp\" alt=\"Vendo tostadora de man\u00ed\" class=\"wp-image-917\" srcset=\"https:\/\/topfoodmachine.com\/wp-content\/uploads\/2023\/11\/Peanut-roasting-machine-for-sale.webp 720w, https:\/\/topfoodmachine.com\/wp-content\/uploads\/2023\/11\/Peanut-roasting-machine-for-sale-300x225.webp 300w\" sizes=\"auto, (max-width: 720px) 100vw, 720px\" \/><figcaption class=\"wp-element-caption\">Vendo tostadora de man\u00ed<\/figcaption><\/figure>    <h2 class=\"wp-block-heading\">Conclusi\u00f3n<\/h2>    <p class=\"translation-block\">En conclusi\u00f3n, la <a href=\"https:\/\/en.wikipedia.org\/wiki\/Groundnut\" data-type=\"link\" data-id=\"https:\/\/en.wikipedia.org\/wiki\/Groundnut\" target=\"_blank\" rel=\"noopener\">m\u00e1quina de tostado de cacahuetes<\/a> es una herramienta esencial para mejorar el sabor, la textura y el aroma de diversas nueces, haci\u00e9ndolas ideales para diversas aplicaciones culinarias. Su versatilidad, eficiencia energ\u00e9tica y opciones personalizables la convierten en una valiosa adici\u00f3n a cualquier operaci\u00f3n de procesamiento de alimentos.<\/p>    <p class=\"translation-block\">Tambi\u00e9n ofrecemos una gama de otras m\u00e1quinas de procesamiento de cacahuetes, incluyendo la <a href=\"https:\/\/topfoodmachine.com\/es\/product\/peanut-peeling-machine\/\" data-type=\"link\" data-id=\"https:\/\/topfoodmachine.com\/product\/peanut-peeling-machine\/\">M\u00e1quina Peladora de Cacahuetes<\/a>, <a href=\"https:\/\/topfoodmachine.com\/es\/product\/peanut-coating-machine\/\" data-type=\"link\" data-id=\"https:\/\/topfoodmachine.com\/product\/peanut-coating-machine\/\">M\u00e1quina de Recubrimiento de Cacahuetes<\/a>, y <a href=\"https:\/\/topfoodmachine.com\/es\/product\/peanut-half-cutting-machine\/\" data-type=\"link\" data-id=\"https:\/\/topfoodmachine.com\/product\/peanut-half-cutting-machine\/\">M\u00e1quina de Corte de Mitades de Cacahuetes<\/a>. Para consultas y m\u00e1s informaci\u00f3n, no dude en contactarnos. Esperamos poder atender sus necesidades.<\/p>    <p><\/p>","protected":false},"excerpt":{"rendered":"<p>La m\u00e1quina de tostar cacahuetes es adecuada para secar cacahuetes, semillas de s\u00e9samo, nueces y otros materiales. El producto terminado no solo tiene un gran sabor, sino que tambi\u00e9n es rentable.<\/p>","protected":false},"author":1,"featured_media":916,"parent":0,"template":"","tags":[30,68,67,69,70],"product-type":[5],"class_list":["post-915","product","type-product","status-publish","has-post-thumbnail","hentry","tag-food-machine","tag-groundnut","tag-peanut","tag-roaster-machine","tag-roasting","product-type-nuts-processing-machine"],"_links":{"self":[{"href":"https:\/\/topfoodmachine.com\/es\/wp-json\/wp\/v2\/product\/915","targetHints":{"allow":["GET"]}}],"collection":[{"href":"https:\/\/topfoodmachine.com\/es\/wp-json\/wp\/v2\/product"}],"about":[{"href":"https:\/\/topfoodmachine.com\/es\/wp-json\/wp\/v2\/types\/product"}],"author":[{"embeddable":true,"href":"https:\/\/topfoodmachine.com\/es\/wp-json\/wp\/v2\/users\/1"}],"wp:featuredmedia":[{"embeddable":true,"href":"https:\/\/topfoodmachine.com\/es\/wp-json\/wp\/v2\/media\/916"}],"wp:attachment":[{"href":"https:\/\/topfoodmachine.com\/es\/wp-json\/wp\/v2\/media?parent=915"}],"wp:term":[{"taxonomy":"post_tag","embeddable":true,"href":"https:\/\/topfoodmachine.com\/es\/wp-json\/wp\/v2\/tags?post=915"},{"taxonomy":"product-type","embeddable":true,"href":"https:\/\/topfoodmachine.com\/es\/wp-json\/wp\/v2\/product-type?post=915"}],"curies":[{"name":"wp","href":"https:\/\/api.w.org\/{rel}","templated":true}]}}