{"id":886,"date":"2023-11-01T11:26:43","date_gmt":"2023-11-01T03:26:43","guid":{"rendered":"https:\/\/topfoodmachine.com\/?post_type=product&#038;p=886"},"modified":"2024-08-19T18:16:32","modified_gmt":"2024-08-19T10:16:32","slug":"egg-roll-machine","status":"publish","type":"product","link":"https:\/\/topfoodmachine.com\/es\/product\/egg-roll-machine\/","title":{"rendered":"m\u00e1quina de rollo de huevo"},"content":{"rendered":"<div class=\"kk-star-ratings kksr-auto kksr-align-left kksr-valign-top\"     data-payload='{&quot;align&quot;:&quot;left&quot;,&quot;id&quot;:&quot;886&quot;,&quot;slug&quot;:&quot;default&quot;,&quot;valign&quot;:&quot;top&quot;,&quot;ignore&quot;:&quot;&quot;,&quot;reference&quot;:&quot;auto&quot;,&quot;class&quot;:&quot;&quot;,&quot;count&quot;:&quot;14&quot;,&quot;legendonly&quot;:&quot;&quot;,&quot;readonly&quot;:&quot;&quot;,&quot;score&quot;:&quot;4.9&quot;,&quot;starsonly&quot;:&quot;&quot;,&quot;best&quot;:&quot;5&quot;,&quot;gap&quot;:&quot;5&quot;,&quot;greet&quot;:&quot;Rate this product&quot;,&quot;legend&quot;:&quot;4.9\\\/5 - (14 votos)&quot;,&quot;size&quot;:&quot;24&quot;,&quot;title&quot;:&quot;Egg roll machine&quot;,&quot;width&quot;:&quot;139.6&quot;,&quot;_legend&quot;:&quot;{score}\\\/{best} - ({count} {votes})&quot;,&quot;font_factor&quot;:&quot;1.25&quot;}'>              <div class=\"kksr-stars\">      <div class=\"kksr-stars-inactive\">             <div class=\"kksr-star\" data-star=\"1\" style=\"padding-right: 5px\">               <div class=\"kksr-icon\" style=\"width: 24px; height: 24px;\"><\/div>         <\/div>             <div class=\"kksr-star\" data-star=\"2\" style=\"padding-right: 5px\">               <div class=\"kksr-icon\" style=\"width: 24px; height: 24px;\"><\/div>         <\/div>             <div class=\"kksr-star\" data-star=\"3\" style=\"padding-right: 5px\">               <div class=\"kksr-icon\" style=\"width: 24px; height: 24px;\"><\/div>         <\/div>             <div class=\"kksr-star\" data-star=\"4\" style=\"padding-right: 5px\">               <div class=\"kksr-icon\" style=\"width: 24px; height: 24px;\"><\/div>         <\/div>             <div class=\"kksr-star\" data-star=\"5\" style=\"padding-right: 5px\">               <div class=\"kksr-icon\" style=\"width: 24px; height: 24px;\"><\/div>         <\/div>     <\/div>      <div class=\"kksr-stars-active\" style=\"width: 139.6px;\">             <div class=\"kksr-star\" style=\"padding-right: 5px\">               <div class=\"kksr-icon\" style=\"width: 24px; height: 24px;\"><\/div>         <\/div>             <div class=\"kksr-star\" style=\"padding-right: 5px\">               <div class=\"kksr-icon\" style=\"width: 24px; height: 24px;\"><\/div>         <\/div>             <div class=\"kksr-star\" style=\"padding-right: 5px\">               <div class=\"kksr-icon\" style=\"width: 24px; height: 24px;\"><\/div>         <\/div>             <div class=\"kksr-star\" style=\"padding-right: 5px\">               <div class=\"kksr-icon\" style=\"width: 24px; height: 24px;\"><\/div>         <\/div>             <div class=\"kksr-star\" style=\"padding-right: 5px\">               <div class=\"kksr-icon\" style=\"width: 24px; height: 24px;\"><\/div>         <\/div>     <\/div> <\/div>                   <div class=\"kksr-legend\" style=\"font-size: 19.2px;\">             4,9\/5 - (14 votos)    <\/div>     <\/div>  <p>La m\u00e1quina autom\u00e1tica de rollos de huevo es altamente vers\u00e1til, capaz de producir una amplia variedad de bocadillos crujientes. Crea varios rollos de huevo, incluyendo panqueques delgados, crepas y bocadillos crujientes. Adem\u00e1s, se puede utilizar para hacer conos de waffle, perfectos para helados.<\/p>    <p>La m\u00e1quina para hacer rollos de huevo est\u00e1 dise\u00f1ada para ser f\u00e1cil de usar, requiriendo solo un operador. Con una capacidad de producci\u00f3n que var\u00eda de 300 a 1200 kg\/h y opciones de bandeja personalizables de 6 a 18, ofrece tanto flexibilidad como eficiencia. La m\u00e1quina asegura que cada producto sea uniformemente crujiente, delicioso y visualmente atractivo.<\/p>    <figure class=\"wp-block-embed is-type-video is-provider-youtube wp-block-embed-youtube wp-embed-aspect-16-9 wp-has-aspect-ratio\"><div class=\"wp-block-embed__wrapper\"> <iframe loading=\"lazy\" title=\"Crujientes, doradas y deliciosas: \u00a1el secreto detr\u00e1s de las m\u00e1quinas comerciales para hacer rollos de huevo! #eggroll\" width=\"500\" height=\"281\" src=\"https:\/\/www.youtube.com\/embed\/00O4h22ybig?start=32&#038;feature=oembed\" frameborder=\"0\" allow=\"accelerometer; autoplay; clipboard-write; encrypted-media; gyroscope; picture-in-picture; web-share\" referrerpolicy=\"strict-origin-when-cross-origin\" allowfullscreen><\/iframe> <\/div><figcaption class=\"wp-element-caption\">video de trabajo de la m\u00e1quina para hacer rollos de huevo<\/figcaption><\/figure>    <h2 class=\"wp-block-heading\">M\u00e1quina de rollos de huevo en venta<\/h2>    <p>Ofrecemos una gama de m\u00e1quinas para hacer rollos de huevo para satisfacer diversas necesidades de producci\u00f3n: los modelos de 8 cabezales, 10 cabezales y 12 cabezales. Cada m\u00e1quina cuenta con patrones de moldes personalizables, incluyendo planos, cuadrados y rayas, con la opci\u00f3n de personalizaciones especiales disponibles a trav\u00e9s de nuestro soporte en l\u00ednea 24 horas.<\/p>    <p>Nuestras m\u00e1quinas tambi\u00e9n permiten la personalizaci\u00f3n de tama\u00f1os de placas de calefacci\u00f3n y pueden producir diferentes formas como rollos cil\u00edndricos, rollos Phoenix y conos de helado. Est\u00e1n disponibles en configuraciones de 380V y 220V, acomodando diversos requisitos el\u00e9ctricos.<\/p>    <p>Servimos a un mercado global, incluyendo regiones como Estados Unidos, India, Jap\u00f3n, Corea del Sur, Brasil, M\u00e9xico, Rusia y pa\u00edses del sudeste asi\u00e1tico como Indonesia, Malasia y Tailandia. Si est\u00e1s interesado en nuestra m\u00e1quina, \u00a1no dudes en contactarnos!<\/p>    <figure class=\"wp-block-gallery has-nested-images columns-default is-cropped wp-block-gallery-2 is-layout-flex wp-block-gallery-is-layout-flex\"> <figure class=\"wp-block-image size-large\"><img loading=\"lazy\" decoding=\"async\" width=\"720\" height=\"540\" data-id=\"1551\" src=\"https:\/\/topfoodmachine.com\/wp-content\/uploads\/2023\/11\/crispy-egg-roll-wrapping-machine.webp\" alt=\"m\u00e1quina para envolver rollos de huevo crujientes\" class=\"wp-image-1551\" srcset=\"https:\/\/topfoodmachine.com\/wp-content\/uploads\/2023\/11\/crispy-egg-roll-wrapping-machine.webp 720w, https:\/\/topfoodmachine.com\/wp-content\/uploads\/2023\/11\/crispy-egg-roll-wrapping-machine-300x225.webp 300w, https:\/\/topfoodmachine.com\/wp-content\/uploads\/2023\/11\/crispy-egg-roll-wrapping-machine-16x12.webp 16w\" sizes=\"auto, (max-width: 720px) 100vw, 720px\" \/><figcaption class=\"wp-element-caption\">m\u00e1quina para envolver rollos de huevo crujientes<\/figcaption><\/figure>    <figure class=\"wp-block-image size-large\"><img loading=\"lazy\" decoding=\"async\" width=\"720\" height=\"540\" data-id=\"1552\" src=\"https:\/\/topfoodmachine.com\/wp-content\/uploads\/2023\/11\/egg-roll-machine-for-sale.webp\" alt=\"m\u00e1quina para rollos de huevo en venta\" class=\"wp-image-1552\" srcset=\"https:\/\/topfoodmachine.com\/wp-content\/uploads\/2023\/11\/egg-roll-machine-for-sale.webp 720w, https:\/\/topfoodmachine.com\/wp-content\/uploads\/2023\/11\/egg-roll-machine-for-sale-300x225.webp 300w, https:\/\/topfoodmachine.com\/wp-content\/uploads\/2023\/11\/egg-roll-machine-for-sale-16x12.webp 16w\" sizes=\"auto, (max-width: 720px) 100vw, 720px\" \/><figcaption class=\"wp-element-caption\">m\u00e1quina para rollos de huevo en venta<\/figcaption><\/figure> <\/figure>    <h2 class=\"wp-block-heading\"><strong>Caracter\u00edsticas clave de nuestra m\u00e1quina para hacer rollos de huevo<\/strong><\/h2>    <ul class=\"wp-block-list\"> <li><strong>Construcci\u00f3n robusta.<\/strong> Hecho con un marco de acero inoxidable grueso y un molde de aluminio para una excelente durabilidad a alta temperatura.<\/li>    <li><strong>Calentamiento eficiente.<\/strong> Cuenta con tubos resistentes al calor importados que aseguran una distribuci\u00f3n uniforme del calor para resultados consistentes.<\/li>    <li><strong>Control de temperatura preciso.<\/strong> Configuraciones de temperatura ajustables de 160-175\u00b0C para una cocci\u00f3n precisa.<\/li>    <li><strong>Pegado autom\u00e1tico.<\/strong> Previene desorden al eliminar el derrame de pasta durante el proceso de envasado.<\/li>    <li><strong><a href=\"https:\/\/en.wikipedia.org\/wiki\/Non-stick_surface\" data-type=\"link\" data-id=\"https:\/\/en.wikipedia.org\/wiki\/Non-stick_surface\" target=\"_blank\" rel=\"noopener\">Antiadherente<\/a> plato de calefacci\u00f3n.<\/strong> No requiere cepillado de aceite, lo que permite una f\u00e1cil extracci\u00f3n de los rollos de huevo.<\/li>    <li><strong>Cocci\u00f3n uniforme.<\/strong> Las hojas de calefacci\u00f3n con patr\u00f3n de rejilla aseguran una distribuci\u00f3n uniforme del calor.<\/li> <\/ul>    <figure class=\"wp-block-image size-full\"><img loading=\"lazy\" decoding=\"async\" width=\"720\" height=\"540\" src=\"https:\/\/topfoodmachine.com\/wp-content\/uploads\/2023\/11\/egg-master-roll.webp\" alt=\"hacer rollos de huevo\" class=\"wp-image-888\" srcset=\"https:\/\/topfoodmachine.com\/wp-content\/uploads\/2023\/11\/egg-master-roll.webp 720w, https:\/\/topfoodmachine.com\/wp-content\/uploads\/2023\/11\/egg-master-roll-300x225.webp 300w\" sizes=\"auto, (max-width: 720px) 100vw, 720px\" \/><figcaption class=\"wp-element-caption\">hacer rollos de huevo<\/figcaption><\/figure>    <ul class=\"wp-block-list\"> <li><strong>Tama\u00f1o y grosor personalizables.<\/strong> Ajuste el tama\u00f1o y grosor del rollo de huevo variando la cantidad de envasado.<\/li>    <li><strong>Velocidad ajustable.<\/strong> Las configuraciones de velocidad se pueden modificar seg\u00fan la experiencia del operador.<\/li>    <li><strong>Configuraciones de temperatura individuales.<\/strong> Cada plato de calefacci\u00f3n se puede controlar por separado, variando de 0 a 200\u00b0C.<\/li>    <li><strong>Ajuste autom\u00e1tico de platos.<\/strong> Simplifica el reemplazo de platos sin interrumpir la producci\u00f3n.<\/li>    <li><strong>F\u00f3rmulas flexibles.<\/strong> Acomoda una variedad de ingredientes, incluyendo alga marina, crema, papa morada, avena, s\u00e9samo, chocolate y leche en polvo.<\/li> <\/ul>    <figure class=\"wp-block-image size-full\"><img loading=\"lazy\" decoding=\"async\" width=\"720\" height=\"540\" src=\"https:\/\/topfoodmachine.com\/wp-content\/uploads\/2023\/11\/baking-trays-with-different-shapes.webp\" alt=\"bandejas para hornear con diferentes formas\" class=\"wp-image-889\" srcset=\"https:\/\/topfoodmachine.com\/wp-content\/uploads\/2023\/11\/baking-trays-with-different-shapes.webp 720w, https:\/\/topfoodmachine.com\/wp-content\/uploads\/2023\/11\/baking-trays-with-different-shapes-300x225.webp 300w\" sizes=\"auto, (max-width: 720px) 100vw, 720px\" \/><figcaption class=\"wp-element-caption\">bandejas para hornear con diferentes formas<\/figcaption><\/figure>    <h2 class=\"wp-block-heading\">\u00bfC\u00f3mo funciona la m\u00e1quina de envoltura de rollos de huevo?<\/h2>    <ol class=\"wp-block-list\"> <li><strong>Configuraci\u00f3n<\/strong> <ul class=\"wp-block-list\"> <li>Verifica que todas las partes est\u00e9n correctamente instaladas.<\/li>    <li>Enciende el interruptor principal; el indicador de energ\u00eda se encender\u00e1.<\/li> <\/ul> <\/li>    <li><strong>Preparaci\u00f3n<\/strong> <ul class=\"wp-block-list\"> <li>Inserta el enchufe de voltaje de inyecci\u00f3n y la tr\u00e1quea, luego activa la bomba de aire.<\/li>    <li>Presiona el bot\u00f3n de operaci\u00f3n para iniciar la caja de calefacci\u00f3n y la mesa giratoria.<\/li> <\/ul> <\/li>    <li><strong>Calefacci\u00f3n<\/strong> <ul class=\"wp-block-list\"> <li>Enciende el interruptor de calefacci\u00f3n.<\/li>    <li>Configura la temperatura deseada en el controlador seg\u00fan el grosor del rollo de huevo.<\/li> <\/ul> <\/li>    <li><strong>Ajustes<\/strong> <ul class=\"wp-block-list\"> <li>Inclina la varilla de pasta hacia arriba en 5 grados y col\u00f3cala en la caja de calefacci\u00f3n.<\/li>    <li>Cuando se alcance la temperatura establecida, enciende el interruptor de pasta para iniciar la aplicaci\u00f3n autom\u00e1tica de pasta.<\/li> <\/ul> <\/li>    <li><strong>Producci\u00f3n<\/strong> <ul class=\"wp-block-list\"> <li>Calienta la m\u00e1quina durante 15 minutos.<\/li>    <li>Engrasa ligeramente las partes superior e inferior.<\/li>    <li>Conecta la bomba de materia prima para la ca\u00edda autom\u00e1tica de pasta, luego retira la envoltura del rollo de huevo despu\u00e9s de un ciclo.<\/li> <\/ul> <\/li> <\/ol>    <p>Este proceso optimizado asegura una producci\u00f3n eficiente y consistente de envolturas de rollo de huevo.<\/p>    <figure class=\"wp-block-image size-full\"><img loading=\"lazy\" decoding=\"async\" width=\"720\" height=\"540\" src=\"https:\/\/topfoodmachine.com\/wp-content\/uploads\/2023\/11\/egg-roll-maker.webp\" alt=\"fabricante de rollos de huevo\" class=\"wp-image-895\" srcset=\"https:\/\/topfoodmachine.com\/wp-content\/uploads\/2023\/11\/egg-roll-maker.webp 720w, https:\/\/topfoodmachine.com\/wp-content\/uploads\/2023\/11\/egg-roll-maker-300x225.webp 300w\" sizes=\"auto, (max-width: 720px) 100vw, 720px\" \/><figcaption class=\"wp-element-caption\">fabricante de rollos de huevo<\/figcaption><\/figure>    <h2 class=\"wp-block-heading\">Par\u00e1metros t\u00e9cnicos de la m\u00e1quina para fabricar rollos de huevo.<\/h2>    <figure class=\"wp-block-table\"><table class=\"has-fixed-layout\"><tbody><tr><td>Modelo<\/td><td>Tama\u00f1o (mm)<\/td><td>Grosor(mm)<\/td><td>Di\u00e1metros de rollo de huevo(cm)<\/td><td>Voltaje<\/td><td>Peso (kg)<\/td><td>Capacidad (piezas\/h)<\/td><\/tr><tr><td>TZ-6<\/td><td>1400*1400*1250<\/td><td>0.5-4<\/td><td>7-20<\/td><td>380v\/50hz<\/td><td>250<\/td><td>300<\/td><\/tr><tr><td>TZ-9<\/td><td>1600*1600*1250<\/td><td>0.5-4<\/td><td>7-20<\/td><td>380v\/50hz<\/td><td>270<\/td><td>400-600<\/td><\/tr><tr><td>TZ-12<\/td><td>1950*1950*1700<\/td><td>0.5-4<\/td><td>7-20<\/td><td>380v\/50hz<\/td><td>300<\/td><td>600-800<\/td><\/tr><tr><td>TZ-15<\/td><td>2050*2050*1750<\/td><td>0.5-4<\/td><td>7-20<\/td><td>380v\/50hz<\/td><td>330<\/td><td>800-1000<\/td><\/tr><\/tbody><\/table><figcaption class=\"wp-element-caption\">par\u00e1metros de la m\u00e1quina de rollos de huevo<\/figcaption><\/figure>    <h2 class=\"wp-block-heading\">El producto final de la m\u00e1quina enrolladora de rollos de huevo<\/h2>    <figure class=\"wp-block-gallery has-nested-images columns-default is-cropped wp-block-gallery-3 is-layout-flex wp-block-gallery-is-layout-flex\"> <figure class=\"wp-block-image size-large\"><img loading=\"lazy\" decoding=\"async\" width=\"720\" height=\"540\" data-id=\"892\" src=\"https:\/\/topfoodmachine.com\/wp-content\/uploads\/2023\/11\/cone.webp\" alt=\"cono\" class=\"wp-image-892\" srcset=\"https:\/\/topfoodmachine.com\/wp-content\/uploads\/2023\/11\/cone.webp 720w, https:\/\/topfoodmachine.com\/wp-content\/uploads\/2023\/11\/cone-300x225.webp 300w\" sizes=\"auto, (max-width: 720px) 100vw, 720px\" \/><figcaption class=\"wp-element-caption\">cono<\/figcaption><\/figure>    <figure class=\"wp-block-image size-large\"><img loading=\"lazy\" decoding=\"async\" width=\"720\" height=\"540\" data-id=\"894\" src=\"https:\/\/topfoodmachine.com\/wp-content\/uploads\/2023\/11\/industrial-ice-cream-cones-making.webp\" alt=\"Fabricaci\u00f3n industrial de conos de helado.\" class=\"wp-image-894\" srcset=\"https:\/\/topfoodmachine.com\/wp-content\/uploads\/2023\/11\/industrial-ice-cream-cones-making.webp 720w, https:\/\/topfoodmachine.com\/wp-content\/uploads\/2023\/11\/industrial-ice-cream-cones-making-300x225.webp 300w\" sizes=\"auto, (max-width: 720px) 100vw, 720px\" \/><figcaption class=\"wp-element-caption\">Fabricaci\u00f3n industrial de conos de helado.<\/figcaption><\/figure>    <figure class=\"wp-block-image size-large\"><img loading=\"lazy\" decoding=\"async\" width=\"720\" height=\"540\" data-id=\"893\" src=\"https:\/\/topfoodmachine.com\/wp-content\/uploads\/2023\/11\/egg-rolls.webp\" alt=\"rollos de huevo\" class=\"wp-image-893\" srcset=\"https:\/\/topfoodmachine.com\/wp-content\/uploads\/2023\/11\/egg-rolls.webp 720w, https:\/\/topfoodmachine.com\/wp-content\/uploads\/2023\/11\/egg-rolls-300x225.webp 300w\" sizes=\"auto, (max-width: 720px) 100vw, 720px\" \/><figcaption class=\"wp-element-caption\">rollos de huevo<\/figcaption><\/figure> <\/figure>    <h2 class=\"wp-block-heading\">Equipo de soporte de la m\u00e1quina autom\u00e1tica de rollos de huevo.<\/h2>    <h3 class=\"wp-block-heading\">maquina mezcladora<\/h3>    <ul class=\"wp-block-list\"> <li><strong>Estructura<\/strong>: La m\u00e1quina mezcladora normalmente consta de un cuerpo, un motor el\u00e9ctrico y un dispositivo mezclador. El cuerpo suele estar fabricado de acero inoxidable para garantizar la higiene y la seguridad.<\/li>    <li><strong>Funci\u00f3n<\/strong>: La m\u00e1quina mezcladora se utiliza principalmente para mezclar los ingredientes del rollito de huevo. Su dispositivo mezclador puede mezclar r\u00e1pida y uniformemente varios ingredientes, asegurando una consistencia uniforme del relleno, mejorando as\u00ed la textura y la calidad del rollo de huevo.<\/li> <\/ul>    <figure class=\"wp-block-image size-full\"><img loading=\"lazy\" decoding=\"async\" width=\"720\" height=\"540\" src=\"https:\/\/topfoodmachine.com\/wp-content\/uploads\/2023\/11\/mixing-machine.webp\" alt=\"maquina mezcladora\" class=\"wp-image-890\" srcset=\"https:\/\/topfoodmachine.com\/wp-content\/uploads\/2023\/11\/mixing-machine.webp 720w, https:\/\/topfoodmachine.com\/wp-content\/uploads\/2023\/11\/mixing-machine-300x225.webp 300w\" sizes=\"auto, (max-width: 720px) 100vw, 720px\" \/><figcaption class=\"wp-element-caption\">maquina mezcladora<\/figcaption><\/figure>    <h3 class=\"wp-block-heading\"><strong>M\u00e1quina de enrollar<\/strong><\/h3>    <ul class=\"wp-block-list\"> <li><strong>Estructura<\/strong>: La m\u00e1quina laminadora normalmente consta de rodillos, un mecanismo de transmisi\u00f3n y otros componentes. Los rodillos suelen estar fabricados con materiales aptos para uso alimentario para garantizar la seguridad alimentaria.<\/li>    <li><strong>Funci\u00f3n<\/strong>: La m\u00e1quina de enrollar se utiliza para enrollar la capa exterior horneada del rollo de huevo en una forma uniforme. Ajustar la velocidad y la presi\u00f3n de los rodillos asegura que el rollo de huevo mantenga un estado enrollado apretado.<\/li> <\/ul>    <h3 class=\"wp-block-heading\">M\u00e1quina formadora<\/h3>    <ul class=\"wp-block-list\"> <li><strong>Estructura<\/strong>: La m\u00e1quina formadora est\u00e1 dise\u00f1ada con moldes que se pueden personalizar seg\u00fan requisitos espec\u00edficos.<\/li>    <li><strong>Funci\u00f3n<\/strong>: La m\u00e1quina formadora es la encargada de darle su forma final al huevo enrollado. Utiliza moldes preestablecidos para darle forma al rollito de huevo, asegurando que mantenga la forma deseada.<\/li> <\/ul>    <figure class=\"wp-block-image size-full\"><img loading=\"lazy\" decoding=\"async\" width=\"720\" height=\"540\" src=\"https:\/\/topfoodmachine.com\/wp-content\/uploads\/2023\/11\/egg-roll-machine-maker.webp\" alt=\"m\u00e1quina para hacer rollos de huevo\" class=\"wp-image-891\" srcset=\"https:\/\/topfoodmachine.com\/wp-content\/uploads\/2023\/11\/egg-roll-machine-maker.webp 720w, https:\/\/topfoodmachine.com\/wp-content\/uploads\/2023\/11\/egg-roll-machine-maker-300x225.webp 300w\" sizes=\"auto, (max-width: 720px) 100vw, 720px\" \/><figcaption class=\"wp-element-caption\">m\u00e1quina para hacer rollos de huevo<\/figcaption><\/figure>    <h2 class=\"wp-block-heading\">Precio de la m\u00e1quina de rollo de huevo<\/h2>    <p>El precio de la m\u00e1quina de rollo de huevo depende de factores como el n\u00famero de placas de horneado, el m\u00e9todo de calefacci\u00f3n y la cantidad del pedido. Esta m\u00e1quina eficiente, hecha de acero inoxidable y aluminio duraderos, cuenta con tubos de calefacci\u00f3n avanzados para un control preciso de la temperatura y una cocci\u00f3n uniforme. <\/p>    <p>Caracter\u00edsticas adicionales, como configuraciones personalizables para tama\u00f1o, grosor y temperatura, contribuyen a la versatilidad de la m\u00e1quina. El precio puede variar con el n\u00famero de placas y m\u00e9todos de calefacci\u00f3n, y las compras al por mayor pueden ofrecer descuentos. <\/p>    <figure class=\"wp-block-image size-large\"><img loading=\"lazy\" decoding=\"async\" width=\"720\" height=\"540\" src=\"https:\/\/topfoodmachine.com\/wp-content\/uploads\/2023\/11\/egg-rolls-1.webp\" alt=\"rollos de huevo\" class=\"wp-image-1555\" srcset=\"https:\/\/topfoodmachine.com\/wp-content\/uploads\/2023\/11\/egg-rolls-1.webp 720w, https:\/\/topfoodmachine.com\/wp-content\/uploads\/2023\/11\/egg-rolls-1-300x225.webp 300w, https:\/\/topfoodmachine.com\/wp-content\/uploads\/2023\/11\/egg-rolls-1-16x12.webp 16w\" sizes=\"auto, (max-width: 720px) 100vw, 720px\" \/><figcaption class=\"wp-element-caption\">rollos de huevo<\/figcaption><\/figure>    <h2 class=\"wp-block-heading\">\u00a1Cont\u00e1ctanos!<\/h2>    <p>En resumen, nuestra m\u00e1quina de rollos de huevo se destaca por su construcci\u00f3n duradera, control preciso de temperatura y funciones autom\u00e1ticas eficientes, lo que la convierte en una excelente opci\u00f3n para la producci\u00f3n de rollos de huevo de alta calidad. Con configuraciones personalizables y caracter\u00edsticas vers\u00e1tiles, garantiza resultados consistentes y deliciosos en cada lote.<\/p>    <p class=\"translation-block\">Adem\u00e1s, ofrecemos una gama de otras m\u00e1quinas de procesamiento de alimentos para satisfacer diversas necesidades de producci\u00f3n, incluyendo <a href=\"https:\/\/topfoodmachine.com\/es\/product\/ice-cream-cone-making-machine\/\" data-type=\"link\" data-id=\"https:\/\/topfoodmachine.com\/product\/ice-cream-cone-making-machine\/\">m\u00e1quinas para hacer conos de helado<\/a>, <a href=\"https:\/\/topfoodmachine.com\/es\/product\/cookie-making-machine\/\" data-type=\"link\" data-id=\"https:\/\/topfoodmachine.com\/product\/cookie-making-machine\/\">m\u00e1quinas para hacer galletas<\/a>, y <a href=\"https:\/\/topfoodmachine.com\/es\/product\/cupcake-filling-machine\/\" data-type=\"link\" data-id=\"https:\/\/topfoodmachine.com\/product\/cupcake-filling-machine\/\">m\u00e1quinas para rellenar cupcakes<\/a>. Explora nuestra l\u00ednea completa de productos para encontrar la soluci\u00f3n perfecta para tus requisitos de producci\u00f3n.<\/p>    <figure class=\"wp-block-gallery has-nested-images columns-default is-cropped wp-block-gallery-4 is-layout-flex wp-block-gallery-is-layout-flex\"> <figure class=\"wp-block-image size-large\"><img loading=\"lazy\" decoding=\"async\" width=\"720\" height=\"540\" data-id=\"1303\" src=\"https:\/\/topfoodmachine.com\/wp-content\/uploads\/2024\/05\/Ice-cream-cone-making-machine-for-business.webp\" alt=\"M\u00e1quina para hacer conos de helado para negocios\" class=\"wp-image-1303\" srcset=\"https:\/\/topfoodmachine.com\/wp-content\/uploads\/2024\/05\/Ice-cream-cone-making-machine-for-business.webp 720w, https:\/\/topfoodmachine.com\/wp-content\/uploads\/2024\/05\/Ice-cream-cone-making-machine-for-business-300x225.webp 300w, https:\/\/topfoodmachine.com\/wp-content\/uploads\/2024\/05\/Ice-cream-cone-making-machine-for-business-16x12.webp 16w\" sizes=\"auto, (max-width: 720px) 100vw, 720px\" \/><figcaption class=\"wp-element-caption\">M\u00e1quina para hacer conos de helado para negocios<\/figcaption><\/figure>    <figure class=\"wp-block-image size-large\"><img loading=\"lazy\" decoding=\"async\" width=\"720\" height=\"540\" data-id=\"1236\" src=\"https:\/\/topfoodmachine.com\/wp-content\/uploads\/2024\/04\/Cookie-making-machine.webp\" alt=\"M\u00e1quina para hacer galletas\" class=\"wp-image-1236\" srcset=\"https:\/\/topfoodmachine.com\/wp-content\/uploads\/2024\/04\/Cookie-making-machine.webp 720w, https:\/\/topfoodmachine.com\/wp-content\/uploads\/2024\/04\/Cookie-making-machine-300x225.webp 300w, https:\/\/topfoodmachine.com\/wp-content\/uploads\/2024\/04\/Cookie-making-machine-16x12.webp 16w\" sizes=\"auto, (max-width: 720px) 100vw, 720px\" \/><figcaption class=\"wp-element-caption\">M\u00e1quina para hacer galletas<\/figcaption><\/figure>    <figure class=\"wp-block-image size-large\"><img loading=\"lazy\" decoding=\"async\" width=\"720\" height=\"540\" data-id=\"1224\" src=\"https:\/\/topfoodmachine.com\/wp-content\/uploads\/2024\/04\/Cupcake-filling-machine.webp\" alt=\"M\u00e1quina para rellenar cupcakes\" class=\"wp-image-1224\" srcset=\"https:\/\/topfoodmachine.com\/wp-content\/uploads\/2024\/04\/Cupcake-filling-machine.webp 720w, https:\/\/topfoodmachine.com\/wp-content\/uploads\/2024\/04\/Cupcake-filling-machine-300x225.webp 300w, https:\/\/topfoodmachine.com\/wp-content\/uploads\/2024\/04\/Cupcake-filling-machine-16x12.webp 16w\" sizes=\"auto, (max-width: 720px) 100vw, 720px\" \/><figcaption class=\"wp-element-caption\">M\u00e1quina para rellenar cupcakes<\/figcaption><\/figure> <\/figure>","protected":false},"excerpt":{"rendered":"<p>La m\u00e1quina autom\u00e1tica de rollo de huevo es altamente vers\u00e1til, capaz de producir una amplia gama de bocadillos crujientes. <\/p>","protected":false},"author":1,"featured_media":887,"parent":0,"template":"","tags":[71,30,51],"product-type":[6],"class_list":["post-886","product","type-product","status-publish","has-post-thumbnail","hentry","tag-egg-roll-machine","tag-food-machine","tag-food-processing","product-type-pastry-production-machine"],"_links":{"self":[{"href":"https:\/\/topfoodmachine.com\/es\/wp-json\/wp\/v2\/product\/886","targetHints":{"allow":["GET"]}}],"collection":[{"href":"https:\/\/topfoodmachine.com\/es\/wp-json\/wp\/v2\/product"}],"about":[{"href":"https:\/\/topfoodmachine.com\/es\/wp-json\/wp\/v2\/types\/product"}],"author":[{"embeddable":true,"href":"https:\/\/topfoodmachine.com\/es\/wp-json\/wp\/v2\/users\/1"}],"wp:featuredmedia":[{"embeddable":true,"href":"https:\/\/topfoodmachine.com\/es\/wp-json\/wp\/v2\/media\/887"}],"wp:attachment":[{"href":"https:\/\/topfoodmachine.com\/es\/wp-json\/wp\/v2\/media?parent=886"}],"wp:term":[{"taxonomy":"post_tag","embeddable":true,"href":"https:\/\/topfoodmachine.com\/es\/wp-json\/wp\/v2\/tags?post=886"},{"taxonomy":"product-type","embeddable":true,"href":"https:\/\/topfoodmachine.com\/es\/wp-json\/wp\/v2\/product-type?post=886"}],"curies":[{"name":"wp","href":"https:\/\/api.w.org\/{rel}","templated":true}]}}