{"id":872,"date":"2023-10-31T09:35:20","date_gmt":"2023-10-31T01:35:20","guid":{"rendered":"https:\/\/topfoodmachine.com\/?post_type=product&#038;p=872"},"modified":"2023-11-02T11:10:34","modified_gmt":"2023-11-02T03:10:34","slug":"rice-cake-machine","status":"publish","type":"product","link":"https:\/\/topfoodmachine.com\/es\/product\/rice-cake-machine\/","title":{"rendered":"maquina para hacer tortas de arroz"},"content":{"rendered":"<div class=\"kk-star-ratings kksr-auto kksr-align-left kksr-valign-top\"     data-payload='{&quot;align&quot;:&quot;left&quot;,&quot;id&quot;:&quot;872&quot;,&quot;slug&quot;:&quot;default&quot;,&quot;valign&quot;:&quot;top&quot;,&quot;ignore&quot;:&quot;&quot;,&quot;reference&quot;:&quot;auto&quot;,&quot;class&quot;:&quot;&quot;,&quot;count&quot;:&quot;7&quot;,&quot;legendonly&quot;:&quot;&quot;,&quot;readonly&quot;:&quot;&quot;,&quot;score&quot;:&quot;4.6&quot;,&quot;starsonly&quot;:&quot;&quot;,&quot;best&quot;:&quot;5&quot;,&quot;gap&quot;:&quot;5&quot;,&quot;greet&quot;:&quot;Rate this product&quot;,&quot;legend&quot;:&quot;4.6\\\/5 - (7 votos)&quot;,&quot;size&quot;:&quot;24&quot;,&quot;title&quot;:&quot;Rice cake machine&quot;,&quot;width&quot;:&quot;130.9&quot;,&quot;_legend&quot;:&quot;{score}\\\/{best} - ({count} {votes})&quot;,&quot;font_factor&quot;:&quot;1.25&quot;}'>              <div class=\"kksr-stars\">      <div class=\"kksr-stars-inactive\">             <div class=\"kksr-star\" data-star=\"1\" style=\"padding-right: 5px\">               <div class=\"kksr-icon\" style=\"width: 24px; height: 24px;\"><\/div>         <\/div>             <div class=\"kksr-star\" data-star=\"2\" style=\"padding-right: 5px\">               <div class=\"kksr-icon\" style=\"width: 24px; height: 24px;\"><\/div>         <\/div>             <div class=\"kksr-star\" data-star=\"3\" style=\"padding-right: 5px\">               <div class=\"kksr-icon\" style=\"width: 24px; height: 24px;\"><\/div>         <\/div>             <div class=\"kksr-star\" data-star=\"4\" style=\"padding-right: 5px\">               <div class=\"kksr-icon\" style=\"width: 24px; height: 24px;\"><\/div>         <\/div>             <div class=\"kksr-star\" data-star=\"5\" style=\"padding-right: 5px\">               <div class=\"kksr-icon\" style=\"width: 24px; height: 24px;\"><\/div>         <\/div>     <\/div>      <div class=\"kksr-stars-active\" style=\"width: 130.9px;\">             <div class=\"kksr-star\" style=\"padding-right: 5px\">               <div class=\"kksr-icon\" style=\"width: 24px; height: 24px;\"><\/div>         <\/div>             <div class=\"kksr-star\" style=\"padding-right: 5px\">               <div class=\"kksr-icon\" style=\"width: 24px; height: 24px;\"><\/div>         <\/div>             <div class=\"kksr-star\" style=\"padding-right: 5px\">               <div class=\"kksr-icon\" style=\"width: 24px; height: 24px;\"><\/div>         <\/div>             <div class=\"kksr-star\" style=\"padding-right: 5px\">               <div class=\"kksr-icon\" style=\"width: 24px; height: 24px;\"><\/div>         <\/div>             <div class=\"kksr-star\" style=\"padding-right: 5px\">               <div class=\"kksr-icon\" style=\"width: 24px; height: 24px;\"><\/div>         <\/div>     <\/div> <\/div>                   <div class=\"kksr-legend\" style=\"font-size: 19.2px;\">             4,6\/5 - (7 votos)    <\/div>     <\/div>  <p>En el \u00e1mbito de la innovaci\u00f3n culinaria, la M\u00e1quina de Pasteles de Arroz se erige como un notable testimonio de la fusi\u00f3n de tradici\u00f3n y tecnolog\u00eda. Este ingenioso aparato redefine la forma en que interactuamos con uno de los alimentos m\u00e1s antiguos y queridos del mundo: el arroz. Con ingenier\u00eda de precisi\u00f3n y un dise\u00f1o f\u00e1cil de usar, empodera a las personas para elaborar deliciosos pasteles de arroz sin esfuerzo, trascendiendo las fronteras del sabor y la textura.<\/p>    <p>Atr\u00e1s quedaron los d\u00edas de los procesos manuales que requer\u00edan mucha mano de obra. La Rice Cake Machine automatiza y agiliza la producci\u00f3n, garantizando resultados consistentes en todo momento. Aprovechando el poder del calor, la presi\u00f3n y los ingredientes cuidadosamente seleccionados, este aparato transforma el arroz com\u00fan en delicias culinarias extraordinarias.<\/p>    <figure class=\"wp-block-image size-full\"><img loading=\"lazy\" decoding=\"async\" width=\"720\" height=\"540\" src=\"https:\/\/topfoodmachine.com\/wp-content\/uploads\/2023\/10\/korea-rice-cake-machine.webp\" alt=\"m\u00e1quina de pastel de arroz de corea\" class=\"wp-image-874\" srcset=\"https:\/\/topfoodmachine.com\/wp-content\/uploads\/2023\/10\/korea-rice-cake-machine.webp 720w, https:\/\/topfoodmachine.com\/wp-content\/uploads\/2023\/10\/korea-rice-cake-machine-300x225.webp 300w\" sizes=\"auto, (max-width: 720px) 100vw, 720px\" \/><figcaption class=\"wp-element-caption\">m\u00e1quina de pastel de arroz de corea<\/figcaption><\/figure>    <h2 class=\"wp-block-heading\">Caracter\u00edsticas clave y ventajas de la m\u00e1quina para hacer pasteles de arroz.<\/h2>    <ul class=\"wp-block-list\"> <li>Control autom\u00e1tico de temperatura: Al utilizar un instrumento de control de temperatura PID importado de alto est\u00e1ndar, la m\u00e1quina logra un control de temperatura preciso, asegurando que funcione consistentemente a la temperatura establecida. Esto no s\u00f3lo ahorra energ\u00eda sino que tambi\u00e9n garantiza un tama\u00f1o uniforme del producto.<\/li>    <li>Interfaz f\u00e1cil de usar: el panel muestra claramente la temperatura actual y la temperatura designada, lo que facilita una operaci\u00f3n sencilla.<\/li>    <li>Robusta y Duradera: Con una configuraci\u00f3n de doble resorte y doble amortiguador, la vida \u00fatil de la m\u00e1quina se extiende significativamente mientras minimiza el ruido operativo.<\/li>    <li>F\u00e1cil operaci\u00f3n y mantenimiento: Al utilizar un motor de CA monof\u00e1sico y transmisi\u00f3n por cadena, la m\u00e1quina cuenta con una estructura de dise\u00f1o l\u00f3gico. El mantenimiento de rutina y el reemplazo de componentes son excepcionalmente convenientes.<\/li>    <li>Gesti\u00f3n precisa de la presi\u00f3n: la v\u00e1lvula reguladora de presi\u00f3n ha sido redise\u00f1ada para ofrecer un control de presi\u00f3n m\u00e1s conveniente y preciso en comparaci\u00f3n con iteraciones anteriores.<\/li>    <li>Tama\u00f1o compacto: sin comprometer el rendimiento de la m\u00e1quina, el tama\u00f1o se ha minimizado, lo que facilita su colocaci\u00f3n en varios lugares. Puede liberarse de las limitaciones de espacio y realizar actividades comerciales.<\/li> <\/ul>    <figure class=\"wp-block-gallery has-nested-images columns-default is-cropped wp-block-gallery-2 is-layout-flex wp-block-gallery-is-layout-flex\"> <figure class=\"wp-block-image size-large is-style-default\"><img loading=\"lazy\" decoding=\"async\" width=\"720\" height=\"540\" data-id=\"876\" src=\"https:\/\/topfoodmachine.com\/wp-content\/uploads\/2023\/10\/rice-cake.webp\" alt=\"tarta de arroz\" class=\"wp-image-876\" srcset=\"https:\/\/topfoodmachine.com\/wp-content\/uploads\/2023\/10\/rice-cake.webp 720w, https:\/\/topfoodmachine.com\/wp-content\/uploads\/2023\/10\/rice-cake-300x225.webp 300w\" sizes=\"auto, (max-width: 720px) 100vw, 720px\" \/><figcaption class=\"wp-element-caption\">tarta de arroz<\/figcaption><\/figure>    <figure class=\"wp-block-image size-large\"><img loading=\"lazy\" decoding=\"async\" width=\"720\" height=\"540\" data-id=\"875\" src=\"https:\/\/topfoodmachine.com\/wp-content\/uploads\/2023\/10\/rice-cake-making.webp\" alt=\"hacer pastel de arroz\" class=\"wp-image-875\" srcset=\"https:\/\/topfoodmachine.com\/wp-content\/uploads\/2023\/10\/rice-cake-making.webp 720w, https:\/\/topfoodmachine.com\/wp-content\/uploads\/2023\/10\/rice-cake-making-300x225.webp 300w\" sizes=\"auto, (max-width: 720px) 100vw, 720px\" \/><figcaption class=\"wp-element-caption\">hacer pastel de arroz<\/figcaption><\/figure> <\/figure>    <h2 class=\"wp-block-heading\">Diferentes tipos de m\u00e1quina para hacer pasteles de arroz reventados<\/h2>    <h3 class=\"wp-block-heading\">1. <strong>TZ-150: M\u00e1quina de snacks instant\u00e1neos<\/strong><\/h3>    <ul class=\"wp-block-list\"> <li><strong>Caracter\u00edsticas:<\/strong> El modelo TZ-150 es nuestra m\u00e1quina de snacks instant\u00e1neos de la serie de pasteles de arroz. Utilizando arroz artificial cuidadosamente seleccionado como ingrediente principal, emplea una artesan\u00eda precisa para producir galletas crujientes y deliciosas a base de granos justo en frente del cliente. Esta capacidad \u00fanica permite a los clientes no s\u00f3lo probar delicias reci\u00e9n horneadas sino tambi\u00e9n participar en el agradable proceso de creaci\u00f3n.<\/li>    <li><strong>Efecto de sonido pop:<\/strong> Cuando las galletas saltan fuera de la m\u00e1quina, emite un sonido distintivo de \"pop\", de ah\u00ed el apodo juguet\u00f3n \"Pop\". Este sonido se ha convertido en una caracter\u00edstica \u00fanica que capta la atenci\u00f3n del cliente, a\u00f1adiendo interactividad y entretenimiento a todo el proceso de producci\u00f3n.<\/li>    <li><strong>Caracter\u00edsticas de textura:<\/strong> Las galletas resultantes tienen una textura suave y crujiente, lo que las convierte en un refrigerio de cereales emergente, delicioso y saludable, amado por distintos grupos de edad.<\/li> <\/ul>    <figure class=\"wp-block-table\"><table><tbody><tr><td>Tama\u00f1o<\/td><td>Capacidad<\/td><td>Fuerza<\/td><td>Voltaje<\/td><td>Di\u00e1metro<\/td><td>Peso<\/td><\/tr><tr><td>480*320*560cm<\/td><td>400-420 piezas\/hora<\/td><td>1490w<\/td><td>110v\/220v<\/td><td>13-15cm<\/td><td>68,5 kilos<\/td><\/tr><\/tbody><\/table><\/figure>    <h3 class=\"wp-block-heading\">2. <strong>TZ-150H: adorable variante en forma de coraz\u00f3n<\/strong><\/h3>    <ul class=\"wp-block-list\"> <li><strong>Caracter\u00edsticas:<\/strong> TZ-150H es una versi\u00f3n evolucionada de TZ-150, que comparte apariencia y par\u00e1metros id\u00e9nticos. La \u00fanica diferencia radica en su forma de producto en forma de coraz\u00f3n, que a\u00f1ade un toque art\u00edstico y adorable a las galletas, haci\u00e9ndolas muy atractivas.<\/li> <\/ul>    <figure class=\"wp-block-image size-full\"><img loading=\"lazy\" decoding=\"async\" width=\"720\" height=\"540\" src=\"https:\/\/topfoodmachine.com\/wp-content\/uploads\/2023\/10\/different-molds-of-rice-cake-maker.webp\" alt=\"Diferentes moldes para hacer pasteles de arroz.\" class=\"wp-image-877\" srcset=\"https:\/\/topfoodmachine.com\/wp-content\/uploads\/2023\/10\/different-molds-of-rice-cake-maker.webp 720w, https:\/\/topfoodmachine.com\/wp-content\/uploads\/2023\/10\/different-molds-of-rice-cake-maker-300x225.webp 300w\" sizes=\"auto, (max-width: 720px) 100vw, 720px\" \/><figcaption class=\"wp-element-caption\">Diferentes moldes para hacer pasteles de arroz.<\/figcaption><\/figure>    <h3 class=\"wp-block-heading\">3. <strong>TZ-150S: modelo mini de alto rendimiento<\/strong><\/h3>    <ul class=\"wp-block-list\"> <li><strong>Caracter\u00edsticas:<\/strong> TZ-150S es un modelo exclusivo de nuestra l\u00ednea de productos, que presenta un dise\u00f1o compacto con un di\u00e1metro de producto de solo 11 cent\u00edmetros. A pesar de su peque\u00f1o tama\u00f1o, cuenta con una mayor capacidad de producci\u00f3n. Puede producir hasta 800 galletas por hora, el doble de la capacidad de producci\u00f3n de m\u00e1quinas similares en el mercado.<\/li>    <li><strong>Escenarios adecuados:<\/strong> Especialmente indicado para entornos comerciales que requieren una producci\u00f3n eficiente. Su peque\u00f1o tama\u00f1o tambi\u00e9n lo hace adecuado para colocarlo en entornos con espacio limitado.<\/li> <\/ul>    <figure class=\"wp-block-table\"><table><tbody><tr><td>Tama\u00f1o<\/td><td>Capacidad<\/td><td>Fuerza<\/td><td>Voltaje<\/td><td>Di\u00e1metro<\/td><td>Peso<\/td><\/tr><tr><td>480*320*560cm<\/td><td>800 piezas\/hora<\/td><td>1490w<\/td><td>110v\/220v<\/td><td>10-12cm<\/td><td>68,5 kilos<\/td><\/tr><\/tbody><\/table><\/figure>    <figure class=\"wp-block-image size-full\"><img loading=\"lazy\" decoding=\"async\" width=\"720\" height=\"540\" src=\"https:\/\/topfoodmachine.com\/wp-content\/uploads\/2023\/10\/automatic-puffed-rice-cake-making-machine.webp\" alt=\"M\u00e1quina autom\u00e1tica para hacer pasteles de arroz inflado\" class=\"wp-image-878\" srcset=\"https:\/\/topfoodmachine.com\/wp-content\/uploads\/2023\/10\/automatic-puffed-rice-cake-making-machine.webp 720w, https:\/\/topfoodmachine.com\/wp-content\/uploads\/2023\/10\/automatic-puffed-rice-cake-making-machine-300x225.webp 300w\" sizes=\"auto, (max-width: 720px) 100vw, 720px\" \/><figcaption class=\"wp-element-caption\">M\u00e1quina autom\u00e1tica para hacer pasteles de arroz inflado<\/figcaption><\/figure>    <h3 class=\"wp-block-heading\">4. <strong>TZ-90: Opci\u00f3n multigrano<\/strong><\/h3>    <ul class=\"wp-block-list\"> <li><strong>Caracter\u00edsticas:<\/strong> La caracter\u00edstica destacada del TZ-90 es su capacidad para utilizar varios tipos de granos como materias primas, no limit\u00e1ndose al arroz artificial. Esto lo hace altamente vers\u00e1til y adecuado para una gama m\u00e1s amplia de aplicaciones. Este a\u00f1o, se han realizado extensas mejoras en la m\u00e1quina, haci\u00e9ndola m\u00e1s robusta y duradera, gan\u00e1ndose la reputaci\u00f3n de tener la mejor calidad entre m\u00e1quinas de su tipo.<\/li>    <li><strong>Escenarios adecuados:<\/strong> Especialmente indicado para situaciones en las que se requiere flexibilidad en la selecci\u00f3n de materias primas durante la producci\u00f3n, proporcion\u00e1ndole mayor comodidad.<\/li> <\/ul>    <figure class=\"wp-block-table\"><table><tbody><tr><td>Tama\u00f1o<\/td><td>Capacidad<\/td><td>Fuerza<\/td><td>Voltaje<\/td><td>Di\u00e1metro<\/td><td>Peso<\/td><\/tr><tr><td>480*310*540cm<\/td><td>360 piezas\/hora<\/td><td>1520w<\/td><td>110v\/220v<\/td><td>8cm<\/td><td>68,5 kilos<\/td><\/tr><\/tbody><\/table><\/figure>    <figure class=\"wp-block-image size-full\"><img loading=\"lazy\" decoding=\"async\" width=\"720\" height=\"540\" src=\"https:\/\/topfoodmachine.com\/wp-content\/uploads\/2023\/10\/rice-cake-machine-for-sale.webp\" alt=\"m\u00e1quina de pastel de arroz en venta\" class=\"wp-image-879\" srcset=\"https:\/\/topfoodmachine.com\/wp-content\/uploads\/2023\/10\/rice-cake-machine-for-sale.webp 720w, https:\/\/topfoodmachine.com\/wp-content\/uploads\/2023\/10\/rice-cake-machine-for-sale-300x225.webp 300w\" sizes=\"auto, (max-width: 720px) 100vw, 720px\" \/><figcaption class=\"wp-element-caption\">m\u00e1quina de pastel de arroz en venta<\/figcaption><\/figure>    <p>Estos cuatro modelos tienen caracter\u00edsticas \u00fanicas, atendiendo a diferentes necesidades y escenarios. Ya sea que busques bocadillos instant\u00e1neos, formas encantadoras, alta producci\u00f3n o la flexibilidad de usar varios granos, nuestra serie de m\u00e1quinas de pastel de arroz te tiene cubierto, mejorando tus esfuerzos comerciales.<\/p>    <h2 class=\"wp-block-heading\">Proceso de trabajo de la m\u00e1quina para hacer pasteles de arroz inflado.<\/h2>    <ol class=\"wp-block-list\"> <li><strong>Alimentaci\u00f3n:<\/strong> <ul class=\"wp-block-list\"> <li>Comience colocando la materia prima preparada previamente (arroz artificial o granos mixtos) en la entrada de alimentaci\u00f3n de la m\u00e1quina.<\/li> <\/ul> <\/li>    <li><strong>Calefacci\u00f3n y moldeado:<\/strong> <ul class=\"wp-block-list\"> <li>Una vez que la materia prima ingresa a la m\u00e1quina, es dirigida a la zona de calentamiento. En este caso, el calentamiento controlado hace que el material sea flexible para el moldeo. Posteriormente, a trav\u00e9s de un molde o dispositivo de moldeo, el material calentado se comprime hasta darle la forma deseada, formando una torta de arroz.<\/li> <\/ul> <\/li>    <li><strong>Extracci\u00f3n y Recolecci\u00f3n:<\/strong> <ul class=\"wp-block-list\"> <li>Una vez completado el moldeado, la torta de arroz reci\u00e9n formada se extrae de la m\u00e1quina y se recoge en un recipiente o lugar designado para su posterior procesamiento o envasado.<\/li> <\/ul> <\/li> <\/ol>    <figure class=\"wp-block-embed is-type-video is-provider-youtube wp-block-embed-youtube wp-embed-aspect-16-9 wp-has-aspect-ratio\"><div class=\"wp-block-embed__wrapper\"> <iframe loading=\"lazy\" title=\"Desde ingredientes crudos hasta bocadillos irresistibles: \u00a1mira nuestra m\u00e1quina de hacer pasteles de arroz en acci\u00f3n! #ricecake\" width=\"500\" height=\"281\" src=\"https:\/\/www.youtube.com\/embed\/ekiXiKtVr-w?start=11&#038;feature=oembed\" frameborder=\"0\" allow=\"accelerometer; autoplay; clipboard-write; encrypted-media; gyroscope; picture-in-picture; web-share\" referrerpolicy=\"strict-origin-when-cross-origin\" allowfullscreen><\/iframe> <\/div><\/figure>    <h2 class=\"wp-block-heading\">Estructura de la m\u00e1quina para hacer pasteles de arroz.<\/h2>    <ol class=\"wp-block-list\"> <li><strong>Entrada de alimentaci\u00f3n:<\/strong> <ul class=\"wp-block-list\"> <li>Este es el punto de entrada para colocar la materia prima, a menudo dise\u00f1ado para garantizar una entrada suave del material en la m\u00e1quina.<\/li> <\/ul> <\/li>    <li><strong>\u00c1rea de calefacci\u00f3n:<\/strong> <ul class=\"wp-block-list\"> <li>Aqu\u00ed es donde la materia prima se somete a un calentamiento controlado, generalmente equipado con elementos calefactores o un calentador para proporcionar la temperatura necesaria.<\/li> <\/ul> <\/li>    <li><strong>Molde o Dispositivo de Moldeo:<\/strong> <ul class=\"wp-block-list\"> <li>Despu\u00e9s del \u00e1rea de calentamiento, la m\u00e1quina normalmente est\u00e1 equipada con un molde o dispositivo de moldeo para comprimir el material calentado en la forma deseada, formando la torta de arroz.<\/li> <\/ul> <\/li>    <li><strong>Salida de descarga:<\/strong> <ul class=\"wp-block-list\"> <li>Despu\u00e9s del moldeo, la torta de arroz se libera o descarga a trav\u00e9s de la salida a un recipiente colector.<\/li> <\/ul> <\/li>    <li><strong>Panel de control:<\/strong> <ul class=\"wp-block-list\"> <li>Esto sirve como centro de control de la m\u00e1quina y alberga botones para operaciones como inicio, parada, ajuste de temperatura y m\u00e1s.<\/li> <\/ul> <\/li>    <li><strong>Sistema de control de calefacci\u00f3n:<\/strong> <ul class=\"wp-block-list\"> <li>Esta secci\u00f3n incluye componentes y sistemas que controlan la funci\u00f3n de calentamiento de la m\u00e1quina.<\/li> <\/ul> <\/li>    <li><strong>Caja:<\/strong> <ul class=\"wp-block-list\"> <li>La carcasa es la capa protectora externa de toda la m\u00e1quina, que protege los componentes internos de factores ambientales externos.<\/li> <\/ul> <\/li> <\/ol>    <figure class=\"wp-block-image size-full\"><img loading=\"lazy\" decoding=\"async\" width=\"720\" height=\"540\" src=\"https:\/\/topfoodmachine.com\/wp-content\/uploads\/2023\/10\/popped-rice-cake-machine.webp\" alt=\"m\u00e1quina de pastel de arroz reventado\" class=\"wp-image-880\" srcset=\"https:\/\/topfoodmachine.com\/wp-content\/uploads\/2023\/10\/popped-rice-cake-machine.webp 720w, https:\/\/topfoodmachine.com\/wp-content\/uploads\/2023\/10\/popped-rice-cake-machine-300x225.webp 300w\" sizes=\"auto, (max-width: 720px) 100vw, 720px\" \/><figcaption class=\"wp-element-caption\">m\u00e1quina de pastel de arroz reventado<\/figcaption><\/figure>    <h2 class=\"wp-block-heading\">Aplicaciones de la m\u00e1quina de pastel de arroz de Corea<\/h2>    <ol class=\"wp-block-list\"> <li><strong>Industria de alimentos:<\/strong> <ul class=\"wp-block-list\"> <li><em>Producci\u00f3n de snacks:<\/em> La m\u00e1quina para hacer pasteles de arroz se utiliza com\u00fanmente en instalaciones de producci\u00f3n de snacks para crear pasteles de arroz crujientes y sabrosos. Estos se pueden aromatizar, recubrir o combinar con otros ingredientes para crear una variedad de bocadillos.<\/li> <\/ul> <\/li>    <li><strong>Cocinas Comerciales:<\/strong> <ul class=\"wp-block-list\"> <li><em>Restaurante y Cafeter\u00eda:<\/em> Los restaurantes y cafeter\u00edas pueden utilizar m\u00e1quinas para hacer pasteles de arroz para producir pasteles de arroz frescos y personalizados para su men\u00fa. Esto permite presentaciones culinarias creativas.<\/li> <\/ul> <\/li>    <li><strong>Tiendas naturistas:<\/strong> <ul class=\"wp-block-list\"> <li><em>Refrigerios saludables:<\/em> Las tiendas naturistas y las tiendas especializadas pueden utilizar m\u00e1quinas de hacer pasteles de arroz para crear opciones de refrigerios nutritivos y bajos en calor\u00edas para los clientes preocupados por su salud.<\/li> <\/ul> <\/li>    <li><strong>Centros de fitness y bienestar:<\/strong> <ul class=\"wp-block-list\"> <li><em>Programas diet\u00e9ticos:<\/em> Los pasteles de arroz se incluyen a menudo en programas diet\u00e9ticos y de fitness debido a su bajo contenido en calor\u00edas. Los centros de fitness y bienestar pueden utilizar m\u00e1quinas de hacer pasteles de arroz para ofrecer refrigerios frescos y saludables a sus clientes.<\/li> <\/ul> <\/li>    <li><strong>Plantas de Fabricaci\u00f3n de Alimentos:<\/strong> <ul class=\"wp-block-list\"> <li><em>Producci\u00f3n a gran escala:<\/em> Las plantas de fabricaci\u00f3n de alimentos utilizan m\u00e1quinas de tortas de arroz de calidad industrial para la producci\u00f3n de pasteles de arroz en gran volumen. Estos se pueden distribuir a varios puntos de venta.<\/li> <\/ul> <\/li>    <li><strong>Servicios de banqueter\u00eda:<\/strong> <ul class=\"wp-block-list\"> <li><em>Catering para eventos:<\/em> Los servicios de catering pueden incorporar pasteles de arroz en su men\u00fa para eventos, brindando una opci\u00f3n de snack \u00fanica y saludable para los invitados.<\/li> <\/ul> <\/li>    <li><strong>Empresas de alimentos especializados:<\/strong> <ul class=\"wp-block-list\"> <li><em>Bocadillos Artesanales:<\/em> Las empresas de alimentos especializados centradas en refrigerios artesanales pueden utilizar m\u00e1quinas de pasteles de arroz para crear productos \u00fanicos y de alta calidad.<\/li> <\/ul> <\/li> <\/ol>    <figure class=\"wp-block-image size-full\"><img loading=\"lazy\" decoding=\"async\" width=\"720\" height=\"540\" src=\"https:\/\/topfoodmachine.com\/wp-content\/uploads\/2023\/10\/rice-cake-making-machine.webp\" alt=\"m\u00e1quina para hacer pasteles de arroz\" class=\"wp-image-881\" srcset=\"https:\/\/topfoodmachine.com\/wp-content\/uploads\/2023\/10\/rice-cake-making-machine.webp 720w, https:\/\/topfoodmachine.com\/wp-content\/uploads\/2023\/10\/rice-cake-making-machine-300x225.webp 300w\" sizes=\"auto, (max-width: 720px) 100vw, 720px\" \/><figcaption class=\"wp-element-caption\">m\u00e1quina para hacer pasteles de arroz<\/figcaption><\/figure>    <p><\/p>    <p><\/p>    <p><\/p>    <p><\/p>","protected":false},"excerpt":{"rendered":"<p>En el \u00e1mbito de la innovaci\u00f3n culinaria, la m\u00e1quina para hacer pasteles de arroz es un testimonio notable de la fusi\u00f3n de tradici\u00f3n y tecnolog\u00eda.<\/p>","protected":false},"author":1,"featured_media":873,"parent":0,"template":"","tags":[],"product-type":[6],"class_list":["post-872","product","type-product","status-publish","has-post-thumbnail","hentry","product-type-pastry-production-machine"],"_links":{"self":[{"href":"https:\/\/topfoodmachine.com\/es\/wp-json\/wp\/v2\/product\/872","targetHints":{"allow":["GET"]}}],"collection":[{"href":"https:\/\/topfoodmachine.com\/es\/wp-json\/wp\/v2\/product"}],"about":[{"href":"https:\/\/topfoodmachine.com\/es\/wp-json\/wp\/v2\/types\/product"}],"author":[{"embeddable":true,"href":"https:\/\/topfoodmachine.com\/es\/wp-json\/wp\/v2\/users\/1"}],"wp:featuredmedia":[{"embeddable":true,"href":"https:\/\/topfoodmachine.com\/es\/wp-json\/wp\/v2\/media\/873"}],"wp:attachment":[{"href":"https:\/\/topfoodmachine.com\/es\/wp-json\/wp\/v2\/media?parent=872"}],"wp:term":[{"taxonomy":"post_tag","embeddable":true,"href":"https:\/\/topfoodmachine.com\/es\/wp-json\/wp\/v2\/tags?post=872"},{"taxonomy":"product-type","embeddable":true,"href":"https:\/\/topfoodmachine.com\/es\/wp-json\/wp\/v2\/product-type?post=872"}],"curies":[{"name":"wp","href":"https:\/\/api.w.org\/{rel}","templated":true}]}}