{"id":822,"date":"2023-10-23T15:43:11","date_gmt":"2023-10-23T07:43:11","guid":{"rendered":"https:\/\/topfoodmachine.com\/?post_type=product&#038;p=822"},"modified":"2024-12-27T17:13:39","modified_gmt":"2024-12-27T09:13:39","slug":"fish-meat-bone-separating-machine","status":"publish","type":"product","link":"https:\/\/topfoodmachine.com\/es\/product\/fish-meat-bone-separating-machine\/","title":{"rendered":"M\u00e1quina separadora de huesos de carne de pescado"},"content":{"rendered":"<div class=\"kk-star-ratings kksr-auto kksr-align-left kksr-valign-top\"     data-payload='{&quot;align&quot;:&quot;left&quot;,&quot;id&quot;:&quot;822&quot;,&quot;slug&quot;:&quot;default&quot;,&quot;valign&quot;:&quot;top&quot;,&quot;ignore&quot;:&quot;&quot;,&quot;reference&quot;:&quot;auto&quot;,&quot;class&quot;:&quot;&quot;,&quot;count&quot;:&quot;20&quot;,&quot;legendonly&quot;:&quot;&quot;,&quot;readonly&quot;:&quot;&quot;,&quot;score&quot;:&quot;4.5&quot;,&quot;starsonly&quot;:&quot;&quot;,&quot;best&quot;:&quot;5&quot;,&quot;gap&quot;:&quot;5&quot;,&quot;greet&quot;:&quot;Rate this product&quot;,&quot;legend&quot;:&quot;4.5\\\/5 - (20 votos)&quot;,&quot;size&quot;:&quot;24&quot;,&quot;title&quot;:&quot;Fish Meat Bone Separating Machine&quot;,&quot;width&quot;:&quot;128&quot;,&quot;_legend&quot;:&quot;{score}\\\/{best} - ({count} {votes})&quot;,&quot;font_factor&quot;:&quot;1.25&quot;}'>              <div class=\"kksr-stars\">      <div class=\"kksr-stars-inactive\">             <div class=\"kksr-star\" data-star=\"1\" style=\"padding-right: 5px\">               <div class=\"kksr-icon\" style=\"width: 24px; height: 24px;\"><\/div>         <\/div>             <div class=\"kksr-star\" data-star=\"2\" style=\"padding-right: 5px\">               <div class=\"kksr-icon\" style=\"width: 24px; height: 24px;\"><\/div>         <\/div>             <div class=\"kksr-star\" data-star=\"3\" style=\"padding-right: 5px\">               <div class=\"kksr-icon\" style=\"width: 24px; height: 24px;\"><\/div>         <\/div>             <div class=\"kksr-star\" data-star=\"4\" style=\"padding-right: 5px\">               <div class=\"kksr-icon\" style=\"width: 24px; height: 24px;\"><\/div>         <\/div>             <div class=\"kksr-star\" data-star=\"5\" style=\"padding-right: 5px\">               <div class=\"kksr-icon\" style=\"width: 24px; height: 24px;\"><\/div>         <\/div>     <\/div>      <div class=\"kksr-stars-active\" style=\"width: 128px;\">             <div class=\"kksr-star\" style=\"padding-right: 5px\">               <div class=\"kksr-icon\" style=\"width: 24px; height: 24px;\"><\/div>         <\/div>             <div class=\"kksr-star\" style=\"padding-right: 5px\">               <div class=\"kksr-icon\" style=\"width: 24px; height: 24px;\"><\/div>         <\/div>             <div class=\"kksr-star\" style=\"padding-right: 5px\">               <div class=\"kksr-icon\" style=\"width: 24px; height: 24px;\"><\/div>         <\/div>             <div class=\"kksr-star\" style=\"padding-right: 5px\">               <div class=\"kksr-icon\" style=\"width: 24px; height: 24px;\"><\/div>         <\/div>             <div class=\"kksr-star\" style=\"padding-right: 5px\">               <div class=\"kksr-icon\" style=\"width: 24px; height: 24px;\"><\/div>         <\/div>     <\/div> <\/div>                   <div class=\"kksr-legend\" style=\"font-size: 19.2px;\">             4,5\/5 - (20 votos)    <\/div>     <\/div>  <p>La m\u00e1quina separadora de carne y huesos de pescado es una soluci\u00f3n eficiente para separar la carne de pescado de los huesos, ofreciendo un rendimiento de alta velocidad y una excelente eficiencia de procesamiento. Esta m\u00e1quina vers\u00e1til est\u00e1 dise\u00f1ada para procesar una variedad de tipos de pescado, incluyendo especies de agua dulce y salada. <\/p>    <p>Utiliza un mecanismo \u00fanico que involucra un barril recolector de carne rodante y una correa de transmisi\u00f3n de goma, extrayendo efectivamente la carne de pescado mientras deja atr\u00e1s los huesos y la piel. <\/p>    <p>Capaz de procesar de 180 kg a 1.5 toneladas de pescado por hora, asegura una separaci\u00f3n limpia con una alta tasa de eliminaci\u00f3n de huesos del 90%, lo que la hace ideal para producir productos a base de pescado como bolas de pescado tanto en entornos comerciales como dom\u00e9sticos.<\/p>    <figure class=\"wp-block-embed is-type-video is-provider-youtube wp-block-embed-youtube wp-embed-aspect-16-9 wp-has-aspect-ratio\"><div class=\"wp-block-embed__wrapper\"> <iframe loading=\"lazy\" title=\"Maximizar el rendimiento: C\u00f3mo utilizar una m\u00e1quina separadora de huesos de carne de pescado #fishmeatmachine #fish #meatmachine\" width=\"500\" height=\"281\" src=\"https:\/\/www.youtube.com\/embed\/MX41HfokPDU?feature=oembed\" frameborder=\"0\" allow=\"accelerometer; autoplay; clipboard-write; encrypted-media; gyroscope; picture-in-picture; web-share\" referrerpolicy=\"strict-origin-when-cross-origin\" allowfullscreen><\/iframe> <\/div><figcaption class=\"wp-element-caption\">Video de trabajo de la m\u00e1quina separadora de carne de pescado<\/figcaption><\/figure>    <h2 class=\"wp-block-heading\">estructura de la m\u00e1quina separadora de carne y huesos de pescado<\/h2>    <p>La m\u00e1quina separadora de carne de pescado presenta una estructura compacta con componentes clave dise\u00f1ados para una operaci\u00f3n eficiente:<\/p>    <div class=\"wp-block-media-text is-stacked-on-mobile\"><figure class=\"wp-block-media-text__media\"><img loading=\"lazy\" decoding=\"async\" width=\"720\" height=\"540\" src=\"https:\/\/topfoodmachine.com\/wp-content\/uploads\/2023\/10\/structure-of-the-fish-meat-machine.webp\" alt=\"estructura de la m\u00e1quina de carne de pescado\" class=\"wp-image-825 size-full\" srcset=\"https:\/\/topfoodmachine.com\/wp-content\/uploads\/2023\/10\/structure-of-the-fish-meat-machine.webp 720w, https:\/\/topfoodmachine.com\/wp-content\/uploads\/2023\/10\/structure-of-the-fish-meat-machine-300x225.webp 300w\" sizes=\"auto, (max-width: 720px) 100vw, 720px\" \/><\/figure><div class=\"wp-block-media-text__content\"> <ul class=\"wp-block-list\"> <li><strong>Motor<\/strong>. Impulsa las funciones de la m\u00e1quina.<\/li>    <li><strong>Raspadores (interior y exterior)<\/strong>. Raspa la carne de pescado de las paredes del tambor y elimina huesos y piel.<\/li>    <li><strong>Dispositivos de tensi\u00f3n y transmisi\u00f3n<\/strong>. Aseguran un funcionamiento suave y la transferencia de energ\u00eda al sistema.<\/li>    <li><strong>Cinta transportadora y cinta recolectora de carne<\/strong>. Transporta y aplica presi\u00f3n para separar la carne de pescado de los huesos.<\/li>    <li><strong>Tambor giratorio<\/strong>. Var\u00eda en tama\u00f1o seg\u00fan el modelo y juega un papel crucial en la separaci\u00f3n de carne y hueso.<\/li> <\/ul> <\/div><\/div>    <div class=\"wp-block-media-text has-media-on-the-right is-stacked-on-mobile\"><div class=\"wp-block-media-text__content\"> <ul class=\"wp-block-list\"> <li><strong>Salidas de huesos de pescado y surimi<\/strong>. Expulsa los huesos separados y recoge la carne de pescado procesada.<\/li>    <li><strong>Entrada de filetes de pescado frescos<\/strong>. Punto de entrada para filetes de pescado.<\/li>    <li><strong>Dispositivo de ajuste autom\u00e1tico<\/strong>. Ajusta la presi\u00f3n para una recolecci\u00f3n de carne consistente.<\/li>    <li><strong>Rueda fija del raspador<\/strong>. Mantiene el raspador exterior en su lugar.<\/li>    <li><strong>Ajustes de elasticidad de la cinta y el espacio<\/strong>. Permiten el ajuste fino de la cinta recolectora de carne para un rendimiento \u00f3ptimo.<\/li> <\/ul> <\/div><figure class=\"wp-block-media-text__media\"><img loading=\"lazy\" decoding=\"async\" width=\"720\" height=\"540\" src=\"https:\/\/topfoodmachine.com\/wp-content\/uploads\/2023\/10\/details-of-the-fish-meat-separator.webp\" alt=\"Detalles del separador de carne de pescado.\" class=\"wp-image-826 size-full\" srcset=\"https:\/\/topfoodmachine.com\/wp-content\/uploads\/2023\/10\/details-of-the-fish-meat-separator.webp 720w, https:\/\/topfoodmachine.com\/wp-content\/uploads\/2023\/10\/details-of-the-fish-meat-separator-300x225.webp 300w\" sizes=\"auto, (max-width: 720px) 100vw, 720px\" \/><\/figure><\/div>    <p>Este sistema asegura una separaci\u00f3n eficiente de la carne de pescado y los huesos para diversas necesidades de procesamiento.<\/p>    <h2 class=\"wp-block-heading\">\u00bfC\u00f3mo funciona la m\u00e1quina separadora de carne de pescado?<\/h2>    <div class=\"wp-block-media-text is-stacked-on-mobile\"><figure class=\"wp-block-media-text__media\"><img loading=\"lazy\" decoding=\"async\" width=\"720\" height=\"540\" src=\"https:\/\/topfoodmachine.com\/wp-content\/uploads\/2023\/10\/fish-bone-picker.webp\" alt=\"recolector de espinas de pescado\" class=\"wp-image-827 size-full\" srcset=\"https:\/\/topfoodmachine.com\/wp-content\/uploads\/2023\/10\/fish-bone-picker.webp 720w, https:\/\/topfoodmachine.com\/wp-content\/uploads\/2023\/10\/fish-bone-picker-300x225.webp 300w\" sizes=\"auto, (max-width: 720px) 100vw, 720px\" \/><\/figure><div class=\"wp-block-media-text__content\"> <ul class=\"wp-block-list\"> <li><strong>Mecanismo de tambor y cinta de goma<\/strong>. La m\u00e1quina utiliza un tambor y una cinta de goma giratoria para presionar la carne de pescado.<\/li>    <li><strong>Acci\u00f3n de presi\u00f3n mutua<\/strong>. La carne de pescado se separa por la fuerza de presi\u00f3n entre el tambor y la cinta de goma, permitiendo que la carne permanezca dentro del tambor.<\/li>    <li><strong>Eliminaci\u00f3n de huesos y piel<\/strong>. Los huesos y la piel de pescado quedan fuera del tambor, donde son raspados por el raspador.<\/li> <\/ul> <\/div><\/div>    <h2 class=\"wp-block-heading\">Caracter\u00edsticas clave de la m\u00e1quina separadora de carne y huesos de pescado<\/h2>    <ul class=\"wp-block-list\"> <li><strong>Versatilidad<\/strong>. Adecuado tanto para pescado de mar como de agua dulce, y puede procesar peces grandes segment\u00e1ndolos o recolectar carne directamente de peces m\u00e1s peque\u00f1os.<\/li>    <li><strong>Separaci\u00f3n eficiente<\/strong>. Separa eficazmente los huesos, la piel y las costillas de pescado, aumentando la utilizaci\u00f3n de materias primas.<\/li>    <li><strong>Alta tasa de recolecci\u00f3n de carne<\/strong>. Logra hasta un 95% de recolecci\u00f3n de carne de pescado, optimizando el uso de materias primas.<\/li>    <li><strong>Durabilidad<\/strong>. Dise\u00f1o compacto, pr\u00e1ctico y duradero que asegura un uso a largo plazo.<\/li>    <li><strong>Valor econ\u00f3mico<\/strong>. Aumenta el valor econ\u00f3mico de los peces de bajo valor transform\u00e1ndolos en productos de alto valor.<\/li>    <li><strong>Ajustes convenientes<\/strong>. Cuenta con un dispositivo de tensi\u00f3n de cinta de goma para ajustar la presi\u00f3n entre la cinta de goma y el rodillo para un funcionamiento eficiente.<\/li>    <li><strong>Amplias aplicaciones<\/strong>. La carne de pescado extra\u00edda se puede utilizar para varios productos como bolas de pescado, pasta de pescado, pasteles de pescado y m\u00e1s.<\/li> <\/ul>    <figure class=\"wp-block-image size-full\"><img loading=\"lazy\" decoding=\"async\" width=\"720\" height=\"540\" src=\"https:\/\/topfoodmachine.com\/wp-content\/uploads\/2023\/10\/fish-bone-separator.webp\" alt=\"separador de espinas de pescado\" class=\"wp-image-824\" srcset=\"https:\/\/topfoodmachine.com\/wp-content\/uploads\/2023\/10\/fish-bone-separator.webp 720w, https:\/\/topfoodmachine.com\/wp-content\/uploads\/2023\/10\/fish-bone-separator-300x225.webp 300w\" sizes=\"auto, (max-width: 720px) 100vw, 720px\" \/><figcaption class=\"wp-element-caption\">separador de espinas de pescado<\/figcaption><\/figure>    <h2 class=\"wp-block-heading\">Equipos de apoyo de la m\u00e1quina separadora de carne y huesos de pescado<\/h2>    <ul class=\"wp-block-list\"> <li><strong><a href=\"https:\/\/topfoodmachine.com\/es\/product\/meatball-making-machine\/\" data-type=\"link\" data-id=\"https:\/\/topfoodmachine.com\/product\/meatball-making-machine\/\">maquina para hacer albondigas<\/a><\/strong>. Ideal para dar forma a la carne de pescado extra\u00edda en alb\u00f3ndigas uniformes para un procesamiento posterior.<\/li>    <li><strong><a href=\"https:\/\/meat-machine.com\/product\/multifunctional-fish-cutting-machine\/\" data-type=\"link\" data-id=\"https:\/\/meat-machine.com\/product\/multifunctional-fish-cutting-machine\/\" target=\"_blank\" rel=\"noopener\">M\u00e1quina de corte de pescado<\/a><\/strong>. Prepara el pescado segment\u00e1ndolo o cort\u00e1ndolo en tama\u00f1os adecuados para una separaci\u00f3n eficiente.<\/li> <\/ul>    <p>Estas m\u00e1quinas funcionan sin problemas con el separador de carne de pescado, mejorando la eficiencia del procesamiento y la calidad del producto.<\/p>    <figure class=\"wp-block-gallery has-nested-images columns-default is-cropped wp-block-gallery-2 is-layout-flex wp-block-gallery-is-layout-flex\"> <figure class=\"wp-block-image size-large\"><img loading=\"lazy\" decoding=\"async\" width=\"720\" height=\"540\" data-id=\"1705\" src=\"https:\/\/topfoodmachine.com\/wp-content\/uploads\/2023\/10\/fish-cutter-machine.webp\" alt=\"m\u00e1quina cortadora de pescado\" class=\"wp-image-1705\" srcset=\"https:\/\/topfoodmachine.com\/wp-content\/uploads\/2023\/10\/fish-cutter-machine.webp 720w, https:\/\/topfoodmachine.com\/wp-content\/uploads\/2023\/10\/fish-cutter-machine-300x225.webp 300w, https:\/\/topfoodmachine.com\/wp-content\/uploads\/2023\/10\/fish-cutter-machine-16x12.webp 16w\" sizes=\"auto, (max-width: 720px) 100vw, 720px\" \/><figcaption class=\"wp-element-caption\">m\u00e1quina cortadora de pescado<\/figcaption><\/figure>    <figure class=\"wp-block-image size-large\"><img loading=\"lazy\" decoding=\"async\" width=\"720\" height=\"540\" data-id=\"1150\" src=\"https:\/\/topfoodmachine.com\/wp-content\/uploads\/2024\/02\/meatball-making-machine.webp\" alt=\"m\u00e1quina para hacer alb\u00f3ndigas\" class=\"wp-image-1150\" srcset=\"https:\/\/topfoodmachine.com\/wp-content\/uploads\/2024\/02\/meatball-making-machine.webp 720w, https:\/\/topfoodmachine.com\/wp-content\/uploads\/2024\/02\/meatball-making-machine-300x225.webp 300w\" sizes=\"auto, (max-width: 720px) 100vw, 720px\" \/><figcaption class=\"wp-element-caption\">m\u00e1quina para hacer alb\u00f3ndigas<\/figcaption><\/figure> <\/figure>    <h2 class=\"wp-block-heading\">Par\u00e1metros t\u00e9cnicos de la m\u00e1quina separadora de huesos de carne de pescado.<\/h2>    <figure class=\"wp-block-table\"><table class=\"has-fixed-layout\"><tbody><tr><td>Modelo<\/td><td>TZ-F150<\/td><td>TZ-F200<\/td><td>TZ-F300<\/td><td>TZ-F350<\/td><\/tr><tr><td>Dimensi\u00f3n<\/td><td>850*680*900mm<\/td><td>900*880*950mm<\/td><td>1150*870*1060mm<\/td><td>1300*1000*1050mm<\/td><\/tr><tr><td>capacidad<\/td><td>180kg\/hora<\/td><td>280kg\/h<\/td><td>360kg\/h<\/td><td>1.5T\/h<\/td><\/tr><tr><td>Fuerza<\/td><td>2,2 kw<\/td><td>2,2 kw<\/td><td>2,2 kw<\/td><td>7,5 kw<\/td><\/tr><tr><td>Grosor de la correa<\/td><td>20mm<\/td><td>20mm<\/td><td>20mm<\/td><td>20mm<\/td><\/tr><tr><td>Longitud de la correa<\/td><td>1195mm<\/td><td>1450mm<\/td><td>1450mm<\/td><td>2500mm<\/td><\/tr><tr><td>Di\u00e1metro del barril<\/td><td>162mm<\/td><td>219mm<\/td><td>219mm<\/td><td>300mm<\/td><\/tr><tr><td>Grosor del barril<\/td><td>8mm<\/td><td>8mm<\/td><td>8mm<\/td><td>12mm<\/td><\/tr><tr><td>Di\u00e1metro de los agujeros<\/td><td>2.7mm<\/td><td>2.7mm<\/td><td>2.7mm(3mm\uff09<\/td><td>4\/4.5\/5\/6mm<\/td><\/tr><tr><td>Peso<\/td><td>220 kilos<\/td><td>260 kilos<\/td><td>320 kilos<\/td><td>750 kilos<\/td><\/tr><\/tbody><\/table><figcaption class=\"wp-element-caption\">par\u00e1metros de la m\u00e1quina separadora de carne y huesos de pescado<\/figcaption><\/figure>    <h2 class=\"wp-block-heading\">Preguntas frecuentes sobre la m\u00e1quina separadora de carne de pescado<\/h2>    <figure class=\"wp-block-gallery has-nested-images columns-default is-cropped wp-block-gallery-3 is-layout-flex wp-block-gallery-is-layout-flex\"> <figure class=\"wp-block-image size-large\"><img loading=\"lazy\" decoding=\"async\" width=\"720\" height=\"540\" data-id=\"1708\" src=\"https:\/\/topfoodmachine.com\/wp-content\/uploads\/2023\/10\/fish-meat-bone-separator-machine.webp\" alt=\"m\u00e1quina separadora de huesos de carne de pescado\" class=\"wp-image-1708\" srcset=\"https:\/\/topfoodmachine.com\/wp-content\/uploads\/2023\/10\/fish-meat-bone-separator-machine.webp 720w, https:\/\/topfoodmachine.com\/wp-content\/uploads\/2023\/10\/fish-meat-bone-separator-machine-300x225.webp 300w, https:\/\/topfoodmachine.com\/wp-content\/uploads\/2023\/10\/fish-meat-bone-separator-machine-16x12.webp 16w\" sizes=\"auto, (max-width: 720px) 100vw, 720px\" \/><figcaption class=\"wp-element-caption\">m\u00e1quina separadora de huesos de carne de pescado<\/figcaption><\/figure>    <figure class=\"wp-block-image size-large\"><img loading=\"lazy\" decoding=\"async\" width=\"720\" height=\"540\" data-id=\"1709\" src=\"https:\/\/topfoodmachine.com\/wp-content\/uploads\/2023\/10\/fish-meat-separating-machine-1.webp\" alt=\"maquina separadora de carne de pescado\" class=\"wp-image-1709\" srcset=\"https:\/\/topfoodmachine.com\/wp-content\/uploads\/2023\/10\/fish-meat-separating-machine-1.webp 720w, https:\/\/topfoodmachine.com\/wp-content\/uploads\/2023\/10\/fish-meat-separating-machine-1-300x225.webp 300w, https:\/\/topfoodmachine.com\/wp-content\/uploads\/2023\/10\/fish-meat-separating-machine-1-16x12.webp 16w\" sizes=\"auto, (max-width: 720px) 100vw, 720px\" \/><figcaption class=\"wp-element-caption\">maquina separadora de carne de pescado<\/figcaption><\/figure> <\/figure>   <div id=\"rank-math-faq\" class=\"rank-math-block\"> <div class=\"rank-math-list\"> <div id=\"faq-question-1735285767463\" class=\"rank-math-list-item\"> <h3 class=\"rank-math-question\">\u00bfQu\u00e9 tipos de pescado puede procesar la m\u00e1quina?<\/h3> <div class=\"rank-math-answer\">  <p>La m\u00e1quina puede manejar tanto pescado de agua dulce como marina. Funciona eficientemente con pescado peque\u00f1o directamente y con pescado m\u00e1s grande segmentado.<\/p>  <\/div> <\/div> <div id=\"faq-question-1735285790161\" class=\"rank-math-list-item\"> <h3 class=\"rank-math-question\">\u00bfCu\u00e1l es el requerimiento de energ\u00eda de la m\u00e1quina?<\/h3> <div class=\"rank-math-answer\">  <p>La m\u00e1quina opera con energ\u00eda est\u00e1ndar y cuenta con un dispositivo de tensado de correa de goma ajustable para un procesamiento preciso.<\/p>  <\/div> <\/div> <div id=\"faq-question-1735285851311\" class=\"rank-math-list-item\"> <h3 class=\"rank-math-question\">\u00bfQu\u00e9 productos se pueden hacer con la carne de pescado extra\u00edda?<\/h3> <div class=\"rank-math-answer\">  <p>La producci\u00f3n de la m\u00e1quina es ideal para bolas de pescado, pasta de pescado, empanadillas de pescado, bolas de camar\u00f3n, bollos de cangrejo y m\u00e1s.<\/p>  <\/div> <\/div> <div id=\"faq-question-1735285894302\" class=\"rank-math-list-item\"> <h3 class=\"rank-math-question\">\u00bfC\u00f3mo puedo hacer un pedido o preguntar m\u00e1s?<\/h3> <div class=\"rank-math-answer\">  <p>No dude en contactarnos directamente para obtener precios, opciones de personalizaci\u00f3n y m\u00e1s informaci\u00f3n sobre la m\u00e1quina.<\/p>  <\/div> <\/div> <\/div> <\/div>   <h2 class=\"wp-block-heading\">Conclusi\u00f3n<\/h2>    <p>Invertir en la m\u00e1quina separadora de carne y huesos de pescado asegura un procesamiento eficiente, una mayor utilizaci\u00f3n de materias primas y la capacidad de producir una variedad de productos marinos de alto valor. <\/p>    <figure class=\"wp-block-image size-full\"><img loading=\"lazy\" decoding=\"async\" width=\"720\" height=\"540\" src=\"https:\/\/topfoodmachine.com\/wp-content\/uploads\/2023\/10\/fish-bone-removing-machine.webp\" alt=\"m\u00e1quina para quitar espinas de pescado\" class=\"wp-image-823\" srcset=\"https:\/\/topfoodmachine.com\/wp-content\/uploads\/2023\/10\/fish-bone-removing-machine.webp 720w, https:\/\/topfoodmachine.com\/wp-content\/uploads\/2023\/10\/fish-bone-removing-machine-300x225.webp 300w\" sizes=\"auto, (max-width: 720px) 100vw, 720px\" \/><figcaption class=\"wp-element-caption\">m\u00e1quina para quitar espinas de pescado<\/figcaption><\/figure>    <p>Con su dise\u00f1o duradero y aplicaciones vers\u00e1tiles, esta m\u00e1quina es la elecci\u00f3n ideal para negocios de procesamiento de mariscos. \u00a1Cont\u00e1ctenos hoy para saber m\u00e1s sobre esta m\u00e1quina innovadora y obtener un presupuesto personalizado adaptado a sus necesidades!<\/p>","protected":false},"excerpt":{"rendered":"<p>La m\u00e1quina separadora de carne y huesos de pescado es una soluci\u00f3n eficiente para separar la carne de pescado de los huesos, ofreciendo un rendimiento de alta velocidad y excelente eficiencia de procesamiento.<\/p>","protected":false},"author":1,"featured_media":828,"parent":0,"template":"","tags":[96,95,97],"product-type":[7],"class_list":["post-822","product","type-product","status-publish","has-post-thumbnail","hentry","tag-fish","tag-fish-meat-bone-separating-machine","tag-meat","product-type-egg-meat-processing-machine"],"_links":{"self":[{"href":"https:\/\/topfoodmachine.com\/es\/wp-json\/wp\/v2\/product\/822","targetHints":{"allow":["GET"]}}],"collection":[{"href":"https:\/\/topfoodmachine.com\/es\/wp-json\/wp\/v2\/product"}],"about":[{"href":"https:\/\/topfoodmachine.com\/es\/wp-json\/wp\/v2\/types\/product"}],"author":[{"embeddable":true,"href":"https:\/\/topfoodmachine.com\/es\/wp-json\/wp\/v2\/users\/1"}],"wp:featuredmedia":[{"embeddable":true,"href":"https:\/\/topfoodmachine.com\/es\/wp-json\/wp\/v2\/media\/828"}],"wp:attachment":[{"href":"https:\/\/topfoodmachine.com\/es\/wp-json\/wp\/v2\/media?parent=822"}],"wp:term":[{"taxonomy":"post_tag","embeddable":true,"href":"https:\/\/topfoodmachine.com\/es\/wp-json\/wp\/v2\/tags?post=822"},{"taxonomy":"product-type","embeddable":true,"href":"https:\/\/topfoodmachine.com\/es\/wp-json\/wp\/v2\/product-type?post=822"}],"curies":[{"name":"wp","href":"https:\/\/api.w.org\/{rel}","templated":true}]}}