{"id":805,"date":"2023-10-19T13:30:17","date_gmt":"2023-10-19T05:30:17","guid":{"rendered":"https:\/\/topfoodmachine.com\/?post_type=product&#038;p=805"},"modified":"2025-08-05T18:00:36","modified_gmt":"2025-08-05T10:00:36","slug":"automatic-meat-grinder","status":"publish","type":"product","link":"https:\/\/topfoodmachine.com\/es\/product\/automatic-meat-grinder\/","title":{"rendered":"Picadora de carne autom\u00e1tica"},"content":{"rendered":"<div class=\"kk-star-ratings kksr-auto kksr-align-left kksr-valign-top\"     data-payload='{&quot;align&quot;:&quot;left&quot;,&quot;id&quot;:&quot;805&quot;,&quot;slug&quot;:&quot;default&quot;,&quot;valign&quot;:&quot;top&quot;,&quot;ignore&quot;:&quot;&quot;,&quot;reference&quot;:&quot;auto&quot;,&quot;class&quot;:&quot;&quot;,&quot;count&quot;:&quot;23&quot;,&quot;legendonly&quot;:&quot;&quot;,&quot;readonly&quot;:&quot;&quot;,&quot;score&quot;:&quot;4.8&quot;,&quot;starsonly&quot;:&quot;&quot;,&quot;best&quot;:&quot;5&quot;,&quot;gap&quot;:&quot;5&quot;,&quot;greet&quot;:&quot;Rate this product&quot;,&quot;legend&quot;:&quot;4.8\\\/5 - (23 votos)&quot;,&quot;size&quot;:&quot;24&quot;,&quot;title&quot;:&quot;Automatic Meat Grinder&quot;,&quot;width&quot;:&quot;136.7&quot;,&quot;_legend&quot;:&quot;{score}\\\/{best} - ({count} {votes})&quot;,&quot;font_factor&quot;:&quot;1.25&quot;}'>              <div class=\"kksr-stars\">      <div class=\"kksr-stars-inactive\">             <div class=\"kksr-star\" data-star=\"1\" style=\"padding-right: 5px\">               <div class=\"kksr-icon\" style=\"width: 24px; height: 24px;\"><\/div>         <\/div>             <div class=\"kksr-star\" data-star=\"2\" style=\"padding-right: 5px\">               <div class=\"kksr-icon\" style=\"width: 24px; height: 24px;\"><\/div>         <\/div>             <div class=\"kksr-star\" data-star=\"3\" style=\"padding-right: 5px\">               <div class=\"kksr-icon\" style=\"width: 24px; height: 24px;\"><\/div>         <\/div>             <div class=\"kksr-star\" data-star=\"4\" style=\"padding-right: 5px\">               <div class=\"kksr-icon\" style=\"width: 24px; height: 24px;\"><\/div>         <\/div>             <div class=\"kksr-star\" data-star=\"5\" style=\"padding-right: 5px\">               <div class=\"kksr-icon\" style=\"width: 24px; height: 24px;\"><\/div>         <\/div>     <\/div>      <div class=\"kksr-stars-active\" style=\"width: 136.7px;\">             <div class=\"kksr-star\" style=\"padding-right: 5px\">               <div class=\"kksr-icon\" style=\"width: 24px; height: 24px;\"><\/div>         <\/div>             <div class=\"kksr-star\" style=\"padding-right: 5px\">               <div class=\"kksr-icon\" style=\"width: 24px; height: 24px;\"><\/div>         <\/div>             <div class=\"kksr-star\" style=\"padding-right: 5px\">               <div class=\"kksr-icon\" style=\"width: 24px; height: 24px;\"><\/div>         <\/div>             <div class=\"kksr-star\" style=\"padding-right: 5px\">               <div class=\"kksr-icon\" style=\"width: 24px; height: 24px;\"><\/div>         <\/div>             <div class=\"kksr-star\" style=\"padding-right: 5px\">               <div class=\"kksr-icon\" style=\"width: 24px; height: 24px;\"><\/div>         <\/div>     <\/div> <\/div>                   <div class=\"kksr-legend\" style=\"font-size: 19.2px;\">             4,8\/5 - (23 votos)    <\/div>     <\/div>  <p class=\"translation-block\">El <strong>picador de carne<\/strong> es capaz de manejar de manera eficiente tanto carne fresca como congelada sin descongelaci\u00f3n previa, ayudando a retener el sabor y los nutrientes naturales de la carne. Con una <strong>capacidad de procesamiento que var\u00eda de 500 a 3000 kg\/h<\/strong>, este picador es perfectamente adecuado para operaciones de mediana a gran escala.<\/p>    <p class=\"translation-block\">Construido con una <strong>estructura de acero inoxidable duradera<\/strong> y alimentado por un motor de alto rendimiento, la m\u00e1quina garantiza un funcionamiento higi\u00e9nico, duradero y f\u00e1cil de limpiar. Puede picar carne en diferentes tama\u00f1os de part\u00edculas, lo que la hace adecuada para una amplia gama de aplicaciones como <strong>salchichas, alb\u00f3ndigas, hamburguesas<\/strong>, y m\u00e1s. <\/p>    <p class=\"translation-block\">Gracias a su <strong>fiabilidad y versatilidad<\/strong>, el picador de carne es ampliamente adoptado en <strong>f\u00e1bricas de procesamiento de carne, cocinas comerciales y instalaciones de producci\u00f3n de alimentos<\/strong>, ofreciendo una soluci\u00f3n de alta producci\u00f3n para uso profesional.<\/p>    <figure class=\"wp-block-embed is-type-video is-provider-youtube wp-block-embed-youtube wp-embed-aspect-16-9 wp-has-aspect-ratio\"><div class=\"wp-block-embed__wrapper\"> <iframe loading=\"lazy\" title=\"Consejos para la picadora de carne: C\u00f3mo moler carne como un profesional #carne #molienda #maquinadecomida\" width=\"500\" height=\"281\" src=\"https:\/\/www.youtube.com\/embed\/SgF-Z95lqes?feature=oembed\" frameborder=\"0\" allow=\"accelerometer; autoplay; clipboard-write; encrypted-media; gyroscope; picture-in-picture; web-share\" referrerpolicy=\"strict-origin-when-cross-origin\" allowfullscreen><\/iframe> <\/div><figcaption class=\"wp-element-caption\">video de trabajo de la m\u00e1quina de molienda de carne<\/figcaption><\/figure>    <h2 class=\"wp-block-heading\">Aplicaciones de la m\u00e1quina picadora de carne<\/h2>    <div class=\"wp-block-media-text is-stacked-on-mobile\"><figure class=\"wp-block-media-text__media\"><img loading=\"lazy\" decoding=\"async\" width=\"720\" height=\"540\" src=\"https:\/\/topfoodmachine.com\/wp-content\/uploads\/2023\/10\/meat-grinding.webp\" alt=\"molienda de carne\" class=\"wp-image-819 size-full\" srcset=\"https:\/\/topfoodmachine.com\/wp-content\/uploads\/2023\/10\/meat-grinding.webp 720w, https:\/\/topfoodmachine.com\/wp-content\/uploads\/2023\/10\/meat-grinding-300x225.webp 300w\" sizes=\"auto, (max-width: 720px) 100vw, 720px\" \/><\/figure><div class=\"wp-block-media-text__content\"> <p>La m\u00e1quina picadora de carne se utiliza ampliamente en las industrias de procesamiento de alimentos para producir salchichas, jam\u00f3n, alb\u00f3ndigas, fiambres, comida para mascotas y otros productos de carne picada. <\/p>    <p>Pica de manera eficiente carne fresca o congelada, lo que la hace esencial para plantas de procesamiento de carne, restaurantes, carnicer\u00edas y fabricantes de comida para mascotas.<\/p> <\/div><\/div>    <h2 class=\"wp-block-heading\">Estructura de la m\u00e1quina picadora de carne<\/h2>    <div class=\"wp-block-media-text has-media-on-the-right is-stacked-on-mobile\"><div class=\"wp-block-media-text__content\"> <ul class=\"wp-block-list\"> <li>Tornillo de trabajo. Hecho de acero inoxidable de alta resistencia, duradero y resistente a la deformaci\u00f3n.<\/li>    <li>C\u00e1mara de prensado. Aloja la carne para picar y asegura una presi\u00f3n uniforme.<\/li>    <li>Manga de extrusi\u00f3n. Gu\u00eda la carne a trav\u00e9s del proceso de picado.<\/li>    <li>Tolva. Sostiene la carne cruda antes de picar.<\/li>    <li>Puerto de descarga. Expulsa la carne picada de manera suave.<\/li>    <li>Motor. Proporciona potencia estable para un picado eficiente.<\/li>    <li>Ruedas universales. F\u00e1cil de mover la m\u00e1quina seg\u00fan sea necesario.<\/li>    <li>Asiento del cuchillo principal. Sostiene las cuchillas de corte firmemente.<\/li>    <li>Carcasa. Protege los componentes internos y asegura la seguridad.<\/li> <\/ul> <\/div><figure class=\"wp-block-media-text__media\"><img loading=\"lazy\" decoding=\"async\" width=\"720\" height=\"540\" src=\"https:\/\/topfoodmachine.com\/wp-content\/uploads\/2023\/10\/commercial-meat-grinder.webp\" alt=\"picadora de carne comercial\" class=\"wp-image-817 size-full\" srcset=\"https:\/\/topfoodmachine.com\/wp-content\/uploads\/2023\/10\/commercial-meat-grinder.webp 720w, https:\/\/topfoodmachine.com\/wp-content\/uploads\/2023\/10\/commercial-meat-grinder-300x225.webp 300w\" sizes=\"auto, (max-width: 720px) 100vw, 720px\" \/><\/figure><\/div>    <h2 class=\"wp-block-heading\">Caracter\u00edsticas clave de la m\u00e1quina picadora de carne<\/h2>    <div class=\"wp-block-media-text is-stacked-on-mobile\"><figure class=\"wp-block-media-text__media\"><img loading=\"lazy\" decoding=\"async\" width=\"720\" height=\"540\" src=\"https:\/\/topfoodmachine.com\/wp-content\/uploads\/2023\/10\/details-of-meat-grinder.webp\" alt=\"detalles de la picadora de carne\" class=\"wp-image-809 size-full\" srcset=\"https:\/\/topfoodmachine.com\/wp-content\/uploads\/2023\/10\/details-of-meat-grinder.webp 720w, https:\/\/topfoodmachine.com\/wp-content\/uploads\/2023\/10\/details-of-meat-grinder-300x225.webp 300w\" sizes=\"auto, (max-width: 720px) 100vw, 720px\" \/><\/figure><div class=\"wp-block-media-text__content\"> <ul class=\"wp-block-list\"> <li>El motor proporciona un rendimiento potente para un picado r\u00e1pido y eficiente, incluso con cortes de carne dif\u00edciles o grandes.<\/li>    <li>Los ajustes de velocidad ajustables permiten un picado personalizado, ofreciendo texturas m\u00e1s finas o m\u00e1s gruesas seg\u00fan sea necesario.<\/li>    <li>La funci\u00f3n inversa elimina r\u00e1pidamente los bloqueos al invertir la direcci\u00f3n del tornillo.<\/li>    <li>M\u00faltiples placas de matriz perforadas le permiten controlar el tama\u00f1o de los gr\u00e1nulos de carne picada con precisi\u00f3n.<\/li> <\/ul> <\/div><\/div>    <div class=\"wp-block-media-text has-media-on-the-right is-stacked-on-mobile\"><div class=\"wp-block-media-text__content\"> <ul class=\"wp-block-list\"> <li>Esta m\u00e1quina vers\u00e1til maneja diversas tareas, incluido el picado de carne congelada, para aumentar la eficiencia de producci\u00f3n y reducir la mano de obra.<\/li>    <li>El picado r\u00e1pido minimiza la acumulaci\u00f3n de calor, preservando la frescura y extendiendo la vida \u00fatil de los productos c\u00e1rnicos.<\/li>    <li>Todos los componentes est\u00e1n hechos de acero inoxidable de grado alimenticio para garantizar el cumplimiento de estrictos est\u00e1ndares de higiene.<\/li>    <li>La m\u00e1quina procesa eficientemente carne cruda en rellenos granulares consistentes para satisfacer diversas demandas de producci\u00f3n.<\/li> <\/ul> <\/div><figure class=\"wp-block-media-text__media\"><img loading=\"lazy\" decoding=\"async\" width=\"720\" height=\"540\" src=\"https:\/\/topfoodmachine.com\/wp-content\/uploads\/2023\/10\/working-process-of-meat-grinder.webp\" alt=\"proceso de trabajo de la picadora de carne\" class=\"wp-image-810 size-full\" srcset=\"https:\/\/topfoodmachine.com\/wp-content\/uploads\/2023\/10\/working-process-of-meat-grinder.webp 720w, https:\/\/topfoodmachine.com\/wp-content\/uploads\/2023\/10\/working-process-of-meat-grinder-300x225.webp 300w\" sizes=\"auto, (max-width: 720px) 100vw, 720px\" \/><\/figure><\/div>    <h2 class=\"wp-block-heading\">\u00bfC\u00f3mo funciona la m\u00e1quina picadora de carne?<\/h2>    <div class=\"wp-block-media-text is-stacked-on-mobile\"><figure class=\"wp-block-media-text__media\"><img loading=\"lazy\" decoding=\"async\" width=\"720\" height=\"540\" src=\"https:\/\/topfoodmachine.com\/wp-content\/uploads\/2023\/10\/best-meat-grinder.webp\" alt=\"mejor picadora de carne\" class=\"wp-image-808 size-full\" srcset=\"https:\/\/topfoodmachine.com\/wp-content\/uploads\/2023\/10\/best-meat-grinder.webp 720w, https:\/\/topfoodmachine.com\/wp-content\/uploads\/2023\/10\/best-meat-grinder-300x225.webp 300w\" sizes=\"auto, (max-width: 720px) 100vw, 720px\" \/><\/figure><div class=\"wp-block-media-text__content\"> <ul class=\"wp-block-list\"> <li>Prepare la carne recortando el exceso de grasa y quitando cualquier hueso antes de picar.<\/li>    <li>Monta el picador fijando las placas y cuchillas de picado de manera segura.<\/li>    <li>Introduce los trozos de carne preparados en la tolva, utilizando un empujador de alimentos para guiarlos si est\u00e1 disponible.<\/li>    <li>Encienda la m\u00e1quina para activar el tornillo, que empuja la carne hacia la cuchilla de corte para picar.<\/li>    <li>Ajuste la grosor del picado seleccionando placas de picado con diferentes tama\u00f1os de agujeros.<\/li>    <li>Recoja la carne picada a medida que sale del picador, lista para cocinar o para un procesamiento adicional.<\/li> <\/ul> <\/div><\/div>    <h2 class=\"wp-block-heading\">Mantenimiento de la picadora de carne.<\/h2>    <div class=\"wp-block-media-text has-media-on-the-right is-stacked-on-mobile\"><div class=\"wp-block-media-text__content\"> <ul class=\"wp-block-list\"> <li>Limpieza regular. Desmonte el molino despu\u00e9s de cada uso y lave todas las partes removibles con agua tibia y jab\u00f3n, enfoc\u00e1ndose en la placa de molienda, cuchillas y tornillo sin fin.<\/li>    <li>Eliminar residuos de inmediato. Limpie los residuos de carne o alimentos de inmediato, y remoje los residuos persistentes en agua tibia y jab\u00f3n antes de limpiar.<\/li> <\/ul> <\/div><figure class=\"wp-block-media-text__media\"><img loading=\"lazy\" decoding=\"async\" width=\"720\" height=\"540\" src=\"https:\/\/topfoodmachine.com\/wp-content\/uploads\/2023\/10\/commercial-meat-grinder-machine.webp\" alt=\"m\u00e1quina picadora de carne comercial\" class=\"wp-image-811 size-full\" srcset=\"https:\/\/topfoodmachine.com\/wp-content\/uploads\/2023\/10\/commercial-meat-grinder-machine.webp 720w, https:\/\/topfoodmachine.com\/wp-content\/uploads\/2023\/10\/commercial-meat-grinder-machine-300x225.webp 300w\" sizes=\"auto, (max-width: 720px) 100vw, 720px\" \/><\/figure><\/div>    <div class=\"wp-block-media-text is-stacked-on-mobile\"><figure class=\"wp-block-media-text__media\"><img loading=\"lazy\" decoding=\"async\" width=\"720\" height=\"540\" src=\"https:\/\/topfoodmachine.com\/wp-content\/uploads\/2023\/10\/meat-grinder-machine-with-a-good-price.webp\" alt=\"M\u00e1quina picadora de carne a buen precio.\" class=\"wp-image-812 size-full\" srcset=\"https:\/\/topfoodmachine.com\/wp-content\/uploads\/2023\/10\/meat-grinder-machine-with-a-good-price.webp 720w, https:\/\/topfoodmachine.com\/wp-content\/uploads\/2023\/10\/meat-grinder-machine-with-a-good-price-300x225.webp 300w\" sizes=\"auto, (max-width: 720px) 100vw, 720px\" \/><\/figure><div class=\"wp-block-media-text__content\"> <ul class=\"wp-block-list\"> <li>Secado completo. Aseg\u00farese de que todas las partes est\u00e9n completamente secas despu\u00e9s de lavarlas para evitar \u00f3xido o crecimiento bacteriano antes de volver a ensamblar el molino.<\/li>    <li>Lubricaci\u00f3n. Aplique un lubricante de grado alimenticio a las partes m\u00f3viles como el tornillo sin fin y la caja de cambios para asegurar un funcionamiento suave y eficiente.<\/li> <\/ul> <\/div><\/div>    <h2 class=\"wp-block-heading\">Par\u00e1metros de la picadora de carne.<\/h2>    <figure class=\"wp-block-table\"><table><tbody><tr><td>Modelo<\/td><td>Capacidad<\/td><td>Fuerza<\/td><td>Tama\u00f1o<\/td><\/tr><tr><td>TZ-100<\/td><td>500kg\/hora<\/td><td>5,5 KW<\/td><td>980*550*900MM<\/td><\/tr><tr><td>TZ-120<\/td><td>1500kg\/h<\/td><td>7,5 KW<\/td><td>960*550*1080MM<\/td><\/tr><tr><td>TZ-160<\/td><td>2000-3000kg\/h<\/td><td>15kW<\/td><td>1630*1100*1450MM<\/td><\/tr><\/tbody><\/table><figcaption class=\"wp-element-caption\">par\u00e1metros de la m\u00e1quina de moler carne<\/figcaption><\/figure>    <figure class=\"wp-block-image\"><img loading=\"lazy\" decoding=\"async\" width=\"720\" height=\"540\" src=\"https:\/\/topfoodmachine.com\/wp-content\/uploads\/2023\/10\/automatic-meat-grinder.webp\" alt=\"picadora de carne autom\u00e1tica\" class=\"wp-image-807\" srcset=\"https:\/\/topfoodmachine.com\/wp-content\/uploads\/2023\/10\/automatic-meat-grinder.webp 720w, https:\/\/topfoodmachine.com\/wp-content\/uploads\/2023\/10\/automatic-meat-grinder-300x225.webp 300w\" sizes=\"auto, (max-width: 720px) 100vw, 720px\" \/><\/figure>    <h2 class=\"wp-block-heading\">Conclusi\u00f3n<\/h2>    <p class=\"translation-block\">Nuestra m\u00e1quina <a href=\"https:\/\/en.wikipedia.org\/wiki\/Grinder\" data-type=\"link\" data-id=\"https:\/\/en.wikipedia.org\/wiki\/Grinder\" target=\"_blank\" rel=\"noopener\">picadora<\/a> de carne es una soluci\u00f3n confiable para un procesamiento de carne eficiente y de alta calidad, convirti\u00e9ndola en una herramienta esencial para su negocio. Dise\u00f1ada para durabilidad y rendimiento, satisface diversas necesidades de picado de carne con precisi\u00f3n y facilidad. <\/p>    <p class=\"translation-block\">Adem\u00e1s, nuestra empresa ofrece una amplia gama de <a href=\"https:\/\/topfoodmachine.com\/es\/products\/egg-meat-processing-machine\/\" data-type=\"link\" data-id=\"https:\/\/topfoodmachine.com\/products\/egg-meat-processing-machine\/\">equipos de procesamiento de carne<\/a>. \u00a1Cont\u00e1ctenos hoy para obtener m\u00e1s informaci\u00f3n, solicitar un presupuesto y explorar las mejores soluciones para sus necesidades de procesamiento de carne!<\/p>","protected":false},"excerpt":{"rendered":"<p>El picador de carne es capaz de manejar de manera eficiente tanto carne fresca como congelada sin descongelaci\u00f3n previa, ayudando a retener el sabor y los nutrientes naturales de la carne.<\/p>","protected":false},"author":1,"featured_media":806,"parent":0,"template":"","tags":[102],"product-type":[7],"class_list":["post-805","product","type-product","status-publish","has-post-thumbnail","hentry","tag-meat-grinder","product-type-egg-meat-processing-machine"],"_links":{"self":[{"href":"https:\/\/topfoodmachine.com\/es\/wp-json\/wp\/v2\/product\/805","targetHints":{"allow":["GET"]}}],"collection":[{"href":"https:\/\/topfoodmachine.com\/es\/wp-json\/wp\/v2\/product"}],"about":[{"href":"https:\/\/topfoodmachine.com\/es\/wp-json\/wp\/v2\/types\/product"}],"author":[{"embeddable":true,"href":"https:\/\/topfoodmachine.com\/es\/wp-json\/wp\/v2\/users\/1"}],"wp:featuredmedia":[{"embeddable":true,"href":"https:\/\/topfoodmachine.com\/es\/wp-json\/wp\/v2\/media\/806"}],"wp:attachment":[{"href":"https:\/\/topfoodmachine.com\/es\/wp-json\/wp\/v2\/media?parent=805"}],"wp:term":[{"taxonomy":"post_tag","embeddable":true,"href":"https:\/\/topfoodmachine.com\/es\/wp-json\/wp\/v2\/tags?post=805"},{"taxonomy":"product-type","embeddable":true,"href":"https:\/\/topfoodmachine.com\/es\/wp-json\/wp\/v2\/product-type?post=805"}],"curies":[{"name":"wp","href":"https:\/\/api.w.org\/{rel}","templated":true}]}}