{"id":8,"date":"2022-07-12T02:03:28","date_gmt":"2022-07-12T02:03:28","guid":{"rendered":"https:\/\/topfoodmachine.com\/?post_type=product&#038;p=8"},"modified":"2025-07-28T18:31:17","modified_gmt":"2025-07-28T10:31:17","slug":"fruit-and-vegetable-washing-machine","status":"publish","type":"product","link":"https:\/\/topfoodmachine.com\/es\/product\/fruit-and-vegetable-washing-machine\/","title":{"rendered":"Lavadora de frutas y verduras"},"content":{"rendered":"<div class=\"kk-star-ratings kksr-auto kksr-align-left kksr-valign-top\"     data-payload='{&quot;align&quot;:&quot;left&quot;,&quot;id&quot;:&quot;8&quot;,&quot;slug&quot;:&quot;default&quot;,&quot;valign&quot;:&quot;top&quot;,&quot;ignore&quot;:&quot;&quot;,&quot;reference&quot;:&quot;auto&quot;,&quot;class&quot;:&quot;&quot;,&quot;count&quot;:&quot;19&quot;,&quot;legendonly&quot;:&quot;&quot;,&quot;readonly&quot;:&quot;&quot;,&quot;score&quot;:&quot;4.5&quot;,&quot;starsonly&quot;:&quot;&quot;,&quot;best&quot;:&quot;5&quot;,&quot;gap&quot;:&quot;5&quot;,&quot;greet&quot;:&quot;Rate this product&quot;,&quot;legend&quot;:&quot;4.5\\\/5 - (19 votos)&quot;,&quot;size&quot;:&quot;24&quot;,&quot;title&quot;:&quot;Fruit and Vegetable Washing Machine&quot;,&quot;width&quot;:&quot;128&quot;,&quot;_legend&quot;:&quot;{score}\\\/{best} - ({count} {votes})&quot;,&quot;font_factor&quot;:&quot;1.25&quot;}'>              <div class=\"kksr-stars\">      <div class=\"kksr-stars-inactive\">             <div class=\"kksr-star\" data-star=\"1\" style=\"padding-right: 5px\">               <div class=\"kksr-icon\" style=\"width: 24px; height: 24px;\"><\/div>         <\/div>             <div class=\"kksr-star\" data-star=\"2\" style=\"padding-right: 5px\">               <div class=\"kksr-icon\" style=\"width: 24px; height: 24px;\"><\/div>         <\/div>             <div class=\"kksr-star\" data-star=\"3\" style=\"padding-right: 5px\">               <div class=\"kksr-icon\" style=\"width: 24px; height: 24px;\"><\/div>         <\/div>             <div class=\"kksr-star\" data-star=\"4\" style=\"padding-right: 5px\">               <div class=\"kksr-icon\" style=\"width: 24px; height: 24px;\"><\/div>         <\/div>             <div class=\"kksr-star\" data-star=\"5\" style=\"padding-right: 5px\">               <div class=\"kksr-icon\" style=\"width: 24px; height: 24px;\"><\/div>         <\/div>     <\/div>      <div class=\"kksr-stars-active\" style=\"width: 128px;\">             <div class=\"kksr-star\" style=\"padding-right: 5px\">               <div class=\"kksr-icon\" style=\"width: 24px; height: 24px;\"><\/div>         <\/div>             <div class=\"kksr-star\" style=\"padding-right: 5px\">               <div class=\"kksr-icon\" style=\"width: 24px; height: 24px;\"><\/div>         <\/div>             <div class=\"kksr-star\" style=\"padding-right: 5px\">               <div class=\"kksr-icon\" style=\"width: 24px; height: 24px;\"><\/div>         <\/div>             <div class=\"kksr-star\" style=\"padding-right: 5px\">               <div class=\"kksr-icon\" style=\"width: 24px; height: 24px;\"><\/div>         <\/div>             <div class=\"kksr-star\" style=\"padding-right: 5px\">               <div class=\"kksr-icon\" style=\"width: 24px; height: 24px;\"><\/div>         <\/div>     <\/div> <\/div>                   <div class=\"kksr-legend\" style=\"font-size: 19.2px;\">             4,5\/5 - (19 votos)    <\/div>     <\/div>  <p>La m\u00e1quina lavadora de frutas y verduras es un limpiador de tipo burbuja de aire dise\u00f1ado para su uso en f\u00e1bricas de alimentos, granjas, restaurantes, hoteles y tiendas minoristas. Utiliza un avanzado flujo de agua a alta presi\u00f3n combinado con tecnolog\u00eda de impacto de burbujas para eliminar eficazmente la tierra, impurezas y residuos de pesticidas, mientras protege los productos de da\u00f1os. <\/p>    <p>Construido con acero inoxidable 304 de grado alimenticio, la m\u00e1quina es adecuada para limpiar una amplia variedad de frutas, verduras y nueces, incluyendo manzanas, patatas, pimientos, anacardos y bayas. Con una capacidad de procesamiento que var\u00eda de 500 a 2000 kg por hora, se puede personalizar para satisfacer las necesidades de diferentes escalas de producci\u00f3n.<\/p>    <figure class=\"wp-block-embed is-type-video is-provider-youtube wp-block-embed-youtube wp-embed-aspect-16-9 wp-has-aspect-ratio\"><div class=\"wp-block-embed__wrapper\"> <iframe loading=\"lazy\" title=\"\u2705 C\u00f3mo funciona una m\u00e1quina de lavar frutas y verduras | Demostraci\u00f3n completa #frutas #verduras #lavado\" width=\"500\" height=\"281\" src=\"https:\/\/www.youtube.com\/embed\/2Z60iVI_vZw?feature=oembed\" frameborder=\"0\" allow=\"accelerometer; autoplay; clipboard-write; encrypted-media; gyroscope; picture-in-picture; web-share\" referrerpolicy=\"strict-origin-when-cross-origin\" allowfullscreen><\/iframe> <\/div><figcaption class=\"wp-element-caption\">Video de funcionamiento de la m\u00e1quina lavadora de frutas y verduras<\/figcaption><\/figure>    <h2 class=\"wp-block-heading\">Amplias aplicaciones de la m\u00e1quina de lavado de frutas y verduras<\/h2>    <p>Esta m\u00e1quina de lavado de limpieza por burbujas de aire para frutas y verduras tiene un rango de aplicaciones bastante amplio. Es adecuada para desinfectar diferentes frutas, verduras, nueces y mariscos.<\/p>    <ul class=\"wp-block-list\"> <li><strong>Frutas:<\/strong> naranja, manzana, durazno, d\u00e1til, fresa, mango.<\/li>    <li><strong>Verduras:<\/strong> patata, cebolla, tomate, berenjena, mel\u00f3n, brote de frijol, champi\u00f1\u00f3n, espinaca.<\/li>    <li><strong>Mariscos:<\/strong> pescado, camarones, etc.<\/li> <\/ul>    <figure class=\"wp-block-gallery has-nested-images columns-default is-cropped wp-block-gallery-2 is-layout-flex wp-block-gallery-is-layout-flex\"> <figure class=\"wp-block-image size-large\"><img loading=\"lazy\" decoding=\"async\" width=\"720\" height=\"540\" data-id=\"1970\" src=\"https:\/\/topfoodmachine.com\/wp-content\/uploads\/2022\/07\/fruits.webp\" alt=\"frutas\" class=\"wp-image-1970\" srcset=\"https:\/\/topfoodmachine.com\/wp-content\/uploads\/2022\/07\/fruits.webp 720w, https:\/\/topfoodmachine.com\/wp-content\/uploads\/2022\/07\/fruits-300x225.webp 300w, https:\/\/topfoodmachine.com\/wp-content\/uploads\/2022\/07\/fruits-16x12.webp 16w\" sizes=\"auto, (max-width: 720px) 100vw, 720px\" \/><figcaption class=\"wp-element-caption\">frutas<\/figcaption><\/figure>    <figure class=\"wp-block-image size-large\"><img loading=\"lazy\" decoding=\"async\" width=\"720\" height=\"540\" data-id=\"1971\" src=\"https:\/\/topfoodmachine.com\/wp-content\/uploads\/2022\/07\/vegetables.webp\" alt=\"verduras\" class=\"wp-image-1971\" srcset=\"https:\/\/topfoodmachine.com\/wp-content\/uploads\/2022\/07\/vegetables.webp 720w, https:\/\/topfoodmachine.com\/wp-content\/uploads\/2022\/07\/vegetables-300x225.webp 300w, https:\/\/topfoodmachine.com\/wp-content\/uploads\/2022\/07\/vegetables-16x12.webp 16w\" sizes=\"auto, (max-width: 720px) 100vw, 720px\" \/><figcaption class=\"wp-element-caption\">verduras<\/figcaption><\/figure> <\/figure>    <h2 class=\"wp-block-heading\">Caracter\u00edsticas de la m\u00e1quina lavadora de frutas y verduras<\/h2>    <div class=\"wp-block-media-text is-stacked-on-mobile\"><figure class=\"wp-block-media-text__media\"><img loading=\"lazy\" decoding=\"async\" width=\"720\" height=\"540\" src=\"https:\/\/topfoodmachine.com\/wp-content\/uploads\/2022\/07\/vegetable-and-fruit-washing-machine.jpg\" alt=\"m\u00e1quina de lavado de verduras y frutas\" class=\"wp-image-152 size-full\" srcset=\"https:\/\/topfoodmachine.com\/wp-content\/uploads\/2022\/07\/vegetable-and-fruit-washing-machine.jpg 720w, https:\/\/topfoodmachine.com\/wp-content\/uploads\/2022\/07\/vegetable-and-fruit-washing-machine-300x225.jpg 300w\" sizes=\"auto, (max-width: 720px) 100vw, 720px\" \/><\/figure><div class=\"wp-block-media-text__content\"> <ul class=\"wp-block-list\"> <li>Equipado con una bomba de aire para generar flujo de aire que avanza los materiales.<\/li>    <li>La bomba de agua permite el reciclaje del agua, conservando los recursos h\u00eddricos.<\/li>    <li>Estructura de dos capas: carcasa exterior y cinta de malla con un espacio para la circulaci\u00f3n del agua y la recolecci\u00f3n de desechos.<\/li>    <li>El ventilador centr\u00edfugo de alta presi\u00f3n proporciona un secado r\u00e1pido y eficiente.<\/li> <\/ul> <\/div><\/div>    <div class=\"wp-block-media-text has-media-on-the-right is-stacked-on-mobile\"><div class=\"wp-block-media-text__content\"> <ul class=\"wp-block-list\"> <li>El dise\u00f1o de la cinta transportadora escalonada sopla aire por ambos lados para un secado completo (a diferencia de las cintas planas).<\/li>    <li>Hecho completamente de acero inoxidable, asegurando resistencia a la corrosi\u00f3n y seguridad alimentaria.<\/li>    <li>Sistema especializado de recolecci\u00f3n de desechos mejora la utilizaci\u00f3n del agua.<\/li>    <li>Interruptor de seguridad de emergencia incluido para prevenir accidentes durante la operaci\u00f3n.<\/li> <\/ul> <\/div><figure class=\"wp-block-media-text__media\"><img loading=\"lazy\" decoding=\"async\" width=\"720\" height=\"540\" src=\"https:\/\/topfoodmachine.com\/wp-content\/uploads\/2022\/07\/commercial-vegetable-and-fruit-cleaner.webp\" alt=\"limpiador comercial de frutas y verduras\" class=\"wp-image-1420 size-full\" srcset=\"https:\/\/topfoodmachine.com\/wp-content\/uploads\/2022\/07\/commercial-vegetable-and-fruit-cleaner.webp 720w, https:\/\/topfoodmachine.com\/wp-content\/uploads\/2022\/07\/commercial-vegetable-and-fruit-cleaner-300x225.webp 300w, https:\/\/topfoodmachine.com\/wp-content\/uploads\/2022\/07\/commercial-vegetable-and-fruit-cleaner-16x12.webp 16w\" sizes=\"auto, (max-width: 720px) 100vw, 720px\" \/><\/figure><\/div>    <h2 class=\"wp-block-heading\">\u00bfC\u00f3mo funciona la m\u00e1quina de lavar frutas y verduras?<\/h2>    <p>La m\u00e1quina de lavar frutas y verduras funciona generando un flujo de agua a alta presi\u00f3n combinado con burbujas, creando un potente efecto de limpieza. Esta mezcla produce un movimiento a alta velocidad que impacta y limpia a fondo las superficies de las frutas y verduras. Los pasos clave en el proceso de trabajo incluyen:<\/p>    <div class=\"wp-block-media-text is-stacked-on-mobile\"><figure class=\"wp-block-media-text__media\"><img loading=\"lazy\" decoding=\"async\" width=\"720\" height=\"540\" src=\"https:\/\/topfoodmachine.com\/wp-content\/uploads\/2022\/07\/Fruit-And-Vegetable-cleahing-Machine.webp\" alt=\"M\u00e1quina de limpieza de frutas y verduras\" class=\"wp-image-1421 size-full\" srcset=\"https:\/\/topfoodmachine.com\/wp-content\/uploads\/2022\/07\/Fruit-And-Vegetable-cleahing-Machine.webp 720w, https:\/\/topfoodmachine.com\/wp-content\/uploads\/2022\/07\/Fruit-And-Vegetable-cleahing-Machine-300x225.webp 300w, https:\/\/topfoodmachine.com\/wp-content\/uploads\/2022\/07\/Fruit-And-Vegetable-cleahing-Machine-16x12.webp 16w\" sizes=\"auto, (max-width: 720px) 100vw, 720px\" \/><\/figure><div class=\"wp-block-media-text__content\"> <ul class=\"wp-block-list\"> <li>El agua a alta presi\u00f3n forma una fuerte columna de agua mezclada con burbujas.<\/li>    <li>El agua y las burbujas se mueven r\u00e1pidamente, golpeando las superficies de los productos.<\/li>    <li>Cuando las burbujas contactan con las frutas o verduras, estallan y liberan energ\u00eda.<\/li>    <li>La energ\u00eda liberada mejora la acci\u00f3n de fregado, aflojando la suciedad y los contaminantes.<\/li> <\/ul> <\/div><\/div>    <p>Esta combinaci\u00f3n elimina de manera eficiente la tierra, los residuos y las impurezas sin da\u00f1ar los productos.<\/p>    <h2 class=\"wp-block-heading\">Par\u00e1metros de la lavadora de verduras tipo burbuja de aire. <\/h2>    <figure class=\"wp-block-table\"><table><tbody><tr><td>Tipo<\/td><td>Tama\u00f1o (mm)<\/td><td>Peso (kg)<\/td><td>Potencia (kW)<\/td><td>Capacidad (kg\/h)<\/td><\/tr><tr><td>TZ3000<\/td><td>3000*1000*1300<\/td><td>180<\/td><td>3.75<\/td><td>500<\/td><\/tr><tr><td>TZ4000<\/td><td>4000*1000*1300<\/td><td>400<\/td><td>4.1<\/td><td>800<\/td><\/tr><tr><td>TZ5000<\/td><td>5000*1000*1300<\/td><td>500<\/td><td>5.1<\/td><td>1500<\/td><\/tr><tr><td>TZ6000<\/td><td>6000*1200*1300<\/td><td>600<\/td><td>5.5<\/td><td>2000<\/td><\/tr><\/tbody><\/table><figcaption class=\"wp-element-caption\">par\u00e1metros de la m\u00e1quina de lavado de frutas y verduras<\/figcaption><\/figure>    <figure class=\"wp-block-gallery has-nested-images columns-default is-cropped wp-block-gallery-3 is-layout-flex wp-block-gallery-is-layout-flex\"> <figure class=\"wp-block-image size-large\"><img loading=\"lazy\" decoding=\"async\" width=\"720\" height=\"540\" data-id=\"1422\" src=\"https:\/\/topfoodmachine.com\/wp-content\/uploads\/2022\/07\/Fruit-and-Vegetable-Washing-Machine-for-sale.webp\" alt=\"M\u00e1quina de lavado de frutas y verduras en venta\" class=\"wp-image-1422\" srcset=\"https:\/\/topfoodmachine.com\/wp-content\/uploads\/2022\/07\/Fruit-and-Vegetable-Washing-Machine-for-sale.webp 720w, https:\/\/topfoodmachine.com\/wp-content\/uploads\/2022\/07\/Fruit-and-Vegetable-Washing-Machine-for-sale-300x225.webp 300w, https:\/\/topfoodmachine.com\/wp-content\/uploads\/2022\/07\/Fruit-and-Vegetable-Washing-Machine-for-sale-16x12.webp 16w\" sizes=\"auto, (max-width: 720px) 100vw, 720px\" \/><figcaption class=\"wp-element-caption\">M\u00e1quina de lavado de frutas y verduras en venta<\/figcaption><\/figure>    <figure class=\"wp-block-image size-large\"><img loading=\"lazy\" decoding=\"async\" width=\"720\" height=\"540\" data-id=\"1423\" src=\"https:\/\/topfoodmachine.com\/wp-content\/uploads\/2022\/07\/Fruit-And-Vegetable-Washing-Machine.webp\" alt=\"Lavadora de frutas y verduras\" class=\"wp-image-1423\" srcset=\"https:\/\/topfoodmachine.com\/wp-content\/uploads\/2022\/07\/Fruit-And-Vegetable-Washing-Machine.webp 720w, https:\/\/topfoodmachine.com\/wp-content\/uploads\/2022\/07\/Fruit-And-Vegetable-Washing-Machine-300x225.webp 300w, https:\/\/topfoodmachine.com\/wp-content\/uploads\/2022\/07\/Fruit-And-Vegetable-Washing-Machine-16x12.webp 16w\" sizes=\"auto, (max-width: 720px) 100vw, 720px\" \/><figcaption class=\"wp-element-caption\">Lavadora de frutas y verduras<\/figcaption><\/figure> <\/figure>    <h2 class=\"wp-block-heading\">Proceso de trabajo de la l\u00ednea autom\u00e1tica de lavado y secado de frutas y verduras<\/h2>    <p>Actualmente, ofrecemos una l\u00ednea completa de procesamiento de frutas y verduras. Y la m\u00e1quina limpiadora de frutas y verduras es una parte importante y esencial de la l\u00ednea de procesamiento de alimentos. El proceso de trabajo de la l\u00ednea de procesamiento es el siguiente:<\/p>    <p><strong>Polipasto \u2192 lavadora de alimentos con burbujas de aire \u2192 secadora con refrigeraci\u00f3n por aire \u2192 m\u00e1quina recolectora \u2192 m\u00e1quina envasadora.<\/strong><\/p>    <p>Con esta l\u00ednea autom\u00e1tica de procesamiento de frutas y verduras, puede completar f\u00e1cilmente las funciones de lavado, limpieza, secado, recolecci\u00f3n, clasificaci\u00f3n y envasado. En otras palabras, mediante el procesamiento de estas m\u00e1quinas de manera eficiente y segura, sus frutas y verduras estar\u00e1n listas para enviarse.<\/p>    <figure class=\"wp-block-image size-full\"><img loading=\"lazy\" decoding=\"async\" width=\"720\" height=\"540\" src=\"https:\/\/topfoodmachine.com\/wp-content\/uploads\/2022\/07\/fruit-and-vegetable-washing-drying-line.jpg\" alt=\"l\u00ednea de lavado y secado de frutas y verduras\" class=\"wp-image-146\" srcset=\"https:\/\/topfoodmachine.com\/wp-content\/uploads\/2022\/07\/fruit-and-vegetable-washing-drying-line.jpg 720w, https:\/\/topfoodmachine.com\/wp-content\/uploads\/2022\/07\/fruit-and-vegetable-washing-drying-line-300x225.jpg 300w\" sizes=\"auto, (max-width: 720px) 100vw, 720px\" \/><figcaption class=\"wp-element-caption\">l\u00ednea de lavado y secado de frutas y verduras<\/figcaption><\/figure>    <h2 class=\"wp-block-heading\">Preguntas frecuentes sobre la m\u00e1quina de lavado de frutas y verduras<\/h2>   <div id=\"rank-math-faq\" class=\"rank-math-block\"> <div class=\"rank-math-list\"> <div id=\"faq-question-1663643335051\" class=\"rank-math-list-item\"> <h3 class=\"rank-math-question\"><strong>\u00bfC\u00f3mo nos instalan la m\u00e1quina?<\/strong><\/h3> <div class=\"rank-math-answer\">  <p>Podemos instalar la m\u00e1quina por video, correo electr\u00f3nico, im\u00e1genes, etc. Para proyectos grandes, tambi\u00e9n podemos hacer arreglos para que nuestros trabajadores lo ayuden a instalar la m\u00e1quina en su pa\u00eds.<\/p>  <\/div> <\/div> <div id=\"faq-question-1663643340540\" class=\"rank-math-list-item\"> <h3 class=\"rank-math-question\"><strong>\u00bfCu\u00e1l es el voltaje y la potencia de su m\u00e1quina?<\/strong><\/h3> <div class=\"rank-math-answer\">  <p>Por lo general, el voltaje en nuestro pa\u00eds es 220v, 50hz, monof\u00e1sico o 380v, 50hz, trif\u00e1sico. Si tiene requisitos especiales, h\u00e1ganoslo saber y personalizaremos el voltaje de acuerdo con sus requisitos.\u00a0<\/p>  <\/div> <\/div> <div id=\"faq-question-1663643348540\" class=\"rank-math-list-item\"> <h3 class=\"rank-math-question\"><strong>\u00bfCu\u00e1l es la garant\u00eda de su m\u00e1quina?<\/strong><\/h3> <div class=\"rank-math-answer\">  <p>Por lo general, la garant\u00eda de nuestra m\u00e1quina es de 1 a\u00f1o, nos mantendremos en contacto con nuestros clientes para brindarles servicio postventa, nuestro objetivo es producir mejores m\u00e1quinas y hacer felices a nuestros clientes. 24 horas en l\u00ednea.\u00a0<\/p>  <\/div> <\/div> <div id=\"faq-question-1663643360892\" class=\"rank-math-list-item\"> <h3 class=\"rank-math-question\"><strong>\u00bfQu\u00e9 servicios proporcionan?<\/strong><\/h3> <div class=\"rank-math-answer\">  <p class=\"translation-block\">Monedas de pago aceptadas: USD, EUR<br \/>T\u00e9rminos de entrega aceptados: FOB, CFR, CIF, EXW, FAS, FCA, DDU<br \/>Tipos de pago aceptados: T\/T, <a href=\"https:\/\/en.wikipedia.org\/wiki\/Letter_of_credit\" data-type=\"link\" data-id=\"https:\/\/en.wikipedia.org\/wiki\/Letter_of_credit\" target=\"_blank\" rel=\"noopener\">L\/C<\/a>, MoneyGram, Western Union, Efectivo<br \/>Idiomas hablados: ingl\u00e9s, chino<\/p>  <\/div> <\/div> <div id=\"faq-question-1663643382323\" class=\"rank-math-list-item\"> <h3 class=\"rank-math-question\"><strong>\u00bfQu\u00e9 debemos hacer si tenemos problemas con la m\u00e1quina?<\/strong><\/h3> <div class=\"rank-math-answer\">  <p>Si tiene alg\u00fan problema, comun\u00edquese con nosotros y haremos todo lo posible para resolverlo; si es necesario, haremos los arreglos necesarios para que nuestro ingeniero vaya a su sitio para ayudarlo en su negocio.\u00a0<\/p>  <\/div> <\/div> <\/div> <\/div>   <figure class=\"wp-block-image size-full\"><img loading=\"lazy\" decoding=\"async\" width=\"720\" height=\"540\" src=\"https:\/\/topfoodmachine.com\/wp-content\/uploads\/2022\/07\/vegetable-processing-machine-factory.jpg\" alt=\"f\u00e1brica de m\u00e1quinas de procesamiento de verduras\" class=\"wp-image-148\" srcset=\"https:\/\/topfoodmachine.com\/wp-content\/uploads\/2022\/07\/vegetable-processing-machine-factory.jpg 720w, https:\/\/topfoodmachine.com\/wp-content\/uploads\/2022\/07\/vegetable-processing-machine-factory-300x225.jpg 300w\" sizes=\"auto, (max-width: 720px) 100vw, 720px\" \/><figcaption class=\"wp-element-caption\">f\u00e1brica de m\u00e1quinas de procesamiento de verduras<\/figcaption><\/figure>    <h2 class=\"wp-block-heading\">Equipos de soporte de la m\u00e1quina lavadora de frutas<\/h2>    <ul class=\"wp-block-list\"> <li><strong><a href=\"https:\/\/topfoodmachine.com\/es\/product\/food-drying-machine-vegetable-dryer\/\" data-type=\"link\" data-id=\"https:\/\/topfoodmachine.com\/product\/food-drying-machine-vegetable-dryer\/\">M\u00e1quina de secado de frutas y verduras<\/a>:<\/strong> Despu\u00e9s de la limpieza y lavado, las verduras y frutas ingresan a la secadora a trav\u00e9s de un transportador. Este es un nuevo tipo de secadora de vegetales con las caracter\u00edsticas de ahorro de energ\u00eda, reducci\u00f3n de costos y buen rendimiento.<\/li>    <li><strong><a href=\"https:\/\/topfoodmachine.com\/es\/product\/fruit-and-vegetable-grading-machine\/\" data-type=\"link\" data-id=\"https:\/\/topfoodmachine.com\/product\/fruit-and-vegetable-grading-machine\/\">M\u00e1quina de clasificaci\u00f3n de frutas y verduras<\/a>M\u00e1quina:<\/strong> Esta m\u00e1quina puede clasificar frutas y verduras por volumen.<\/li>    <li><strong><a href=\"https:\/\/topfoodmachine.com\/es\/product\/automatic-vegetable-dicing-machine\/\" data-type=\"link\" data-id=\"https:\/\/topfoodmachine.com\/product\/automatic-vegetable-dicing-machine\/\">M\u00e1quina de corte de verduras<\/a>:<\/strong> Puede cortar varias frutas y verduras de manera eficiente y uniforme. Es apto para patatas, cebollas, lechugas, coles, etc.<\/li> <\/ul>    <figure class=\"wp-block-gallery has-nested-images columns-default is-cropped wp-block-gallery-4 is-layout-flex wp-block-gallery-is-layout-flex\"> <figure class=\"wp-block-image size-large\"><img loading=\"lazy\" decoding=\"async\" width=\"720\" height=\"540\" data-id=\"1413\" src=\"https:\/\/topfoodmachine.com\/wp-content\/uploads\/2024\/06\/Food-drying-machine-for-sale.webp\" alt=\"M\u00e1quina deshidratadora de alimentos en venta\" class=\"wp-image-1413\" srcset=\"https:\/\/topfoodmachine.com\/wp-content\/uploads\/2024\/06\/Food-drying-machine-for-sale.webp 720w, https:\/\/topfoodmachine.com\/wp-content\/uploads\/2024\/06\/Food-drying-machine-for-sale-300x225.webp 300w, https:\/\/topfoodmachine.com\/wp-content\/uploads\/2024\/06\/Food-drying-machine-for-sale-16x12.webp 16w\" sizes=\"auto, (max-width: 720px) 100vw, 720px\" \/><figcaption class=\"wp-element-caption\">M\u00e1quina deshidratadora de alimentos en venta<\/figcaption><\/figure>    <figure class=\"wp-block-image size-large\"><img loading=\"lazy\" decoding=\"async\" width=\"720\" height=\"540\" data-id=\"1003\" src=\"https:\/\/topfoodmachine.com\/wp-content\/uploads\/2023\/11\/Weight-based-Fruit-and-Vegetable-Grading-Machine.webp\" alt=\"M\u00e1quina clasificadora de frutas y verduras basada en el peso\" class=\"wp-image-1003\" srcset=\"https:\/\/topfoodmachine.com\/wp-content\/uploads\/2023\/11\/Weight-based-Fruit-and-Vegetable-Grading-Machine.webp 720w, https:\/\/topfoodmachine.com\/wp-content\/uploads\/2023\/11\/Weight-based-Fruit-and-Vegetable-Grading-Machine-300x225.webp 300w\" sizes=\"auto, (max-width: 720px) 100vw, 720px\" \/><figcaption class=\"wp-element-caption\">M\u00e1quina clasificadora de frutas y verduras basada en el peso<\/figcaption><\/figure>    <figure class=\"wp-block-image size-large\"><img loading=\"lazy\" decoding=\"async\" width=\"720\" height=\"540\" data-id=\"706\" src=\"https:\/\/topfoodmachine.com\/wp-content\/uploads\/2023\/10\/vegetable-dicing-machine-1.webp\" alt=\"m\u00e1quina para cortar vegetales en cubitos\" class=\"wp-image-706\" srcset=\"https:\/\/topfoodmachine.com\/wp-content\/uploads\/2023\/10\/vegetable-dicing-machine-1.webp 720w, https:\/\/topfoodmachine.com\/wp-content\/uploads\/2023\/10\/vegetable-dicing-machine-1-300x225.webp 300w\" sizes=\"auto, (max-width: 720px) 100vw, 720px\" \/><figcaption class=\"wp-element-caption\">m\u00e1quina para cortar vegetales en cubitos<\/figcaption><\/figure> <\/figure>    <h2 class=\"wp-block-heading\">\u00a1Cont\u00e1ctenos ahora!<\/h2>    <p>Con una rica experiencia en el dise\u00f1o, investigaci\u00f3n, fabricaci\u00f3n y comercializaci\u00f3n de m\u00e1quinas de procesamiento de frutas y verduras de calidad, las m\u00e1quinas de procesamiento de alimentos Taizy disfrutan de un buen rendimiento, precios razonables y alta calidad. <\/p>    <p>Una m\u00e1quina de lavado de frutas y verduras es uno de nuestros productos m\u00e1s populares. Y son elogiados por clientes de todo el mundo. Esta m\u00e1quina es una parte importante de toda la l\u00ednea de procesamiento de frutas y verduras. <\/p>    <p>Adem\u00e1s, se puede usar sola para mejorar enormemente su eficiencia. Adem\u00e1s, ofrecemos un fuerte servicio personalizado para satisfacer espec\u00edficamente sus necesidades. Si est\u00e1 interesado en esta m\u00e1quina limpiadora de frutas y verduras, cont\u00e1ctenos para obtener la mejor cotizaci\u00f3n.<\/p>    <div class=\"wp-block-columns is-layout-flex wp-container-core-columns-is-layout-28f84493 wp-block-columns-is-layout-flex\"> <div class=\"wp-block-column is-layout-flow wp-block-column-is-layout-flow\"> <figure class=\"wp-block-image size-full\"><img loading=\"lazy\" decoding=\"async\" width=\"720\" height=\"540\" src=\"https:\/\/topfoodmachine.com\/wp-content\/uploads\/2022\/07\/delivery-process.jpg\" alt=\"proceso de entrega\" class=\"wp-image-149\" srcset=\"https:\/\/topfoodmachine.com\/wp-content\/uploads\/2022\/07\/delivery-process.jpg 720w, https:\/\/topfoodmachine.com\/wp-content\/uploads\/2022\/07\/delivery-process-300x225.jpg 300w\" sizes=\"auto, (max-width: 720px) 100vw, 720px\" \/><figcaption class=\"wp-element-caption\">proceso de entrega<\/figcaption><\/figure> <\/div> <\/div>","protected":false},"excerpt":{"rendered":"<p>La m\u00e1quina lavadora de frutas y verduras es un limpiador de tipo burbuja de aire dise\u00f1ado para su uso en f\u00e1bricas de alimentos, granjas, restaurantes, hoteles y tiendas minoristas.<\/p>","protected":false},"author":1,"featured_media":145,"parent":0,"template":"","tags":[48,15,42],"product-type":[3],"class_list":["post-8","product","type-product","status-publish","has-post-thumbnail","hentry","tag-fruit","tag-fruit-vegetable-processing-machine","tag-vegetable","product-type-fruit-vegetable-processing-machine"],"_links":{"self":[{"href":"https:\/\/topfoodmachine.com\/es\/wp-json\/wp\/v2\/product\/8","targetHints":{"allow":["GET"]}}],"collection":[{"href":"https:\/\/topfoodmachine.com\/es\/wp-json\/wp\/v2\/product"}],"about":[{"href":"https:\/\/topfoodmachine.com\/es\/wp-json\/wp\/v2\/types\/product"}],"author":[{"embeddable":true,"href":"https:\/\/topfoodmachine.com\/es\/wp-json\/wp\/v2\/users\/1"}],"wp:featuredmedia":[{"embeddable":true,"href":"https:\/\/topfoodmachine.com\/es\/wp-json\/wp\/v2\/media\/145"}],"wp:attachment":[{"href":"https:\/\/topfoodmachine.com\/es\/wp-json\/wp\/v2\/media?parent=8"}],"wp:term":[{"taxonomy":"post_tag","embeddable":true,"href":"https:\/\/topfoodmachine.com\/es\/wp-json\/wp\/v2\/tags?post=8"},{"taxonomy":"product-type","embeddable":true,"href":"https:\/\/topfoodmachine.com\/es\/wp-json\/wp\/v2\/product-type?post=8"}],"curies":[{"name":"wp","href":"https:\/\/api.w.org\/{rel}","templated":true}]}}