{"id":758,"date":"2023-10-12T13:36:51","date_gmt":"2023-10-12T05:36:51","guid":{"rendered":"https:\/\/topfoodmachine.com\/?post_type=product&#038;p=758"},"modified":"2025-04-22T15:15:23","modified_gmt":"2025-04-22T07:15:23","slug":"hamburger-patty-maker-machine","status":"publish","type":"product","link":"https:\/\/topfoodmachine.com\/es\/product\/hamburger-patty-maker-machine\/","title":{"rendered":"M\u00e1quina para hacer hamburguesas"},"content":{"rendered":"<div class=\"kk-star-ratings kksr-auto kksr-align-left kksr-valign-top\"     data-payload='{&quot;align&quot;:&quot;left&quot;,&quot;id&quot;:&quot;758&quot;,&quot;slug&quot;:&quot;default&quot;,&quot;valign&quot;:&quot;top&quot;,&quot;ignore&quot;:&quot;&quot;,&quot;reference&quot;:&quot;auto&quot;,&quot;class&quot;:&quot;&quot;,&quot;count&quot;:&quot;21&quot;,&quot;legendonly&quot;:&quot;&quot;,&quot;readonly&quot;:&quot;&quot;,&quot;score&quot;:&quot;4.7&quot;,&quot;starsonly&quot;:&quot;&quot;,&quot;best&quot;:&quot;5&quot;,&quot;gap&quot;:&quot;5&quot;,&quot;greet&quot;:&quot;Rate this product&quot;,&quot;legend&quot;:&quot;4.7\\\/5 - (21 votos)&quot;,&quot;size&quot;:&quot;24&quot;,&quot;title&quot;:&quot;Hamburger Patty Maker Machine&quot;,&quot;width&quot;:&quot;133.8&quot;,&quot;_legend&quot;:&quot;{score}\\\/{best} - ({count} {votes})&quot;,&quot;font_factor&quot;:&quot;1.25&quot;}'>              <div class=\"kksr-stars\">      <div class=\"kksr-stars-inactive\">             <div class=\"kksr-star\" data-star=\"1\" style=\"padding-right: 5px\">               <div class=\"kksr-icon\" style=\"width: 24px; height: 24px;\"><\/div>         <\/div>             <div class=\"kksr-star\" data-star=\"2\" style=\"padding-right: 5px\">               <div class=\"kksr-icon\" style=\"width: 24px; height: 24px;\"><\/div>         <\/div>             <div class=\"kksr-star\" data-star=\"3\" style=\"padding-right: 5px\">               <div class=\"kksr-icon\" style=\"width: 24px; height: 24px;\"><\/div>         <\/div>             <div class=\"kksr-star\" data-star=\"4\" style=\"padding-right: 5px\">               <div class=\"kksr-icon\" style=\"width: 24px; height: 24px;\"><\/div>         <\/div>             <div class=\"kksr-star\" data-star=\"5\" style=\"padding-right: 5px\">               <div class=\"kksr-icon\" style=\"width: 24px; height: 24px;\"><\/div>         <\/div>     <\/div>      <div class=\"kksr-stars-active\" style=\"width: 133.8px;\">             <div class=\"kksr-star\" style=\"padding-right: 5px\">               <div class=\"kksr-icon\" style=\"width: 24px; height: 24px;\"><\/div>         <\/div>             <div class=\"kksr-star\" style=\"padding-right: 5px\">               <div class=\"kksr-icon\" style=\"width: 24px; height: 24px;\"><\/div>         <\/div>             <div class=\"kksr-star\" style=\"padding-right: 5px\">               <div class=\"kksr-icon\" style=\"width: 24px; height: 24px;\"><\/div>         <\/div>             <div class=\"kksr-star\" style=\"padding-right: 5px\">               <div class=\"kksr-icon\" style=\"width: 24px; height: 24px;\"><\/div>         <\/div>             <div class=\"kksr-star\" style=\"padding-right: 5px\">               <div class=\"kksr-icon\" style=\"width: 24px; height: 24px;\"><\/div>         <\/div>     <\/div> <\/div>                   <div class=\"kksr-legend\" style=\"font-size: 19.2px;\">             4,7\/5 - (21 votos)    <\/div>     <\/div>  <p>La m\u00e1quina para hacer hamburguesas se utiliza para crear hamburguesas de forma y tama\u00f1o uniformes. Generalmente est\u00e1 hecha de aluminio o acero inoxidable y consta de dos partes: una base y una prensa superior. La base tiene una hendidura poco profunda en el centro, mientras que la prensa superior tiene un \u00e9mbolo elevado que encaja perfectamente en la hendidura.<\/p>    <p>Las m\u00e1quinas para hacer hamburguesas est\u00e1n disponibles en varios tama\u00f1os, lo que permite a los clientes seleccionar la que produzca hamburguesas del tama\u00f1o ideal para requisitos espec\u00edficos. Ciertos modelos tambi\u00e9n ofrecen funcionalidades adicionales como grosor y forma de hamburguesa personalizables.<\/p>    <figure class=\"wp-block-embed is-type-video is-provider-youtube wp-block-embed-youtube wp-embed-aspect-16-9 wp-has-aspect-ratio\"><div class=\"wp-block-embed__wrapper\"> <iframe loading=\"lazy\" title=\"Perfecci\u00f3n de hamburguesas: c\u00f3mo utilizar una m\u00e1quina para hacer hamburguesas #hamburger #pattymaker\" width=\"500\" height=\"281\" src=\"https:\/\/www.youtube.com\/embed\/hKUsRcyTUUk?feature=oembed\" frameborder=\"0\" allow=\"accelerometer; autoplay; clipboard-write; encrypted-media; gyroscope; picture-in-picture; web-share\" referrerpolicy=\"strict-origin-when-cross-origin\" allowfullscreen><\/iframe> <\/div><figcaption class=\"wp-element-caption\">video de trabajo de la m\u00e1quina para hacer hamburguesas<\/figcaption><\/figure>    <h2 class=\"wp-block-heading\">\u00bfQu\u00e9 materias primas son adecuadas para la m\u00e1quina de hacer hamburguesas?<\/h2>    <p>La m\u00e1quina para hacer hamburguesas es altamente vers\u00e1til y compatible con una amplia gama de materias primas. Puede procesar varios tipos de carne como pollo, res, cordero y cerdo. Tambi\u00e9n es perfecta para formar productos de mariscos como pescado, camarones, calamares y salm\u00f3n en hamburguesas uniformes.<\/p>    <p>Adem\u00e1s de los ingredientes de origen animal, esta m\u00e1quina puede manejar una variedad de opciones a base de plantas. Ingredientes como papas, batatas, calabazas, zanahorias, jud\u00edas verdes, frijoles rojos, frijoles anchos y soya se pueden usar para hacer hamburguesas vegetales nutritivas. Para mejorar el sabor y el equilibrio nutricional, estas verduras se pueden mezclar con carne o mariscos para crear hamburguesas mezcladas.<\/p>    <p>Todas estas hamburguesas procesadas se pueden utilizar directamente en la producci\u00f3n de hamburguesas, lo que hace que la m\u00e1quina sea ideal para procesadores de carne, proveedores de comida r\u00e1pida y fabricantes de productos vegetarianos.<\/p>    <figure class=\"wp-block-image size-full\"><img loading=\"lazy\" decoding=\"async\" width=\"720\" height=\"540\" src=\"https:\/\/topfoodmachine.com\/wp-content\/uploads\/2023\/10\/hamburger-forming-machine.webp\" alt=\"m\u00e1quina formadora de hamburguesas\" class=\"wp-image-763\" srcset=\"https:\/\/topfoodmachine.com\/wp-content\/uploads\/2023\/10\/hamburger-forming-machine.webp 720w, https:\/\/topfoodmachine.com\/wp-content\/uploads\/2023\/10\/hamburger-forming-machine-300x225.webp 300w\" sizes=\"auto, (max-width: 720px) 100vw, 720px\" \/><figcaption class=\"wp-element-caption\">m\u00e1quina formadora de hamburguesas<\/figcaption><\/figure>    <h2 class=\"wp-block-heading\">\u00bfC\u00f3mo funciona la m\u00e1quina para formar hamburguesas?<\/h2>    <div class=\"wp-block-media-text is-stacked-on-mobile\"><figure class=\"wp-block-media-text__media\"><img loading=\"lazy\" decoding=\"async\" width=\"720\" height=\"540\" src=\"https:\/\/topfoodmachine.com\/wp-content\/uploads\/2023\/10\/customers-feedback-for-making-patty-in-plants.webp\" alt=\"Comentarios de los clientes sobre c\u00f3mo hacer hamburguesas en plantas.\" class=\"wp-image-759 size-full\" srcset=\"https:\/\/topfoodmachine.com\/wp-content\/uploads\/2023\/10\/customers-feedback-for-making-patty-in-plants.webp 720w, https:\/\/topfoodmachine.com\/wp-content\/uploads\/2023\/10\/customers-feedback-for-making-patty-in-plants-300x225.webp 300w\" sizes=\"auto, (max-width: 720px) 100vw, 720px\" \/><\/figure><div class=\"wp-block-media-text__content\"> <ul class=\"wp-block-list\"> <li><strong>Instale el molde de formaci\u00f3n<\/strong> <ul class=\"wp-block-list\"> <li>Adjunte el molde de tambor de carne deseado seg\u00fan la forma y tama\u00f1o requeridos.<\/li> <\/ul> <\/li>    <li><strong>Abra el barril de material<\/strong> <ul class=\"wp-block-list\"> <li>Levante la tapa de la tolva para preparar la adici\u00f3n del relleno de carne.<\/li> <\/ul> <\/li>    <li><strong>Instale la paleta de prensado de carne<\/strong> <ul class=\"wp-block-list\"> <li>Coloque la paleta de prensado dentro del barril para ayudar a guiar la carne durante la operaci\u00f3n.<\/li> <\/ul> <\/li>    <li><strong>Agregue el relleno de carne<\/strong> <ul class=\"wp-block-list\"> <li>Llene el barril con la mezcla de carne preparada, que puede incluir carne, mariscos o mezclas de vegetales.<\/li> <\/ul> <\/li> <\/ul> <\/div><\/div>    <div class=\"wp-block-media-text has-media-on-the-right is-stacked-on-mobile\"><div class=\"wp-block-media-text__content\"> <ul class=\"wp-block-list\"> <li><strong>Inicie la m\u00e1quina<\/strong> <ul class=\"wp-block-list\"> <li>Encienda la m\u00e1quina de hacer hamburguesas para iniciar el proceso de moldeo.<\/li> <\/ul> <\/li>    <li><strong>La cuchilla de prensado de carne gira<\/strong> <ul class=\"wp-block-list\"> <li>La cuchilla gira dentro del barril, presionando continuamente la carne en el molde de formaci\u00f3n.<\/li> <\/ul> <\/li>    <li><strong>Formaci\u00f3n y corte<\/strong> <ul class=\"wp-block-list\"> <li>El molde se llena y da forma, luego un alambre de acero corta la hamburguesa y la mueve a la cinta transportadora.<\/li> <\/ul> <\/li>    <li><strong>Salida continua<\/strong> <ul class=\"wp-block-list\"> <li>El proceso se repite autom\u00e1ticamente, produciendo hamburguesas en un ciclo consistente y eficiente.<\/li> <\/ul> <\/li> <\/ul> <\/div><figure class=\"wp-block-media-text__media\"><img loading=\"lazy\" decoding=\"async\" width=\"720\" height=\"540\" src=\"https:\/\/topfoodmachine.com\/wp-content\/uploads\/2023\/10\/patty-making.webp\" alt=\"hacer hamburguesas\" class=\"wp-image-760 size-full\" srcset=\"https:\/\/topfoodmachine.com\/wp-content\/uploads\/2023\/10\/patty-making.webp 720w, https:\/\/topfoodmachine.com\/wp-content\/uploads\/2023\/10\/patty-making-300x225.webp 300w\" sizes=\"auto, (max-width: 720px) 100vw, 720px\" \/><\/figure><\/div>    <h2 class=\"wp-block-heading\">Caracter\u00edsticas clave de la m\u00e1quina para hacer hamburguesas<\/h2>    <div class=\"wp-block-media-text is-stacked-on-mobile\"><figure class=\"wp-block-media-text__media\"><img loading=\"lazy\" decoding=\"async\" width=\"720\" height=\"540\" src=\"https:\/\/topfoodmachine.com\/wp-content\/uploads\/2023\/10\/burger-patty-maker-machine.webp\" alt=\"m\u00e1quina para hacer hamburguesas\" class=\"wp-image-766 size-full\" srcset=\"https:\/\/topfoodmachine.com\/wp-content\/uploads\/2023\/10\/burger-patty-maker-machine.webp 720w, https:\/\/topfoodmachine.com\/wp-content\/uploads\/2023\/10\/burger-patty-maker-machine-300x225.webp 300w\" sizes=\"auto, (max-width: 720px) 100vw, 720px\" \/><\/figure><div class=\"wp-block-media-text__content\"> <ul class=\"wp-block-list\"> <li><strong>Forma y tama\u00f1o uniforme de la hamburguesa<\/strong> para una presentaci\u00f3n profesional.<\/li>    <li><strong>Grosor ajustable<\/strong> para satisfacer diferentes necesidades del cliente.<\/li>    <li><strong>Salida r\u00e1pida y eficiente<\/strong>, ideal para uso comercial.<\/li>    <li><strong>Soporta diversas carnes y verduras<\/strong> incluyendo carne de res, pollo, pescado y mezclas a base de plantas.<\/li>    <li><strong>Cuerpo de acero inoxidable<\/strong>, higi\u00e9nico y f\u00e1cil de limpiar.<\/li>    <li><strong>Dise\u00f1o duradero y seguro<\/strong> para una operaci\u00f3n a largo plazo sin preocupaciones.<\/li> <\/ul> <\/div><\/div>    <h2 class=\"wp-block-heading\">Moldes personalizados de m\u00e1quina para hacer hamburguesas <\/h2>    <div class=\"wp-block-media-text has-media-on-the-right is-stacked-on-mobile\"><div class=\"wp-block-media-text__content\"> <ul class=\"wp-block-list\"> <li><strong>M\u00faltiples opciones de forma<\/strong>. Soporta moldes en forma de c\u00edrculo, tri\u00e1ngulo, rect\u00e1ngulo, coraz\u00f3n y formas especiales.<\/li>    <li><strong>Diferenciaci\u00f3n de marca<\/strong>. Moldes personalizados ayudan a crear apariencias de productos \u00fanicas para atraer al mercado.<\/li>    <li><strong>Aplicaciones flexibles<\/strong>. Adecuado para carne, mariscos, verduras o rellenos mixtos.<\/li> <\/ul> <\/div><figure class=\"wp-block-media-text__media\"><img loading=\"lazy\" decoding=\"async\" width=\"720\" height=\"540\" src=\"https:\/\/topfoodmachine.com\/wp-content\/uploads\/2023\/10\/details-of-burger-forming-machine.webp\" alt=\"Detalles de la m\u00e1quina formadora de hamburguesas.\" class=\"wp-image-761 size-full\" srcset=\"https:\/\/topfoodmachine.com\/wp-content\/uploads\/2023\/10\/details-of-burger-forming-machine.webp 720w, https:\/\/topfoodmachine.com\/wp-content\/uploads\/2023\/10\/details-of-burger-forming-machine-300x225.webp 300w\" sizes=\"auto, (max-width: 720px) 100vw, 720px\" \/><\/figure><\/div>    <div class=\"wp-block-media-text is-stacked-on-mobile\"><figure class=\"wp-block-media-text__media\"><img loading=\"lazy\" decoding=\"async\" width=\"720\" height=\"540\" src=\"https:\/\/topfoodmachine.com\/wp-content\/uploads\/2023\/10\/mold-of-burger-patty-machine.webp\" alt=\"molde de m\u00e1quina de hamburguesas\" class=\"wp-image-762 size-full\" srcset=\"https:\/\/topfoodmachine.com\/wp-content\/uploads\/2023\/10\/mold-of-burger-patty-machine.webp 720w, https:\/\/topfoodmachine.com\/wp-content\/uploads\/2023\/10\/mold-of-burger-patty-machine-300x225.webp 300w\" sizes=\"auto, (max-width: 720px) 100vw, 720px\" \/><\/figure><div class=\"wp-block-media-text__content\"> <ul class=\"wp-block-list\"> <li><strong>Integraci\u00f3n sin costuras<\/strong>. Funciona con <a href=\"https:\/\/topfoodmachine.com\/es\/product\/automatic-meat-grinder\/\" data-type=\"link\" data-id=\"https:\/\/topfoodmachine.com\/product\/automatic-meat-grinder\/\">picadora de carne<\/a> para una l\u00ednea de procesamiento completa.<\/li>    <li><strong>Listo para varios procesamientos<\/strong>. Las hamburguesas formadas pueden ser fritas, congeladas o envasadas al vac\u00edo.<\/li>    <li><strong>Producci\u00f3n eficiente<\/strong>. Reemplaza la mano de obra manual, acelera la formaci\u00f3n y la salida.<\/li> <\/ul> <\/div><\/div>    <h2 class=\"wp-block-heading\">Par\u00e1metros t\u00e9cnicos de la m\u00e1quina para hacer hamburguesas.<\/h2>    <figure class=\"wp-block-table\"><table><tbody><tr><td>Modelo<\/td><td>TZ-HB-400<\/td><\/tr><tr><td>Tama\u00f1o<\/td><td>2828*830*2136mm<\/td><\/tr><tr><td>Capacidad<\/td><td>200-600kg\/hora<\/td><\/tr><tr><td>Peso<\/td><td>100 kilos<\/td><\/tr><tr><td>Fuerza<\/td><td>1,1 kw<\/td><\/tr><tr><td>Espesor de producci\u00f3n<\/td><td>6-25 mm<\/td><\/tr><\/tbody><\/table><figcaption class=\"wp-element-caption\">par\u00e1metros de la m\u00e1quina de hacer hamburguesas<\/figcaption><\/figure>    <h2 class=\"wp-block-heading\">\u00bfPor qu\u00e9 elegir comprar nuestra m\u00e1quina para hacer hamburguesas?<\/h2>    <p class=\"translation-block\">Esta m\u00e1quina <a href=\"https:\/\/en.wikipedia.org\/wiki\/Patty\" data-type=\"link\" data-id=\"https:\/\/en.wikipedia.org\/wiki\/Patty\" target=\"_blank\" rel=\"noopener\">para hacer hamburguesas<\/a> combina versatilidad, precisi\u00f3n y eficiencia para satisfacer las demandas de la producci\u00f3n moderna de alimentos. Desde la personalizaci\u00f3n de formas hasta la operaci\u00f3n optimizada, te permite ofrecer calidad constante con cada hamburguesa. <\/p>    <p class=\"translation-block\">Si est\u00e1 buscando aumentar la productividad y mejorar el atractivo del producto, esta m\u00e1quina es una inversi\u00f3n inteligente. <strong>\u00a1No dude en contactarnos para soluciones personalizadas y soporte experto!<\/strong><\/p>    <figure class=\"wp-block-image size-full\"><img loading=\"lazy\" decoding=\"async\" width=\"720\" height=\"540\" src=\"https:\/\/topfoodmachine.com\/wp-content\/uploads\/2023\/10\/hamburger-patty-maker.webp\" alt=\"fabricante de hamburguesas\" class=\"wp-image-764\" srcset=\"https:\/\/topfoodmachine.com\/wp-content\/uploads\/2023\/10\/hamburger-patty-maker.webp 720w, https:\/\/topfoodmachine.com\/wp-content\/uploads\/2023\/10\/hamburger-patty-maker-300x225.webp 300w\" sizes=\"auto, (max-width: 720px) 100vw, 720px\" \/><figcaption class=\"wp-element-caption\">fabricante de hamburguesas<\/figcaption><\/figure>","protected":false},"excerpt":{"rendered":"<p>La m\u00e1quina para hacer hamburguesas se utiliza para crear hamburguesas de forma y tama\u00f1o uniformes. Generalmente est\u00e1 hecha de aluminio o acero inoxidable y consta de dos partes: una base y una prensa superior.<\/p>","protected":false},"author":1,"featured_media":769,"parent":0,"template":"","tags":[116],"product-type":[7],"class_list":["post-758","product","type-product","status-publish","has-post-thumbnail","hentry","tag-hamburger-patty-maker-machine","product-type-egg-meat-processing-machine"],"_links":{"self":[{"href":"https:\/\/topfoodmachine.com\/es\/wp-json\/wp\/v2\/product\/758","targetHints":{"allow":["GET"]}}],"collection":[{"href":"https:\/\/topfoodmachine.com\/es\/wp-json\/wp\/v2\/product"}],"about":[{"href":"https:\/\/topfoodmachine.com\/es\/wp-json\/wp\/v2\/types\/product"}],"author":[{"embeddable":true,"href":"https:\/\/topfoodmachine.com\/es\/wp-json\/wp\/v2\/users\/1"}],"wp:featuredmedia":[{"embeddable":true,"href":"https:\/\/topfoodmachine.com\/es\/wp-json\/wp\/v2\/media\/769"}],"wp:attachment":[{"href":"https:\/\/topfoodmachine.com\/es\/wp-json\/wp\/v2\/media?parent=758"}],"wp:term":[{"taxonomy":"post_tag","embeddable":true,"href":"https:\/\/topfoodmachine.com\/es\/wp-json\/wp\/v2\/tags?post=758"},{"taxonomy":"product-type","embeddable":true,"href":"https:\/\/topfoodmachine.com\/es\/wp-json\/wp\/v2\/product-type?post=758"}],"curies":[{"name":"wp","href":"https:\/\/api.w.org\/{rel}","templated":true}]}}