{"id":668,"date":"2023-10-08T11:31:49","date_gmt":"2023-10-08T03:31:49","guid":{"rendered":"https:\/\/topfoodmachine.com\/?post_type=product&#038;p=668"},"modified":"2023-10-10T16:30:15","modified_gmt":"2023-10-10T08:30:15","slug":"automatic-vegetable-dicing-machine","status":"publish","type":"product","link":"https:\/\/topfoodmachine.com\/es\/product\/automatic-vegetable-dicing-machine\/","title":{"rendered":"M\u00e1quina autom\u00e1tica para cortar verduras en cubitos"},"content":{"rendered":"<div class=\"kk-star-ratings kksr-auto kksr-align-left kksr-valign-top\"     data-payload='{&quot;align&quot;:&quot;left&quot;,&quot;id&quot;:&quot;668&quot;,&quot;slug&quot;:&quot;default&quot;,&quot;valign&quot;:&quot;top&quot;,&quot;ignore&quot;:&quot;&quot;,&quot;reference&quot;:&quot;auto&quot;,&quot;class&quot;:&quot;&quot;,&quot;count&quot;:&quot;27&quot;,&quot;legendonly&quot;:&quot;&quot;,&quot;readonly&quot;:&quot;&quot;,&quot;score&quot;:&quot;4.8&quot;,&quot;starsonly&quot;:&quot;&quot;,&quot;best&quot;:&quot;5&quot;,&quot;gap&quot;:&quot;5&quot;,&quot;greet&quot;:&quot;Rate this product&quot;,&quot;legend&quot;:&quot;4.8\\\/5 - (27 votos)&quot;,&quot;size&quot;:&quot;24&quot;,&quot;title&quot;:&quot;Automatic vegetable dicing machine&quot;,&quot;width&quot;:&quot;136.7&quot;,&quot;_legend&quot;:&quot;{score}\\\/{best} - ({count} {votes})&quot;,&quot;font_factor&quot;:&quot;1.25&quot;}'>              <div class=\"kksr-stars\">      <div class=\"kksr-stars-inactive\">             <div class=\"kksr-star\" data-star=\"1\" style=\"padding-right: 5px\">               <div class=\"kksr-icon\" style=\"width: 24px; height: 24px;\"><\/div>         <\/div>             <div class=\"kksr-star\" data-star=\"2\" style=\"padding-right: 5px\">               <div class=\"kksr-icon\" style=\"width: 24px; height: 24px;\"><\/div>         <\/div>             <div class=\"kksr-star\" data-star=\"3\" style=\"padding-right: 5px\">               <div class=\"kksr-icon\" style=\"width: 24px; height: 24px;\"><\/div>         <\/div>             <div class=\"kksr-star\" data-star=\"4\" style=\"padding-right: 5px\">               <div class=\"kksr-icon\" style=\"width: 24px; height: 24px;\"><\/div>         <\/div>             <div class=\"kksr-star\" data-star=\"5\" style=\"padding-right: 5px\">               <div class=\"kksr-icon\" style=\"width: 24px; height: 24px;\"><\/div>         <\/div>     <\/div>      <div class=\"kksr-stars-active\" style=\"width: 136.7px;\">             <div class=\"kksr-star\" style=\"padding-right: 5px\">               <div class=\"kksr-icon\" style=\"width: 24px; height: 24px;\"><\/div>         <\/div>             <div class=\"kksr-star\" style=\"padding-right: 5px\">               <div class=\"kksr-icon\" style=\"width: 24px; height: 24px;\"><\/div>         <\/div>             <div class=\"kksr-star\" style=\"padding-right: 5px\">               <div class=\"kksr-icon\" style=\"width: 24px; height: 24px;\"><\/div>         <\/div>             <div class=\"kksr-star\" style=\"padding-right: 5px\">               <div class=\"kksr-icon\" style=\"width: 24px; height: 24px;\"><\/div>         <\/div>             <div class=\"kksr-star\" style=\"padding-right: 5px\">               <div class=\"kksr-icon\" style=\"width: 24px; height: 24px;\"><\/div>         <\/div>     <\/div> <\/div>                   <div class=\"kksr-legend\" style=\"font-size: 19.2px;\">             4,8\/5 - (27 votos)    <\/div>     <\/div>  <p>El cortador de verduras est\u00e1 dise\u00f1ado para cortar de manera eficiente y uniforme las verduras en piezas peque\u00f1as y de tama\u00f1o uniforme, a menudo denominadas \"dados\" o \"cubos\". Esta m\u00e1quina automatiza el proceso de picar verduras manualmente, ahorrando tiempo y asegurando resultados consistentes. La m\u00e1quina de corte de verduras es adecuada para verduras deshidratadas, plantas de procesamiento de verduras congeladas y la industria de encurtidos de alimentos para procesar todo tipo de verduras de ra\u00edz en formas cuadradas y rectangulares.<\/p>    <p>La m\u00e1quina cortadora de vegetales en cubitos adopta cuchillas compuestas, moldeado de una sola vez, forma regular, una superficie de corte suave y una alta tasa de moldeado. Adem\u00e1s, la m\u00e1quina tiene un dise\u00f1o avanzado, f\u00e1cil de operar, bajo consumo de energ\u00eda, alta eficiencia, uso de materiales de aleaci\u00f3n de aluminio y magnesio y acero inoxidable, anticorrosi\u00f3n y hermosa, de acuerdo con los est\u00e1ndares de salud.<\/p>    <figure class=\"wp-block-image size-full\"><img loading=\"lazy\" decoding=\"async\" width=\"720\" height=\"540\" src=\"https:\/\/topfoodmachine.com\/wp-content\/uploads\/2023\/10\/vegetable-dicing-machine-1.webp\" alt=\"m\u00e1quina para cortar vegetales en cubitos\" class=\"wp-image-706\" srcset=\"https:\/\/topfoodmachine.com\/wp-content\/uploads\/2023\/10\/vegetable-dicing-machine-1.webp 720w, https:\/\/topfoodmachine.com\/wp-content\/uploads\/2023\/10\/vegetable-dicing-machine-1-300x225.webp 300w\" sizes=\"auto, (max-width: 720px) 100vw, 720px\" \/><figcaption class=\"wp-element-caption\">m\u00e1quina para cortar vegetales en cubitos<\/figcaption><\/figure>    <h2 class=\"wp-block-heading\">\u00bfCu\u00e1l es la estructura de la m\u00e1quina cortadora de verduras?<\/h2>    <p>Normalmente, una m\u00e1quina cortadora de verduras consta de un conducto de alimentaci\u00f3n donde se colocan las verduras, un mecanismo de corte equipado con cuchillas afiladas, un sistema de transmisi\u00f3n y un sistema de control de potencia. La m\u00e1quina funciona mediante entrada manual, donde el usuario alimenta las verduras a trav\u00e9s del conducto, o mediante un proceso automatizado para operaciones de mayor volumen.<\/p>    <p>La base, la carcasa, la tolva y las piezas principales est\u00e1n fabricadas en aleaci\u00f3n de aluminio y magnesio y acero inoxidable para garantizar un funcionamiento prolongado sin oxidaci\u00f3n.<\/p>    <figure class=\"wp-block-image size-full\"><img loading=\"lazy\" decoding=\"async\" width=\"720\" height=\"540\" src=\"https:\/\/topfoodmachine.com\/wp-content\/uploads\/2023\/10\/dicing-machine-with-a-good-price.webp\" alt=\"m\u00e1quina de corte con un buen precio\" class=\"wp-image-722\" srcset=\"https:\/\/topfoodmachine.com\/wp-content\/uploads\/2023\/10\/dicing-machine-with-a-good-price.webp 720w, https:\/\/topfoodmachine.com\/wp-content\/uploads\/2023\/10\/dicing-machine-with-a-good-price-300x225.webp 300w\" sizes=\"auto, (max-width: 720px) 100vw, 720px\" \/><figcaption class=\"wp-element-caption\">m\u00e1quina de corte con un buen precio<\/figcaption><\/figure>    <h2 class=\"wp-block-heading\">Principio de funcionamiento de la m\u00e1quina cortadora de verduras.<\/h2>    <p>El dial de la m\u00e1quina impulsa las materias primas a rotar a alta velocidad, utilizando la fuerza centr\u00edfuga. Con la ayuda de la cuchilla vertical, el material se corta en piezas delgadas. Luego pasa a trav\u00e9s de la cuchilla circular para ser cortado en tiras, que posteriormente se alimentan a la cuchilla de corte transversal. Esta cuchilla de corte transversal transforma el material en los cubos o formas rectangulares deseadas.<\/p>    <figure class=\"wp-block-gallery has-nested-images columns-default is-cropped wp-block-gallery-2 is-layout-flex wp-block-gallery-is-layout-flex\"> <figure class=\"wp-block-image size-large\"><img loading=\"lazy\" decoding=\"async\" width=\"720\" height=\"540\" data-id=\"675\" src=\"https:\/\/topfoodmachine.com\/wp-content\/uploads\/2023\/10\/mushroom-dices.webp\" alt=\"dados de champi\u00f1\u00f3n\" class=\"wp-image-675\" srcset=\"https:\/\/topfoodmachine.com\/wp-content\/uploads\/2023\/10\/mushroom-dices.webp 720w, https:\/\/topfoodmachine.com\/wp-content\/uploads\/2023\/10\/mushroom-dices-300x225.webp 300w\" sizes=\"auto, (max-width: 720px) 100vw, 720px\" \/><figcaption class=\"wp-element-caption\">dados de champi\u00f1\u00f3n<\/figcaption><\/figure>    <figure class=\"wp-block-image size-large\"><img loading=\"lazy\" decoding=\"async\" width=\"720\" height=\"540\" data-id=\"677\" src=\"https:\/\/topfoodmachine.com\/wp-content\/uploads\/2023\/10\/vegetable-dices-1.webp\" alt=\"dados de verduras\" class=\"wp-image-677\" srcset=\"https:\/\/topfoodmachine.com\/wp-content\/uploads\/2023\/10\/vegetable-dices-1.webp 720w, https:\/\/topfoodmachine.com\/wp-content\/uploads\/2023\/10\/vegetable-dices-1-300x225.webp 300w\" sizes=\"auto, (max-width: 720px) 100vw, 720px\" \/><figcaption class=\"wp-element-caption\">dados de verduras<\/figcaption><\/figure>    <figure class=\"wp-block-image size-large\"><img loading=\"lazy\" decoding=\"async\" width=\"720\" height=\"540\" data-id=\"676\" src=\"https:\/\/topfoodmachine.com\/wp-content\/uploads\/2023\/10\/tomato-dices.webp\" alt=\"dados de tomate\" class=\"wp-image-676\" srcset=\"https:\/\/topfoodmachine.com\/wp-content\/uploads\/2023\/10\/tomato-dices.webp 720w, https:\/\/topfoodmachine.com\/wp-content\/uploads\/2023\/10\/tomato-dices-300x225.webp 300w\" sizes=\"auto, (max-width: 720px) 100vw, 720px\" \/><figcaption class=\"wp-element-caption\">dados de tomate<\/figcaption><\/figure> <\/figure>    <h2 class=\"wp-block-heading\">Aplicaci\u00f3n de la m\u00e1quina cortadora de verduras.<\/h2>    <p>Estas m\u00e1quinas se utilizan ampliamente en cocinas comerciales, instalaciones de procesamiento de alimentos y restaurantes donde se requieren grandes cantidades de vegetales cortados en cubitos para diversas aplicaciones culinarias. No s\u00f3lo mejoran la eficiencia sino que tambi\u00e9n contribuyen a la uniformidad y presentaci\u00f3n de los platos. Adem\u00e1s, las m\u00e1quinas para cortar vegetales en cubitos vienen con diferentes accesorios de cuchillas y pueden cortar cubos de 3, 4, 5, 6, 7, 8, 9, 10, 12, 15 y 20 mm, lo que permite personalizar el tama\u00f1o y la forma del corte en cubitos. verduras para adaptarlas a recetas y preferencias culinarias espec\u00edficas.<\/p>    <figure class=\"wp-block-gallery has-nested-images columns-default is-cropped wp-block-gallery-3 is-layout-flex wp-block-gallery-is-layout-flex\"> <figure class=\"wp-block-image size-large\"><img loading=\"lazy\" decoding=\"async\" width=\"720\" height=\"540\" data-id=\"673\" src=\"https:\/\/topfoodmachine.com\/wp-content\/uploads\/2023\/10\/Accessories-of-dicer-machine-1.webp\" alt=\"Accesorios de la m\u00e1quina cortadora de dados.\" class=\"wp-image-673\" srcset=\"https:\/\/topfoodmachine.com\/wp-content\/uploads\/2023\/10\/Accessories-of-dicer-machine-1.webp 720w, https:\/\/topfoodmachine.com\/wp-content\/uploads\/2023\/10\/Accessories-of-dicer-machine-1-300x225.webp 300w\" sizes=\"auto, (max-width: 720px) 100vw, 720px\" \/><figcaption class=\"wp-element-caption\">Accesorios de la m\u00e1quina cortadora de dados.<\/figcaption><\/figure>    <figure class=\"wp-block-image size-large\"><img loading=\"lazy\" decoding=\"async\" width=\"720\" height=\"540\" data-id=\"674\" src=\"https:\/\/topfoodmachine.com\/wp-content\/uploads\/2023\/10\/Accessories-of-vegetable-dicing-machine-1.webp\" alt=\"Accesorios de la m\u00e1quina cortadora de verduras\" class=\"wp-image-674\" srcset=\"https:\/\/topfoodmachine.com\/wp-content\/uploads\/2023\/10\/Accessories-of-vegetable-dicing-machine-1.webp 720w, https:\/\/topfoodmachine.com\/wp-content\/uploads\/2023\/10\/Accessories-of-vegetable-dicing-machine-1-300x225.webp 300w\" sizes=\"auto, (max-width: 720px) 100vw, 720px\" \/><figcaption class=\"wp-element-caption\">Accesorios de la m\u00e1quina cortadora de verduras<\/figcaption><\/figure> <\/figure>    <h2 class=\"wp-block-heading\">\u00bfC\u00f3mo utilizar el cortador de verduras?<\/h2>    <p>1. Preparaci\u00f3n:<br>Lavar las verduras y quitarles la piel exterior y las partes no deseadas.<br>Corte las verduras en trozos del tama\u00f1o adecuado para que quepan en la abertura de alimentaci\u00f3n del cortador en cubitos, seg\u00fan sea necesario.<\/p>    <p>2. Configuraci\u00f3n de la m\u00e1quina:<br>Coloque el cortador de verduras sobre una superficie de trabajo lisa.<br>Aseg\u00farese de que el enchufe est\u00e9 insertado en la toma de corriente y siga las instrucciones del manual de funcionamiento para asegurarse de que todos los dispositivos de seguridad se hayan configurado correctamente.<\/p>    <p>3. Arrancar la m\u00e1quina:<br>Si se opera manualmente, active el interruptor de encendido.<br>Si funciona autom\u00e1ticamente, es posible que sea necesario ajustar algunos par\u00e1metros seg\u00fan el modelo y la configuraci\u00f3n de la m\u00e1quina.<\/p>    <p>4. Lanzar las verduras:<br>Deje caer los trozos de verdura preparados uno por uno en la abertura de alimentaci\u00f3n del cortador en cubitos.<\/p>    <p>5. Observar y monitorear:<br>Preste atenci\u00f3n al estado de funcionamiento de la m\u00e1quina para asegurarse de que los trozos de verduras se corten de manera uniforme.<\/p>    <p>6. Ajuste el tama\u00f1o de los cubos (si es necesario):<br>Reemplace el cabezal de corte o ajuste la configuraci\u00f3n de la m\u00e1quina seg\u00fan sea necesario para obtener el tama\u00f1o de bloque deseado.<\/p>    <p>7. Recogiendo las verduras cortadas:<br>Los trozos de verduras cortadas caer\u00e1n de la salida de la m\u00e1quina en un contenedor o bandeja de recolecci\u00f3n.<\/p>    <p>8. Apagar la m\u00e1quina:<br>Desconecte la fuente de alimentaci\u00f3n apagando el interruptor de encendido cuando haya terminado de usar la m\u00e1quina.<\/p>    <p>9. Limpieza y Mantenimiento:<br>Limpie el cortador de bloques, incluida la eliminaci\u00f3n de restos de vegetales y el lavado de las partes cortantes.<br>Compruebe y mantenga la m\u00e1quina peri\u00f3dicamente para garantizar un funcionamiento adecuado.<\/p>    <p>10. Almacenamiento:<br>Si no se utiliza con frecuencia, guarde el cortador de bloques adecuadamente para evitar da\u00f1os o corrosi\u00f3n.<\/p>    <figure class=\"wp-block-embed is-type-video is-provider-youtube wp-block-embed-youtube wp-embed-aspect-16-9 wp-has-aspect-ratio\"><div class=\"wp-block-embed__wrapper\"> <iframe loading=\"lazy\" title=\"Pica como un profesional: \u00a1Descubre los secretos de la m\u00e1quina para cortar verduras en cubitos! #m\u00e1quina para cortar cubitos #verduras\" width=\"500\" height=\"281\" src=\"https:\/\/www.youtube.com\/embed\/TxB7N50k37I?start=2&#038;feature=oembed\" frameborder=\"0\" allow=\"accelerometer; autoplay; clipboard-write; encrypted-media; gyroscope; picture-in-picture; web-share\" referrerpolicy=\"strict-origin-when-cross-origin\" allowfullscreen><\/iframe> <\/div><\/figure>    <h2 class=\"wp-block-heading\">Par\u00e1metros t\u00e9cnicos de la m\u00e1quina cortadora de cubitos. <\/h2>    <figure class=\"wp-block-table\"><table><tbody><tr><td>Modelo<\/td><td>TZ-CHD100<\/td><\/tr><tr><td>Capacidad<\/td><td>100kg\/h<\/td><\/tr><tr><td>Tama\u00f1o<\/td><td>560*600*1040mm<\/td><\/tr><tr><td>Peso<\/td><td>100 kilos<\/td><\/tr><tr><td>Fuerza<\/td><td>0,75 kw<\/td><\/tr><tr><td>Voltaje<\/td><td>380v<\/td><\/tr><\/tbody><\/table><\/figure>","protected":false},"excerpt":{"rendered":"<p>El cortador de verduras est\u00e1 dise\u00f1ado para cortar verduras de manera eficiente y uniforme en piezas peque\u00f1as y de tama\u00f1o uniforme, a menudo denominadas \"dados\" o \"cubos\".<\/p>","protected":false},"author":1,"featured_media":669,"parent":0,"template":"","tags":[],"product-type":[3],"class_list":["post-668","product","type-product","status-publish","has-post-thumbnail","hentry","product-type-fruit-vegetable-processing-machine"],"_links":{"self":[{"href":"https:\/\/topfoodmachine.com\/es\/wp-json\/wp\/v2\/product\/668","targetHints":{"allow":["GET"]}}],"collection":[{"href":"https:\/\/topfoodmachine.com\/es\/wp-json\/wp\/v2\/product"}],"about":[{"href":"https:\/\/topfoodmachine.com\/es\/wp-json\/wp\/v2\/types\/product"}],"author":[{"embeddable":true,"href":"https:\/\/topfoodmachine.com\/es\/wp-json\/wp\/v2\/users\/1"}],"wp:featuredmedia":[{"embeddable":true,"href":"https:\/\/topfoodmachine.com\/es\/wp-json\/wp\/v2\/media\/669"}],"wp:attachment":[{"href":"https:\/\/topfoodmachine.com\/es\/wp-json\/wp\/v2\/media?parent=668"}],"wp:term":[{"taxonomy":"post_tag","embeddable":true,"href":"https:\/\/topfoodmachine.com\/es\/wp-json\/wp\/v2\/tags?post=668"},{"taxonomy":"product-type","embeddable":true,"href":"https:\/\/topfoodmachine.com\/es\/wp-json\/wp\/v2\/product-type?post=668"}],"curies":[{"name":"wp","href":"https:\/\/api.w.org\/{rel}","templated":true}]}}