{"id":648,"date":"2023-10-07T16:23:22","date_gmt":"2023-10-07T08:23:22","guid":{"rendered":"https:\/\/topfoodmachine.com\/?post_type=product&#038;p=648"},"modified":"2023-10-10T15:48:30","modified_gmt":"2023-10-10T07:48:30","slug":"vegetables-and-fruits-washing-and-peeling-machine","status":"publish","type":"product","link":"https:\/\/topfoodmachine.com\/es\/product\/vegetables-and-fruits-washing-and-peeling-machine\/","title":{"rendered":"Lavadora y peladora de verduras y frutas."},"content":{"rendered":"<div class=\"kk-star-ratings kksr-auto kksr-align-left kksr-valign-top\"     data-payload='{&quot;align&quot;:&quot;left&quot;,&quot;id&quot;:&quot;648&quot;,&quot;slug&quot;:&quot;default&quot;,&quot;valign&quot;:&quot;top&quot;,&quot;ignore&quot;:&quot;&quot;,&quot;reference&quot;:&quot;auto&quot;,&quot;class&quot;:&quot;&quot;,&quot;count&quot;:&quot;30&quot;,&quot;legendonly&quot;:&quot;&quot;,&quot;readonly&quot;:&quot;&quot;,&quot;score&quot;:&quot;4.6&quot;,&quot;starsonly&quot;:&quot;&quot;,&quot;best&quot;:&quot;5&quot;,&quot;gap&quot;:&quot;5&quot;,&quot;greet&quot;:&quot;Rate this product&quot;,&quot;legend&quot;:&quot;4.6\\\/5 - (30 votos)&quot;,&quot;size&quot;:&quot;24&quot;,&quot;title&quot;:&quot;Vegetables and fruits washing and peeling\u00a0machine&quot;,&quot;width&quot;:&quot;130.9&quot;,&quot;_legend&quot;:&quot;{score}\\\/{best} - ({count} {votes})&quot;,&quot;font_factor&quot;:&quot;1.25&quot;}'>              <div class=\"kksr-stars\">      <div class=\"kksr-stars-inactive\">             <div class=\"kksr-star\" data-star=\"1\" style=\"padding-right: 5px\">               <div class=\"kksr-icon\" style=\"width: 24px; height: 24px;\"><\/div>         <\/div>             <div class=\"kksr-star\" data-star=\"2\" style=\"padding-right: 5px\">               <div class=\"kksr-icon\" style=\"width: 24px; height: 24px;\"><\/div>         <\/div>             <div class=\"kksr-star\" data-star=\"3\" style=\"padding-right: 5px\">               <div class=\"kksr-icon\" style=\"width: 24px; height: 24px;\"><\/div>         <\/div>             <div class=\"kksr-star\" data-star=\"4\" style=\"padding-right: 5px\">               <div class=\"kksr-icon\" style=\"width: 24px; height: 24px;\"><\/div>         <\/div>             <div class=\"kksr-star\" data-star=\"5\" style=\"padding-right: 5px\">               <div class=\"kksr-icon\" style=\"width: 24px; height: 24px;\"><\/div>         <\/div>     <\/div>      <div class=\"kksr-stars-active\" style=\"width: 130.9px;\">             <div class=\"kksr-star\" style=\"padding-right: 5px\">               <div class=\"kksr-icon\" style=\"width: 24px; height: 24px;\"><\/div>         <\/div>             <div class=\"kksr-star\" style=\"padding-right: 5px\">               <div class=\"kksr-icon\" style=\"width: 24px; height: 24px;\"><\/div>         <\/div>             <div class=\"kksr-star\" style=\"padding-right: 5px\">               <div class=\"kksr-icon\" style=\"width: 24px; height: 24px;\"><\/div>         <\/div>             <div class=\"kksr-star\" style=\"padding-right: 5px\">               <div class=\"kksr-icon\" style=\"width: 24px; height: 24px;\"><\/div>         <\/div>             <div class=\"kksr-star\" style=\"padding-right: 5px\">               <div class=\"kksr-icon\" style=\"width: 24px; height: 24px;\"><\/div>         <\/div>     <\/div> <\/div>                   <div class=\"kksr-legend\" style=\"font-size: 19.2px;\">             4,6\/5 - (30 votos)    <\/div>     <\/div>  <p>La m\u00e1quina lavadora y peladora comercial de frutas y verduras se erige como el pin\u00e1culo de la innovaci\u00f3n en tecnolog\u00eda de cocina. Este aparato de vanguardia est\u00e1 meticulosamente dise\u00f1ado para mejorar la preparaci\u00f3n de alimentos en entornos comerciales. Al combinar a la perfecci\u00f3n las funciones de lavado y pelado, no s\u00f3lo agiliza el proceso sino que tambi\u00e9n mantiene los m\u00e1s altos est\u00e1ndares de higiene. Dise\u00f1ada para brindar eficiencia y precisi\u00f3n, esta m\u00e1quina cambia las reglas del juego para las cocinas profesionales, ya que ofrece una soluci\u00f3n perfecta para mejorar la productividad y mantener protocolos impecables de seguridad alimentaria.<\/p>    <p>La m\u00e1quina lavadora y peladora de frutas y verduras comerciales, que satisface las demandas de una cocina comercial bulliciosa, es imprescindible para chefs y profesionales del servicio de alimentos. Su construcci\u00f3n robusta y sus caracter\u00edsticas avanzadas lo hacen ideal para quienes manipulan grandes vol\u00famenes de productos de forma regular. Ya sea que dirija un restaurante de alta capacidad, un servicio de catering o una instalaci\u00f3n de procesamiento de alimentos, esta m\u00e1quina es la piedra angular de la eficiencia. Adopte esta maravilla tecnol\u00f3gica para garantizar que las operaciones de su cocina se caractericen por la velocidad y la higiene absoluta.<\/p>    <figure class=\"wp-block-image size-full\"><img loading=\"lazy\" decoding=\"async\" width=\"720\" height=\"540\" src=\"https:\/\/topfoodmachine.com\/wp-content\/uploads\/2023\/10\/vegetable-cleaner-and-peeler-machine-for-business.webp\" alt=\"M\u00e1quina limpiadora y peladora de verduras para empresas.\" class=\"wp-image-710\" srcset=\"https:\/\/topfoodmachine.com\/wp-content\/uploads\/2023\/10\/vegetable-cleaner-and-peeler-machine-for-business.webp 720w, https:\/\/topfoodmachine.com\/wp-content\/uploads\/2023\/10\/vegetable-cleaner-and-peeler-machine-for-business-300x225.webp 300w\" sizes=\"auto, (max-width: 720px) 100vw, 720px\" \/><figcaption class=\"wp-element-caption\">M\u00e1quina limpiadora y peladora de verduras para empresas.<\/figcaption><\/figure>    <h2 class=\"wp-block-heading\">Materias primas aplicables para m\u00e1quinas limpiadoras y peladoras de frutas y verduras.<\/h2>    <p>Verduras: patata, nabo, zanahoria, patata, cebolla, \u00f1ame chino<\/p>    <p>Frutas: manzana, pera, naranjas, limones, melocotones, albaricoques, d\u00e1tiles.<\/p>    <p>Frutos secos: nuez, casta\u00f1a.<\/p>    <figure class=\"wp-block-gallery has-nested-images columns-default is-cropped wp-block-gallery-2 is-layout-flex wp-block-gallery-is-layout-flex\"> <figure class=\"wp-block-image size-large\"><img loading=\"lazy\" decoding=\"async\" width=\"720\" height=\"540\" data-id=\"654\" src=\"https:\/\/topfoodmachine.com\/wp-content\/uploads\/2023\/10\/applicable-vegetables.webp\" alt=\"verduras aplicables\" class=\"wp-image-654\" srcset=\"https:\/\/topfoodmachine.com\/wp-content\/uploads\/2023\/10\/applicable-vegetables.webp 720w, https:\/\/topfoodmachine.com\/wp-content\/uploads\/2023\/10\/applicable-vegetables-300x225.webp 300w\" sizes=\"auto, (max-width: 720px) 100vw, 720px\" \/><figcaption class=\"wp-element-caption\">verduras aplicables<\/figcaption><\/figure>    <figure class=\"wp-block-image size-large\"><img loading=\"lazy\" decoding=\"async\" width=\"720\" height=\"540\" data-id=\"655\" src=\"https:\/\/topfoodmachine.com\/wp-content\/uploads\/2023\/10\/raw-materials.webp\" alt=\"materias primas\" class=\"wp-image-655\" srcset=\"https:\/\/topfoodmachine.com\/wp-content\/uploads\/2023\/10\/raw-materials.webp 720w, https:\/\/topfoodmachine.com\/wp-content\/uploads\/2023\/10\/raw-materials-300x225.webp 300w\" sizes=\"auto, (max-width: 720px) 100vw, 720px\" \/><figcaption class=\"wp-element-caption\">materias primas<\/figcaption><\/figure> <\/figure>    <h2 class=\"wp-block-heading\">Caracter\u00edsticas de la m\u00e1quina peladora y limpiadora de verduras y frutas.<\/h2>    <ul class=\"wp-block-list\"> <li><strong>Doble funcionalidad<\/strong>: Esta m\u00e1quina combina a la perfecci\u00f3n las funciones de lavado y pelado, agilizando los procesos de preparaci\u00f3n de alimentos.<\/li>    <li><strong>Alta capacidad<\/strong>: Dise\u00f1ado para manipular grandes cantidades de verduras y frutas, lo que lo hace ideal para operaciones a escala comercial.<\/li>    <li><strong>Sistema de limpieza eficiente<\/strong>: Utiliza un mecanismo de limpieza avanzado para garantizar un lavado minucioso e higi\u00e9nico de los productos, minimizando el riesgo de contaminantes.<\/li>    <li><strong>Pelado de precisi\u00f3n<\/strong>: Emplea tecnolog\u00eda de pelado de vanguardia para eliminar la piel o las capas externas con precisi\u00f3n, lo que resulta en un desperdicio m\u00ednimo.<\/li>    <li><strong>Configuraciones ajustables<\/strong>: Ofrece configuraciones personalizables para adaptarse a varios tama\u00f1os y tipos de productos, lo que permite versatilidad en el procesamiento de alimentos.<\/li>    <li><strong>Caracteristicas de seguridad<\/strong>: Incorpora medidas de seguridad para prevenir accidentes o percances durante la operaci\u00f3n, garantizando un ambiente de trabajo seguro.<\/li>    <li><strong>Conservaci\u00f3n del agua<\/strong>: Incorpora sistemas de reciclaje de agua para minimizar el consumo de agua, demostrando un enfoque de operaciones con conciencia ecol\u00f3gica.<\/li>    <li><strong>Construcci\u00f3n duradera<\/strong>: Construido con materiales de alta calidad para soportar los rigores del uso comercial, garantizando longevidad y confiabilidad.<\/li> <\/ul>    <figure class=\"wp-block-image size-full\"><img loading=\"lazy\" decoding=\"async\" width=\"720\" height=\"540\" src=\"https:\/\/topfoodmachine.com\/wp-content\/uploads\/2023\/10\/commercial-vegetable-washing-machine.webp\" alt=\"m\u00e1quina comercial de lavado de verduras\" class=\"wp-image-719\" srcset=\"https:\/\/topfoodmachine.com\/wp-content\/uploads\/2023\/10\/commercial-vegetable-washing-machine.webp 720w, https:\/\/topfoodmachine.com\/wp-content\/uploads\/2023\/10\/commercial-vegetable-washing-machine-300x225.webp 300w\" sizes=\"auto, (max-width: 720px) 100vw, 720px\" \/><figcaption class=\"wp-element-caption\">m\u00e1quina comercial de lavado de verduras<\/figcaption><\/figure>    <h2 class=\"wp-block-heading\">Principio de funcionamiento de la lavadora y peladora de verduras.<\/h2>    <p>El principio de funcionamiento de la m\u00e1quina limpiadora de cepillos para frutas y verduras es utilizar la rotaci\u00f3n del cepillo y la fricci\u00f3n mutua entre los materiales para eliminar la tierra y las impurezas adheridas a la superficie de las frutas y verduras. Este tipo de lavadora consta principalmente de un cuerpo, cepillo, motor, cojinete, tubo rociador y caja de control el\u00e9ctrico de acero inoxidable, entre otras piezas. <\/p>    <p>En el proceso de operaci\u00f3n, el cepillo dentro de la m\u00e1quina girar\u00e1 con la rotaci\u00f3n del motor, y la superficie de las frutas y verduras a limpiar se frotar\u00e1 y luego eliminar\u00e1 la suciedad de la superficie. Al mismo tiempo, el tubo rociador rociar\u00e1 agua para limpiar a\u00fan m\u00e1s las frutas y verduras, eliminar las impurezas que no pueden eliminarse con el cepillo y garantizar la limpieza de las frutas y verduras.<\/p>    <figure class=\"wp-block-embed is-type-video is-provider-youtube wp-block-embed-youtube wp-embed-aspect-16-9 wp-has-aspect-ratio\"><div class=\"wp-block-embed__wrapper\"> <iframe loading=\"lazy\" title=\"Lavadora y peladora de frutas y verduras: \u00a1la forma m\u00e1s f\u00e1cil de comer sano! #lavado #pelado\" width=\"500\" height=\"281\" src=\"https:\/\/www.youtube.com\/embed\/D3GsEQErQ0s?start=3&#038;feature=oembed\" frameborder=\"0\" allow=\"accelerometer; autoplay; clipboard-write; encrypted-media; gyroscope; picture-in-picture; web-share\" referrerpolicy=\"strict-origin-when-cross-origin\" allowfullscreen><\/iframe> <\/div><\/figure>    <h2 class=\"wp-block-heading\">Aplicaci\u00f3n de la m\u00e1quina lavadora y peladora de cepillos giratorios.<\/h2>    <ol class=\"wp-block-list\"> <li><strong>Cocinas comerciales y restaurantes<\/strong>: Chefs y personal de cocina en restaurantes, servicios de catering y otros establecimientos de comida que requieran equipos de preparaci\u00f3n de alimentos eficientes y de alta capacidad.<\/li>    <li><strong>Instalaciones de procesamiento de alimentos<\/strong>: Profesionales que trabajan en plantas e instalaciones de procesamiento de alimentos donde es necesario preparar y procesar grandes cantidades de frutas y verduras para su distribuci\u00f3n.<\/li>    <li><strong>Mercados Mayoristas y Centros de Distribuci\u00f3n<\/strong>: Trabajadores involucrados en la clasificaci\u00f3n, limpieza y preparaci\u00f3n de productos para su distribuci\u00f3n a minoristas, supermercados y otros puntos de venta de alimentos.<\/li>    <li><strong>Servicios de banqueter\u00eda<\/strong>: Empresas de catering y planificadores de eventos que manejan eventos a gran escala y requieren capacidades de preparaci\u00f3n r\u00e1pida de alimentos.<\/li>    <li><strong>Industria hotelera y hotelera<\/strong>: Chefs y equipos de cocina en hoteles y establecimientos de hosteler\u00eda donde la eficiencia y la presentaci\u00f3n son primordiales.<\/li>    <li><strong>Unidades de fabricaci\u00f3n de alimentos<\/strong>: Operadores y t\u00e9cnicos en instalaciones involucradas en la producci\u00f3n de productos alimenticios envasados \u200b\u200by elaborados.<\/li> <\/ol>    <h2 class=\"wp-block-heading\">Par\u00e1metros de la m\u00e1quina limpiadora y peladora.<\/h2>    <figure class=\"wp-block-table\"><table><tbody><tr><td>Modelo<\/td><td>Tama\u00f1o (mm)<\/td><td>Peso (kg)<\/td><td>Potencia (kilovatios)<\/td><td>Capacidad (kg\/h)<\/td><\/tr><tr><td>TZCY800<\/td><td>1580*850*800<\/td><td>180<\/td><td>1.1<\/td><td>800<\/td><\/tr><tr><td>TZCY1000<\/td><td>1780*850*800<\/td><td>220<\/td><td>1.5<\/td><td>1000<\/td><\/tr><tr><td>TZCY1200<\/td><td>1980*850*800<\/td><td>240<\/td><td>1.5<\/td><td>1200<\/td><\/tr><tr><td>TZCY1500<\/td><td>2280*850*800<\/td><td>260<\/td><td>2.2<\/td><td>1500<\/td><\/tr><tr><td>TZCY1800<\/td><td>2580*850*800<\/td><td>280<\/td><td>2.2<\/td><td>1800<\/td><\/tr><tr><td>TZCY2000<\/td><td>2780*850*800<\/td><td>320<\/td><td>3<\/td><td>2000<\/td><\/tr><tr><td>TZCY2600<\/td><td>3400*850*800<\/td><td>600<\/td><td>4<\/td><td>3000<\/td><\/tr><\/tbody><\/table><\/figure>    <p>Entendemos que las necesidades de cada cliente son \u00fanicas. Por esta raz\u00f3n, ofrecemos un servicio personalizado especial para el dise\u00f1o de los cepillos en nuestras m\u00e1quinas, que pueden fabricarse en diferentes tama\u00f1os seg\u00fan las necesidades reales de nuestros clientes. Este servicio \u00fanico asegura que nuestros productos puedan adaptarse a una amplia variedad de aplicaciones y necesidades de limpieza.<\/p>    <figure class=\"wp-block-gallery has-nested-images columns-default is-cropped wp-block-gallery-3 is-layout-flex wp-block-gallery-is-layout-flex\"> <figure class=\"wp-block-image size-large\"><img loading=\"lazy\" decoding=\"async\" width=\"720\" height=\"480\" data-id=\"656\" src=\"https:\/\/topfoodmachine.com\/wp-content\/uploads\/2023\/10\/brushes-1.webp\" alt=\"cepillos\" class=\"wp-image-656\" srcset=\"https:\/\/topfoodmachine.com\/wp-content\/uploads\/2023\/10\/brushes-1.webp 720w, https:\/\/topfoodmachine.com\/wp-content\/uploads\/2023\/10\/brushes-1-300x200.webp 300w\" sizes=\"auto, (max-width: 720px) 100vw, 720px\" \/><figcaption class=\"wp-element-caption\">cepillos<\/figcaption><\/figure>    <figure class=\"wp-block-image size-large\"><img loading=\"lazy\" decoding=\"async\" width=\"720\" height=\"540\" data-id=\"657\" src=\"https:\/\/topfoodmachine.com\/wp-content\/uploads\/2023\/10\/details-of-brush-1.webp\" alt=\"detalles del cepillo\" class=\"wp-image-657\" srcset=\"https:\/\/topfoodmachine.com\/wp-content\/uploads\/2023\/10\/details-of-brush-1.webp 720w, https:\/\/topfoodmachine.com\/wp-content\/uploads\/2023\/10\/details-of-brush-1-300x225.webp 300w\" sizes=\"auto, (max-width: 720px) 100vw, 720px\" \/><figcaption class=\"wp-element-caption\">detalles del cepillo<\/figcaption><\/figure> <\/figure>    <p>Adem\u00e1s, tambi\u00e9n personalizamos nuestros elevadores de coincidencia para adaptarse a las diferentes aplicaciones de nuestros clientes para el manejo continuo de grandes cantidades de ingredientes. Esta gama integral de servicios est\u00e1 dise\u00f1ada para satisfacer las necesidades de nuestros clientes y ayudarles a lograr un proceso de producci\u00f3n fluido y eficiente. Ya sean plantas de procesamiento agr\u00edcola a gran escala o empresas de catering, podemos proporcionarles productos y servicios satisfactorios.<\/p>    <figure class=\"wp-block-gallery has-nested-images columns-default is-cropped wp-block-gallery-4 is-layout-flex wp-block-gallery-is-layout-flex\"> <figure class=\"wp-block-image size-large\"><img loading=\"lazy\" decoding=\"async\" width=\"720\" height=\"540\" data-id=\"659\" src=\"https:\/\/topfoodmachine.com\/wp-content\/uploads\/2023\/10\/vegetable-cleaner-and-peeler-machine-1.webp\" alt=\"m\u00e1quina limpiadora y peladora de verduras\" class=\"wp-image-659\" srcset=\"https:\/\/topfoodmachine.com\/wp-content\/uploads\/2023\/10\/vegetable-cleaner-and-peeler-machine-1.webp 720w, https:\/\/topfoodmachine.com\/wp-content\/uploads\/2023\/10\/vegetable-cleaner-and-peeler-machine-1-300x225.webp 300w\" sizes=\"auto, (max-width: 720px) 100vw, 720px\" \/><figcaption class=\"wp-element-caption\">m\u00e1quina limpiadora y peladora de verduras<\/figcaption><\/figure>    <figure class=\"wp-block-image size-large\"><img loading=\"lazy\" decoding=\"async\" width=\"720\" height=\"540\" data-id=\"658\" src=\"https:\/\/topfoodmachine.com\/wp-content\/uploads\/2023\/10\/vegetable-and-fruit-cleaning-machine-1.webp\" alt=\"maquina limpiadora de frutas y verduras\" class=\"wp-image-658\" srcset=\"https:\/\/topfoodmachine.com\/wp-content\/uploads\/2023\/10\/vegetable-and-fruit-cleaning-machine-1.webp 720w, https:\/\/topfoodmachine.com\/wp-content\/uploads\/2023\/10\/vegetable-and-fruit-cleaning-machine-1-300x225.webp 300w\" sizes=\"auto, (max-width: 720px) 100vw, 720px\" \/><figcaption class=\"wp-element-caption\">maquina limpiadora de frutas y verduras<\/figcaption><\/figure> <\/figure>","protected":false},"excerpt":{"rendered":"<p>La m\u00e1quina lavadora y peladora comercial de frutas y verduras se erige como el pin\u00e1culo de la innovaci\u00f3n en tecnolog\u00eda de cocina.<\/p>","protected":false},"author":1,"featured_media":649,"parent":0,"template":"","tags":[],"product-type":[3],"class_list":["post-648","product","type-product","status-publish","has-post-thumbnail","hentry","product-type-fruit-vegetable-processing-machine"],"_links":{"self":[{"href":"https:\/\/topfoodmachine.com\/es\/wp-json\/wp\/v2\/product\/648","targetHints":{"allow":["GET"]}}],"collection":[{"href":"https:\/\/topfoodmachine.com\/es\/wp-json\/wp\/v2\/product"}],"about":[{"href":"https:\/\/topfoodmachine.com\/es\/wp-json\/wp\/v2\/types\/product"}],"author":[{"embeddable":true,"href":"https:\/\/topfoodmachine.com\/es\/wp-json\/wp\/v2\/users\/1"}],"wp:featuredmedia":[{"embeddable":true,"href":"https:\/\/topfoodmachine.com\/es\/wp-json\/wp\/v2\/media\/649"}],"wp:attachment":[{"href":"https:\/\/topfoodmachine.com\/es\/wp-json\/wp\/v2\/media?parent=648"}],"wp:term":[{"taxonomy":"post_tag","embeddable":true,"href":"https:\/\/topfoodmachine.com\/es\/wp-json\/wp\/v2\/tags?post=648"},{"taxonomy":"product-type","embeddable":true,"href":"https:\/\/topfoodmachine.com\/es\/wp-json\/wp\/v2\/product-type?post=648"}],"curies":[{"name":"wp","href":"https:\/\/api.w.org\/{rel}","templated":true}]}}