{"id":626,"date":"2023-09-28T16:11:15","date_gmt":"2023-09-28T08:11:15","guid":{"rendered":"https:\/\/topfoodmachine.com\/?post_type=product&#038;p=626"},"modified":"2024-07-26T16:29:52","modified_gmt":"2024-07-26T08:29:52","slug":"onion-peeling-machine","status":"publish","type":"product","link":"https:\/\/topfoodmachine.com\/es\/product\/onion-peeling-machine\/","title":{"rendered":"peladora de cebollas"},"content":{"rendered":"<div class=\"kk-star-ratings kksr-auto kksr-align-left kksr-valign-top\"     data-payload='{&quot;align&quot;:&quot;left&quot;,&quot;id&quot;:&quot;626&quot;,&quot;slug&quot;:&quot;default&quot;,&quot;valign&quot;:&quot;top&quot;,&quot;ignore&quot;:&quot;&quot;,&quot;reference&quot;:&quot;auto&quot;,&quot;class&quot;:&quot;&quot;,&quot;count&quot;:&quot;30&quot;,&quot;legendonly&quot;:&quot;&quot;,&quot;readonly&quot;:&quot;&quot;,&quot;score&quot;:&quot;4.5&quot;,&quot;starsonly&quot;:&quot;&quot;,&quot;best&quot;:&quot;5&quot;,&quot;gap&quot;:&quot;5&quot;,&quot;greet&quot;:&quot;Rate this product&quot;,&quot;legend&quot;:&quot;4.5\\\/5 - (30 votos)&quot;,&quot;size&quot;:&quot;24&quot;,&quot;title&quot;:&quot;Onion peeling machine&quot;,&quot;width&quot;:&quot;128&quot;,&quot;_legend&quot;:&quot;{score}\\\/{best} - ({count} {votes})&quot;,&quot;font_factor&quot;:&quot;1.25&quot;}'>              <div class=\"kksr-stars\">      <div class=\"kksr-stars-inactive\">             <div class=\"kksr-star\" data-star=\"1\" style=\"padding-right: 5px\">               <div class=\"kksr-icon\" style=\"width: 24px; height: 24px;\"><\/div>         <\/div>             <div class=\"kksr-star\" data-star=\"2\" style=\"padding-right: 5px\">               <div class=\"kksr-icon\" style=\"width: 24px; height: 24px;\"><\/div>         <\/div>             <div class=\"kksr-star\" data-star=\"3\" style=\"padding-right: 5px\">               <div class=\"kksr-icon\" style=\"width: 24px; height: 24px;\"><\/div>         <\/div>             <div class=\"kksr-star\" data-star=\"4\" style=\"padding-right: 5px\">               <div class=\"kksr-icon\" style=\"width: 24px; height: 24px;\"><\/div>         <\/div>             <div class=\"kksr-star\" data-star=\"5\" style=\"padding-right: 5px\">               <div class=\"kksr-icon\" style=\"width: 24px; height: 24px;\"><\/div>         <\/div>     <\/div>      <div class=\"kksr-stars-active\" style=\"width: 128px;\">             <div class=\"kksr-star\" style=\"padding-right: 5px\">               <div class=\"kksr-icon\" style=\"width: 24px; height: 24px;\"><\/div>         <\/div>             <div class=\"kksr-star\" style=\"padding-right: 5px\">               <div class=\"kksr-icon\" style=\"width: 24px; height: 24px;\"><\/div>         <\/div>             <div class=\"kksr-star\" style=\"padding-right: 5px\">               <div class=\"kksr-icon\" style=\"width: 24px; height: 24px;\"><\/div>         <\/div>             <div class=\"kksr-star\" style=\"padding-right: 5px\">               <div class=\"kksr-icon\" style=\"width: 24px; height: 24px;\"><\/div>         <\/div>             <div class=\"kksr-star\" style=\"padding-right: 5px\">               <div class=\"kksr-icon\" style=\"width: 24px; height: 24px;\"><\/div>         <\/div>     <\/div> <\/div>                   <div class=\"kksr-legend\" style=\"font-size: 19.2px;\">             4,5\/5 - (30 votos)    <\/div>     <\/div>  <p>La m\u00e1quina peladora de cebollas utiliza tecnolog\u00eda avanzada de flujo de aire rotativo a alta presi\u00f3n para eliminar r\u00e1pidamente las capas exteriores secas de las cebollas, logrando una tasa de pelado del 95% o m\u00e1s. Con una capacidad de producci\u00f3n de 200 kg\/h, est\u00e1 dise\u00f1ada para la eficiencia y facilidad de uso. Cargue las cebollas en la cinta transportadora, y la m\u00e1quina se encarga del resto autom\u00e1ticamente.<\/p>    <p>Esta m\u00e1quina es ideal para empresas de catering a gran escala, plantas de procesamiento de alimentos y f\u00e1bricas de alimentos congelados, ofreciendo una soluci\u00f3n que ahorra tiempo y mano de obra. Tambi\u00e9n es adecuada para supermercados y mercados mayoristas para satisfacer la alta demanda, as\u00ed como para cooperativas agr\u00edcolas que necesitan procesar grandes vol\u00famenes de cebollas de manera eficiente.<\/p>    <figure class=\"wp-block-embed is-type-video is-provider-youtube wp-block-embed-youtube wp-embed-aspect-16-9 wp-has-aspect-ratio\"><div class=\"wp-block-embed__wrapper\"> <iframe loading=\"lazy\" title=\"\u00a1Dile adi\u00f3s a las l\u00e1grimas! \u00a1Pelado de cebollas sin esfuerzo con nuestra revolucionaria m\u00e1quina! 1TP5Cebolla 1TP5C\u00e1scara De Cebolla\" width=\"500\" height=\"281\" src=\"https:\/\/www.youtube.com\/embed\/yZGVUR8E8Zc?start=2&#038;feature=oembed\" frameborder=\"0\" allow=\"accelerometer; autoplay; clipboard-write; encrypted-media; gyroscope; picture-in-picture; web-share\" referrerpolicy=\"strict-origin-when-cross-origin\" allowfullscreen><\/iframe> <\/div><figcaption class=\"wp-element-caption\">video de trabajo de la m\u00e1quina peladora de cebollas<\/figcaption><\/figure>    <h2 class=\"wp-block-heading\">Ventajas de la peladora autom\u00e1tica de cebollas.<\/h2>    <ul class=\"wp-block-list\"> <li><strong>Preserva la integridad de la cebolla.<\/strong> La tecnolog\u00eda de flujo de aire rotativo de alta presi\u00f3n controla con precisi\u00f3n la presi\u00f3n y la velocidad del aire. Asegura que la estructura interna de la cebolla permanezca intacta durante el proceso de pelado.<\/li>    <li><strong>Eficiente y r\u00e1pida.<\/strong> Utiliza flujo de aire a alta presi\u00f3n para eliminar r\u00e1pidamente y de manera efectiva las pieles de cebolla, mejorando significativamente la velocidad de procesamiento y la eficiencia laboral.<\/li>    <li><strong>Construcci\u00f3n de acero inoxidable duradera.<\/strong> Hecha de acero inoxidable, la m\u00e1quina resiste la corrosi\u00f3n de los aceites de cebolla, asegurando durabilidad y rendimiento a largo plazo.<\/li>    <li><strong>Alta automatizaci\u00f3n y facilidad de uso.<\/strong> La m\u00e1quina presenta alta automatizaci\u00f3n con alimentaci\u00f3n autom\u00e1tica de cebolla y eliminaci\u00f3n de pieles, minimizando la necesidad de intervenci\u00f3n manual y ahorrando mano de obra. Tambi\u00e9n es f\u00e1cil de operar y mantener con una interfaz simple y f\u00e1cil de usar.<\/li>    <li><strong>Vers\u00e1til e higi\u00e9nico.<\/strong> Adecuado para cebollas de varios tama\u00f1os y tipos, la m\u00e1quina satisface diversas necesidades de procesamiento. Su dise\u00f1o cerrado facilita la limpieza y cumple con los est\u00e1ndares de seguridad alimentaria e higiene.<\/li> <\/ul>    <figure class=\"wp-block-gallery has-nested-images columns-default is-cropped wp-block-gallery-2 is-layout-flex wp-block-gallery-is-layout-flex\"> <figure class=\"wp-block-image size-full\"><img loading=\"lazy\" decoding=\"async\" width=\"720\" height=\"540\" data-id=\"720\" src=\"https:\/\/topfoodmachine.com\/wp-content\/uploads\/2023\/09\/large-capacity-onion-peeler.webp\" alt=\"peladora de cebollas de gran capacidad\" class=\"wp-image-720\" srcset=\"https:\/\/topfoodmachine.com\/wp-content\/uploads\/2023\/09\/large-capacity-onion-peeler.webp 720w, https:\/\/topfoodmachine.com\/wp-content\/uploads\/2023\/09\/large-capacity-onion-peeler-300x225.webp 300w\" sizes=\"auto, (max-width: 720px) 100vw, 720px\" \/><figcaption class=\"wp-element-caption\">peladora de cebollas de gran capacidad<\/figcaption><\/figure>    <figure class=\"wp-block-image size-full\"><img loading=\"lazy\" decoding=\"async\" width=\"720\" height=\"540\" data-id=\"1489\" src=\"https:\/\/topfoodmachine.com\/wp-content\/uploads\/2023\/09\/commercial-onion-peeling-machine.webp\" alt=\"m\u00e1quina peladora de cebollas comercial\" class=\"wp-image-1489\" srcset=\"https:\/\/topfoodmachine.com\/wp-content\/uploads\/2023\/09\/commercial-onion-peeling-machine.webp 720w, https:\/\/topfoodmachine.com\/wp-content\/uploads\/2023\/09\/commercial-onion-peeling-machine-300x225.webp 300w, https:\/\/topfoodmachine.com\/wp-content\/uploads\/2023\/09\/commercial-onion-peeling-machine-16x12.webp 16w\" sizes=\"auto, (max-width: 720px) 100vw, 720px\" \/><figcaption class=\"wp-element-caption\">m\u00e1quina peladora de cebollas comercial<\/figcaption><\/figure> <\/figure>    <h2 class=\"wp-block-heading\">Principio de funcionamiento del pelador de cebollas.<\/h2>    <p>La m\u00e1quina peladora de cebollas funciona utilizando una cinta transportadora de cadena para transportar cebollas con precisi\u00f3n a la zona de pelado. Sobre esta \u00e1rea, una bomba de aire a alta presi\u00f3n genera un flujo de aire rotativo a alta presi\u00f3n. <\/p>    <p>Este flujo de aire sopla r\u00e1pida y precisamente las pieles secas de las cebollas mientras mantiene la integridad de la estructura interna. Las pieles removidas caen a trav\u00e9s de las rendijas de la cinta transportadora, asegurando un proceso de pelado eficiente, preciso y sin da\u00f1os.<\/p>    <p>Las cebollas peladas son luego transportadas desde el otro extremo de la cinta transportadora, listas para la siguiente etapa de procesamiento. La m\u00e1quina es adecuada para pelar no solo cebollas, sino tambi\u00e9n otros vegetales similares, lo que la hace altamente vers\u00e1til. <\/p>    <p>El flujo de aire a alta presi\u00f3n pela continuamente las cebollas a medida que se mueven, sin da\u00f1ar las partes comestibles, preservando as\u00ed la calidad general de las cebollas.<\/p>    <figure class=\"wp-block-gallery has-nested-images columns-default is-cropped wp-block-gallery-3 is-layout-flex wp-block-gallery-is-layout-flex\"> <figure class=\"wp-block-image size-large\"><img loading=\"lazy\" decoding=\"async\" width=\"720\" height=\"540\" data-id=\"636\" src=\"https:\/\/topfoodmachine.com\/wp-content\/uploads\/2023\/09\/raw-materials.webp\" alt=\"materias primas\" class=\"wp-image-636\" srcset=\"https:\/\/topfoodmachine.com\/wp-content\/uploads\/2023\/09\/raw-materials.webp 720w, https:\/\/topfoodmachine.com\/wp-content\/uploads\/2023\/09\/raw-materials-300x225.webp 300w\" sizes=\"auto, (max-width: 720px) 100vw, 720px\" \/><figcaption class=\"wp-element-caption\">materias primas<\/figcaption><\/figure>    <figure class=\"wp-block-image size-large\"><img loading=\"lazy\" decoding=\"async\" width=\"720\" height=\"540\" data-id=\"635\" src=\"https:\/\/topfoodmachine.com\/wp-content\/uploads\/2023\/09\/processed-onions.webp\" alt=\"cebollas procesadas\" class=\"wp-image-635\" srcset=\"https:\/\/topfoodmachine.com\/wp-content\/uploads\/2023\/09\/processed-onions.webp 720w, https:\/\/topfoodmachine.com\/wp-content\/uploads\/2023\/09\/processed-onions-300x225.webp 300w\" sizes=\"auto, (max-width: 720px) 100vw, 720px\" \/><figcaption class=\"wp-element-caption\">cebollas procesadas<\/figcaption><\/figure> <\/figure>    <h2 class=\"wp-block-heading\">\u00bfC\u00f3mo utilizar la peladora de cebollas el\u00e9ctrica?<\/h2>   <div id=\"rank-math-howto\" class=\"rank-math-block\" > <div class=\"rank-math-howto-description\">  <\/div>  <div class=\"rank-math-steps\"> <div id=\"howto-step-1721963684795\" class=\"rank-math-step\"> <h3 class=\"rank-math-step-title\">Cargar las cebollas<\/h3> <div class=\"rank-math-step-content\"><p>Coloque las cebollas en la entrada de alimentaci\u00f3n de la m\u00e1quina.<\/p> <\/div> <\/div> <div id=\"howto-step-1721963702438\" class=\"rank-math-step\"> <h3 class=\"rank-math-step-title\">Ajustar la presi\u00f3n del aire<\/h3> <div class=\"rank-math-step-content\"><p>Ajuste la presi\u00f3n de la bomba de aire seg\u00fan el tama\u00f1o y grosor de las cebollas.<\/p> <\/div> <\/div> <div id=\"howto-step-1721963714422\" class=\"rank-math-step\"> <h3 class=\"rank-math-step-title\">Inicie la m\u00e1quina<\/h3> <div class=\"rank-math-step-content\"><p>Encienda la m\u00e1quina y monitoree el proceso de pelado. Haga ajustes seg\u00fan sea necesario para asegurar un rendimiento \u00f3ptimo.<\/p> <\/div> <\/div> <\/div> <\/div>       <figure class=\"wp-block-image size-full\"><img loading=\"lazy\" decoding=\"async\" width=\"720\" height=\"540\" src=\"https:\/\/topfoodmachine.com\/wp-content\/uploads\/2023\/09\/peeled-onions.webp\" alt=\"cebollas peladas\" class=\"wp-image-1486\" srcset=\"https:\/\/topfoodmachine.com\/wp-content\/uploads\/2023\/09\/peeled-onions.webp 720w, https:\/\/topfoodmachine.com\/wp-content\/uploads\/2023\/09\/peeled-onions-300x225.webp 300w, https:\/\/topfoodmachine.com\/wp-content\/uploads\/2023\/09\/peeled-onions-16x12.webp 16w\" sizes=\"auto, (max-width: 720px) 100vw, 720px\" \/><figcaption class=\"wp-element-caption\">cebollas peladas<\/figcaption><\/figure>    <h2 class=\"wp-block-heading\">Aplicaci\u00f3n de la m\u00e1quina peladora de cebollas<\/h2>    <p>Esta m\u00e1quina peladora de cebollas es ideal para plantas de procesamiento de alimentos, restaurantes y cualquier cocina de alto volumen que requiera un procesamiento extenso de cebollas. Aumenta significativamente la eficiencia al automatizar el proceso de pelado, lo que reduce la mano de obra manual y disminuye los costos laborales, asegurando al mismo tiempo una calidad de pelado consistente.<\/p>    <p>En las plantas de procesamiento de alimentos, esta m\u00e1quina se integra sin problemas en las l\u00edneas de producci\u00f3n, mejorando la productividad general. Para los restaurantes, acelera la preparaci\u00f3n de comidas, liberando a los chefs para que se concentren en cocinar en lugar de pelar cebollas. <\/p>    <p>El dise\u00f1o intuitivo y la construcci\u00f3n robusta de la m\u00e1quina facilitan su mantenimiento y son una inversi\u00f3n inteligente para cualquier negocio que necesite un manejo eficiente de cebollas. En general, optimiza las operaciones de la cocina, ofreciendo tanto mayor eficiencia como conveniencia.<\/p>    <figure class=\"wp-block-gallery has-nested-images columns-default is-cropped wp-block-gallery-4 is-layout-flex wp-block-gallery-is-layout-flex\"> <figure class=\"wp-block-image size-full\"><img loading=\"lazy\" decoding=\"async\" width=\"720\" height=\"540\" data-id=\"634\" src=\"https:\/\/topfoodmachine.com\/wp-content\/uploads\/2023\/09\/automatic-onion-peeler.webp\" alt=\"pelador de cebolla automatico\" class=\"wp-image-634\" srcset=\"https:\/\/topfoodmachine.com\/wp-content\/uploads\/2023\/09\/automatic-onion-peeler.webp 720w, https:\/\/topfoodmachine.com\/wp-content\/uploads\/2023\/09\/automatic-onion-peeler-300x225.webp 300w\" sizes=\"auto, (max-width: 720px) 100vw, 720px\" \/><figcaption class=\"wp-element-caption\">pelador de cebolla automatico<\/figcaption><\/figure>    <figure class=\"wp-block-image size-full\"><img loading=\"lazy\" decoding=\"async\" width=\"720\" height=\"540\" data-id=\"1488\" src=\"https:\/\/topfoodmachine.com\/wp-content\/uploads\/2023\/09\/commercial-onion-peeler-machine.webp\" alt=\"m\u00e1quina peladora de cebollas comercial\" class=\"wp-image-1488\" srcset=\"https:\/\/topfoodmachine.com\/wp-content\/uploads\/2023\/09\/commercial-onion-peeler-machine.webp 720w, https:\/\/topfoodmachine.com\/wp-content\/uploads\/2023\/09\/commercial-onion-peeler-machine-300x225.webp 300w, https:\/\/topfoodmachine.com\/wp-content\/uploads\/2023\/09\/commercial-onion-peeler-machine-16x12.webp 16w\" sizes=\"auto, (max-width: 720px) 100vw, 720px\" \/><figcaption class=\"wp-element-caption\">m\u00e1quina peladora de cebollas comercial<\/figcaption><\/figure> <\/figure>    <h2 class=\"wp-block-heading\">Diferentes modelos de peladora de cebollas.<\/h2>    <figure class=\"wp-block-table\"><table><tbody><tr><td>Modelo<\/td><td>Voltaje<\/td><td>Capacidad<\/td><td>Peso<\/td><td>Tama\u00f1o<\/td><td>Fuerza<\/td><\/tr><tr><td>TZ-OP-1<\/td><td>110-220-380V<\/td><td>200kg\/h<\/td><td>150 kilos<\/td><td>130*55*140cm<\/td><td>1,1 kw<\/td><\/tr><tr><td>TZ-OP-2<\/td><td>110-220-380V<\/td><td>400kg\/h<\/td><td>250 kilos<\/td><td>162*55*140cm<\/td><td>1,2 kw<\/td><\/tr><tr><td>TZ-OP-3<\/td><td>110-220-380V<\/td><td>600kg\/hora<\/td><td>350 kilos<\/td><td>182*60*140cm<\/td><td>1,5 kw<\/td><\/tr><tr><td>TZ-OP-4<\/td><td>110-220-380V<\/td><td>1000kg\/hora<\/td><td>500 kilos<\/td><td>280*98*170cm<\/td><td>3kW<\/td><\/tr><\/tbody><\/table><figcaption class=\"wp-element-caption\">par\u00e1metros de la m\u00e1quina peladora de cebollas<\/figcaption><\/figure>    <figure class=\"wp-block-image size-full\"><img loading=\"lazy\" decoding=\"async\" width=\"720\" height=\"540\" src=\"https:\/\/topfoodmachine.com\/wp-content\/uploads\/2023\/09\/automatic-onion-peeling-machine.webp\" alt=\"m\u00e1quina peladora de cebollas autom\u00e1tica\" class=\"wp-image-1487\" srcset=\"https:\/\/topfoodmachine.com\/wp-content\/uploads\/2023\/09\/automatic-onion-peeling-machine.webp 720w, https:\/\/topfoodmachine.com\/wp-content\/uploads\/2023\/09\/automatic-onion-peeling-machine-300x225.webp 300w, https:\/\/topfoodmachine.com\/wp-content\/uploads\/2023\/09\/automatic-onion-peeling-machine-16x12.webp 16w\" sizes=\"auto, (max-width: 720px) 100vw, 720px\" \/><figcaption class=\"wp-element-caption\">m\u00e1quina peladora de cebollas autom\u00e1tica<\/figcaption><\/figure>    <h2 class=\"wp-block-heading\">\u00bfPor qu\u00e9 elegir la m\u00e1quina de Taizy?<\/h2>    <p>Taizy ofrece m\u00e1quinas peladoras de cebollas de primera calidad que son reconocidas por su robustez y eficiencia. Nuestras m\u00e1quinas est\u00e1n construidas con materiales de primera calidad y sometidas a estrictos controles de calidad para garantizar un rendimiento confiable.<\/p>    <p>Nos enorgullecemos de ofrecer un soporte excepcional postventa, que incluye capacitaci\u00f3n detallada y ayuda t\u00e9cnica r\u00e1pida. Nuestros servicios de garant\u00eda y mantenimiento integral protegen a\u00fan m\u00e1s su inversi\u00f3n.<\/p>    <p>Elegir Taizy significa invertir en una m\u00e1quina que combina durabilidad con un excelente servicio, asegurando una soluci\u00f3n inteligente y eficiente para sus necesidades de procesamiento de cebollas.<\/p>    <figure class=\"wp-block-gallery has-nested-images columns-default is-cropped wp-block-gallery-5 is-layout-flex wp-block-gallery-is-layout-flex\"> <figure class=\"wp-block-image size-large\"><img loading=\"lazy\" decoding=\"async\" width=\"720\" height=\"540\" data-id=\"637\" src=\"https:\/\/topfoodmachine.com\/wp-content\/uploads\/2023\/09\/onion-peeler.webp\" alt=\"pelador de cebolla\" class=\"wp-image-637\" srcset=\"https:\/\/topfoodmachine.com\/wp-content\/uploads\/2023\/09\/onion-peeler.webp 720w, https:\/\/topfoodmachine.com\/wp-content\/uploads\/2023\/09\/onion-peeler-300x225.webp 300w\" sizes=\"auto, (max-width: 720px) 100vw, 720px\" \/><figcaption class=\"wp-element-caption\">pelador de cebolla<\/figcaption><\/figure>    <figure class=\"wp-block-image size-large\"><img loading=\"lazy\" decoding=\"async\" width=\"720\" height=\"540\" data-id=\"638\" src=\"https:\/\/topfoodmachine.com\/wp-content\/uploads\/2023\/09\/onion-peeling-machine.webp\" alt=\"peladora de cebollas\" class=\"wp-image-638\" srcset=\"https:\/\/topfoodmachine.com\/wp-content\/uploads\/2023\/09\/onion-peeling-machine.webp 720w, https:\/\/topfoodmachine.com\/wp-content\/uploads\/2023\/09\/onion-peeling-machine-300x225.webp 300w\" sizes=\"auto, (max-width: 720px) 100vw, 720px\" \/><figcaption class=\"wp-element-caption\">peladora de cebollas<\/figcaption><\/figure> <\/figure>    <h2 class=\"wp-block-heading\">\u00a1Cont\u00e1ctanos!<\/h2>    <p class=\"translation-block\">En conclusi\u00f3n, nuestra <a href=\"https:\/\/en.wikipedia.org\/wiki\/Onion\" data-type=\"link\" data-id=\"https:\/\/en.wikipedia.org\/wiki\/Onion\" target=\"_blank\" rel=\"noopener\">m\u00e1quina<\/a> peladora de cebollas es una herramienta indispensable para cualquiera que busque eficiencia y consistencia en el procesamiento de cebollas. Su dise\u00f1o robusto y caracter\u00edsticas avanzadas garantizan un rendimiento fiable y resultados de alta calidad. <\/p>    <p class=\"translation-block\">Para una soluci\u00f3n completa, considere emparejarla con nuestra <a href=\"https:\/\/topfoodmachine.com\/es\/product\/onion-root-cutting-machine\/\" data-type=\"link\" data-id=\"https:\/\/topfoodmachine.com\/product\/onion-root-cutting-machine\/\">M\u00e1quina de Corte de Ra\u00edces de Cebolla<\/a> y <a href=\"https:\/\/topfoodmachine.com\/es\/product\/fruit-and-vegetable-grading-machine\/\" data-type=\"link\" data-id=\"https:\/\/topfoodmachine.com\/product\/fruit-and-vegetable-grading-machine\/\">M\u00e1quina de Clasificaci\u00f3n de Frutas y Verduras<\/a>. Juntas, estas m\u00e1quinas ofrecen una experiencia de procesamiento fluida y optimizada, mejorando su productividad y asegurando una calidad de primera en cada lote.<\/p>    <figure class=\"wp-block-gallery has-nested-images columns-default is-cropped wp-block-gallery-6 is-layout-flex wp-block-gallery-is-layout-flex\"> <figure class=\"wp-block-image size-large\"><img loading=\"lazy\" decoding=\"async\" width=\"720\" height=\"540\" data-id=\"1380\" src=\"https:\/\/topfoodmachine.com\/wp-content\/uploads\/2024\/05\/Onion-root-cutting-machine.webp\" alt=\"m\u00e1quina cortadora de ra\u00edces de cebolla\" class=\"wp-image-1380\" srcset=\"https:\/\/topfoodmachine.com\/wp-content\/uploads\/2024\/05\/Onion-root-cutting-machine.webp 720w, https:\/\/topfoodmachine.com\/wp-content\/uploads\/2024\/05\/Onion-root-cutting-machine-300x225.webp 300w, https:\/\/topfoodmachine.com\/wp-content\/uploads\/2024\/05\/Onion-root-cutting-machine-16x12.webp 16w\" sizes=\"auto, (max-width: 720px) 100vw, 720px\" \/><figcaption class=\"wp-element-caption\">m\u00e1quina cortadora de ra\u00edces de cebolla<\/figcaption><\/figure>    <figure class=\"wp-block-image size-large\"><img loading=\"lazy\" decoding=\"async\" width=\"720\" height=\"540\" data-id=\"998\" src=\"https:\/\/topfoodmachine.com\/wp-content\/uploads\/2023\/11\/working-process-of-Roller-Bar-Type-Fruit-and-Vegetable-Grading-Machine.webp\" alt=\"Proceso de trabajo de la m\u00e1quina clasificadora de frutas y verduras tipo barra rodante\" class=\"wp-image-998\" srcset=\"https:\/\/topfoodmachine.com\/wp-content\/uploads\/2023\/11\/working-process-of-Roller-Bar-Type-Fruit-and-Vegetable-Grading-Machine.webp 720w, https:\/\/topfoodmachine.com\/wp-content\/uploads\/2023\/11\/working-process-of-Roller-Bar-Type-Fruit-and-Vegetable-Grading-Machine-300x225.webp 300w\" sizes=\"auto, (max-width: 720px) 100vw, 720px\" \/><figcaption class=\"wp-element-caption\">Proceso de trabajo de la m\u00e1quina clasificadora de frutas y verduras tipo barra rodante<\/figcaption><\/figure> <\/figure>","protected":false},"excerpt":{"rendered":"<p>La m\u00e1quina peladora de cebollas utiliza tecnolog\u00eda avanzada de flujo de aire rotativo a alta presi\u00f3n para eliminar r\u00e1pidamente las capas exteriores secas de las cebollas, logrando una tasa de pelado del 95% o m\u00e1s. <\/p>","protected":false},"author":1,"featured_media":633,"parent":0,"template":"","tags":[38,62],"product-type":[3],"class_list":["post-626","product","type-product","status-publish","has-post-thumbnail","hentry","tag-onion","tag-peeler","product-type-fruit-vegetable-processing-machine"],"_links":{"self":[{"href":"https:\/\/topfoodmachine.com\/es\/wp-json\/wp\/v2\/product\/626","targetHints":{"allow":["GET"]}}],"collection":[{"href":"https:\/\/topfoodmachine.com\/es\/wp-json\/wp\/v2\/product"}],"about":[{"href":"https:\/\/topfoodmachine.com\/es\/wp-json\/wp\/v2\/types\/product"}],"author":[{"embeddable":true,"href":"https:\/\/topfoodmachine.com\/es\/wp-json\/wp\/v2\/users\/1"}],"wp:featuredmedia":[{"embeddable":true,"href":"https:\/\/topfoodmachine.com\/es\/wp-json\/wp\/v2\/media\/633"}],"wp:attachment":[{"href":"https:\/\/topfoodmachine.com\/es\/wp-json\/wp\/v2\/media?parent=626"}],"wp:term":[{"taxonomy":"post_tag","embeddable":true,"href":"https:\/\/topfoodmachine.com\/es\/wp-json\/wp\/v2\/tags?post=626"},{"taxonomy":"product-type","embeddable":true,"href":"https:\/\/topfoodmachine.com\/es\/wp-json\/wp\/v2\/product-type?post=626"}],"curies":[{"name":"wp","href":"https:\/\/api.w.org\/{rel}","templated":true}]}}