{"id":543,"date":"2023-09-21T14:13:14","date_gmt":"2023-09-21T06:13:14","guid":{"rendered":"https:\/\/topfoodmachine.com\/?post_type=product&#038;p=543"},"modified":"2023-10-10T16:08:04","modified_gmt":"2023-10-10T08:08:04","slug":"corrugated-french-fries-cutting-machine","status":"publish","type":"product","link":"https:\/\/topfoodmachine.com\/es\/product\/corrugated-french-fries-cutting-machine\/","title":{"rendered":"M\u00e1quina cortadora de papas fritas corrugadas"},"content":{"rendered":"<div class=\"kk-star-ratings kksr-auto kksr-align-left kksr-valign-top\"     data-payload='{&quot;align&quot;:&quot;left&quot;,&quot;id&quot;:&quot;543&quot;,&quot;slug&quot;:&quot;default&quot;,&quot;valign&quot;:&quot;top&quot;,&quot;ignore&quot;:&quot;&quot;,&quot;reference&quot;:&quot;auto&quot;,&quot;class&quot;:&quot;&quot;,&quot;count&quot;:&quot;8&quot;,&quot;legendonly&quot;:&quot;&quot;,&quot;readonly&quot;:&quot;&quot;,&quot;score&quot;:&quot;4.9&quot;,&quot;starsonly&quot;:&quot;&quot;,&quot;best&quot;:&quot;5&quot;,&quot;gap&quot;:&quot;5&quot;,&quot;greet&quot;:&quot;Rate this product&quot;,&quot;legend&quot;:&quot;4.9\\\/5 - (8 votos)&quot;,&quot;size&quot;:&quot;24&quot;,&quot;title&quot;:&quot;Corrugated French Fries Cutting Machine&quot;,&quot;width&quot;:&quot;139.6&quot;,&quot;_legend&quot;:&quot;{score}\\\/{best} - ({count} {votes})&quot;,&quot;font_factor&quot;:&quot;1.25&quot;}'>              <div class=\"kksr-stars\">      <div class=\"kksr-stars-inactive\">             <div class=\"kksr-star\" data-star=\"1\" style=\"padding-right: 5px\">               <div class=\"kksr-icon\" style=\"width: 24px; height: 24px;\"><\/div>         <\/div>             <div class=\"kksr-star\" data-star=\"2\" style=\"padding-right: 5px\">               <div class=\"kksr-icon\" style=\"width: 24px; height: 24px;\"><\/div>         <\/div>             <div class=\"kksr-star\" data-star=\"3\" style=\"padding-right: 5px\">               <div class=\"kksr-icon\" style=\"width: 24px; height: 24px;\"><\/div>         <\/div>             <div class=\"kksr-star\" data-star=\"4\" style=\"padding-right: 5px\">               <div class=\"kksr-icon\" style=\"width: 24px; height: 24px;\"><\/div>         <\/div>             <div class=\"kksr-star\" data-star=\"5\" style=\"padding-right: 5px\">               <div class=\"kksr-icon\" style=\"width: 24px; height: 24px;\"><\/div>         <\/div>     <\/div>      <div class=\"kksr-stars-active\" style=\"width: 139.6px;\">             <div class=\"kksr-star\" style=\"padding-right: 5px\">               <div class=\"kksr-icon\" style=\"width: 24px; height: 24px;\"><\/div>         <\/div>             <div class=\"kksr-star\" style=\"padding-right: 5px\">               <div class=\"kksr-icon\" style=\"width: 24px; height: 24px;\"><\/div>         <\/div>             <div class=\"kksr-star\" style=\"padding-right: 5px\">               <div class=\"kksr-icon\" style=\"width: 24px; height: 24px;\"><\/div>         <\/div>             <div class=\"kksr-star\" style=\"padding-right: 5px\">               <div class=\"kksr-icon\" style=\"width: 24px; height: 24px;\"><\/div>         <\/div>             <div class=\"kksr-star\" style=\"padding-right: 5px\">               <div class=\"kksr-icon\" style=\"width: 24px; height: 24px;\"><\/div>         <\/div>     <\/div> <\/div>                   <div class=\"kksr-legend\" style=\"font-size: 19.2px;\">             4,9\/5 - (8 votos)    <\/div>     <\/div>  <p>El cortador de patatas fritas de cart\u00f3n corrugado est\u00e1 dise\u00f1ado para cortar tiras de patata y tambi\u00e9n es adecuado para otras verduras como las zanahorias. Utiliza una cuchilla especial que corta las patatas en tiras onduladas uniformes, perfectas para hacer patatas fritas, patatas fritas y otras delicias. Est\u00e1 fabricado en acero inoxidable y es f\u00e1cil de limpiar.<\/p>    <p>La m\u00e1quina es adecuada para grandes cadenas de comida r\u00e1pida, plantas procesadoras de alimentos, grandes supermercados, etc. Es conveniente, ahorra tiempo y mano de obra, y es una buena ayuda para la industria procesadora de alimentos. M\u00e1s importante a\u00fan, \u00a1el grosor de las rodajas se puede personalizar! \u00a1Bienvenido a consultar para obtener m\u00e1s detalles!<\/p>    <h2 class=\"wp-block-heading\">Caracter\u00edsticas de la m\u00e1quina cortadora de patatas fritas corrugadas<\/h2>    <ul class=\"wp-block-list\"> <li>La m\u00e1quina cortadora de patatas fritas est\u00e1 equipada con dos juegos de cuchillos, uno es un cuchillo plano para cortar rebanadas corrugadas y el otro es un cuchillo giratorio para cortar tiras corrugadas. El material se cortar\u00e1 continuamente mediante colisi\u00f3n a alta velocidad y finalmente formar\u00e1 tiras de papa corrugadas.<\/li>    <li>La cinta transportadora de alimentos debajo de las cuchillas est\u00e1 hecha de pl\u00e1stico apto para uso alimentario y es f\u00e1cil de limpiar.<\/li>    <li>La velocidad de transporte de la cinta transportadora de alimentos se puede ajustar manualmente.<\/li>    <li>El grosor de las tiras de patata se puede personalizar seg\u00fan tus necesidades.<\/li> <\/ul>    <figure class=\"wp-block-gallery has-nested-images columns-default is-cropped wp-block-gallery-2 is-layout-flex wp-block-gallery-is-layout-flex\"> <figure class=\"wp-block-image size-large\"><img loading=\"lazy\" decoding=\"async\" width=\"720\" height=\"540\" data-id=\"550\" src=\"https:\/\/topfoodmachine.com\/wp-content\/uploads\/2023\/09\/Corrugated-French-Fries-Cutting-Machine-1.webp\" alt=\"\" class=\"wp-image-550\" srcset=\"https:\/\/topfoodmachine.com\/wp-content\/uploads\/2023\/09\/Corrugated-French-Fries-Cutting-Machine-1.webp 720w, https:\/\/topfoodmachine.com\/wp-content\/uploads\/2023\/09\/Corrugated-French-Fries-Cutting-Machine-1-300x225.webp 300w\" sizes=\"auto, (max-width: 720px) 100vw, 720px\" \/><figcaption class=\"wp-element-caption\">M\u00e1quina cortadora de papas fritas corrugadas<\/figcaption><\/figure>    <figure class=\"wp-block-image size-large\"><img loading=\"lazy\" decoding=\"async\" width=\"720\" height=\"540\" data-id=\"551\" src=\"https:\/\/topfoodmachine.com\/wp-content\/uploads\/2023\/09\/French-Fry-Cutters-1.webp\" alt=\"\" class=\"wp-image-551\" srcset=\"https:\/\/topfoodmachine.com\/wp-content\/uploads\/2023\/09\/French-Fry-Cutters-1.webp 720w, https:\/\/topfoodmachine.com\/wp-content\/uploads\/2023\/09\/French-Fry-Cutters-1-300x225.webp 300w\" sizes=\"auto, (max-width: 720px) 100vw, 720px\" \/><figcaption class=\"wp-element-caption\">Cortadores de patatas fritas<\/figcaption><\/figure> <\/figure>    <h2 class=\"wp-block-heading\">\u00bfC\u00f3mo funciona la m\u00e1quina cortadora de patatas fritas de cart\u00f3n corrugado?<\/h2>    <ul class=\"wp-block-list\"> <li>Limpiar y pelar las patatas.<\/li>    <li>Coloque las patatas en el recipiente de la m\u00e1quina cortadora de patatas fritas.<\/li>    <li>Coloque la tapa y arranque el motor.<\/li>    <li>Las patatas las cortaremos en tiras onduladas.<\/li> <\/ul>    <figure class=\"wp-block-image size-full\"><img loading=\"lazy\" decoding=\"async\" width=\"720\" height=\"540\" src=\"https:\/\/topfoodmachine.com\/wp-content\/uploads\/2023\/09\/Corrugated-French-Fries-1.webp\" alt=\"Papas fritas onduladas\" class=\"wp-image-552\" srcset=\"https:\/\/topfoodmachine.com\/wp-content\/uploads\/2023\/09\/Corrugated-French-Fries-1.webp 720w, https:\/\/topfoodmachine.com\/wp-content\/uploads\/2023\/09\/Corrugated-French-Fries-1-300x225.webp 300w\" sizes=\"auto, (max-width: 720px) 100vw, 720px\" \/><figcaption class=\"wp-element-caption\">Papas fritas onduladas<\/figcaption><\/figure>    <h2 class=\"wp-block-heading\">\u00bfCu\u00e1les son las ventajas de la cortadora de patatas fritas onduladas?<\/h2>    <ol class=\"wp-block-list\"> <li>Buen efecto de corte: la hoja arrugada puede cortar patatas en tiras onduladas uniformes, con una apariencia hermosa y excelente sabor.<\/li>    <li>Operaci\u00f3n simple: La m\u00e1quina cortadora de papas fritas corrugadas es f\u00e1cil de operar. Simplemente coloque las patatas en el comedero y podr\u00e1 cortar f\u00e1cilmente tiras onduladas.<\/li>    <li>F\u00e1cil de limpiar: la cuchilla de la m\u00e1quina es extra\u00edble y f\u00e1cil de limpiar.<\/li> <\/ol>    <h2 class=\"wp-block-heading\">Detalles sobre nuestra m\u00e1quina cortadora de patatas fritas<\/h2>    <figure class=\"wp-block-table\"><table><tbody><tr><td>Modelo<\/td><td>TZ-660<\/td><\/tr><tr><td>Fuerza<\/td><td>0,75 kw<\/td><\/tr><tr><td>Voltaje<\/td><td>220v, 50hz<\/td><\/tr><tr><td>Capacidad<\/td><td>100-600kg\/hora<\/td><\/tr><tr><td>Peso<\/td><td>140 kilos<\/td><\/tr><tr><td>Tama\u00f1o<\/td><td>900*460*740mm<\/td><\/tr><\/tbody><\/table><\/figure>    <h2 class=\"wp-block-heading\">Preguntas frecuentes<\/h2>   <div id=\"rank-math-faq\" class=\"rank-math-block\"> <div class=\"rank-math-list\"> <div id=\"faq-question-1695201894714\" class=\"rank-math-list-item\"> <h3 class=\"rank-math-question\">\u00bfQu\u00e9 tipo de material se utiliza para la cuchilla del cortador de patatas?<\/h3> <div class=\"rank-math-answer\">  <p>La hoja del cortador de patatas suele estar hecha de acero inoxidable, que es resistente a la corrosi\u00f3n y al desgaste.<\/p>  <\/div> <\/div> <div id=\"faq-question-1695202116319\" class=\"rank-math-list-item\"> <h3 class=\"rank-math-question\">\u00bfCu\u00e1l es el m\u00e9todo de limpieza de la cortadora de patatas?<\/h3> <div class=\"rank-math-answer\">  <p>1. Retire la cuchilla del cortador de patatas.<br \/>2. Enjuague la hoja con agua limpia.<br \/>3. Limpia la hoja con un pa\u00f1o suave.<br \/>4. Enjuague las otras partes del cortador de patatas con agua limpia.<\/p>  <\/div> <\/div> <div id=\"faq-question-1695202325536\" class=\"rank-math-list-item\"> <h3 class=\"rank-math-question\">\u00bfCu\u00e1l es el m\u00e9todo de mantenimiento de la m\u00e1quina cortadora de papas fritas corrugadas?<\/h3> <div class=\"rank-math-answer\">  <p>1. Compruebe peri\u00f3dicamente si la hoja est\u00e1 afilada y reempl\u00e1cela a tiempo si est\u00e1 desgastada.<br \/>2. Limpia el cortador de patatas peri\u00f3dicamente para evitar la acumulaci\u00f3n de suciedad.<br \/>3. La cortadora de patatas debe guardarse en un lugar seco cuando no se utilice durante largos per\u00edodos de tiempo.<\/p>  <\/div> <\/div> <\/div> <\/div>   <h2 class=\"wp-block-heading\">V\u00eddeo de funcionamiento de la m\u00e1quina cortadora de patatas fritas de cart\u00f3n ondulado.<\/h2>    <figure class=\"wp-block-embed is-type-video is-provider-youtube wp-block-embed-youtube wp-embed-aspect-16-9 wp-has-aspect-ratio\"><div class=\"wp-block-embed__wrapper\"> <iframe loading=\"lazy\" title=\"M\u00e1quina cortadora de patatas fritas de cart\u00f3n corrugado: \u00a1La cocina imprescindible para cualquier restaurante de comida r\u00e1pida!\" width=\"500\" height=\"281\" src=\"https:\/\/www.youtube.com\/embed\/k3ruLwvsWk0?feature=oembed\" frameborder=\"0\" allow=\"accelerometer; autoplay; clipboard-write; encrypted-media; gyroscope; picture-in-picture; web-share\" referrerpolicy=\"strict-origin-when-cross-origin\" allowfullscreen><\/iframe> <\/div><\/figure>    <h2 class=\"wp-block-heading\">\u00bfPor qu\u00e9 elegirnos?<\/h2>    <p>Nuestra empresa adopta embalajes multicapa, que pueden prevenir eficazmente que los productos se da\u00f1en por colisi\u00f3n y extrusi\u00f3n durante el transporte. Tambi\u00e9n cooperamos con empresas de log\u00edstica profesionales para garantizar el transporte seguro y eficiente de mercanc\u00edas. \u00a1Puede estar seguro de que le brindaremos un servicio satisfactorio!<\/p>    <figure class=\"wp-block-gallery has-nested-images columns-default is-cropped wp-block-gallery-3 is-layout-flex wp-block-gallery-is-layout-flex\"> <figure class=\"wp-block-image size-large\"><img loading=\"lazy\" decoding=\"async\" width=\"720\" height=\"540\" data-id=\"554\" src=\"https:\/\/topfoodmachine.com\/wp-content\/uploads\/2023\/09\/French-Fry-Cutters-Package-1.webp\" alt=\"\" class=\"wp-image-554\" srcset=\"https:\/\/topfoodmachine.com\/wp-content\/uploads\/2023\/09\/French-Fry-Cutters-Package-1.webp 720w, https:\/\/topfoodmachine.com\/wp-content\/uploads\/2023\/09\/French-Fry-Cutters-Package-1-300x225.webp 300w\" sizes=\"auto, (max-width: 720px) 100vw, 720px\" \/><figcaption class=\"wp-element-caption\">Paquete de cortadores de patatas fritas<\/figcaption><\/figure>    <figure class=\"wp-block-image size-large\"><img loading=\"lazy\" decoding=\"async\" width=\"720\" height=\"540\" data-id=\"553\" src=\"https:\/\/topfoodmachine.com\/wp-content\/uploads\/2023\/09\/Corrugated-French-Fries-Cutting-Machine-Package-1.webp\" alt=\"\" class=\"wp-image-553\" srcset=\"https:\/\/topfoodmachine.com\/wp-content\/uploads\/2023\/09\/Corrugated-French-Fries-Cutting-Machine-Package-1.webp 720w, https:\/\/topfoodmachine.com\/wp-content\/uploads\/2023\/09\/Corrugated-French-Fries-Cutting-Machine-Package-1-300x225.webp 300w\" sizes=\"auto, (max-width: 720px) 100vw, 720px\" \/><figcaption class=\"wp-element-caption\">Paquete de m\u00e1quina cortadora de papas fritas corrugadas<\/figcaption><\/figure> <\/figure>    <p><\/p>","protected":false},"excerpt":{"rendered":"<p>Corrugated French Fry cutter is designed to cut potato strips, and is also suitable for other vegetables such as carrots. It uses a special blade that cuts potatoes into uniform wavy strips, perfect for making French fries, potato chips, and other treats. It is made of stainless steel which is easy to clean. The machine [&hellip;]<\/p>\n","protected":false},"author":1,"featured_media":544,"parent":0,"template":"","tags":[],"product-type":[3],"class_list":["post-543","product","type-product","status-publish","has-post-thumbnail","hentry","product-type-fruit-vegetable-processing-machine"],"_links":{"self":[{"href":"https:\/\/topfoodmachine.com\/es\/wp-json\/wp\/v2\/product\/543","targetHints":{"allow":["GET"]}}],"collection":[{"href":"https:\/\/topfoodmachine.com\/es\/wp-json\/wp\/v2\/product"}],"about":[{"href":"https:\/\/topfoodmachine.com\/es\/wp-json\/wp\/v2\/types\/product"}],"author":[{"embeddable":true,"href":"https:\/\/topfoodmachine.com\/es\/wp-json\/wp\/v2\/users\/1"}],"wp:featuredmedia":[{"embeddable":true,"href":"https:\/\/topfoodmachine.com\/es\/wp-json\/wp\/v2\/media\/544"}],"wp:attachment":[{"href":"https:\/\/topfoodmachine.com\/es\/wp-json\/wp\/v2\/media?parent=543"}],"wp:term":[{"taxonomy":"post_tag","embeddable":true,"href":"https:\/\/topfoodmachine.com\/es\/wp-json\/wp\/v2\/tags?post=543"},{"taxonomy":"product-type","embeddable":true,"href":"https:\/\/topfoodmachine.com\/es\/wp-json\/wp\/v2\/product-type?post=543"}],"curies":[{"name":"wp","href":"https:\/\/api.w.org\/{rel}","templated":true}]}}