{"id":525,"date":"2023-09-21T14:29:43","date_gmt":"2023-09-21T06:29:43","guid":{"rendered":"https:\/\/topfoodmachine.com\/?post_type=product&#038;p=525"},"modified":"2023-10-10T16:03:49","modified_gmt":"2023-10-10T08:03:49","slug":"vegetable-cutting-machine","status":"publish","type":"product","link":"https:\/\/topfoodmachine.com\/es\/product\/vegetable-cutting-machine\/","title":{"rendered":"M\u00e1quina cortadora de verduras"},"content":{"rendered":"<div class=\"kk-star-ratings kksr-auto kksr-align-left kksr-valign-top\"     data-payload='{&quot;align&quot;:&quot;left&quot;,&quot;id&quot;:&quot;525&quot;,&quot;slug&quot;:&quot;default&quot;,&quot;valign&quot;:&quot;top&quot;,&quot;ignore&quot;:&quot;&quot;,&quot;reference&quot;:&quot;auto&quot;,&quot;class&quot;:&quot;&quot;,&quot;count&quot;:&quot;20&quot;,&quot;legendonly&quot;:&quot;&quot;,&quot;readonly&quot;:&quot;&quot;,&quot;score&quot;:&quot;4.6&quot;,&quot;starsonly&quot;:&quot;&quot;,&quot;best&quot;:&quot;5&quot;,&quot;gap&quot;:&quot;5&quot;,&quot;greet&quot;:&quot;Rate this product&quot;,&quot;legend&quot;:&quot;4.6\\\/5 - (20 votos)&quot;,&quot;size&quot;:&quot;24&quot;,&quot;title&quot;:&quot;Vegetable Cutting Machine&quot;,&quot;width&quot;:&quot;130.9&quot;,&quot;_legend&quot;:&quot;{score}\\\/{best} - ({count} {votes})&quot;,&quot;font_factor&quot;:&quot;1.25&quot;}'>              <div class=\"kksr-stars\">      <div class=\"kksr-stars-inactive\">             <div class=\"kksr-star\" data-star=\"1\" style=\"padding-right: 5px\">               <div class=\"kksr-icon\" style=\"width: 24px; height: 24px;\"><\/div>         <\/div>             <div class=\"kksr-star\" data-star=\"2\" style=\"padding-right: 5px\">               <div class=\"kksr-icon\" style=\"width: 24px; height: 24px;\"><\/div>         <\/div>             <div class=\"kksr-star\" data-star=\"3\" style=\"padding-right: 5px\">               <div class=\"kksr-icon\" style=\"width: 24px; height: 24px;\"><\/div>         <\/div>             <div class=\"kksr-star\" data-star=\"4\" style=\"padding-right: 5px\">               <div class=\"kksr-icon\" style=\"width: 24px; height: 24px;\"><\/div>         <\/div>             <div class=\"kksr-star\" data-star=\"5\" style=\"padding-right: 5px\">               <div class=\"kksr-icon\" style=\"width: 24px; height: 24px;\"><\/div>         <\/div>     <\/div>      <div class=\"kksr-stars-active\" style=\"width: 130.9px;\">             <div class=\"kksr-star\" style=\"padding-right: 5px\">               <div class=\"kksr-icon\" style=\"width: 24px; height: 24px;\"><\/div>         <\/div>             <div class=\"kksr-star\" style=\"padding-right: 5px\">               <div class=\"kksr-icon\" style=\"width: 24px; height: 24px;\"><\/div>         <\/div>             <div class=\"kksr-star\" style=\"padding-right: 5px\">               <div class=\"kksr-icon\" style=\"width: 24px; height: 24px;\"><\/div>         <\/div>             <div class=\"kksr-star\" style=\"padding-right: 5px\">               <div class=\"kksr-icon\" style=\"width: 24px; height: 24px;\"><\/div>         <\/div>             <div class=\"kksr-star\" style=\"padding-right: 5px\">               <div class=\"kksr-icon\" style=\"width: 24px; height: 24px;\"><\/div>         <\/div>     <\/div> <\/div>                   <div class=\"kksr-legend\" style=\"font-size: 19.2px;\">             4,6\/5 - (20 votos)    <\/div>     <\/div>  <p>El cortador de verduras se suele utilizar para cortar verduras, frutas y otros ingredientes. Puede cortar ingredientes en varias formas, como rodajas, juliana, dados, tiras, etc., lo que mejora la eficiencia de cocci\u00f3n y la est\u00e9tica de los ingredientes. Disponemos de dos tipos diferentes de cortadora para distintos tipos de verduras. \u00a1Adem\u00e1s de cultivos de ra\u00edces, nuestro cortador de verduras multifuncional tambi\u00e9n puede procesar hortalizas de hoja!<\/p>    <p>Trabajar de forma r\u00e1pida y eficiente es importante en todas las cocinas. Con un cortador de verduras profesional podr\u00e1s hacerlo de forma segura y sencilla. \u00bfQuieres cortar tus verduras en rodajas, cubos, tiras o ralladuras? Esto es posible con diferentes discos de corte. Esta cortadora tiene salidas grandes y peque\u00f1as y puede cortar casi cualquier verdura.<\/p>    <h2 class=\"wp-block-heading\">Detalles y caracter\u00edsticas del cortador de verduras el\u00e9ctrico.<\/h2>    <ol class=\"wp-block-list\"> <li>Este cortador de verduras tiene un alimentador doble para manipular diferentes tama\u00f1os de ingredientes, lo que lo hace m\u00e1s eficiente y conveniente.<\/li>    <li>Fabricado en acero inoxidable 304, es limpio e higi\u00e9nico, f\u00e1cil de limpiar.<\/li>    <li>Puede manejar una amplia variedad de verduras y cualquier forma que desee.<\/li> <\/ol>    <figure class=\"wp-block-gallery has-nested-images columns-2 is-cropped wp-block-gallery-2 is-layout-flex wp-block-gallery-is-layout-flex\"> <figure class=\"wp-block-image size-large\"><img loading=\"lazy\" decoding=\"async\" width=\"720\" height=\"540\" data-id=\"537\" src=\"https:\/\/topfoodmachine.com\/wp-content\/uploads\/2023\/09\/Different-Styles-of-Vegetables.webp\" alt=\"\" class=\"wp-image-537\" srcset=\"https:\/\/topfoodmachine.com\/wp-content\/uploads\/2023\/09\/Different-Styles-of-Vegetables.webp 720w, https:\/\/topfoodmachine.com\/wp-content\/uploads\/2023\/09\/Different-Styles-of-Vegetables-300x225.webp 300w\" sizes=\"auto, (max-width: 720px) 100vw, 720px\" \/><figcaption class=\"wp-element-caption\">Diferentes estilos de verduras<\/figcaption><\/figure>    <figure class=\"wp-block-image size-large\"><img loading=\"lazy\" decoding=\"async\" width=\"720\" height=\"540\" data-id=\"538\" src=\"https:\/\/topfoodmachine.com\/wp-content\/uploads\/2023\/09\/Rich-Variety-of-Ingredients.webp\" alt=\"\" class=\"wp-image-538\" srcset=\"https:\/\/topfoodmachine.com\/wp-content\/uploads\/2023\/09\/Rich-Variety-of-Ingredients.webp 720w, https:\/\/topfoodmachine.com\/wp-content\/uploads\/2023\/09\/Rich-Variety-of-Ingredients-300x225.webp 300w\" sizes=\"auto, (max-width: 720px) 100vw, 720px\" \/><figcaption class=\"wp-element-caption\">Rica variedad de ingredientes<\/figcaption><\/figure>    <figure class=\"wp-block-image size-full\"><img loading=\"lazy\" decoding=\"async\" width=\"720\" height=\"540\" data-id=\"617\" src=\"https:\/\/topfoodmachine.com\/wp-content\/uploads\/2023\/09\/Vegetable-Slicer-for-Sale-4.webp\" alt=\"Cortadora de verduras en venta\" class=\"wp-image-617\" srcset=\"https:\/\/topfoodmachine.com\/wp-content\/uploads\/2023\/09\/Vegetable-Slicer-for-Sale-4.webp 720w, https:\/\/topfoodmachine.com\/wp-content\/uploads\/2023\/09\/Vegetable-Slicer-for-Sale-4-300x225.webp 300w\" sizes=\"auto, (max-width: 720px) 100vw, 720px\" \/><figcaption class=\"wp-element-caption\">Cortadora de verduras en venta<\/figcaption><\/figure>    <figure class=\"wp-block-image size-full\"><img loading=\"lazy\" decoding=\"async\" width=\"720\" height=\"540\" data-id=\"618\" src=\"https:\/\/topfoodmachine.com\/wp-content\/uploads\/2023\/09\/Commercial-Vegetable-Slicer-4.webp\" alt=\"Cortadora de verduras comercial\" class=\"wp-image-618\" srcset=\"https:\/\/topfoodmachine.com\/wp-content\/uploads\/2023\/09\/Commercial-Vegetable-Slicer-4.webp 720w, https:\/\/topfoodmachine.com\/wp-content\/uploads\/2023\/09\/Commercial-Vegetable-Slicer-4-300x225.webp 300w\" sizes=\"auto, (max-width: 720px) 100vw, 720px\" \/><figcaption class=\"wp-element-caption\">Cortadora de verduras comercial<\/figcaption><\/figure> <\/figure>    <p>Tambi\u00e9n hemos introducido un cortador de verduras multifuncional, que a\u00f1ade el procesamiento de verduras de hoja a las funciones originales y mejora la eficiencia del procesamiento de ingredientes.<\/p>    <p>Este cortador de verduras multifuncional tambi\u00e9n tiene un nuevo panel de control que le permite ajustar la velocidad de la cuchilla y la velocidad del transportador. Todo el panel est\u00e1 dise\u00f1ado para ser simple y claro, de modo que incluso las personas sin experiencia en la m\u00e1quina puedan operarla r\u00e1pidamente.<\/p>    <figure class=\"wp-block-image size-full\"><img loading=\"lazy\" decoding=\"async\" width=\"720\" height=\"540\" src=\"https:\/\/topfoodmachine.com\/wp-content\/uploads\/2023\/09\/Electric-Vegetable-Slicer-2.webp\" alt=\"Cortadora de verduras el\u00e9ctrica\" class=\"wp-image-619\" srcset=\"https:\/\/topfoodmachine.com\/wp-content\/uploads\/2023\/09\/Electric-Vegetable-Slicer-2.webp 720w, https:\/\/topfoodmachine.com\/wp-content\/uploads\/2023\/09\/Electric-Vegetable-Slicer-2-300x225.webp 300w\" sizes=\"auto, (max-width: 720px) 100vw, 720px\" \/><figcaption class=\"wp-element-caption\">Cortadora de verduras el\u00e9ctrica<\/figcaption><\/figure>    <h2 class=\"wp-block-heading\">Composici\u00f3n de la cortadora de verduras.<\/h2>    <p>Motor: proporciona energ\u00eda para hacer girar la hoja.<br>Cuchilla: se utiliza para cortar los ingredientes.<br>Entrada: para colocar los ingredientes que deseas procesar.<br>Mecanismo de transmisi\u00f3n: transmite la potencia del motor a las palas.<br>Dispositivo de seguridad: para evitar accidentes.<\/p>    <h2 class=\"wp-block-heading\">Principio de funcionamiento de la cortadora de verduras el\u00e9ctrica.<\/h2>    <ul class=\"wp-block-list\"> <li>Coloque los ingredientes en el recipiente del cortador de verduras.<\/li>    <li>Arranque el motor y la cuchilla comienza a girar.<\/li>    <li>La comida ingresa al \u00e1rea de la cuchilla a trav\u00e9s del canal y la cuchilla la corta en rodajas o en tiras.<\/li> <\/ul>    <figure class=\"wp-block-embed is-type-video is-provider-youtube wp-block-embed-youtube wp-embed-aspect-16-9 wp-has-aspect-ratio\"><div class=\"wp-block-embed__wrapper\"> <iframe loading=\"lazy\" title=\"Cortadora comercial de verduras: cortes de alta calidad con m\u00ednimo desperdicio #cuttingmachine\" width=\"500\" height=\"281\" src=\"https:\/\/www.youtube.com\/embed\/p-8tMS4vXDg?feature=oembed\" frameborder=\"0\" allow=\"accelerometer; autoplay; clipboard-write; encrypted-media; gyroscope; picture-in-picture; web-share\" referrerpolicy=\"strict-origin-when-cross-origin\" allowfullscreen><\/iframe> <\/div><\/figure>    <h2 class=\"wp-block-heading\">Ventajas de la m\u00e1quina cortadora de verduras.<\/h2>    <p>Mejore la eficiencia del corte de verduras: el cortador de verduras puede cortar los ingredientes de forma r\u00e1pida y uniforme, ahorrando costes laborales.<\/p>    <p>Mejore la precisi\u00f3n del corte de verduras: el cortador de verduras puede cortar ingredientes de forma uniforme y consistente y mejorar la calidad de los platos.<\/p>    <p>Reduzca la dificultad de cortar verduras: el cortador de verduras es f\u00e1cil de operar, no necesita habilidades culinarias profesionales, puede cortar f\u00e1cilmente una variedad de ingredientes.<\/p>    <h2 class=\"wp-block-heading\">Accesorios para cortadoras de verduras<\/h2>    <p>La versatilidad de un cortador de verduras es uno de sus puntos fuertes. Para cortar diferentes formas, necesitas diferentes accesorios. Hay discos cortadores para cortar en cubos, triturar, rebanar y cortar ondulado. As\u00ed podr\u00e1 pedir los accesorios adecuados junto con la m\u00e1quina. Si compras un juego completo de accesorios, \u00a1obtendremos un descuento para ti!<\/p>    <figure class=\"wp-block-gallery has-nested-images columns-2 is-cropped wp-block-gallery-3 is-layout-flex wp-block-gallery-is-layout-flex\"> <figure class=\"wp-block-image size-full\"><img loading=\"lazy\" decoding=\"async\" width=\"720\" height=\"540\" data-id=\"620\" src=\"https:\/\/topfoodmachine.com\/wp-content\/uploads\/2023\/09\/Standard-Slicer-1.webp\" alt=\"Cortadora est\u00e1ndar\" class=\"wp-image-620\" srcset=\"https:\/\/topfoodmachine.com\/wp-content\/uploads\/2023\/09\/Standard-Slicer-1.webp 720w, https:\/\/topfoodmachine.com\/wp-content\/uploads\/2023\/09\/Standard-Slicer-1-300x225.webp 300w\" sizes=\"auto, (max-width: 720px) 100vw, 720px\" \/><figcaption class=\"wp-element-caption\">Cortadora est\u00e1ndar<\/figcaption><\/figure>    <figure class=\"wp-block-image size-full\"><img loading=\"lazy\" decoding=\"async\" width=\"720\" height=\"540\" data-id=\"621\" src=\"https:\/\/topfoodmachine.com\/wp-content\/uploads\/2023\/09\/Special-Slicer-1.webp\" alt=\"Rebanadora especial\" class=\"wp-image-621\" srcset=\"https:\/\/topfoodmachine.com\/wp-content\/uploads\/2023\/09\/Special-Slicer-1.webp 720w, https:\/\/topfoodmachine.com\/wp-content\/uploads\/2023\/09\/Special-Slicer-1-300x225.webp 300w\" sizes=\"auto, (max-width: 720px) 100vw, 720px\" \/><figcaption class=\"wp-element-caption\">Rebanadora especial<\/figcaption><\/figure>    <figure class=\"wp-block-image size-full\"><img loading=\"lazy\" decoding=\"async\" width=\"720\" height=\"540\" data-id=\"622\" src=\"https:\/\/topfoodmachine.com\/wp-content\/uploads\/2023\/09\/Julienne-Slicer-1.webp\" alt=\"Cortadora en juliana\" class=\"wp-image-622\" srcset=\"https:\/\/topfoodmachine.com\/wp-content\/uploads\/2023\/09\/Julienne-Slicer-1.webp 720w, https:\/\/topfoodmachine.com\/wp-content\/uploads\/2023\/09\/Julienne-Slicer-1-300x225.webp 300w\" sizes=\"auto, (max-width: 720px) 100vw, 720px\" \/><figcaption class=\"wp-element-caption\">Cortadora en juliana<\/figcaption><\/figure>    <figure class=\"wp-block-image size-full\"><img loading=\"lazy\" decoding=\"async\" width=\"720\" height=\"540\" data-id=\"623\" src=\"https:\/\/topfoodmachine.com\/wp-content\/uploads\/2023\/09\/Dicing-Grid-1.webp\" alt=\"Cuadr\u00edcula para cortar en cubitos\" class=\"wp-image-623\" srcset=\"https:\/\/topfoodmachine.com\/wp-content\/uploads\/2023\/09\/Dicing-Grid-1.webp 720w, https:\/\/topfoodmachine.com\/wp-content\/uploads\/2023\/09\/Dicing-Grid-1-300x225.webp 300w\" sizes=\"auto, (max-width: 720px) 100vw, 720px\" \/><figcaption class=\"wp-element-caption\">Cuadr\u00edcula para cortar en cubitos<\/figcaption><\/figure> <\/figure>    <h2 class=\"wp-block-heading\">Par\u00e1metros de la cortadora de verduras el\u00e9ctrica.<\/h2>    <figure class=\"wp-block-table\"><table><tbody><tr><td>Voltaje<\/td><td>220V, 50HZ<\/td><\/tr><tr><td>Fuerza<\/td><td>0,75 kw<\/td><\/tr><tr><td>Tama\u00f1o<\/td><td>600*500*900<\/td><\/tr><tr><td>Peso<\/td><td>70kg<\/td><\/tr><tr><td>Capacidad<\/td><td>300-600kg\/hora<\/td><\/tr><tr><td>Productos terminados<\/td><td>tiras, cubos, rodajas<\/td><\/tr><\/tbody><\/table><\/figure>    <p>Adem\u00e1s, nuestras cuchillas para cortador de verduras se pueden personalizar para satisfacer diferentes necesidades.<\/p>    <p>El tama\u00f1o de las tiras podr\u00eda estar entre 2 y 5 mil\u00edmetros.<\/p>    <p>El tama\u00f1o de las rodajas podr\u00eda estar entre 2 y 20 mil\u00edmetros.<\/p>    <p>El tama\u00f1o de los cubos podr\u00eda ser 8,10,12,15,20 mil\u00edmetros.<\/p>    <figure class=\"wp-block-image size-full\"><img loading=\"lazy\" decoding=\"async\" width=\"720\" height=\"540\" src=\"https:\/\/topfoodmachine.com\/wp-content\/uploads\/2023\/09\/Different-blades-for-vegetable-cutters-3.webp\" alt=\"Diferentes cuchillas para cortadores de verduras.\" class=\"wp-image-624\" srcset=\"https:\/\/topfoodmachine.com\/wp-content\/uploads\/2023\/09\/Different-blades-for-vegetable-cutters-3.webp 720w, https:\/\/topfoodmachine.com\/wp-content\/uploads\/2023\/09\/Different-blades-for-vegetable-cutters-3-300x225.webp 300w\" sizes=\"auto, (max-width: 720px) 100vw, 720px\" \/><figcaption class=\"wp-element-caption\">Diferentes cuchillas para cortadores de verduras.<\/figcaption><\/figure>    <h2 class=\"wp-block-heading\">Precauciones para el uso del cortador de verduras el\u00e9ctrico.<\/h2>    <ol class=\"wp-block-list\"> <li>Preste atenci\u00f3n al di\u00e1metro m\u00e1ximo de los alimentos para evitar fallos en el corte debido a alimentos demasiado grandes.<\/li>    <li>Durante el uso, se debe tener cuidado para evitar que las manos entren en contacto con la hoja.<\/li>    <li>La velocidad de corte de la cuchilla no debe ajustarse demasiado r\u00e1pido para garantizar la integridad y la tasa de \u00e9xito de los ingredientes.<\/li>    <li>Despu\u00e9s de cortar la comida, la m\u00e1quina debe limpiarse a tiempo.<\/li> <\/ol>    <h2 class=\"wp-block-heading\">\u00bfPor qu\u00e9 elegir la m\u00e1quina cortadora de verduras de Taizy?<\/h2>    <p>Este cortador de verduras es la m\u00e1quina m\u00e1s vendida de nuestra empresa, exportada a Ghana, Congo, Etiop\u00eda, Namibia, Marruecos y otros pa\u00edses. Por lo tanto, tenemos un inventario considerable en stock y una entrega r\u00e1pida para evitar que esperes demasiado tiempo. Si necesitas hacer un pedido en grandes cantidades o trabajar con nosotros a largo plazo, obtendremos descuentos emocionantes para ti.<\/p>    <figure class=\"wp-block-image size-full\"><img loading=\"lazy\" decoding=\"async\" width=\"720\" height=\"540\" src=\"https:\/\/topfoodmachine.com\/wp-content\/uploads\/2023\/09\/The-Vegetable-Cutter-in-the-Warehouse-3.webp\" alt=\"El cortador de verduras en el almac\u00e9n\" class=\"wp-image-625\" srcset=\"https:\/\/topfoodmachine.com\/wp-content\/uploads\/2023\/09\/The-Vegetable-Cutter-in-the-Warehouse-3.webp 720w, https:\/\/topfoodmachine.com\/wp-content\/uploads\/2023\/09\/The-Vegetable-Cutter-in-the-Warehouse-3-300x225.webp 300w\" sizes=\"auto, (max-width: 720px) 100vw, 720px\" \/><figcaption class=\"wp-element-caption\">El cortador de verduras en el almac\u00e9n<\/figcaption><\/figure>","protected":false},"excerpt":{"rendered":"<p>El cortador de verduras es un aparato de cocina que se utiliza para cortar verduras, frutas y otros ingredientes. <\/p>","protected":false},"author":1,"featured_media":612,"parent":0,"template":"","tags":[],"product-type":[3],"class_list":["post-525","product","type-product","status-publish","has-post-thumbnail","hentry","product-type-fruit-vegetable-processing-machine"],"_links":{"self":[{"href":"https:\/\/topfoodmachine.com\/es\/wp-json\/wp\/v2\/product\/525","targetHints":{"allow":["GET"]}}],"collection":[{"href":"https:\/\/topfoodmachine.com\/es\/wp-json\/wp\/v2\/product"}],"about":[{"href":"https:\/\/topfoodmachine.com\/es\/wp-json\/wp\/v2\/types\/product"}],"author":[{"embeddable":true,"href":"https:\/\/topfoodmachine.com\/es\/wp-json\/wp\/v2\/users\/1"}],"wp:featuredmedia":[{"embeddable":true,"href":"https:\/\/topfoodmachine.com\/es\/wp-json\/wp\/v2\/media\/612"}],"wp:attachment":[{"href":"https:\/\/topfoodmachine.com\/es\/wp-json\/wp\/v2\/media?parent=525"}],"wp:term":[{"taxonomy":"post_tag","embeddable":true,"href":"https:\/\/topfoodmachine.com\/es\/wp-json\/wp\/v2\/tags?post=525"},{"taxonomy":"product-type","embeddable":true,"href":"https:\/\/topfoodmachine.com\/es\/wp-json\/wp\/v2\/product-type?post=525"}],"curies":[{"name":"wp","href":"https:\/\/api.w.org\/{rel}","templated":true}]}}