{"id":505,"date":"2023-09-21T14:58:15","date_gmt":"2023-09-21T06:58:15","guid":{"rendered":"https:\/\/topfoodmachine.com\/?post_type=product&#038;p=505"},"modified":"2023-09-21T14:58:16","modified_gmt":"2023-09-21T06:58:16","slug":"banana-slicer-machine","status":"publish","type":"product","link":"https:\/\/topfoodmachine.com\/es\/product\/banana-slicer-machine\/","title":{"rendered":"M\u00e1quina cortadora de pl\u00e1tano"},"content":{"rendered":"<div class=\"kk-star-ratings kksr-auto kksr-align-left kksr-valign-top\"     data-payload='{&quot;align&quot;:&quot;left&quot;,&quot;id&quot;:&quot;505&quot;,&quot;slug&quot;:&quot;default&quot;,&quot;valign&quot;:&quot;top&quot;,&quot;ignore&quot;:&quot;&quot;,&quot;reference&quot;:&quot;auto&quot;,&quot;class&quot;:&quot;&quot;,&quot;count&quot;:&quot;24&quot;,&quot;legendonly&quot;:&quot;&quot;,&quot;readonly&quot;:&quot;&quot;,&quot;score&quot;:&quot;4.8&quot;,&quot;starsonly&quot;:&quot;&quot;,&quot;best&quot;:&quot;5&quot;,&quot;gap&quot;:&quot;5&quot;,&quot;greet&quot;:&quot;Rate this product&quot;,&quot;legend&quot;:&quot;4.8\\\/5 - (24 votos)&quot;,&quot;size&quot;:&quot;24&quot;,&quot;title&quot;:&quot;Banana Slicer Machine&quot;,&quot;width&quot;:&quot;136.7&quot;,&quot;_legend&quot;:&quot;{score}\\\/{best} - ({count} {votes})&quot;,&quot;font_factor&quot;:&quot;1.25&quot;}'>              <div class=\"kksr-stars\">      <div class=\"kksr-stars-inactive\">             <div class=\"kksr-star\" data-star=\"1\" style=\"padding-right: 5px\">               <div class=\"kksr-icon\" style=\"width: 24px; height: 24px;\"><\/div>         <\/div>             <div class=\"kksr-star\" data-star=\"2\" style=\"padding-right: 5px\">               <div class=\"kksr-icon\" style=\"width: 24px; height: 24px;\"><\/div>         <\/div>             <div class=\"kksr-star\" data-star=\"3\" style=\"padding-right: 5px\">               <div class=\"kksr-icon\" style=\"width: 24px; height: 24px;\"><\/div>         <\/div>             <div class=\"kksr-star\" data-star=\"4\" style=\"padding-right: 5px\">               <div class=\"kksr-icon\" style=\"width: 24px; height: 24px;\"><\/div>         <\/div>             <div class=\"kksr-star\" data-star=\"5\" style=\"padding-right: 5px\">               <div class=\"kksr-icon\" style=\"width: 24px; height: 24px;\"><\/div>         <\/div>     <\/div>      <div class=\"kksr-stars-active\" style=\"width: 136.7px;\">             <div class=\"kksr-star\" style=\"padding-right: 5px\">               <div class=\"kksr-icon\" style=\"width: 24px; height: 24px;\"><\/div>         <\/div>             <div class=\"kksr-star\" style=\"padding-right: 5px\">               <div class=\"kksr-icon\" style=\"width: 24px; height: 24px;\"><\/div>         <\/div>             <div class=\"kksr-star\" style=\"padding-right: 5px\">               <div class=\"kksr-icon\" style=\"width: 24px; height: 24px;\"><\/div>         <\/div>             <div class=\"kksr-star\" style=\"padding-right: 5px\">               <div class=\"kksr-icon\" style=\"width: 24px; height: 24px;\"><\/div>         <\/div>             <div class=\"kksr-star\" style=\"padding-right: 5px\">               <div class=\"kksr-icon\" style=\"width: 24px; height: 24px;\"><\/div>         <\/div>     <\/div> <\/div>                   <div class=\"kksr-legend\" style=\"font-size: 19.2px;\">             4,8\/5 - (24 votos)    <\/div>     <\/div>  <p>La cortadora de pl\u00e1tanos es un equipo que corta los pl\u00e1tanos en rodajas de forma r\u00e1pida y sencilla. El cortador de pl\u00e1tanos consta de una cuchilla, un motor y un recipiente, por lo que es adecuado para cocinas que necesitan cortar grandes cantidades de pl\u00e1tanos, como restaurantes y hoteles. Tiene m\u00faltiples puertos de alimentaci\u00f3n de diferentes di\u00e1metros, por lo que puedes elegir usarlos seg\u00fan los diferentes tama\u00f1os de los ingredientes.<\/p>    <p>Incluso los cocineros sin experiencia pueden utilizar con seguridad esta apreciada herramienta para aperitivos o ensaladas de frutas. Corta r\u00e1pidamente pl\u00e1tanos firmes en rodajas perfectas. \u00a1Ideal como aderezo para cereales o s\u00e1ndwiches, o secar rodajas de pl\u00e1tano en un deshidratador de alimentos para hacer deliciosos chips de pl\u00e1tano caseros!<\/p>    <h2 class=\"wp-block-heading\">Diferentes modelos de m\u00e1quina cortadora.<\/h2>    <p>Tenemos dos tipos de m\u00e1quinas cortadoras para que usted elija. El primer modelo es una m\u00e1quina que puede cortar ingredientes en formas redondas y puede usarse para otros ingredientes adem\u00e1s de los pl\u00e1tanos, como pomelos, kiwis, naranjas, pitahayas, limones, etc.<\/p>    <figure class=\"wp-block-gallery has-nested-images columns-default is-cropped wp-block-gallery-2 is-layout-flex wp-block-gallery-is-layout-flex\"> <figure class=\"wp-block-image size-large\"><img loading=\"lazy\" decoding=\"async\" width=\"720\" height=\"540\" data-id=\"522\" src=\"https:\/\/topfoodmachine.com\/wp-content\/uploads\/2023\/09\/Banana-Slicer-2.webp\" alt=\"\" class=\"wp-image-522\" srcset=\"https:\/\/topfoodmachine.com\/wp-content\/uploads\/2023\/09\/Banana-Slicer-2.webp 720w, https:\/\/topfoodmachine.com\/wp-content\/uploads\/2023\/09\/Banana-Slicer-2-300x225.webp 300w\" sizes=\"auto, (max-width: 720px) 100vw, 720px\" \/><figcaption class=\"wp-element-caption\">Cortadora de pl\u00e1tano<\/figcaption><\/figure>    <figure class=\"wp-block-image size-large\"><img loading=\"lazy\" decoding=\"async\" width=\"720\" height=\"540\" data-id=\"521\" src=\"https:\/\/topfoodmachine.com\/wp-content\/uploads\/2023\/09\/Banana-Slicer-Feeder-2.webp\" alt=\"\" class=\"wp-image-521\" srcset=\"https:\/\/topfoodmachine.com\/wp-content\/uploads\/2023\/09\/Banana-Slicer-Feeder-2.webp 720w, https:\/\/topfoodmachine.com\/wp-content\/uploads\/2023\/09\/Banana-Slicer-Feeder-2-300x225.webp 300w\" sizes=\"auto, (max-width: 720px) 100vw, 720px\" \/><figcaption class=\"wp-element-caption\">Alimentador de cortadora de pl\u00e1tano<\/figcaption><\/figure>    <figure class=\"wp-block-image size-large\"><img loading=\"lazy\" decoding=\"async\" width=\"720\" height=\"540\" data-id=\"520\" src=\"https:\/\/topfoodmachine.com\/wp-content\/uploads\/2023\/09\/Banana-Slicer-Blade-2.webp\" alt=\"\" class=\"wp-image-520\" srcset=\"https:\/\/topfoodmachine.com\/wp-content\/uploads\/2023\/09\/Banana-Slicer-Blade-2.webp 720w, https:\/\/topfoodmachine.com\/wp-content\/uploads\/2023\/09\/Banana-Slicer-Blade-2-300x225.webp 300w\" sizes=\"auto, (max-width: 720px) 100vw, 720px\" \/><figcaption class=\"wp-element-caption\">Cuchilla cortadora de pl\u00e1tano<\/figcaption><\/figure> <\/figure>    <figure class=\"wp-block-gallery has-nested-images columns-default is-cropped wp-block-gallery-3 is-layout-flex wp-block-gallery-is-layout-flex\"> <figure class=\"wp-block-image size-large\"><img loading=\"lazy\" decoding=\"async\" width=\"720\" height=\"540\" data-id=\"512\" src=\"https:\/\/topfoodmachine.com\/wp-content\/uploads\/2023\/09\/Fried-Banana-Chips.webp\" alt=\"\" class=\"wp-image-512\" srcset=\"https:\/\/topfoodmachine.com\/wp-content\/uploads\/2023\/09\/Fried-Banana-Chips.webp 720w, https:\/\/topfoodmachine.com\/wp-content\/uploads\/2023\/09\/Fried-Banana-Chips-300x225.webp 300w\" sizes=\"auto, (max-width: 720px) 100vw, 720px\" \/><figcaption class=\"wp-element-caption\">Chips de pl\u00e1tano frito<\/figcaption><\/figure>    <figure class=\"wp-block-image size-large\"><img loading=\"lazy\" decoding=\"async\" width=\"720\" height=\"540\" data-id=\"513\" src=\"https:\/\/topfoodmachine.com\/wp-content\/uploads\/2023\/09\/Other-Raw-Materials.webp\" alt=\"\" class=\"wp-image-513\" srcset=\"https:\/\/topfoodmachine.com\/wp-content\/uploads\/2023\/09\/Other-Raw-Materials.webp 720w, https:\/\/topfoodmachine.com\/wp-content\/uploads\/2023\/09\/Other-Raw-Materials-300x225.webp 300w\" sizes=\"auto, (max-width: 720px) 100vw, 720px\" \/><figcaption class=\"wp-element-caption\">Otras materias primas<\/figcaption><\/figure> <\/figure>    <p>El segundo modelo es una m\u00e1quina que corta ingredientes en tiras verticales y que tambi\u00e9n se puede utilizar para procesar alimentos vegetales, como el jengibre.<\/p>    <p>Tiene una entrada de alimentaci\u00f3n de amplio di\u00e1metro para una amplia gama de ingredientes que desee procesar.<\/p>    <figure class=\"wp-block-gallery has-nested-images columns-default is-cropped wp-block-gallery-4 is-layout-flex wp-block-gallery-is-layout-flex\"> <figure class=\"wp-block-image size-large\"><img loading=\"lazy\" decoding=\"async\" width=\"720\" height=\"540\" data-id=\"523\" src=\"https:\/\/topfoodmachine.com\/wp-content\/uploads\/2023\/09\/Automatic-Banana-Chips-Slicing-Machine-for-Sale-1.webp\" alt=\"\" class=\"wp-image-523\" srcset=\"https:\/\/topfoodmachine.com\/wp-content\/uploads\/2023\/09\/Automatic-Banana-Chips-Slicing-Machine-for-Sale-1.webp 720w, https:\/\/topfoodmachine.com\/wp-content\/uploads\/2023\/09\/Automatic-Banana-Chips-Slicing-Machine-for-Sale-1-300x225.webp 300w\" sizes=\"auto, (max-width: 720px) 100vw, 720px\" \/><figcaption class=\"wp-element-caption\">M\u00e1quina cortadora autom\u00e1tica de chips de pl\u00e1tano a la venta<\/figcaption><\/figure>    <figure class=\"wp-block-image size-large\"><img loading=\"lazy\" decoding=\"async\" width=\"720\" height=\"540\" data-id=\"524\" src=\"https:\/\/topfoodmachine.com\/wp-content\/uploads\/2023\/09\/Banana-Slicer-Machine-1.webp\" alt=\"\" class=\"wp-image-524\" srcset=\"https:\/\/topfoodmachine.com\/wp-content\/uploads\/2023\/09\/Banana-Slicer-Machine-1.webp 720w, https:\/\/topfoodmachine.com\/wp-content\/uploads\/2023\/09\/Banana-Slicer-Machine-1-300x225.webp 300w\" sizes=\"auto, (max-width: 720px) 100vw, 720px\" \/><figcaption class=\"wp-element-caption\">M\u00e1quina cortadora de pl\u00e1tano<\/figcaption><\/figure> <\/figure>    <figure class=\"wp-block-gallery has-nested-images columns-default is-cropped wp-block-gallery-5 is-layout-flex wp-block-gallery-is-layout-flex\"> <figure class=\"wp-block-image size-large\"><img loading=\"lazy\" decoding=\"async\" width=\"720\" height=\"540\" data-id=\"514\" src=\"https:\/\/topfoodmachine.com\/wp-content\/uploads\/2023\/09\/Fried-Banana-Slices.webp\" alt=\"\" class=\"wp-image-514\" srcset=\"https:\/\/topfoodmachine.com\/wp-content\/uploads\/2023\/09\/Fried-Banana-Slices.webp 720w, https:\/\/topfoodmachine.com\/wp-content\/uploads\/2023\/09\/Fried-Banana-Slices-300x225.webp 300w\" sizes=\"auto, (max-width: 720px) 100vw, 720px\" \/><figcaption class=\"wp-element-caption\">Rebanadas de Pl\u00e1tano Frito<\/figcaption><\/figure>    <figure class=\"wp-block-image size-large\"><img loading=\"lazy\" decoding=\"async\" width=\"720\" height=\"540\" data-id=\"515\" src=\"https:\/\/topfoodmachine.com\/wp-content\/uploads\/2023\/09\/Ginger-Slices.webp\" alt=\"\" class=\"wp-image-515\" srcset=\"https:\/\/topfoodmachine.com\/wp-content\/uploads\/2023\/09\/Ginger-Slices.webp 720w, https:\/\/topfoodmachine.com\/wp-content\/uploads\/2023\/09\/Ginger-Slices-300x225.webp 300w\" sizes=\"auto, (max-width: 720px) 100vw, 720px\" \/><figcaption class=\"wp-element-caption\">Rodajas de jengibre<\/figcaption><\/figure> <\/figure>    <h2 class=\"wp-block-heading\">\u00bfC\u00f3mo elegir los ingredientes?<\/h2>    <p>A la hora de elegir los ingredientes, es importante tener en cuenta que se deben elegir pl\u00e1tanos verdes en lugar de pl\u00e1tanos amarillos que ya est\u00e9n maduros.<\/p>    <p>Debido a que el material de nuestro cortador de pl\u00e1tanos es acero inoxidable 304, que es relativamente duro, no es f\u00e1cil que se forme en el proceso al elegir ingredientes m\u00e1s blandos.<\/p>    <figure class=\"wp-block-image size-full\"><img loading=\"lazy\" decoding=\"async\" width=\"720\" height=\"540\" src=\"https:\/\/topfoodmachine.com\/wp-content\/uploads\/2023\/09\/Banana-Selection.webp\" alt=\"Selecci\u00f3n de pl\u00e1tano\" class=\"wp-image-516\" srcset=\"https:\/\/topfoodmachine.com\/wp-content\/uploads\/2023\/09\/Banana-Selection.webp 720w, https:\/\/topfoodmachine.com\/wp-content\/uploads\/2023\/09\/Banana-Selection-300x225.webp 300w\" sizes=\"auto, (max-width: 720px) 100vw, 720px\" \/><figcaption class=\"wp-element-caption\">Selecci\u00f3n de pl\u00e1tano<\/figcaption><\/figure>    <h2 class=\"wp-block-heading\">Ventajas de la cortadora de pl\u00e1tanos de acero inoxidable<\/h2>    <ul class=\"wp-block-list\"> <li>Principio de corte centr\u00edfugo, superficie de corte suave, sin da\u00f1o al tejido corporal, sin impacto en el sabor.<\/li>    <li>Puede cortar innumerables trozos y rodajas, y el producto terminado puede ser tan largo como la materia prima.<\/li>    <li>Hay un dispositivo sensor de infrarrojos que detendr\u00e1 la operaci\u00f3n si la puerta se abre por error durante la operaci\u00f3n.<\/li>    <li>Toda la m\u00e1quina est\u00e1 fabricada en Taiw\u00e1n, con excelente calidad y precio.<\/li> <\/ul>    <h2 class=\"wp-block-heading\">\u00bfC\u00f3mo utilizar la cortadora de pl\u00e1tanos el\u00e9ctrica?<\/h2>    <ol class=\"wp-block-list\"> <li>Lavar y pelar los pl\u00e1tanos.<\/li>    <li>Coloca el pl\u00e1tano en el recipiente.<\/li>    <li>Encienda la alimentaci\u00f3n y la cuchilla girar\u00e1 y cortar\u00e1 el pl\u00e1tano en rodajas.<\/li>    <li>El pl\u00e1tano en rodajas se descargar\u00e1 por el otro extremo del recipiente.<\/li> <\/ol>    <h2 class=\"wp-block-heading\">Mantenimiento de la cortadora de pl\u00e1tanos.<\/h2>    <p>Las cuchillas y el recipiente del cortador de pl\u00e1tanos el\u00e9ctrico son extra\u00edbles para facilitar su limpieza. A la hora de limpiar, puedes utilizar el lavavajillas o lavar a mano.<\/p>    <h2 class=\"wp-block-heading\">\u00bfCu\u00e1les son las precauciones al usar una cortadora de pl\u00e1tanos?<\/h2>    <p>Lea atentamente las instrucciones antes de usar.<br>Al usarlo, use guantes para evitar cortarse con la hoja.<br>Despu\u00e9s de su uso, l\u00edmpielo a tiempo para evitar que la hoja se oxide.<\/p>    <h2 class=\"wp-block-heading\">\u00bfPara qui\u00e9n es adecuada la cortadora de pl\u00e1tanos?<\/h2>    <p>Este producto es principalmente adecuado para grandes plantas procesadoras de alimentos, grandes cadenas de supermercados y restaurantes de comida r\u00e1pida. Nuestras m\u00e1quinas son peque\u00f1as en tama\u00f1o pero potentes en rendimiento y pueden satisfacer las necesidades de producci\u00f3n y procesamiento en masa.<\/p>    <p>Si compra al por mayor, podemos obtener el mayor descuento para usted. \u00a1Bienvenido a tener una comprensi\u00f3n detallada del producto!<\/p>","protected":false},"excerpt":{"rendered":"<p>El cortador de pl\u00e1tanos es un aparato de cocina que corta los pl\u00e1tanos en rodajas de forma r\u00e1pida y sencilla. El cortador de pl\u00e1tanos consta de una cuchilla, un motor y un recipiente, por lo que es apto para cocinas.<\/p>","protected":false},"author":1,"featured_media":506,"parent":0,"template":"","tags":[],"product-type":[3],"class_list":["post-505","product","type-product","status-publish","has-post-thumbnail","hentry","product-type-fruit-vegetable-processing-machine"],"_links":{"self":[{"href":"https:\/\/topfoodmachine.com\/es\/wp-json\/wp\/v2\/product\/505","targetHints":{"allow":["GET"]}}],"collection":[{"href":"https:\/\/topfoodmachine.com\/es\/wp-json\/wp\/v2\/product"}],"about":[{"href":"https:\/\/topfoodmachine.com\/es\/wp-json\/wp\/v2\/types\/product"}],"author":[{"embeddable":true,"href":"https:\/\/topfoodmachine.com\/es\/wp-json\/wp\/v2\/users\/1"}],"wp:featuredmedia":[{"embeddable":true,"href":"https:\/\/topfoodmachine.com\/es\/wp-json\/wp\/v2\/media\/506"}],"wp:attachment":[{"href":"https:\/\/topfoodmachine.com\/es\/wp-json\/wp\/v2\/media?parent=505"}],"wp:term":[{"taxonomy":"post_tag","embeddable":true,"href":"https:\/\/topfoodmachine.com\/es\/wp-json\/wp\/v2\/tags?post=505"},{"taxonomy":"product-type","embeddable":true,"href":"https:\/\/topfoodmachine.com\/es\/wp-json\/wp\/v2\/product-type?post=505"}],"curies":[{"name":"wp","href":"https:\/\/api.w.org\/{rel}","templated":true}]}}