{"id":437,"date":"2023-06-05T15:04:07","date_gmt":"2023-06-05T07:04:07","guid":{"rendered":"https:\/\/topfoodmachine.com\/?post_type=product&#038;p=437"},"modified":"2023-06-05T15:19:55","modified_gmt":"2023-06-05T07:19:55","slug":"sausage-production-line","status":"publish","type":"product","link":"https:\/\/topfoodmachine.com\/es\/product\/sausage-production-line\/","title":{"rendered":"L\u00ednea de producci\u00f3n de salchichas"},"content":{"rendered":"<div class=\"kk-star-ratings kksr-auto kksr-align-left kksr-valign-top\"     data-payload='{&quot;align&quot;:&quot;left&quot;,&quot;id&quot;:&quot;437&quot;,&quot;slug&quot;:&quot;default&quot;,&quot;valign&quot;:&quot;top&quot;,&quot;ignore&quot;:&quot;&quot;,&quot;reference&quot;:&quot;auto&quot;,&quot;class&quot;:&quot;&quot;,&quot;count&quot;:&quot;30&quot;,&quot;legendonly&quot;:&quot;&quot;,&quot;readonly&quot;:&quot;&quot;,&quot;score&quot;:&quot;4.6&quot;,&quot;starsonly&quot;:&quot;&quot;,&quot;best&quot;:&quot;5&quot;,&quot;gap&quot;:&quot;5&quot;,&quot;greet&quot;:&quot;Rate this product&quot;,&quot;legend&quot;:&quot;4.6\\\/5 - (30 votos)&quot;,&quot;size&quot;:&quot;24&quot;,&quot;title&quot;:&quot;Sausage Production Line&quot;,&quot;width&quot;:&quot;130.9&quot;,&quot;_legend&quot;:&quot;{score}\\\/{best} - ({count} {votes})&quot;,&quot;font_factor&quot;:&quot;1.25&quot;}'>              <div class=\"kksr-stars\">      <div class=\"kksr-stars-inactive\">             <div class=\"kksr-star\" data-star=\"1\" style=\"padding-right: 5px\">               <div class=\"kksr-icon\" style=\"width: 24px; height: 24px;\"><\/div>         <\/div>             <div class=\"kksr-star\" data-star=\"2\" style=\"padding-right: 5px\">               <div class=\"kksr-icon\" style=\"width: 24px; height: 24px;\"><\/div>         <\/div>             <div class=\"kksr-star\" data-star=\"3\" style=\"padding-right: 5px\">               <div class=\"kksr-icon\" style=\"width: 24px; height: 24px;\"><\/div>         <\/div>             <div class=\"kksr-star\" data-star=\"4\" style=\"padding-right: 5px\">               <div class=\"kksr-icon\" style=\"width: 24px; height: 24px;\"><\/div>         <\/div>             <div class=\"kksr-star\" data-star=\"5\" style=\"padding-right: 5px\">               <div class=\"kksr-icon\" style=\"width: 24px; height: 24px;\"><\/div>         <\/div>     <\/div>      <div class=\"kksr-stars-active\" style=\"width: 130.9px;\">             <div class=\"kksr-star\" style=\"padding-right: 5px\">               <div class=\"kksr-icon\" style=\"width: 24px; height: 24px;\"><\/div>         <\/div>             <div class=\"kksr-star\" style=\"padding-right: 5px\">               <div class=\"kksr-icon\" style=\"width: 24px; height: 24px;\"><\/div>         <\/div>             <div class=\"kksr-star\" style=\"padding-right: 5px\">               <div class=\"kksr-icon\" style=\"width: 24px; height: 24px;\"><\/div>         <\/div>             <div class=\"kksr-star\" style=\"padding-right: 5px\">               <div class=\"kksr-icon\" style=\"width: 24px; height: 24px;\"><\/div>         <\/div>             <div class=\"kksr-star\" style=\"padding-right: 5px\">               <div class=\"kksr-icon\" style=\"width: 24px; height: 24px;\"><\/div>         <\/div>     <\/div> <\/div>                   <div class=\"kksr-legend\" style=\"font-size: 19.2px;\">             4,6\/5 - (30 votos)    <\/div>     <\/div>  <p>Una l\u00ednea de producci\u00f3n de salchichas significa una serie de m\u00e1quinas y equipos interconectados que se utilizan para fabricar salchichas de manera eficiente y autom\u00e1tica. Implica varios pasos desde la preparaci\u00f3n del material hasta el embalaje del producto final.<\/p>    <p>Somos un fabricante y exportador profesional de l\u00edneas de m\u00e1quinas para hacer salchichas. Todas nuestras m\u00e1quinas utilizan materiales duraderos y tecnolog\u00eda avanzada. Adem\u00e1s, todo el equipo de nuestra parte disfruta de 12 meses de garant\u00eda y un excelente servicio postventa. Si buscas una l\u00ednea de producci\u00f3n de salchichas confiable, bienvenido a contactarnos para m\u00e1s detalles \u00fatiles sobre las m\u00e1quinas y una lista de precios gratuita.<\/p>    <figure class=\"wp-block-image size-full\"><img loading=\"lazy\" decoding=\"async\" width=\"720\" height=\"540\" src=\"https:\/\/topfoodmachine.com\/wp-content\/uploads\/2023\/06\/sausage-production-line.jpg\" alt=\"l\u00ednea de producci\u00f3n de salchichas\" class=\"wp-image-438\" srcset=\"https:\/\/topfoodmachine.com\/wp-content\/uploads\/2023\/06\/sausage-production-line.jpg 720w, https:\/\/topfoodmachine.com\/wp-content\/uploads\/2023\/06\/sausage-production-line-300x225.jpg 300w\" sizes=\"auto, (max-width: 720px) 100vw, 720px\" \/><figcaption class=\"wp-element-caption\">l\u00ednea de producci\u00f3n de salchichas<\/figcaption><\/figure>    <h2 class=\"wp-block-heading\">Breve introducci\u00f3n a las salchichas y su popularidad.<\/h2>    <p>Las salchichas son un alimento popular a nivel mundial, apreciado por su delicioso sabor y versatilidad. Tienen una rica historia y han evolucionado hacia una amplia variedad de sabores, formas y tama\u00f1os en diferentes culturas. Desde el desayuno hasta la cena, las salchichas ofrecen comodidad, ya que se pueden cocinar r\u00e1pidamente de varias maneras, como asar, fre\u00edr, hornear o hervir. Sus sabores ricos y sabrosos, a menudo realzados con especias y condimentos, los convierten en la opci\u00f3n favorita de los amantes de la carne.<\/p>    <p>Las salchichas son una caracter\u00edstica com\u00fan en muchas cocinas de todo el mundo y aparecen en platos como hot dogs, rollitos de salchicha y kebabs. Su atractivo global y su capacidad para adaptarse a diferentes tradiciones culinarias han contribuido a su perdurable popularidad.<\/p>    <figure class=\"wp-block-image size-full\"><img loading=\"lazy\" decoding=\"async\" width=\"550\" height=\"350\" src=\"https:\/\/topfoodmachine.com\/wp-content\/uploads\/2023\/06\/sausage.jpg\" alt=\"salchicha\" class=\"wp-image-439\" srcset=\"https:\/\/topfoodmachine.com\/wp-content\/uploads\/2023\/06\/sausage.jpg 550w, https:\/\/topfoodmachine.com\/wp-content\/uploads\/2023\/06\/sausage-300x191.jpg 300w\" sizes=\"auto, (max-width: 550px) 100vw, 550px\" \/><figcaption class=\"wp-element-caption\">salchicha<\/figcaption><\/figure>    <h2 class=\"wp-block-heading\">tipos de salchicha<\/h2>    <p>La bratwurst, originaria de Alemania, es una salchicha condimentada de cerdo, ternera o ternera, mientras que el chorizo, popular en Espa\u00f1a y Am\u00e9rica Latina, ofrece un perfil picante y ahumado. Las salchichas italianas, con variaciones dulces y picantes, son salchichas de cerdo condimentadas que se utilizan habitualmente en la cocina italiana. Andouille, una salchicha ahumada de Luisiana, a\u00f1ade un sabor intenso a los platos criollos y caj\u00fan. La kielbasa polaca es una salchicha vers\u00e1til con variaciones como fresca y ahumada, mientras que las salchichas para el desayuno son peque\u00f1as salchichas de cerdo condimentadas que se disfrutan como parte del desayuno. Estos son s\u00f3lo algunos ejemplos de los diversos y deliciosos tipos de salchichas que se encuentran en todo el mundo.<\/p>    <h2 class=\"wp-block-heading\">Pasos del procesamiento de producci\u00f3n de salchichas.<\/h2>    <p>En esta parte, comprender\u00e1 los pasos de procesamiento de producci\u00f3n de salchichas est\u00e1ndar y los pasos principales utilizados para producir salchichas son los siguientes:<br>1. Preparaci\u00f3n de materias primas: Selecci\u00f3n y preparaci\u00f3n de materias primas de alta calidad, como carnes y grasas, para la elaboraci\u00f3n de embutidos.<br>2. Moler la carne: El siguiente paso es moler la carne hasta lograr la consistencia y textura deseada para las salchichas.<br>3. Mezclar los ingredientes: Despu\u00e9s de moler, la carne se mezcla con especias, condimentos y otros ingredientes para crear una mezcla de salchicha bien mezclada.<br>4. Relleno y relleno de las salchichas: Luego se embute la mezcla de salchichas en tripas o tubos, procurando que la mezcla se distribuya uniformemente para formar salchichas de la forma y tama\u00f1o deseado.<br>5. Ahumado: Una vez que las salchichas est\u00e1n llenas, pueden someterse al proceso de ahumado para realzar el sabor y proporcionar un sabor ahumado distintivo. Este paso es particularmente com\u00fan para ciertos tipos de embutidos.<br>6. Envasado y almacenamiento: El \u00faltimo paso consiste en envasar las salchichas para su distribuci\u00f3n y almacenamiento. Por lo general, esto incluye sellar las salchichas en materiales de embalaje adecuados para mantener la frescura y prolongar la vida \u00fatil.<\/p>    <figure class=\"wp-block-image size-full\"><img loading=\"lazy\" decoding=\"async\" width=\"800\" height=\"800\" src=\"https:\/\/topfoodmachine.com\/wp-content\/uploads\/2023\/06\/sausage-processing-line.jpg\" alt=\"l\u00ednea de procesamiento de salchichas\" class=\"wp-image-440\" srcset=\"https:\/\/topfoodmachine.com\/wp-content\/uploads\/2023\/06\/sausage-processing-line.jpg 800w, https:\/\/topfoodmachine.com\/wp-content\/uploads\/2023\/06\/sausage-processing-line-300x300.jpg 300w, https:\/\/topfoodmachine.com\/wp-content\/uploads\/2023\/06\/sausage-processing-line-150x150.jpg 150w, https:\/\/topfoodmachine.com\/wp-content\/uploads\/2023\/06\/sausage-processing-line-768x768.jpg 768w\" sizes=\"auto, (max-width: 800px) 100vw, 800px\" \/><figcaption class=\"wp-element-caption\">l\u00ednea de procesamiento de salchichas<\/figcaption><\/figure>    <h2 class=\"wp-block-heading\">Principales m\u00e1quinas de la l\u00ednea de producci\u00f3n de embutidos.<\/h2>    <p>Una l\u00ednea de producci\u00f3n de salchichas es una serie de m\u00e1quinas individuales, que incluyen una m\u00e1quina cortadora de carne, una m\u00e1quina trituradora de carne, una m\u00e1quina mezcladora de salchichas, una m\u00e1quina embutidora de salchichas, un horno para salchichas ahumadas y un sellador al vac\u00edo.<\/p>    <h3 class=\"wp-block-heading\">maquina cortadora de carne<\/h3>    <p>Esta m\u00e1quina se utiliza para cortar y preparar la carne en trozos m\u00e1s peque\u00f1os aptos para triturar y mezclar.<\/p>    <figure class=\"wp-block-image size-full\"><img loading=\"lazy\" decoding=\"async\" width=\"550\" height=\"350\" src=\"https:\/\/topfoodmachine.com\/wp-content\/uploads\/2023\/06\/meat-cutter-and-mixer.jpg\" alt=\"cortadora y mezcladora de carne\" class=\"wp-image-441\" srcset=\"https:\/\/topfoodmachine.com\/wp-content\/uploads\/2023\/06\/meat-cutter-and-mixer.jpg 550w, https:\/\/topfoodmachine.com\/wp-content\/uploads\/2023\/06\/meat-cutter-and-mixer-300x191.jpg 300w\" sizes=\"auto, (max-width: 550px) 100vw, 550px\" \/><figcaption class=\"wp-element-caption\">cortadora y mezcladora de carne<\/figcaption><\/figure>    <h3 class=\"wp-block-heading\">picadora de carne<\/h3>    <p>Es una m\u00e1quina equipada con cuchillas giratorias que muelen la carne hasta obtener la consistencia deseada. Asegura uniformidad y textura en la mezcla de embutidos.<\/p>    <figure class=\"wp-block-image size-full\"><img loading=\"lazy\" decoding=\"async\" width=\"550\" height=\"350\" src=\"https:\/\/topfoodmachine.com\/wp-content\/uploads\/2023\/06\/meat-grinding-machine.jpg\" alt=\"maquina para picar carne\" class=\"wp-image-442\" srcset=\"https:\/\/topfoodmachine.com\/wp-content\/uploads\/2023\/06\/meat-grinding-machine.jpg 550w, https:\/\/topfoodmachine.com\/wp-content\/uploads\/2023\/06\/meat-grinding-machine-300x191.jpg 300w\" sizes=\"auto, (max-width: 550px) 100vw, 550px\" \/><figcaption class=\"wp-element-caption\">maquina para picar carne<\/figcaption><\/figure>    <h3 class=\"wp-block-heading\">M\u00e1quina mezcladora de salchichas<\/h3>    <p>Esta m\u00e1quina est\u00e1 dise\u00f1ada para mezclar bien la carne molida con especias, condimentos y otros ingredientes. Asegura una distribuci\u00f3n homog\u00e9nea de sabores e ingredientes.<\/p>    <h3 class=\"wp-block-heading\">M\u00e1quina embutidora de salchichas<\/h3>    <p>Es una m\u00e1quina especializada que se utiliza para llenar la mezcla de salchichas en tripas o tubos. Proporciona una presi\u00f3n controlada para llenar uniformemente las tripas con la cantidad deseada de mezcla de salchicha.<\/p>    <figure class=\"wp-block-image size-full\"><img loading=\"lazy\" decoding=\"async\" width=\"550\" height=\"350\" src=\"https:\/\/topfoodmachine.com\/wp-content\/uploads\/2023\/06\/sausage-stuffing-machine.jpg\" alt=\"m\u00e1quina de embutir salchichas\" class=\"wp-image-445\" srcset=\"https:\/\/topfoodmachine.com\/wp-content\/uploads\/2023\/06\/sausage-stuffing-machine.jpg 550w, https:\/\/topfoodmachine.com\/wp-content\/uploads\/2023\/06\/sausage-stuffing-machine-300x191.jpg 300w\" sizes=\"auto, (max-width: 550px) 100vw, 550px\" \/><figcaption class=\"wp-element-caption\">m\u00e1quina de embutir salchichas<\/figcaption><\/figure>    <h2 class=\"wp-block-heading\">Horno de salchichas ahumadas<\/h2>    <p>Esta m\u00e1quina se utiliza para el proceso de ahumado. Genera humo y proporciona temperatura y flujo de aire controlados para impartir un sabor ahumado a las salchichas. Puede equiparse con varios m\u00e9todos de ahumado, como ahumado en caliente o ahumado en fr\u00edo.<\/p>    <figure class=\"wp-block-image size-full\"><img loading=\"lazy\" decoding=\"async\" width=\"550\" height=\"350\" src=\"https:\/\/topfoodmachine.com\/wp-content\/uploads\/2023\/06\/smoked-sausage-oven.jpg\" alt=\"horno para salchichas ahumadas\" class=\"wp-image-444\" srcset=\"https:\/\/topfoodmachine.com\/wp-content\/uploads\/2023\/06\/smoked-sausage-oven.jpg 550w, https:\/\/topfoodmachine.com\/wp-content\/uploads\/2023\/06\/smoked-sausage-oven-300x191.jpg 300w\" sizes=\"auto, (max-width: 550px) 100vw, 550px\" \/><figcaption class=\"wp-element-caption\">horno para salchichas ahumadas<\/figcaption><\/figure>    <h2 class=\"wp-block-heading\">Sellador al vac\u00edo<\/h2>    <p>Se utiliza para envasar las salchichas eliminando el aire del envase para crear un sello al vac\u00edo. Esto ayuda a preservar la frescura y prolongar la vida \u00fatil de las salchichas.<\/p>    <figure class=\"wp-block-image size-full\"><img loading=\"lazy\" decoding=\"async\" width=\"550\" height=\"350\" src=\"https:\/\/topfoodmachine.com\/wp-content\/uploads\/2023\/06\/double-chamber-vacuum-sealer.jpg\" alt=\"sellador al vac\u00edo de doble c\u00e1mara\" class=\"wp-image-443\" srcset=\"https:\/\/topfoodmachine.com\/wp-content\/uploads\/2023\/06\/double-chamber-vacuum-sealer.jpg 550w, https:\/\/topfoodmachine.com\/wp-content\/uploads\/2023\/06\/double-chamber-vacuum-sealer-300x191.jpg 300w\" sizes=\"auto, (max-width: 550px) 100vw, 550px\" \/><figcaption class=\"wp-element-caption\">sellador al vac\u00edo de doble c\u00e1mara<\/figcaption><\/figure>    <h2 class=\"wp-block-heading\">Par\u00e1metros de la m\u00e1quina para hacer salchichas <\/h2>    <figure class=\"wp-block-table\"><table><tbody><tr><td><strong>N\u00famero<\/strong><strong><\/strong><\/td><td><strong>Nombre<\/strong><strong><\/strong><\/td><td><strong>Imagen<\/strong><strong><\/strong><\/td><td><strong>Par\u00e1metro<\/strong><strong><\/strong><\/td><\/tr><tr><td>1<\/td><td>M\u00e1quina picadora de carne<\/td><td>&nbsp;<img loading=\"lazy\" decoding=\"async\" width=\"550\" height=\"350\" src=\"http:\/\/www.meatprocessingmachine.org\/wp-content\/uploads\/2020\/10\/meat-grinding-machine.jpg\" alt=\"maquina para picar carne\" srcset=\"https:\/\/www.meatprocessingmachine.org\/wp-content\/uploads\/2020\/10\/meat-grinding-machine.jpg 550w, https:\/\/www.meatprocessingmachine.org\/wp-content\/uploads\/2020\/10\/meat-grinding-machine-300x191.jpg 300w\"><\/td><td>Capacidad: 500 kg\/h<br>Potencia: 3,0 kw<br>Voltaje: 380 V\/50 Hz.<br>Tama\u00f1o: 980*580*940mm<br>Peso: 180 kg&nbsp;<\/td><\/tr><tr><td>2<\/td><td>maquina cortadora de carne<\/td><td>&nbsp;<img loading=\"lazy\" decoding=\"async\" width=\"550\" height=\"350\" src=\"http:\/\/www.meatprocessingmachine.org\/wp-content\/uploads\/2020\/10\/meat-cutting-machine.jpg\" alt=\"maquina cortadora de carne\" srcset=\"https:\/\/www.meatprocessingmachine.org\/wp-content\/uploads\/2020\/10\/meat-cutting-machine.jpg 550w, https:\/\/www.meatprocessingmachine.org\/wp-content\/uploads\/2020\/10\/meat-cutting-machine-300x191.jpg 300w\"><\/td><td>Capacidad: 40 kg\/hora<br>Potencia: 13,17 kw<br>Voltaje: 380 V\/50 H.<br>Tama\u00f1o: 1250*1415*1610mm<br>Peso: 480 kg&nbsp;<\/td><\/tr><tr><td>3<\/td><td>M\u00e1quina mezcladora de carne<\/td><td>&nbsp;<img loading=\"lazy\" decoding=\"async\" width=\"550\" height=\"350\" src=\"http:\/\/www.meatprocessingmachine.org\/wp-content\/uploads\/2020\/10\/vacuum-meat-mixer-machine.jpg\" alt=\"M\u00e1quina mezcladora de carne al vac\u00edo\" srcset=\"https:\/\/www.meatprocessingmachine.org\/wp-content\/uploads\/2020\/10\/vacuum-meat-mixer-machine.jpg 550w, https:\/\/www.meatprocessingmachine.org\/wp-content\/uploads\/2020\/10\/vacuum-meat-mixer-machine-300x191.jpg 300w\"><\/td><td>Velocidad de torsi\u00f3n: 100 veces\/min.<br>Producci\u00f3n: 200-300 kg\/h<br>Rango cuantitativo: 20-500g<br>Voltaje: 220V \/ 50HZ<br>Altura del centro de trabajo: 850 mm<br>Tama\u00f1o total650*640*1430(mm)<br>Peso: 145 kg&nbsp;<\/td><\/tr><tr><td>4<\/td><td>M\u00e1quina llenadora de salchichas<\/td><td>&nbsp;<img loading=\"lazy\" decoding=\"async\" width=\"550\" height=\"350\" src=\"http:\/\/www.meatprocessingmachine.org\/wp-content\/uploads\/2020\/10\/sausage-filling-machine.jpg\" alt=\"M\u00e1quina llenadora de salchichas\" srcset=\"https:\/\/www.meatprocessingmachine.org\/wp-content\/uploads\/2020\/10\/sausage-filling-machine.jpg 550w, https:\/\/www.meatprocessingmachine.org\/wp-content\/uploads\/2020\/10\/sausage-filling-machine-300x191.jpg 300w\"><\/td><td>Velocidad de torsi\u00f3n: 100 veces\/min.<br>Producci\u00f3n: 200-300 kg\/h<br>Rango cuantitativo: 20-500g<br>Voltaje: 220V \/ 50HZ<br>Altura del centro de trabajo: 850 mm<br>Tama\u00f1o total650*640*1430(mm)<br>Peso: 145 kg&nbsp;<\/td><\/tr><tr><td>5<\/td><td>M\u00e1quina de salchichas ahumadas<\/td><td>&nbsp;<img loading=\"lazy\" decoding=\"async\" width=\"550\" height=\"350\" src=\"http:\/\/www.meatprocessingmachine.org\/wp-content\/uploads\/2020\/10\/sausage-smoking-machine.jpg\" alt=\"M\u00e1quina para ahumar salchichas\" srcset=\"https:\/\/www.meatprocessingmachine.org\/wp-content\/uploads\/2020\/10\/sausage-smoking-machine.jpg 550w, https:\/\/www.meatprocessingmachine.org\/wp-content\/uploads\/2020\/10\/sausage-smoking-machine-300x191.jpg 300w\"><\/td><td>Capacidad: 300-400 kg\/h<br>Volumen: 200L<br>Potencia de accionamiento: 2,75 kw<br>Voltaje: 380v 50HZ<br>Tama\u00f1o total: 1400*670*1150mm&nbsp;<\/td><\/tr><tr><td>6<\/td><td><a href=\"https:\/\/tianhuipackingmachine.com\/double-chamber-vacuum-packaging-machine\/\" target=\"_blank\" rel=\"noopener\">M\u00e1quina de envasado al vac\u00edo<\/a><\/td><td>&nbsp;<img loading=\"lazy\" decoding=\"async\" width=\"550\" height=\"350\" src=\"http:\/\/www.meatprocessingmachine.org\/wp-content\/uploads\/2020\/10\/sausage-packaging-machine.jpg\" alt=\"M\u00e1quina envasadora de salchichas\" srcset=\"https:\/\/www.meatprocessingmachine.org\/wp-content\/uploads\/2020\/10\/sausage-packaging-machine.jpg 550w, https:\/\/www.meatprocessingmachine.org\/wp-content\/uploads\/2020\/10\/sausage-packaging-machine-300x191.jpg 300w\"><\/td><td>Potencia de la bomba: 2,25 KW<br>Potencia de termosellado: 1,5 KW<br>Tama\u00f1o: 1460*750*960mm<br>Peso: 185 kg<\/td><\/tr><\/tbody><\/table><\/figure>    <h2 class=\"wp-block-heading\">Caracter\u00edsticas de la l\u00ednea de m\u00e1quinas para fabricar salchichas.<\/h2>    <p>La l\u00ednea de m\u00e1quinas para fabricar salchichas viene con varias caracter\u00edsticas que mejoran el proceso de producci\u00f3n de salchichas. Estas son algunas caracter\u00edsticas comunes:<\/p>    <ol class=\"wp-block-list\"> <li>Operaci\u00f3n automatizada: Las l\u00edneas de m\u00e1quinas para fabricar salchichas est\u00e1n dise\u00f1adas para operaci\u00f3n automatizada, lo que reduce la necesidad de mano de obra. Pueden realizar tareas como moler, mezclar, rellenar, unir y porcionar, agilizando el proceso de producci\u00f3n y aumentando la eficiencia.<\/li>    <li>Mezclado y licuado precisos: las m\u00e1quinas para hacer salchichas tienen capacidades de mezclado y licuado precisas. Garantizan una distribuci\u00f3n uniforme de especias, condimentos y otros ingredientes en toda la mezcla de salchichas, lo que da como resultado un sabor y una textura uniformes.<\/li>    <li>Presi\u00f3n de relleno controlada: estas m\u00e1quinas aplican presi\u00f3n controlada durante el proceso de relleno, asegurando un llenado uniforme de las tripas sin da\u00f1arlas. Esto ayuda a mantener la integridad y apariencia de las salchichas.<\/li>    <li>Control de temperatura y tiempo: Las l\u00edneas de m\u00e1quinas para fabricar salchichas a menudo tienen funciones de control de temperatura y tiempo. Permiten un control preciso de los procesos de cocci\u00f3n, ahumado y enfriamiento, garantizando resultados \u00f3ptimos y seguridad alimentaria.<\/li>    <li>F\u00e1cil limpieza y mantenimiento: Las l\u00edneas de m\u00e1quinas est\u00e1n dise\u00f1adas para una f\u00e1cil limpieza y mantenimiento. Tienen piezas extra\u00edbles y superficies lisas a las que se puede acceder y limpiar f\u00e1cilmente, lo que reduce el tiempo de inactividad entre ciclos de producci\u00f3n.<\/li>    <li>Integraci\u00f3n con sistemas de embalaje: algunas l\u00edneas de m\u00e1quinas para fabricar salchichas se pueden integrar con sistemas de embalaje, lo que permite una transferencia perfecta de salchichas para embalaje, etiquetado y almacenamiento final.<\/li> <\/ol>    <p>Estas caracter\u00edsticas contribuyen colectivamente a una producci\u00f3n de salchichas eficiente e higi\u00e9nica, garantizando una calidad constante, opciones de personalizaci\u00f3n y facilidad de operaci\u00f3n y mantenimiento.<\/p>","protected":false},"excerpt":{"rendered":"<p>A sausage production line means a series of interconnected machines and equipment used to manufacture sausages efficiently and automatically. It involves various steps from material preparation to packing the final product. We are a professional sausage making machine line manufacturer and exporter. All our machines use durable materials and advanced technology. Besides, all equipment from [&hellip;]<\/p>\n","protected":false},"author":1,"featured_media":438,"parent":0,"template":"","tags":[],"product-type":[7],"class_list":["post-437","product","type-product","status-publish","has-post-thumbnail","hentry","product-type-egg-meat-processing-machine"],"_links":{"self":[{"href":"https:\/\/topfoodmachine.com\/es\/wp-json\/wp\/v2\/product\/437","targetHints":{"allow":["GET"]}}],"collection":[{"href":"https:\/\/topfoodmachine.com\/es\/wp-json\/wp\/v2\/product"}],"about":[{"href":"https:\/\/topfoodmachine.com\/es\/wp-json\/wp\/v2\/types\/product"}],"author":[{"embeddable":true,"href":"https:\/\/topfoodmachine.com\/es\/wp-json\/wp\/v2\/users\/1"}],"wp:featuredmedia":[{"embeddable":true,"href":"https:\/\/topfoodmachine.com\/es\/wp-json\/wp\/v2\/media\/438"}],"wp:attachment":[{"href":"https:\/\/topfoodmachine.com\/es\/wp-json\/wp\/v2\/media?parent=437"}],"wp:term":[{"taxonomy":"post_tag","embeddable":true,"href":"https:\/\/topfoodmachine.com\/es\/wp-json\/wp\/v2\/tags?post=437"},{"taxonomy":"product-type","embeddable":true,"href":"https:\/\/topfoodmachine.com\/es\/wp-json\/wp\/v2\/product-type?post=437"}],"curies":[{"name":"wp","href":"https:\/\/api.w.org\/{rel}","templated":true}]}}