{"id":402,"date":"2023-03-30T16:13:38","date_gmt":"2023-03-30T08:13:38","guid":{"rendered":"https:\/\/topfoodmachine.com\/?post_type=product&#038;p=402"},"modified":"2023-03-30T17:43:25","modified_gmt":"2023-03-30T09:43:25","slug":"commercial-dough-mixer","status":"publish","type":"product","link":"https:\/\/topfoodmachine.com\/es\/product\/commercial-dough-mixer\/","title":{"rendered":"Mezcladora de masa comercial"},"content":{"rendered":"<div class=\"kk-star-ratings kksr-auto kksr-align-left kksr-valign-top\"     data-payload='{&quot;align&quot;:&quot;left&quot;,&quot;id&quot;:&quot;402&quot;,&quot;slug&quot;:&quot;default&quot;,&quot;valign&quot;:&quot;top&quot;,&quot;ignore&quot;:&quot;&quot;,&quot;reference&quot;:&quot;auto&quot;,&quot;class&quot;:&quot;&quot;,&quot;count&quot;:&quot;15&quot;,&quot;legendonly&quot;:&quot;&quot;,&quot;readonly&quot;:&quot;&quot;,&quot;score&quot;:&quot;4.6&quot;,&quot;starsonly&quot;:&quot;&quot;,&quot;best&quot;:&quot;5&quot;,&quot;gap&quot;:&quot;5&quot;,&quot;greet&quot;:&quot;Rate this product&quot;,&quot;legend&quot;:&quot;4.6\\\/5 - (15 votos)&quot;,&quot;size&quot;:&quot;24&quot;,&quot;title&quot;:&quot;Commercial Dough Mixer&quot;,&quot;width&quot;:&quot;130.9&quot;,&quot;_legend&quot;:&quot;{score}\\\/{best} - ({count} {votes})&quot;,&quot;font_factor&quot;:&quot;1.25&quot;}'>              <div class=\"kksr-stars\">      <div class=\"kksr-stars-inactive\">             <div class=\"kksr-star\" data-star=\"1\" style=\"padding-right: 5px\">               <div class=\"kksr-icon\" style=\"width: 24px; height: 24px;\"><\/div>         <\/div>             <div class=\"kksr-star\" data-star=\"2\" style=\"padding-right: 5px\">               <div class=\"kksr-icon\" style=\"width: 24px; height: 24px;\"><\/div>         <\/div>             <div class=\"kksr-star\" data-star=\"3\" style=\"padding-right: 5px\">               <div class=\"kksr-icon\" style=\"width: 24px; height: 24px;\"><\/div>         <\/div>             <div class=\"kksr-star\" data-star=\"4\" style=\"padding-right: 5px\">               <div class=\"kksr-icon\" style=\"width: 24px; height: 24px;\"><\/div>         <\/div>             <div class=\"kksr-star\" data-star=\"5\" style=\"padding-right: 5px\">               <div class=\"kksr-icon\" style=\"width: 24px; height: 24px;\"><\/div>         <\/div>     <\/div>      <div class=\"kksr-stars-active\" style=\"width: 130.9px;\">             <div class=\"kksr-star\" style=\"padding-right: 5px\">               <div class=\"kksr-icon\" style=\"width: 24px; height: 24px;\"><\/div>         <\/div>             <div class=\"kksr-star\" style=\"padding-right: 5px\">               <div class=\"kksr-icon\" style=\"width: 24px; height: 24px;\"><\/div>         <\/div>             <div class=\"kksr-star\" style=\"padding-right: 5px\">               <div class=\"kksr-icon\" style=\"width: 24px; height: 24px;\"><\/div>         <\/div>             <div class=\"kksr-star\" style=\"padding-right: 5px\">               <div class=\"kksr-icon\" style=\"width: 24px; height: 24px;\"><\/div>         <\/div>             <div class=\"kksr-star\" style=\"padding-right: 5px\">               <div class=\"kksr-icon\" style=\"width: 24px; height: 24px;\"><\/div>         <\/div>     <\/div> <\/div>                   <div class=\"kksr-legend\" style=\"font-size: 19.2px;\">             4,6\/5 - (15 votos)    <\/div>     <\/div>  <p>La amasadora comercial es un componente imprescindible para cualquier establecimiento de servicio de pasteler\u00eda que requiera preparaci\u00f3n de masa. Se utiliza ampliamente en las panader\u00edas, pizzer\u00edas, restaurantes y f\u00e1bricas de alimentos modernas. La funci\u00f3n principal de la m\u00e1quina amasadora es realizar la tarea de mezclar y amasar la masa autom\u00e1ticamente a alta velocidad, ahorrando as\u00ed tiempo y costos de mano de obra.<\/p>    <p>A diferencia de la m\u00e1quina mezcladora de masa para el hogar, esta m\u00e1quina mezcladora de masa de alta resistencia est\u00e1 dise\u00f1ada para usos industriales o comerciales. Tiene una capacidad bastante grande y puede soportar hasta 150 kg a la vez. Nuestras mezcladoras de masa comerciales a la venta utilizan acero inoxidable y adoptan un motor avanzado. Lo que lo hace m\u00e1s confiable y eficiente. Hoy en d\u00eda, nuestra m\u00e1quina mezcladora de masa industrial se ha exportado a Kenia, Filipinas, Pakist\u00e1n, Ghana, Indonesia, Corea del Sur, Brasil, Estados Unidos, Qatar, Emiratos \u00c1rabes Unidos, etc.<\/p>    <h2 class=\"wp-block-heading\">Par\u00e1metros de la m\u00e1quina mezcladora de masa comercial<\/h2>    <figure class=\"wp-block-table\"><table><tbody><tr><td>Modelo<\/td><td>Capacidad (kg)<\/td><td>Tiempo de mezcla (min)<\/td><td>Voltaje(v)<\/td><td>Potencia (kilovatios)<\/td><td>Peso (kg)<\/td><td>Tama\u00f1o (mm)<\/td><\/tr><tr><td>TZ-12.5<\/td><td>12.5<\/td><td>3-10<\/td><td>220\/380<\/td><td>1.5<\/td><td>100<\/td><td>650*400*730<\/td><\/tr><tr><td>TZ-25<\/td><td>25<\/td><td>3-10<\/td><td>220\/380<\/td><td>1.5<\/td><td>128<\/td><td>685*480*910<\/td><\/tr><tr><td>TZ-37.5<\/td><td>37.5<\/td><td>3-10<\/td><td>220\/380<\/td><td>2.2<\/td><td>175<\/td><td>840*480*910<\/td><\/tr><tr><td>TZ-50<\/td><td>50<\/td><td>3-10<\/td><td>220<\/td><td>2.2<\/td><td>230<\/td><td>1070*570*1050<\/td><\/tr><tr><td>380<\/td><td>2.575<\/td><td>275<\/td><td>&nbsp;<\/td><td>&nbsp;<\/td><td>&nbsp;<\/td><td>&nbsp;<\/td><\/tr><tr><td>TZ-75<\/td><td>75<\/td><td>3-10<\/td><td>380<\/td><td>3.75<\/td><td>475<\/td><td>1410*680*1250<\/td><\/tr><tr><td>TZ-100<\/td><td>100<\/td><td>3-10<\/td><td>380<\/td><td>3.75<\/td><td>490<\/td><td>1520*680*1250<\/td><\/tr><tr><td>TZ-150<\/td><td>150<\/td><td>3-10<\/td><td>380<\/td><td>6.25<\/td><td>700<\/td><td>1710*730*1400<\/td><\/tr><\/tbody><\/table><\/figure>    <h2 class=\"wp-block-heading\">Caracter\u00edsticas\/beneficios de la m\u00e1quina para hacer masa industrial<\/h2>    <ol class=\"wp-block-list\" type=\"1\"> <li>Tiene un rendimiento estable y poco ruido.<\/li>    <li>La m\u00e1quina mezcladora de masa tiene una estructura simple, muy f\u00e1cil de operar, instalar y mantener.<\/li>    <li>Todas las m\u00e1quinas utilizan material de acero inoxidable, duradero, higi\u00e9nico y f\u00e1cil de limpiar.<\/li>    <li>Est\u00e1 equipado con un motor potente y avanzado para garantizar alta velocidad y buen rendimiento.<\/li>    <li>Nuestras mezcladoras de harina tienen una gama completa de capacidades, desde 12,5 kg hasta 150 kg, siempre hay un modelo que puede satisfacer sus necesidades.<\/li>    <li>La m\u00e1quina mezcladora de masa comercial que vendemos es vers\u00e1til. Se puede utilizar para preparar diferentes tipos de masa, como masa para pasteles, masa para pan, masa para reposter\u00eda, masa para pizza, masa para panader\u00eda y m\u00e1s.<\/li> <\/ol>    <div class=\"wp-block-columns is-layout-flex wp-container-core-columns-is-layout-28f84493 wp-block-columns-is-layout-flex\"> <div class=\"wp-block-column is-layout-flow wp-block-column-is-layout-flow\"> <figure class=\"wp-block-gallery has-nested-images columns-default is-cropped wp-block-gallery-2 is-layout-flex wp-block-gallery-is-layout-flex\"> <figure class=\"wp-block-image size-full\"><img loading=\"lazy\" decoding=\"async\" width=\"720\" height=\"540\" data-id=\"404\" src=\"https:\/\/topfoodmachine.com\/wp-content\/uploads\/2023\/03\/Joystick.jpg\" alt=\"Palanca de mando\" class=\"wp-image-404\" srcset=\"https:\/\/topfoodmachine.com\/wp-content\/uploads\/2023\/03\/Joystick.jpg 720w, https:\/\/topfoodmachine.com\/wp-content\/uploads\/2023\/03\/Joystick-300x225.jpg 300w\" sizes=\"auto, (max-width: 720px) 100vw, 720px\" \/><figcaption class=\"wp-element-caption\">Palanca de mando<\/figcaption><\/figure> <\/figure> <\/div>    <div class=\"wp-block-column is-layout-flow wp-block-column-is-layout-flow\"> <figure class=\"wp-block-gallery has-nested-images columns-default is-cropped wp-block-gallery-3 is-layout-flex wp-block-gallery-is-layout-flex\"> <figure class=\"wp-block-image size-full\"><img loading=\"lazy\" decoding=\"async\" width=\"720\" height=\"540\" data-id=\"406\" src=\"https:\/\/topfoodmachine.com\/wp-content\/uploads\/2023\/03\/inside-of-the-dough-mixer.jpg\" alt=\"dentro del mezclador de masa\" class=\"wp-image-406\" srcset=\"https:\/\/topfoodmachine.com\/wp-content\/uploads\/2023\/03\/inside-of-the-dough-mixer.jpg 720w, https:\/\/topfoodmachine.com\/wp-content\/uploads\/2023\/03\/inside-of-the-dough-mixer-300x225.jpg 300w\" sizes=\"auto, (max-width: 720px) 100vw, 720px\" \/><figcaption class=\"wp-element-caption\">dentro del mezclador de masa<\/figcaption><\/figure> <\/figure> <\/div> <\/div>    <h2 class=\"wp-block-heading\">Ventajas de utilizar una m\u00e1quina mezcladora de masa comercial<\/h2>    <p>El uso de mezcladoras de masa comerciales tiene varios beneficios, que incluyen ahorro de tiempo, mezcla consistente, versatilidad y menores costos de mano de obra. Las amasadoras comerciales pueden procesar grandes cantidades de masa a la vez, lo que ser\u00eda imposible de hacer manualmente. El proceso de mezclado tambi\u00e9n es consistente, lo que garantiza que la masa se mezcle uniformemente y as\u00ed se obtengan productos de mejor calidad. Adem\u00e1s, las amasadoras comerciales se pueden utilizar para una variedad de recetas, lo que las hace vers\u00e1tiles y adaptables a las diferentes necesidades de la cocina. Finalmente, las mezcladoras de masa comerciales ayudan a disminuir los costos de mano de obra, ya que eliminan la necesidad de amasar y mezclar manualmente, liberando al personal para dedicarse a otras tareas.<\/p>    <h2 class=\"wp-block-heading\">Consejos de mantenimiento para batidoras de masa comerciales\/industriales<\/h2>    <p>Es necesario un mantenimiento adecuado para garantizar que su batidora de masa comercial permanezca en buenas condiciones y siga funcionando de manera eficiente. Limpiar la batidora despu\u00e9s de cada uso ayuda a evitar la acumulaci\u00f3n de residuos, que pueden afectar la calidad de la masa y da\u00f1ar la m\u00e1quina con el tiempo. La lubricaci\u00f3n de las piezas m\u00f3viles tambi\u00e9n es fundamental para evitar el desgaste y mantener un funcionamiento suave. Tambi\u00e9n son necesarios controles de mantenimiento peri\u00f3dicos para identificar cualquier problema y solucionarlo r\u00e1pidamente. Tambi\u00e9n es fundamental un manejo seguro de la m\u00e1quina, especialmente durante el proceso de limpieza.<\/p>    <h2 class=\"wp-block-heading\">\u00bfCu\u00e1nto cuesta una amasadora?<\/h2>    <p>El coste de una amasadora puede variar dependiendo de varios factores, como la marca, la capacidad, la potencia y las caracter\u00edsticas. Las m\u00e1quinas mezcladoras de masa comerciales e industriales tienden a tener precios m\u00e1s altos que las de uso dom\u00e9stico debido a sus mayores tama\u00f1os y mayores capacidades de rendimiento. Por ejemplo, el precio de la m\u00e1quina mezcladora de masa TZ-50 es m\u00e1s barato que el de la m\u00e1quina mezcladora de masa TZ-100, porque tiene menor capacidad. Por lo tanto, es muy importante garantizar sus requisitos antes de comprar uno. Cont\u00e1ctenos hoy para contarnos su demanda y obtener una lista de precios gratuita y adecuada.<\/p>    <figure class=\"wp-block-image size-full\"><img loading=\"lazy\" decoding=\"async\" width=\"720\" height=\"540\" src=\"https:\/\/topfoodmachine.com\/wp-content\/uploads\/2023\/03\/industrial-dough-mixer-machine.jpg\" alt=\"m\u00e1quina mezcladora de masa industrial\" class=\"wp-image-409\" srcset=\"https:\/\/topfoodmachine.com\/wp-content\/uploads\/2023\/03\/industrial-dough-mixer-machine.jpg 720w, https:\/\/topfoodmachine.com\/wp-content\/uploads\/2023\/03\/industrial-dough-mixer-machine-300x225.jpg 300w\" sizes=\"auto, (max-width: 720px) 100vw, 720px\" \/><figcaption class=\"wp-element-caption\">m\u00e1quina mezcladora de masa industrial<\/figcaption><\/figure>    <h2 class=\"wp-block-heading\">\u00a1Comun\u00edquese ahora para iniciar o beneficiar su negocio!<\/h2>    <p>Si es propietario de una panader\u00eda o de una instalaci\u00f3n de producci\u00f3n de alimentos, invertir en una m\u00e1quina para hacer masa industrial puede ayudarlo a mejorar la eficiencia y la productividad de su negocio y, al mismo tiempo, reducir los costos laborales. Con numerosos beneficios, como ahorro de tiempo, consistencia, versatilidad y gran capacidad, las m\u00e1quinas industriales para hacer masa pueden cambiar las reglas del juego para sus operaciones. Invierta en uno hoy para cosechar los beneficios de una mayor eficiencia, coherencia y rentabilidad.<\/p>    <p class=\"translation-block\">La empresa Taizy es un fabricante integral de <a href=\"https:\/\/topfoodmachine.com\/es\/\">maquinaria para la producci\u00f3n y procesamiento de alimentos<\/a>. Si deseas iniciar tu negocio de alimentos, cont\u00e1ctanos ahora para comenzar tu exitosa trayectoria empresarial.<\/p>","protected":false},"excerpt":{"rendered":"<p>Commercial dough mixer is an essential component for any pastry service establishment that requires dough preparation. It is widely used in the modern bakeries, pizzerias, restaurant, and food factories. The main function of the dough mixer machine is to perform the task of mixing and kneading dough automatically at a high speed, thus saving time [&hellip;]<\/p>\n","protected":false},"author":1,"featured_media":403,"parent":0,"template":"","tags":[17],"product-type":[6],"class_list":["post-402","product","type-product","status-publish","has-post-thumbnail","hentry","tag-pastry-production-machine","product-type-pastry-production-machine"],"_links":{"self":[{"href":"https:\/\/topfoodmachine.com\/es\/wp-json\/wp\/v2\/product\/402","targetHints":{"allow":["GET"]}}],"collection":[{"href":"https:\/\/topfoodmachine.com\/es\/wp-json\/wp\/v2\/product"}],"about":[{"href":"https:\/\/topfoodmachine.com\/es\/wp-json\/wp\/v2\/types\/product"}],"author":[{"embeddable":true,"href":"https:\/\/topfoodmachine.com\/es\/wp-json\/wp\/v2\/users\/1"}],"wp:featuredmedia":[{"embeddable":true,"href":"https:\/\/topfoodmachine.com\/es\/wp-json\/wp\/v2\/media\/403"}],"wp:attachment":[{"href":"https:\/\/topfoodmachine.com\/es\/wp-json\/wp\/v2\/media?parent=402"}],"wp:term":[{"taxonomy":"post_tag","embeddable":true,"href":"https:\/\/topfoodmachine.com\/es\/wp-json\/wp\/v2\/tags?post=402"},{"taxonomy":"product-type","embeddable":true,"href":"https:\/\/topfoodmachine.com\/es\/wp-json\/wp\/v2\/product-type?post=402"}],"curies":[{"name":"wp","href":"https:\/\/api.w.org\/{rel}","templated":true}]}}