{"id":311,"date":"2022-08-04T09:57:14","date_gmt":"2022-08-04T01:57:14","guid":{"rendered":"https:\/\/topfoodmachine.com\/?post_type=product&#038;p=311"},"modified":"2023-03-15T17:21:31","modified_gmt":"2023-03-15T09:21:31","slug":"ginger-powder-production-line","status":"publish","type":"product","link":"https:\/\/topfoodmachine.com\/es\/product\/ginger-powder-production-line\/","title":{"rendered":"L\u00ednea de producci\u00f3n de jengibre en polvo"},"content":{"rendered":"<div class=\"kk-star-ratings kksr-auto kksr-align-left kksr-valign-top\"     data-payload='{&quot;align&quot;:&quot;left&quot;,&quot;id&quot;:&quot;311&quot;,&quot;slug&quot;:&quot;default&quot;,&quot;valign&quot;:&quot;top&quot;,&quot;ignore&quot;:&quot;&quot;,&quot;reference&quot;:&quot;auto&quot;,&quot;class&quot;:&quot;&quot;,&quot;count&quot;:&quot;24&quot;,&quot;legendonly&quot;:&quot;&quot;,&quot;readonly&quot;:&quot;&quot;,&quot;score&quot;:&quot;4.6&quot;,&quot;starsonly&quot;:&quot;&quot;,&quot;best&quot;:&quot;5&quot;,&quot;gap&quot;:&quot;5&quot;,&quot;greet&quot;:&quot;Rate this product&quot;,&quot;legend&quot;:&quot;4.6\\\/5 - (24 votos)&quot;,&quot;size&quot;:&quot;24&quot;,&quot;title&quot;:&quot;Ginger Powder Production Line&quot;,&quot;width&quot;:&quot;130.9&quot;,&quot;_legend&quot;:&quot;{score}\\\/{best} - ({count} {votes})&quot;,&quot;font_factor&quot;:&quot;1.25&quot;}'>              <div class=\"kksr-stars\">      <div class=\"kksr-stars-inactive\">             <div class=\"kksr-star\" data-star=\"1\" style=\"padding-right: 5px\">               <div class=\"kksr-icon\" style=\"width: 24px; height: 24px;\"><\/div>         <\/div>             <div class=\"kksr-star\" data-star=\"2\" style=\"padding-right: 5px\">               <div class=\"kksr-icon\" style=\"width: 24px; height: 24px;\"><\/div>         <\/div>             <div class=\"kksr-star\" data-star=\"3\" style=\"padding-right: 5px\">               <div class=\"kksr-icon\" style=\"width: 24px; height: 24px;\"><\/div>         <\/div>             <div class=\"kksr-star\" data-star=\"4\" style=\"padding-right: 5px\">               <div class=\"kksr-icon\" style=\"width: 24px; height: 24px;\"><\/div>         <\/div>             <div class=\"kksr-star\" data-star=\"5\" style=\"padding-right: 5px\">               <div class=\"kksr-icon\" style=\"width: 24px; height: 24px;\"><\/div>         <\/div>     <\/div>      <div class=\"kksr-stars-active\" style=\"width: 130.9px;\">             <div class=\"kksr-star\" style=\"padding-right: 5px\">               <div class=\"kksr-icon\" style=\"width: 24px; height: 24px;\"><\/div>         <\/div>             <div class=\"kksr-star\" style=\"padding-right: 5px\">               <div class=\"kksr-icon\" style=\"width: 24px; height: 24px;\"><\/div>         <\/div>             <div class=\"kksr-star\" style=\"padding-right: 5px\">               <div class=\"kksr-icon\" style=\"width: 24px; height: 24px;\"><\/div>         <\/div>             <div class=\"kksr-star\" style=\"padding-right: 5px\">               <div class=\"kksr-icon\" style=\"width: 24px; height: 24px;\"><\/div>         <\/div>             <div class=\"kksr-star\" style=\"padding-right: 5px\">               <div class=\"kksr-icon\" style=\"width: 24px; height: 24px;\"><\/div>         <\/div>     <\/div> <\/div>                   <div class=\"kksr-legend\" style=\"font-size: 19.2px;\">             4,6\/5 - (24 votos)    <\/div>     <\/div>  <p class=\"translation-block\">La <strong>l\u00ednea de producci\u00f3n de polvo de jengibre<\/strong> o <strong>l\u00ednea de procesamiento de polvo de jengibre<\/strong> est\u00e1 dise\u00f1ada para procesar jengibre seco en polvo de jengibre. Incluye una m\u00e1quina de lavado y pelado de jengibre, m\u00e1quina de corte de jengibre, m\u00e1quina de blanqueo, m\u00e1quina de secado de jengibre, m\u00e1quina de molienda de jengibre y m\u00e1quina de empaquetado de polvo de jengibre. Todas las m\u00e1quinas est\u00e1n fabricadas con acero inoxidable de grado alimenticio, que es duradero y f\u00e1cil de limpiar. La l\u00ednea de producci\u00f3n de polvo de jengibre fabricada por la maquinaria TAIZY puede aplicarse para procesar jengibre, c\u00farcuma, etc. Adem\u00e1s, su capacidad var\u00eda de 100 kg a 2000 kg cada d\u00eda. El polvo de jengibre tiene un amplio rango de aplicaciones. Y es hora de invertir en una <strong>m\u00e1quina de polvo de jengibre<\/strong> para beneficiar enormemente tu negocio.<\/p>    <h2 class=\"wp-block-heading\">Diagrama de flujo de procesamiento de jengibre<\/h2>    <p>Toda la l\u00ednea de procesamiento de jengibre en polvo incluye el siguiente proceso:<\/p>    <p class=\"translation-block\"><strong>Lavado y pelado de jengibre \u2192 corte de jengibre \u2192 blanqueo de jengibre \u2192 secado de jengibre \u2192 molienda de jengibre \u2192 empaquetado de polvo de jengibre<\/strong>.<\/p>    <figure class=\"wp-block-image size-full\"><img loading=\"lazy\" decoding=\"async\" width=\"720\" height=\"540\" src=\"https:\/\/topfoodmachine.com\/wp-content\/uploads\/2022\/08\/ginger-powder-manufacturing-line.jpg\" alt=\"l\u00ednea de fabricaci\u00f3n de jengibre en polvo\" class=\"wp-image-392\" srcset=\"https:\/\/topfoodmachine.com\/wp-content\/uploads\/2022\/08\/ginger-powder-manufacturing-line.jpg 720w, https:\/\/topfoodmachine.com\/wp-content\/uploads\/2022\/08\/ginger-powder-manufacturing-line-300x225.jpg 300w\" sizes=\"auto, (max-width: 720px) 100vw, 720px\" \/><figcaption class=\"wp-element-caption\">l\u00ednea de fabricaci\u00f3n de jengibre en polvo<\/figcaption><\/figure>    <h2 class=\"wp-block-heading\">Partes principales de la l\u00ednea de fabricaci\u00f3n de jengibre en polvo.<\/h2>    <h3 class=\"wp-block-heading\">Lavadora y peladora de jengibre<\/h3>    <div class=\"wp-block-columns has-light-green-cyan-background-color has-background is-layout-flex wp-container-core-columns-is-layout-28f84493 wp-block-columns-is-layout-flex\"> <div class=\"wp-block-column is-vertically-aligned-center is-layout-flow wp-block-column-is-layout-flow\"> <figure class=\"wp-block-image size-full\"><img loading=\"lazy\" decoding=\"async\" width=\"720\" height=\"540\" src=\"https:\/\/topfoodmachine.com\/wp-content\/uploads\/2022\/08\/ginger-washing-and-peeling-machine.jpg\" alt=\"m\u00e1quina de lavado y pelado de jengibre\" class=\"wp-image-317\" srcset=\"https:\/\/topfoodmachine.com\/wp-content\/uploads\/2022\/08\/ginger-washing-and-peeling-machine.jpg 720w, https:\/\/topfoodmachine.com\/wp-content\/uploads\/2022\/08\/ginger-washing-and-peeling-machine-300x225.jpg 300w\" sizes=\"auto, (max-width: 720px) 100vw, 720px\" \/><figcaption class=\"wp-element-caption\">m\u00e1quina de lavado y pelado de jengibre<\/figcaption><\/figure> <\/div>    <div class=\"wp-block-column is-vertically-aligned-center is-layout-flow wp-block-column-is-layout-flow\"> <p class=\"translation-block\">La <a href=\"https:\/\/topfoodmachine.com\/es\/product\/fruit-and-vegetable-washing-machine\/\">m\u00e1quina autom\u00e1tica de lavado de jengibre<\/a> se utiliza para limpiar la suciedad en la superficie del jengibre. Toda la m\u00e1quina est\u00e1 fabricada con material de acero inoxidable de grado alimenticio, que es duradero; la m\u00e1quina utiliza principalmente el cepillo y la fricci\u00f3n del jengibre para lograr la funci\u00f3n de pelado. Adoptando el principio de cepillado, la m\u00e1quina de limpieza y pelado de jengibre se utiliza principalmente para zanahorias, r\u00e1banos blancos, patatas, mel\u00f3n de invierno, jengibre, patatas, batatas, kiwi, todo tipo de r\u00e1banos y taro, y otras frutas y verduras, etc., para eliminar el pur\u00e9 y la c\u00e1scara.<\/p> <\/div> <\/div>    <h3 class=\"wp-block-heading\">M\u00e1quina cortadora de jengibre<\/h3>    <div class=\"wp-block-columns has-white-background-color has-background is-layout-flex wp-container-core-columns-is-layout-28f84493 wp-block-columns-is-layout-flex\"> <div class=\"wp-block-column is-vertically-aligned-center is-layout-flow wp-block-column-is-layout-flow\"> <p>La m\u00e1quina cortadora de jengibre corta tejido de jengibre con tejido fresco sin destruir el tejido fibroso. Mientras tanto, la m\u00e1quina cortadora de jengibre es altamente eficiente, f\u00e1cil de operar, de bajo consumo de energ\u00eda, saludable, segura y eficiente. El grosor habitual de las rodajas de jengibre antes del jengibre en polvo es de 1,5 a 2 mm.<\/p> <\/div>    <div class=\"wp-block-column is-layout-flow wp-block-column-is-layout-flow\"> <figure class=\"wp-block-image aligncenter size-full\"><img loading=\"lazy\" decoding=\"async\" width=\"720\" height=\"540\" src=\"https:\/\/topfoodmachine.com\/wp-content\/uploads\/2022\/08\/ginger-slicer-machine.jpg\" alt=\"m\u00e1quina cortadora de jengibre\" class=\"wp-image-318\" srcset=\"https:\/\/topfoodmachine.com\/wp-content\/uploads\/2022\/08\/ginger-slicer-machine.jpg 720w, https:\/\/topfoodmachine.com\/wp-content\/uploads\/2022\/08\/ginger-slicer-machine-300x225.jpg 300w\" sizes=\"auto, (max-width: 720px) 100vw, 720px\" \/><figcaption class=\"wp-element-caption\">m\u00e1quina cortadora de jengibre<\/figcaption><\/figure> <\/div> <\/div>    <h3 class=\"wp-block-heading\">secadora de jengibre<\/h3>    <div class=\"wp-block-columns has-light-green-cyan-background-color has-background is-layout-flex wp-container-core-columns-is-layout-28f84493 wp-block-columns-is-layout-flex\"> <div class=\"wp-block-column is-vertically-aligned-center is-layout-flow wp-block-column-is-layout-flow\"> <figure class=\"wp-block-image size-full\"><img loading=\"lazy\" decoding=\"async\" width=\"720\" height=\"540\" src=\"https:\/\/topfoodmachine.com\/wp-content\/uploads\/2022\/08\/ginger-drying-machine.jpg\" alt=\"m\u00e1quina de secado de jengibre\" class=\"wp-image-319\" srcset=\"https:\/\/topfoodmachine.com\/wp-content\/uploads\/2022\/08\/ginger-drying-machine.jpg 720w, https:\/\/topfoodmachine.com\/wp-content\/uploads\/2022\/08\/ginger-drying-machine-300x225.jpg 300w\" sizes=\"auto, (max-width: 720px) 100vw, 720px\" \/><figcaption class=\"wp-element-caption\">m\u00e1quina de secado de jengibre<\/figcaption><\/figure> <\/div>    <div class=\"wp-block-column is-vertically-aligned-center is-layout-flow wp-block-column-is-layout-flow\"> <p class=\"has-text-align-left\">La secadora de jengibre se aplica principalmente a la deshidrataci\u00f3n de rodajas de jengibre. El secador de rodajas de jengibre no solo es adecuado para la l\u00ednea de producci\u00f3n de jengibre en polvo, sino que tambi\u00e9n se usa ampliamente para secar frutas, verduras, hierbas medicinales y otros productos. Y la m\u00e1quina es muy inteligente, utiliza un panel de control inteligente para controlar todo el proceso de secado. El secador de rodajas de jengibre puede adoptar varios m\u00e9todos de calentamiento, como electricidad y vapor. Y hay muchos modelos que pueden satisfacer las necesidades de clientes con diferentes especificaciones.<\/p> <\/div> <\/div>    <h3 class=\"wp-block-heading\">M\u00e1quina trituradora de jengibre<\/h3>    <div class=\"wp-block-columns is-layout-flex wp-container-core-columns-is-layout-28f84493 wp-block-columns-is-layout-flex\"> <div class=\"wp-block-column is-vertically-aligned-center is-layout-flow wp-block-column-is-layout-flow\"> <p>Una m\u00e1quina de jengibre en polvo es una m\u00e1quina que tritura rodajas de jengibre secas. La finura del polvo de jengibre molido con el pulverizador puede alcanzar una malla de 20 a 120. El molino de jengibre se usa ampliamente para triturar todo tipo de cereales y materiales medicinales. Puede realizar una producci\u00f3n continua con poco ruido y velocidad de alimentaci\u00f3n ajustable.<\/p> <\/div>    <div class=\"wp-block-column is-vertically-aligned-center is-layout-flow wp-block-column-is-layout-flow\"> <figure class=\"wp-block-image size-full\"><img loading=\"lazy\" decoding=\"async\" width=\"720\" height=\"540\" src=\"https:\/\/topfoodmachine.com\/wp-content\/uploads\/2022\/08\/ginger-powder-making-machine.jpg\" alt=\"m\u00e1quina para hacer polvo de jengibre\" class=\"wp-image-320\" srcset=\"https:\/\/topfoodmachine.com\/wp-content\/uploads\/2022\/08\/ginger-powder-making-machine.jpg 720w, https:\/\/topfoodmachine.com\/wp-content\/uploads\/2022\/08\/ginger-powder-making-machine-300x225.jpg 300w\" sizes=\"auto, (max-width: 720px) 100vw, 720px\" \/><figcaption class=\"wp-element-caption\">m\u00e1quina para hacer polvo de jengibre<\/figcaption><\/figure> <\/div> <\/div>    <h3 class=\"wp-block-heading\">M\u00e1quina de cribado<\/h3>    <div class=\"wp-block-columns has-light-green-cyan-background-color has-background is-layout-flex wp-container-core-columns-is-layout-28f84493 wp-block-columns-is-layout-flex\"> <div class=\"wp-block-column is-vertically-aligned-center is-layout-flow wp-block-column-is-layout-flow\"> <figure class=\"wp-block-image size-full\"><img loading=\"lazy\" decoding=\"async\" width=\"720\" height=\"540\" src=\"https:\/\/topfoodmachine.com\/wp-content\/uploads\/2022\/08\/screening-machine.jpg\" alt=\"m\u00e1quina de tamizado\" class=\"wp-image-321\" srcset=\"https:\/\/topfoodmachine.com\/wp-content\/uploads\/2022\/08\/screening-machine.jpg 720w, https:\/\/topfoodmachine.com\/wp-content\/uploads\/2022\/08\/screening-machine-300x225.jpg 300w\" sizes=\"auto, (max-width: 720px) 100vw, 720px\" \/><figcaption class=\"wp-element-caption\">m\u00e1quina de tamizado<\/figcaption><\/figure> <\/div>    <div class=\"wp-block-column is-vertically-aligned-center is-layout-flow wp-block-column-is-layout-flow\"> <p>M\u00e1quina cribadora para tamizar jengibre molido en polvo. Se pueden personalizar diferentes finuras y grados de cribado seg\u00fan los requisitos de cribado. Est\u00e1 disponible en 3, 4, 5 y muchas otras capas de pantalla. La m\u00e1quina tambi\u00e9n est\u00e1 equipada con bolas de tamiz en el interior para evitar obstrucciones y distribuir uniformemente el jengibre en polvo.&nbsp;<\/p> <\/div> <\/div>    <h3 class=\"wp-block-heading\">M\u00e1quina envasadora de jengibre en polvo<\/h3>    <div class=\"wp-block-columns is-layout-flex wp-container-core-columns-is-layout-28f84493 wp-block-columns-is-layout-flex\"> <div class=\"wp-block-column is-vertically-aligned-center is-layout-flow wp-block-column-is-layout-flow\"> <p class=\"translation-block\">Esta <a href=\"https:\/\/topfoodmachine.com\/es\/product\/spice-powder-packing-machine\/\">m\u00e1quina de empaquetado de polvo de jengibre<\/a> tiene la funci\u00f3n de pesaje autom\u00e1tico completo, llenado, impresi\u00f3n de fecha, sellado y fabricaci\u00f3n de bolsas. Adopta un panel de control inteligente, precisi\u00f3n de empaquetado exacta y alta eficiencia de producci\u00f3n. Puede equiparse con un codificador, pinza de aire o dispositivo inflable seg\u00fan sea necesario.<\/p> <\/div>    <div class=\"wp-block-column is-vertically-aligned-center is-layout-flow wp-block-column-is-layout-flow\"> <figure class=\"wp-block-image size-full\"><img loading=\"lazy\" decoding=\"async\" width=\"600\" height=\"450\" src=\"https:\/\/topfoodmachine.com\/wp-content\/uploads\/2022\/08\/ginger-powder-packing-machine.jpg\" alt=\"empaquetadora de jengibre en polvo\" class=\"wp-image-322\" srcset=\"https:\/\/topfoodmachine.com\/wp-content\/uploads\/2022\/08\/ginger-powder-packing-machine.jpg 600w, https:\/\/topfoodmachine.com\/wp-content\/uploads\/2022\/08\/ginger-powder-packing-machine-300x225.jpg 300w\" sizes=\"auto, (max-width: 600px) 100vw, 600px\" \/><figcaption class=\"wp-element-caption\">empaquetadora de jengibre en polvo<\/figcaption><\/figure> <\/div> <\/div>    <h2 class=\"wp-block-heading\">Par\u00e1metros de la l\u00ednea de producci\u00f3n de polvo de jengibre Taizy <\/h2>    <figure class=\"wp-block-table\"><table><tbody><tr><td>Art\u00edculo<\/td><td>fuerza<\/td><td>tama\u00f1o<\/td><\/tr><tr><td>lavadora de cepillos<\/td><td>1,1 kw<\/td><td>1580*850*800mm<\/td><\/tr><tr><td>rebanador<\/td><td>0,75 kw<\/td><td>950*800*950mm<\/td><\/tr><tr><td>m\u00e1quina blanqueadora<\/td><td>36kw<\/td><td>1700*700*950mm<\/td><\/tr><tr><td>m\u00e1quina de enfriamiento de aire<\/td><td>7,5 kw<\/td><td>3000*1200*1600mm<\/td><\/tr><tr><td>secadora<\/td><td>12,73kw<\/td><td>1500*1200*2200mm<\/td><\/tr><\/tbody><\/table><\/figure>    <h2 class=\"wp-block-heading\">Caracter\u00edsticas de la l\u00ednea autom\u00e1tica de procesamiento de jengibre en polvo. <\/h2>    <ol class=\"wp-block-list\" type=\"1\"> <li>Esta l\u00ednea de producci\u00f3n de jengibre en polvo tiene una amplia gama de aplicaciones, aptas para jengibre, c\u00farcuma, etc.<\/li>    <li>Todas las m\u00e1quinas adoptaron material de acero inoxidable duradero y apto para uso alimentario.<\/li>    <li>La personalizaci\u00f3n de la capacidad de producci\u00f3n est\u00e1 disponible (100 kg\/d\u00eda-2000 kg\/d\u00eda).<\/li>    <li>La l\u00ednea de m\u00e1quinas tiene un alto nivel de automatizaci\u00f3n y es muy f\u00e1cil de operar.<\/li>    <li>Todas las m\u00e1quinas de la f\u00e1brica de Taizy cuentan con un s\u00f3lido servicio de personalizaci\u00f3n para satisfacer su demanda real.<\/li> <\/ol>    <h2 class=\"wp-block-heading\">\u00bfC\u00f3mo es el negocio de fabricaci\u00f3n de jengibre en polvo?&nbsp;<\/h2>    <p>Cuando se muele hasta convertirlo en polvo, el jengibre tiene un sabor fuerte y un aroma distintivo, y el jengibre en polvo es beneficioso para la salud humana. Se puede tomar directamente con agua hirviendo para aumentar el calor corporal y reponerlo r\u00e1pidamente. Cepillarse los dientes con jengibre en polvo puede prevenir las \u00falceras bucales; El jengibre en polvo es muy eficaz para eliminar la caspa y hacer crecer el cabello. Adem\u00e1s, el jengibre en polvo tambi\u00e9n puede eliminar el olor de los pies y prevenir los pies secos. Seg\u00fan los datos de la investigaci\u00f3n, el negocio mundial de jengibre en polvo muestra una tendencia de crecimiento estable. M\u00e1s que nunca, es el mejor momento para iniciar un negocio de procesamiento de jengibre en polvo. <\/p>    <h2 class=\"wp-block-heading\">\u00bfPor qu\u00e9 elegirnos como su principal fabricante de l\u00edneas de producci\u00f3n de jengibre en polvo? <\/h2>    <p class=\"translation-block\">Como fabricante profesional de <a href=\"https:\/\/topfoodmachine.com\/es\/\">procesamiento de alimentos<\/a>, ofrecemos una excelente y completa l\u00ednea de producci\u00f3n de polvo de jengibre a un precio absolutamente bueno y de alta calidad. Todas las m\u00e1quinas utilizan material de acero inoxidable para garantizar durabilidad, adem\u00e1s, son f\u00e1ciles de limpiar. Adem\u00e1s, contamos con personal altamente capacitado para asegurar una entrega r\u00e1pida y un buen rendimiento. La f\u00e1brica de Taizy cuenta con una poderosa oficina de investigaci\u00f3n y desarrollo para actualizar nuestros productos y liderar la tendencia del mercado. Adem\u00e1s, disfrutamos de un fuerte servicio de personalizaci\u00f3n para satisfacer realmente tus requisitos. \u00bfQuieres comenzar tu negocio de polvo de jengibre? Cont\u00e1ctanos para m\u00e1s detalles. <\/p>","protected":false},"excerpt":{"rendered":"<p>Ginger powder production line or ginger powder processing line is designed for processing dry ginger into ginger powder. It includes a ginger washing peeling machine, ginger slicing machine, blanching machine, ginger drying machine, ginger grinding machine, and ginger powder packing machine. All machines adopted food-grade stainless steel, which is durable and easy to clean. Ginger [&hellip;]<\/p>\n","protected":false},"author":1,"featured_media":392,"parent":0,"template":"","tags":[15],"product-type":[3],"class_list":["post-311","product","type-product","status-publish","has-post-thumbnail","hentry","tag-fruit-vegetable-processing-machine","product-type-fruit-vegetable-processing-machine"],"_links":{"self":[{"href":"https:\/\/topfoodmachine.com\/es\/wp-json\/wp\/v2\/product\/311","targetHints":{"allow":["GET"]}}],"collection":[{"href":"https:\/\/topfoodmachine.com\/es\/wp-json\/wp\/v2\/product"}],"about":[{"href":"https:\/\/topfoodmachine.com\/es\/wp-json\/wp\/v2\/types\/product"}],"author":[{"embeddable":true,"href":"https:\/\/topfoodmachine.com\/es\/wp-json\/wp\/v2\/users\/1"}],"wp:featuredmedia":[{"embeddable":true,"href":"https:\/\/topfoodmachine.com\/es\/wp-json\/wp\/v2\/media\/392"}],"wp:attachment":[{"href":"https:\/\/topfoodmachine.com\/es\/wp-json\/wp\/v2\/media?parent=311"}],"wp:term":[{"taxonomy":"post_tag","embeddable":true,"href":"https:\/\/topfoodmachine.com\/es\/wp-json\/wp\/v2\/tags?post=311"},{"taxonomy":"product-type","embeddable":true,"href":"https:\/\/topfoodmachine.com\/es\/wp-json\/wp\/v2\/product-type?post=311"}],"curies":[{"name":"wp","href":"https:\/\/api.w.org\/{rel}","templated":true}]}}