{"id":297,"date":"2022-08-03T03:00:36","date_gmt":"2022-08-02T19:00:36","guid":{"rendered":"https:\/\/topfoodmachine.com\/?post_type=product&#038;p=297"},"modified":"2023-02-15T15:05:01","modified_gmt":"2023-02-15T07:05:01","slug":"automatic-chicken-cutting-machine","status":"publish","type":"product","link":"https:\/\/topfoodmachine.com\/es\/product\/automatic-chicken-cutting-machine\/","title":{"rendered":"Cortadora autom\u00e1tica de pollo"},"content":{"rendered":"<div class=\"kk-star-ratings kksr-auto kksr-align-left kksr-valign-top\"     data-payload='{&quot;align&quot;:&quot;left&quot;,&quot;id&quot;:&quot;297&quot;,&quot;slug&quot;:&quot;default&quot;,&quot;valign&quot;:&quot;top&quot;,&quot;ignore&quot;:&quot;&quot;,&quot;reference&quot;:&quot;auto&quot;,&quot;class&quot;:&quot;&quot;,&quot;count&quot;:&quot;7&quot;,&quot;legendonly&quot;:&quot;&quot;,&quot;readonly&quot;:&quot;&quot;,&quot;score&quot;:&quot;4.8&quot;,&quot;starsonly&quot;:&quot;&quot;,&quot;best&quot;:&quot;5&quot;,&quot;gap&quot;:&quot;5&quot;,&quot;greet&quot;:&quot;Rate this product&quot;,&quot;legend&quot;:&quot;4.8\\\/5 - (7 votos)&quot;,&quot;size&quot;:&quot;24&quot;,&quot;title&quot;:&quot;Automatic Chicken Cutting Machine&quot;,&quot;width&quot;:&quot;136.7&quot;,&quot;_legend&quot;:&quot;{score}\\\/{best} - ({count} {votes})&quot;,&quot;font_factor&quot;:&quot;1.25&quot;}'>              <div class=\"kksr-stars\">      <div class=\"kksr-stars-inactive\">             <div class=\"kksr-star\" data-star=\"1\" style=\"padding-right: 5px\">               <div class=\"kksr-icon\" style=\"width: 24px; height: 24px;\"><\/div>         <\/div>             <div class=\"kksr-star\" data-star=\"2\" style=\"padding-right: 5px\">               <div class=\"kksr-icon\" style=\"width: 24px; height: 24px;\"><\/div>         <\/div>             <div class=\"kksr-star\" data-star=\"3\" style=\"padding-right: 5px\">               <div class=\"kksr-icon\" style=\"width: 24px; height: 24px;\"><\/div>         <\/div>             <div class=\"kksr-star\" data-star=\"4\" style=\"padding-right: 5px\">               <div class=\"kksr-icon\" style=\"width: 24px; height: 24px;\"><\/div>         <\/div>             <div class=\"kksr-star\" data-star=\"5\" style=\"padding-right: 5px\">               <div class=\"kksr-icon\" style=\"width: 24px; height: 24px;\"><\/div>         <\/div>     <\/div>      <div class=\"kksr-stars-active\" style=\"width: 136.7px;\">             <div class=\"kksr-star\" style=\"padding-right: 5px\">               <div class=\"kksr-icon\" style=\"width: 24px; height: 24px;\"><\/div>         <\/div>             <div class=\"kksr-star\" style=\"padding-right: 5px\">               <div class=\"kksr-icon\" style=\"width: 24px; height: 24px;\"><\/div>         <\/div>             <div class=\"kksr-star\" style=\"padding-right: 5px\">               <div class=\"kksr-icon\" style=\"width: 24px; height: 24px;\"><\/div>         <\/div>             <div class=\"kksr-star\" style=\"padding-right: 5px\">               <div class=\"kksr-icon\" style=\"width: 24px; height: 24px;\"><\/div>         <\/div>             <div class=\"kksr-star\" style=\"padding-right: 5px\">               <div class=\"kksr-icon\" style=\"width: 24px; height: 24px;\"><\/div>         <\/div>     <\/div> <\/div>                   <div class=\"kksr-legend\" style=\"font-size: 19.2px;\">             4,8\/5 - (7 votos)    <\/div>     <\/div>  <p class=\"translation-block\">La <strong>m\u00e1quina autom\u00e1tica de corte de pollo<\/strong> se utiliza para cortar carne de pollo fresca y congelada en bloques. Adem\u00e1s, tambi\u00e9n se puede aplicar para cortar muchos otros tipos de carne como pescado, cordero, cerdo, res, carne de ganso, carne de pato, etc. El tama\u00f1o de corte es ajustable para satisfacer tus diferentes requisitos. Adem\u00e1s, la capacidad de la <strong>m\u00e1quina comercial de corte de pollo<\/strong> var\u00eda de 400 a 500 kg por hora. Y toda la m\u00e1quina est\u00e1 fabricada con material de acero inoxidable de grado alimenticio, que es altamente duradero. Esta <strong>m\u00e1quina de corte de carne de pollo<\/strong> es muy adecuada para tus tiendas, granjas o planta de procesamiento de alimentos. Bienvenido a contactarnos para el precio de la peque\u00f1a m\u00e1quina cortadora de pollo. <\/p>    <h2 class=\"wp-block-heading\">\u00bfQu\u00e9 es un cortador de pollo?<\/h2>    <p>Se utiliza un cortador de pollo o una m\u00e1quina cortadora de pollo para procesar carne de pollo fresca o congelada en cubos. El tama\u00f1o de corte es ajustable para adaptarse a su situaci\u00f3n real. La capacidad de esta m\u00e1quina puede alcanzar los 500 kg por hora. Esto puede mejorar enormemente su productividad y ahorrar costos. Adem\u00e1s, el precio de la m\u00e1quina cortadora autom\u00e1tica de pollo es asequible. Es muy adecuado para sus tiendas, granjas, restaurantes, escuelas, hospitales, etc.<\/p>    <figure class=\"wp-block-image size-full\"><img loading=\"lazy\" decoding=\"async\" width=\"720\" height=\"540\" src=\"https:\/\/topfoodmachine.com\/wp-content\/uploads\/2022\/08\/automatic-chicken-cutting-machine.jpg\" alt=\"cortadora autom\u00e1tica de pollo\" class=\"wp-image-300\" srcset=\"https:\/\/topfoodmachine.com\/wp-content\/uploads\/2022\/08\/automatic-chicken-cutting-machine.jpg 720w, https:\/\/topfoodmachine.com\/wp-content\/uploads\/2022\/08\/automatic-chicken-cutting-machine-300x225.jpg 300w\" sizes=\"auto, (max-width: 720px) 100vw, 720px\" \/><figcaption class=\"wp-element-caption\">cortadora autom\u00e1tica de pollo<\/figcaption><\/figure>    <h2 class=\"wp-block-heading\">Caracter\u00edsticas de la m\u00e1quina cortadora de carne de pollo. <\/h2>    <ol class=\"wp-block-list\" type=\"1\"> <li>La m\u00e1quina cortadora de carne de pollo adopt\u00f3 material de acero inoxidable completo, que es apto para uso alimentario y muy f\u00e1cil de limpiar.<\/li>    <li>Esta m\u00e1quina tiene una estructura simple y un dise\u00f1o razonable, es f\u00e1cil de operar y mantener<\/li>    <li>El tama\u00f1o de corte se puede personalizar para adaptarse a sus necesidades espec\u00edficas.<\/li>    <li>Los tama\u00f1os de corte son normalmente 2,5*2,5 cm, 3*3 cm, 3,5*3,5 cm, 4*4 cm, 5*5 cm<\/li>    <li>Con un alto nivel de automatizaci\u00f3n, la m\u00e1quina cortadora de carne de pollo tiene una alta eficiencia.<\/li>    <li>Tiene una amplia aplicaci\u00f3n, que tambi\u00e9n es ideal para pato, cordero, pescado, cerdo, ternera, etc.<\/li> <\/ol>    <figure class=\"wp-block-image size-full\"><img loading=\"lazy\" decoding=\"async\" width=\"720\" height=\"540\" src=\"https:\/\/topfoodmachine.com\/wp-content\/uploads\/2022\/08\/chicken-meat-cutting-machine.jpg\" alt=\"maquina cortadora de carne de pollo\" class=\"wp-image-302\" srcset=\"https:\/\/topfoodmachine.com\/wp-content\/uploads\/2022\/08\/chicken-meat-cutting-machine.jpg 720w, https:\/\/topfoodmachine.com\/wp-content\/uploads\/2022\/08\/chicken-meat-cutting-machine-300x225.jpg 300w\" sizes=\"auto, (max-width: 720px) 100vw, 720px\" \/><figcaption class=\"wp-element-caption\">maquina cortadora de carne de pollo<\/figcaption><\/figure>    <h2 class=\"wp-block-heading\">Par\u00e1metros de la cortadora autom\u00e1tica de pollo Taizy<\/h2>    <figure class=\"wp-block-table\"><table><tbody><tr><td>Capacidad<\/td><td>400-500kg\/h<\/td><\/tr><tr><td>Tama\u00f1o<\/td><td>1300x600x960mm<\/td><\/tr><tr><td>Fuerza<\/td><td>220v (3, 0 kw) 380v (2, 2 kw)<\/td><\/tr><tr><td>Peso total<\/td><td>250 kilos<\/td><\/tr><tr><td>correa trapezoidal<\/td><td>B1016<\/td><\/tr><tr><td>La longitud de la carne cortada.<\/td><td>15-50 mm<\/td><\/tr><tr><td>Cinta transportadora<\/td><td>310\u00d71500<\/td><\/tr><\/tbody><\/table><\/figure>    <h2 class=\"wp-block-heading\">Aplicaciones de la m\u00e1quina cortadora de carne comercial. <\/h2>    <p>En realidad, la m\u00e1quina cortadora autom\u00e1tica de pollo es un tipo de cortadora de carne comercial. No solo puede procesar carne de pollo, sino tambi\u00e9n muchos otros tipos de carne, como pato, cordero, ternera, ganso, oporto, etc. El tama\u00f1o del cortador se puede ajustar para satisfacer sus necesidades, de 15 mm a 50 mm.<\/p>    <figure class=\"wp-block-image size-full\"><img loading=\"lazy\" decoding=\"async\" width=\"720\" height=\"467\" src=\"https:\/\/topfoodmachine.com\/wp-content\/uploads\/2022\/08\/meat-cutting-machine-applications.jpg\" alt=\"aplicaciones de la m\u00e1quina de corte de carne\" class=\"wp-image-301\" srcset=\"https:\/\/topfoodmachine.com\/wp-content\/uploads\/2022\/08\/meat-cutting-machine-applications.jpg 720w, https:\/\/topfoodmachine.com\/wp-content\/uploads\/2022\/08\/meat-cutting-machine-applications-300x195.jpg 300w\" sizes=\"auto, (max-width: 720px) 100vw, 720px\" \/><figcaption class=\"wp-element-caption\">aplicaciones de la m\u00e1quina de corte de carne<\/figcaption><\/figure>    <h2 class=\"wp-block-heading\">Detalles de la estructura de la m\u00e1quina cortadora de carne congelada. <\/h2>    <p>Esta m\u00e1quina cortadora de carne tiene una estructura simple, se compone principalmente de estas partes:<\/p>    <ol class=\"wp-block-list\" type=\"1\"> <li>Transporte de PVC de calidad alimentaria. Us\u00f3 un dise\u00f1o de placa de cadena, muy f\u00e1cil de reemplazar.<\/li>    <li>Cortador espesante de alta calidad. La hoja es afilada, resistente al desgaste y a la corrosi\u00f3n.<\/li>    <li>Cepillar. La adopci\u00f3n de material de m\u00e1quina de alimentos puede eliminar los residuos del tablero.<\/li>    <li>Cubierta de seguridad. La cubierta exterior de la cortadora protege la seguridad de la cortadora y del operador.<\/li> <\/ol>    <h2 class=\"wp-block-heading\">Preguntas frecuentes sobre las cortadoras autom\u00e1ticas de pollo Taizy<\/h2>   <div id=\"rank-math-faq\" class=\"rank-math-block\"> <div class=\"rank-math-list\"> <div id=\"faq-question-1663567365255\" class=\"rank-math-list-item\"> <h3 class=\"rank-math-question\"><strong>\u00bfSe pueden ajustar las especificaciones de corte?<\/strong><\/h3> <div class=\"rank-math-answer\">  <p>S\u00ed, se puede ajustar y la longitud de corte es de 15 mm a 50 mm.<\/p>  <\/div> <\/div> <div id=\"faq-question-1663567372730\" class=\"rank-math-list-item\"> <h3 class=\"rank-math-question\"><strong>\u00bfCu\u00e1les son las piezas de repuesto vulnerables de la m\u00e1quina cortadora?<\/strong><\/h3> <div class=\"rank-math-answer\">  <p>Las cuchillas y correas deben reemplazarse oportunamente si est\u00e1n rotas.<\/p>  <\/div> <\/div> <div id=\"faq-question-1663567383907\" class=\"rank-math-list-item\"> <h3 class=\"rank-math-question\"><strong>\u00bfPara qu\u00e9 se utiliza la cortadora de aves?<\/strong><\/h3> <div class=\"rank-math-answer\">  <p>Se utiliza para cortar pollo, ternera, cordero, cerdo, ganso, pato, etc., frescos o congelados.<\/p>  <\/div> <\/div> <\/div> <\/div>","protected":false},"excerpt":{"rendered":"<p>Automatic chicken cutting machine is used for cutting fresh and frozen chicken meat into blocks. Besides, it can also be applied for cutting many other types of meat like fish, mutton, pork, beef, goose meat, duck meat, etc. The cutting size is adjustable to meet your different requirements. Besides, the capacity of the commercial chicken [&hellip;]<\/p>\n","protected":false},"author":1,"featured_media":300,"parent":0,"template":"","tags":[12],"product-type":[7],"class_list":["post-297","product","type-product","status-publish","has-post-thumbnail","hentry","tag-egg-meat-processing-machine","product-type-egg-meat-processing-machine"],"_links":{"self":[{"href":"https:\/\/topfoodmachine.com\/es\/wp-json\/wp\/v2\/product\/297","targetHints":{"allow":["GET"]}}],"collection":[{"href":"https:\/\/topfoodmachine.com\/es\/wp-json\/wp\/v2\/product"}],"about":[{"href":"https:\/\/topfoodmachine.com\/es\/wp-json\/wp\/v2\/types\/product"}],"author":[{"embeddable":true,"href":"https:\/\/topfoodmachine.com\/es\/wp-json\/wp\/v2\/users\/1"}],"wp:featuredmedia":[{"embeddable":true,"href":"https:\/\/topfoodmachine.com\/es\/wp-json\/wp\/v2\/media\/300"}],"wp:attachment":[{"href":"https:\/\/topfoodmachine.com\/es\/wp-json\/wp\/v2\/media?parent=297"}],"wp:term":[{"taxonomy":"post_tag","embeddable":true,"href":"https:\/\/topfoodmachine.com\/es\/wp-json\/wp\/v2\/tags?post=297"},{"taxonomy":"product-type","embeddable":true,"href":"https:\/\/topfoodmachine.com\/es\/wp-json\/wp\/v2\/product-type?post=297"}],"curies":[{"name":"wp","href":"https:\/\/api.w.org\/{rel}","templated":true}]}}