{"id":289,"date":"2022-08-02T07:46:37","date_gmt":"2022-08-01T23:46:37","guid":{"rendered":"https:\/\/topfoodmachine.com\/?post_type=product&#038;p=289"},"modified":"2025-04-27T16:51:55","modified_gmt":"2025-04-27T08:51:55","slug":"chin-chin-cutting-machine","status":"publish","type":"product","link":"https:\/\/topfoodmachine.com\/es\/product\/chin-chin-cutting-machine\/","title":{"rendered":"M\u00e1quina cortadora de ment\u00f3n"},"content":{"rendered":"<div class=\"kk-star-ratings kksr-auto kksr-align-left kksr-valign-top\"     data-payload='{&quot;align&quot;:&quot;left&quot;,&quot;id&quot;:&quot;289&quot;,&quot;slug&quot;:&quot;default&quot;,&quot;valign&quot;:&quot;top&quot;,&quot;ignore&quot;:&quot;&quot;,&quot;reference&quot;:&quot;auto&quot;,&quot;class&quot;:&quot;&quot;,&quot;count&quot;:&quot;8&quot;,&quot;legendonly&quot;:&quot;&quot;,&quot;readonly&quot;:&quot;&quot;,&quot;score&quot;:&quot;4.6&quot;,&quot;starsonly&quot;:&quot;&quot;,&quot;best&quot;:&quot;5&quot;,&quot;gap&quot;:&quot;5&quot;,&quot;greet&quot;:&quot;Rate this product&quot;,&quot;legend&quot;:&quot;4.6\\\/5 - (8 votos)&quot;,&quot;size&quot;:&quot;24&quot;,&quot;title&quot;:&quot;Chin Chin Cutting Machine&quot;,&quot;width&quot;:&quot;130.9&quot;,&quot;_legend&quot;:&quot;{score}\\\/{best} - ({count} {votes})&quot;,&quot;font_factor&quot;:&quot;1.25&quot;}'>              <div class=\"kksr-stars\">      <div class=\"kksr-stars-inactive\">             <div class=\"kksr-star\" data-star=\"1\" style=\"padding-right: 5px\">               <div class=\"kksr-icon\" style=\"width: 24px; height: 24px;\"><\/div>         <\/div>             <div class=\"kksr-star\" data-star=\"2\" style=\"padding-right: 5px\">               <div class=\"kksr-icon\" style=\"width: 24px; height: 24px;\"><\/div>         <\/div>             <div class=\"kksr-star\" data-star=\"3\" style=\"padding-right: 5px\">               <div class=\"kksr-icon\" style=\"width: 24px; height: 24px;\"><\/div>         <\/div>             <div class=\"kksr-star\" data-star=\"4\" style=\"padding-right: 5px\">               <div class=\"kksr-icon\" style=\"width: 24px; height: 24px;\"><\/div>         <\/div>             <div class=\"kksr-star\" data-star=\"5\" style=\"padding-right: 5px\">               <div class=\"kksr-icon\" style=\"width: 24px; height: 24px;\"><\/div>         <\/div>     <\/div>      <div class=\"kksr-stars-active\" style=\"width: 130.9px;\">             <div class=\"kksr-star\" style=\"padding-right: 5px\">               <div class=\"kksr-icon\" style=\"width: 24px; height: 24px;\"><\/div>         <\/div>             <div class=\"kksr-star\" style=\"padding-right: 5px\">               <div class=\"kksr-icon\" style=\"width: 24px; height: 24px;\"><\/div>         <\/div>             <div class=\"kksr-star\" style=\"padding-right: 5px\">               <div class=\"kksr-icon\" style=\"width: 24px; height: 24px;\"><\/div>         <\/div>             <div class=\"kksr-star\" style=\"padding-right: 5px\">               <div class=\"kksr-icon\" style=\"width: 24px; height: 24px;\"><\/div>         <\/div>             <div class=\"kksr-star\" style=\"padding-right: 5px\">               <div class=\"kksr-icon\" style=\"width: 24px; height: 24px;\"><\/div>         <\/div>     <\/div> <\/div>                   <div class=\"kksr-legend\" style=\"font-size: 19.2px;\">             4,6\/5 - (8 votos)    <\/div>     <\/div>  <p>La m\u00e1quina el\u00e9ctrica de corte de Chin Chin es una pieza clave de equipo en la l\u00ednea de producci\u00f3n de Chin Chin, dise\u00f1ada para agilizar el proceso de creaci\u00f3n de este popular bocadillo nigeriano. <\/p>    <p>Al automatizar el corte de la masa en formas consistentes, como cuadrados, tiras o piezas en forma de diamante, esta m\u00e1quina asegura uniformidad y alta eficiencia. <\/p>    <p>Esta m\u00e1quina vers\u00e1til no solo es ideal para producir Chin Chin, sino que tambi\u00e9n se utiliza ampliamente en la producci\u00f3n de fideos de arroz, tres cuchillos de miel y otros art\u00edculos de bocadillos. <\/p>    <figure class=\"wp-block-embed is-type-video is-provider-youtube wp-block-embed-youtube wp-embed-aspect-16-9 wp-has-aspect-ratio\"><div class=\"wp-block-embed__wrapper\"> <iframe loading=\"lazy\" title=\"M\u00e1quina de corte de chin chin en acci\u00f3n | \u00a1V\u00e9alo trabajar en vivo! #pasta #procesamientodealimentos #maquinadealimentos\" width=\"500\" height=\"281\" src=\"https:\/\/www.youtube.com\/embed\/VsFOJM9C2SY?feature=oembed\" frameborder=\"0\" allow=\"accelerometer; autoplay; clipboard-write; encrypted-media; gyroscope; picture-in-picture; web-share\" referrerpolicy=\"strict-origin-when-cross-origin\" allowfullscreen><\/iframe> <\/div><figcaption class=\"wp-element-caption\">Video de Trabajo de la M\u00e1quina de Corte de Chin Chin<\/figcaption><\/figure>    <h2 class=\"wp-block-heading\">Varios tipos de chin chin<\/h2>    <p>La m\u00e1quina de corte de chin chin ofrece gran flexibilidad en la producci\u00f3n de varios tipos de bocadillos simplemente cambiando las herramientas de formaci\u00f3n. Con diferentes tama\u00f1os y formas de moldes, la m\u00e1quina puede crear f\u00e1cilmente no solo chin chin tradicional en formas cuadradas o de tiras, sino tambi\u00e9n otros bocadillos populares como tres cuchillos de miel, tiras de arroz y sonrisas. <\/p>    <p>Esta versatilidad hace que la m\u00e1quina sea altamente adaptable a diferentes necesidades de producci\u00f3n, permitiendo a los fabricantes expandir su gama de productos y satisfacer diversas demandas del mercado con facilidad.<\/p>    <figure class=\"wp-block-gallery has-nested-images columns-2 is-cropped wp-block-gallery-2 is-layout-flex wp-block-gallery-is-layout-flex\"> <figure class=\"wp-block-image size-large\"><img loading=\"lazy\" decoding=\"async\" width=\"720\" height=\"540\" data-id=\"1286\" src=\"https:\/\/topfoodmachine.com\/wp-content\/uploads\/2022\/08\/blades-of-chin-chin-maker.webp\" alt=\"cuchillas de la m\u00e1quina de chin chin\" class=\"wp-image-1286\" srcset=\"https:\/\/topfoodmachine.com\/wp-content\/uploads\/2022\/08\/blades-of-chin-chin-maker.webp 720w, https:\/\/topfoodmachine.com\/wp-content\/uploads\/2022\/08\/blades-of-chin-chin-maker-300x225.webp 300w, https:\/\/topfoodmachine.com\/wp-content\/uploads\/2022\/08\/blades-of-chin-chin-maker-16x12.webp 16w\" sizes=\"auto, (max-width: 720px) 100vw, 720px\" \/><figcaption class=\"wp-element-caption\">cuchillas de la m\u00e1quina de chin chin<\/figcaption><\/figure>    <figure class=\"wp-block-image size-large\"><img loading=\"lazy\" decoding=\"async\" width=\"720\" height=\"540\" data-id=\"1287\" src=\"https:\/\/topfoodmachine.com\/wp-content\/uploads\/2022\/08\/rhombus-type-chin-chin.webp\" alt=\"chin chin tipo rombo\" class=\"wp-image-1287\" srcset=\"https:\/\/topfoodmachine.com\/wp-content\/uploads\/2022\/08\/rhombus-type-chin-chin.webp 720w, https:\/\/topfoodmachine.com\/wp-content\/uploads\/2022\/08\/rhombus-type-chin-chin-300x225.webp 300w, https:\/\/topfoodmachine.com\/wp-content\/uploads\/2022\/08\/rhombus-type-chin-chin-16x12.webp 16w\" sizes=\"auto, (max-width: 720px) 100vw, 720px\" \/><figcaption class=\"wp-element-caption\">chin chin tipo rombo<\/figcaption><\/figure>    <figure class=\"wp-block-image size-large\"><img loading=\"lazy\" decoding=\"async\" width=\"720\" height=\"540\" data-id=\"1288\" src=\"https:\/\/topfoodmachine.com\/wp-content\/uploads\/2022\/08\/square-type-chin-chin.webp\" alt=\"chin chin tipo cuadrado\" class=\"wp-image-1288\" srcset=\"https:\/\/topfoodmachine.com\/wp-content\/uploads\/2022\/08\/square-type-chin-chin.webp 720w, https:\/\/topfoodmachine.com\/wp-content\/uploads\/2022\/08\/square-type-chin-chin-300x225.webp 300w, https:\/\/topfoodmachine.com\/wp-content\/uploads\/2022\/08\/square-type-chin-chin-16x12.webp 16w\" sizes=\"auto, (max-width: 720px) 100vw, 720px\" \/><figcaption class=\"wp-element-caption\">chin chin tipo cuadrado<\/figcaption><\/figure>    <figure class=\"wp-block-image size-large\"><img loading=\"lazy\" decoding=\"async\" width=\"720\" height=\"540\" data-id=\"1289\" src=\"https:\/\/topfoodmachine.com\/wp-content\/uploads\/2022\/08\/strip-chin-chin.webp\" alt=\"chin chin en tiras\" class=\"wp-image-1289\" srcset=\"https:\/\/topfoodmachine.com\/wp-content\/uploads\/2022\/08\/strip-chin-chin.webp 720w, https:\/\/topfoodmachine.com\/wp-content\/uploads\/2022\/08\/strip-chin-chin-300x225.webp 300w, https:\/\/topfoodmachine.com\/wp-content\/uploads\/2022\/08\/strip-chin-chin-16x12.webp 16w\" sizes=\"auto, (max-width: 720px) 100vw, 720px\" \/><figcaption class=\"wp-element-caption\">chin chin en tiras<\/figcaption><\/figure> <\/figure>    <h2 class=\"wp-block-heading\">Caracter\u00edsticas de la m\u00e1quina cortadora de chin chin<\/h2>    <div class=\"wp-block-media-text has-media-on-the-right is-stacked-on-mobile\"><div class=\"wp-block-media-text__content\"> <ul class=\"wp-block-list\"> <li>Corte multifuncional. Al cambiar las cuchillas, la m\u00e1quina puede producir chin chin, tres cuchillos de miel, fideos de arroz y otros bocadillos.<\/li>    <li>Rociado autom\u00e1tico de harina. Dispositivos de esparcimiento de harina en la parte delantera y trasera evitan que se pegue, con cantidades de harina ajustables.<\/li>    <li>Dise\u00f1o de tamiz vibrante. Separa los productos terminados de la harina excesiva para una salida m\u00e1s limpia.<\/li>    <li>Estable y confiable. Estructura mec\u00e1nica simple, bajo \u00edndice de fallos y corte uniforme sin desperdicio de material.<\/li> <\/ul> <\/div><figure class=\"wp-block-media-text__media\"><img loading=\"lazy\" decoding=\"async\" width=\"720\" height=\"540\" src=\"https:\/\/topfoodmachine.com\/wp-content\/uploads\/2022\/08\/chin-chin-cutting-machine-1.jpg\" alt=\"m\u00e1quina cortadora de ment\u00f3n\" class=\"wp-image-290 size-full\" srcset=\"https:\/\/topfoodmachine.com\/wp-content\/uploads\/2022\/08\/chin-chin-cutting-machine-1.jpg 720w, https:\/\/topfoodmachine.com\/wp-content\/uploads\/2022\/08\/chin-chin-cutting-machine-1-300x225.jpg 300w\" sizes=\"auto, (max-width: 720px) 100vw, 720px\" \/><\/figure><\/div>    <div class=\"wp-block-media-text is-stacked-on-mobile\"><figure class=\"wp-block-media-text__media\"><img loading=\"lazy\" decoding=\"async\" width=\"720\" height=\"540\" src=\"https:\/\/topfoodmachine.com\/wp-content\/uploads\/2022\/08\/various-kinds-of-chin-chin.jpg\" alt=\"varios tipos de chin chin\" class=\"wp-image-292 size-full\" srcset=\"https:\/\/topfoodmachine.com\/wp-content\/uploads\/2022\/08\/various-kinds-of-chin-chin.jpg 720w, https:\/\/topfoodmachine.com\/wp-content\/uploads\/2022\/08\/various-kinds-of-chin-chin-300x225.jpg 300w\" sizes=\"auto, (max-width: 720px) 100vw, 720px\" \/><\/figure><div class=\"wp-block-media-text__content\"> <ul class=\"wp-block-list\"> <li>F\u00e1cil de operar. Una persona puede completar la alimentaci\u00f3n, con la m\u00e1quina manejando todo el corte autom\u00e1ticamente.<\/li>    <li>Alta eficiencia. Gran capacidad, tama\u00f1o compacto y reducci\u00f3n significativa de costos laborales y de producci\u00f3n.<\/li>    <li>Tama\u00f1o y grosor ajustables. El tama\u00f1o del producto terminado y el grosor de la hoja de masa se pueden ajustar f\u00e1cilmente a trav\u00e9s de rodillos y manijas.<\/li> <\/ul> <\/div><\/div>    <h2 class=\"wp-block-heading\">Par\u00e1metros de la m\u00e1quina cortadora de chin chin<\/h2>    <figure class=\"wp-block-table\"><table class=\"has-fixed-layout\"><tbody><tr><td>Tipo<\/td><td>TZ-150<\/td><td>TZ-1000<\/td><\/tr><tr><td>Fuerza<\/td><td>2.6kw<\/td><td>4,5 kw<\/td><\/tr><tr><td>Capacidad<\/td><td>150~300kg\/hora<\/td><td>1000kg\/hora<\/td><\/tr><tr><td>Peso<\/td><td>280kg<\/td><td>800 kilos<\/td><\/tr><tr><td>Tama\u00f1o<\/td><td>1500*560*1200mm<\/td><td>3300*610*1500mm<\/td><\/tr><\/tbody><\/table><figcaption class=\"wp-element-caption\">par\u00e1metros de la m\u00e1quina de corte de chin chin<\/figcaption><\/figure>    <figure class=\"wp-block-image size-full\"><img loading=\"lazy\" decoding=\"async\" width=\"720\" height=\"540\" src=\"https:\/\/topfoodmachine.com\/wp-content\/uploads\/2022\/08\/exported-Chin-Chin-Making-Machine.webp\" alt=\"M\u00e1quina cortadora de ment\u00f3n\" class=\"wp-image-1284\" srcset=\"https:\/\/topfoodmachine.com\/wp-content\/uploads\/2022\/08\/exported-Chin-Chin-Making-Machine.webp 720w, https:\/\/topfoodmachine.com\/wp-content\/uploads\/2022\/08\/exported-Chin-Chin-Making-Machine-300x225.webp 300w, https:\/\/topfoodmachine.com\/wp-content\/uploads\/2022\/08\/exported-Chin-Chin-Making-Machine-16x12.webp 16w\" sizes=\"auto, (max-width: 720px) 100vw, 720px\" \/><figcaption class=\"wp-element-caption\">M\u00e1quina cortadora de ment\u00f3n<\/figcaption><\/figure>    <h2 class=\"wp-block-heading\">\u00bfC\u00f3mo funciona el cortador de ment\u00f3n?<\/h2>    <div class=\"wp-block-media-text is-stacked-on-mobile\"><figure class=\"wp-block-media-text__media\"><img loading=\"lazy\" decoding=\"async\" width=\"720\" height=\"540\" src=\"https:\/\/topfoodmachine.com\/wp-content\/uploads\/2022\/08\/chin-chin-cutter-effects.jpg\" alt=\"efectos del cortador de chin chin\" class=\"wp-image-294 size-full\" srcset=\"https:\/\/topfoodmachine.com\/wp-content\/uploads\/2022\/08\/chin-chin-cutter-effects.jpg 720w, https:\/\/topfoodmachine.com\/wp-content\/uploads\/2022\/08\/chin-chin-cutter-effects-300x225.jpg 300w\" sizes=\"auto, (max-width: 720px) 100vw, 720px\" \/><\/figure><div class=\"wp-block-media-text__content\"> <ul class=\"wp-block-list\"> <li>Coloca la hoja de masa en el \u00e1rea de alimentaci\u00f3n de la m\u00e1quina.<\/li>    <li>Enciende la m\u00e1quina y la masa ser\u00e1 transportada autom\u00e1ticamente entre los rodillos.<\/li>    <li>Los rodillos presionan la masa hasta el grosor deseado, que se puede ajustar seg\u00fan sea necesario.<\/li>    <li>La masa presionada se entrega en la cinta transportadora que conduce a la secci\u00f3n de corte.<\/li> <\/ul> <\/div><\/div>    <div class=\"wp-block-media-text has-media-on-the-right is-stacked-on-mobile\"><div class=\"wp-block-media-text__content\"> <ul class=\"wp-block-list\"> <li>La hoja de masa pasa a trav\u00e9s del cortador, donde se corta en cuadrados, diamantes, lunas u otras formas.<\/li>    <li>La posici\u00f3n de cada rodillo se puede ajustar para controlar el grosor de la masa, ayudando a gestionar el tama\u00f1o y peso final del chin chin.<\/li>    <li>Despu\u00e9s de cortar, las piezas terminadas se separan y est\u00e1n listas para la siguiente etapa de procesamiento.<\/li> <\/ul> <\/div><figure class=\"wp-block-media-text__media\"><img loading=\"lazy\" decoding=\"async\" width=\"720\" height=\"540\" src=\"https:\/\/topfoodmachine.com\/wp-content\/uploads\/2022\/08\/industrial-chin-chin-cutter.jpg\" alt=\"cortador de chin chin industrial\" class=\"wp-image-295 size-full\" srcset=\"https:\/\/topfoodmachine.com\/wp-content\/uploads\/2022\/08\/industrial-chin-chin-cutter.jpg 720w, https:\/\/topfoodmachine.com\/wp-content\/uploads\/2022\/08\/industrial-chin-chin-cutter-300x225.jpg 300w\" sizes=\"auto, (max-width: 720px) 100vw, 720px\" \/><\/figure><\/div>    <h2 class=\"wp-block-heading\">\u00bfPor qu\u00e9 son tan populares los bocadillos de chin chin?<\/h2>    <p>Los bocadillos de chin chin son amados por su delicioso sabor, textura crujiente y versatilidad. Pueden disfrutarse como un bocadillo ligero, un regalo para fiestas o incluso empaquetados para la venta comercial. Con un sabor dulce y ligeramente mantecoso y un crujido satisfactorio, el chin chin atrae a personas de todas las edades. <\/p>    <p>Su larga vida \u00fatil, facilidad de almacenamiento y variedad de formas y tama\u00f1os tambi\u00e9n contribuyen a su popularidad. Ya sea hecho en casa o producido en masa, el chin chin sigue siendo un bocadillo favorito en muchas culturas, especialmente en \u00c1frica y m\u00e1s all\u00e1.<\/p>    <figure class=\"wp-block-gallery has-nested-images columns-default is-cropped wp-block-gallery-3 is-layout-flex wp-block-gallery-is-layout-flex\"> <figure class=\"wp-block-image size-large\"><img loading=\"lazy\" decoding=\"async\" width=\"720\" height=\"540\" data-id=\"1276\" src=\"https:\/\/topfoodmachine.com\/wp-content\/uploads\/2022\/08\/Chin-Chin-Maker-with-good-price.webp\" alt=\"M\u00e1quina de chin chin a buen precio\" class=\"wp-image-1276\" srcset=\"https:\/\/topfoodmachine.com\/wp-content\/uploads\/2022\/08\/Chin-Chin-Maker-with-good-price.webp 720w, https:\/\/topfoodmachine.com\/wp-content\/uploads\/2022\/08\/Chin-Chin-Maker-with-good-price-300x225.webp 300w, https:\/\/topfoodmachine.com\/wp-content\/uploads\/2022\/08\/Chin-Chin-Maker-with-good-price-16x12.webp 16w\" sizes=\"auto, (max-width: 720px) 100vw, 720px\" \/><figcaption class=\"wp-element-caption\">M\u00e1quina de chin chin a buen precio<\/figcaption><\/figure>    <figure class=\"wp-block-image size-large\"><img loading=\"lazy\" decoding=\"async\" width=\"720\" height=\"540\" data-id=\"1283\" src=\"https:\/\/topfoodmachine.com\/wp-content\/uploads\/2022\/08\/details-of-Chin-Chin-Making-Machine.webp\" alt=\"detalles de la m\u00e1quina de hacer chin chin\" class=\"wp-image-1283\" srcset=\"https:\/\/topfoodmachine.com\/wp-content\/uploads\/2022\/08\/details-of-Chin-Chin-Making-Machine.webp 720w, https:\/\/topfoodmachine.com\/wp-content\/uploads\/2022\/08\/details-of-Chin-Chin-Making-Machine-300x225.webp 300w, https:\/\/topfoodmachine.com\/wp-content\/uploads\/2022\/08\/details-of-Chin-Chin-Making-Machine-16x12.webp 16w\" sizes=\"auto, (max-width: 720px) 100vw, 720px\" \/><figcaption class=\"wp-element-caption\">detalles de la m\u00e1quina de hacer chin chin<\/figcaption><\/figure> <\/figure>    <h2 class=\"wp-block-heading\">Cont\u00e1ctenos<\/h2>    <p class=\"translation-block\">En resumen, nuestra <a href=\"https:\/\/en.wikipedia.org\/wiki\/Chin_chin\" data-type=\"link\" data-id=\"https:\/\/en.wikipedia.org\/wiki\/Chin_chin\" target=\"_blank\" rel=\"noopener\">m\u00e1quina de corte de Chin Chin<\/a> no solo produce varias formas y sabores de Chin Chin, sino que tambi\u00e9n opera con facilidad y alta automatizaci\u00f3n, mejorando la eficiencia de producci\u00f3n mientras mantiene la calidad del producto. <\/p>    <p class=\"translation-block\">Adem\u00e1s, cuando se combina con nuestra avanzada <a href=\"https:\/\/topfoodmachine.com\/es\/product\/chin-chin-making-machine\/\" data-type=\"link\" data-id=\"https:\/\/topfoodmachine.com\/product\/chin-chin-making-machine\/\">L\u00ednea de Producci\u00f3n de Chin Chin<\/a>, puedes lograr automatizaci\u00f3n y producci\u00f3n a gran escala, brindando gran conveniencia y crecimiento de beneficios a tu negocio. \u00a1Cont\u00e1ctanos ahora para m\u00e1s informaci\u00f3n y para solicitar un presupuesto!<\/p>","protected":false},"excerpt":{"rendered":"<p>La m\u00e1quina el\u00e9ctrica de corte de Chin Chin es una pieza clave de equipo en la l\u00ednea de producci\u00f3n de Chin Chin, dise\u00f1ada para agilizar el proceso de creaci\u00f3n de este popular bocadillo nigeriano. <\/p>","protected":false},"author":1,"featured_media":290,"parent":0,"template":"","tags":[118],"product-type":[6],"class_list":["post-289","product","type-product","status-publish","has-post-thumbnail","hentry","tag-chin-chin-cutting-machine","product-type-pastry-production-machine"],"_links":{"self":[{"href":"https:\/\/topfoodmachine.com\/es\/wp-json\/wp\/v2\/product\/289","targetHints":{"allow":["GET"]}}],"collection":[{"href":"https:\/\/topfoodmachine.com\/es\/wp-json\/wp\/v2\/product"}],"about":[{"href":"https:\/\/topfoodmachine.com\/es\/wp-json\/wp\/v2\/types\/product"}],"author":[{"embeddable":true,"href":"https:\/\/topfoodmachine.com\/es\/wp-json\/wp\/v2\/users\/1"}],"wp:featuredmedia":[{"embeddable":true,"href":"https:\/\/topfoodmachine.com\/es\/wp-json\/wp\/v2\/media\/290"}],"wp:attachment":[{"href":"https:\/\/topfoodmachine.com\/es\/wp-json\/wp\/v2\/media?parent=289"}],"wp:term":[{"taxonomy":"post_tag","embeddable":true,"href":"https:\/\/topfoodmachine.com\/es\/wp-json\/wp\/v2\/tags?post=289"},{"taxonomy":"product-type","embeddable":true,"href":"https:\/\/topfoodmachine.com\/es\/wp-json\/wp\/v2\/product-type?post=289"}],"curies":[{"name":"wp","href":"https:\/\/api.w.org\/{rel}","templated":true}]}}