{"id":277,"date":"2022-08-01T09:09:56","date_gmt":"2022-08-01T09:09:56","guid":{"rendered":"https:\/\/topfoodmachine.com\/?post_type=product&#038;p=277"},"modified":"2024-05-22T17:55:24","modified_gmt":"2024-05-22T09:55:24","slug":"chin-chin-making-machine","status":"publish","type":"product","link":"https:\/\/topfoodmachine.com\/es\/product\/chin-chin-making-machine\/","title":{"rendered":"M\u00e1quina para fabricar barbilla y barbilla"},"content":{"rendered":"<div class=\"kk-star-ratings kksr-auto kksr-align-left kksr-valign-top\"     data-payload='{&quot;align&quot;:&quot;left&quot;,&quot;id&quot;:&quot;277&quot;,&quot;slug&quot;:&quot;default&quot;,&quot;valign&quot;:&quot;top&quot;,&quot;ignore&quot;:&quot;&quot;,&quot;reference&quot;:&quot;auto&quot;,&quot;class&quot;:&quot;&quot;,&quot;count&quot;:&quot;24&quot;,&quot;legendonly&quot;:&quot;&quot;,&quot;readonly&quot;:&quot;&quot;,&quot;score&quot;:&quot;4.6&quot;,&quot;starsonly&quot;:&quot;&quot;,&quot;best&quot;:&quot;5&quot;,&quot;gap&quot;:&quot;5&quot;,&quot;greet&quot;:&quot;Rate this product&quot;,&quot;legend&quot;:&quot;4.6\\\/5 - (24 votos)&quot;,&quot;size&quot;:&quot;24&quot;,&quot;title&quot;:&quot;Chin Chin Making Machine&quot;,&quot;width&quot;:&quot;130.9&quot;,&quot;_legend&quot;:&quot;{score}\\\/{best} - ({count} {votes})&quot;,&quot;font_factor&quot;:&quot;1.25&quot;}'>              <div class=\"kksr-stars\">      <div class=\"kksr-stars-inactive\">             <div class=\"kksr-star\" data-star=\"1\" style=\"padding-right: 5px\">               <div class=\"kksr-icon\" style=\"width: 24px; height: 24px;\"><\/div>         <\/div>             <div class=\"kksr-star\" data-star=\"2\" style=\"padding-right: 5px\">               <div class=\"kksr-icon\" style=\"width: 24px; height: 24px;\"><\/div>         <\/div>             <div class=\"kksr-star\" data-star=\"3\" style=\"padding-right: 5px\">               <div class=\"kksr-icon\" style=\"width: 24px; height: 24px;\"><\/div>         <\/div>             <div class=\"kksr-star\" data-star=\"4\" style=\"padding-right: 5px\">               <div class=\"kksr-icon\" style=\"width: 24px; height: 24px;\"><\/div>         <\/div>             <div class=\"kksr-star\" data-star=\"5\" style=\"padding-right: 5px\">               <div class=\"kksr-icon\" style=\"width: 24px; height: 24px;\"><\/div>         <\/div>     <\/div>      <div class=\"kksr-stars-active\" style=\"width: 130.9px;\">             <div class=\"kksr-star\" style=\"padding-right: 5px\">               <div class=\"kksr-icon\" style=\"width: 24px; height: 24px;\"><\/div>         <\/div>             <div class=\"kksr-star\" style=\"padding-right: 5px\">               <div class=\"kksr-icon\" style=\"width: 24px; height: 24px;\"><\/div>         <\/div>             <div class=\"kksr-star\" style=\"padding-right: 5px\">               <div class=\"kksr-icon\" style=\"width: 24px; height: 24px;\"><\/div>         <\/div>             <div class=\"kksr-star\" style=\"padding-right: 5px\">               <div class=\"kksr-icon\" style=\"width: 24px; height: 24px;\"><\/div>         <\/div>             <div class=\"kksr-star\" style=\"padding-right: 5px\">               <div class=\"kksr-icon\" style=\"width: 24px; height: 24px;\"><\/div>         <\/div>     <\/div> <\/div>                   <div class=\"kksr-legend\" style=\"font-size: 19.2px;\">             4,6\/5 - (24 votos)    <\/div>     <\/div>  <p class=\"translation-block\"><strong>La l\u00ednea de m\u00e1quina de hacer chin chin<\/strong> o l\u00ednea de producci\u00f3n de chin chin es ideal para tu restaurante, tiendas de bocadillos, cafeter\u00eda, etc. Consiste principalmente en 6 m\u00e1quinas: mezcladora de masa, m\u00e1quina de prensado de masa, m\u00e1quina de corte de chin chin, m\u00e1quina de fre\u00edr chin chin, m\u00e1quina de desengrasado y m\u00e1quina de empaquetado de chin chin. Estas m\u00e1quinas se combinan y pueden fabricar bocadillos de chin chin de manera autom\u00e1tica y eficiente. <\/p>    <p>La capacidad de producci\u00f3n de la m\u00e1quina para hacer chin chin a la venta de Taizy var\u00eda de 150 kg\/h a 300 kg\/h. Adem\u00e1s, todas las m\u00e1quinas utilizan una estructura de cuerpo de acero inoxidable, que es un material de grado alimenticio y duradero. Bienvenido a contactarnos para comenzar su negocio de snacks de chin chin.<\/p>    <figure class=\"wp-block-image size-full\"><img loading=\"lazy\" decoding=\"async\" width=\"720\" height=\"540\" src=\"https:\/\/topfoodmachine.com\/wp-content\/uploads\/2022\/08\/Chin-Chin-Maker-with-good-price.webp\" alt=\"M\u00e1quina de chin chin a buen precio\" class=\"wp-image-1276\" srcset=\"https:\/\/topfoodmachine.com\/wp-content\/uploads\/2022\/08\/Chin-Chin-Maker-with-good-price.webp 720w, https:\/\/topfoodmachine.com\/wp-content\/uploads\/2022\/08\/Chin-Chin-Maker-with-good-price-300x225.webp 300w, https:\/\/topfoodmachine.com\/wp-content\/uploads\/2022\/08\/Chin-Chin-Maker-with-good-price-16x12.webp 16w\" sizes=\"auto, (max-width: 720px) 100vw, 720px\" \/><figcaption class=\"wp-element-caption\">M\u00e1quina de chin chin a buen precio<\/figcaption><\/figure>    <h2 class=\"wp-block-heading\">Materias primas de la m\u00e1quina de chin chin<\/h2>    <p>Las materias primas para hacer chin chin incluyen: harina, az\u00facar, mantequilla o margarina, huevos, leche o agua, polvo de hornear o bicarbonato de sodio, especias (como nuez moscada o canela), sal y aceite.<\/p>    <figure class=\"wp-block-gallery has-nested-images columns-default is-cropped wp-block-gallery-2 is-layout-flex wp-block-gallery-is-layout-flex\"> <figure class=\"wp-block-image size-large\"><img loading=\"lazy\" decoding=\"async\" width=\"720\" height=\"540\" data-id=\"1278\" src=\"https:\/\/topfoodmachine.com\/wp-content\/uploads\/2022\/08\/chin-chin.webp\" alt=\"chin chin\" class=\"wp-image-1278\" srcset=\"https:\/\/topfoodmachine.com\/wp-content\/uploads\/2022\/08\/chin-chin.webp 720w, https:\/\/topfoodmachine.com\/wp-content\/uploads\/2022\/08\/chin-chin-300x225.webp 300w, https:\/\/topfoodmachine.com\/wp-content\/uploads\/2022\/08\/chin-chin-16x12.webp 16w\" sizes=\"auto, (max-width: 720px) 100vw, 720px\" \/><figcaption class=\"wp-element-caption\">chin chin<\/figcaption><\/figure>    <figure class=\"wp-block-image size-large\"><img loading=\"lazy\" decoding=\"async\" width=\"720\" height=\"540\" data-id=\"1277\" src=\"https:\/\/topfoodmachine.com\/wp-content\/uploads\/2022\/08\/chin-chin-making.webp\" alt=\"hacer chin chin\" class=\"wp-image-1277\" srcset=\"https:\/\/topfoodmachine.com\/wp-content\/uploads\/2022\/08\/chin-chin-making.webp 720w, https:\/\/topfoodmachine.com\/wp-content\/uploads\/2022\/08\/chin-chin-making-300x225.webp 300w, https:\/\/topfoodmachine.com\/wp-content\/uploads\/2022\/08\/chin-chin-making-16x12.webp 16w\" sizes=\"auto, (max-width: 720px) 100vw, 720px\" \/><figcaption class=\"wp-element-caption\">hacer chin chin<\/figcaption><\/figure> <\/figure>    <h2 class=\"wp-block-heading\">Proceso de l\u00ednea de producci\u00f3n de chin chin <\/h2>    <p>El proceso de trabajo de la l\u00ednea de producci\u00f3n de chin chin es el siguiente:<\/p>    <p><strong>Mezclado de masa \u2192 prensado de masa \u2192 corte de chin chin \u2192 fre\u00edr chin chin \u2192 desengrasado de chin chin \u2192 envasado de chin chin. <\/strong><\/p>    <figure class=\"wp-block-image size-full\"><img loading=\"lazy\" decoding=\"async\" width=\"720\" height=\"540\" src=\"https:\/\/topfoodmachine.com\/wp-content\/uploads\/2022\/08\/chin-chin-making-machine.jpg\" alt=\"m\u00e1quina para hacer barbilla y barbilla\" class=\"wp-image-278\" srcset=\"https:\/\/topfoodmachine.com\/wp-content\/uploads\/2022\/08\/chin-chin-making-machine.jpg 720w, https:\/\/topfoodmachine.com\/wp-content\/uploads\/2022\/08\/chin-chin-making-machine-300x225.jpg 300w\" sizes=\"auto, (max-width: 720px) 100vw, 720px\" \/><figcaption class=\"wp-element-caption\">m\u00e1quina para hacer barbilla y barbilla<\/figcaption><\/figure>    <h2 class=\"wp-block-heading\">Principales m\u00e1quinas de la l\u00ednea de m\u00e1quinas para fabricar mentones TAIZY.<\/h2>    <h3 class=\"wp-block-heading\">1. Mezcladora de masa<\/h3>    <p>En la l\u00ednea de producci\u00f3n comercial de chin chin, generalmente se utiliza una m\u00e1quina mezcladora de masa. Puede mezclar una cierta cantidad de harina y agua a la vez para obtener una masa mezclada. <\/p>    <p>La m\u00e1quina mezcladora utiliza la rotaci\u00f3n del mezclador para mezclar la harina y el agua hasta obtener una gran masa mezclada. Toda la m\u00e1quina est\u00e1 hecha de material de acero inoxidable de grado alimenticio. La salida de la m\u00e1quina de mezclar masa es de 25 kg, 50 kg, 100 kg, etc.<\/p>    <h4 class=\"wp-block-heading\">Par\u00e1metros de la mezcladora de masa<\/h4>    <ul class=\"wp-block-list\"> <li>Capacidad: 50 kg\/lote<\/li>    <li>Tiempo: 3-10 min<\/li>    <li>Voltaje: 380v 50hz<\/li>    <li>Potencia: 3kw<\/li>    <li>Tama\u00f1o de la m\u00e1quina: 1300*730*1100 mm<\/li> <\/ul>    <figure class=\"wp-block-image size-full\"><img loading=\"lazy\" decoding=\"async\" width=\"720\" height=\"540\" src=\"https:\/\/topfoodmachine.com\/wp-content\/uploads\/2022\/08\/dough-mixer-machine.jpg\" alt=\"m\u00e1quina mezcladora de masa\" class=\"wp-image-285\" srcset=\"https:\/\/topfoodmachine.com\/wp-content\/uploads\/2022\/08\/dough-mixer-machine.jpg 720w, https:\/\/topfoodmachine.com\/wp-content\/uploads\/2022\/08\/dough-mixer-machine-300x225.jpg 300w\" sizes=\"auto, (max-width: 720px) 100vw, 720px\" \/><figcaption class=\"wp-element-caption\">m\u00e1quina mezcladora de masa<\/figcaption><\/figure>    <h3 class=\"wp-block-heading\">2. M\u00e1quina de prensado de masa &nbsp;<\/h3>    <p>La m\u00e1quina de prensado de masa presiona repetidamente la pasta a trav\u00e9s del proceso de transporte de pasta, amasado, prensado y plegado. <\/p>    <p>Reemplaza el complicado proceso de amasado manual tradicional. Reduce en gran medida la intensidad laboral y mejora la productividad. Adem\u00e1s, la corteza presionada repetidamente es m\u00e1s suave, m\u00e1s delicada y m\u00e1s refrescante.<\/p>    <h4 class=\"wp-block-heading\">Par\u00e1metros de la m\u00e1quina de prensado de masa<\/h4>    <ul class=\"wp-block-list\"> <li>Voltaje: 380v 50Hz<\/li>    <li>Potencia: 3kw<\/li>    <li>Peso: 200 kg<\/li>    <li>Tama\u00f1o: 1060*750*1050 mm<\/li>    <li>Ancho \uff1c480 mm<\/li>    <li>Grosor: 5-15 mm<\/li>    <li>Capacidad: 200 kg\/h<\/li> <\/ul>    <figure class=\"wp-block-image size-full\"><img loading=\"lazy\" decoding=\"async\" width=\"720\" height=\"540\" src=\"https:\/\/topfoodmachine.com\/wp-content\/uploads\/2022\/08\/dough-pressing-machine.jpg\" alt=\"m\u00e1quina de prensado de masa\" class=\"wp-image-286\" srcset=\"https:\/\/topfoodmachine.com\/wp-content\/uploads\/2022\/08\/dough-pressing-machine.jpg 720w, https:\/\/topfoodmachine.com\/wp-content\/uploads\/2022\/08\/dough-pressing-machine-300x225.jpg 300w\" sizes=\"auto, (max-width: 720px) 100vw, 720px\" \/><figcaption class=\"wp-element-caption\">m\u00e1quina de prensado de masa<\/figcaption><\/figure>    <h3 class=\"wp-block-heading\">3. M\u00e1quina cortadora de chin chin<\/h3>    <p class=\"translation-block\">La <a href=\"https:\/\/topfoodmachine.com\/es\/product\/chin-chin-cutting-machine\/\" data-type=\"link\" data-id=\"https:\/\/topfoodmachine.com\/product\/chin-chin-cutting-machine\/\">m\u00e1quina cortadora de chin chin<\/a> se aplica para presionar y cortar l\u00e1minas de masa en piezas peque\u00f1as. El tama\u00f1o y el grosor de los productos terminados se pueden personalizar seg\u00fan las preferencias.<\/p>    <p>Adem\u00e1s, la m\u00e1quina cortadora de chin chin puede cortar la masa en varias formas, como cuadrados, diamantes y tiras, cambiando las cuchillas de corte.<\/p>    <figure class=\"wp-block-image size-full\"><img loading=\"lazy\" decoding=\"async\" width=\"720\" height=\"540\" src=\"https:\/\/topfoodmachine.com\/wp-content\/uploads\/2022\/08\/Chin-Chin-Maker-for-sale.webp\" alt=\"M\u00e1quina para hacer chin chin a la venta\" class=\"wp-image-1279\" srcset=\"https:\/\/topfoodmachine.com\/wp-content\/uploads\/2022\/08\/Chin-Chin-Maker-for-sale.webp 720w, https:\/\/topfoodmachine.com\/wp-content\/uploads\/2022\/08\/Chin-Chin-Maker-for-sale-300x225.webp 300w, https:\/\/topfoodmachine.com\/wp-content\/uploads\/2022\/08\/Chin-Chin-Maker-for-sale-16x12.webp 16w\" sizes=\"auto, (max-width: 720px) 100vw, 720px\" \/><figcaption class=\"wp-element-caption\">M\u00e1quina para hacer chin chin a la venta<\/figcaption><\/figure>    <h4 class=\"wp-block-heading\">Par\u00e1metros t\u00e9cnicos de la m\u00e1quina cortadora de chin chin<\/h4>    <ul class=\"wp-block-list\"> <li>Voltaje: 380v, 50hz<\/li>    <li>Potencia: 2.6kw<\/li>    <li>Capacidad: 150~300 kg\/h<\/li>    <li>Peso: 170 kg<\/li>    <li>Tama\u00f1o: 1500*560*1200 mm<\/li>    <li>Rango de ancho: 1.5-15 mm; diferentes anchos, se pueden lograr cambiando el cortador.<\/li> <\/ul>    <figure class=\"wp-block-image size-full\"><img loading=\"lazy\" decoding=\"async\" width=\"720\" height=\"540\" src=\"https:\/\/topfoodmachine.com\/wp-content\/uploads\/2022\/08\/chin-chin-cutting-machine.jpg\" alt=\"m\u00e1quina cortadora de ment\u00f3n\" class=\"wp-image-282\" srcset=\"https:\/\/topfoodmachine.com\/wp-content\/uploads\/2022\/08\/chin-chin-cutting-machine.jpg 720w, https:\/\/topfoodmachine.com\/wp-content\/uploads\/2022\/08\/chin-chin-cutting-machine-300x225.jpg 300w\" sizes=\"auto, (max-width: 720px) 100vw, 720px\" \/><figcaption class=\"wp-element-caption\">m\u00e1quina cortadora de ment\u00f3n<\/figcaption><\/figure>    <h3 class=\"wp-block-heading\">4. M\u00e1quina de fre\u00edr chin chin<\/h3>    <p>La freidora de chin chin se utiliza para fre\u00edr chin chin para madurarlo y darle forma. Hay una amplia variedad de opciones de freidoras de chin chin disponibles para usted, como freidora de caja, freidora circular y freidora de malla continua. Tienen diferentes grados de automatizaci\u00f3n. <\/p>    <p>La l\u00ednea de producci\u00f3n de chin chin semiautom\u00e1tica puede elegir entre freidoras de tipo caja y de tipo redonda. Las freidoras de malla continua se utilizan generalmente en plantas de procesamiento de chin chin para una gran demanda de producci\u00f3n.<\/p>    <h4 class=\"wp-block-heading\">Par\u00e1metros de la m\u00e1quina de fre\u00edr chin chin<\/h4>    <ul class=\"wp-block-list\"> <li>Potencia de calefacci\u00f3n: 12kw<\/li>    <li>Peso de la m\u00e1quina: 150 kg<\/li>    <li>Tama\u00f1o de la cesta: 500*500 mm<\/li>    <li>Tama\u00f1o: 700*700*950 mm<\/li>    <li>Capacidad: aproximadamente 50 kg\/h<\/li> <\/ul>    <figure class=\"wp-block-image size-full\"><img loading=\"lazy\" decoding=\"async\" width=\"720\" height=\"540\" src=\"https:\/\/topfoodmachine.com\/wp-content\/uploads\/2022\/08\/chin-chin-frying-machine.jpg\" alt=\"m\u00e1quina de fre\u00edr chin chin\" class=\"wp-image-287\" srcset=\"https:\/\/topfoodmachine.com\/wp-content\/uploads\/2022\/08\/chin-chin-frying-machine.jpg 720w, https:\/\/topfoodmachine.com\/wp-content\/uploads\/2022\/08\/chin-chin-frying-machine-300x225.jpg 300w\" sizes=\"auto, (max-width: 720px) 100vw, 720px\" \/><figcaption class=\"wp-element-caption\">m\u00e1quina de fre\u00edr chin chin<\/figcaption><\/figure>    <h3 class=\"wp-block-heading\">5. M\u00e1quina de desengrasado<\/h3>    <p>Para evitar que una gran cantidad de grasa se adhiera al chin chin despu\u00e9s de fre\u00edr, lo que afecta el sabor del chin chin. Se necesita una m\u00e1quina de desengrasado para eliminar el exceso de grasa del chin chin. <\/p>    <p>La m\u00e1quina de desengrasado generalmente adopta el principio centr\u00edfugo para desengrasar. El tiempo de desengrasado se puede cronometrar y se puede agregar un dispositivo de alarma para recordar.<\/p>    <h4 class=\"wp-block-heading\">Par\u00e1metros de la m\u00e1quina de desengrasado<\/h4>    <ul class=\"wp-block-list\"> <li>Capacidad: 100-200 kg\/h<\/li>    <li>Dimensiones: 1100*500*850 mm<\/li>    <li>Voltaje: 380V, 50hz<\/li>    <li>Potencia: 1.1kw &nbsp;<\/li>    <li>Peso: 150 kg<\/li> <\/ul>    <figure class=\"wp-block-image size-full\"><img loading=\"lazy\" decoding=\"async\" width=\"720\" height=\"540\" src=\"https:\/\/topfoodmachine.com\/wp-content\/uploads\/2022\/08\/de-oiling-machine.jpg\" alt=\"m\u00e1quina de desengrasado\" class=\"wp-image-288\" srcset=\"https:\/\/topfoodmachine.com\/wp-content\/uploads\/2022\/08\/de-oiling-machine.jpg 720w, https:\/\/topfoodmachine.com\/wp-content\/uploads\/2022\/08\/de-oiling-machine-300x225.jpg 300w\" sizes=\"auto, (max-width: 720px) 100vw, 720px\" \/><figcaption class=\"wp-element-caption\">m\u00e1quina de desengrasado<\/figcaption><\/figure>    <h3 class=\"wp-block-heading\">6. M\u00e1quina de empaquetado de chin chin &nbsp;<\/h3>    <p class=\"translation-block\"><a href=\"https:\/\/taizypackaging.com\/how-to-package-chinchin-snacks\/\" target=\"_blank\" rel=\"noreferrer noopener\">La m\u00e1quina de empaquetado de chin chin<\/a> es un tipo de m\u00e1quina de empaquetado de bolsas de gr\u00e1nulos. Tiene la funci\u00f3n de pesar, llenar, hacer bolsas, codificar y sellar autom\u00e1ticamente. <\/p>    <p class=\"translation-block\">En <a href=\"https:\/\/topfoodmachine.com\/es\/\">la f\u00e1brica de Taizy<\/a>, ofrecemos dos tipos diferentes de m\u00e1quinas de empaquetado de chin chin, m\u00e1quinas de empaquetado de gr\u00e1nulos verticales peque\u00f1as y m\u00e1quinas de empaquetado con pesadora de m\u00faltiples cabezales. Tienen diferentes caracter\u00edsticas y beneficios. Y son adecuadas para diferentes requisitos de producci\u00f3n. <\/p>    <p>La peque\u00f1a m\u00e1quina de empaquetado de gr\u00e1nulos es ideal para una peque\u00f1a capacidad de producci\u00f3n, y la m\u00e1quina de empaquetado con pesadora de m\u00faltiples cabezales tiene una productividad bastante alta y es adecuada para grandes necesidades de producci\u00f3n.<\/p>    <h4 class=\"wp-block-heading\">Par\u00e1metros de la m\u00e1quina de empaquetado de chin chin<\/h4>    <ul class=\"wp-block-list\"> <li>Estilo de bolsa: sellado trasero<\/li>    <li>Velocidad de empaquetado: 32-72 bolsas\/min o 100-130 bolsas\/min<\/li>    <li>Longitud de la bolsa: 30-180 mm<\/li>    <li>Ancho de la bolsa: 25-145 mm (necesita reemplazar el anterior)<\/li>    <li>Rango de llenado: 22-220 ml<\/li>    <li>Potencia: 1.8kw<\/li>    <li>Tama\u00f1o: 650*1050*1950 mm<\/li>    <li>Peso: 250 kg<\/li> <\/ul>    <figure class=\"wp-block-image size-full\"><img loading=\"lazy\" decoding=\"async\" width=\"720\" height=\"540\" src=\"https:\/\/topfoodmachine.com\/wp-content\/uploads\/2022\/08\/chin-chin-packaging-machine.jpg\" alt=\"m\u00e1quina de empaquetado de chin chin\" class=\"wp-image-281\" srcset=\"https:\/\/topfoodmachine.com\/wp-content\/uploads\/2022\/08\/chin-chin-packaging-machine.jpg 720w, https:\/\/topfoodmachine.com\/wp-content\/uploads\/2022\/08\/chin-chin-packaging-machine-300x225.jpg 300w\" sizes=\"auto, (max-width: 720px) 100vw, 720px\" \/><figcaption class=\"wp-element-caption\">m\u00e1quina de empaquetado de chin chin<\/figcaption><\/figure>    <h2 class=\"wp-block-heading\">Caracter\u00edsticas de la l\u00ednea de producci\u00f3n autom\u00e1tica de ment\u00f3n.<\/h2>    <ul class=\"wp-block-list\"> <li>Estructura simple y dise\u00f1o razonable, f\u00e1cil de operar<\/li>    <li>Disponible en modelos semiautom\u00e1ticos y totalmente autom\u00e1ticos con diferentes especificaciones para adaptarse a varios requisitos de producci\u00f3n<\/li>    <li>Amplia gama de aplicaciones; puede producir fideos de arroz, tres cuchillos de miel, etc., cambiando diferentes cortadores<\/li>    <li>Forma uniforme, corte uniforme, buena forma y sin desperdicio de masa<\/li>    <li>Alto nivel de automatizaci\u00f3n, asegurando alta eficiencia<\/li>    <li>Equipado con un tamiz vibrante para evitar que la masa cortada se pegue<\/li> <\/ul>    <figure class=\"wp-block-gallery has-nested-images columns-default is-cropped wp-block-gallery-3 is-layout-flex wp-block-gallery-is-layout-flex\"> <figure class=\"wp-block-image size-large\"><img loading=\"lazy\" decoding=\"async\" width=\"720\" height=\"540\" data-id=\"1280\" src=\"https:\/\/topfoodmachine.com\/wp-content\/uploads\/2022\/08\/Chin-Chin-Maker.webp\" alt=\"Fabricante de Chin Chin\" class=\"wp-image-1280\" srcset=\"https:\/\/topfoodmachine.com\/wp-content\/uploads\/2022\/08\/Chin-Chin-Maker.webp 720w, https:\/\/topfoodmachine.com\/wp-content\/uploads\/2022\/08\/Chin-Chin-Maker-300x225.webp 300w, https:\/\/topfoodmachine.com\/wp-content\/uploads\/2022\/08\/Chin-Chin-Maker-16x12.webp 16w\" sizes=\"auto, (max-width: 720px) 100vw, 720px\" \/><figcaption class=\"wp-element-caption\">Fabricante de Chin Chin<\/figcaption><\/figure>    <figure class=\"wp-block-image size-large\"><img loading=\"lazy\" decoding=\"async\" width=\"720\" height=\"540\" data-id=\"1281\" src=\"https:\/\/topfoodmachine.com\/wp-content\/uploads\/2022\/08\/Chin-Chin-Making-Machine-in-stock.webp\" alt=\"M\u00e1quina para hacer Chin Chin en stock\" class=\"wp-image-1281\" srcset=\"https:\/\/topfoodmachine.com\/wp-content\/uploads\/2022\/08\/Chin-Chin-Making-Machine-in-stock.webp 720w, https:\/\/topfoodmachine.com\/wp-content\/uploads\/2022\/08\/Chin-Chin-Making-Machine-in-stock-300x225.webp 300w, https:\/\/topfoodmachine.com\/wp-content\/uploads\/2022\/08\/Chin-Chin-Making-Machine-in-stock-16x12.webp 16w\" sizes=\"auto, (max-width: 720px) 100vw, 720px\" \/><figcaption class=\"wp-element-caption\">M\u00e1quina para hacer Chin Chin en stock<\/figcaption><\/figure> <\/figure>    <h2 class=\"wp-block-heading\">\u00bfPor qu\u00e9 el chin chin es tan popular en Nigeria?<\/h2>    <p>Chin chin es un bocadillo frito de fideos muy popular en los pa\u00edses de \u00c1frica Occidental, especialmente en Nigeria y Ghana. En estos pa\u00edses de \u00c1frica Occidental, el Chin chin es un bocadillo que a menudo se consume en fiestas y durante el tiempo libre. Debido a que es f\u00e1cil de hacer, se puede comer en cualquier momento y en cualquier lugar, y es muy sabroso. <\/p>    <p>Como resultado, la producci\u00f3n y operaci\u00f3n de chin chin se ha expandido gradualmente desde los pa\u00edses de \u00c1frica Occidental hasta el Reino Unido, Estados Unidos, Filipinas y muchos otros pa\u00edses y regiones.<\/p>    <figure class=\"wp-block-gallery has-nested-images columns-default is-cropped wp-block-gallery-4 is-layout-flex wp-block-gallery-is-layout-flex\"> <figure class=\"wp-block-image size-large\"><img loading=\"lazy\" decoding=\"async\" width=\"720\" height=\"540\" data-id=\"1282\" src=\"https:\/\/topfoodmachine.com\/wp-content\/uploads\/2022\/08\/commercial-Chin-Chin-Making-Machine.webp\" alt=\"M\u00e1quina comercial para hacer Chin Chin\" class=\"wp-image-1282\" srcset=\"https:\/\/topfoodmachine.com\/wp-content\/uploads\/2022\/08\/commercial-Chin-Chin-Making-Machine.webp 720w, https:\/\/topfoodmachine.com\/wp-content\/uploads\/2022\/08\/commercial-Chin-Chin-Making-Machine-300x225.webp 300w, https:\/\/topfoodmachine.com\/wp-content\/uploads\/2022\/08\/commercial-Chin-Chin-Making-Machine-16x12.webp 16w\" sizes=\"auto, (max-width: 720px) 100vw, 720px\" \/><figcaption class=\"wp-element-caption\">M\u00e1quina comercial para hacer Chin Chin<\/figcaption><\/figure>    <figure class=\"wp-block-image size-large\"><img loading=\"lazy\" decoding=\"async\" width=\"720\" height=\"540\" data-id=\"1283\" src=\"https:\/\/topfoodmachine.com\/wp-content\/uploads\/2022\/08\/details-of-Chin-Chin-Making-Machine.webp\" alt=\"detalles de la m\u00e1quina de hacer chin chin\" class=\"wp-image-1283\" srcset=\"https:\/\/topfoodmachine.com\/wp-content\/uploads\/2022\/08\/details-of-Chin-Chin-Making-Machine.webp 720w, https:\/\/topfoodmachine.com\/wp-content\/uploads\/2022\/08\/details-of-Chin-Chin-Making-Machine-300x225.webp 300w, https:\/\/topfoodmachine.com\/wp-content\/uploads\/2022\/08\/details-of-Chin-Chin-Making-Machine-16x12.webp 16w\" sizes=\"auto, (max-width: 720px) 100vw, 720px\" \/><figcaption class=\"wp-element-caption\">detalles de la m\u00e1quina de hacer chin chin<\/figcaption><\/figure> <\/figure>    <h2 class=\"wp-block-heading\">Conclusi\u00f3n<\/h2>    <p>En conclusi\u00f3n, nuestra m\u00e1quina para hacer Chin Chin ofrece una soluci\u00f3n simple, eficiente y vers\u00e1til para sus necesidades de producci\u00f3n de bocadillos. <\/p>    <p>Con su dise\u00f1o f\u00e1cil de usar, amplia gama de aplicaciones y alto nivel de automatizaci\u00f3n, es la elecci\u00f3n perfecta para las empresas que buscan optimizar su proceso de producci\u00f3n mientras mantienen altos est\u00e1ndares de calidad.<\/p>    <p>\u00a1Cont\u00e1ctenos ahora para m\u00e1s informaci\u00f3n y para solicitar un presupuesto!<\/p>    <figure class=\"wp-block-image size-full\"><img loading=\"lazy\" decoding=\"async\" width=\"720\" height=\"540\" src=\"https:\/\/topfoodmachine.com\/wp-content\/uploads\/2022\/08\/exported-Chin-Chin-Making-Machine.webp\" alt=\"M\u00e1quina para hacer Chin Chin exportada\" class=\"wp-image-1284\" srcset=\"https:\/\/topfoodmachine.com\/wp-content\/uploads\/2022\/08\/exported-Chin-Chin-Making-Machine.webp 720w, https:\/\/topfoodmachine.com\/wp-content\/uploads\/2022\/08\/exported-Chin-Chin-Making-Machine-300x225.webp 300w, https:\/\/topfoodmachine.com\/wp-content\/uploads\/2022\/08\/exported-Chin-Chin-Making-Machine-16x12.webp 16w\" sizes=\"auto, (max-width: 720px) 100vw, 720px\" \/><figcaption class=\"wp-element-caption\">M\u00e1quina para hacer Chin Chin exportada<\/figcaption><\/figure>    <p>&nbsp;<\/p>","protected":false},"excerpt":{"rendered":"<p>La l\u00ednea de m\u00e1quina de hacer chin chin o l\u00ednea de producci\u00f3n de chin chin es ideal para tu restaurante, tiendas de bocadillos, cafeter\u00eda, etc. Consiste principalmente en 6 m\u00e1quinas: mezcladora de masa, m\u00e1quina de prensado de masa, m\u00e1quina de corte de chin chin, m\u00e1quina de fre\u00edr chin chin, m\u00e1quina de desengrasado y m\u00e1quina de empaquetado de chin chin.<\/p>","protected":false},"author":1,"featured_media":278,"parent":0,"template":"","tags":[13],"product-type":[6],"class_list":["post-277","product","type-product","status-publish","has-post-thumbnail","hentry","tag-frying-equipment","product-type-pastry-production-machine"],"_links":{"self":[{"href":"https:\/\/topfoodmachine.com\/es\/wp-json\/wp\/v2\/product\/277","targetHints":{"allow":["GET"]}}],"collection":[{"href":"https:\/\/topfoodmachine.com\/es\/wp-json\/wp\/v2\/product"}],"about":[{"href":"https:\/\/topfoodmachine.com\/es\/wp-json\/wp\/v2\/types\/product"}],"author":[{"embeddable":true,"href":"https:\/\/topfoodmachine.com\/es\/wp-json\/wp\/v2\/users\/1"}],"wp:featuredmedia":[{"embeddable":true,"href":"https:\/\/topfoodmachine.com\/es\/wp-json\/wp\/v2\/media\/278"}],"wp:attachment":[{"href":"https:\/\/topfoodmachine.com\/es\/wp-json\/wp\/v2\/media?parent=277"}],"wp:term":[{"taxonomy":"post_tag","embeddable":true,"href":"https:\/\/topfoodmachine.com\/es\/wp-json\/wp\/v2\/tags?post=277"},{"taxonomy":"product-type","embeddable":true,"href":"https:\/\/topfoodmachine.com\/es\/wp-json\/wp\/v2\/product-type?post=277"}],"curies":[{"name":"wp","href":"https:\/\/api.w.org\/{rel}","templated":true}]}}