{"id":266,"date":"2022-07-29T09:17:11","date_gmt":"2022-07-29T09:17:11","guid":{"rendered":"https:\/\/topfoodmachine.com\/?post_type=product&#038;p=266"},"modified":"2023-06-14T14:30:44","modified_gmt":"2023-06-14T06:30:44","slug":"potato-chips-production-line","status":"publish","type":"product","link":"https:\/\/topfoodmachine.com\/es\/product\/potato-chips-production-line\/","title":{"rendered":"L\u00ednea de producci\u00f3n de patatas fritas"},"content":{"rendered":"<div class=\"kk-star-ratings kksr-auto kksr-align-left kksr-valign-top\"     data-payload='{&quot;align&quot;:&quot;left&quot;,&quot;id&quot;:&quot;266&quot;,&quot;slug&quot;:&quot;default&quot;,&quot;valign&quot;:&quot;top&quot;,&quot;ignore&quot;:&quot;&quot;,&quot;reference&quot;:&quot;auto&quot;,&quot;class&quot;:&quot;&quot;,&quot;count&quot;:&quot;22&quot;,&quot;legendonly&quot;:&quot;&quot;,&quot;readonly&quot;:&quot;&quot;,&quot;score&quot;:&quot;4.8&quot;,&quot;starsonly&quot;:&quot;&quot;,&quot;best&quot;:&quot;5&quot;,&quot;gap&quot;:&quot;5&quot;,&quot;greet&quot;:&quot;Rate this product&quot;,&quot;legend&quot;:&quot;4.8\\\/5 - (22 votos)&quot;,&quot;size&quot;:&quot;24&quot;,&quot;title&quot;:&quot;Potato Chips Production Line&quot;,&quot;width&quot;:&quot;136.7&quot;,&quot;_legend&quot;:&quot;{score}\\\/{best} - ({count} {votes})&quot;,&quot;font_factor&quot;:&quot;1.25&quot;}'>              <div class=\"kksr-stars\">      <div class=\"kksr-stars-inactive\">             <div class=\"kksr-star\" data-star=\"1\" style=\"padding-right: 5px\">               <div class=\"kksr-icon\" style=\"width: 24px; height: 24px;\"><\/div>         <\/div>             <div class=\"kksr-star\" data-star=\"2\" style=\"padding-right: 5px\">               <div class=\"kksr-icon\" style=\"width: 24px; height: 24px;\"><\/div>         <\/div>             <div class=\"kksr-star\" data-star=\"3\" style=\"padding-right: 5px\">               <div class=\"kksr-icon\" style=\"width: 24px; height: 24px;\"><\/div>         <\/div>             <div class=\"kksr-star\" data-star=\"4\" style=\"padding-right: 5px\">               <div class=\"kksr-icon\" style=\"width: 24px; height: 24px;\"><\/div>         <\/div>             <div class=\"kksr-star\" data-star=\"5\" style=\"padding-right: 5px\">               <div class=\"kksr-icon\" style=\"width: 24px; height: 24px;\"><\/div>         <\/div>     <\/div>      <div class=\"kksr-stars-active\" style=\"width: 136.7px;\">             <div class=\"kksr-star\" style=\"padding-right: 5px\">               <div class=\"kksr-icon\" style=\"width: 24px; height: 24px;\"><\/div>         <\/div>             <div class=\"kksr-star\" style=\"padding-right: 5px\">               <div class=\"kksr-icon\" style=\"width: 24px; height: 24px;\"><\/div>         <\/div>             <div class=\"kksr-star\" style=\"padding-right: 5px\">               <div class=\"kksr-icon\" style=\"width: 24px; height: 24px;\"><\/div>         <\/div>             <div class=\"kksr-star\" style=\"padding-right: 5px\">               <div class=\"kksr-icon\" style=\"width: 24px; height: 24px;\"><\/div>         <\/div>             <div class=\"kksr-star\" style=\"padding-right: 5px\">               <div class=\"kksr-icon\" style=\"width: 24px; height: 24px;\"><\/div>         <\/div>     <\/div> <\/div>                   <div class=\"kksr-legend\" style=\"font-size: 19.2px;\">             4,8\/5 - (22 votos)    <\/div>     <\/div>  <p class=\"translation-block\"><strong>La l\u00ednea de producci\u00f3n de papas fritas<\/strong> se utiliza para fabricar papas fritas de manera autom\u00e1tica y eficiente. Todas nuestras m\u00e1quinas est\u00e1n hechas de acero inoxidable duradero y de grado alimenticio. Adem\u00e1s, cuenta con caracter\u00edsticas de alto nivel de automatizaci\u00f3n, f\u00e1cil operaci\u00f3n y larga vida \u00fatil. Como fabricante l\u00edder de maquinaria para procesamiento de alimentos, Taizy proporciona una gama completa de l\u00edneas de procesamiento de papas fritas, incluyendo l\u00edneas de producci\u00f3n de papas fritas a peque\u00f1a y gran escala. <\/p>    <p>La capacidad de producci\u00f3n de la m\u00e1quina para fabricar patatas fritas var\u00eda de 50 kg por hora a 500 kg por hora. Por supuesto, ofrecemos un s\u00f3lido servicio de personalizaci\u00f3n para satisfacer sus requisitos especiales. Bienvenido a contactarnos para obtener la mejor lista de precios.<\/p>    <h2 class=\"wp-block-heading\">Caracter\u00edsticas de la l\u00ednea de producci\u00f3n de patatas fritas Taizy<\/h2>    <ol class=\"wp-block-list\" type=\"1\"> <li>La m\u00e1quina para hacer papas fritas tiene una amplia gama de aplicaciones, se puede utilizar para hacer papas fritas, chips de pl\u00e1tano y chips de yuca.<\/li>    <li>Con una estructura simple y un dise\u00f1o razonable, esta planta es f\u00e1cil de operar, solo necesita una mano de obra para operarla.<\/li>    <li>Al adoptar todo el material duradero de acero inoxidable 304, la l\u00ednea de producci\u00f3n de papas fritas es f\u00e1cil de limpiar y tiene una larga vida \u00fatil.<\/li>    <li>Dise\u00f1o de motor de m\u00e1quina completamente cerrado, por lo que no hay contaminaci\u00f3n de la voz.<\/li>    <li>Las capacidades a peque\u00f1a y gran escala est\u00e1n disponibles, de 50 kg\/h a 500 kg\/h.<\/li>    <li>Tiene las ventajas de bajo consumo de energ\u00eda, ahorro de mano de obra, funcionamiento autom\u00e1tico y rendimiento estable. &nbsp;<\/li> <\/ol>    <figure class=\"wp-block-image size-full\"><img loading=\"lazy\" decoding=\"async\" width=\"720\" height=\"540\" src=\"https:\/\/topfoodmachine.com\/wp-content\/uploads\/2022\/07\/potato-chips-production-line.jpg\" alt=\"l\u00ednea de producci\u00f3n de papas fritas\" class=\"wp-image-270\" srcset=\"https:\/\/topfoodmachine.com\/wp-content\/uploads\/2022\/07\/potato-chips-production-line.jpg 720w, https:\/\/topfoodmachine.com\/wp-content\/uploads\/2022\/07\/potato-chips-production-line-300x225.jpg 300w\" sizes=\"auto, (max-width: 720px) 100vw, 720px\" \/><figcaption class=\"wp-element-caption\">l\u00ednea de producci\u00f3n de papas fritas<\/figcaption><\/figure>    <h2 class=\"wp-block-heading\">Proceso de trabajo de la l\u00ednea de producci\u00f3n autom\u00e1tica de patatas fritas.<\/h2>    <p>Todo el proceso de trabajo de la l\u00ednea autom\u00e1tica de fabricaci\u00f3n de patatas fritas es el siguiente:<\/p>    <p><strong>Selecci\u00f3n de patatas frescas \u2192 lavado y pelado de patatas \u2192 corte de patatas en rodajas \u2192 escaldado de patatas \u2192 secado \u2192 fre\u00edr \u2192 desaceitado \u2192 condimento \u2192 envasado de patatas fritas.<\/strong><\/p>    <figure class=\"wp-block-embed is-type-video is-provider-youtube wp-block-embed-youtube wp-embed-aspect-16-9 wp-has-aspect-ratio\"><div class=\"wp-block-embed__wrapper\"> <iframe loading=\"lazy\" title=\"L\u00ednea de producci\u00f3n de patatas fritas de bajo coste\/m\u00e1quinas procesadoras de patatas fritas\/m\u00e1quina para fabricar patatas fritas\" width=\"500\" height=\"281\" src=\"https:\/\/www.youtube.com\/embed\/lVs1khSN1wQ?feature=oembed\" frameborder=\"0\" allow=\"accelerometer; autoplay; clipboard-write; encrypted-media; gyroscope; picture-in-picture; web-share\" referrerpolicy=\"strict-origin-when-cross-origin\" allowfullscreen><\/iframe> <\/div><\/figure>    <h2 class=\"wp-block-heading\">\u00bfQu\u00e9 m\u00e1quinas componen la planta procesadora de patatas fritas?<\/h2>    <p>Toda la planta de procesamiento de papas fritas consiste principalmente en una m\u00e1quina lavadora y peladora de papas, una m\u00e1quina cortadora de papas, una m\u00e1quina blanqueadora de papas fritas, una m\u00e1quina secadora de papas fritas, una m\u00e1quina freidora de papas, una m\u00e1quina desengrasadora de papas fritas y un condimento para papas fritas. M\u00e1quina, m\u00e1quina envasadora de patatas fritas.<\/p>    <h3 class=\"wp-block-heading\">1. Lavadora y peladora de patatas<\/h3>    <p>Esta m\u00e1quina puede realizar trabajos de limpieza y pelado de patatas al mismo tiempo. La alta eficiencia, la baja tasa de rotura y el dise\u00f1o especial del cepillo pueden limpiar las patatas a fondo y luego pelarlas por completo. La tasa de p\u00e9rdida despu\u00e9s del pelado es inferior a 2% y no hay patatas rotas. La m\u00e1quina limpiadora y peladora de patatas tambi\u00e9n es adecuada para otras verduras y frutas como remolacha, r\u00e1bano, batata, zanahoria, etc.<\/p>    <figure class=\"wp-block-image size-full\"><img loading=\"lazy\" decoding=\"async\" width=\"720\" height=\"540\" src=\"https:\/\/topfoodmachine.com\/wp-content\/uploads\/2022\/07\/potato-washing-and-peeling-machine.jpg\" alt=\"m\u00e1quina para lavar y pelar papas\" class=\"wp-image-273\" srcset=\"https:\/\/topfoodmachine.com\/wp-content\/uploads\/2022\/07\/potato-washing-and-peeling-machine.jpg 720w, https:\/\/topfoodmachine.com\/wp-content\/uploads\/2022\/07\/potato-washing-and-peeling-machine-300x225.jpg 300w\" sizes=\"auto, (max-width: 720px) 100vw, 720px\" \/><figcaption class=\"wp-element-caption\">m\u00e1quina para lavar y pelar papas<\/figcaption><\/figure>    <h3 class=\"wp-block-heading\">2. M\u00e1quina cortadora de patatas<\/h3>    <p>El cortador de patatas consiste en cortar la patata pelada en rodajas finas de grosor no regulable, es decir, 2 mm. La forma de las lonchas se divide en dos tipos, planas y onduladas, cambiando las cuchillas dentro de la m\u00e1quina. Hay puertos de alimentaci\u00f3n grandes y peque\u00f1os, y la materia prima debe colocarse en el puerto de alimentaci\u00f3n apropiado seg\u00fan el tama\u00f1o.<\/p>    <h3 class=\"wp-block-heading\">3. M\u00e1quina blanqueadora de patatas fritas<\/h3>    <p>La m\u00e1quina blanqueadora de patatas puede eliminar el exceso de almid\u00f3n de la superficie de la cortadora de patatas, produciendo as\u00ed patatas fritas crujientes. La temperatura de calentamiento de la peque\u00f1a m\u00e1quina de patatas fritas es de alrededor de 90-100 \u2103.<\/p>    <h3 class=\"wp-block-heading\">4. Secadora de patatas fritas<\/h3>    <p>Adoptando el principio de fuerza centr\u00edfuga, esta m\u00e1quina secadora de virutas es segura, conveniente y eficiente. La deshidrataci\u00f3n antes de fre\u00edr puede evitar salpicaduras de aceite caliente al fre\u00edr, acortar considerablemente el tiempo de fritura y mejorar el sabor de las patatas fritas.<\/p>    <h3 class=\"wp-block-heading\">5. Freidora de patatas fritas<\/h3>    <p>Fre\u00edr patatas fritas crujientes es un paso imprescindible. La temperatura de fritura es de unos 170 \u2103 y el tiempo de fritura es de unos 3-4 minutos. El aceite hirviendo no producir\u00e1 humo negro durante la operaci\u00f3n y el preciso sistema de control de temperatura del aceite garantiza la calidad y el sabor de las patatas fritas terminadas. Las aguas residuales tratadas se pueden descargar a trav\u00e9s del puerto de drenaje en el fondo de la freidora.<\/p>    <figure class=\"wp-block-image size-full\"><img loading=\"lazy\" decoding=\"async\" width=\"720\" height=\"540\" src=\"https:\/\/topfoodmachine.com\/wp-content\/uploads\/2022\/07\/potato-chips-frying-machine.jpg\" alt=\"m\u00e1quina para fre\u00edr papas fritas\" class=\"wp-image-274\" srcset=\"https:\/\/topfoodmachine.com\/wp-content\/uploads\/2022\/07\/potato-chips-frying-machine.jpg 720w, https:\/\/topfoodmachine.com\/wp-content\/uploads\/2022\/07\/potato-chips-frying-machine-300x225.jpg 300w\" sizes=\"auto, (max-width: 720px) 100vw, 720px\" \/><figcaption class=\"wp-element-caption\">m\u00e1quina para fre\u00edr papas fritas<\/figcaption><\/figure>    <h3 class=\"wp-block-heading\">6. M\u00e1quina desengrasadora de patatas fritas<\/h3>    <p>El desengrasante centr\u00edfugo elimina el exceso de aceite de las patatas fritas para evitar el sabor grasoso y realzar el sabor de las patatas fritas. Esta m\u00e1quina, al igual que la m\u00e1quina deshidratadora, se puede comprar con un presupuesto reducido.<\/p>    <h3 class=\"wp-block-heading\">7. M\u00e1quina sazonadora de patatas fritas<\/h3>    <p>Despu\u00e9s de desengrasar, las papas fritas se transportan al sistema de condimentos y puedes agregar diferentes condimentos seg\u00fan sea necesario. El dise\u00f1o de la estructura es simple y pr\u00e1ctico, y el barril octogonal est\u00e1 hecho de acero inoxidable para que las papas fritas tengan un sabor m\u00e1s completo y uniforme. Con funci\u00f3n de descarga autom\u00e1tica, tambi\u00e9n se puede utilizar para condimentar hojaldres, platos fr\u00edos, etc.<\/p>    <h3 class=\"wp-block-heading\">8. M\u00e1quina envasadora de patatas fritas<\/h3>    <p class=\"translation-block\">El \u00faltimo paso es usar una m\u00e1quina de envasado autom\u00e1tica para empaquetar las papas fritas. Para diferentes requisitos de envasado, ofrecemos varias m\u00e1quinas de envasado, como <a href=\"https:\/\/tianhuipackingmachine.com\/chips-packaging-machine\/\" target=\"_blank\" rel=\"noopener\">m\u00e1quina de llenado y sellado vertical peque\u00f1a<\/a>, una m\u00e1quina de envasado al vac\u00edo y una <a href=\"https:\/\/tianhuipackingmachine.com\/multi-head-weigher-packing-machine\/\" target=\"_blank\" rel=\"noopener\">m\u00e1quina de envasado de pesadora m\u00faltiple<\/a>. Si no est\u00e1 seguro de cu\u00e1l es adecuada para usted, p\u00f3ngase en contacto con nosotros para obtener orientaci\u00f3n profesional sobre la compra.<\/p>    <figure class=\"wp-block-image size-full\"><a href=\"https:\/\/tianhuipackingmachine.com\/double-chamber-vacuum-packaging-machine\/\" target=\"_blank\" rel=\"noopener\"><img loading=\"lazy\" decoding=\"async\" width=\"720\" height=\"540\" src=\"https:\/\/topfoodmachine.com\/wp-content\/uploads\/2022\/07\/vacuum-packaging-machine.jpg\" alt=\"m\u00e1quina de envasado al vac\u00edo\" class=\"wp-image-275\" srcset=\"https:\/\/topfoodmachine.com\/wp-content\/uploads\/2022\/07\/vacuum-packaging-machine.jpg 720w, https:\/\/topfoodmachine.com\/wp-content\/uploads\/2022\/07\/vacuum-packaging-machine-300x225.jpg 300w\" sizes=\"auto, (max-width: 720px) 100vw, 720px\" \/><\/a><figcaption class=\"wp-element-caption\">m\u00e1quina de envasado al vac\u00edo<\/figcaption><\/figure>    <h2 class=\"wp-block-heading\">Par\u00e1metros de la l\u00ednea de m\u00e1quinas de patatas fritas a peque\u00f1a escala de 100 kg\/h<\/h2>    <figure class=\"wp-block-table\"><table><tbody><tr><td><strong>Nombre<\/strong><\/td><td><strong>Par\u00e1metros<\/strong><\/td><\/tr><tr><td>Lavadora y peladora de patatas<\/td><td>Potencia: 1,1 kw\u00a0380V-3 o 220V-3<br>Peso: 210 kg<br>Tama\u00f1o: 1400*850*800 mm Capacidad: 200 kg\/h<\/td><\/tr><tr><td>M\u00e1quina cortadora de patatas fritas<\/td><td>Potencia: 1,1 kw\u00a0380v-3 o 220v-3<br>Peso: 110 kg<br>Tama\u00f1o: 950*900*1000 mm Capacidad: 600 kg\/h<\/td><\/tr><tr><td>M\u00e1quina blanqueadora de patatas fritas<\/td><td>Potencia: 24kw\u00a0380V-3 o 220V-3<br>Peso: 120 kg<br>Tama\u00f1o: 1200*700*950 mm Capacidad: 100 kg\/h<\/td><\/tr><tr><td>M\u00e1quina deshidratadora de patatas fritas<\/td><td>Potencia: 1,1 kw\u00a0380V-3 o 220V-3<br>Peso: 390 kg<br>Tama\u00f1o: 1000*500*850 mm Capacidad: 200 kg\/h<\/td><\/tr><tr><td>M\u00e1quina para fre\u00edr patatas fritas<\/td><td>Potencia: 24kw\u00a0380V-3 o 220V-3<br>Peso: 120 kg<br>Tama\u00f1o: 1200*700*950 mm Capacidad: 100 kg\/h<\/td><\/tr><tr><td>M\u00e1quina desengrasante<\/td><td>Potencia: 1,1 kw\u00a0380V-3 o 220V-3<br>Peso: 390 kg<br>Tama\u00f1o: 1000*500*850 mm Capacidad: 200 kg\/h<\/td><\/tr><tr><td>M\u00e1quina de sazonar patatas fritas<\/td><td>Potencia: 1,1 kw\u00a0380V-3 o 220V-3<br>Peso: 190 kg<br>Tama\u00f1o: 1000*800*1300 mm Capacidad: 300 kg\/h<\/td><\/tr><tr><td>M\u00e1quina envasadora de patatas fritas y patatas fritas<\/td><td>Potencia: 1,5 kw\u00a0380V-3 o 220V-3<br>Peso: 220 kg<br>Tama\u00f1o: 1200*600*850 mm Capacidad: 200 kg\/h<\/td><\/tr><\/tbody><\/table><\/figure>    <h2 class=\"wp-block-heading\">Preguntas frecuentes sobre la m\u00e1quina de patatas fritas<\/h2>   <div id=\"rank-math-faq\" class=\"rank-math-block\"> <div class=\"rank-math-list\"> <div id=\"faq-question-1663655482448\" class=\"rank-math-list-item\"> <h3 class=\"rank-math-question\"><strong>\u00bfPueden dise\u00f1ar la l\u00ednea de producci\u00f3n de acuerdo con el tama\u00f1o de mi proyecto?<\/strong><\/h3> <div class=\"rank-math-answer\">  <p>S\u00ed, claro, las diferentes capacidades de la l\u00ednea de producci\u00f3n de papas fritas necesitan diferentes m\u00e1quinas, debe contarnos m\u00e1s detalles sobre sus necesidades antes de comprar.<\/p>  <\/div> <\/div> <div id=\"faq-question-1663655488511\" class=\"rank-math-list-item\"> <h3 class=\"rank-math-question\"><strong>Si mi presupuesto es bajo, \u00bfpuedo comprar una l\u00ednea de procesamiento de patatas fritas?<\/strong><\/h3> <div class=\"rank-math-answer\">  <p>S\u00ed, puedes comprar una l\u00ednea semiautom\u00e1tica para ahorrar costes. Adem\u00e1s, la m\u00e1quina deshidratadora y desaceitadora puede ser la misma, solo compra una.<\/p>  <\/div> <\/div> <div id=\"faq-question-1663655501095\" class=\"rank-math-list-item\"> <h3 class=\"rank-math-question\"><strong>\u00bfCu\u00e1l es el grosor de las patatas fritas finales?<\/strong><\/h3> <div class=\"rank-math-answer\">  <p>Tiene aproximadamente 0,5-1 mm de espesor.<\/p>  <\/div> <\/div> <div id=\"faq-question-1663655511215\" class=\"rank-math-list-item\"> <h3 class=\"rank-math-question\"><strong>\u00bfPuedes darme la receta del condimento?<\/strong><\/h3> <div class=\"rank-math-answer\">  <p class=\"translation-block\">S\u00ed, claro, si compra esta m\u00e1quina para hacer papas fritas de la <a href=\"https:\/\/topfoodmachine.com\/es\/\">f\u00e1brica Taizy<\/a>, le proporcionaremos la receta.<\/p>  <\/div> <\/div> <\/div> <\/div>","protected":false},"excerpt":{"rendered":"<p>Potato chips production line is used for manufacturing potato chips automatically and efficiently. All our machine are made of durable and food-grade stainless steel. Besides, it has the features of a high automation level, easy operation, and long service life. As a leading food processing machinery manufacturer, Taizy provides a full range of potato chips [&hellip;]<\/p>\n","protected":false},"author":1,"featured_media":270,"parent":0,"template":"","tags":[13],"product-type":[4],"class_list":["post-266","product","type-product","status-publish","has-post-thumbnail","hentry","tag-frying-equipment","product-type-frying-equipment"],"_links":{"self":[{"href":"https:\/\/topfoodmachine.com\/es\/wp-json\/wp\/v2\/product\/266","targetHints":{"allow":["GET"]}}],"collection":[{"href":"https:\/\/topfoodmachine.com\/es\/wp-json\/wp\/v2\/product"}],"about":[{"href":"https:\/\/topfoodmachine.com\/es\/wp-json\/wp\/v2\/types\/product"}],"author":[{"embeddable":true,"href":"https:\/\/topfoodmachine.com\/es\/wp-json\/wp\/v2\/users\/1"}],"wp:featuredmedia":[{"embeddable":true,"href":"https:\/\/topfoodmachine.com\/es\/wp-json\/wp\/v2\/media\/270"}],"wp:attachment":[{"href":"https:\/\/topfoodmachine.com\/es\/wp-json\/wp\/v2\/media?parent=266"}],"wp:term":[{"taxonomy":"post_tag","embeddable":true,"href":"https:\/\/topfoodmachine.com\/es\/wp-json\/wp\/v2\/tags?post=266"},{"taxonomy":"product-type","embeddable":true,"href":"https:\/\/topfoodmachine.com\/es\/wp-json\/wp\/v2\/product-type?post=266"}],"curies":[{"name":"wp","href":"https:\/\/api.w.org\/{rel}","templated":true}]}}