{"id":258,"date":"2022-07-28T10:48:05","date_gmt":"2022-07-28T10:48:05","guid":{"rendered":"https:\/\/topfoodmachine.com\/?post_type=product&#038;p=258"},"modified":"2022-09-20T03:28:42","modified_gmt":"2022-09-20T03:28:42","slug":"meat-dicing-machine","status":"publish","type":"product","link":"https:\/\/topfoodmachine.com\/es\/product\/meat-dicing-machine\/","title":{"rendered":"M\u00e1quina para cortar carne en cubitos"},"content":{"rendered":"<div class=\"kk-star-ratings kksr-auto kksr-align-left kksr-valign-top\"     data-payload='{&quot;align&quot;:&quot;left&quot;,&quot;id&quot;:&quot;258&quot;,&quot;slug&quot;:&quot;default&quot;,&quot;valign&quot;:&quot;top&quot;,&quot;ignore&quot;:&quot;&quot;,&quot;reference&quot;:&quot;auto&quot;,&quot;class&quot;:&quot;&quot;,&quot;count&quot;:&quot;7&quot;,&quot;legendonly&quot;:&quot;&quot;,&quot;readonly&quot;:&quot;&quot;,&quot;score&quot;:&quot;4.6&quot;,&quot;starsonly&quot;:&quot;&quot;,&quot;best&quot;:&quot;5&quot;,&quot;gap&quot;:&quot;5&quot;,&quot;greet&quot;:&quot;Rate this product&quot;,&quot;legend&quot;:&quot;4.6\\\/5 - (7 votos)&quot;,&quot;size&quot;:&quot;24&quot;,&quot;title&quot;:&quot;Meat Dicing Machine&quot;,&quot;width&quot;:&quot;130.9&quot;,&quot;_legend&quot;:&quot;{score}\\\/{best} - ({count} {votes})&quot;,&quot;font_factor&quot;:&quot;1.25&quot;}'>              <div class=\"kksr-stars\">      <div class=\"kksr-stars-inactive\">             <div class=\"kksr-star\" data-star=\"1\" style=\"padding-right: 5px\">               <div class=\"kksr-icon\" style=\"width: 24px; height: 24px;\"><\/div>         <\/div>             <div class=\"kksr-star\" data-star=\"2\" style=\"padding-right: 5px\">               <div class=\"kksr-icon\" style=\"width: 24px; height: 24px;\"><\/div>         <\/div>             <div class=\"kksr-star\" data-star=\"3\" style=\"padding-right: 5px\">               <div class=\"kksr-icon\" style=\"width: 24px; height: 24px;\"><\/div>         <\/div>             <div class=\"kksr-star\" data-star=\"4\" style=\"padding-right: 5px\">               <div class=\"kksr-icon\" style=\"width: 24px; height: 24px;\"><\/div>         <\/div>             <div class=\"kksr-star\" data-star=\"5\" style=\"padding-right: 5px\">               <div class=\"kksr-icon\" style=\"width: 24px; height: 24px;\"><\/div>         <\/div>     <\/div>      <div class=\"kksr-stars-active\" style=\"width: 130.9px;\">             <div class=\"kksr-star\" style=\"padding-right: 5px\">               <div class=\"kksr-icon\" style=\"width: 24px; height: 24px;\"><\/div>         <\/div>             <div class=\"kksr-star\" style=\"padding-right: 5px\">               <div class=\"kksr-icon\" style=\"width: 24px; height: 24px;\"><\/div>         <\/div>             <div class=\"kksr-star\" style=\"padding-right: 5px\">               <div class=\"kksr-icon\" style=\"width: 24px; height: 24px;\"><\/div>         <\/div>             <div class=\"kksr-star\" style=\"padding-right: 5px\">               <div class=\"kksr-icon\" style=\"width: 24px; height: 24px;\"><\/div>         <\/div>             <div class=\"kksr-star\" style=\"padding-right: 5px\">               <div class=\"kksr-icon\" style=\"width: 24px; height: 24px;\"><\/div>         <\/div>     <\/div> <\/div>                   <div class=\"kksr-legend\" style=\"font-size: 19.2px;\">             4,6\/5 - (7 votos)    <\/div>     <\/div>  <p class=\"translation-block\"><strong>La m\u00e1quina para picar carne<\/strong> est\u00e1 especialmente dise\u00f1ada para picar carne fresca, carne congelada y carne cocida. Y esta m\u00e1quina es ideal para procesar diversas carnes, como cerdo, pollo, res, pato, cordero, etc. La m\u00e1quina picadora de carne se utiliza ampliamente en restaurantes, granjas, empresas de catering en cadena, escuelas, cocinas centrales, hipermercados y tiendas de carne. Con un material duradero y un buen rendimiento, la m\u00e1quina para cortar carne puede procesar autom\u00e1ticamente y de manera eficiente la carne en cubos, rebanadas, tiras y hilos. La m\u00e1quina picadora de carne a la venta de la f\u00e1brica Taizy disfruta de buena calidad y precios asequibles. Nuestras m\u00e1quinas son elegidas por miles de clientes. Si est\u00e1 interesado en esta m\u00e1quina picadora de carne comercial, cont\u00e1ctenos para obtener una lista de precios gratuita.<\/p>    <h2 class=\"wp-block-heading\">\u00bfQu\u00e9 es una cortadora de carne?<\/h2>    <p>La cortadora de carne o la m\u00e1quina cortadora de carne es en realidad un equipo de procesamiento de carne. puede cortar varios tipos de carne fresca y congelada en rodajas, trozos, tiras y cubos. Est\u00e1 equipado con un cuchillo de corte duradero, que puede trabajar de manera eficiente y continua para usted.<\/p>    <figure class=\"wp-block-image size-full\"><img loading=\"lazy\" decoding=\"async\" width=\"720\" height=\"540\" src=\"https:\/\/topfoodmachine.com\/wp-content\/uploads\/2022\/07\/meat-dicing-machine.jpg\" alt=\"maquina para cortar carne\" class=\"wp-image-260\" srcset=\"https:\/\/topfoodmachine.com\/wp-content\/uploads\/2022\/07\/meat-dicing-machine.jpg 720w, https:\/\/topfoodmachine.com\/wp-content\/uploads\/2022\/07\/meat-dicing-machine-300x225.jpg 300w\" sizes=\"auto, (max-width: 720px) 100vw, 720px\" \/><figcaption>maquina para cortar carne<\/figcaption><\/figure>    <h2 class=\"wp-block-heading\">Caracter\u00edsticas de rendimiento de la m\u00e1quina cortadora de carne<\/h2>    <ol class=\"wp-block-list\" type=\"1\"><li>La m\u00e1quina industrial para cortar carne en cubitos utiliza una estructura completa de acero inoxidable 304, material duradero y apto para uso alimentario.<\/li><li>Adem\u00e1s de la funci\u00f3n de corte en cubitos, esta m\u00e1quina tambi\u00e9n se puede utilizar para rodajas, tiras y tiras de carne.<\/li><li>Admite el procesamiento de carne congelada, carne cocida, carne fresca y productos av\u00edcolas con huesos.<\/li><li>La m\u00e1quina cortadora de carne en cubos puede controlar con precisi\u00f3n el tama\u00f1o de la carne cortada en cubitos cambiando el n\u00famero de cuchillas<\/li><li>La m\u00e1quina est\u00e1 equipada con un dispositivo de seguridad confiable para garantizar un funcionamiento seguro.<\/li><li>Adopta un sistema operativo avanzado de pantalla t\u00e1ctil, f\u00e1cil de operar.<\/li><li>La velocidad de corte de la m\u00e1quina para cortar carne es de 50 a 120 veces por minuto<\/li><li>Los componentes principales de la m\u00e1quina y el sistema de transmisi\u00f3n adoptan una estructura sellada con funci\u00f3n impermeable. &nbsp;<\/li><\/ol>    <figure class=\"wp-block-image size-full\"><img loading=\"lazy\" decoding=\"async\" width=\"720\" height=\"540\" src=\"https:\/\/topfoodmachine.com\/wp-content\/uploads\/2022\/07\/commercial-meat-dicer.jpg\" alt=\"picadora de carne comercial\" class=\"wp-image-262\" srcset=\"https:\/\/topfoodmachine.com\/wp-content\/uploads\/2022\/07\/commercial-meat-dicer.jpg 720w, https:\/\/topfoodmachine.com\/wp-content\/uploads\/2022\/07\/commercial-meat-dicer-300x225.jpg 300w\" sizes=\"auto, (max-width: 720px) 100vw, 720px\" \/><figcaption>picadora de carne comercial<\/figcaption><\/figure>    <h2 class=\"wp-block-heading\">Par\u00e1metros del equipo para cortar carne Taizy<\/h2>    <figure class=\"wp-block-table\"><table><tbody><tr><td>Modelo<\/td><td>Fuerza<\/td><td>Capacidad<\/td><td>Tama\u00f1o<\/td><td>Peso<\/td><\/tr><tr><td>TZ-350<\/td><td>3kW<\/td><td>500-600kg\/hora<\/td><td>1480*800*980mm<\/td><td>270 kilos<\/td><\/tr><tr><td>TZ-550<\/td><td>3,7 kw<\/td><td>700-900kg\/hora<\/td><td>1940*980*1100mm<\/td><td>400 kilos<\/td><\/tr><\/tbody><\/table><\/figure>    <h2 class=\"wp-block-heading\">Estructura de la m\u00e1quina cortadora de carne.<\/h2>    <p>La m\u00e1quina el\u00e9ctrica para cortar carne en cubitos se compone principalmente de una c\u00e1scara, un cuchillo vertical, un pedestal, un plato para compartir, una unidad de corte transversal, un dispositivo de corte, un sistema de control el\u00e9ctrico y un sistema de transmisi\u00f3n.<\/p>    <p>La m\u00e1quina se puede dividir en una m\u00e1quina para cortar en cubitos de pescado y una m\u00e1quina para cortar en cubitos de carne, una m\u00e1quina para cortar en cubitos de carne cocida y una m\u00e1quina para cortar en cubitos de pollo y pato. &nbsp;<\/p>    <figure class=\"wp-block-image size-full\"><img loading=\"lazy\" decoding=\"async\" width=\"720\" height=\"540\" src=\"https:\/\/topfoodmachine.com\/wp-content\/uploads\/2022\/07\/meat-dicer-machine-packaged.jpg\" alt=\"m\u00e1quina picadora de carne empaquetada\" class=\"wp-image-265\" srcset=\"https:\/\/topfoodmachine.com\/wp-content\/uploads\/2022\/07\/meat-dicer-machine-packaged.jpg 720w, https:\/\/topfoodmachine.com\/wp-content\/uploads\/2022\/07\/meat-dicer-machine-packaged-300x225.jpg 300w\" sizes=\"auto, (max-width: 720px) 100vw, 720px\" \/><figcaption>m\u00e1quina picadora de carne empaquetada<\/figcaption><\/figure>    <h2 class=\"wp-block-heading\">Principio de funcionamiento de la m\u00e1quina cortadora de carne.<\/h2>    <ol class=\"wp-block-list\" type=\"1\"><li>El principio de funcionamiento b\u00e1sico es que el motor de la m\u00e1quina impulsa la rotaci\u00f3n de la cuchilla y la hoja.<\/li><li>Bajo la acci\u00f3n de la fuerza centr\u00edfuga, la materia prima se corta en rodajas con la ayuda de cuchillos verticales y luego se corta en rodajas mediante cuchillos circulares.&nbsp;<\/li><li>Finalmente, la materia prima se corta en cubos o rect\u00e1ngulos mediante cuchillas transversales con un espacio inferior a 0,1 mm entre las cuchillas.&nbsp;<\/li><\/ol>","protected":false},"excerpt":{"rendered":"<p>Meat dicing machine is specially designed for dicing fresh meat, frozen meat, and cooked meat. And this machine is ideal for processing various meats, such as pork, chicken, beef, duck, mutton, etc. The meat dicer machine is widely used in restaurants, farms, chain catering enterprises, schools, central kitchens, hypermarkets, and meat stores. With a durable [&hellip;]<\/p>\n","protected":false},"author":1,"featured_media":260,"parent":0,"template":"","tags":[12],"product-type":[7],"class_list":["post-258","product","type-product","status-publish","has-post-thumbnail","hentry","tag-egg-meat-processing-machine","product-type-egg-meat-processing-machine"],"_links":{"self":[{"href":"https:\/\/topfoodmachine.com\/es\/wp-json\/wp\/v2\/product\/258","targetHints":{"allow":["GET"]}}],"collection":[{"href":"https:\/\/topfoodmachine.com\/es\/wp-json\/wp\/v2\/product"}],"about":[{"href":"https:\/\/topfoodmachine.com\/es\/wp-json\/wp\/v2\/types\/product"}],"author":[{"embeddable":true,"href":"https:\/\/topfoodmachine.com\/es\/wp-json\/wp\/v2\/users\/1"}],"wp:featuredmedia":[{"embeddable":true,"href":"https:\/\/topfoodmachine.com\/es\/wp-json\/wp\/v2\/media\/260"}],"wp:attachment":[{"href":"https:\/\/topfoodmachine.com\/es\/wp-json\/wp\/v2\/media?parent=258"}],"wp:term":[{"taxonomy":"post_tag","embeddable":true,"href":"https:\/\/topfoodmachine.com\/es\/wp-json\/wp\/v2\/tags?post=258"},{"taxonomy":"product-type","embeddable":true,"href":"https:\/\/topfoodmachine.com\/es\/wp-json\/wp\/v2\/product-type?post=258"}],"curies":[{"name":"wp","href":"https:\/\/api.w.org\/{rel}","templated":true}]}}