{"id":2169,"date":"2026-03-24T16:54:35","date_gmt":"2026-03-24T08:54:35","guid":{"rendered":"https:\/\/topfoodmachine.com\/?post_type=product&#038;p=2169"},"modified":"2026-03-24T17:20:25","modified_gmt":"2026-03-24T09:20:25","slug":"superfine-grinding-machine","status":"publish","type":"product","link":"https:\/\/topfoodmachine.com\/es\/product\/superfine-grinding-machine\/","title":{"rendered":"Molino superfino"},"content":{"rendered":"<div class=\"kk-star-ratings kksr-auto kksr-align-left kksr-valign-top\"     data-payload='{&quot;align&quot;:&quot;left&quot;,&quot;id&quot;:&quot;2169&quot;,&quot;slug&quot;:&quot;default&quot;,&quot;valign&quot;:&quot;top&quot;,&quot;ignore&quot;:&quot;&quot;,&quot;reference&quot;:&quot;auto&quot;,&quot;class&quot;:&quot;&quot;,&quot;count&quot;:&quot;0&quot;,&quot;legendonly&quot;:&quot;&quot;,&quot;readonly&quot;:&quot;&quot;,&quot;score&quot;:&quot;0&quot;,&quot;starsonly&quot;:&quot;&quot;,&quot;best&quot;:&quot;5&quot;,&quot;gap&quot;:&quot;5&quot;,&quot;greet&quot;:&quot;Rate this product&quot;,&quot;legend&quot;:&quot;0\\\/5 - (0 votos)&quot;,&quot;size&quot;:&quot;24&quot;,&quot;title&quot;:&quot;Superfine grinding machine&quot;,&quot;width&quot;:&quot;0&quot;,&quot;_legend&quot;:&quot;{score}\\\/{best} - ({count} {votes})&quot;,&quot;font_factor&quot;:&quot;1.25&quot;}'>              <div class=\"kksr-stars\">      <div class=\"kksr-stars-inactive\">             <div class=\"kksr-star\" data-star=\"1\" style=\"padding-right: 5px\">               <div class=\"kksr-icon\" style=\"width: 24px; height: 24px;\"><\/div>         <\/div>             <div class=\"kksr-star\" data-star=\"2\" style=\"padding-right: 5px\">               <div class=\"kksr-icon\" style=\"width: 24px; height: 24px;\"><\/div>         <\/div>             <div class=\"kksr-star\" data-star=\"3\" style=\"padding-right: 5px\">               <div class=\"kksr-icon\" style=\"width: 24px; height: 24px;\"><\/div>         <\/div>             <div class=\"kksr-star\" data-star=\"4\" style=\"padding-right: 5px\">               <div class=\"kksr-icon\" style=\"width: 24px; height: 24px;\"><\/div>         <\/div>             <div class=\"kksr-star\" data-star=\"5\" style=\"padding-right: 5px\">               <div class=\"kksr-icon\" style=\"width: 24px; height: 24px;\"><\/div>         <\/div>     <\/div>      <div class=\"kksr-stars-active\" style=\"width: 0px;\">             <div class=\"kksr-star\" style=\"padding-right: 5px\">               <div class=\"kksr-icon\" style=\"width: 24px; height: 24px;\"><\/div>         <\/div>             <div class=\"kksr-star\" style=\"padding-right: 5px\">               <div class=\"kksr-icon\" style=\"width: 24px; height: 24px;\"><\/div>         <\/div>             <div class=\"kksr-star\" style=\"padding-right: 5px\">               <div class=\"kksr-icon\" style=\"width: 24px; height: 24px;\"><\/div>         <\/div>             <div class=\"kksr-star\" style=\"padding-right: 5px\">               <div class=\"kksr-icon\" style=\"width: 24px; height: 24px;\"><\/div>         <\/div>             <div class=\"kksr-star\" style=\"padding-right: 5px\">               <div class=\"kksr-icon\" style=\"width: 24px; height: 24px;\"><\/div>         <\/div>     <\/div> <\/div>                   <div class=\"kksr-legend\" style=\"font-size: 19.2px;\">             <span class=\"kksr-muted\">Califique este producto<\/span>     <\/div>     <\/div>  <p>El molino superfino (tambi\u00e9n conocido como pulverizador ultrafino) puede triturar materiales en polvos ultrafinos. Se utiliza ampliamente en industrias como procesamiento de alimentos, farmac\u00e9utica y qu\u00edmica. La m\u00e1quina emplea cuchillas rotativas de alta velocidad, martillos o impacto de flujo de aire para triturar y clasificar finamente los materiales, logrando una finura de 80\u2013450 malla o incluso superior.<\/p>    <p class=\"translation-block\">Con una capacidad de procesamiento que var\u00eda desde <strong>20\u20131500 kg\/h<\/strong>, puede satisfacer las necesidades de producci\u00f3n tanto peque\u00f1as como grandes. Generalmente fabricado en acero inoxidable, cumple con los est\u00e1ndares de higiene alimentaria y presenta operaci\u00f3n estable, bajo nivel de ruido y bajo consumo energ\u00e9tico. Algunos modelos tambi\u00e9n est\u00e1n equipados con sistemas de recolecci\u00f3n de polvo y dispositivos de clasificaci\u00f3n autom\u00e1tica para garantizar un entorno de producci\u00f3n limpio y una finura constante del polvo.<\/p>    <figure class=\"wp-block-embed is-type-video is-provider-youtube wp-block-embed-youtube wp-embed-aspect-9-16 wp-has-aspect-ratio\"><div class=\"wp-block-embed__wrapper\"> <iframe loading=\"lazy\" title=\"trituradora ultrafina\" width=\"422\" height=\"750\" src=\"https:\/\/www.youtube.com\/embed\/ID0gECR0WSE?feature=oembed\" frameborder=\"0\" allow=\"accelerometer; autoplay; clipboard-write; encrypted-media; gyroscope; picture-in-picture; web-share\" referrerpolicy=\"strict-origin-when-cross-origin\" allowfullscreen><\/iframe> <\/div><figcaption class=\"wp-element-caption\">Video de funcionamiento del molino superfino<\/figcaption><\/figure>    <h2 class=\"wp-block-heading\">\u00bfQu\u00e9 materiales son adecuados para el molino superfino?<\/h2>    <p class=\"translation-block\">El <strong>Molino superfino<\/strong> es muy vers\u00e1til y puede procesar una amplia gama de materiales secos en diversas industrias. Es adecuado para especias como chile, pimienta, c\u00farcuma y jengibre, permitiendo triturarlas en polvos ultrafinos para cocinar, sazonar o uso farmac\u00e9utico. Tambi\u00e9n puede manejar granos como arroz, ma\u00edz, trigo y cebada, as\u00ed como az\u00facar, sal y otros ingredientes alimenticios cristalinos. <\/p>    <p>Adem\u00e1s, la m\u00e1quina es ideal para polvos herbales y medicinales, granos de caf\u00e9, frutas secas y otros materiales de origen vegetal. Su capacidad para producir polvos consistentes, finos y uniformes la hace perfecta para aplicaciones en procesamiento de alimentos, producci\u00f3n qu\u00edmica y medicina herbal, asegurando tanto la calidad del producto como la eficiencia en operaciones a gran o peque\u00f1a escala.<\/p>    <figure class=\"wp-block-gallery has-nested-images columns-default is-cropped wp-block-gallery-2 is-layout-flex wp-block-gallery-is-layout-flex\"> <figure class=\"wp-block-image size-large\"><img loading=\"lazy\" decoding=\"async\" width=\"720\" height=\"540\" data-id=\"2173\" src=\"https:\/\/topfoodmachine.com\/wp-content\/uploads\/2026\/03\/chili-powder.webp\" alt=\"chile en polvo\" class=\"wp-image-2173\" srcset=\"https:\/\/topfoodmachine.com\/wp-content\/uploads\/2026\/03\/chili-powder.webp 720w, https:\/\/topfoodmachine.com\/wp-content\/uploads\/2026\/03\/chili-powder-300x225.webp 300w, https:\/\/topfoodmachine.com\/wp-content\/uploads\/2026\/03\/chili-powder-16x12.webp 16w\" sizes=\"auto, (max-width: 720px) 100vw, 720px\" \/><figcaption class=\"wp-element-caption\">chile en polvo<\/figcaption><\/figure>    <figure class=\"wp-block-image size-large\"><img loading=\"lazy\" decoding=\"async\" width=\"720\" height=\"540\" data-id=\"2174\" src=\"https:\/\/topfoodmachine.com\/wp-content\/uploads\/2026\/03\/grain-powder.webp\" alt=\"polvo de grano\" class=\"wp-image-2174\" srcset=\"https:\/\/topfoodmachine.com\/wp-content\/uploads\/2026\/03\/grain-powder.webp 720w, https:\/\/topfoodmachine.com\/wp-content\/uploads\/2026\/03\/grain-powder-300x225.webp 300w, https:\/\/topfoodmachine.com\/wp-content\/uploads\/2026\/03\/grain-powder-16x12.webp 16w\" sizes=\"auto, (max-width: 720px) 100vw, 720px\" \/><figcaption class=\"wp-element-caption\">polvo de grano<\/figcaption><\/figure> <\/figure>    <h2 class=\"wp-block-heading\">Trituradora est\u00e1ndar vs. molino superfino<\/h2>    <p class=\"translation-block\">Al comparar un <strong>trituradora est\u00e1ndar<\/strong> y un <strong>molino superfino<\/strong>, la diferencia clave radica en el tama\u00f1o final de las part\u00edculas y el rango de aplicaci\u00f3n. Una trituradora est\u00e1ndar se utiliza principalmente para trituraci\u00f3n primaria o media, reduciendo los materiales a part\u00edculas gruesas (t\u00edpicamente de 5 a 50 mm). <\/p>    <p>En contraste, un molino superfino (m\u00e1quina de molienda ultrafina) est\u00e1 dise\u00f1ado para un procesamiento profundo, produciendo polvos con finura que var\u00eda de 80 a 450 malla o incluso m\u00e1s. Se utiliza com\u00fanmente en industrias alimentarias, farmac\u00e9uticas y qu\u00edmicas donde la uniformidad y el tama\u00f1o de part\u00edcula ultrafino son cr\u00edticos.<\/p>    <p>Adem\u00e1s, los principios de funcionamiento y el rendimiento tambi\u00e9n difieren significativamente. Los trituradoras est\u00e1ndar dependen de fuerza mec\u00e1nica como compresi\u00f3n, impacto o cizalladura, ofreciendo alta capacidad y bajo consumo energ\u00e9tico para materiales grandes. Los molinos superfinos, en cambio, utilizan flujo de aire de alta velocidad, vibraci\u00f3n o impacto repetido y sistemas de clasificaci\u00f3n para lograr un control preciso de las part\u00edculas. <\/p>    <p>Mientras que los trituradoras son ideales para la reducci\u00f3n de tama\u00f1o a granel, los molinos superfinos aportan mayor valor a\u00f1adido mejorando la solubilidad, absorci\u00f3n y calidad del producto. Por lo tanto, la elecci\u00f3n entre ambos depende de los objetivos de producci\u00f3n, la finura requerida y la industria de aplicaci\u00f3n.<\/p>    <figure class=\"wp-block-gallery has-nested-images columns-default is-cropped wp-block-gallery-3 is-layout-flex wp-block-gallery-is-layout-flex\"> <figure class=\"wp-block-image size-large\"><img loading=\"lazy\" decoding=\"async\" width=\"720\" height=\"540\" data-id=\"2175\" src=\"https:\/\/topfoodmachine.com\/wp-content\/uploads\/2026\/03\/food-crusher.webp\" alt=\"trituradora de alimentos\" class=\"wp-image-2175\" srcset=\"https:\/\/topfoodmachine.com\/wp-content\/uploads\/2026\/03\/food-crusher.webp 720w, https:\/\/topfoodmachine.com\/wp-content\/uploads\/2026\/03\/food-crusher-300x225.webp 300w, https:\/\/topfoodmachine.com\/wp-content\/uploads\/2026\/03\/food-crusher-16x12.webp 16w\" sizes=\"auto, (max-width: 720px) 100vw, 720px\" \/><figcaption class=\"wp-element-caption\">trituradora de alimentos<\/figcaption><\/figure>    <figure class=\"wp-block-image size-large\"><img loading=\"lazy\" decoding=\"async\" width=\"720\" height=\"540\" data-id=\"2176\" src=\"https:\/\/topfoodmachine.com\/wp-content\/uploads\/2026\/03\/Superfine-grinding-machine-for-sale.webp\" alt=\"Molino superfino en venta\" class=\"wp-image-2176\" srcset=\"https:\/\/topfoodmachine.com\/wp-content\/uploads\/2026\/03\/Superfine-grinding-machine-for-sale.webp 720w, https:\/\/topfoodmachine.com\/wp-content\/uploads\/2026\/03\/Superfine-grinding-machine-for-sale-300x225.webp 300w, https:\/\/topfoodmachine.com\/wp-content\/uploads\/2026\/03\/Superfine-grinding-machine-for-sale-16x12.webp 16w\" sizes=\"auto, (max-width: 720px) 100vw, 720px\" \/><figcaption class=\"wp-element-caption\">Molino superfino en venta<\/figcaption><\/figure> <\/figure>    <h2 class=\"wp-block-heading\">Componentes principales del molino ultrafino<\/h2>    <div class=\"wp-block-media-text is-stacked-on-mobile\"><figure class=\"wp-block-media-text__media\"><img loading=\"lazy\" decoding=\"async\" width=\"720\" height=\"540\" src=\"https:\/\/topfoodmachine.com\/wp-content\/uploads\/2026\/03\/ultra-fine-crusher.webp\" alt=\"trituradora ultrafina\" class=\"wp-image-2177 size-full\" srcset=\"https:\/\/topfoodmachine.com\/wp-content\/uploads\/2026\/03\/ultra-fine-crusher.webp 720w, https:\/\/topfoodmachine.com\/wp-content\/uploads\/2026\/03\/ultra-fine-crusher-300x225.webp 300w, https:\/\/topfoodmachine.com\/wp-content\/uploads\/2026\/03\/ultra-fine-crusher-16x12.webp 16w\" sizes=\"auto, (max-width: 720px) 100vw, 720px\" \/><\/figure><div class=\"wp-block-media-text__content\"> <ul class=\"wp-block-list\"> <li><strong>C\u00e1mara de trituraci\u00f3n:<\/strong> \u00c1rea central para impacto y cizalladura a alta velocidad para lograr una molienda ultrafina.<\/li>    <li><strong>Tolva de alimentaci\u00f3n:<\/strong> Entrada de embudo para una alimentaci\u00f3n de material suave y continua.<\/li>    <li><strong>Motor de clasificaci\u00f3n:<\/strong> Impulsa el clasificador para separar el polvo fino y controlar el tama\u00f1o de part\u00edcula.<\/li>    <li><strong>Motor de trituraci\u00f3n:<\/strong> Alimenta el rotor\/discos para una pulverizaci\u00f3n eficiente.<\/li>    <li><strong>Motor de alimentaci\u00f3n:<\/strong> Garantiza una alimentaci\u00f3n controlada y estable del material.<\/li> <\/ul> <\/div><\/div>    <div class=\"wp-block-media-text has-media-on-the-right is-stacked-on-mobile\"><div class=\"wp-block-media-text__content\"> <ul class=\"wp-block-list\"> <li><strong>Armario de control el\u00e9ctrico:<\/strong> Control centralizado para motores, monitoreo de par\u00e1metros y automatizaci\u00f3n.<\/li>    <li><strong>Separador cicl\u00f3nico:<\/strong> Utiliza fuerza centr\u00edfuga para separar y recolectar el polvo fino.<\/li>    <li><strong>V\u00e1lvula de esclusa:<\/strong> Garantiza una descarga continua mientras previene el flujo de aire inverso.<\/li>    <li><strong>Caja de extracci\u00f3n de polvo:<\/strong> Filtra el polvo fino y recupera el polvo, cumpliendo con las normas ambientales.<\/li>    <li><strong>Ventilador centr\u00edfugo:<\/strong> Genera presi\u00f3n negativa para el transporte del material.<\/li>    <li><strong>V\u00e1lvula de mariposa de descarga:<\/strong> Controla la descarga del producto final para facilitar la recolecci\u00f3n y el envasado.<\/li> <\/ul> <\/div><figure class=\"wp-block-media-text__media\"><img loading=\"lazy\" decoding=\"async\" width=\"540\" height=\"720\" src=\"https:\/\/topfoodmachine.com\/wp-content\/uploads\/2026\/03\/grain-crushing-machine.webp\" alt=\"molino superfino\" class=\"wp-image-2178 size-full\" srcset=\"https:\/\/topfoodmachine.com\/wp-content\/uploads\/2026\/03\/grain-crushing-machine.webp 540w, https:\/\/topfoodmachine.com\/wp-content\/uploads\/2026\/03\/grain-crushing-machine-225x300.webp 225w, https:\/\/topfoodmachine.com\/wp-content\/uploads\/2026\/03\/grain-crushing-machine-9x12.webp 9w\" sizes=\"auto, (max-width: 540px) 100vw, 540px\" \/><\/figure><\/div>    <h2 class=\"wp-block-heading\">Principio de funcionamiento del molino superfino<\/h2>    <p>La m\u00e1quina de molienda ultrafina logra un tama\u00f1o de part\u00edcula a nivel de micrones (10\u201325 \u03bcm) principalmente mediante impacto mec\u00e1nico, corte, molienda o flujo de aire a alta presi\u00f3n. El proceso comienza en el sistema de alimentaci\u00f3n, donde las materias primas ingresan en la c\u00e1mara de molienda. <\/p>    <p>Dentro de la c\u00e1mara, los rotores de alta velocidad (martillos o cuchillas) colisionan, cortan y trituran el material, mientras que el flujo de aire ultrarr\u00e1pido generado por aire comprimido hace que las part\u00edculas colisionen y se trituren entre s\u00ed. <\/p>    <p>El sistema de clasificaci\u00f3n separa las part\u00edculas finas de las gruesas, devolviendo las part\u00edculas mayores para un mayor triturado. Finalmente, las part\u00edculas finas se recogen mediante un separador cicl\u00f3nico o filtro, mientras que los gases de escape se eliminan. Esta combinaci\u00f3n de fuerzas mec\u00e1nicas y de flujo de aire garantiza un molido eficiente y preciso a nivel de micrones.<\/p>    <figure class=\"wp-block-image size-full\"><img loading=\"lazy\" decoding=\"async\" width=\"720\" height=\"540\" src=\"https:\/\/topfoodmachine.com\/wp-content\/uploads\/2026\/03\/Superfine-grinding-machine-structure.webp\" alt=\"Estructura del molino superfino\" class=\"wp-image-2179\" srcset=\"https:\/\/topfoodmachine.com\/wp-content\/uploads\/2026\/03\/Superfine-grinding-machine-structure.webp 720w, https:\/\/topfoodmachine.com\/wp-content\/uploads\/2026\/03\/Superfine-grinding-machine-structure-300x225.webp 300w, https:\/\/topfoodmachine.com\/wp-content\/uploads\/2026\/03\/Superfine-grinding-machine-structure-16x12.webp 16w\" sizes=\"auto, (max-width: 720px) 100vw, 720px\" \/><figcaption class=\"wp-element-caption\">Estructura del molino superfino<\/figcaption><\/figure>    <h2 class=\"wp-block-heading\">Ventajas del molino superfino<\/h2>    <div class=\"wp-block-media-text is-stacked-on-mobile\"><figure class=\"wp-block-media-text__media\"><img loading=\"lazy\" decoding=\"async\" width=\"720\" height=\"540\" src=\"https:\/\/topfoodmachine.com\/wp-content\/uploads\/2026\/03\/Superfine-grinding-machine-price.webp\" alt=\"Precio de la m\u00e1quina de molienda superfina\" class=\"wp-image-2180 size-full\" srcset=\"https:\/\/topfoodmachine.com\/wp-content\/uploads\/2026\/03\/Superfine-grinding-machine-price.webp 720w, https:\/\/topfoodmachine.com\/wp-content\/uploads\/2026\/03\/Superfine-grinding-machine-price-300x225.webp 300w, https:\/\/topfoodmachine.com\/wp-content\/uploads\/2026\/03\/Superfine-grinding-machine-price-16x12.webp 16w\" sizes=\"auto, (max-width: 720px) 100vw, 720px\" \/><\/figure><div class=\"wp-block-media-text__content\"> <ul class=\"wp-block-list\"> <li>Rendimiento estable, bajo nivel de ruido, bajo consumo energ\u00e9tico, alta eficiencia, dise\u00f1o compacto y amplio rango de aplicaciones. <\/li>    <li>Produce un tama\u00f1o de part\u00edcula uniforme, ideal para alimentos, productos qu\u00edmicos, materiales fibrosos y hierbas medicinales. <\/li>    <li>Sistema integrado con unidad principal, equipo auxiliar, tuber\u00eda y sistema de control; opcional colector de cicl\u00f3n y recolectores de polvo en bolsas. <\/li>    <li>Equipado con clasificaci\u00f3n centr\u00edfuga\u2014dise\u00f1o sin pantalla, finura ajustable y descarga por presi\u00f3n negativa para una producci\u00f3n eficiente.<\/li> <\/ul> <\/div><\/div>    <h2 class=\"wp-block-heading\">Equipo de soporte del molino superfino<\/h2>    <p class=\"translation-block\">El <strong>Molino Triturador Superfino<\/strong> puede combinarse con una variedad de equipos de soporte para crear una l\u00ednea de procesamiento de polvo completa. Los accesorios comunes incluyen <strong>tolvas de alimentaci\u00f3n, recolectores de polvo y transportadores<\/strong>, que mejoran la eficiencia y mantienen un entorno de trabajo limpio. <\/p>    <div class=\"wp-block-media-text has-media-on-the-right is-stacked-on-mobile\"><div class=\"wp-block-media-text__content\"> <p class=\"translation-block\">Para una soluci\u00f3n totalmente integrada, tambi\u00e9n ofrecemos <strong><a href=\"https:\/\/topfoodmachine.com\/es\/products\/food-packaging-machine\/\" data-type=\"link\" data-id=\"https:\/\/topfoodmachine.com\/products\/food-packaging-machine\/\">m\u00e1quinas de envasado de polvo<\/a><\/strong>, que permiten pesar y envasar autom\u00e1ticamente el producto terminado, haciendo que su l\u00ednea de producci\u00f3n sea m\u00e1s eficiente y profesional.<\/p> <\/div><figure class=\"wp-block-media-text__media\"><img loading=\"lazy\" decoding=\"async\" width=\"720\" height=\"540\" src=\"https:\/\/topfoodmachine.com\/wp-content\/uploads\/2022\/07\/spice-powder-packing-machine.jpg\" alt=\"empaquetadora de especias en polvo\" class=\"wp-image-114 size-full\" srcset=\"https:\/\/topfoodmachine.com\/wp-content\/uploads\/2022\/07\/spice-powder-packing-machine.jpg 720w, https:\/\/topfoodmachine.com\/wp-content\/uploads\/2022\/07\/spice-powder-packing-machine-300x225.jpg 300w\" sizes=\"auto, (max-width: 720px) 100vw, 720px\" \/><\/figure><\/div>    <h2 class=\"wp-block-heading\">Par\u00e1metros del molino superfino<\/h2>    <figure class=\"wp-block-table\"><table class=\"has-fixed-layout\"><tbody><tr><td>Modelo<\/td><td>Capacidad de producci\u00f3n (kg\/h)<\/td><td>Velocidad del husillo (r\/min)<\/td><td>Tama\u00f1o de alimentaci\u00f3n (mm)<\/td><td>Finura de los productos (malla)<\/td><td>Potencia total (kW)<\/td><td>Peso (kg)<\/td><td>Dimensi\u00f3n total (L\u00d7W\u00d7H) (mm)<\/td><\/tr><tr><td>WFJ-8<\/td><td>20\u2013120<\/td><td>6800<\/td><td>&lt; 8<\/td><td>80\u2013450<\/td><td>11<\/td><td>1000<\/td><td>6000 \u00d7 1050 \u00d7 2650<\/td><\/tr><tr><td>WFJ-15<\/td><td>50\u2013200<\/td><td>6000<\/td><td>&lt; 20<\/td><td>80\u2013450<\/td><td>18.5<\/td><td>1300<\/td><td>7000 \u00d7 1200 \u00d7 2900<\/td><\/tr><tr><td>WFJ-20<\/td><td>80\u2013300<\/td><td>4800<\/td><td>&lt; 20<\/td><td>80\u2013450<\/td><td>25<\/td><td>1700<\/td><td>8000 \u00d7 1350 \u00d7 3300<\/td><\/tr><tr><td>WFJ-30<\/td><td>100\u2013800<\/td><td>3800<\/td><td>9200 \u00d7 1500 \u00d7 3900<\/td><td>80\u2013450<\/td><td>46<\/td><td>2300<\/td><td>WFJ-60<\/td><\/tr><tr><td>200\u20131200<\/td><td>10500 \u00d7 2300 \u00d7 4530<\/td><td>2800<\/td><td>WFJ-80<\/td><td>80\u2013450<\/td><td>84.15<\/td><td>3200<\/td><td>500\u20131500<\/td><\/tr><tr><td>12000 \u00d7 2500 \u00d7 4800<\/td><td>Par\u00e1metros de la m\u00e1quina trituradora de alimentos<\/td><td>2400<\/td><td>Molino de alimentos superfino | Soluci\u00f3n de molienda de polvo ultrafino #procesamientodealimentos #trituradora<\/td><td>80\u2013450<\/td><td>100.4<\/td><td>3800<\/td><td>m\u00e1quina de trituraci\u00f3n de granos<\/td><\/tr><\/tbody><\/table><figcaption class=\"wp-element-caption\">Precio del molino superfino<\/figcaption><\/figure>    <h2 class=\"wp-block-heading\">Conclusi\u00f3n<\/h2>    <p class=\"translation-block\">Actualice su producci\u00f3n con nuestra <strong>Superfina Molino de Trituraci\u00f3n<\/strong>, dise\u00f1ado para un procesamiento eficiente, uniforme y de polvo ultrafino. Ya sea para alimentos, hierbas o materiales qu\u00edmicos, garantiza una calidad constante y un rendimiento fiable.<\/p>    <p class=\"translation-block\">Para operaciones a menor escala, tambi\u00e9n ofrecemos <strong><a href=\"https:\/\/topfoodmachine.com\/es\/product\/stainless-steel-crusher\/\" data-type=\"link\" data-id=\"https:\/\/topfoodmachine.com\/product\/stainless-steel-crusher\/\">molinos compactos<\/a><\/strong> que son ideales para una producci\u00f3n de baja salida, proporcionando la misma precisi\u00f3n y eficiencia en un paquete m\u00e1s compacto y econ\u00f3mico. Cont\u00e1ctenos hoy para encontrar el modelo que mejor se adapte a sus necesidades.<\/p>","protected":false},"excerpt":{"rendered":"<p>El molino superfino (tambi\u00e9n conocido como pulverizador ultrafino) puede triturar materiales en polvos ultrafinos.<\/p>","protected":false},"author":1,"featured_media":2172,"parent":0,"template":"","tags":[145],"product-type":[5],"class_list":["post-2169","product","type-product","status-publish","has-post-thumbnail","hentry","tag-superfine-grinding-machine","product-type-nuts-processing-machine"],"_links":{"self":[{"href":"https:\/\/topfoodmachine.com\/es\/wp-json\/wp\/v2\/product\/2169","targetHints":{"allow":["GET"]}}],"collection":[{"href":"https:\/\/topfoodmachine.com\/es\/wp-json\/wp\/v2\/product"}],"about":[{"href":"https:\/\/topfoodmachine.com\/es\/wp-json\/wp\/v2\/types\/product"}],"author":[{"embeddable":true,"href":"https:\/\/topfoodmachine.com\/es\/wp-json\/wp\/v2\/users\/1"}],"wp:featuredmedia":[{"embeddable":true,"href":"https:\/\/topfoodmachine.com\/es\/wp-json\/wp\/v2\/media\/2172"}],"wp:attachment":[{"href":"https:\/\/topfoodmachine.com\/es\/wp-json\/wp\/v2\/media?parent=2169"}],"wp:term":[{"taxonomy":"post_tag","embeddable":true,"href":"https:\/\/topfoodmachine.com\/es\/wp-json\/wp\/v2\/tags?post=2169"},{"taxonomy":"product-type","embeddable":true,"href":"https:\/\/topfoodmachine.com\/es\/wp-json\/wp\/v2\/product-type?post=2169"}],"curies":[{"name":"wp","href":"https:\/\/api.w.org\/{rel}","templated":true}]}}