{"id":2132,"date":"2026-02-02T15:09:19","date_gmt":"2026-02-02T07:09:19","guid":{"rendered":"https:\/\/topfoodmachine.com\/?post_type=product&#038;p=2132"},"modified":"2026-02-03T09:19:34","modified_gmt":"2026-02-03T01:19:34","slug":"semi-automatic-peanut-paste-making-machine","status":"publish","type":"product","link":"https:\/\/topfoodmachine.com\/es\/product\/semi-automatic-peanut-paste-making-machine\/","title":{"rendered":"M\u00e1quina semi-autom\u00e1tica para la fabricaci\u00f3n de pasta de cacahuete"},"content":{"rendered":"<div class=\"kk-star-ratings kksr-auto kksr-align-left kksr-valign-top\"     data-payload='{&quot;align&quot;:&quot;left&quot;,&quot;id&quot;:&quot;2132&quot;,&quot;slug&quot;:&quot;default&quot;,&quot;valign&quot;:&quot;top&quot;,&quot;ignore&quot;:&quot;&quot;,&quot;reference&quot;:&quot;auto&quot;,&quot;class&quot;:&quot;&quot;,&quot;count&quot;:&quot;0&quot;,&quot;legendonly&quot;:&quot;&quot;,&quot;readonly&quot;:&quot;&quot;,&quot;score&quot;:&quot;0&quot;,&quot;starsonly&quot;:&quot;&quot;,&quot;best&quot;:&quot;5&quot;,&quot;gap&quot;:&quot;5&quot;,&quot;greet&quot;:&quot;Rate this product&quot;,&quot;legend&quot;:&quot;0\\\/5 - (0 votos)&quot;,&quot;size&quot;:&quot;24&quot;,&quot;title&quot;:&quot;Semi-automatic peanut paste making machine&quot;,&quot;width&quot;:&quot;0&quot;,&quot;_legend&quot;:&quot;{score}\\\/{best} - ({count} {votes})&quot;,&quot;font_factor&quot;:&quot;1.25&quot;}'>              <div class=\"kksr-stars\">      <div class=\"kksr-stars-inactive\">             <div class=\"kksr-star\" data-star=\"1\" style=\"padding-right: 5px\">               <div class=\"kksr-icon\" style=\"width: 24px; height: 24px;\"><\/div>         <\/div>             <div class=\"kksr-star\" data-star=\"2\" style=\"padding-right: 5px\">               <div class=\"kksr-icon\" style=\"width: 24px; height: 24px;\"><\/div>         <\/div>             <div class=\"kksr-star\" data-star=\"3\" style=\"padding-right: 5px\">               <div class=\"kksr-icon\" style=\"width: 24px; height: 24px;\"><\/div>         <\/div>             <div class=\"kksr-star\" data-star=\"4\" style=\"padding-right: 5px\">               <div class=\"kksr-icon\" style=\"width: 24px; height: 24px;\"><\/div>         <\/div>             <div class=\"kksr-star\" data-star=\"5\" style=\"padding-right: 5px\">               <div class=\"kksr-icon\" style=\"width: 24px; height: 24px;\"><\/div>         <\/div>     <\/div>      <div class=\"kksr-stars-active\" style=\"width: 0px;\">             <div class=\"kksr-star\" style=\"padding-right: 5px\">               <div class=\"kksr-icon\" style=\"width: 24px; height: 24px;\"><\/div>         <\/div>             <div class=\"kksr-star\" style=\"padding-right: 5px\">               <div class=\"kksr-icon\" style=\"width: 24px; height: 24px;\"><\/div>         <\/div>             <div class=\"kksr-star\" style=\"padding-right: 5px\">               <div class=\"kksr-icon\" style=\"width: 24px; height: 24px;\"><\/div>         <\/div>             <div class=\"kksr-star\" style=\"padding-right: 5px\">               <div class=\"kksr-icon\" style=\"width: 24px; height: 24px;\"><\/div>         <\/div>             <div class=\"kksr-star\" style=\"padding-right: 5px\">               <div class=\"kksr-icon\" style=\"width: 24px; height: 24px;\"><\/div>         <\/div>     <\/div> <\/div>                   <div class=\"kksr-legend\" style=\"font-size: 19.2px;\">             <span class=\"kksr-muted\">Califique este producto<\/span>     <\/div>     <\/div>  <p>La m\u00e1quina semi-autom\u00e1tica para hacer pasta de cacahuete es un sistema compacto y eficiente que combina tostado, pelado, molienda, mezcla y llenado semi-autom\u00e1tico en una l\u00ednea de producci\u00f3n completa. Reduce los requisitos de mano de obra mientras entrega mantequilla de cacahuete suave, sabrosa e higi\u00e9nica.<\/p>    <p class=\"translation-block\">Dise\u00f1ada para una <strong>capacidad de producci\u00f3n de 50\u2013100\u202fkg\/h<\/strong>, ofrece <strong>salida flexible<\/strong> para adaptarse a startups y peque\u00f1as empresas. La m\u00e1quina es <strong>f\u00e1cil de operar, sencilla de mantener<\/strong>, y rentable en comparaci\u00f3n con las l\u00edneas totalmente autom\u00e1ticas, mientras proporciona una calidad de mantequilla de cacahuete estable y constante.<\/p>    <figure class=\"wp-block-embed is-type-video is-provider-youtube wp-block-embed-youtube wp-embed-aspect-9-16 wp-has-aspect-ratio\"><div class=\"wp-block-embed__wrapper\"> <iframe loading=\"lazy\" title=\"M\u00e1quina semi-autom\u00e1tica para hacer pasta de cacahuete | Proceso de producci\u00f3n de mantequilla de cacahuete #cacahuete #mantequilla\" width=\"422\" height=\"750\" src=\"https:\/\/www.youtube.com\/embed\/y-UI9JWvddQ?feature=oembed\" frameborder=\"0\" allow=\"accelerometer; autoplay; clipboard-write; encrypted-media; gyroscope; picture-in-picture; web-share\" referrerpolicy=\"strict-origin-when-cross-origin\" allowfullscreen><\/iframe> <\/div><figcaption class=\"wp-element-caption\">Video de funcionamiento de la m\u00e1quina para hacer pasta de cacahuete<\/figcaption><\/figure>    <h2 class=\"wp-block-heading\">\u00bfC\u00f3mo funciona la m\u00e1quina semi-autom\u00e1tica para hacer pasta de cacahuete?<\/h2>    <p class=\"translation-block\">La m\u00e1quina semi-autom\u00e1tica para hacer pasta de cacahuete ofrece una <strong>soluci\u00f3n completa y simplificada<\/strong> para la producci\u00f3n de mantequilla de cacahuete. Gestiona de manera eficiente <strong>el tostado, pelado, molienda y llenado<\/strong>, asegurando una calidad constante y una textura suave, mientras reduce la mano de obra y simplifica las operaciones.<\/p>    <h3 class=\"wp-block-heading\"><strong>1. <a href=\"https:\/\/topfoodmachine.com\/es\/product\/peanut-roasting-machine\/\" data-type=\"link\" data-id=\"https:\/\/topfoodmachine.com\/product\/peanut-roasting-machine\/\">Tostador de cacahuetes<\/a><\/strong><\/h3>    <p class=\"translation-block\">El proceso comienza con el <strong>tostador de cacahuetes<\/strong>, donde los cacahuetes crudos se calientan de manera uniforme en un tambor giratorio. La m\u00e1quina permite al operador preajustar la temperatura para un tostado \u00f3ptimo. Una vez precalentados, los cacahuetes con c\u00e1scara se vierten en el tambor, produciendo un tostado uniforme que realza el sabor natural de los cacahuetes.<\/p>    <div class=\"wp-block-media-text is-stacked-on-mobile\"><figure class=\"wp-block-media-text__media\"><img loading=\"lazy\" decoding=\"async\" width=\"720\" height=\"540\" src=\"https:\/\/topfoodmachine.com\/wp-content\/uploads\/2026\/02\/Peanut-Roaster.webp\" alt=\"Tostador de cacahuetes\" class=\"wp-image-2136 size-full\" srcset=\"https:\/\/topfoodmachine.com\/wp-content\/uploads\/2026\/02\/Peanut-Roaster.webp 720w, https:\/\/topfoodmachine.com\/wp-content\/uploads\/2026\/02\/Peanut-Roaster-300x225.webp 300w, https:\/\/topfoodmachine.com\/wp-content\/uploads\/2026\/02\/Peanut-Roaster-16x12.webp 16w\" sizes=\"auto, (max-width: 720px) 100vw, 720px\" \/><\/figure><div class=\"wp-block-media-text__content\"> <ul class=\"wp-block-list\"> <li><strong>Capacidad:<\/strong> 100\u202fkg\/h<\/li>    <li><strong>Potencia del motor:<\/strong> 1.1\u202fkW<\/li>    <li><strong>Potencia de calefacci\u00f3n:<\/strong> 18\u202fkW<\/li>    <li><strong>Peso:<\/strong> 600\u202fkg<\/li>    <li><strong>Rango de temperatura:<\/strong> 0\u2013300\u202f\u00b0C<\/li> <\/ul> <\/div><\/div>    <h3 class=\"wp-block-heading\"><strong>2. <a href=\"https:\/\/topfoodmachine.com\/es\/product\/peanut-peeling-machine\/\" data-type=\"link\" data-id=\"https:\/\/topfoodmachine.com\/product\/peanut-peeling-machine\/\">Peladora de man\u00ed<\/a><\/strong><\/h3>    <p class=\"translation-block\">Despu\u00e9s del tostado, los cacahuetes se introducen en la <strong>m\u00e1quina de pelado de cacahuetes<\/strong>. Utilizando la fricci\u00f3n de rodillos de esmeril, la m\u00e1quina elimina eficientemente la c\u00e1scara roja, logrando una tasa de pelado superior al 98%. Este proceso de pelado en seco garantiza que los cacahuetes est\u00e9n limpios y listos para moler.<\/p>    <div class=\"wp-block-media-text has-media-on-the-right is-stacked-on-mobile\"><div class=\"wp-block-media-text__content\"> <ul class=\"wp-block-list\"> <li><strong>Potencia del motor:<\/strong> 0.55\u202fkW<\/li>    <li><strong>Capacidad:<\/strong> 200\u2013300\u202fkg\/h<\/li>    <li><strong>Potencia del ventilador:<\/strong> 0.75\u202fkW<\/li>    <li><strong>Voltaje:<\/strong> 220V \/ 380V<\/li>    <li><strong>Pureza del pelado:<\/strong> 98%<\/li>    <li><strong>Dimensiones:<\/strong> 1100 \u00d7 400 \u00d7 1100\u202fmm<\/li> <\/ul> <\/div><figure class=\"wp-block-media-text__media\"><img loading=\"lazy\" decoding=\"async\" width=\"540\" height=\"720\" src=\"https:\/\/topfoodmachine.com\/wp-content\/uploads\/2026\/02\/Peanut-Peeling-Machine.webp\" alt=\"Peladora de man\u00ed\" class=\"wp-image-2137 size-full\" srcset=\"https:\/\/topfoodmachine.com\/wp-content\/uploads\/2026\/02\/Peanut-Peeling-Machine.webp 540w, https:\/\/topfoodmachine.com\/wp-content\/uploads\/2026\/02\/Peanut-Peeling-Machine-225x300.webp 225w, https:\/\/topfoodmachine.com\/wp-content\/uploads\/2026\/02\/Peanut-Peeling-Machine-9x12.webp 9w\" sizes=\"auto, (max-width: 540px) 100vw, 540px\" \/><\/figure><\/div>    <h3 class=\"wp-block-heading\"><strong>3. Molino de molienda de mantequilla de cacahuete<\/strong><\/h3>    <p class=\"translation-block\">A continuaci\u00f3n, los cacahuetes pelados pasan a la <strong>m\u00e1quina de molienda<\/strong>, que los tritura hasta obtener una pasta de cacahuete fina. La finura t\u00edpica var\u00eda de 100 a 150 malla, y la temperatura de molienda se controla alrededor de 80\u201385\u202f\u00b0C, lo cual, seg\u00fan investigaciones, produce el mejor sabor.<\/p>    <div class=\"wp-block-media-text is-stacked-on-mobile\"><figure class=\"wp-block-media-text__media\"><img loading=\"lazy\" decoding=\"async\" width=\"540\" height=\"720\" src=\"https:\/\/topfoodmachine.com\/wp-content\/uploads\/2026\/02\/Peanut-Butter-Grinding-Machine.webp\" alt=\"Molino de mantequilla de cacahuete\" class=\"wp-image-2138 size-full\" srcset=\"https:\/\/topfoodmachine.com\/wp-content\/uploads\/2026\/02\/Peanut-Butter-Grinding-Machine.webp 540w, https:\/\/topfoodmachine.com\/wp-content\/uploads\/2026\/02\/Peanut-Butter-Grinding-Machine-225x300.webp 225w, https:\/\/topfoodmachine.com\/wp-content\/uploads\/2026\/02\/Peanut-Butter-Grinding-Machine-9x12.webp 9w\" sizes=\"auto, (max-width: 540px) 100vw, 540px\" \/><\/figure><div class=\"wp-block-media-text__content\"> <ul class=\"wp-block-list\"> <li><strong>Fineness de procesamiento:<\/strong> 2\u2013100\u202f\u03bcm<\/li>    <li><strong>Dimensiones:<\/strong> 110 \u00d7 75 \u00d7 130\u202fcm<\/li>    <li><strong>Potencia:<\/strong> 5.5\u202fkW \u00d7 2 (Total 11\u202fkW)<\/li> <\/ul> <\/div><\/div>    <h3 class=\"wp-block-heading\"><strong>4. M\u00e1quina semi-autom\u00e1tica de llenado de mantequilla de cacahuete<\/strong><\/h3>    <p class=\"translation-block\">Finalmente, la pasta de cacahuete suave se transfiere a la <strong>m\u00e1quina de llenado semi-autom\u00e1tica<\/strong>. Este equipo llena envases\u2014como botellas, latas o bolsas de pie\u2014con vol\u00famenes precisos a una velocidad controlada. <\/p>    <div class=\"wp-block-media-text has-media-on-the-right is-stacked-on-mobile\"><div class=\"wp-block-media-text__content\"> <ul class=\"wp-block-list\"> <li><strong>Presi\u00f3n de aire:<\/strong> 0.4\u20130.6\u202fMPa<\/li>    <li><strong>Peso:<\/strong> 50\u202fkg<\/li>    <li><strong>Tipo de accionamiento:<\/strong> El\u00e9ctrico<\/li>    <li><strong>Velocidad de llenado:<\/strong> 20\u201360 botellas\/min<\/li>    <li><strong>Rango de volumen de llenado:<\/strong> 300\u20131000\u202fml<\/li> <\/ul> <\/div><figure class=\"wp-block-media-text__media\"><img loading=\"lazy\" decoding=\"async\" width=\"540\" height=\"720\" src=\"https:\/\/topfoodmachine.com\/wp-content\/uploads\/2026\/02\/Semi-Automatic-Peanut-Butter-Filling-Machine.webp\" alt=\"M\u00e1quina semi-autom\u00e1tica de llenado de mantequilla de cacahuete\" class=\"wp-image-2139 size-full\" srcset=\"https:\/\/topfoodmachine.com\/wp-content\/uploads\/2026\/02\/Semi-Automatic-Peanut-Butter-Filling-Machine.webp 540w, https:\/\/topfoodmachine.com\/wp-content\/uploads\/2026\/02\/Semi-Automatic-Peanut-Butter-Filling-Machine-225x300.webp 225w, https:\/\/topfoodmachine.com\/wp-content\/uploads\/2026\/02\/Semi-Automatic-Peanut-Butter-Filling-Machine-9x12.webp 9w\" sizes=\"auto, (max-width: 540px) 100vw, 540px\" \/><\/figure><\/div>    <h2 class=\"wp-block-heading\">\u00bfPor qu\u00e9 elegir comprar nuestro fabricante de mantequilla de cacahuete semi-autom\u00e1tico?<\/h2>    <div class=\"wp-block-media-text is-stacked-on-mobile\"><figure class=\"wp-block-media-text__media\"><img loading=\"lazy\" decoding=\"async\" width=\"720\" height=\"540\" src=\"https:\/\/topfoodmachine.com\/wp-content\/uploads\/2026\/02\/semi-automatic-peanut-butter-maker.webp\" alt=\"fabricante de mantequilla de cacahuete semi-autom\u00e1tico\" class=\"wp-image-2140 size-full\" srcset=\"https:\/\/topfoodmachine.com\/wp-content\/uploads\/2026\/02\/semi-automatic-peanut-butter-maker.webp 720w, https:\/\/topfoodmachine.com\/wp-content\/uploads\/2026\/02\/semi-automatic-peanut-butter-maker-300x225.webp 300w, https:\/\/topfoodmachine.com\/wp-content\/uploads\/2026\/02\/semi-automatic-peanut-butter-maker-16x12.webp 16w\" sizes=\"auto, (max-width: 720px) 100vw, 720px\" \/><\/figure><div class=\"wp-block-media-text__content\"> <ul class=\"wp-block-list\"> <li><strong>Inversi\u00f3n rentable<\/strong> \u2013 Menor coste inicial en comparaci\u00f3n con las l\u00edneas totalmente autom\u00e1ticas, lo que permite una recuperaci\u00f3n de inversi\u00f3n m\u00e1s r\u00e1pida.<\/li>    <li><strong>Producci\u00f3n flexible<\/strong> \u2013 Soporta una producci\u00f3n de 50\u2013100\u202fkg\/h, con opci\u00f3n de actualizar a un sistema totalmente automatizado en el futuro.<\/li>    <li><strong>: Calidad de producto consistente<\/strong> \u2013 Molienda uniforme, mezcla homog\u00e9nea y llenado preciso garantizan una textura suave y un sabor estable.<\/li>    <li><strong>Compacta y vers\u00e1til<\/strong> \u2013 Dise\u00f1o que ahorra espacio, apto para peque\u00f1as f\u00e1bricas, startups y diferentes distribuciones de talleres.<\/li> <\/ul> <\/div><\/div>    <div class=\"wp-block-media-text has-media-on-the-right is-stacked-on-mobile\"><div class=\"wp-block-media-text__content\"> <ul class=\"wp-block-list\"> <li><strong>Modular y ampliable<\/strong> \u2013 Las m\u00e1quinas individuales pueden operar de forma independiente o en conjunto; f\u00e1ciles de mantener, reemplazar o actualizar.<\/li>    <li><strong>Alta eficiencia y durabilidad<\/strong> \u2013 Tostado, molienda y llenado optimizados para un rendimiento estable y una larga vida \u00fatil.<\/li>    <li><strong>Amplia aplicaci\u00f3n<\/strong> \u2013 Adecuada para producir mantequilla de cacahuete, pastas, salsas, mermeladas y productos similares.<\/li>    <li><strong>Higi\u00e9nico y seguro<\/strong> \u2013 Fabricada con materiales de grado alimenticio, cumple con las normas de sanidad y facilita la operaci\u00f3n.<\/li> <\/ul> <\/div><figure class=\"wp-block-media-text__media\"><img loading=\"lazy\" decoding=\"async\" width=\"720\" height=\"540\" src=\"https:\/\/topfoodmachine.com\/wp-content\/uploads\/2026\/02\/Groundnut-butter-making-machine-application.webp\" alt=\"Aplicaci\u00f3n de la m\u00e1quina para hacer mantequilla de cacahuete\" class=\"wp-image-2141 size-full\" srcset=\"https:\/\/topfoodmachine.com\/wp-content\/uploads\/2026\/02\/Groundnut-butter-making-machine-application.webp 720w, https:\/\/topfoodmachine.com\/wp-content\/uploads\/2026\/02\/Groundnut-butter-making-machine-application-300x225.webp 300w, https:\/\/topfoodmachine.com\/wp-content\/uploads\/2026\/02\/Groundnut-butter-making-machine-application-16x12.webp 16w\" sizes=\"auto, (max-width: 720px) 100vw, 720px\" \/><\/figure><\/div>    <h2 class=\"wp-block-heading\">\u00c1mbito de aplicaci\u00f3n de la m\u00e1quina para hacer mantequilla de cacahuete<\/h2>    <p class=\"translation-block\">La m\u00e1quina para hacer mantequilla de cacahuete es ideal para <strong>peque\u00f1os a medianos productores de mantequilla de cacahuete<\/strong>, startups y talleres de procesamiento de alimentos. M\u00e1s all\u00e1 de la mantequilla de cacahuete, tambi\u00e9n puede ser utilizada para procesar <strong>otras pastas de nueces, untables y salsas<\/strong>, ofreciendo versatilidad para diversos productos alimenticios.<\/p>    <p class=\"translation-block\">Su dise\u00f1o compacto y modular la hace adecuada para <strong>peque\u00f1as f\u00e1bricas, proyectos alimentarios rurales o l\u00edneas de producci\u00f3n especializadas<\/strong>, mientras que la operaci\u00f3n semi-autom\u00e1tica garantiza calidad constante, textura suave y producci\u00f3n higi\u00e9nica en todas las aplicaciones.<\/p>    <figure class=\"wp-block-image size-full\"><img loading=\"lazy\" decoding=\"async\" width=\"720\" height=\"540\" src=\"https:\/\/topfoodmachine.com\/wp-content\/uploads\/2026\/02\/peanut-butter.webp\" alt=\"mantequilla de man\u00ed\" class=\"wp-image-2142\" srcset=\"https:\/\/topfoodmachine.com\/wp-content\/uploads\/2026\/02\/peanut-butter.webp 720w, https:\/\/topfoodmachine.com\/wp-content\/uploads\/2026\/02\/peanut-butter-300x225.webp 300w, https:\/\/topfoodmachine.com\/wp-content\/uploads\/2026\/02\/peanut-butter-16x12.webp 16w\" sizes=\"auto, (max-width: 720px) 100vw, 720px\" \/><figcaption class=\"wp-element-caption\">mantequilla de man\u00ed<\/figcaption><\/figure>    <h2 class=\"wp-block-heading\">Conclusi\u00f3n<\/h2>    <p class=\"translation-block\">Comience a producir mantequilla de cacahuete de alta calidad con facilidad usando nuestra <strong>m\u00e1quina semi-autom\u00e1tica para hacer pasta de cacahuete<\/strong>. Dise\u00f1ada para eficiencia, calidad constante y operaci\u00f3n flexible, es la soluci\u00f3n perfecta para productores de peque\u00f1a a mediana escala. <\/p>    <p class=\"translation-block\">Para aquellos con mayores necesidades de producci\u00f3n, tambi\u00e9n ofrecemos <strong><a href=\"https:\/\/topfoodmachine.com\/es\/product\/automatic-peanut-butter-making-machine\/\" data-type=\"link\" data-id=\"https:\/\/topfoodmachine.com\/product\/automatic-peanut-butter-making-machine\/\">l\u00edneas de producci\u00f3n de mantequilla de cacahuete totalmente autom\u00e1ticas<\/a><\/strong>, permiti\u00e9ndole elegir el sistema que mejor se adapte a su negocio. <\/p>    <p class=\"translation-block\"><strong>Cont\u00e1ctenos hoy<\/strong> para obtener una cotizaci\u00f3n y encontrar la soluci\u00f3n ideal para su producci\u00f3n de mantequilla de cacahuete.<\/p>","protected":false},"excerpt":{"rendered":"<p>La m\u00e1quina semi-autom\u00e1tica para hacer pasta de cacahuete es un sistema compacto y eficiente que combina tostado, pelado, molienda, mezcla y llenado semi-autom\u00e1tico en una l\u00ednea de producci\u00f3n completa.<\/p>","protected":false},"author":1,"featured_media":2135,"parent":0,"template":"","tags":[141],"product-type":[5],"class_list":["post-2132","product","type-product","status-publish","has-post-thumbnail","hentry","tag-semi-automatic-peanut-paste-making-machine","product-type-nuts-processing-machine"],"_links":{"self":[{"href":"https:\/\/topfoodmachine.com\/es\/wp-json\/wp\/v2\/product\/2132","targetHints":{"allow":["GET"]}}],"collection":[{"href":"https:\/\/topfoodmachine.com\/es\/wp-json\/wp\/v2\/product"}],"about":[{"href":"https:\/\/topfoodmachine.com\/es\/wp-json\/wp\/v2\/types\/product"}],"author":[{"embeddable":true,"href":"https:\/\/topfoodmachine.com\/es\/wp-json\/wp\/v2\/users\/1"}],"wp:featuredmedia":[{"embeddable":true,"href":"https:\/\/topfoodmachine.com\/es\/wp-json\/wp\/v2\/media\/2135"}],"wp:attachment":[{"href":"https:\/\/topfoodmachine.com\/es\/wp-json\/wp\/v2\/media?parent=2132"}],"wp:term":[{"taxonomy":"post_tag","embeddable":true,"href":"https:\/\/topfoodmachine.com\/es\/wp-json\/wp\/v2\/tags?post=2132"},{"taxonomy":"product-type","embeddable":true,"href":"https:\/\/topfoodmachine.com\/es\/wp-json\/wp\/v2\/product-type?post=2132"}],"curies":[{"name":"wp","href":"https:\/\/api.w.org\/{rel}","templated":true}]}}