{"id":205,"date":"2022-07-26T07:46:53","date_gmt":"2022-07-26T07:46:53","guid":{"rendered":"https:\/\/topfoodmachine.com\/?post_type=product&#038;p=205"},"modified":"2023-03-31T10:58:37","modified_gmt":"2023-03-31T02:58:37","slug":"coffee-powder-packing-machine","status":"publish","type":"product","link":"https:\/\/topfoodmachine.com\/es\/product\/coffee-powder-packing-machine\/","title":{"rendered":"M\u00e1quina empacadora de caf\u00e9 en polvo"},"content":{"rendered":"<div class=\"kk-star-ratings kksr-auto kksr-align-left kksr-valign-top\"     data-payload='{&quot;align&quot;:&quot;left&quot;,&quot;id&quot;:&quot;205&quot;,&quot;slug&quot;:&quot;default&quot;,&quot;valign&quot;:&quot;top&quot;,&quot;ignore&quot;:&quot;&quot;,&quot;reference&quot;:&quot;auto&quot;,&quot;class&quot;:&quot;&quot;,&quot;count&quot;:&quot;20&quot;,&quot;legendonly&quot;:&quot;&quot;,&quot;readonly&quot;:&quot;&quot;,&quot;score&quot;:&quot;4.7&quot;,&quot;starsonly&quot;:&quot;&quot;,&quot;best&quot;:&quot;5&quot;,&quot;gap&quot;:&quot;5&quot;,&quot;greet&quot;:&quot;Rate this product&quot;,&quot;legend&quot;:&quot;4.7\\\/5 - (20 votos)&quot;,&quot;size&quot;:&quot;24&quot;,&quot;title&quot;:&quot;Coffee Powder Packing Machine&quot;,&quot;width&quot;:&quot;133.8&quot;,&quot;_legend&quot;:&quot;{score}\\\/{best} - ({count} {votes})&quot;,&quot;font_factor&quot;:&quot;1.25&quot;}'>              <div class=\"kksr-stars\">      <div class=\"kksr-stars-inactive\">             <div class=\"kksr-star\" data-star=\"1\" style=\"padding-right: 5px\">               <div class=\"kksr-icon\" style=\"width: 24px; height: 24px;\"><\/div>         <\/div>             <div class=\"kksr-star\" data-star=\"2\" style=\"padding-right: 5px\">               <div class=\"kksr-icon\" style=\"width: 24px; height: 24px;\"><\/div>         <\/div>             <div class=\"kksr-star\" data-star=\"3\" style=\"padding-right: 5px\">               <div class=\"kksr-icon\" style=\"width: 24px; height: 24px;\"><\/div>         <\/div>             <div class=\"kksr-star\" data-star=\"4\" style=\"padding-right: 5px\">               <div class=\"kksr-icon\" style=\"width: 24px; height: 24px;\"><\/div>         <\/div>             <div class=\"kksr-star\" data-star=\"5\" style=\"padding-right: 5px\">               <div class=\"kksr-icon\" style=\"width: 24px; height: 24px;\"><\/div>         <\/div>     <\/div>      <div class=\"kksr-stars-active\" style=\"width: 133.8px;\">             <div class=\"kksr-star\" style=\"padding-right: 5px\">               <div class=\"kksr-icon\" style=\"width: 24px; height: 24px;\"><\/div>         <\/div>             <div class=\"kksr-star\" style=\"padding-right: 5px\">               <div class=\"kksr-icon\" style=\"width: 24px; height: 24px;\"><\/div>         <\/div>             <div class=\"kksr-star\" style=\"padding-right: 5px\">               <div class=\"kksr-icon\" style=\"width: 24px; height: 24px;\"><\/div>         <\/div>             <div class=\"kksr-star\" style=\"padding-right: 5px\">               <div class=\"kksr-icon\" style=\"width: 24px; height: 24px;\"><\/div>         <\/div>             <div class=\"kksr-star\" style=\"padding-right: 5px\">               <div class=\"kksr-icon\" style=\"width: 24px; height: 24px;\"><\/div>         <\/div>     <\/div> <\/div>                   <div class=\"kksr-legend\" style=\"font-size: 19.2px;\">             4,7\/5 - (20 votos)    <\/div>     <\/div>  <p class=\"translation-block\"><strong>La m\u00e1quina de envasado de caf\u00e9 en polvo<\/strong> es un gran equipo para el envasado de caf\u00e9. Puede finalizar autom\u00e1ticamente el proceso de pesaje de caf\u00e9, formaci\u00f3n de bolsas, llenado de caf\u00e9, sellado, impresi\u00f3n de fecha y codificaci\u00f3n. La m\u00e1quina de envasado de caf\u00e9 en polvo a la venta en Taizy tiene principalmente dos tipos, una m\u00e1quina de envasado de caf\u00e9 vertical peque\u00f1a y una m\u00e1quina de envasado de caf\u00e9 en polvo de super eficiencia de 1 kg. Son adecuadas para diferentes necesidades de capacidad de producci\u00f3n. Estas <strong>m\u00e1quinas de envasado de polvo<\/strong> tienen las caracter\u00edsticas de alta eficiencia, f\u00e1cil operaci\u00f3n y material duradero. Puede aumentar enormemente su productividad y beneficiar su negocio de caf\u00e9. Adem\u00e1s, nuestros productos de alta calidad y precio asequible son famosos entre los clientes de todo el mundo. Hoy en d\u00eda, nuestras m\u00e1quinas de envasado de polvo se han exportado con \u00e9xito a m\u00e1s de 80 pa\u00edses y regiones. &nbsp;<\/p>    <h2 class=\"wp-block-heading\">Se venden dos m\u00e1quinas empacadoras de caf\u00e9 en polvo diferentes<\/h2>    <p>Para diferentes requisitos de empaque, hay dos m\u00e1quinas empacadoras de caf\u00e9 en polvo diferentes. Son a la vez autom\u00e1ticos y eficientes. Una es una peque\u00f1a m\u00e1quina empacadora de caf\u00e9 en polvo de tipo vertical y la otra es una m\u00e1quina empacadora de polvo de s\u00faper eficiencia de 1 KG. Tienen diferentes caracter\u00edsticas y beneficios.<\/p>    <h3 class=\"wp-block-heading\">Tipo 1: M\u00e1quina llenadora y selladora de caf\u00e9 en polvo vertical peque\u00f1a a la venta<\/h3>    <p>Esta m\u00e1quina empacadora de caf\u00e9 en polvo tiene un tama\u00f1o peque\u00f1o, f\u00e1cil de mover y cubre un espacio peque\u00f1o de su taller. Puede completar de forma totalmente autom\u00e1tica las funciones de pesaje, llenado, fabricaci\u00f3n de bolsas, sellado, codificaci\u00f3n y conteo. Adem\u00e1s, la peque\u00f1a m\u00e1quina llenadora y selladora de polvo de tipo vertical tiene un precio bastante favorable. Es asequible e ideal para la demanda de producci\u00f3n de envases de caf\u00e9 peque\u00f1os. Y es adecuado para envasar bolsitas de caf\u00e9 en polvo de 1 gramo a 80 gramos. Su velocidad de embalaje puede alcanzar las 80 bolsas por minuto.<\/p>    <figure class=\"wp-block-image size-full\"><img loading=\"lazy\" decoding=\"async\" width=\"720\" height=\"540\" src=\"https:\/\/topfoodmachine.com\/wp-content\/uploads\/2022\/07\/small-coffee-powder-packing-machine.jpg\" alt=\"peque\u00f1a m\u00e1quina de envasado de caf\u00e9 en polvo\" class=\"wp-image-206\" srcset=\"https:\/\/topfoodmachine.com\/wp-content\/uploads\/2022\/07\/small-coffee-powder-packing-machine.jpg 720w, https:\/\/topfoodmachine.com\/wp-content\/uploads\/2022\/07\/small-coffee-powder-packing-machine-300x225.jpg 300w\" sizes=\"auto, (max-width: 720px) 100vw, 720px\" \/><figcaption class=\"wp-element-caption\">peque\u00f1a m\u00e1quina de envasado de caf\u00e9 en polvo<\/figcaption><\/figure>    <h3 class=\"wp-block-heading\">Tipo 2: M\u00e1quina empacadora autom\u00e1tica de caf\u00e9 en polvo de 1 kg de s\u00faper eficiencia a la venta<\/h3>    <p>Esta es una m\u00e1quina envasadora de caf\u00e9 en polvo confiable y s\u00faper eficiente. Su capacidad es de 1 kg ~ 3 kg. Esta m\u00e1quina solo admite el estilo de bolsa con cierre posterior. Y la velocidad de empaque de esta m\u00e1quina empacadora de bolsas de caf\u00e9 puede alcanzar 50 bolsas por minuto. De manera similar, esta m\u00e1quina tambi\u00e9n es una m\u00e1quina empacadora completamente autom\u00e1tica, que ahorra mano de obra y es altamente eficiente. Sus partes principales incluyen una m\u00e1quina alimentadora de polvo, una m\u00e1quina llenadora de sinf\u00edn y una m\u00e1quina empacadora de bolsitas tipo collar. Con un dise\u00f1o excelente y una estructura simple, la m\u00e1quina empacadora de caf\u00e9 en polvo seco es muy f\u00e1cil de operar y mantener.<\/p>    <figure class=\"wp-block-image size-full\"><img loading=\"lazy\" decoding=\"async\" width=\"720\" height=\"540\" src=\"https:\/\/topfoodmachine.com\/wp-content\/uploads\/2022\/07\/large-scale-coffee-powder-packaging-machine.jpg\" alt=\"M\u00e1quina envasadora de caf\u00e9 en polvo a gran escala.\" class=\"wp-image-209\" srcset=\"https:\/\/topfoodmachine.com\/wp-content\/uploads\/2022\/07\/large-scale-coffee-powder-packaging-machine.jpg 720w, https:\/\/topfoodmachine.com\/wp-content\/uploads\/2022\/07\/large-scale-coffee-powder-packaging-machine-300x225.jpg 300w\" sizes=\"auto, (max-width: 720px) 100vw, 720px\" \/><figcaption class=\"wp-element-caption\">M\u00e1quina envasadora de caf\u00e9 en polvo a gran escala.<\/figcaption><\/figure>    <h2 class=\"wp-block-heading\">Datos t\u00e9cnicos de la m\u00e1quina envasadora de caf\u00e9 en polvo Taizy<\/h2>    <figure class=\"wp-block-table\"><table><tbody><tr><td>Tipo<\/td><td>0-80 g\/bolsa<\/td><td>1000-3000 g\/bolsa<\/td><\/tr><tr><td>Fuerza<\/td><td>1,8 kw<\/td><td>CA 220 V\/50 Hz.<\/td><\/tr><tr><td>Longitud del saco<\/td><td>30-180 mm<\/td><td>80-400 mm<\/td><\/tr><tr><td>Ancho de la bolsa<\/td><td>20-150 mm<\/td><td>80-250 mm<\/td><\/tr><tr><td>Ancho m\u00e1ximo del rollo de pel\u00edcula<\/td><td>320 mm<\/td><td>520 mm<\/td><\/tr><tr><td>Velocidad de embalaje<\/td><td>20-80 bolsas\/minuto<\/td><td>5-50 bolsas\/minuto<\/td><\/tr><tr><td>Tipos de bolsas<\/td><td>Sello de 3 lados\/sello trasero\/sello de 4 lados&nbsp;<\/td><td>&nbsp;Sello trasero<\/td><\/tr><tr><td>Consumo de aire<\/td><td>&nbsp;\/<\/td><td>0,65 MPa<\/td><\/tr><tr><td>Consumo de gas<\/td><td>&nbsp;\/<\/td><td>0,4 m\u00b3\/min<\/td><\/tr><tr><td>Dimensi\u00f3n<\/td><td>650*1050*1950mm<\/td><td>(Largo)1150\u00d7(Ancho)1795\u00d7(Alto)1650mm&nbsp;<\/td><\/tr><tr><td>Peso<\/td><td>250 kilos<\/td><td>600 kilos<\/td><\/tr><\/tbody><\/table><\/figure>    <h2 class=\"wp-block-heading\">Beneficios de la envasadora de caf\u00e9 Taizy <\/h2>    <ol class=\"wp-block-list\" type=\"1\"> <li>Material duradero y apto para uso alimentario, larga vida \u00fatil<\/li>    <li>Un sistema de control PLC inteligente, f\u00e1cil de operar.<\/li>    <li>Un dise\u00f1o razonable, estructura simple, buen rendimiento.<\/li>    <li>Amplias aplicaciones, son adecuados para caf\u00e9 en polvo, especias en polvo, chile en polvo, jengibre en polvo, detergente en polvo, hierbas en polvo, t\u00e9 en polvo, leche en polvo, harina, etc.<\/li>    <li>Alto nivel de automatizaci\u00f3n, baja inversi\u00f3n y alta eficiencia<\/li>    <li>Soporte de servicio personalizado para satisfacer cualquiera de sus necesidades especiales.<\/li> <\/ol>    <h2 class=\"wp-block-heading\">\u00bfC\u00f3mo elegir la m\u00e1quina envasadora de caf\u00e9 en polvo adecuada? &nbsp;<\/h2>    <p>Hay muchos equipos envasadores de caf\u00e9 en polvo en el mercado. Es dif\u00edcil para uno nuevo encontrar una m\u00e1quina confiable. Por eso, es importante elegir una envasadora de caf\u00e9 de calidad. De lo contrario, gastar\u00e1 m\u00e1s tiempo y dinero en reemplazar y mantener su m\u00e1quina. Hay dos consejos que le ayudar\u00e1n a encontrar la m\u00e1quina envasadora de caf\u00e9 en polvo adecuada.<\/p>    <ol class=\"wp-block-list\" type=\"1\"> <li>Capacidad de producci\u00f3n. \u00bfCu\u00e1les son sus requisitos de producci\u00f3n? Considere seriamente esta pregunta antes de comprar una m\u00e1quina empacadora de caf\u00e9 para su proyecto. Por ejemplo, tenemos dos tipos de envasadoras de caf\u00e9. Y tienen diferentes capacidades de producci\u00f3n. Si est\u00e1 buscando una m\u00e1quina empacadora para bolsitas de caf\u00e9 de 0 a 80 gramos, la m\u00e1quina llenadora y selladora de tipo vertical peque\u00f1a es adecuada para usted. Si pesa m\u00e1s de 80 g, la m\u00e1quina envasadora de polvo de 1 kg a 3 kg es ideal para usted.<\/li>    <li>Nivel de automatizaci\u00f3n. Adem\u00e1s de una soluci\u00f3n de envasado de caf\u00e9 totalmente autom\u00e1tica, existe una m\u00e1quina llenadora de caf\u00e9 en polvo semiautom\u00e1tica. Si tiene suficiente mano de obra para operar la m\u00e1quina y el costo de la mano de obra no es costoso, la m\u00e1quina llenadora de polvo tambi\u00e9n es una buena opci\u00f3n. Por lo general, tienen alta eficiencia y rendimiento estable.<\/li> <\/ol>    <div class=\"wp-block-columns is-layout-flex wp-container-core-columns-is-layout-28f84493 wp-block-columns-is-layout-flex\"> <div class=\"wp-block-column is-layout-flow wp-block-column-is-layout-flow\"> <figure class=\"wp-block-image size-full\"><img loading=\"lazy\" decoding=\"async\" width=\"600\" height=\"450\" src=\"https:\/\/topfoodmachine.com\/wp-content\/uploads\/2022\/07\/four-types-of-coffee-roasts.jpg\" alt=\"cuatro tipos de tuestes de caf\u00e9\" class=\"wp-image-212\" srcset=\"https:\/\/topfoodmachine.com\/wp-content\/uploads\/2022\/07\/four-types-of-coffee-roasts.jpg 600w, https:\/\/topfoodmachine.com\/wp-content\/uploads\/2022\/07\/four-types-of-coffee-roasts-300x225.jpg 300w\" sizes=\"auto, (max-width: 600px) 100vw, 600px\" \/><figcaption class=\"wp-element-caption\">cuatro tipos de tostado de caf\u00e9<\/figcaption><\/figure> <\/div>    <div class=\"wp-block-column is-layout-flow wp-block-column-is-layout-flow\"> <figure class=\"wp-block-image size-full\"><img loading=\"lazy\" decoding=\"async\" width=\"600\" height=\"450\" src=\"https:\/\/topfoodmachine.com\/wp-content\/uploads\/2022\/07\/sweet-morning-coffee.jpg\" alt=\"dulce caf\u00e9 de la ma\u00f1ana\" class=\"wp-image-214\" srcset=\"https:\/\/topfoodmachine.com\/wp-content\/uploads\/2022\/07\/sweet-morning-coffee.jpg 600w, https:\/\/topfoodmachine.com\/wp-content\/uploads\/2022\/07\/sweet-morning-coffee-300x225.jpg 300w\" sizes=\"auto, (max-width: 600px) 100vw, 600px\" \/><figcaption class=\"wp-element-caption\">dulce caf\u00e9 de la ma\u00f1ana<\/figcaption><\/figure> <\/div> <\/div>    <h2 class=\"wp-block-heading\">Conclusi\u00f3n <\/h2>    <p class=\"translation-block\">Como <a href=\"https:\/\/tianhuipackingmachine.com\/powder-packaging-solution\/\" target=\"_blank\" rel=\"noreferrer noopener\">fabricante y exportador l\u00edder de m\u00e1quinas de envasado de polvo<\/a>, tenemos una gama completa de m\u00e1quinas de envasado de caf\u00e9 en polvo a la venta. Adem\u00e1s, todas nuestras m\u00e1quinas disfrutan de alta calidad y precios competitivos. La m\u00e1quina de envasado de caf\u00e9 en polvo instant\u00e1neo comercial es uno de los productos m\u00e1s populares. Proporcionamos soluciones de envasado est\u00e1ndar y personalizadas para nuestros clientes. Bienvenido a <a href=\"https:\/\/topfoodmachine.com\/es\/contact-us\/\">contactarnos<\/a> para una lista de precios gratuita.<\/p>","protected":false},"excerpt":{"rendered":"<p>Coffee powder packing machine is great equipment for coffee packaging. It can fully automatic finish the process of coffee weighing, bag forming, coffee filling, sealing, date printing, and coding. The coffee powder packing machine for sale in Taizy mainly has two types, a small vertical type coffee packaging machine, and a 1kg super-efficiency coffee powder [&hellip;]<\/p>\n","protected":false},"author":1,"featured_media":209,"parent":0,"template":"","tags":[14],"product-type":[8],"class_list":["post-205","product","type-product","status-publish","has-post-thumbnail","hentry","tag-food-packaging-machine","product-type-food-packaging-machine"],"_links":{"self":[{"href":"https:\/\/topfoodmachine.com\/es\/wp-json\/wp\/v2\/product\/205","targetHints":{"allow":["GET"]}}],"collection":[{"href":"https:\/\/topfoodmachine.com\/es\/wp-json\/wp\/v2\/product"}],"about":[{"href":"https:\/\/topfoodmachine.com\/es\/wp-json\/wp\/v2\/types\/product"}],"author":[{"embeddable":true,"href":"https:\/\/topfoodmachine.com\/es\/wp-json\/wp\/v2\/users\/1"}],"wp:featuredmedia":[{"embeddable":true,"href":"https:\/\/topfoodmachine.com\/es\/wp-json\/wp\/v2\/media\/209"}],"wp:attachment":[{"href":"https:\/\/topfoodmachine.com\/es\/wp-json\/wp\/v2\/media?parent=205"}],"wp:term":[{"taxonomy":"post_tag","embeddable":true,"href":"https:\/\/topfoodmachine.com\/es\/wp-json\/wp\/v2\/tags?post=205"},{"taxonomy":"product-type","embeddable":true,"href":"https:\/\/topfoodmachine.com\/es\/wp-json\/wp\/v2\/product-type?post=205"}],"curies":[{"name":"wp","href":"https:\/\/api.w.org\/{rel}","templated":true}]}}