{"id":2041,"date":"2025-09-25T10:34:58","date_gmt":"2025-09-25T02:34:58","guid":{"rendered":"https:\/\/topfoodmachine.com\/?post_type=product&#038;p=2041"},"modified":"2025-09-26T18:18:01","modified_gmt":"2025-09-26T10:18:01","slug":"cocoa-paste-making-machine","status":"publish","type":"product","link":"https:\/\/topfoodmachine.com\/es\/product\/cocoa-paste-making-machine\/","title":{"rendered":"M\u00e1quina de fabricaci\u00f3n de pasta de cacao"},"content":{"rendered":"<div class=\"kk-star-ratings kksr-auto kksr-align-left kksr-valign-top\"     data-payload='{&quot;align&quot;:&quot;left&quot;,&quot;id&quot;:&quot;2041&quot;,&quot;slug&quot;:&quot;default&quot;,&quot;valign&quot;:&quot;top&quot;,&quot;ignore&quot;:&quot;&quot;,&quot;reference&quot;:&quot;auto&quot;,&quot;class&quot;:&quot;&quot;,&quot;count&quot;:&quot;13&quot;,&quot;legendonly&quot;:&quot;&quot;,&quot;readonly&quot;:&quot;&quot;,&quot;score&quot;:&quot;4.6&quot;,&quot;starsonly&quot;:&quot;&quot;,&quot;best&quot;:&quot;5&quot;,&quot;gap&quot;:&quot;5&quot;,&quot;greet&quot;:&quot;Rate this product&quot;,&quot;legend&quot;:&quot;4.6\\\/5 - (13 votos)&quot;,&quot;size&quot;:&quot;24&quot;,&quot;title&quot;:&quot;Cocoa paste making machine&quot;,&quot;width&quot;:&quot;130.9&quot;,&quot;_legend&quot;:&quot;{score}\\\/{best} - ({count} {votes})&quot;,&quot;font_factor&quot;:&quot;1.25&quot;}'>              <div class=\"kksr-stars\">      <div class=\"kksr-stars-inactive\">             <div class=\"kksr-star\" data-star=\"1\" style=\"padding-right: 5px\">               <div class=\"kksr-icon\" style=\"width: 24px; height: 24px;\"><\/div>         <\/div>             <div class=\"kksr-star\" data-star=\"2\" style=\"padding-right: 5px\">               <div class=\"kksr-icon\" style=\"width: 24px; height: 24px;\"><\/div>         <\/div>             <div class=\"kksr-star\" data-star=\"3\" style=\"padding-right: 5px\">               <div class=\"kksr-icon\" style=\"width: 24px; height: 24px;\"><\/div>         <\/div>             <div class=\"kksr-star\" data-star=\"4\" style=\"padding-right: 5px\">               <div class=\"kksr-icon\" style=\"width: 24px; height: 24px;\"><\/div>         <\/div>             <div class=\"kksr-star\" data-star=\"5\" style=\"padding-right: 5px\">               <div class=\"kksr-icon\" style=\"width: 24px; height: 24px;\"><\/div>         <\/div>     <\/div>      <div class=\"kksr-stars-active\" style=\"width: 130.9px;\">             <div class=\"kksr-star\" style=\"padding-right: 5px\">               <div class=\"kksr-icon\" style=\"width: 24px; height: 24px;\"><\/div>         <\/div>             <div class=\"kksr-star\" style=\"padding-right: 5px\">               <div class=\"kksr-icon\" style=\"width: 24px; height: 24px;\"><\/div>         <\/div>             <div class=\"kksr-star\" style=\"padding-right: 5px\">               <div class=\"kksr-icon\" style=\"width: 24px; height: 24px;\"><\/div>         <\/div>             <div class=\"kksr-star\" style=\"padding-right: 5px\">               <div class=\"kksr-icon\" style=\"width: 24px; height: 24px;\"><\/div>         <\/div>             <div class=\"kksr-star\" style=\"padding-right: 5px\">               <div class=\"kksr-icon\" style=\"width: 24px; height: 24px;\"><\/div>         <\/div>     <\/div> <\/div>                   <div class=\"kksr-legend\" style=\"font-size: 19.2px;\">             4,6\/5 - (13 votos)    <\/div>     <\/div>  <p>La l\u00ednea de producci\u00f3n de la m\u00e1quina de pasta de cacao es un sistema de procesamiento de cacao altamente eficiente, dise\u00f1ado especialmente para la extracci\u00f3n y producci\u00f3n de pasta de cacao. Compuesta por un tostador, pelador, molino, homogenizador y tarro de almacenamiento, la l\u00ednea procesa granos de cacao crudos para obtener una pasta de cacao pura y delicada.<\/p>    <p>La l\u00ednea de producci\u00f3n de la m\u00e1quina de pasta de cacao no solo garantiza una calidad de producto estable y un alto rendimiento en aceite, sino que tambi\u00e9n presenta un alto grado de automatizaci\u00f3n, operaci\u00f3n f\u00e1cil y gran adaptabilidad, lo que la convierte en una opci\u00f3n ideal para el procesamiento de masa de cacao en las industrias del chocolate, alimentaria y cosm\u00e9tica.<\/p>    <figure class=\"wp-block-embed is-type-video is-provider-youtube wp-block-embed-youtube wp-embed-aspect-9-16 wp-has-aspect-ratio\"><div class=\"wp-block-embed__wrapper\"> <iframe loading=\"lazy\" title=\"C\u00f3mo hacer pasta de cacao con la m\u00e1quina de pasta de cacao industrial #foodprocessing #foodmachine\" width=\"422\" height=\"750\" src=\"https:\/\/www.youtube.com\/embed\/0jvmBRvNaWg?feature=oembed\" frameborder=\"0\" allow=\"accelerometer; autoplay; clipboard-write; encrypted-media; gyroscope; picture-in-picture; web-share\" referrerpolicy=\"strict-origin-when-cross-origin\" allowfullscreen><\/iframe> <\/div><figcaption class=\"wp-element-caption\">Video de trabajo de la m\u00e1quina de pasta de cacao<\/figcaption><\/figure>    <h2 class=\"wp-block-heading\">Proceso completo de la m\u00e1quina de pasta de cacao<\/h2>    <figure class=\"wp-block-image size-full\"><img loading=\"lazy\" decoding=\"async\" width=\"720\" height=\"540\" src=\"https:\/\/topfoodmachine.com\/wp-content\/uploads\/2025\/09\/Cocoa-butter-making-machine-production-line.webp\" alt=\"L\u00ednea de producci\u00f3n de la m\u00e1quina de manteca de cacao\" class=\"wp-image-2055\" srcset=\"https:\/\/topfoodmachine.com\/wp-content\/uploads\/2025\/09\/Cocoa-butter-making-machine-production-line.webp 720w, https:\/\/topfoodmachine.com\/wp-content\/uploads\/2025\/09\/Cocoa-butter-making-machine-production-line-300x225.webp 300w, https:\/\/topfoodmachine.com\/wp-content\/uploads\/2025\/09\/Cocoa-butter-making-machine-production-line-16x12.webp 16w\" sizes=\"auto, (max-width: 720px) 100vw, 720px\" \/><figcaption class=\"wp-element-caption\">L\u00ednea de producci\u00f3n de la m\u00e1quina de pasta de cacao<\/figcaption><\/figure>    <h2 class=\"wp-block-heading\">1. M\u00e1quina de tueste de granos de cacao<\/h2>    <p>La m\u00e1quina tostadora de granos de cacao es un equipo de tueste vers\u00e1til ampliamente utilizado en el procesamiento de granos de cacao, as\u00ed como de otros frutos secos y semillas, como cacahuates, almendras, anacardos, nueces, granos de caf\u00e9 y semillas de girasol. Como primer paso en la producci\u00f3n de pasta de cacao, desempe\u00f1a un papel crucial en mejorar el sabor y garantizar la calidad del producto.<\/p>    <p>Este tostador est\u00e1 dise\u00f1ado con una estructura de tambor giratorio que garantiza un calentamiento uniforme durante todo el proceso. Puede alimentarse con gas o electricidad, y su construcci\u00f3n en acero inoxidable garantiza durabilidad y larga vida \u00fatil. Los operadores pueden ajustar de forma flexible tanto la temperatura como el tiempo de tostado, con una temperatura m\u00e1xima de hasta 300 \u00b0C para cumplir con diferentes requisitos de tostado.<\/p>    <p>Adem\u00e1s del modelo est\u00e1ndar, tambi\u00e9n hay m\u00e1quinas de tueste continuas disponibles, algunas de las cuales est\u00e1n integradas con funciones de enfriamiento para mejorar a\u00fan m\u00e1s la eficiencia y la comodidad en una producci\u00f3n a gran escala.<\/p>    <figure class=\"wp-block-image size-full\"><img loading=\"lazy\" decoding=\"async\" width=\"720\" height=\"540\" src=\"https:\/\/topfoodmachine.com\/wp-content\/uploads\/2025\/09\/Cocoa-bean-roasting-machine-for-sale.webp\" alt=\"M\u00e1quina de tueste de granos de cacao en venta\" class=\"wp-image-2044\" srcset=\"https:\/\/topfoodmachine.com\/wp-content\/uploads\/2025\/09\/Cocoa-bean-roasting-machine-for-sale.webp 720w, https:\/\/topfoodmachine.com\/wp-content\/uploads\/2025\/09\/Cocoa-bean-roasting-machine-for-sale-300x225.webp 300w, https:\/\/topfoodmachine.com\/wp-content\/uploads\/2025\/09\/Cocoa-bean-roasting-machine-for-sale-16x12.webp 16w\" sizes=\"auto, (max-width: 720px) 100vw, 720px\" \/><figcaption class=\"wp-element-caption\">M\u00e1quina de tueste de granos de cacao en venta<\/figcaption><\/figure>    <h3 class=\"wp-block-heading\">Caracter\u00edsticas de la m\u00e1quina tostadora de granos de cacao<\/h3>    <div class=\"wp-block-media-text is-stacked-on-mobile\"><figure class=\"wp-block-media-text__media\"><img loading=\"lazy\" decoding=\"async\" width=\"720\" height=\"540\" src=\"https:\/\/topfoodmachine.com\/wp-content\/uploads\/2025\/09\/Cocoa-bean-roasting-machine.webp\" alt=\"M\u00e1quina tostadora de granos de cacao\" class=\"wp-image-2045 size-full\" srcset=\"https:\/\/topfoodmachine.com\/wp-content\/uploads\/2025\/09\/Cocoa-bean-roasting-machine.webp 720w, https:\/\/topfoodmachine.com\/wp-content\/uploads\/2025\/09\/Cocoa-bean-roasting-machine-300x225.webp 300w, https:\/\/topfoodmachine.com\/wp-content\/uploads\/2025\/09\/Cocoa-bean-roasting-machine-16x12.webp 16w\" sizes=\"auto, (max-width: 720px) 100vw, 720px\" \/><\/figure><div class=\"wp-block-media-text__content\"> <ul class=\"wp-block-list\"> <li>La m\u00e1quina garantiza un tueste uniforme mediante la circulaci\u00f3n de calor a trav\u00e9s de tubos y unidades de calefacci\u00f3n, con hornos de gran cadena que utilizan placas como transportadoras.<\/li>    <li>La unidad de enfriamiento, asistida por ventiladores, proporciona un flujo de aire natural uniforme para enfriar de manera efectiva los granos tostados.<\/li>    <li>Un sistema independiente de supresi\u00f3n de incendios monitorea las condiciones en tiempo real y entrega alertas oportunas para una mayor seguridad.<\/li>    <li>Un armario el\u00e9ctrico controlado por PLC Siemens permite un control preciso y autom\u00e1tico de todos los par\u00e1metros de tueste.<\/li> <\/ul> <\/div><\/div>    <h2 class=\"wp-block-heading\">2. <a href=\"https:\/\/topfoodmachine.com\/es\/product\/cocoa-bean-sheller-machine\/\" data-type=\"link\" data-id=\"https:\/\/topfoodmachine.com\/product\/cocoa-bean-sheller-machine\/\">M\u00e1quina de pelado de habas de cacao<\/a><\/h2>    <p>La m\u00e1quina peladora de granos de cacao es un equipo especializado dise\u00f1ado para eliminar eficientemente las c\u00e1scaras de los granos de cacao. Consta de tolva, sistema de alimentaci\u00f3n, rodillos de pelado, tamiz, colector de polvo y ventilador. Una vez que los granos entran en la tolva, los rodillos separan las c\u00e1scaras, que luego son removidas por un ventilador centr\u00edfugo, dejando copos de cacao limpios para ser descargados.<\/p>    <p>Esta m\u00e1quina ofrece alta eficiencia con una tasa de pelado superior al 98%, funciona de forma silenciosa y entrega una producci\u00f3n estable de 200 a 500 kg por hora, lo que la convierte en un componente esencial en las l\u00edneas de procesamiento de cacao.<\/p>    <figure class=\"wp-block-image size-full\"><img loading=\"lazy\" decoding=\"async\" width=\"720\" height=\"540\" src=\"https:\/\/topfoodmachine.com\/wp-content\/uploads\/2025\/09\/automatic-Cocoa-bean-peeling-machine.webp\" alt=\"m\u00e1quina peladora autom\u00e1tica de granos de cacao\" class=\"wp-image-2046\" srcset=\"https:\/\/topfoodmachine.com\/wp-content\/uploads\/2025\/09\/automatic-Cocoa-bean-peeling-machine.webp 720w, https:\/\/topfoodmachine.com\/wp-content\/uploads\/2025\/09\/automatic-Cocoa-bean-peeling-machine-300x225.webp 300w, https:\/\/topfoodmachine.com\/wp-content\/uploads\/2025\/09\/automatic-Cocoa-bean-peeling-machine-16x12.webp 16w\" sizes=\"auto, (max-width: 720px) 100vw, 720px\" \/><figcaption class=\"wp-element-caption\">m\u00e1quina peladora autom\u00e1tica de granos de cacao<\/figcaption><\/figure>    <h3 class=\"wp-block-heading\">Proceso de trabajo de la m\u00e1quina peladora de granos de cacao<\/h3>    <div class=\"wp-block-media-text has-media-on-the-right is-stacked-on-mobile\"><div class=\"wp-block-media-text__content\"> <ul class=\"wp-block-list\"> <li><strong>Descascarillado en laminadora:<\/strong> Las habas tostadas pasan por rodillos de rotaci\u00f3n contraria que fracturan las c\u00e1scaras mientras preservan los nibs de cacao.<\/li>    <li><strong>Criba vibratoria de clasificaci\u00f3n:<\/strong> Las habas agrietadas caen sobre una criba vibratoria de tres etapas para una dispersi\u00f3n uniforme y un dimensionamiento preliminar.<\/li>    <li><strong>Separaci\u00f3n por aire:<\/strong> Los ventiladores de escape expulsan las c\u00e1scaras ligeras, dejando los nibs de cacao limpios.<\/li>    <li><strong>Recuperaci\u00f3n en circuito cerrado:<\/strong> Las habas sin pelar se devuelven autom\u00e1ticamente a la entrada de alimentaci\u00f3n para un descascarillado secundario, garantizando una alta eficiencia y un m\u00ednimo de desperdicio.<\/li> <\/ul> <\/div><figure class=\"wp-block-media-text__media\"><img loading=\"lazy\" decoding=\"async\" width=\"720\" height=\"540\" src=\"https:\/\/topfoodmachine.com\/wp-content\/uploads\/2025\/09\/Cocoa-bean-peeling-machine-1.webp\" alt=\"M\u00e1quina de pelado de habas de cacao\" class=\"wp-image-2047 size-full\" srcset=\"https:\/\/topfoodmachine.com\/wp-content\/uploads\/2025\/09\/Cocoa-bean-peeling-machine-1.webp 720w, https:\/\/topfoodmachine.com\/wp-content\/uploads\/2025\/09\/Cocoa-bean-peeling-machine-1-300x225.webp 300w, https:\/\/topfoodmachine.com\/wp-content\/uploads\/2025\/09\/Cocoa-bean-peeling-machine-1-16x12.webp 16w\" sizes=\"auto, (max-width: 720px) 100vw, 720px\" \/><\/figure><\/div>    <h2 class=\"wp-block-heading\">3. Molino de pulpa de cacao<\/h2>    <p>El molino de pulpa de cacao, com\u00fanmente conocido como molino de colloide, est\u00e1 dise\u00f1ado para transformar granos de cacao pelados en una pasta de cacao suave. Su fineza de molienda puede ajustarse seg\u00fan los requisitos de producci\u00f3n. La m\u00e1quina funciona mediante una combinaci\u00f3n de cizallamiento, molienda y agitaci\u00f3n a alta velocidad, aprovechando el movimiento relativo entre un rotor de alta velocidad y un stator estacionario.<\/p>    <p>Al pasar por el hueco entre las piezas, se ejercen presi\u00f3n intensa, fricci\u00f3n y fuerzas adicionales de vibraci\u00f3n de alta frecuencia y movimiento de v\u00f3rtice, lo que resulta en un molido completo y uniforme. M\u00e1s all\u00e1 del cacao, esta m\u00e1quina es vers\u00e1til y adecuada para procesar varios materiales en las industrias alimentaria, farmac\u00e9utica y qu\u00edmica.<\/p>    <figure class=\"wp-block-gallery has-nested-images columns-default is-cropped wp-block-gallery-2 is-layout-flex wp-block-gallery-is-layout-flex\"> <figure class=\"wp-block-image size-large\"><img loading=\"lazy\" decoding=\"async\" width=\"720\" height=\"540\" data-id=\"2048\" src=\"https:\/\/topfoodmachine.com\/wp-content\/uploads\/2025\/09\/Cocoa-paste-grinding-machine-price.webp\" alt=\"Precio del molino de pulpa de cacao\" class=\"wp-image-2048\" srcset=\"https:\/\/topfoodmachine.com\/wp-content\/uploads\/2025\/09\/Cocoa-paste-grinding-machine-price.webp 720w, https:\/\/topfoodmachine.com\/wp-content\/uploads\/2025\/09\/Cocoa-paste-grinding-machine-price-300x225.webp 300w, https:\/\/topfoodmachine.com\/wp-content\/uploads\/2025\/09\/Cocoa-paste-grinding-machine-price-16x12.webp 16w\" sizes=\"auto, (max-width: 720px) 100vw, 720px\" \/><figcaption class=\"wp-element-caption\">Precio del molino de pulpa de cacao<\/figcaption><\/figure>    <figure class=\"wp-block-image size-large\"><img loading=\"lazy\" decoding=\"async\" width=\"720\" height=\"540\" data-id=\"2049\" src=\"https:\/\/topfoodmachine.com\/wp-content\/uploads\/2025\/09\/Cocoa-paste-grinding-machine.webp\" alt=\"Molino de pulpa de cacao\" class=\"wp-image-2049\" srcset=\"https:\/\/topfoodmachine.com\/wp-content\/uploads\/2025\/09\/Cocoa-paste-grinding-machine.webp 720w, https:\/\/topfoodmachine.com\/wp-content\/uploads\/2025\/09\/Cocoa-paste-grinding-machine-300x225.webp 300w, https:\/\/topfoodmachine.com\/wp-content\/uploads\/2025\/09\/Cocoa-paste-grinding-machine-16x12.webp 16w\" sizes=\"auto, (max-width: 720px) 100vw, 720px\" \/><figcaption class=\"wp-element-caption\">Molino de pulpa de cacao<\/figcaption><\/figure> <\/figure>    <h2 class=\"wp-block-heading\">4. M\u00e1quina homogenizadora<\/h2>    <p>En la l\u00ednea de producci\u00f3n de la m\u00e1quina de pasta de cacao, el homogenizador se instala inmediatamente despu\u00e9s del molino de cacao (molienda de colloide) para refinar a\u00fan m\u00e1s la pasta de cacao. Aplica fuerzas de corte alto para descomponer los agregados de part\u00edculas restantes y distribuir uniformemente las grasas, produciendo una pasta de cacao m\u00e1s suave y uniforme.<\/p>    <p>Este proceso mejora la textura, la estabilidad y la calidad general, asegurando que la pasta de cacao cumpla los requisitos para la producci\u00f3n de pasta de cacao de alta calidad. Con ajustes de presi\u00f3n y caudal ajustables, el homogenizador permite control preciso de la finura, convirti\u00e9ndolo en un componente indispensable en l\u00edneas de procesamiento de pasta de cacao para chocolate, confiter\u00eda y cosm\u00e9ticos.<\/p>    <figure class=\"wp-block-gallery has-nested-images columns-default is-cropped wp-block-gallery-3 is-layout-flex wp-block-gallery-is-layout-flex\"> <figure class=\"wp-block-image size-large\"><img loading=\"lazy\" decoding=\"async\" width=\"720\" height=\"540\" data-id=\"2050\" src=\"https:\/\/topfoodmachine.com\/wp-content\/uploads\/2025\/09\/Homogenizer-machine.webp\" alt=\"M\u00e1quina homogenizadora\" class=\"wp-image-2050\" srcset=\"https:\/\/topfoodmachine.com\/wp-content\/uploads\/2025\/09\/Homogenizer-machine.webp 720w, https:\/\/topfoodmachine.com\/wp-content\/uploads\/2025\/09\/Homogenizer-machine-300x225.webp 300w, https:\/\/topfoodmachine.com\/wp-content\/uploads\/2025\/09\/Homogenizer-machine-16x12.webp 16w\" sizes=\"auto, (max-width: 720px) 100vw, 720px\" \/><figcaption class=\"wp-element-caption\">M\u00e1quina homogenizadora<\/figcaption><\/figure>    <figure class=\"wp-block-image size-large\"><img loading=\"lazy\" decoding=\"async\" width=\"720\" height=\"540\" data-id=\"2051\" src=\"https:\/\/topfoodmachine.com\/wp-content\/uploads\/2025\/09\/industrial-Homogenizer-machine.webp\" alt=\"M\u00e1quina homogenizadora industrial\" class=\"wp-image-2051\" srcset=\"https:\/\/topfoodmachine.com\/wp-content\/uploads\/2025\/09\/industrial-Homogenizer-machine.webp 720w, https:\/\/topfoodmachine.com\/wp-content\/uploads\/2025\/09\/industrial-Homogenizer-machine-300x225.webp 300w, https:\/\/topfoodmachine.com\/wp-content\/uploads\/2025\/09\/industrial-Homogenizer-machine-16x12.webp 16w\" sizes=\"auto, (max-width: 720px) 100vw, 720px\" \/><figcaption class=\"wp-element-caption\">M\u00e1quina homogenizadora industrial<\/figcaption><\/figure> <\/figure>    <h2 class=\"wp-block-heading\">5. Tarro de almacenamiento de masa de cacao<\/h2>    <p>El tarro de almacenamiento de pasta de cacao es un componente esencial en la l\u00ednea de producci\u00f3n de masa de cacao, dise\u00f1ado para contener y estabilizar la pasta procesada antes de su uso posterior. Despu\u00e9s del molido y la homogenizaci\u00f3n, la pasta se dirige al tarro de almacenamiento, que est\u00e1 equipado con aislamiento y mecanismos de agitaci\u00f3n para mantener una temperatura y textura consistentes.<\/p>    <p>Este tanque garantiza que la pasta de cacao permanezca uniforme y lista para los siguientes pasos de producci\u00f3n, minimizando la oxidaci\u00f3n y preservando la calidad. Funciona en conjunto con cubas de mezcla y vac\u00edo utilizadas anteriormente en el proceso para entregar una base de pasta de cacao suave, estable y de alta calidad.<\/p>    <figure class=\"wp-block-gallery has-nested-images columns-default is-cropped wp-block-gallery-4 is-layout-flex wp-block-gallery-is-layout-flex\"> <figure class=\"wp-block-image size-large\"><img loading=\"lazy\" decoding=\"async\" width=\"720\" height=\"540\" data-id=\"2052\" src=\"https:\/\/topfoodmachine.com\/wp-content\/uploads\/2025\/09\/Cocoa-butter-storage-jar-for-sale.webp\" alt=\"Tarro de almacenamiento de manteca de cacao en venta\" class=\"wp-image-2052\" srcset=\"https:\/\/topfoodmachine.com\/wp-content\/uploads\/2025\/09\/Cocoa-butter-storage-jar-for-sale.webp 720w, https:\/\/topfoodmachine.com\/wp-content\/uploads\/2025\/09\/Cocoa-butter-storage-jar-for-sale-300x225.webp 300w, https:\/\/topfoodmachine.com\/wp-content\/uploads\/2025\/09\/Cocoa-butter-storage-jar-for-sale-16x12.webp 16w\" sizes=\"auto, (max-width: 720px) 100vw, 720px\" \/><figcaption class=\"wp-element-caption\">Tarro de almacenamiento de manteca de cacao en venta<\/figcaption><\/figure>    <figure class=\"wp-block-image size-large\"><img loading=\"lazy\" decoding=\"async\" width=\"720\" height=\"540\" data-id=\"2053\" src=\"https:\/\/topfoodmachine.com\/wp-content\/uploads\/2025\/09\/Cocoa-butter-storage-jar.webp\" alt=\"Frasco de almacenamiento de manteca de cacao\" class=\"wp-image-2053\" srcset=\"https:\/\/topfoodmachine.com\/wp-content\/uploads\/2025\/09\/Cocoa-butter-storage-jar.webp 720w, https:\/\/topfoodmachine.com\/wp-content\/uploads\/2025\/09\/Cocoa-butter-storage-jar-300x225.webp 300w, https:\/\/topfoodmachine.com\/wp-content\/uploads\/2025\/09\/Cocoa-butter-storage-jar-16x12.webp 16w\" sizes=\"auto, (max-width: 720px) 100vw, 720px\" \/><figcaption class=\"wp-element-caption\">Frasco de almacenamiento de manteca de cacao<\/figcaption><\/figure> <\/figure>    <h2 class=\"wp-block-heading\">Par\u00e1metros de la l\u00ednea de producci\u00f3n de la m\u00e1quina de pasta de cacao<\/h2>    <figure class=\"wp-block-table\"><table class=\"has-fixed-layout\"><tbody><tr><td><strong>Nombre de la m\u00e1quina<\/strong><strong><\/strong><\/td><td><strong>Fuerza<\/strong><strong><\/strong><\/td><td><strong>Dimensi\u00f3n<\/strong><strong><\/strong><\/td><td><strong>Capacidad<\/strong><strong><\/strong><\/td><\/tr><tr><td>M\u00e1quina tostadora de granos de cacao<\/td><td>18kw<\/td><td>3000*1200*1700mm<\/td><td>50-500 kg\/h<\/td><\/tr><tr><td>M\u00e1quina de pelado de habas de cacao<\/td><td>0,75 kw<\/td><td>1200*1100*1200 mm<\/td><td>200-500 kg\/h<\/td><\/tr><tr><td>M\u00e1quina de molienda de granos de cacao<\/td><td>7,5 kw<\/td><td>750*450*1000 mm<\/td><td>300-1200 kg\/h<\/td><\/tr><\/tbody><\/table><figcaption class=\"wp-element-caption\">Unidades y par\u00e1metros de la m\u00e1quina de fabricaci\u00f3n de pasta de cacao<\/figcaption><\/figure>    <h2 class=\"wp-block-heading\">Ventajas de la m\u00e1quina de fabricaci\u00f3n de pasta de cacao<\/h2>    <div class=\"wp-block-media-text is-stacked-on-mobile\"><figure class=\"wp-block-media-text__media\"><img loading=\"lazy\" decoding=\"async\" width=\"720\" height=\"540\" src=\"https:\/\/topfoodmachine.com\/wp-content\/uploads\/2025\/09\/effective-Cocoa-butter-making-machine.webp\" alt=\"m\u00e1quina eficaz de fabricaci\u00f3n de pasta de cacao\" class=\"wp-image-2054 size-full\" srcset=\"https:\/\/topfoodmachine.com\/wp-content\/uploads\/2025\/09\/effective-Cocoa-butter-making-machine.webp 720w, https:\/\/topfoodmachine.com\/wp-content\/uploads\/2025\/09\/effective-Cocoa-butter-making-machine-300x225.webp 300w, https:\/\/topfoodmachine.com\/wp-content\/uploads\/2025\/09\/effective-Cocoa-butter-making-machine-16x12.webp 16w\" sizes=\"auto, (max-width: 720px) 100vw, 720px\" \/><\/figure><div class=\"wp-block-media-text__content\"> <ul class=\"wp-block-list\"> <li>Los tostadores de cadena-placa cuentan con un sistema inteligente de supresi\u00f3n de incendios que se activa de inmediato cuando se detectan temperaturas an\u00f3malas.<\/li>    <li>La m\u00e1quina peladora de granos de cacao emplea un sistema de reciclaje en circuito cerrado que recicla granos incompletamente pelados, logrando una eficiencia de hasta 99%.<\/li>    <li>La l\u00ednea de producci\u00f3n puede personalizarse por completo, permitiendo ajustar configuraciones de la m\u00e1quina y rendimiento para satisfacer necesidades espec\u00edficas.<\/li>    <li>El sistema se integra perfectamente con l\u00edneas de limpieza y clasificaci\u00f3n de granos de cacao aguas arriba y puede ampliarse para incluir la producci\u00f3n de cacao en polvo.<\/li> <\/ul> <\/div><\/div>    <h2 class=\"wp-block-heading\">Conclusi\u00f3n<\/h2>    <p class=\"translation-block\">La <a href=\"https:\/\/en.wikipedia.org\/wiki\/Cocoa\" data-type=\"link\" data-id=\"https:\/\/en.wikipedia.org\/wiki\/Cocoa\" target=\"_blank\" rel=\"noopener\">pasta de cacao<\/a> producci\u00f3n de m\u00e1quina de l\u00ednea ofrece una soluci\u00f3n completa para producir pasta de cacao de alta calidad. Ya sea para chocolate, confiter\u00eda o aplicaciones cosm\u00e9ticas, esta l\u00ednea de producci\u00f3n ofrece un rendimiento fiable y operaci\u00f3n suave.<\/p>    <p>Cont\u00e1ctenos hoy para obtener m\u00e1s informaci\u00f3n y solicitar una cotizaci\u00f3n para una soluci\u00f3n de producci\u00f3n de pasta de cacao adaptada a sus necesidades.<\/p>","protected":false},"excerpt":{"rendered":"<p>La l\u00ednea de producci\u00f3n de la m\u00e1quina de pasta de cacao es un sistema de procesamiento de cacao altamente eficiente, especialmente dise\u00f1ado para la extracci\u00f3n y producci\u00f3n de pasta de cacao. <\/p>","protected":false},"author":1,"featured_media":2043,"parent":0,"template":"","tags":[132],"product-type":[5],"class_list":["post-2041","product","type-product","status-publish","has-post-thumbnail","hentry","tag-cocoa-paste-making-machine","product-type-nuts-processing-machine"],"_links":{"self":[{"href":"https:\/\/topfoodmachine.com\/es\/wp-json\/wp\/v2\/product\/2041","targetHints":{"allow":["GET"]}}],"collection":[{"href":"https:\/\/topfoodmachine.com\/es\/wp-json\/wp\/v2\/product"}],"about":[{"href":"https:\/\/topfoodmachine.com\/es\/wp-json\/wp\/v2\/types\/product"}],"author":[{"embeddable":true,"href":"https:\/\/topfoodmachine.com\/es\/wp-json\/wp\/v2\/users\/1"}],"wp:featuredmedia":[{"embeddable":true,"href":"https:\/\/topfoodmachine.com\/es\/wp-json\/wp\/v2\/media\/2043"}],"wp:attachment":[{"href":"https:\/\/topfoodmachine.com\/es\/wp-json\/wp\/v2\/media?parent=2041"}],"wp:term":[{"taxonomy":"post_tag","embeddable":true,"href":"https:\/\/topfoodmachine.com\/es\/wp-json\/wp\/v2\/tags?post=2041"},{"taxonomy":"product-type","embeddable":true,"href":"https:\/\/topfoodmachine.com\/es\/wp-json\/wp\/v2\/product-type?post=2041"}],"curies":[{"name":"wp","href":"https:\/\/api.w.org\/{rel}","templated":true}]}}