{"id":2010,"date":"2025-09-22T18:06:48","date_gmt":"2025-09-22T10:06:48","guid":{"rendered":"https:\/\/topfoodmachine.com\/?post_type=product&#038;p=2010"},"modified":"2025-09-22T18:14:09","modified_gmt":"2025-09-22T10:14:09","slug":"cocoa-bean-sheller-machine","status":"publish","type":"product","link":"https:\/\/topfoodmachine.com\/es\/product\/cocoa-bean-sheller-machine\/","title":{"rendered":"M\u00e1quina descascaradora de granos de cacao"},"content":{"rendered":"<div class=\"kk-star-ratings kksr-auto kksr-align-left kksr-valign-top\"     data-payload='{&quot;align&quot;:&quot;left&quot;,&quot;id&quot;:&quot;2010&quot;,&quot;slug&quot;:&quot;default&quot;,&quot;valign&quot;:&quot;top&quot;,&quot;ignore&quot;:&quot;&quot;,&quot;reference&quot;:&quot;auto&quot;,&quot;class&quot;:&quot;&quot;,&quot;count&quot;:&quot;28&quot;,&quot;legendonly&quot;:&quot;&quot;,&quot;readonly&quot;:&quot;&quot;,&quot;score&quot;:&quot;4.8&quot;,&quot;starsonly&quot;:&quot;&quot;,&quot;best&quot;:&quot;5&quot;,&quot;gap&quot;:&quot;5&quot;,&quot;greet&quot;:&quot;Rate this product&quot;,&quot;legend&quot;:&quot;4.8\\\/5 - (28 votos)&quot;,&quot;size&quot;:&quot;24&quot;,&quot;title&quot;:&quot;Cocoa Bean Sheller Machine&quot;,&quot;width&quot;:&quot;136.7&quot;,&quot;_legend&quot;:&quot;{score}\\\/{best} - ({count} {votes})&quot;,&quot;font_factor&quot;:&quot;1.25&quot;}'>              <div class=\"kksr-stars\">      <div class=\"kksr-stars-inactive\">             <div class=\"kksr-star\" data-star=\"1\" style=\"padding-right: 5px\">               <div class=\"kksr-icon\" style=\"width: 24px; height: 24px;\"><\/div>         <\/div>             <div class=\"kksr-star\" data-star=\"2\" style=\"padding-right: 5px\">               <div class=\"kksr-icon\" style=\"width: 24px; height: 24px;\"><\/div>         <\/div>             <div class=\"kksr-star\" data-star=\"3\" style=\"padding-right: 5px\">               <div class=\"kksr-icon\" style=\"width: 24px; height: 24px;\"><\/div>         <\/div>             <div class=\"kksr-star\" data-star=\"4\" style=\"padding-right: 5px\">               <div class=\"kksr-icon\" style=\"width: 24px; height: 24px;\"><\/div>         <\/div>             <div class=\"kksr-star\" data-star=\"5\" style=\"padding-right: 5px\">               <div class=\"kksr-icon\" style=\"width: 24px; height: 24px;\"><\/div>         <\/div>     <\/div>      <div class=\"kksr-stars-active\" style=\"width: 136.7px;\">             <div class=\"kksr-star\" style=\"padding-right: 5px\">               <div class=\"kksr-icon\" style=\"width: 24px; height: 24px;\"><\/div>         <\/div>             <div class=\"kksr-star\" style=\"padding-right: 5px\">               <div class=\"kksr-icon\" style=\"width: 24px; height: 24px;\"><\/div>         <\/div>             <div class=\"kksr-star\" style=\"padding-right: 5px\">               <div class=\"kksr-icon\" style=\"width: 24px; height: 24px;\"><\/div>         <\/div>             <div class=\"kksr-star\" style=\"padding-right: 5px\">               <div class=\"kksr-icon\" style=\"width: 24px; height: 24px;\"><\/div>         <\/div>             <div class=\"kksr-star\" style=\"padding-right: 5px\">               <div class=\"kksr-icon\" style=\"width: 24px; height: 24px;\"><\/div>         <\/div>     <\/div> <\/div>                   <div class=\"kksr-legend\" style=\"font-size: 19.2px;\">             4,8\/5 - (28 votos)    <\/div>     <\/div>  <p class=\"translation-block\">La <strong>M\u00e1quina Descascadora de Habas de Cacao<\/strong> se utiliza principalmente para triturar, descascarar y separar nibs de las c\u00e1scaras. La m\u00e1quina presenta una estructura compacta y combina rodillos de pelado, un soplador y mallas de separaci\u00f3n, ofreciendo operaci\u00f3n simple, rendimiento estable y una alta tasa de descascarado. <\/p>    <p>Se aplica ampliamente en l\u00edneas de producci\u00f3n de chocolate y productos de cacao, mejorando eficazmente la utilizaci\u00f3n de la materia prima y la calidad del producto. <\/p>    <p class=\"translation-block\">Dependiendo del modelo, la capacidad de la m\u00e1quina oscila entre <strong>50\u20131000 kg\/h<\/strong>, con una tasa de pelado de <strong>m\u00e1s de 98%<\/strong>, y configuraciones de potencia desde <strong>0.4 kW a 4.4 kW<\/strong>, lo que la hace adecuada para una amplia gama de requisitos, desde peque\u00f1os talleres de procesamiento hasta grandes empresas de producci\u00f3n.<\/p>    <figure class=\"wp-block-embed is-type-video is-provider-youtube wp-block-embed-youtube wp-embed-aspect-9-16 wp-has-aspect-ratio\"><div class=\"wp-block-embed__wrapper\"> <iframe loading=\"lazy\" title=\"M\u00e1quina descascadora de habas de cacao a la venta \u2013 Alta velocidad y durabilidad #cocoa #beans #peanut #foodprocessing\" width=\"422\" height=\"750\" src=\"https:\/\/www.youtube.com\/embed\/qq6WWgaiWwQ?feature=oembed\" frameborder=\"0\" allow=\"accelerometer; autoplay; clipboard-write; encrypted-media; gyroscope; picture-in-picture; web-share\" referrerpolicy=\"strict-origin-when-cross-origin\" allowfullscreen><\/iframe> <\/div><figcaption class=\"wp-element-caption\">Video de trabajo de la M\u00e1quina Descascadora de Habas de Cacao<\/figcaption><\/figure>    <h2 class=\"wp-block-heading\">M\u00e1quina de pelado de habas de cacao en venta<\/h2>    <p class=\"translation-block\">Nuestra m\u00e1quina de pelado de habas de cacao separa r\u00e1pida y limpiamente las c\u00e1scaras de la porra. La m\u00e1quina est\u00e1 equipada con <strong>tres ventiladores potentes<\/strong> y <strong>tres pantallas vibratorias<\/strong>, lo que garantiza un tamizado preciso y una eliminaci\u00f3n eficaz de las c\u00e1scaras. Tambi\u00e9n cuenta con un <strong>sistema de transportador<\/strong>, que permite una alimentaci\u00f3n continua y un funcionamiento suave. <\/p>    <p class=\"translation-block\">La <strong>intensidad del flujo de aire es ajustable<\/strong>, dando a los operadores un control total sobre el proceso de pelado. En los casos en que las c\u00e1scaras no se eliminan por completo en la primera pasada, la cinta transportadora devuelve autom\u00e1ticamente las habas a la m\u00e1quina para <strong>pelado secundario<\/strong>, dando como resultado una tasa de pelado m\u00e1s limpia y alta. <\/p>    <figure class=\"wp-block-image size-full\"><img loading=\"lazy\" decoding=\"async\" width=\"720\" height=\"540\" src=\"https:\/\/topfoodmachine.com\/wp-content\/uploads\/2025\/09\/Cocoa-bean-peeling-machine-price.webp\" alt=\"Precio de la m\u00e1quina de pelado de habas de cacao\" class=\"wp-image-2013\" srcset=\"https:\/\/topfoodmachine.com\/wp-content\/uploads\/2025\/09\/Cocoa-bean-peeling-machine-price.webp 720w, https:\/\/topfoodmachine.com\/wp-content\/uploads\/2025\/09\/Cocoa-bean-peeling-machine-price-300x225.webp 300w, https:\/\/topfoodmachine.com\/wp-content\/uploads\/2025\/09\/Cocoa-bean-peeling-machine-price-16x12.webp 16w\" sizes=\"auto, (max-width: 720px) 100vw, 720px\" \/><figcaption class=\"wp-element-caption\">Precio de la m\u00e1quina de pelado de habas de cacao<\/figcaption><\/figure>    <h2 class=\"wp-block-heading\">Estructura de la m\u00e1quina descascadora de habas de cacao<\/h2>    <p class=\"translation-block\">La m\u00e1quina descascadora de habas de cacao est\u00e1 construida con una <strong>estructura compacta pero eficiente<\/strong> que integra m\u00faltiples componentes de procesamiento para asegurar un funcionamiento suave. <\/p>    <p class=\"translation-block\">Principalmente consta de una <strong>tolva de alimentaci\u00f3n<\/strong>, <strong>rodillos de pelado<\/strong>, <strong>pantallas vibratorias<\/strong>, <strong>ventiladores (sopladores)<\/strong>, y un <strong>sistema de cicl\u00f3n<\/strong> para la recogida de las c\u00e1scaras.<\/p>    <figure class=\"wp-block-image size-full\"><img loading=\"lazy\" decoding=\"async\" width=\"720\" height=\"540\" src=\"https:\/\/topfoodmachine.com\/wp-content\/uploads\/2025\/09\/Cocoa-bean-peeling-machine.webp\" alt=\"M\u00e1quina de pelado de habas de cacao\" class=\"wp-image-2014\" srcset=\"https:\/\/topfoodmachine.com\/wp-content\/uploads\/2025\/09\/Cocoa-bean-peeling-machine.webp 720w, https:\/\/topfoodmachine.com\/wp-content\/uploads\/2025\/09\/Cocoa-bean-peeling-machine-300x225.webp 300w, https:\/\/topfoodmachine.com\/wp-content\/uploads\/2025\/09\/Cocoa-bean-peeling-machine-16x12.webp 16w\" sizes=\"auto, (max-width: 720px) 100vw, 720px\" \/><figcaption class=\"wp-element-caption\">M\u00e1quina de pelado de habas de cacao<\/figcaption><\/figure>    <h2 class=\"wp-block-heading\">\u00bfC\u00f3mo funciona la m\u00e1quina descascadora de habas de cacao?<\/h2>    <div class=\"wp-block-media-text is-stacked-on-mobile\"><figure class=\"wp-block-media-text__media\"><img loading=\"lazy\" decoding=\"async\" width=\"720\" height=\"540\" src=\"https:\/\/topfoodmachine.com\/wp-content\/uploads\/2025\/09\/Cocoa-Bean-Sheller-Machine-details.webp\" alt=\"Detalles de la M\u00e1quina Descascadora de Habas de Cacao\" class=\"wp-image-2015 size-full\" srcset=\"https:\/\/topfoodmachine.com\/wp-content\/uploads\/2025\/09\/Cocoa-Bean-Sheller-Machine-details.webp 720w, https:\/\/topfoodmachine.com\/wp-content\/uploads\/2025\/09\/Cocoa-Bean-Sheller-Machine-details-300x225.webp 300w, https:\/\/topfoodmachine.com\/wp-content\/uploads\/2025\/09\/Cocoa-Bean-Sheller-Machine-details-16x12.webp 16w\" sizes=\"auto, (max-width: 720px) 100vw, 720px\" \/><\/figure><div class=\"wp-block-media-text__content\"> <ul class=\"wp-block-list\"> <li><strong>Alimentaci\u00f3n<\/strong> \u2013 Los granos de cacao se alimentan de manera uniforme en la tolva.<\/li>    <li><strong>Descascarado<\/strong> \u2013 Los granos son rodados y descascarados por los rodillos peladores.<\/li>    <li><strong>Tamizado<\/strong> \u2013 Los granos con c\u00e1scara caen sobre la criba vibratoria, donde se separan seg\u00fan diferentes tama\u00f1os de part\u00edculas.<\/li> <\/ul> <\/div><\/div>    <div class=\"wp-block-media-text has-media-on-the-right is-stacked-on-mobile\"><div class=\"wp-block-media-text__content\"> <ul class=\"wp-block-list\"> <li><strong>Remoci\u00f3n de c\u00e1scaras<\/strong> \u2013 Con la ayuda del soplador, las c\u00e1scaras separadas de diferentes tama\u00f1os son aspiradas y recolectadas en el sistema de almacenamiento en cicl\u00f3n.<\/li>    <li><strong>Descarga de nibs<\/strong> \u2013 Los nibs de cacao limpios se descargan por la salida.<\/li>    <li><strong>Ajuste<\/strong> \u2013 Mediante la regulaci\u00f3n de la intensidad del flujo de aire y la separaci\u00f3n entre los rodillos peladores, se puede lograr una separaci\u00f3n completa de c\u00e1scaras y nibs.<\/li> <\/ul> <\/div><figure class=\"wp-block-media-text__media\"><img loading=\"lazy\" decoding=\"async\" width=\"720\" height=\"540\" src=\"https:\/\/topfoodmachine.com\/wp-content\/uploads\/2025\/09\/exported-Cocoa-bean-shelling-machine.webp\" alt=\"exportada m\u00e1quina de descascarado de habas de cacao\" class=\"wp-image-2019 size-full\" srcset=\"https:\/\/topfoodmachine.com\/wp-content\/uploads\/2025\/09\/exported-Cocoa-bean-shelling-machine.webp 720w, https:\/\/topfoodmachine.com\/wp-content\/uploads\/2025\/09\/exported-Cocoa-bean-shelling-machine-300x225.webp 300w, https:\/\/topfoodmachine.com\/wp-content\/uploads\/2025\/09\/exported-Cocoa-bean-shelling-machine-16x12.webp 16w\" sizes=\"auto, (max-width: 720px) 100vw, 720px\" \/><\/figure><\/div>    <h2 class=\"wp-block-heading\">Ventajas de la m\u00e1quina descascadora de habas de cacao<\/h2>    <div class=\"wp-block-media-text is-stacked-on-mobile\"><figure class=\"wp-block-media-text__media\"><img loading=\"lazy\" decoding=\"async\" width=\"720\" height=\"540\" src=\"https:\/\/topfoodmachine.com\/wp-content\/uploads\/2025\/09\/Cocoa-Bean-Sheller-Machine-for-sale.webp\" alt=\"M\u00e1quina Descascadora de Habas de Cacao en venta\" class=\"wp-image-2016 size-full\" srcset=\"https:\/\/topfoodmachine.com\/wp-content\/uploads\/2025\/09\/Cocoa-Bean-Sheller-Machine-for-sale.webp 720w, https:\/\/topfoodmachine.com\/wp-content\/uploads\/2025\/09\/Cocoa-Bean-Sheller-Machine-for-sale-300x225.webp 300w, https:\/\/topfoodmachine.com\/wp-content\/uploads\/2025\/09\/Cocoa-Bean-Sheller-Machine-for-sale-16x12.webp 16w\" sizes=\"auto, (max-width: 720px) 100vw, 720px\" \/><\/figure><div class=\"wp-block-media-text__content\"> <ul class=\"wp-block-list\"> <li>La m\u00e1quina est\u00e1 hecha totalmente de acero inoxidable 304, asegurando durabilidad e higiene.<\/li>    <li>El alto grado de automatizaci\u00f3n permite un descascarado r\u00e1pido con poco ruido y mano de obra m\u00ednima.<\/li>    <li>Puede procesar de forma eficiente tanto habas de cacao como cacahuetes para uso industrial.<\/li> <\/ul> <\/div><\/div>    <div class=\"wp-block-media-text has-media-on-the-right is-stacked-on-mobile\"><div class=\"wp-block-media-text__content\"> <ul class=\"wp-block-list\"> <li>Un recolector de polvo por vac\u00edo integrado captura pieles rojas y mantiene el entorno limpio.<\/li>    <li>Ventiladores ajustables y pantallas vibratorias aseguran una separaci\u00f3n completa de las c\u00e1scaras con pelado secundario para habas incompletas.<\/li>    <li>F\u00e1cil operaci\u00f3n y mantenimiento reducen el tiempo de inactividad y aseguran un flujo de trabajo suave.<\/li> <\/ul> <\/div><figure class=\"wp-block-media-text__media\"><img loading=\"lazy\" decoding=\"async\" width=\"720\" height=\"540\" src=\"https:\/\/topfoodmachine.com\/wp-content\/uploads\/2025\/09\/industrial-Cocoa-bean-shelling-machine.webp\" alt=\"m\u00e1quina industrial de descascarado de habas de cacao\" class=\"wp-image-2020 size-full\" srcset=\"https:\/\/topfoodmachine.com\/wp-content\/uploads\/2025\/09\/industrial-Cocoa-bean-shelling-machine.webp 720w, https:\/\/topfoodmachine.com\/wp-content\/uploads\/2025\/09\/industrial-Cocoa-bean-shelling-machine-300x225.webp 300w, https:\/\/topfoodmachine.com\/wp-content\/uploads\/2025\/09\/industrial-Cocoa-bean-shelling-machine-16x12.webp 16w\" sizes=\"auto, (max-width: 720px) 100vw, 720px\" \/><\/figure><\/div>    <h2 class=\"wp-block-heading\">Par\u00e1metros de la m\u00e1quina descascadora de habas de cacao<\/h2>    <figure class=\"wp-block-table\"><table class=\"has-fixed-layout\"><tbody><tr><td>Modelo<\/td><td>Par\u00e1metros t\u00e9cnicos<\/td><td>Dimensiones (cm)<\/td><td>Capacidad de producci\u00f3n<\/td><td>Voltaje<\/td><td>Potencia del motor<\/td><td>Potencia del ventilador<\/td><td>Tasa de Pelado<\/td><td>Peso (kg)<\/td><\/tr><tr><td>Serie Kt-2 (B\u00e1sico)<\/td><td><strong>Modelo b\u00e1sico<\/strong><\/td><td>70*60*130<\/td><td>50-100kg\/hora<\/td><td>380V 50HZ<\/td><td>0.4KW<\/td><td>0.37KW<\/td><td>&#8211;<\/td><td>&#8211;<\/td><\/tr><tr><td>Serie Kt-2 (con cicl\u00f3n)<\/td><td><strong>Con Separador Cromado (Cyclone)<\/strong><\/td><td>100*100*130<\/td><td>50-100kg\/hora<\/td><td>380V 50HZ<\/td><td>0.4KW<\/td><td>0.37KW<\/td><td>&#8211;<\/td><td>&#8211;<\/td><\/tr><tr><td>Separador de Pelado y N\u00facleo tipo Kt-2<\/td><td><strong>Separador de Pelado y N\u00facleo<\/strong><\/td><td>120*110*120<\/td><td>200 kg\/h<\/td><td>380V<\/td><td>0,75 KW<\/td><td>0,55 KW<\/td><td>&gt;98%<\/td><td>140<\/td><\/tr><tr><td>Tipo Kt-4<\/td><td><strong>Tipo Kt-4<\/strong><\/td><td>140*60*130<\/td><td>100KG\/H<\/td><td>380V<\/td><td>0,75 KW<\/td><td>1.1KW<\/td><td>&gt;99%<\/td><td>150<\/td><\/tr><tr><td>Tipo Kt-3 Peel, Screen &amp; Kernel Separator<\/td><td><strong>Tipo Kt-3<\/strong><\/td><td>160*70*140<\/td><td>300KG\/H<\/td><td>380V<\/td><td>0,75 KW<\/td><td>1,5 KW<\/td><td>&gt;99%<\/td><td>200<\/td><\/tr><tr><td>Tipo Kt-4 Advanced Peel, Screen &amp; Kernel Separator<\/td><td><strong>Tipo Avanzado Kt-4<\/strong><\/td><td>160*100*140<\/td><td>400-500KG\/H<\/td><td>380V<\/td><td>1.1KW<\/td><td>2.2KW<\/td><td>&gt;99%<\/td><td>280<\/td><\/tr><tr><td>Tipo HB-2 Pelador en espiral<\/td><td><strong>Pelador en espiral<\/strong><\/td><td>1900*1000*1400<\/td><td>1000kg\/hora<\/td><td>380V 50HZ<\/td><td>4.4KW (motor de velocidad ajustable)<\/td><td>2.2KW<\/td><td>&#8211;<\/td><td>300<\/td><\/tr><\/tbody><\/table><figcaption class=\"wp-element-caption\">Par\u00e1metros de la m\u00e1quina descascaradora de habas de cacao<\/figcaption><\/figure>    <h2 class=\"wp-block-heading\">Consejos de uso de la m\u00e1quina descascadora de habas de cacao<\/h2>    <div class=\"wp-block-media-text is-stacked-on-mobile\"><figure class=\"wp-block-media-text__media\"><img loading=\"lazy\" decoding=\"async\" width=\"720\" height=\"540\" src=\"https:\/\/topfoodmachine.com\/wp-content\/uploads\/2025\/09\/Cocoa-bean-sheller-machine-structure.webp\" alt=\"Estructura de la m\u00e1quina descascadora de habas de cacao\" class=\"wp-image-2017 size-full\" srcset=\"https:\/\/topfoodmachine.com\/wp-content\/uploads\/2025\/09\/Cocoa-bean-sheller-machine-structure.webp 720w, https:\/\/topfoodmachine.com\/wp-content\/uploads\/2025\/09\/Cocoa-bean-sheller-machine-structure-300x225.webp 300w, https:\/\/topfoodmachine.com\/wp-content\/uploads\/2025\/09\/Cocoa-bean-sheller-machine-structure-16x12.webp 16w\" sizes=\"auto, (max-width: 720px) 100vw, 720px\" \/><\/figure><div class=\"wp-block-media-text__content\"> <ul class=\"wp-block-list\"> <li>Coloque la m\u00e1quina sobre una superficie nivelada y estable.<\/li>    <li>Asegure una ventilaci\u00f3n adecuada para evitar el sobrecalentamiento del motor.<\/li>    <li>Verifique todas las piezas, cuchillas y fijaciones antes de la operaci\u00f3n.<\/li>    <li>Evite sobrecargar las habas para prevenir atascos.<\/li> <\/ul> <\/div><\/div>    <div class=\"wp-block-media-text has-media-on-the-right is-stacked-on-mobile\"><div class=\"wp-block-media-text__content\"> <ul class=\"wp-block-list\"> <li>Use guantes de protecci\u00f3n y evite tocar piezas en movimiento.<\/li>    <li>Limpie regularmente las c\u00e1scaras de las habas y el polvo.<\/li>    <li>Realice mantenimiento de rutina de las piezas de desgaste.<\/li>    <li>Apague siempre la alimentaci\u00f3n antes de limpiar o ajustar.<\/li> <\/ul> <\/div><figure class=\"wp-block-media-text__media\"><img loading=\"lazy\" decoding=\"async\" width=\"720\" height=\"540\" src=\"https:\/\/topfoodmachine.com\/wp-content\/uploads\/2025\/09\/effective-Cocoa-bean-sheller-machine.webp\" alt=\"efectiva m\u00e1quina descascadora de habas de cacao\" class=\"wp-image-2018 size-full\" srcset=\"https:\/\/topfoodmachine.com\/wp-content\/uploads\/2025\/09\/effective-Cocoa-bean-sheller-machine.webp 720w, https:\/\/topfoodmachine.com\/wp-content\/uploads\/2025\/09\/effective-Cocoa-bean-sheller-machine-300x225.webp 300w, https:\/\/topfoodmachine.com\/wp-content\/uploads\/2025\/09\/effective-Cocoa-bean-sheller-machine-16x12.webp 16w\" sizes=\"auto, (max-width: 720px) 100vw, 720px\" \/><\/figure><\/div>    <h2 class=\"wp-block-heading\">Conclusi\u00f3n<\/h2>    <p class=\"translation-block\">La <a href=\"https:\/\/en.wikipedia.org\/wiki\/Cocoa_bean\" data-type=\"link\" data-id=\"https:\/\/en.wikipedia.org\/wiki\/Cocoa_bean\" target=\"_blank\" rel=\"noopener\">Haba de cacao<\/a>descascadora es la soluci\u00f3n perfecta para producir nibs de cacao limpios y de alta calidad con m\u00ednimo desperdicio, lo que la convierte en una opci\u00f3n ideal tanto para operaciones de cacao a peque\u00f1a escala como para procesamiento industrial. <\/p>    <p class=\"translation-block\">Adem\u00e1s, nuestra empresa ofrece una gama completa de <a href=\"https:\/\/topfoodmachine.com\/es\/products\/nuts-processing-machine\/\" data-type=\"link\" data-id=\"https:\/\/topfoodmachine.com\/products\/nuts-processing-machine\/\">maquinaria de procesamiento de frutos secos<\/a>, y le invitamos a navegar por nuestros productos y solicitar un presupuesto.<\/p>","protected":false},"excerpt":{"rendered":"<p>La M\u00e1quina Descascadora de Habas de Cacao se utiliza principalmente para triturar, descascarar y separar las nibs de las c\u00e1scaras.<\/p>","protected":false},"author":1,"featured_media":2021,"parent":0,"template":"","tags":[129],"product-type":[5],"class_list":["post-2010","product","type-product","status-publish","has-post-thumbnail","hentry","tag-cocoa-bean-sheller-machine","product-type-nuts-processing-machine"],"_links":{"self":[{"href":"https:\/\/topfoodmachine.com\/es\/wp-json\/wp\/v2\/product\/2010","targetHints":{"allow":["GET"]}}],"collection":[{"href":"https:\/\/topfoodmachine.com\/es\/wp-json\/wp\/v2\/product"}],"about":[{"href":"https:\/\/topfoodmachine.com\/es\/wp-json\/wp\/v2\/types\/product"}],"author":[{"embeddable":true,"href":"https:\/\/topfoodmachine.com\/es\/wp-json\/wp\/v2\/users\/1"}],"wp:featuredmedia":[{"embeddable":true,"href":"https:\/\/topfoodmachine.com\/es\/wp-json\/wp\/v2\/media\/2021"}],"wp:attachment":[{"href":"https:\/\/topfoodmachine.com\/es\/wp-json\/wp\/v2\/media?parent=2010"}],"wp:term":[{"taxonomy":"post_tag","embeddable":true,"href":"https:\/\/topfoodmachine.com\/es\/wp-json\/wp\/v2\/tags?post=2010"},{"taxonomy":"product-type","embeddable":true,"href":"https:\/\/topfoodmachine.com\/es\/wp-json\/wp\/v2\/product-type?post=2010"}],"curies":[{"name":"wp","href":"https:\/\/api.w.org\/{rel}","templated":true}]}}