{"id":1989,"date":"2025-08-26T10:36:55","date_gmt":"2025-08-26T02:36:55","guid":{"rendered":"https:\/\/topfoodmachine.com\/?post_type=product&#038;p=1989"},"modified":"2025-08-26T10:36:56","modified_gmt":"2025-08-26T02:36:56","slug":"sesame-seed-cleaning-machine","status":"publish","type":"product","link":"https:\/\/topfoodmachine.com\/es\/product\/sesame-seed-cleaning-machine\/","title":{"rendered":"M\u00e1quina limpiadora de semillas de s\u00e9samo"},"content":{"rendered":"<div class=\"kk-star-ratings kksr-auto kksr-align-left kksr-valign-top\"     data-payload='{&quot;align&quot;:&quot;left&quot;,&quot;id&quot;:&quot;1989&quot;,&quot;slug&quot;:&quot;default&quot;,&quot;valign&quot;:&quot;top&quot;,&quot;ignore&quot;:&quot;&quot;,&quot;reference&quot;:&quot;auto&quot;,&quot;class&quot;:&quot;&quot;,&quot;count&quot;:&quot;24&quot;,&quot;legendonly&quot;:&quot;&quot;,&quot;readonly&quot;:&quot;&quot;,&quot;score&quot;:&quot;4.5&quot;,&quot;starsonly&quot;:&quot;&quot;,&quot;best&quot;:&quot;5&quot;,&quot;gap&quot;:&quot;5&quot;,&quot;greet&quot;:&quot;Rate this product&quot;,&quot;legend&quot;:&quot;4.5\\\/5 - (24 votos)&quot;,&quot;size&quot;:&quot;24&quot;,&quot;title&quot;:&quot;Sesame seed cleaning machine&quot;,&quot;width&quot;:&quot;128&quot;,&quot;_legend&quot;:&quot;{score}\\\/{best} - ({count} {votes})&quot;,&quot;font_factor&quot;:&quot;1.25&quot;}'>              <div class=\"kksr-stars\">      <div class=\"kksr-stars-inactive\">             <div class=\"kksr-star\" data-star=\"1\" style=\"padding-right: 5px\">               <div class=\"kksr-icon\" style=\"width: 24px; height: 24px;\"><\/div>         <\/div>             <div class=\"kksr-star\" data-star=\"2\" style=\"padding-right: 5px\">               <div class=\"kksr-icon\" style=\"width: 24px; height: 24px;\"><\/div>         <\/div>             <div class=\"kksr-star\" data-star=\"3\" style=\"padding-right: 5px\">               <div class=\"kksr-icon\" style=\"width: 24px; height: 24px;\"><\/div>         <\/div>             <div class=\"kksr-star\" data-star=\"4\" style=\"padding-right: 5px\">               <div class=\"kksr-icon\" style=\"width: 24px; height: 24px;\"><\/div>         <\/div>             <div class=\"kksr-star\" data-star=\"5\" style=\"padding-right: 5px\">               <div class=\"kksr-icon\" style=\"width: 24px; height: 24px;\"><\/div>         <\/div>     <\/div>      <div class=\"kksr-stars-active\" style=\"width: 128px;\">             <div class=\"kksr-star\" style=\"padding-right: 5px\">               <div class=\"kksr-icon\" style=\"width: 24px; height: 24px;\"><\/div>         <\/div>             <div class=\"kksr-star\" style=\"padding-right: 5px\">               <div class=\"kksr-icon\" style=\"width: 24px; height: 24px;\"><\/div>         <\/div>             <div class=\"kksr-star\" style=\"padding-right: 5px\">               <div class=\"kksr-icon\" style=\"width: 24px; height: 24px;\"><\/div>         <\/div>             <div class=\"kksr-star\" style=\"padding-right: 5px\">               <div class=\"kksr-icon\" style=\"width: 24px; height: 24px;\"><\/div>         <\/div>             <div class=\"kksr-star\" style=\"padding-right: 5px\">               <div class=\"kksr-icon\" style=\"width: 24px; height: 24px;\"><\/div>         <\/div>     <\/div> <\/div>                   <div class=\"kksr-legend\" style=\"font-size: 19.2px;\">             4,5\/5 - (24 votos)    <\/div>     <\/div>  <p class=\"translation-block\">La <strong>M\u00e1quina Limpiadora de Semillas de S\u00e9samo<\/strong> puede eliminar eficazmente el polvo, las piedras y otras impurezas, preservando la calidad natural de las semillas. Con un proceso de lavado suave, una gran capacidad de procesamiento de <strong>1000 kg\/h<\/strong> y un dise\u00f1o de ahorro de agua, garantiza tanto la eficiencia como la sostenibilidad.<\/p>    <p>Fabricada en acero inoxidable de alta calidad, la m\u00e1quina ofrece una excelente higiene, durabilidad y bajos requisitos de mantenimiento. Su funcionamiento totalmente autom\u00e1tico reduce los costes de mano de obra y garantiza un rendimiento estable. <\/p>    <p>Adecuada para s\u00e9samo, as\u00ed como para una variedad de granos y semillas, esta m\u00e1quina limpiadora se utiliza ampliamente en plantas de procesamiento de alimentos e industrias agr\u00edcolas para lograr resultados de limpieza r\u00e1pidos, consistentes y de alto rendimiento.<\/p>    <figure class=\"wp-block-embed is-type-video is-provider-youtube wp-block-embed-youtube wp-embed-aspect-9-16 wp-has-aspect-ratio\"><div class=\"wp-block-embed__wrapper\"> <iframe loading=\"lazy\" title=\"C\u00f3mo funcionan las m\u00e1quinas limpiadoras de semillas de s\u00e9samo #s\u00e9samo #limpieza #procesamientodealimentos\" width=\"422\" height=\"750\" src=\"https:\/\/www.youtube.com\/embed\/cPl1BxP3rgU?feature=oembed\" frameborder=\"0\" allow=\"accelerometer; autoplay; clipboard-write; encrypted-media; gyroscope; picture-in-picture; web-share\" referrerpolicy=\"strict-origin-when-cross-origin\" allowfullscreen><\/iframe> <\/div><figcaption class=\"wp-element-caption\">V\u00eddeo de funcionamiento de la m\u00e1quina limpiadora de semillas de s\u00e9samo<\/figcaption><\/figure>    <h2 class=\"wp-block-heading\">M\u00e1quina limpiadora de semillas de s\u00e9samo en venta<\/h2>    <p class=\"translation-block\">La m\u00e1quina limpiadora de semillas de s\u00e9samo combina la alimentaci\u00f3n, la limpieza y la separaci\u00f3n en un \u00fanico proceso optimizado, garantizando que la c\u00e1scara y el grano del s\u00e9samo permanezcan intactos. Esto la hace ideal para el procesamiento primario en industrias como la producci\u00f3n de s\u00e9samo, el <a href=\"https:\/\/topfoodmachine.com\/es\/product\/peanut-roasting-machine\/\" data-type=\"link\" data-id=\"https:\/\/topfoodmachine.com\/product\/peanut-roasting-machine\/\">tostado de s\u00e9samo<\/a> y el prensado de aceite de s\u00e9samo.<\/p>    <p>Adem\u00e1s, la capacidad y el tama\u00f1o de la m\u00e1quina se pueden personalizar para satisfacer requisitos de producci\u00f3n espec\u00edficos, proporcionando una soluci\u00f3n flexible tanto para operaciones a peque\u00f1a como a gran escala.<\/p>    <figure class=\"wp-block-image size-full\"><img loading=\"lazy\" decoding=\"async\" width=\"720\" height=\"540\" src=\"https:\/\/topfoodmachine.com\/wp-content\/uploads\/2025\/08\/Sesame-seed-cleaning-machine-details.webp\" alt=\"Detalles de la m\u00e1quina limpiadora de semillas de s\u00e9samo\" class=\"wp-image-1994\" srcset=\"https:\/\/topfoodmachine.com\/wp-content\/uploads\/2025\/08\/Sesame-seed-cleaning-machine-details.webp 720w, https:\/\/topfoodmachine.com\/wp-content\/uploads\/2025\/08\/Sesame-seed-cleaning-machine-details-300x225.webp 300w, https:\/\/topfoodmachine.com\/wp-content\/uploads\/2025\/08\/Sesame-seed-cleaning-machine-details-16x12.webp 16w\" sizes=\"auto, (max-width: 720px) 100vw, 720px\" \/><figcaption class=\"wp-element-caption\">Detalles de la m\u00e1quina limpiadora de semillas de s\u00e9samo<\/figcaption><\/figure>    <h2 class=\"wp-block-heading\">Ventajas de la m\u00e1quina lavadora de s\u00e9samo<\/h2>    <div class=\"wp-block-media-text is-stacked-on-mobile\"><figure class=\"wp-block-media-text__media\"><img loading=\"lazy\" decoding=\"async\" width=\"720\" height=\"540\" src=\"https:\/\/topfoodmachine.com\/wp-content\/uploads\/2025\/08\/commercial-Sesame-washing-machine.webp\" alt=\"M\u00e1quina lavadora de s\u00e9samo comercial\" class=\"wp-image-1995 size-full\" srcset=\"https:\/\/topfoodmachine.com\/wp-content\/uploads\/2025\/08\/commercial-Sesame-washing-machine.webp 720w, https:\/\/topfoodmachine.com\/wp-content\/uploads\/2025\/08\/commercial-Sesame-washing-machine-300x225.webp 300w, https:\/\/topfoodmachine.com\/wp-content\/uploads\/2025\/08\/commercial-Sesame-washing-machine-16x12.webp 16w\" sizes=\"auto, (max-width: 720px) 100vw, 720px\" \/><\/figure><div class=\"wp-block-media-text__content\"> <ul class=\"wp-block-list\"> <li>Funciona mediante un principio de agitaci\u00f3n con cuchillas en espiral para eliminar eficazmente el polvo, la arena, las part\u00edculas de hierro, la paja, los gusanos de s\u00e9samo y otras impurezas.<\/li>    <li>Equipada con funciones autom\u00e1ticas de limpieza, separaci\u00f3n y alimentaci\u00f3n asistida por aire para una mayor eficiencia.<\/li>    <li>Fabricada en acero inoxidable, cumple las normas nacionales de higiene y garantiza la seguridad alimentaria.<\/li> <\/ul> <\/div><\/div>    <div class=\"wp-block-media-text has-media-on-the-right is-stacked-on-mobile\"><div class=\"wp-block-media-text__content\"> <ul class=\"wp-block-list\"> <li>Limpia suavemente las semillas de s\u00e9samo sin da\u00f1arlas.<\/li>    <li>Operaci\u00f3n sencilla e intuitiva, adecuada para el tratamiento previo del s\u00e9samo, tostado, extracci\u00f3n de aceite y otras industrias relacionadas.<\/li>    <li>Descarga las semillas de s\u00e9samo limpias en estado seco, ahorrando tiempo y reduciendo costes.<\/li>    <li>Mejora la eficiencia general de la producci\u00f3n con una limpieza r\u00e1pida y consistente.<\/li> <\/ul> <\/div><figure class=\"wp-block-media-text__media\"><img loading=\"lazy\" decoding=\"async\" width=\"720\" height=\"540\" src=\"https:\/\/topfoodmachine.com\/wp-content\/uploads\/2025\/08\/Sesame-seed-cleaning-machine-for-sale.webp\" alt=\"M\u00e1quina limpiadora de semillas de s\u00e9samo en venta\" class=\"wp-image-1998 size-full\" srcset=\"https:\/\/topfoodmachine.com\/wp-content\/uploads\/2025\/08\/Sesame-seed-cleaning-machine-for-sale.webp 720w, https:\/\/topfoodmachine.com\/wp-content\/uploads\/2025\/08\/Sesame-seed-cleaning-machine-for-sale-300x225.webp 300w, https:\/\/topfoodmachine.com\/wp-content\/uploads\/2025\/08\/Sesame-seed-cleaning-machine-for-sale-16x12.webp 16w\" sizes=\"auto, (max-width: 720px) 100vw, 720px\" \/><\/figure><\/div>    <h2 class=\"wp-block-heading\">\u00bfC\u00f3mo funciona la m\u00e1quina lavadora de s\u00e9samo?<\/h2>    <div class=\"wp-block-media-text is-stacked-on-mobile\"><figure class=\"wp-block-media-text__media\"><img loading=\"lazy\" decoding=\"async\" width=\"720\" height=\"540\" src=\"https:\/\/topfoodmachine.com\/wp-content\/uploads\/2025\/08\/high-capacity-Sesame-washing-machine.webp\" alt=\"M\u00e1quina lavadora de s\u00e9samo de alta capacidad\" class=\"wp-image-1996 size-full\" srcset=\"https:\/\/topfoodmachine.com\/wp-content\/uploads\/2025\/08\/high-capacity-Sesame-washing-machine.webp 720w, https:\/\/topfoodmachine.com\/wp-content\/uploads\/2025\/08\/high-capacity-Sesame-washing-machine-300x225.webp 300w, https:\/\/topfoodmachine.com\/wp-content\/uploads\/2025\/08\/high-capacity-Sesame-washing-machine-16x12.webp 16w\" sizes=\"auto, (max-width: 720px) 100vw, 720px\" \/><\/figure><div class=\"wp-block-media-text__content\"> <ul class=\"wp-block-list\"> <li>Eliminaci\u00f3n de polvo por chorro de aire. El s\u00e9samo crudo pasa por el removedor de polvo por chorro de aire para eliminar el polvo preliminar y las impurezas grandes.<\/li>    <li>Unidad de lavado. Las semillas entran en la m\u00e1quina lavadora, donde el enjuague con agua combinado con la agitaci\u00f3n mec\u00e1nica las limpia a fondo.<\/li>    <li>Separaci\u00f3n de impurezas. Durante el lavado, la suciedad, los residuos finos y las part\u00edculas ligeras se eliminan del s\u00e9samo.<\/li> <\/ul> <\/div><\/div>    <div class=\"wp-block-media-text has-media-on-the-right is-stacked-on-mobile\"><div class=\"wp-block-media-text__content\"> <ul class=\"wp-block-list\"> <li>Descarga de aguas residuales. El agua contaminada se expulsa a trav\u00e9s de la salida de agua en la parte inferior de la unidad de lavado.<\/li>    <li>Deshidrataci\u00f3n centr\u00edfuga. El s\u00e9samo limpio se transporta a la m\u00e1quina deshidratadora centr\u00edfuga para eliminar el exceso de humedad de manera eficiente.<\/li>    <li>Preparaci\u00f3n para el procesamiento posterior. Las semillas con humedad reducida est\u00e1n listas para tostar, extraer aceite u otras aplicaciones posteriores, garantizando la seguridad alimentaria y la alta calidad del producto.<\/li> <\/ul> <\/div><figure class=\"wp-block-media-text__media\"><img loading=\"lazy\" decoding=\"async\" width=\"720\" height=\"540\" src=\"https:\/\/topfoodmachine.com\/wp-content\/uploads\/2025\/08\/sesame-cleaner.webp\" alt=\"Limpiador de s\u00e9samo\" class=\"wp-image-1997 size-full\" srcset=\"https:\/\/topfoodmachine.com\/wp-content\/uploads\/2025\/08\/sesame-cleaner.webp 720w, https:\/\/topfoodmachine.com\/wp-content\/uploads\/2025\/08\/sesame-cleaner-300x225.webp 300w, https:\/\/topfoodmachine.com\/wp-content\/uploads\/2025\/08\/sesame-cleaner-16x12.webp 16w\" sizes=\"auto, (max-width: 720px) 100vw, 720px\" \/><\/figure><\/div>    <h2 class=\"wp-block-heading\">Amplias aplicaciones del limpiador de s\u00e9samo<\/h2>    <p>Las m\u00e1quinas limpiadoras de semillas de s\u00e9samo se utilizan en las industrias de procesamiento de alimentos y agr\u00edcola para eliminar impurezas como polvo, arena, hierro y paja. Garantizan semillas limpias y uniformes para el procesamiento de s\u00e9samo, la extracci\u00f3n de aceite, panader\u00edas y confiter\u00edas. <\/p>    <p>Al mejorar la higiene, reducir los residuos y aumentar la eficiencia, estas m\u00e1quinas son adecuadas tanto para la producci\u00f3n a peque\u00f1a como a gran escala y pueden procesar diversas semillas y granos peque\u00f1os.<\/p>    <figure class=\"wp-block-image size-full\"><img loading=\"lazy\" decoding=\"async\" width=\"720\" height=\"540\" src=\"https:\/\/topfoodmachine.com\/wp-content\/uploads\/2025\/08\/Sesame-seed-cleaning-machine-application.webp\" alt=\"Aplicaci\u00f3n de la m\u00e1quina limpiadora de semillas de s\u00e9samo\" class=\"wp-image-1993\" srcset=\"https:\/\/topfoodmachine.com\/wp-content\/uploads\/2025\/08\/Sesame-seed-cleaning-machine-application.webp 720w, https:\/\/topfoodmachine.com\/wp-content\/uploads\/2025\/08\/Sesame-seed-cleaning-machine-application-300x225.webp 300w, https:\/\/topfoodmachine.com\/wp-content\/uploads\/2025\/08\/Sesame-seed-cleaning-machine-application-16x12.webp 16w\" sizes=\"auto, (max-width: 720px) 100vw, 720px\" \/><figcaption class=\"wp-element-caption\">Aplicaci\u00f3n de la m\u00e1quina limpiadora de semillas de s\u00e9samo<\/figcaption><\/figure>    <h2 class=\"wp-block-heading\">Par\u00e1metros de la m\u00e1quina limpiadora de semillas de s\u00e9samo<\/h2>    <figure class=\"wp-block-table\"><table class=\"has-fixed-layout\"><tbody><tr><td>Nombre del producto<\/td><td>M\u00e1quina Limpiadora de Semillas de S\u00e9samo<\/td><\/tr><tr><td>Capacidad (kg\/h)<\/td><td>1000<\/td><\/tr><tr><td>Direcci\u00f3n del secador<\/td><td>Sentido antihorario<\/td><\/tr><tr><td>Velocidad del Eje Principal (r\/min)<\/td><td>750<\/td><\/tr><tr><td>Especificaci\u00f3n de Pel\u00edcula Seca (mm)<\/td><td>400<\/td><\/tr><tr><td>Di\u00e1metro del Tornillo de S\u00e9samo (mm)<\/td><td>140<\/td><\/tr><tr><td>Fuerza<\/td><td>1.5 kW \/ 0.55 kW<\/td><\/tr><tr><td>Dimensi\u00f3n (mm)<\/td><td>1880 \u00d7 790 \u00d7 710<\/td><\/tr><\/tbody><\/table><figcaption class=\"wp-element-caption\">Par\u00e1metros de la m\u00e1quina lavadora de semillas de s\u00e9samo<\/figcaption><\/figure>    <figure class=\"wp-block-image size-full\"><img loading=\"lazy\" decoding=\"async\" width=\"720\" height=\"540\" src=\"https:\/\/topfoodmachine.com\/wp-content\/uploads\/2025\/08\/automatic-Sesame-seed-cleaning-machine.webp\" alt=\"M\u00e1quina limpiadora de semillas de s\u00e9samo autom\u00e1tica\" class=\"wp-image-1999\" srcset=\"https:\/\/topfoodmachine.com\/wp-content\/uploads\/2025\/08\/automatic-Sesame-seed-cleaning-machine.webp 720w, https:\/\/topfoodmachine.com\/wp-content\/uploads\/2025\/08\/automatic-Sesame-seed-cleaning-machine-300x225.webp 300w, https:\/\/topfoodmachine.com\/wp-content\/uploads\/2025\/08\/automatic-Sesame-seed-cleaning-machine-16x12.webp 16w\" sizes=\"auto, (max-width: 720px) 100vw, 720px\" \/><figcaption class=\"wp-element-caption\">M\u00e1quina limpiadora de semillas de s\u00e9samo autom\u00e1tica<\/figcaption><\/figure>    <h2 class=\"wp-block-heading\">Equipo de apoyo de la m\u00e1quina limpiadora de semillas de s\u00e9samo<\/h2>    <p>La m\u00e1quina limpiadora de semillas de s\u00e9samo se puede combinar con varios dispositivos de apoyo para mejorar la eficiencia y la calidad del producto. <\/p>    <p>El elevador neum\u00e1tico presenta bajo nivel de ruido, m\u00ednima rotura y una huella compacta, y su flujo de aire ayuda a eliminar residuos ligeros como pieles rotas y hojas durante la elevaci\u00f3n. La lavadora de s\u00e9samo utiliza la baja densidad de las semillas para lavar la arena y otras impurezas con agua. <\/p>    <p>Tras el lavado, el secador emplea un cono giratorio para generar fuerza centr\u00edfuga, eliminando eficazmente el exceso de humedad. En comparaci\u00f3n con los m\u00e9todos tradicionales de control de agua, este proceso ahorra tiempo, reduce el contenido de humedad de las semillas y disminuye los costes para el tostado posterior.<\/p>    <figure class=\"wp-block-gallery has-nested-images columns-default is-cropped wp-block-gallery-2 is-layout-flex wp-block-gallery-is-layout-flex\"> <figure class=\"wp-block-image size-large\"><img loading=\"lazy\" decoding=\"async\" width=\"720\" height=\"540\" data-id=\"2000\" src=\"https:\/\/topfoodmachine.com\/wp-content\/uploads\/2025\/08\/Sesame-seed-cleaning-machine-price.webp\" alt=\"M\u00e1quina lavadora de s\u00e9samo exportada\" class=\"wp-image-2000\" srcset=\"https:\/\/topfoodmachine.com\/wp-content\/uploads\/2025\/08\/Sesame-seed-cleaning-machine-price.webp 720w, https:\/\/topfoodmachine.com\/wp-content\/uploads\/2025\/08\/Sesame-seed-cleaning-machine-price-300x225.webp 300w, https:\/\/topfoodmachine.com\/wp-content\/uploads\/2025\/08\/Sesame-seed-cleaning-machine-price-16x12.webp 16w\" sizes=\"auto, (max-width: 720px) 100vw, 720px\" \/><figcaption class=\"wp-element-caption\">M\u00e1quina lavadora de s\u00e9samo exportada<\/figcaption><\/figure>    <figure class=\"wp-block-image size-large\"><img loading=\"lazy\" decoding=\"async\" width=\"720\" height=\"540\" data-id=\"2001\" src=\"https:\/\/topfoodmachine.com\/wp-content\/uploads\/2025\/08\/Sesame-washing-machine-exported.webp\" alt=\"M\u00e1quina lavadora de s\u00e9samo exportada\" class=\"wp-image-2001\" srcset=\"https:\/\/topfoodmachine.com\/wp-content\/uploads\/2025\/08\/Sesame-washing-machine-exported.webp 720w, https:\/\/topfoodmachine.com\/wp-content\/uploads\/2025\/08\/Sesame-washing-machine-exported-300x225.webp 300w, https:\/\/topfoodmachine.com\/wp-content\/uploads\/2025\/08\/Sesame-washing-machine-exported-16x12.webp 16w\" sizes=\"auto, (max-width: 720px) 100vw, 720px\" \/><figcaption class=\"wp-element-caption\">M\u00e1quina lavadora de s\u00e9samo exportada<\/figcaption><\/figure> <\/figure>    <h2 class=\"wp-block-heading\">Conclusi\u00f3n<\/h2>    <p class=\"translation-block\">La m\u00e1quina limpiadora de semillas de <a href=\"https:\/\/en.wikipedia.org\/wiki\/Sesame\" data-type=\"link\" data-id=\"https:\/\/en.wikipedia.org\/wiki\/Sesame\" target=\"_blank\" rel=\"noopener\">s\u00e9samo<\/a> ofrece una soluci\u00f3n fiable, eficiente e higi\u00e9nica para el procesamiento del s\u00e9samo. Al combinar tecnolog\u00edas avanzadas de eliminaci\u00f3n de polvo, lavado y deshidrataci\u00f3n, garantiza semillas de alta calidad listas para tostar, extraer aceite o procesar. <\/p>    <p>Su integraci\u00f3n con equipos de apoyo, como elevadores neum\u00e1ticos y secadores, mejora la productividad, reduce la mano de obra y disminuye los costes operativos, lo que la convierte en una opci\u00f3n ideal tanto para operaciones de procesamiento de s\u00e9samo a peque\u00f1a como a gran escala.<\/p>","protected":false},"excerpt":{"rendered":"<p>La M\u00e1quina Limpiadora de Semillas de S\u00e9samo puede eliminar eficazmente el polvo, las piedras y otras impurezas, preservando la calidad natural de las semillas.<\/p>","protected":false},"author":1,"featured_media":1992,"parent":0,"template":"","tags":[126],"product-type":[5],"class_list":["post-1989","product","type-product","status-publish","has-post-thumbnail","hentry","tag-sesame-seed-cleaning-machine","product-type-nuts-processing-machine"],"_links":{"self":[{"href":"https:\/\/topfoodmachine.com\/es\/wp-json\/wp\/v2\/product\/1989","targetHints":{"allow":["GET"]}}],"collection":[{"href":"https:\/\/topfoodmachine.com\/es\/wp-json\/wp\/v2\/product"}],"about":[{"href":"https:\/\/topfoodmachine.com\/es\/wp-json\/wp\/v2\/types\/product"}],"author":[{"embeddable":true,"href":"https:\/\/topfoodmachine.com\/es\/wp-json\/wp\/v2\/users\/1"}],"wp:featuredmedia":[{"embeddable":true,"href":"https:\/\/topfoodmachine.com\/es\/wp-json\/wp\/v2\/media\/1992"}],"wp:attachment":[{"href":"https:\/\/topfoodmachine.com\/es\/wp-json\/wp\/v2\/media?parent=1989"}],"wp:term":[{"taxonomy":"post_tag","embeddable":true,"href":"https:\/\/topfoodmachine.com\/es\/wp-json\/wp\/v2\/tags?post=1989"},{"taxonomy":"product-type","embeddable":true,"href":"https:\/\/topfoodmachine.com\/es\/wp-json\/wp\/v2\/product-type?post=1989"}],"curies":[{"name":"wp","href":"https:\/\/api.w.org\/{rel}","templated":true}]}}