{"id":197,"date":"2022-07-22T09:18:18","date_gmt":"2022-07-22T09:18:18","guid":{"rendered":"https:\/\/topfoodmachine.com\/?post_type=product&#038;p=197"},"modified":"2023-06-14T14:57:19","modified_gmt":"2023-06-14T06:57:19","slug":"french-fries-production-lines","status":"publish","type":"product","link":"https:\/\/topfoodmachine.com\/es\/product\/french-fries-production-lines\/","title":{"rendered":"L\u00ednea de producci\u00f3n de papas fritas"},"content":{"rendered":"<div class=\"kk-star-ratings kksr-auto kksr-align-left kksr-valign-top\"     data-payload='{&quot;align&quot;:&quot;left&quot;,&quot;id&quot;:&quot;197&quot;,&quot;slug&quot;:&quot;default&quot;,&quot;valign&quot;:&quot;top&quot;,&quot;ignore&quot;:&quot;&quot;,&quot;reference&quot;:&quot;auto&quot;,&quot;class&quot;:&quot;&quot;,&quot;count&quot;:&quot;17&quot;,&quot;legendonly&quot;:&quot;&quot;,&quot;readonly&quot;:&quot;&quot;,&quot;score&quot;:&quot;4.9&quot;,&quot;starsonly&quot;:&quot;&quot;,&quot;best&quot;:&quot;5&quot;,&quot;gap&quot;:&quot;5&quot;,&quot;greet&quot;:&quot;Rate this product&quot;,&quot;legend&quot;:&quot;4.9\\\/5 - (17 votos)&quot;,&quot;size&quot;:&quot;24&quot;,&quot;title&quot;:&quot;French Fries Production Line&quot;,&quot;width&quot;:&quot;139.6&quot;,&quot;_legend&quot;:&quot;{score}\\\/{best} - ({count} {votes})&quot;,&quot;font_factor&quot;:&quot;1.25&quot;}'>              <div class=\"kksr-stars\">      <div class=\"kksr-stars-inactive\">             <div class=\"kksr-star\" data-star=\"1\" style=\"padding-right: 5px\">               <div class=\"kksr-icon\" style=\"width: 24px; height: 24px;\"><\/div>         <\/div>             <div class=\"kksr-star\" data-star=\"2\" style=\"padding-right: 5px\">               <div class=\"kksr-icon\" style=\"width: 24px; height: 24px;\"><\/div>         <\/div>             <div class=\"kksr-star\" data-star=\"3\" style=\"padding-right: 5px\">               <div class=\"kksr-icon\" style=\"width: 24px; height: 24px;\"><\/div>         <\/div>             <div class=\"kksr-star\" data-star=\"4\" style=\"padding-right: 5px\">               <div class=\"kksr-icon\" style=\"width: 24px; height: 24px;\"><\/div>         <\/div>             <div class=\"kksr-star\" data-star=\"5\" style=\"padding-right: 5px\">               <div class=\"kksr-icon\" style=\"width: 24px; height: 24px;\"><\/div>         <\/div>     <\/div>      <div class=\"kksr-stars-active\" style=\"width: 139.6px;\">             <div class=\"kksr-star\" style=\"padding-right: 5px\">               <div class=\"kksr-icon\" style=\"width: 24px; height: 24px;\"><\/div>         <\/div>             <div class=\"kksr-star\" style=\"padding-right: 5px\">               <div class=\"kksr-icon\" style=\"width: 24px; height: 24px;\"><\/div>         <\/div>             <div class=\"kksr-star\" style=\"padding-right: 5px\">               <div class=\"kksr-icon\" style=\"width: 24px; height: 24px;\"><\/div>         <\/div>             <div class=\"kksr-star\" style=\"padding-right: 5px\">               <div class=\"kksr-icon\" style=\"width: 24px; height: 24px;\"><\/div>         <\/div>             <div class=\"kksr-star\" style=\"padding-right: 5px\">               <div class=\"kksr-icon\" style=\"width: 24px; height: 24px;\"><\/div>         <\/div>     <\/div> <\/div>                   <div class=\"kksr-legend\" style=\"font-size: 19.2px;\">             4,9\/5 - (17 votos)    <\/div>     <\/div>  <p class=\"translation-block\"><strong>La l\u00ednea de producci\u00f3n de papas fritas<\/strong> est\u00e1 dise\u00f1ada para fabricar papas fritas congeladas de manera autom\u00e1tica y eficiente. Con material duradero y apto para alimentos, dise\u00f1o razonable y estructura maravillosa, la <strong>l\u00ednea de fabricaci\u00f3n de papas fritas<\/strong> tiene un buen rendimiento, alta eficiencia de producci\u00f3n y es f\u00e1cil de operar. Como un famoso proveedor de m\u00e1quinas para hacer papas fritas, hay <strong>l\u00edneas de producci\u00f3n de papas fritas semiautom\u00e1ticas<\/strong> y <strong>l\u00edneas de producci\u00f3n de papas fritas congeladas totalmente autom\u00e1ticas<\/strong> disponibles en nuestra f\u00e1brica. Su capacidad var\u00eda de 50 kg\/h a 1000 kg\/h. <\/p>    <p>Y apoyamos un s\u00f3lido servicio personalizado para satisfacer completamente sus demandas. Si est\u00e1 interesado en esta l\u00ednea de papas fritas, env\u00edenos un correo electr\u00f3nico o deje sus requisitos hoy para obtener m\u00e1s informaci\u00f3n.<\/p>    <h2 class=\"wp-block-heading\">Introducci\u00f3n a la l\u00ednea de procesamiento de papas fritas congeladas Taizy<\/h2>    <p>La l\u00ednea de producci\u00f3n de papas fritas congeladas o la l\u00ednea de procesamiento de papas fritas es un equipo de fabricaci\u00f3n de papas fritas de alta eficiencia. Puede ayudar a producir deliciosas papas fritas congeladas de forma continua y autom\u00e1tica. Como todos sabemos, las patatas fritas son muy populares en todo el mundo. Y una excelente m\u00e1quina para hacer papas fritas puede hacer que las papas fritas sean m\u00e1s atractivas para los clientes. Por lo tanto, puede beneficiar m\u00e1s a su negocio de patatas fritas congeladas.<\/p>    <figure class=\"wp-block-image size-full\"><img loading=\"lazy\" decoding=\"async\" width=\"1050\" height=\"591\" src=\"https:\/\/topfoodmachine.com\/wp-content\/uploads\/2022\/07\/fully-automatic-french-fries-making-line.jpg\" alt=\"l\u00ednea de producci\u00f3n de papas fritas completamente autom\u00e1tica\" class=\"wp-image-201\" srcset=\"https:\/\/topfoodmachine.com\/wp-content\/uploads\/2022\/07\/fully-automatic-french-fries-making-line.jpg 1050w, https:\/\/topfoodmachine.com\/wp-content\/uploads\/2022\/07\/fully-automatic-french-fries-making-line-300x169.jpg 300w, https:\/\/topfoodmachine.com\/wp-content\/uploads\/2022\/07\/fully-automatic-french-fries-making-line-1024x576.jpg 1024w, https:\/\/topfoodmachine.com\/wp-content\/uploads\/2022\/07\/fully-automatic-french-fries-making-line-768x432.jpg 768w\" sizes=\"auto, (max-width: 1050px) 100vw, 1050px\" \/><figcaption class=\"wp-element-caption\">l\u00ednea de producci\u00f3n de papas fritas completamente autom\u00e1tica<\/figcaption><\/figure>    <p class=\"translation-block\"><strong>Material:<\/strong> papa fresca, batata, yuca, pl\u00e1tano, etc.<\/p>    <p><strong>Capacidad de la m\u00e1quina para hacer patatas fritas Taizy:<\/strong><\/p>    <p class=\"translation-block\"><strong>L\u00ednea de producci\u00f3n de papas fritas semiautom\u00e1tica:<\/strong> 50 kg\/h, 100 kg\/h, 150 kg\/h, 200 kg\/h;<\/p>    <p class=\"translation-block\"><strong>L\u00ednea de producci\u00f3n de papas fritas congeladas totalmente autom\u00e1tica:<\/strong> 200 kg\/h, 300 kg\/h, 500 kg\/h, 800 kg\/h, 1000 kg\/h;<\/p>    <h2 class=\"wp-block-heading\">Diagrama de flujo de la l\u00ednea de producci\u00f3n autom\u00e1tica de papas fritas congeladas<\/h2>    <p><strong>Patata \u2192 pelar \u2192 cortar \u2192 escaldar \u2192 escurrir por vibraci\u00f3n \u2192 fre\u00edr \u2192 escurrir aceite por vibraci\u00f3n \u2192 congelar r\u00e1pidamente \u2192 envasar patatas fritas congeladas.<\/strong><\/p>    <h2 class=\"wp-block-heading\">Caracter\u00edsticas de rendimiento de la l\u00ednea de procesamiento de patatas fritas Taizy<\/h2>    <ol class=\"wp-block-list\" type=\"1\"> <li>La capacidad de la l\u00ednea de m\u00e1quinas para fabricar patatas fritas Taizy es de 50 kg\/h a 1000 kg\/h.<\/li>    <li>El flujo de procesamiento de papas fritas congeladas se puede personalizar; hay disponibles tipos semiautom\u00e1ticos o completamente autom\u00e1ticos.<\/li>    <li>Estructura completa de material de acero inoxidable 304, que es duradera y garantiza un buen rendimiento.<\/li>    <li>Se puede ajustar la altura, el largo y el ancho de las patatas fritas.<\/li>    <li>Al reemplazar algunas piezas de la m\u00e1quina, esta l\u00ednea de producci\u00f3n de papas fritas tambi\u00e9n puede producir papas fritas.<\/li>    <li>Esta l\u00ednea de papas fritas tiene las ventajas de alta capacidad, gran producci\u00f3n y alto nivel de automatizaci\u00f3n.<\/li> <\/ol>    <h2 class=\"wp-block-heading\">V\u00eddeo de trabajo de la l\u00ednea de producci\u00f3n de patatas fritas congeladas totalmente autom\u00e1tica<\/h2>    <figure class=\"wp-block-embed is-type-video is-provider-youtube wp-block-embed-youtube wp-embed-aspect-16-9 wp-has-aspect-ratio\"><div class=\"wp-block-embed__wrapper\"> <iframe loading=\"lazy\" title=\"L\u00ednea de producci\u00f3n de papas fritas congeladas (500kg\/h-1000kg\/h) | Planta Continua de Papas Fritas en 2021\" width=\"500\" height=\"281\" src=\"https:\/\/www.youtube.com\/embed\/JTd9SlyCaQs?feature=oembed\" frameborder=\"0\" allow=\"accelerometer; autoplay; clipboard-write; encrypted-media; gyroscope; picture-in-picture; web-share\" referrerpolicy=\"strict-origin-when-cross-origin\" allowfullscreen><\/iframe> <\/div><\/figure>    <h2 class=\"wp-block-heading\">\u00bfCu\u00e1l es el proceso de producci\u00f3n de papas fritas?<\/h2>    <h3 class=\"wp-block-heading\">1. Lavadora y peladora de patatas (lavado y pelado de patatas)<\/h3>    <p class=\"translation-block\">El primer paso en el procesamiento de papas es limpiarlas y pelarlas. La popular <a href=\"https:\/\/topfoodmachine.com\/es\/product\/fruit-and-vegetable-washing-machine\/\">m\u00e1quina autom\u00e1tica de limpieza de papas<\/a> es una m\u00e1quina de lavado tipo cepillo que puede limpiar y pelar papas r\u00e1pida y eficientemente. Coloque las papas seleccionadas (con aproximadamente un 75% de contenido de agua) en la c\u00e1mara de lavado de esta m\u00e1quina y luego encienda el interruptor de inyecci\u00f3n de agua. El cepillo de lavado est\u00e1 hecho de un material de nylon especial apto para alimentos, que puede eliminar la suciedad y la arena de la superficie de las papas y eliminar a\u00fan m\u00e1s la piel de la papa. Esta m\u00e1quina lava un lote durante 2-3 minutos aproximadamente 40 kg. La tasa de pelado de las papas puede alcanzar aproximadamente el 95%, y la tasa de p\u00e9rdida de pelado de las papas es inferior al 3%.<\/p>    <h3 class=\"wp-block-heading\">2. M\u00e1quina cortadora de patatas<\/h3>    <p>La m\u00e1quina cortadora de patatas es una importante m\u00e1quina procesadora autom\u00e1tica de patatas fritas que puede cortar patatas en tiras y rodajas finas. Para hacer patatas fritas, podemos cambiar la cuchilla de este cortapatatas para hacer tiras de patata. El tama\u00f1o real de las tiras de patata se puede ajustar antes de cortarlas. Las patatas peladas se colocan en la entrada de la m\u00e1quina y luego se elaboran los palitos de patata bajo sus cuchillas internas giratorias a alta velocidad. Las tiras de patata finales son de tama\u00f1o uniforme.<\/p>    <h3 class=\"wp-block-heading\">3. M\u00e1quina blanqueadora de tiras de patata<\/h3>    <p>La m\u00e1quina de escaldado y blanqueo de papas se utiliza principalmente para eliminar el exceso de almid\u00f3n de la superficie de las tiras de papa y prevenir la oxidaci\u00f3n y decoloraci\u00f3n de las tiras de papa. Esta m\u00e1quina se puede personalizar con m\u00e9todo de calefacci\u00f3n el\u00e9ctrica y m\u00e9todo de calefacci\u00f3n a gas licuado seg\u00fan los requisitos del cliente. Y esta l\u00ednea de procesamiento de papas fritas se puede dise\u00f1ar en m\u00faltiples cajas de procesamiento. Coloque las tiras de papa frescas en la sala de enjuague a aproximadamente 90\u2103 durante aproximadamente 0.5-1 minutos, y saque la caja de filtro interior para deshidratar.<\/p>    <h3 class=\"wp-block-heading\">4. M\u00e1quina deshidratadora de tiras de patatas<\/h3>    <p>Antes de fre\u00edr, estas tiras de patata blanqueadas conviene deshidratarlas. El objetivo principal del proceso de deshidrataci\u00f3n es eliminar el exceso de gotas de agua de la superficie de los palitos de patata para el siguiente paso de fritura. Esta m\u00e1quina deshidratadora de patatas en la l\u00ednea de producci\u00f3n de patatas fritas consta de un motor y un tambor giratorio que elimina el agua durante la rotaci\u00f3n a alta velocidad.<\/p>    <h3 class=\"wp-block-heading\">5. Freidora de tiras de patatas<\/h3>    <p>La freidora de patatas fritas, tambi\u00e9n conocida como freidora francesa, puede fre\u00edr principalmente patatas fritas o patatas fritas. La freidora de nuestra f\u00e1brica puede tener una variedad de modelos, divididos principalmente en tipo autom\u00e1tico de gran capacidad y tipo semiautom\u00e1tico peque\u00f1o. Antes de fre\u00edr patatas fritas, se debe precalentar el aceite de cocina hasta alcanzar una temperatura de fritura de unos 170 \u2103. Luego, coloque las tiras de papa deshidratadas en la c\u00e1mara de fritura y fr\u00edalas durante aproximadamente 1-2 minutos para que se doren. Luego levante el marco interior para el siguiente proceso de eliminaci\u00f3n de aceite.<\/p>    <h3 class=\"wp-block-heading\">6. M\u00e1quina desengrasadora de patatas fritas<\/h3>    <p>La m\u00e1quina desengrasadora de papas fritas es otro tipo importante de equipo para fabricar papas fritas en la l\u00ednea de producci\u00f3n de papas fritas, que puede eliminar el exceso de aceite en las papas fritas. Esta m\u00e1quina adopta el principio de eliminaci\u00f3n de aceite centr\u00edfuga de alta velocidad con alta eficiencia. De hecho, esta m\u00e1quina desengrasadora de papas fritas tiene la versatilidad de deshidratar y desengrasar en el proceso de producci\u00f3n de papas fritas.<\/p>    <h3 class=\"wp-block-heading\">7. M\u00e1quina aromatizante de patatas fritas<\/h3>    <p>Este tipo de m\u00e1quina sazonadora de patatas fritas tambi\u00e9n se llama m\u00e1quina sazonadora. Es ampliamente utilizado en diversas l\u00edneas de procesamiento de alimentos, como la l\u00ednea de procesamiento de papas fritas, la l\u00ednea de procesamiento de papas fritas, etc. Es una de las m\u00e1quinas importantes en la maquinaria de procesamiento de papas fritas. Esta m\u00e1quina sazonadora est\u00e1 compuesta por un mezclador giratorio octogonal y un cuerpo de estructura. Cuando se utiliza esta m\u00e1quina sazonadora, se colocan papas fritas y varios condimentos en la batidora giratoria. Luego, la batidora lo agita y lo hace girar continuamente durante aproximadamente 2 minutos. Finalmente se har\u00e1n unas deliciosas patatas fritas. Esta m\u00e1quina sazonadora tambi\u00e9n est\u00e1 disponible en diferentes modelos con diferentes capacidades de trabajo.<\/p>    <h3 class=\"wp-block-heading\">8. M\u00e1quina envasadora de patatas fritas<\/h3>    <p class=\"translation-block\">Para el envasado de papas fritas, podemos proporcionar varias m\u00e1quinas de envasado como <a href=\"https:\/\/tianhuipackingmachine.com\/vacuum-packaging-machines\/\" target=\"_blank\" rel=\"noreferrer noopener\">m\u00e1quina de envasado al vac\u00edo<\/a>, m\u00e1quina de envasado de <a href=\"https:\/\/tianhuipackingmachine.com\/multi-head-weigher-packing-machine\/\" target=\"_blank\" rel=\"noopener\">multi cabezal de pesaje<\/a> de alta eficiencia, y peque\u00f1a m\u00e1quina de llenado y sellado vertical. Estas m\u00e1quinas de envasado de papas fritas pueden dividir principalmente una gran cantidad de papas fritas o chips de manera cuantitativa en productos envasados individualmente. Adem\u00e1s, los patrones y letras de envasado se pueden dise\u00f1ar de acuerdo con las necesidades reales de los clientes.&nbsp;<\/p>","protected":false},"excerpt":{"rendered":"<p>French fries production line is designed to manufacture frozen french fries automatically and efficiently. With durable &amp; food-grade material, reasonable design, and wonderful structure, the french fries making line has good performance, high production efficiency, and is easy to operate. As a famous french fries making machine supplier, there are semi automatic french fries production [&hellip;]<\/p>\n","protected":false},"author":1,"featured_media":199,"parent":0,"template":"","tags":[13],"product-type":[4],"class_list":["post-197","product","type-product","status-publish","has-post-thumbnail","hentry","tag-frying-equipment","product-type-frying-equipment"],"_links":{"self":[{"href":"https:\/\/topfoodmachine.com\/es\/wp-json\/wp\/v2\/product\/197","targetHints":{"allow":["GET"]}}],"collection":[{"href":"https:\/\/topfoodmachine.com\/es\/wp-json\/wp\/v2\/product"}],"about":[{"href":"https:\/\/topfoodmachine.com\/es\/wp-json\/wp\/v2\/types\/product"}],"author":[{"embeddable":true,"href":"https:\/\/topfoodmachine.com\/es\/wp-json\/wp\/v2\/users\/1"}],"wp:featuredmedia":[{"embeddable":true,"href":"https:\/\/topfoodmachine.com\/es\/wp-json\/wp\/v2\/media\/199"}],"wp:attachment":[{"href":"https:\/\/topfoodmachine.com\/es\/wp-json\/wp\/v2\/media?parent=197"}],"wp:term":[{"taxonomy":"post_tag","embeddable":true,"href":"https:\/\/topfoodmachine.com\/es\/wp-json\/wp\/v2\/tags?post=197"},{"taxonomy":"product-type","embeddable":true,"href":"https:\/\/topfoodmachine.com\/es\/wp-json\/wp\/v2\/product-type?post=197"}],"curies":[{"name":"wp","href":"https:\/\/api.w.org\/{rel}","templated":true}]}}